{"id":8730,"date":"2021-09-29T13:04:24","date_gmt":"2021-09-29T11:04:24","guid":{"rendered":"https:\/\/www.joguinesbague.com\/sin%20categor\u00eda\/nerf-fortnite-b-ar\/"},"modified":"2022-01-07T23:00:34","modified_gmt":"2022-01-07T22:00:34","slug":"nerf-fortnite-b-ar","status":"publish","type":"product","link":"https:\/\/www.joguinesbague.com\/es\/juguetes-de-accion\/nerf-fortnite-b-ar\/","title":{"rendered":"Nerf Fortnite B-AR"},"content":{"rendered":"","protected":false},"excerpt":{"rendered":"<p>El lanzador de dardos Nerf Fortnite B-AR es una r\u00e9plica en el dise\u00f1o y en colores de una de las armas de este famoso videojuego. Tira hasta 10 dardos autom\u00e1ticamente y mide 81 cm de largo. Es la primera arma Nerf que tiene el cargador detr\u00e1s del gatillo, esto la hace un arma m\u00e1s compacta y perfecta para disparar.<\/p>\n","protected":false},"featured_media":8125,"template":"","meta":{"_acf_changed":false},"pwb-brand":[175],"product_cat":[155],"product_tag":[],"class_list":{"0":"post-8730","1":"product","2":"type-product","3":"status-publish","4":"has-post-thumbnail","6":"pwb-brand-hasbro-es","7":"product_cat-juguetes-de-accion","9":"first","10":"outofstock","11":"shipping-taxable","12":"purchasable","13":"product-type-simple"},"acf":[],"yoast_head":"<!-- This site is optimized with the Yoast SEO plugin v27.2 - https:\/\/yoast.com\/product\/yoast-seo-wordpress\/ -->\n<title>Nerf Fortnite B-AR - Joguines Bagu\u00e9<\/title>\n<meta name=\"robots\" content=\"index, follow, max-snippet:-1, max-image-preview:large, max-video-preview:-1\" \/>\n<link rel=\"canonical\" href=\"https:\/\/www.joguinesbague.com\/es\/juguetes-de-accion\/nerf-fortnite-b-ar\/\" \/>\n<meta property=\"og:locale\" content=\"es_ES\" \/>\n<meta property=\"og:type\" content=\"article\" \/>\n<meta property=\"og:title\" content=\"Nerf Fortnite B-AR - Joguines Bagu\u00e9\" \/>\n<meta property=\"og:description\" content=\"El lanzador de dardos Nerf Fortnite B-AR es una r\u00e9plica en el dise\u00f1o y en colores de una de las armas de este famoso videojuego. Tira hasta 10 dardos autom\u00e1ticamente y mide 81 cm de largo. Es la primera arma Nerf que tiene el cargador detr\u00e1s del gatillo, esto la hace un arma m\u00e1s compacta y perfecta para disparar.\" \/>\n<meta property=\"og:url\" content=\"https:\/\/www.joguinesbague.com\/es\/juguetes-de-accion\/nerf-fortnite-b-ar\/\" \/>\n<meta property=\"og:site_name\" content=\"Joguines Bagu\u00e9\" \/>\n<meta property=\"article:publisher\" content=\"https:\/\/www.facebook.com\/Joguines-Bagu%c3%a9-112374270472618\" \/>\n<meta property=\"article:modified_time\" content=\"2022-01-07T22:00:34+00:00\" \/>\n<meta property=\"og:image\" content=\"https:\/\/www.joguinesbague.com\/wp-content\/uploads\/2021\/09\/25587738_nerfbar_2.jpg\" \/>\n\t<meta property=\"og:image:width\" content=\"800\" \/>\n\t<meta property=\"og:image:height\" content=\"800\" \/>\n\t<meta property=\"og:image:type\" content=\"image\/jpeg\" \/>\n<meta name=\"twitter:card\" content=\"summary_large_image\" \/>\n<script type=\"application\/ld+json\" class=\"yoast-schema-graph\">{\"@context\":\"https:\/\/schema.org\",\"@graph\":[{\"@type\":[\"WebPage\",\"ItemPage\"],\"@id\":\"https:\/\/www.joguinesbague.com\/es\/juguetes-de-accion\/nerf-fortnite-b-ar\/\",\"url\":\"https:\/\/www.joguinesbague.com\/es\/juguetes-de-accion\/nerf-fortnite-b-ar\/\",\"name\":\"Nerf Fortnite B-AR - Joguines Bagu\u00e9\",\"isPartOf\":{\"@id\":\"https:\/\/www.joguinesbague.com\/es\/#website\"},\"primaryImageOfPage\":{\"@id\":\"https:\/\/www.joguinesbague.com\/es\/juguetes-de-accion\/nerf-fortnite-b-ar\/#primaryimage\"},\"image\":{\"@id\":\"https:\/\/www.joguinesbague.com\/es\/juguetes-de-accion\/nerf-fortnite-b-ar\/#primaryimage\"},\"thumbnailUrl\":\"https:\/\/www.joguinesbague.com\/wp-content\/uploads\/2021\/09\/25587738_nerfbar_2.jpg\",\"datePublished\":\"2021-09-29T11:04:24+00:00\",\"dateModified\":\"2022-01-07T22:00:34+00:00\",\"breadcrumb\":{\"@id\":\"https:\/\/www.joguinesbague.com\/es\/juguetes-de-accion\/nerf-fortnite-b-ar\/#breadcrumb\"},\"inLanguage\":\"es\",\"potentialAction\":[{\"@type\":\"ReadAction\",\"target\":[\"https:\/\/www.joguinesbague.com\/es\/juguetes-de-accion\/nerf-fortnite-b-ar\/\"]}]},{\"@type\":\"ImageObject\",\"inLanguage\":\"es\",\"@id\":\"https:\/\/www.joguinesbague.com\/es\/juguetes-de-accion\/nerf-fortnite-b-ar\/#primaryimage\",\"url\":\"https:\/\/www.joguinesbague.com\/wp-content\/uploads\/2021\/09\/25587738_nerfbar_2.jpg\",\"contentUrl\":\"https:\/\/www.joguinesbague.com\/wp-content\/uploads\/2021\/09\/25587738_nerfbar_2.jpg\",\"width\":800,\"height\":800},{\"@type\":\"BreadcrumbList\",\"@id\":\"https:\/\/www.joguinesbague.com\/es\/juguetes-de-accion\/nerf-fortnite-b-ar\/#breadcrumb\",\"itemListElement\":[{\"@type\":\"ListItem\",\"position\":1,\"name\":\"Inicio\",\"item\":\"https:\/\/www.joguinesbague.com\/es\/\"},{\"@type\":\"ListItem\",\"position\":2,\"name\":\"Juguetes\",\"item\":\"https:\/\/www.joguinesbague.com\/joguines\/\"},{\"@type\":\"ListItem\",\"position\":3,\"name\":\"Juguetes de acci\u00f3n\",\"item\":\"https:\/\/www.joguinesbague.com\/es\/juguetes-de-accion\/\"},{\"@type\":\"ListItem\",\"position\":4,\"name\":\"Nerf Fortnite B-AR\"}]},{\"@type\":\"WebSite\",\"@id\":\"https:\/\/www.joguinesbague.com\/es\/#website\",\"url\":\"https:\/\/www.joguinesbague.com\/es\/\",\"name\":\"Joguines Bagu\u00e9\",\"description\":\"Tienda de juguetes en la Bisbal d'Empord\u00e0\",\"publisher\":{\"@id\":\"https:\/\/www.joguinesbague.com\/es\/#organization\"},\"potentialAction\":[{\"@type\":\"SearchAction\",\"target\":{\"@type\":\"EntryPoint\",\"urlTemplate\":\"https:\/\/www.joguinesbague.com\/es\/?s={search_term_string}\"},\"query-input\":{\"@type\":\"PropertyValueSpecification\",\"valueRequired\":true,\"valueName\":\"search_term_string\"}}],\"inLanguage\":\"es\"},{\"@type\":\"Organization\",\"@id\":\"https:\/\/www.joguinesbague.com\/es\/#organization\",\"name\":\"Joguines Bagu\u00e9\",\"url\":\"https:\/\/www.joguinesbague.com\/es\/\",\"logo\":{\"@type\":\"ImageObject\",\"inLanguage\":\"es\",\"@id\":\"https:\/\/www.joguinesbague.com\/es\/#\/schema\/logo\/image\/\",\"url\":\"https:\/\/www.joguinesbague.com\/wp-content\/uploads\/2020\/09\/AF-logotip-bague-02-e1599126400733.png\",\"contentUrl\":\"https:\/\/www.joguinesbague.com\/wp-content\/uploads\/2020\/09\/AF-logotip-bague-02-e1599126400733.png\",\"width\":1024,\"height\":419,\"caption\":\"Joguines Bagu\u00e9\"},\"image\":{\"@id\":\"https:\/\/www.joguinesbague.com\/es\/#\/schema\/logo\/image\/\"},\"sameAs\":[\"https:\/\/www.facebook.com\/Joguines-Bagu\u00e9-112374270472618\",\"https:\/\/www.instagram.com\/joguinesbague\"]}]}<\/script>\n<!-- \/ Yoast SEO plugin. -->","yoast_head_json":{"title":"Nerf Fortnite B-AR - Joguines Bagu\u00e9","robots":{"index":"index","follow":"follow","max-snippet":"max-snippet:-1","max-image-preview":"max-image-preview:large","max-video-preview":"max-video-preview:-1"},"canonical":"https:\/\/www.joguinesbague.com\/es\/juguetes-de-accion\/nerf-fortnite-b-ar\/","og_locale":"es_ES","og_type":"article","og_title":"Nerf Fortnite B-AR - Joguines Bagu\u00e9","og_description":"El lanzador de dardos Nerf Fortnite B-AR es una r\u00e9plica en el dise\u00f1o y en colores de una de las armas de este famoso videojuego. Tira hasta 10 dardos autom\u00e1ticamente y mide 81 cm de largo. Es la primera arma Nerf que tiene el cargador detr\u00e1s del gatillo, esto la hace un arma m\u00e1s compacta y perfecta para disparar.","og_url":"https:\/\/www.joguinesbague.com\/es\/juguetes-de-accion\/nerf-fortnite-b-ar\/","og_site_name":"Joguines Bagu\u00e9","article_publisher":"https:\/\/www.facebook.com\/Joguines-Bagu%c3%a9-112374270472618","article_modified_time":"2022-01-07T22:00:34+00:00","og_image":[{"width":800,"height":800,"url":"https:\/\/www.joguinesbague.com\/wp-content\/uploads\/2021\/09\/25587738_nerfbar_2.jpg","type":"image\/jpeg"}],"twitter_card":"summary_large_image","schema":{"@context":"https:\/\/schema.org","@graph":[{"@type":["WebPage","ItemPage"],"@id":"https:\/\/www.joguinesbague.com\/es\/juguetes-de-accion\/nerf-fortnite-b-ar\/","url":"https:\/\/www.joguinesbague.com\/es\/juguetes-de-accion\/nerf-fortnite-b-ar\/","name":"Nerf Fortnite B-AR - Joguines Bagu\u00e9","isPartOf":{"@id":"https:\/\/www.joguinesbague.com\/es\/#website"},"primaryImageOfPage":{"@id":"https:\/\/www.joguinesbague.com\/es\/juguetes-de-accion\/nerf-fortnite-b-ar\/#primaryimage"},"image":{"@id":"https:\/\/www.joguinesbague.com\/es\/juguetes-de-accion\/nerf-fortnite-b-ar\/#primaryimage"},"thumbnailUrl":"https:\/\/www.joguinesbague.com\/wp-content\/uploads\/2021\/09\/25587738_nerfbar_2.jpg","datePublished":"2021-09-29T11:04:24+00:00","dateModified":"2022-01-07T22:00:34+00:00","breadcrumb":{"@id":"https:\/\/www.joguinesbague.com\/es\/juguetes-de-accion\/nerf-fortnite-b-ar\/#breadcrumb"},"inLanguage":"es","potentialAction":[{"@type":"ReadAction","target":["https:\/\/www.joguinesbague.com\/es\/juguetes-de-accion\/nerf-fortnite-b-ar\/"]}]},{"@type":"ImageObject","inLanguage":"es","@id":"https:\/\/www.joguinesbague.com\/es\/juguetes-de-accion\/nerf-fortnite-b-ar\/#primaryimage","url":"https:\/\/www.joguinesbague.com\/wp-content\/uploads\/2021\/09\/25587738_nerfbar_2.jpg","contentUrl":"https:\/\/www.joguinesbague.com\/wp-content\/uploads\/2021\/09\/25587738_nerfbar_2.jpg","width":800,"height":800},{"@type":"BreadcrumbList","@id":"https:\/\/www.joguinesbague.com\/es\/juguetes-de-accion\/nerf-fortnite-b-ar\/#breadcrumb","itemListElement":[{"@type":"ListItem","position":1,"name":"Inicio","item":"https:\/\/www.joguinesbague.com\/es\/"},{"@type":"ListItem","position":2,"name":"Juguetes","item":"https:\/\/www.joguinesbague.com\/joguines\/"},{"@type":"ListItem","position":3,"name":"Juguetes de acci\u00f3n","item":"https:\/\/www.joguinesbague.com\/es\/juguetes-de-accion\/"},{"@type":"ListItem","position":4,"name":"Nerf Fortnite B-AR"}]},{"@type":"WebSite","@id":"https:\/\/www.joguinesbague.com\/es\/#website","url":"https:\/\/www.joguinesbague.com\/es\/","name":"Joguines Bagu\u00e9","description":"Tienda de juguetes en la Bisbal d'Empord\u00e0","publisher":{"@id":"https:\/\/www.joguinesbague.com\/es\/#organization"},"potentialAction":[{"@type":"SearchAction","target":{"@type":"EntryPoint","urlTemplate":"https:\/\/www.joguinesbague.com\/es\/?s={search_term_string}"},"query-input":{"@type":"PropertyValueSpecification","valueRequired":true,"valueName":"search_term_string"}}],"inLanguage":"es"},{"@type":"Organization","@id":"https:\/\/www.joguinesbague.com\/es\/#organization","name":"Joguines Bagu\u00e9","url":"https:\/\/www.joguinesbague.com\/es\/","logo":{"@type":"ImageObject","inLanguage":"es","@id":"https:\/\/www.joguinesbague.com\/es\/#\/schema\/logo\/image\/","url":"https:\/\/www.joguinesbague.com\/wp-content\/uploads\/2020\/09\/AF-logotip-bague-02-e1599126400733.png","contentUrl":"https:\/\/www.joguinesbague.com\/wp-content\/uploads\/2020\/09\/AF-logotip-bague-02-e1599126400733.png","width":1024,"height":419,"caption":"Joguines Bagu\u00e9"},"image":{"@id":"https:\/\/www.joguinesbague.com\/es\/#\/schema\/logo\/image\/"},"sameAs":["https:\/\/www.facebook.com\/Joguines-Bagu\u00e9-112374270472618","https:\/\/www.instagram.com\/joguinesbague"]}]}},"brands":[{"id":175,"name":"Hasbro","slug":"hasbro-es"}],"_links":{"self":[{"href":"https:\/\/www.joguinesbague.com\/es\/wp-json\/wp\/v2\/product\/8730","targetHints":{"allow":["GET"]}}],"collection":[{"href":"https:\/\/www.joguinesbague.com\/es\/wp-json\/wp\/v2\/product"}],"about":[{"href":"https:\/\/www.joguinesbague.com\/es\/wp-json\/wp\/v2\/types\/product"}],"wp:featuredmedia":[{"embeddable":true,"href":"https:\/\/www.joguinesbague.com\/es\/wp-json\/wp\/v2\/media\/8125"}],"wp:attachment":[{"href":"https:\/\/www.joguinesbague.com\/es\/wp-json\/wp\/v2\/media?parent=8730"}],"wp:term":[{"taxonomy":"pwb-brand","embeddable":true,"href":"https:\/\/www.joguinesbague.com\/es\/wp-json\/wp\/v2\/pwb-brand?post=8730"},{"taxonomy":"product_cat","embeddable":true,"href":"https:\/\/www.joguinesbague.com\/es\/wp-json\/wp\/v2\/product_cat?post=8730"},{"taxonomy":"product_tag","embeddable":true,"href":"https:\/\/www.joguinesbague.com\/es\/wp-json\/wp\/v2\/product_tag?post=8730"}],"curies":[{"name":"wp","href":"https:\/\/api.w.org\/{rel}","templated":true}]}}