{"id":6747,"date":"2021-02-24T13:12:25","date_gmt":"2021-02-24T12:12:25","guid":{"rendered":"https:\/\/www.joguinesbague.com\/sin%20categor\u00eda\/puzle-1000-panorama-stranger-things\/"},"modified":"2022-06-14T22:25:40","modified_gmt":"2022-06-14T20:25:40","slug":"puzle-1000-panorama-stranger-things","status":"publish","type":"product","link":"https:\/\/www.joguinesbague.com\/es\/1000-a-5000-piezas\/puzle-1000-panorama-stranger-things\/","title":{"rendered":"Puzle 1000 Panorama Stranger Things"},"content":{"rendered":"","protected":false},"excerpt":{"rendered":"<p>Este puzle panor\u00e1mico con algunos de los personajes m\u00e1s importantes de la serie Stranger Things, es de alta calidad en la imagen, de gran precisi\u00f3n en los encajes de las piezas y construido con materiales reciclados.<br \/>\nLa medida del puzle son 98&#215;33 cm.<\/p>\n","protected":false},"featured_media":6748,"template":"","meta":{"_acf_changed":false},"pwb-brand":[108,190],"product_cat":[123,159,71,150],"product_tag":[],"class_list":{"0":"post-6747","1":"product","2":"type-product","3":"status-publish","4":"has-post-thumbnail","6":"pwb-brand-clementoni","7":"pwb-brand-clementoni-es","8":"product_cat-1000-a-5000-peces","9":"product_cat-1000-a-5000-piezas","10":"product_cat-puzles","11":"product_cat-todo-puzles","13":"first","14":"outofstock","15":"shipping-taxable","16":"purchasable","17":"product-type-simple"},"acf":[],"yoast_head":"<!-- This site is optimized with the Yoast SEO plugin v27.2 - https:\/\/yoast.com\/product\/yoast-seo-wordpress\/ -->\n<title>Puzle 1000 Panorama Stranger Things - Joguines Bagu\u00e9<\/title>\n<meta name=\"robots\" content=\"index, follow, max-snippet:-1, max-image-preview:large, max-video-preview:-1\" \/>\n<link rel=\"canonical\" href=\"https:\/\/www.joguinesbague.com\/es\/1000-a-5000-piezas\/puzle-1000-panorama-stranger-things\/\" \/>\n<meta property=\"og:locale\" content=\"es_ES\" \/>\n<meta property=\"og:type\" content=\"article\" \/>\n<meta property=\"og:title\" content=\"Puzle 1000 Panorama Stranger Things - Joguines Bagu\u00e9\" \/>\n<meta property=\"og:description\" content=\"Este puzle panor\u00e1mico con algunos de los personajes m\u00e1s importantes de la serie Stranger Things, es de alta calidad en la imagen, de gran precisi\u00f3n en los encajes de las piezas y construido con materiales reciclados. La medida del puzle son 98x33 cm.\" \/>\n<meta property=\"og:url\" content=\"https:\/\/www.joguinesbague.com\/es\/1000-a-5000-piezas\/puzle-1000-panorama-stranger-things\/\" \/>\n<meta property=\"og:site_name\" content=\"Joguines Bagu\u00e9\" \/>\n<meta property=\"article:publisher\" content=\"https:\/\/www.facebook.com\/Joguines-Bagu%c3%a9-112374270472618\" \/>\n<meta property=\"article:modified_time\" content=\"2022-06-14T20:25:40+00:00\" \/>\n<meta property=\"og:image\" content=\"https:\/\/www.joguinesbague.com\/wp-content\/uploads\/2021\/02\/06639548_panoramastrangerthings_0.jpg\" \/>\n\t<meta property=\"og:image:width\" content=\"800\" \/>\n\t<meta property=\"og:image:height\" content=\"800\" \/>\n\t<meta property=\"og:image:type\" content=\"image\/jpeg\" \/>\n<meta name=\"twitter:card\" content=\"summary_large_image\" \/>\n<script type=\"application\/ld+json\" class=\"yoast-schema-graph\">{\"@context\":\"https:\/\/schema.org\",\"@graph\":[{\"@type\":[\"WebPage\",\"ItemPage\"],\"@id\":\"https:\/\/www.joguinesbague.com\/es\/1000-a-5000-piezas\/puzle-1000-panorama-stranger-things\/\",\"url\":\"https:\/\/www.joguinesbague.com\/es\/1000-a-5000-piezas\/puzle-1000-panorama-stranger-things\/\",\"name\":\"Puzle 1000 Panorama Stranger Things - Joguines Bagu\u00e9\",\"isPartOf\":{\"@id\":\"https:\/\/www.joguinesbague.com\/es\/#website\"},\"primaryImageOfPage\":{\"@id\":\"https:\/\/www.joguinesbague.com\/es\/1000-a-5000-piezas\/puzle-1000-panorama-stranger-things\/#primaryimage\"},\"image\":{\"@id\":\"https:\/\/www.joguinesbague.com\/es\/1000-a-5000-piezas\/puzle-1000-panorama-stranger-things\/#primaryimage\"},\"thumbnailUrl\":\"https:\/\/www.joguinesbague.com\/wp-content\/uploads\/2021\/02\/06639548_panoramastrangerthings_0.jpg\",\"datePublished\":\"2021-02-24T12:12:25+00:00\",\"dateModified\":\"2022-06-14T20:25:40+00:00\",\"breadcrumb\":{\"@id\":\"https:\/\/www.joguinesbague.com\/es\/1000-a-5000-piezas\/puzle-1000-panorama-stranger-things\/#breadcrumb\"},\"inLanguage\":\"es\",\"potentialAction\":[{\"@type\":\"ReadAction\",\"target\":[\"https:\/\/www.joguinesbague.com\/es\/1000-a-5000-piezas\/puzle-1000-panorama-stranger-things\/\"]}]},{\"@type\":\"ImageObject\",\"inLanguage\":\"es\",\"@id\":\"https:\/\/www.joguinesbague.com\/es\/1000-a-5000-piezas\/puzle-1000-panorama-stranger-things\/#primaryimage\",\"url\":\"https:\/\/www.joguinesbague.com\/wp-content\/uploads\/2021\/02\/06639548_panoramastrangerthings_0.jpg\",\"contentUrl\":\"https:\/\/www.joguinesbague.com\/wp-content\/uploads\/2021\/02\/06639548_panoramastrangerthings_0.jpg\",\"width\":800,\"height\":800},{\"@type\":\"BreadcrumbList\",\"@id\":\"https:\/\/www.joguinesbague.com\/es\/1000-a-5000-piezas\/puzle-1000-panorama-stranger-things\/#breadcrumb\",\"itemListElement\":[{\"@type\":\"ListItem\",\"position\":1,\"name\":\"Inicio\",\"item\":\"https:\/\/www.joguinesbague.com\/es\/\"},{\"@type\":\"ListItem\",\"position\":2,\"name\":\"Juguetes\",\"item\":\"https:\/\/www.joguinesbague.com\/joguines\/\"},{\"@type\":\"ListItem\",\"position\":3,\"name\":\"Puzles\",\"item\":\"https:\/\/www.joguinesbague.com\/es\/todo-puzles\/\"},{\"@type\":\"ListItem\",\"position\":4,\"name\":\"1000 a 5000 piezas\",\"item\":\"https:\/\/www.joguinesbague.com\/es\/1000-a-5000-piezas\/\"},{\"@type\":\"ListItem\",\"position\":5,\"name\":\"Puzle 1000 Panorama Stranger Things\"}]},{\"@type\":\"WebSite\",\"@id\":\"https:\/\/www.joguinesbague.com\/es\/#website\",\"url\":\"https:\/\/www.joguinesbague.com\/es\/\",\"name\":\"Joguines Bagu\u00e9\",\"description\":\"Tienda de juguetes en la Bisbal d'Empord\u00e0\",\"publisher\":{\"@id\":\"https:\/\/www.joguinesbague.com\/es\/#organization\"},\"potentialAction\":[{\"@type\":\"SearchAction\",\"target\":{\"@type\":\"EntryPoint\",\"urlTemplate\":\"https:\/\/www.joguinesbague.com\/es\/?s={search_term_string}\"},\"query-input\":{\"@type\":\"PropertyValueSpecification\",\"valueRequired\":true,\"valueName\":\"search_term_string\"}}],\"inLanguage\":\"es\"},{\"@type\":\"Organization\",\"@id\":\"https:\/\/www.joguinesbague.com\/es\/#organization\",\"name\":\"Joguines Bagu\u00e9\",\"url\":\"https:\/\/www.joguinesbague.com\/es\/\",\"logo\":{\"@type\":\"ImageObject\",\"inLanguage\":\"es\",\"@id\":\"https:\/\/www.joguinesbague.com\/es\/#\/schema\/logo\/image\/\",\"url\":\"https:\/\/www.joguinesbague.com\/wp-content\/uploads\/2020\/09\/AF-logotip-bague-02-e1599126400733.png\",\"contentUrl\":\"https:\/\/www.joguinesbague.com\/wp-content\/uploads\/2020\/09\/AF-logotip-bague-02-e1599126400733.png\",\"width\":1024,\"height\":419,\"caption\":\"Joguines Bagu\u00e9\"},\"image\":{\"@id\":\"https:\/\/www.joguinesbague.com\/es\/#\/schema\/logo\/image\/\"},\"sameAs\":[\"https:\/\/www.facebook.com\/Joguines-Bagu\u00e9-112374270472618\",\"https:\/\/www.instagram.com\/joguinesbague\"]}]}<\/script>\n<!-- \/ Yoast SEO plugin. -->","yoast_head_json":{"title":"Puzle 1000 Panorama Stranger Things - Joguines Bagu\u00e9","robots":{"index":"index","follow":"follow","max-snippet":"max-snippet:-1","max-image-preview":"max-image-preview:large","max-video-preview":"max-video-preview:-1"},"canonical":"https:\/\/www.joguinesbague.com\/es\/1000-a-5000-piezas\/puzle-1000-panorama-stranger-things\/","og_locale":"es_ES","og_type":"article","og_title":"Puzle 1000 Panorama Stranger Things - Joguines Bagu\u00e9","og_description":"Este puzle panor\u00e1mico con algunos de los personajes m\u00e1s importantes de la serie Stranger Things, es de alta calidad en la imagen, de gran precisi\u00f3n en los encajes de las piezas y construido con materiales reciclados. La medida del puzle son 98x33 cm.","og_url":"https:\/\/www.joguinesbague.com\/es\/1000-a-5000-piezas\/puzle-1000-panorama-stranger-things\/","og_site_name":"Joguines Bagu\u00e9","article_publisher":"https:\/\/www.facebook.com\/Joguines-Bagu%c3%a9-112374270472618","article_modified_time":"2022-06-14T20:25:40+00:00","og_image":[{"width":800,"height":800,"url":"https:\/\/www.joguinesbague.com\/wp-content\/uploads\/2021\/02\/06639548_panoramastrangerthings_0.jpg","type":"image\/jpeg"}],"twitter_card":"summary_large_image","schema":{"@context":"https:\/\/schema.org","@graph":[{"@type":["WebPage","ItemPage"],"@id":"https:\/\/www.joguinesbague.com\/es\/1000-a-5000-piezas\/puzle-1000-panorama-stranger-things\/","url":"https:\/\/www.joguinesbague.com\/es\/1000-a-5000-piezas\/puzle-1000-panorama-stranger-things\/","name":"Puzle 1000 Panorama Stranger Things - Joguines Bagu\u00e9","isPartOf":{"@id":"https:\/\/www.joguinesbague.com\/es\/#website"},"primaryImageOfPage":{"@id":"https:\/\/www.joguinesbague.com\/es\/1000-a-5000-piezas\/puzle-1000-panorama-stranger-things\/#primaryimage"},"image":{"@id":"https:\/\/www.joguinesbague.com\/es\/1000-a-5000-piezas\/puzle-1000-panorama-stranger-things\/#primaryimage"},"thumbnailUrl":"https:\/\/www.joguinesbague.com\/wp-content\/uploads\/2021\/02\/06639548_panoramastrangerthings_0.jpg","datePublished":"2021-02-24T12:12:25+00:00","dateModified":"2022-06-14T20:25:40+00:00","breadcrumb":{"@id":"https:\/\/www.joguinesbague.com\/es\/1000-a-5000-piezas\/puzle-1000-panorama-stranger-things\/#breadcrumb"},"inLanguage":"es","potentialAction":[{"@type":"ReadAction","target":["https:\/\/www.joguinesbague.com\/es\/1000-a-5000-piezas\/puzle-1000-panorama-stranger-things\/"]}]},{"@type":"ImageObject","inLanguage":"es","@id":"https:\/\/www.joguinesbague.com\/es\/1000-a-5000-piezas\/puzle-1000-panorama-stranger-things\/#primaryimage","url":"https:\/\/www.joguinesbague.com\/wp-content\/uploads\/2021\/02\/06639548_panoramastrangerthings_0.jpg","contentUrl":"https:\/\/www.joguinesbague.com\/wp-content\/uploads\/2021\/02\/06639548_panoramastrangerthings_0.jpg","width":800,"height":800},{"@type":"BreadcrumbList","@id":"https:\/\/www.joguinesbague.com\/es\/1000-a-5000-piezas\/puzle-1000-panorama-stranger-things\/#breadcrumb","itemListElement":[{"@type":"ListItem","position":1,"name":"Inicio","item":"https:\/\/www.joguinesbague.com\/es\/"},{"@type":"ListItem","position":2,"name":"Juguetes","item":"https:\/\/www.joguinesbague.com\/joguines\/"},{"@type":"ListItem","position":3,"name":"Puzles","item":"https:\/\/www.joguinesbague.com\/es\/todo-puzles\/"},{"@type":"ListItem","position":4,"name":"1000 a 5000 piezas","item":"https:\/\/www.joguinesbague.com\/es\/1000-a-5000-piezas\/"},{"@type":"ListItem","position":5,"name":"Puzle 1000 Panorama Stranger Things"}]},{"@type":"WebSite","@id":"https:\/\/www.joguinesbague.com\/es\/#website","url":"https:\/\/www.joguinesbague.com\/es\/","name":"Joguines Bagu\u00e9","description":"Tienda de juguetes en la Bisbal d'Empord\u00e0","publisher":{"@id":"https:\/\/www.joguinesbague.com\/es\/#organization"},"potentialAction":[{"@type":"SearchAction","target":{"@type":"EntryPoint","urlTemplate":"https:\/\/www.joguinesbague.com\/es\/?s={search_term_string}"},"query-input":{"@type":"PropertyValueSpecification","valueRequired":true,"valueName":"search_term_string"}}],"inLanguage":"es"},{"@type":"Organization","@id":"https:\/\/www.joguinesbague.com\/es\/#organization","name":"Joguines Bagu\u00e9","url":"https:\/\/www.joguinesbague.com\/es\/","logo":{"@type":"ImageObject","inLanguage":"es","@id":"https:\/\/www.joguinesbague.com\/es\/#\/schema\/logo\/image\/","url":"https:\/\/www.joguinesbague.com\/wp-content\/uploads\/2020\/09\/AF-logotip-bague-02-e1599126400733.png","contentUrl":"https:\/\/www.joguinesbague.com\/wp-content\/uploads\/2020\/09\/AF-logotip-bague-02-e1599126400733.png","width":1024,"height":419,"caption":"Joguines Bagu\u00e9"},"image":{"@id":"https:\/\/www.joguinesbague.com\/es\/#\/schema\/logo\/image\/"},"sameAs":["https:\/\/www.facebook.com\/Joguines-Bagu\u00e9-112374270472618","https:\/\/www.instagram.com\/joguinesbague"]}]}},"brands":[{"id":108,"name":"Clementoni","slug":"clementoni"},{"id":190,"name":"Clementoni","slug":"clementoni-es"}],"_links":{"self":[{"href":"https:\/\/www.joguinesbague.com\/es\/wp-json\/wp\/v2\/product\/6747","targetHints":{"allow":["GET"]}}],"collection":[{"href":"https:\/\/www.joguinesbague.com\/es\/wp-json\/wp\/v2\/product"}],"about":[{"href":"https:\/\/www.joguinesbague.com\/es\/wp-json\/wp\/v2\/types\/product"}],"wp:featuredmedia":[{"embeddable":true,"href":"https:\/\/www.joguinesbague.com\/es\/wp-json\/wp\/v2\/media\/6748"}],"wp:attachment":[{"href":"https:\/\/www.joguinesbague.com\/es\/wp-json\/wp\/v2\/media?parent=6747"}],"wp:term":[{"taxonomy":"pwb-brand","embeddable":true,"href":"https:\/\/www.joguinesbague.com\/es\/wp-json\/wp\/v2\/pwb-brand?post=6747"},{"taxonomy":"product_cat","embeddable":true,"href":"https:\/\/www.joguinesbague.com\/es\/wp-json\/wp\/v2\/product_cat?post=6747"},{"taxonomy":"product_tag","embeddable":true,"href":"https:\/\/www.joguinesbague.com\/es\/wp-json\/wp\/v2\/product_tag?post=6747"}],"curies":[{"name":"wp","href":"https:\/\/api.w.org\/{rel}","templated":true}]}}