{"id":6683,"date":"2021-02-24T13:12:32","date_gmt":"2021-02-24T12:12:32","guid":{"rendered":"https:\/\/www.joguinesbague.com\/sin categor\u00eda\/puzle-1000-las-vegas\/"},"modified":"2021-02-24T13:12:32","modified_gmt":"2021-02-24T12:12:32","slug":"puzle-1000-las-vegas","status":"publish","type":"product","link":"https:\/\/www.joguinesbague.com\/es\/1000-a-5000-piezas\/puzle-1000-las-vegas\/","title":{"rendered":"Puzle 1000 Las Vegas"},"content":{"rendered":"","protected":false},"excerpt":{"rendered":"<p>Este puzle de las Vegas, es de alta calidad en la imagen y en los materiales y de gran precisi\u00f3n en los encajes de las piezas.<br \/>\nUna vez finalizado el puzle, cuando apagues las luces podr\u00e1s disfrutar de un impresionante efecto fluorescente.<br \/>\nLas medidas del puzle son de 68&#215;48 cm.<\/p>\n","protected":false},"featured_media":6684,"template":"","meta":{"_acf_changed":false},"pwb-brand":[174],"product_cat":[159,150],"product_tag":[],"class_list":{"0":"post-6683","1":"product","2":"type-product","3":"status-publish","4":"has-post-thumbnail","6":"pwb-brand-educa-es","7":"product_cat-1000-a-5000-piezas","8":"product_cat-todo-puzles","10":"first","11":"outofstock","12":"shipping-taxable","13":"purchasable","14":"product-type-simple"},"acf":[],"yoast_head":"<!-- This site is optimized with the Yoast SEO plugin v27.2 - https:\/\/yoast.com\/product\/yoast-seo-wordpress\/ -->\n<title>Puzle 1000 Las Vegas - Joguines Bagu\u00e9<\/title>\n<meta name=\"robots\" content=\"index, follow, max-snippet:-1, max-image-preview:large, max-video-preview:-1\" \/>\n<link rel=\"canonical\" href=\"https:\/\/www.joguinesbague.com\/es\/1000-a-5000-piezas\/puzle-1000-las-vegas\/\" \/>\n<meta property=\"og:locale\" content=\"es_ES\" \/>\n<meta property=\"og:type\" content=\"article\" \/>\n<meta property=\"og:title\" content=\"Puzle 1000 Las Vegas - Joguines Bagu\u00e9\" \/>\n<meta property=\"og:description\" content=\"Este puzle de las Vegas, es de alta calidad en la imagen y en los materiales y de gran precisi\u00f3n en los encajes de las piezas. Una vez finalizado el puzle, cuando apagues las luces podr\u00e1s disfrutar de un impresionante efecto fluorescente. Las medidas del puzle son de 68x48 cm.\" \/>\n<meta property=\"og:url\" content=\"https:\/\/www.joguinesbague.com\/es\/1000-a-5000-piezas\/puzle-1000-las-vegas\/\" \/>\n<meta property=\"og:site_name\" content=\"Joguines Bagu\u00e9\" \/>\n<meta property=\"article:publisher\" content=\"https:\/\/www.facebook.com\/Joguines-Bagu%c3%a9-112374270472618\" \/>\n<meta property=\"og:image\" content=\"https:\/\/www.joguinesbague.com\/wp-content\/uploads\/2021\/02\/04016761_lasvegas_0.jpg\" \/>\n\t<meta property=\"og:image:width\" content=\"800\" \/>\n\t<meta property=\"og:image:height\" content=\"800\" \/>\n\t<meta property=\"og:image:type\" content=\"image\/jpeg\" \/>\n<meta name=\"twitter:card\" content=\"summary_large_image\" \/>\n<script type=\"application\/ld+json\" class=\"yoast-schema-graph\">{\"@context\":\"https:\/\/schema.org\",\"@graph\":[{\"@type\":[\"WebPage\",\"ItemPage\"],\"@id\":\"https:\/\/www.joguinesbague.com\/es\/1000-a-5000-piezas\/puzle-1000-las-vegas\/\",\"url\":\"https:\/\/www.joguinesbague.com\/es\/1000-a-5000-piezas\/puzle-1000-las-vegas\/\",\"name\":\"Puzle 1000 Las Vegas - Joguines Bagu\u00e9\",\"isPartOf\":{\"@id\":\"https:\/\/www.joguinesbague.com\/es\/#website\"},\"primaryImageOfPage\":{\"@id\":\"https:\/\/www.joguinesbague.com\/es\/1000-a-5000-piezas\/puzle-1000-las-vegas\/#primaryimage\"},\"image\":{\"@id\":\"https:\/\/www.joguinesbague.com\/es\/1000-a-5000-piezas\/puzle-1000-las-vegas\/#primaryimage\"},\"thumbnailUrl\":\"https:\/\/www.joguinesbague.com\/wp-content\/uploads\/2021\/02\/04016761_lasvegas_0.jpg\",\"datePublished\":\"2021-02-24T12:12:32+00:00\",\"breadcrumb\":{\"@id\":\"https:\/\/www.joguinesbague.com\/es\/1000-a-5000-piezas\/puzle-1000-las-vegas\/#breadcrumb\"},\"inLanguage\":\"es\",\"potentialAction\":[{\"@type\":\"ReadAction\",\"target\":[\"https:\/\/www.joguinesbague.com\/es\/1000-a-5000-piezas\/puzle-1000-las-vegas\/\"]}]},{\"@type\":\"ImageObject\",\"inLanguage\":\"es\",\"@id\":\"https:\/\/www.joguinesbague.com\/es\/1000-a-5000-piezas\/puzle-1000-las-vegas\/#primaryimage\",\"url\":\"https:\/\/www.joguinesbague.com\/wp-content\/uploads\/2021\/02\/04016761_lasvegas_0.jpg\",\"contentUrl\":\"https:\/\/www.joguinesbague.com\/wp-content\/uploads\/2021\/02\/04016761_lasvegas_0.jpg\",\"width\":800,\"height\":800},{\"@type\":\"BreadcrumbList\",\"@id\":\"https:\/\/www.joguinesbague.com\/es\/1000-a-5000-piezas\/puzle-1000-las-vegas\/#breadcrumb\",\"itemListElement\":[{\"@type\":\"ListItem\",\"position\":1,\"name\":\"Inicio\",\"item\":\"https:\/\/www.joguinesbague.com\/es\/\"},{\"@type\":\"ListItem\",\"position\":2,\"name\":\"Juguetes\",\"item\":\"https:\/\/www.joguinesbague.com\/joguines\/\"},{\"@type\":\"ListItem\",\"position\":3,\"name\":\"Puzles\",\"item\":\"https:\/\/www.joguinesbague.com\/es\/todo-puzles\/\"},{\"@type\":\"ListItem\",\"position\":4,\"name\":\"1000 a 5000 piezas\",\"item\":\"https:\/\/www.joguinesbague.com\/es\/1000-a-5000-piezas\/\"},{\"@type\":\"ListItem\",\"position\":5,\"name\":\"Puzle 1000 Las Vegas\"}]},{\"@type\":\"WebSite\",\"@id\":\"https:\/\/www.joguinesbague.com\/es\/#website\",\"url\":\"https:\/\/www.joguinesbague.com\/es\/\",\"name\":\"Joguines Bagu\u00e9\",\"description\":\"Tienda de juguetes en la Bisbal d'Empord\u00e0\",\"publisher\":{\"@id\":\"https:\/\/www.joguinesbague.com\/es\/#organization\"},\"potentialAction\":[{\"@type\":\"SearchAction\",\"target\":{\"@type\":\"EntryPoint\",\"urlTemplate\":\"https:\/\/www.joguinesbague.com\/es\/?s={search_term_string}\"},\"query-input\":{\"@type\":\"PropertyValueSpecification\",\"valueRequired\":true,\"valueName\":\"search_term_string\"}}],\"inLanguage\":\"es\"},{\"@type\":\"Organization\",\"@id\":\"https:\/\/www.joguinesbague.com\/es\/#organization\",\"name\":\"Joguines Bagu\u00e9\",\"url\":\"https:\/\/www.joguinesbague.com\/es\/\",\"logo\":{\"@type\":\"ImageObject\",\"inLanguage\":\"es\",\"@id\":\"https:\/\/www.joguinesbague.com\/es\/#\/schema\/logo\/image\/\",\"url\":\"https:\/\/www.joguinesbague.com\/wp-content\/uploads\/2020\/09\/AF-logotip-bague-02-e1599126400733.png\",\"contentUrl\":\"https:\/\/www.joguinesbague.com\/wp-content\/uploads\/2020\/09\/AF-logotip-bague-02-e1599126400733.png\",\"width\":1024,\"height\":419,\"caption\":\"Joguines Bagu\u00e9\"},\"image\":{\"@id\":\"https:\/\/www.joguinesbague.com\/es\/#\/schema\/logo\/image\/\"},\"sameAs\":[\"https:\/\/www.facebook.com\/Joguines-Bagu\u00e9-112374270472618\",\"https:\/\/www.instagram.com\/joguinesbague\"]}]}<\/script>\n<!-- \/ Yoast SEO plugin. -->","yoast_head_json":{"title":"Puzle 1000 Las Vegas - Joguines Bagu\u00e9","robots":{"index":"index","follow":"follow","max-snippet":"max-snippet:-1","max-image-preview":"max-image-preview:large","max-video-preview":"max-video-preview:-1"},"canonical":"https:\/\/www.joguinesbague.com\/es\/1000-a-5000-piezas\/puzle-1000-las-vegas\/","og_locale":"es_ES","og_type":"article","og_title":"Puzle 1000 Las Vegas - Joguines Bagu\u00e9","og_description":"Este puzle de las Vegas, es de alta calidad en la imagen y en los materiales y de gran precisi\u00f3n en los encajes de las piezas. Una vez finalizado el puzle, cuando apagues las luces podr\u00e1s disfrutar de un impresionante efecto fluorescente. Las medidas del puzle son de 68x48 cm.","og_url":"https:\/\/www.joguinesbague.com\/es\/1000-a-5000-piezas\/puzle-1000-las-vegas\/","og_site_name":"Joguines Bagu\u00e9","article_publisher":"https:\/\/www.facebook.com\/Joguines-Bagu%c3%a9-112374270472618","og_image":[{"width":800,"height":800,"url":"https:\/\/www.joguinesbague.com\/wp-content\/uploads\/2021\/02\/04016761_lasvegas_0.jpg","type":"image\/jpeg"}],"twitter_card":"summary_large_image","schema":{"@context":"https:\/\/schema.org","@graph":[{"@type":["WebPage","ItemPage"],"@id":"https:\/\/www.joguinesbague.com\/es\/1000-a-5000-piezas\/puzle-1000-las-vegas\/","url":"https:\/\/www.joguinesbague.com\/es\/1000-a-5000-piezas\/puzle-1000-las-vegas\/","name":"Puzle 1000 Las Vegas - Joguines Bagu\u00e9","isPartOf":{"@id":"https:\/\/www.joguinesbague.com\/es\/#website"},"primaryImageOfPage":{"@id":"https:\/\/www.joguinesbague.com\/es\/1000-a-5000-piezas\/puzle-1000-las-vegas\/#primaryimage"},"image":{"@id":"https:\/\/www.joguinesbague.com\/es\/1000-a-5000-piezas\/puzle-1000-las-vegas\/#primaryimage"},"thumbnailUrl":"https:\/\/www.joguinesbague.com\/wp-content\/uploads\/2021\/02\/04016761_lasvegas_0.jpg","datePublished":"2021-02-24T12:12:32+00:00","breadcrumb":{"@id":"https:\/\/www.joguinesbague.com\/es\/1000-a-5000-piezas\/puzle-1000-las-vegas\/#breadcrumb"},"inLanguage":"es","potentialAction":[{"@type":"ReadAction","target":["https:\/\/www.joguinesbague.com\/es\/1000-a-5000-piezas\/puzle-1000-las-vegas\/"]}]},{"@type":"ImageObject","inLanguage":"es","@id":"https:\/\/www.joguinesbague.com\/es\/1000-a-5000-piezas\/puzle-1000-las-vegas\/#primaryimage","url":"https:\/\/www.joguinesbague.com\/wp-content\/uploads\/2021\/02\/04016761_lasvegas_0.jpg","contentUrl":"https:\/\/www.joguinesbague.com\/wp-content\/uploads\/2021\/02\/04016761_lasvegas_0.jpg","width":800,"height":800},{"@type":"BreadcrumbList","@id":"https:\/\/www.joguinesbague.com\/es\/1000-a-5000-piezas\/puzle-1000-las-vegas\/#breadcrumb","itemListElement":[{"@type":"ListItem","position":1,"name":"Inicio","item":"https:\/\/www.joguinesbague.com\/es\/"},{"@type":"ListItem","position":2,"name":"Juguetes","item":"https:\/\/www.joguinesbague.com\/joguines\/"},{"@type":"ListItem","position":3,"name":"Puzles","item":"https:\/\/www.joguinesbague.com\/es\/todo-puzles\/"},{"@type":"ListItem","position":4,"name":"1000 a 5000 piezas","item":"https:\/\/www.joguinesbague.com\/es\/1000-a-5000-piezas\/"},{"@type":"ListItem","position":5,"name":"Puzle 1000 Las Vegas"}]},{"@type":"WebSite","@id":"https:\/\/www.joguinesbague.com\/es\/#website","url":"https:\/\/www.joguinesbague.com\/es\/","name":"Joguines Bagu\u00e9","description":"Tienda de juguetes en la Bisbal d'Empord\u00e0","publisher":{"@id":"https:\/\/www.joguinesbague.com\/es\/#organization"},"potentialAction":[{"@type":"SearchAction","target":{"@type":"EntryPoint","urlTemplate":"https:\/\/www.joguinesbague.com\/es\/?s={search_term_string}"},"query-input":{"@type":"PropertyValueSpecification","valueRequired":true,"valueName":"search_term_string"}}],"inLanguage":"es"},{"@type":"Organization","@id":"https:\/\/www.joguinesbague.com\/es\/#organization","name":"Joguines Bagu\u00e9","url":"https:\/\/www.joguinesbague.com\/es\/","logo":{"@type":"ImageObject","inLanguage":"es","@id":"https:\/\/www.joguinesbague.com\/es\/#\/schema\/logo\/image\/","url":"https:\/\/www.joguinesbague.com\/wp-content\/uploads\/2020\/09\/AF-logotip-bague-02-e1599126400733.png","contentUrl":"https:\/\/www.joguinesbague.com\/wp-content\/uploads\/2020\/09\/AF-logotip-bague-02-e1599126400733.png","width":1024,"height":419,"caption":"Joguines Bagu\u00e9"},"image":{"@id":"https:\/\/www.joguinesbague.com\/es\/#\/schema\/logo\/image\/"},"sameAs":["https:\/\/www.facebook.com\/Joguines-Bagu\u00e9-112374270472618","https:\/\/www.instagram.com\/joguinesbague"]}]}},"brands":[{"id":174,"name":"Educa","slug":"educa-es"}],"_links":{"self":[{"href":"https:\/\/www.joguinesbague.com\/es\/wp-json\/wp\/v2\/product\/6683","targetHints":{"allow":["GET"]}}],"collection":[{"href":"https:\/\/www.joguinesbague.com\/es\/wp-json\/wp\/v2\/product"}],"about":[{"href":"https:\/\/www.joguinesbague.com\/es\/wp-json\/wp\/v2\/types\/product"}],"wp:featuredmedia":[{"embeddable":true,"href":"https:\/\/www.joguinesbague.com\/es\/wp-json\/wp\/v2\/media\/6684"}],"wp:attachment":[{"href":"https:\/\/www.joguinesbague.com\/es\/wp-json\/wp\/v2\/media?parent=6683"}],"wp:term":[{"taxonomy":"pwb-brand","embeddable":true,"href":"https:\/\/www.joguinesbague.com\/es\/wp-json\/wp\/v2\/pwb-brand?post=6683"},{"taxonomy":"product_cat","embeddable":true,"href":"https:\/\/www.joguinesbague.com\/es\/wp-json\/wp\/v2\/product_cat?post=6683"},{"taxonomy":"product_tag","embeddable":true,"href":"https:\/\/www.joguinesbague.com\/es\/wp-json\/wp\/v2\/product_tag?post=6683"}],"curies":[{"name":"wp","href":"https:\/\/api.w.org\/{rel}","templated":true}]}}