{"id":6289,"date":"2021-01-29T11:39:47","date_gmt":"2021-01-29T10:39:47","guid":{"rendered":"https:\/\/www.joguinesbague.com\/sin%20categor\u00eda\/timeline-clasico-eco\/"},"modified":"2022-03-18T12:54:53","modified_gmt":"2022-03-18T11:54:53","slug":"timeline-clasico-eco","status":"publish","type":"product","link":"https:\/\/www.joguinesbague.com\/es\/juegos-de-mesa\/timeline-clasico-eco\/","title":{"rendered":"Timeline Cl\u00e1sico ECO"},"content":{"rendered":"","protected":false},"excerpt":{"rendered":"<p>\u00bfSe pod\u00eda beber champ\u00e1n cuando Darwin creo la teor\u00eda de la evoluci\u00f3n? S\u00e9 el primero en colocar todas tus cartas de hechos hist\u00f3ricos en la l\u00ednea del tiempo.<br \/>\nPuedes hacer que este juego sea m\u00e1s complicado mezclando cartas de diferentes Timeline.<\/p>\n","protected":false},"featured_media":6290,"template":"","meta":{"_acf_changed":false},"pwb-brand":[170],"product_cat":[415,306,149],"product_tag":[],"class_list":{"0":"post-6289","1":"product","2":"type-product","3":"status-publish","4":"has-post-thumbnail","6":"pwb-brand-asmodee-es","7":"product_cat-7-8-anos","8":"product_cat-juegos-de-cartas","9":"product_cat-juegos-de-mesa","11":"first","12":"outofstock","13":"shipping-taxable","14":"purchasable","15":"product-type-simple"},"acf":[],"yoast_head":"<!-- This site is optimized with the Yoast SEO plugin v27.2 - https:\/\/yoast.com\/product\/yoast-seo-wordpress\/ -->\n<title>Timeline Cl\u00e1sico ECO - Joguines Bagu\u00e9<\/title>\n<meta name=\"robots\" content=\"index, follow, max-snippet:-1, max-image-preview:large, max-video-preview:-1\" \/>\n<link rel=\"canonical\" href=\"https:\/\/www.joguinesbague.com\/es\/juegos-de-mesa\/timeline-clasico-eco\/\" \/>\n<meta property=\"og:locale\" content=\"es_ES\" \/>\n<meta property=\"og:type\" content=\"article\" \/>\n<meta property=\"og:title\" content=\"Timeline Cl\u00e1sico ECO - Joguines Bagu\u00e9\" \/>\n<meta property=\"og:description\" content=\"\u00bfSe pod\u00eda beber champ\u00e1n cuando Darwin creo la teor\u00eda de la evoluci\u00f3n? S\u00e9 el primero en colocar todas tus cartas de hechos hist\u00f3ricos en la l\u00ednea del tiempo. Puedes hacer que este juego sea m\u00e1s complicado mezclando cartas de diferentes Timeline.\" \/>\n<meta property=\"og:url\" content=\"https:\/\/www.joguinesbague.com\/es\/juegos-de-mesa\/timeline-clasico-eco\/\" \/>\n<meta property=\"og:site_name\" content=\"Joguines Bagu\u00e9\" \/>\n<meta property=\"article:publisher\" content=\"https:\/\/www.facebook.com\/Joguines-Bagu%c3%a9-112374270472618\" \/>\n<meta property=\"article:modified_time\" content=\"2022-03-18T11:54:53+00:00\" \/>\n<meta property=\"og:image\" content=\"https:\/\/www.joguinesbague.com\/wp-content\/uploads\/2021\/01\/50307780_timelineclasico_0.jpg\" \/>\n\t<meta property=\"og:image:width\" content=\"1024\" \/>\n\t<meta property=\"og:image:height\" content=\"1024\" \/>\n\t<meta property=\"og:image:type\" content=\"image\/jpeg\" \/>\n<meta name=\"twitter:card\" content=\"summary_large_image\" \/>\n<script type=\"application\/ld+json\" class=\"yoast-schema-graph\">{\"@context\":\"https:\/\/schema.org\",\"@graph\":[{\"@type\":[\"WebPage\",\"ItemPage\"],\"@id\":\"https:\/\/www.joguinesbague.com\/es\/juegos-de-mesa\/timeline-clasico-eco\/\",\"url\":\"https:\/\/www.joguinesbague.com\/es\/juegos-de-mesa\/timeline-clasico-eco\/\",\"name\":\"Timeline Cl\u00e1sico ECO - Joguines Bagu\u00e9\",\"isPartOf\":{\"@id\":\"https:\/\/www.joguinesbague.com\/es\/#website\"},\"primaryImageOfPage\":{\"@id\":\"https:\/\/www.joguinesbague.com\/es\/juegos-de-mesa\/timeline-clasico-eco\/#primaryimage\"},\"image\":{\"@id\":\"https:\/\/www.joguinesbague.com\/es\/juegos-de-mesa\/timeline-clasico-eco\/#primaryimage\"},\"thumbnailUrl\":\"https:\/\/www.joguinesbague.com\/wp-content\/uploads\/2021\/01\/50307780_timelineclasico_0.jpg\",\"datePublished\":\"2021-01-29T10:39:47+00:00\",\"dateModified\":\"2022-03-18T11:54:53+00:00\",\"breadcrumb\":{\"@id\":\"https:\/\/www.joguinesbague.com\/es\/juegos-de-mesa\/timeline-clasico-eco\/#breadcrumb\"},\"inLanguage\":\"es\",\"potentialAction\":[{\"@type\":\"ReadAction\",\"target\":[\"https:\/\/www.joguinesbague.com\/es\/juegos-de-mesa\/timeline-clasico-eco\/\"]}]},{\"@type\":\"ImageObject\",\"inLanguage\":\"es\",\"@id\":\"https:\/\/www.joguinesbague.com\/es\/juegos-de-mesa\/timeline-clasico-eco\/#primaryimage\",\"url\":\"https:\/\/www.joguinesbague.com\/wp-content\/uploads\/2021\/01\/50307780_timelineclasico_0.jpg\",\"contentUrl\":\"https:\/\/www.joguinesbague.com\/wp-content\/uploads\/2021\/01\/50307780_timelineclasico_0.jpg\",\"width\":1024,\"height\":1024},{\"@type\":\"BreadcrumbList\",\"@id\":\"https:\/\/www.joguinesbague.com\/es\/juegos-de-mesa\/timeline-clasico-eco\/#breadcrumb\",\"itemListElement\":[{\"@type\":\"ListItem\",\"position\":1,\"name\":\"Inicio\",\"item\":\"https:\/\/www.joguinesbague.com\/es\/\"},{\"@type\":\"ListItem\",\"position\":2,\"name\":\"Juguetes\",\"item\":\"https:\/\/www.joguinesbague.com\/joguines\/\"},{\"@type\":\"ListItem\",\"position\":3,\"name\":\"Juegos de mesa\",\"item\":\"https:\/\/www.joguinesbague.com\/es\/juegos-de-mesa\/\"},{\"@type\":\"ListItem\",\"position\":4,\"name\":\"Timeline Cl\u00e1sico ECO\"}]},{\"@type\":\"WebSite\",\"@id\":\"https:\/\/www.joguinesbague.com\/es\/#website\",\"url\":\"https:\/\/www.joguinesbague.com\/es\/\",\"name\":\"Joguines Bagu\u00e9\",\"description\":\"Tienda de juguetes en la Bisbal d'Empord\u00e0\",\"publisher\":{\"@id\":\"https:\/\/www.joguinesbague.com\/es\/#organization\"},\"potentialAction\":[{\"@type\":\"SearchAction\",\"target\":{\"@type\":\"EntryPoint\",\"urlTemplate\":\"https:\/\/www.joguinesbague.com\/es\/?s={search_term_string}\"},\"query-input\":{\"@type\":\"PropertyValueSpecification\",\"valueRequired\":true,\"valueName\":\"search_term_string\"}}],\"inLanguage\":\"es\"},{\"@type\":\"Organization\",\"@id\":\"https:\/\/www.joguinesbague.com\/es\/#organization\",\"name\":\"Joguines Bagu\u00e9\",\"url\":\"https:\/\/www.joguinesbague.com\/es\/\",\"logo\":{\"@type\":\"ImageObject\",\"inLanguage\":\"es\",\"@id\":\"https:\/\/www.joguinesbague.com\/es\/#\/schema\/logo\/image\/\",\"url\":\"https:\/\/www.joguinesbague.com\/wp-content\/uploads\/2020\/09\/AF-logotip-bague-02-e1599126400733.png\",\"contentUrl\":\"https:\/\/www.joguinesbague.com\/wp-content\/uploads\/2020\/09\/AF-logotip-bague-02-e1599126400733.png\",\"width\":1024,\"height\":419,\"caption\":\"Joguines Bagu\u00e9\"},\"image\":{\"@id\":\"https:\/\/www.joguinesbague.com\/es\/#\/schema\/logo\/image\/\"},\"sameAs\":[\"https:\/\/www.facebook.com\/Joguines-Bagu\u00e9-112374270472618\",\"https:\/\/www.instagram.com\/joguinesbague\"]}]}<\/script>\n<!-- \/ Yoast SEO plugin. -->","yoast_head_json":{"title":"Timeline Cl\u00e1sico ECO - Joguines Bagu\u00e9","robots":{"index":"index","follow":"follow","max-snippet":"max-snippet:-1","max-image-preview":"max-image-preview:large","max-video-preview":"max-video-preview:-1"},"canonical":"https:\/\/www.joguinesbague.com\/es\/juegos-de-mesa\/timeline-clasico-eco\/","og_locale":"es_ES","og_type":"article","og_title":"Timeline Cl\u00e1sico ECO - Joguines Bagu\u00e9","og_description":"\u00bfSe pod\u00eda beber champ\u00e1n cuando Darwin creo la teor\u00eda de la evoluci\u00f3n? S\u00e9 el primero en colocar todas tus cartas de hechos hist\u00f3ricos en la l\u00ednea del tiempo. Puedes hacer que este juego sea m\u00e1s complicado mezclando cartas de diferentes Timeline.","og_url":"https:\/\/www.joguinesbague.com\/es\/juegos-de-mesa\/timeline-clasico-eco\/","og_site_name":"Joguines Bagu\u00e9","article_publisher":"https:\/\/www.facebook.com\/Joguines-Bagu%c3%a9-112374270472618","article_modified_time":"2022-03-18T11:54:53+00:00","og_image":[{"width":1024,"height":1024,"url":"https:\/\/www.joguinesbague.com\/wp-content\/uploads\/2021\/01\/50307780_timelineclasico_0.jpg","type":"image\/jpeg"}],"twitter_card":"summary_large_image","schema":{"@context":"https:\/\/schema.org","@graph":[{"@type":["WebPage","ItemPage"],"@id":"https:\/\/www.joguinesbague.com\/es\/juegos-de-mesa\/timeline-clasico-eco\/","url":"https:\/\/www.joguinesbague.com\/es\/juegos-de-mesa\/timeline-clasico-eco\/","name":"Timeline Cl\u00e1sico ECO - Joguines Bagu\u00e9","isPartOf":{"@id":"https:\/\/www.joguinesbague.com\/es\/#website"},"primaryImageOfPage":{"@id":"https:\/\/www.joguinesbague.com\/es\/juegos-de-mesa\/timeline-clasico-eco\/#primaryimage"},"image":{"@id":"https:\/\/www.joguinesbague.com\/es\/juegos-de-mesa\/timeline-clasico-eco\/#primaryimage"},"thumbnailUrl":"https:\/\/www.joguinesbague.com\/wp-content\/uploads\/2021\/01\/50307780_timelineclasico_0.jpg","datePublished":"2021-01-29T10:39:47+00:00","dateModified":"2022-03-18T11:54:53+00:00","breadcrumb":{"@id":"https:\/\/www.joguinesbague.com\/es\/juegos-de-mesa\/timeline-clasico-eco\/#breadcrumb"},"inLanguage":"es","potentialAction":[{"@type":"ReadAction","target":["https:\/\/www.joguinesbague.com\/es\/juegos-de-mesa\/timeline-clasico-eco\/"]}]},{"@type":"ImageObject","inLanguage":"es","@id":"https:\/\/www.joguinesbague.com\/es\/juegos-de-mesa\/timeline-clasico-eco\/#primaryimage","url":"https:\/\/www.joguinesbague.com\/wp-content\/uploads\/2021\/01\/50307780_timelineclasico_0.jpg","contentUrl":"https:\/\/www.joguinesbague.com\/wp-content\/uploads\/2021\/01\/50307780_timelineclasico_0.jpg","width":1024,"height":1024},{"@type":"BreadcrumbList","@id":"https:\/\/www.joguinesbague.com\/es\/juegos-de-mesa\/timeline-clasico-eco\/#breadcrumb","itemListElement":[{"@type":"ListItem","position":1,"name":"Inicio","item":"https:\/\/www.joguinesbague.com\/es\/"},{"@type":"ListItem","position":2,"name":"Juguetes","item":"https:\/\/www.joguinesbague.com\/joguines\/"},{"@type":"ListItem","position":3,"name":"Juegos de mesa","item":"https:\/\/www.joguinesbague.com\/es\/juegos-de-mesa\/"},{"@type":"ListItem","position":4,"name":"Timeline Cl\u00e1sico ECO"}]},{"@type":"WebSite","@id":"https:\/\/www.joguinesbague.com\/es\/#website","url":"https:\/\/www.joguinesbague.com\/es\/","name":"Joguines Bagu\u00e9","description":"Tienda de juguetes en la Bisbal d'Empord\u00e0","publisher":{"@id":"https:\/\/www.joguinesbague.com\/es\/#organization"},"potentialAction":[{"@type":"SearchAction","target":{"@type":"EntryPoint","urlTemplate":"https:\/\/www.joguinesbague.com\/es\/?s={search_term_string}"},"query-input":{"@type":"PropertyValueSpecification","valueRequired":true,"valueName":"search_term_string"}}],"inLanguage":"es"},{"@type":"Organization","@id":"https:\/\/www.joguinesbague.com\/es\/#organization","name":"Joguines Bagu\u00e9","url":"https:\/\/www.joguinesbague.com\/es\/","logo":{"@type":"ImageObject","inLanguage":"es","@id":"https:\/\/www.joguinesbague.com\/es\/#\/schema\/logo\/image\/","url":"https:\/\/www.joguinesbague.com\/wp-content\/uploads\/2020\/09\/AF-logotip-bague-02-e1599126400733.png","contentUrl":"https:\/\/www.joguinesbague.com\/wp-content\/uploads\/2020\/09\/AF-logotip-bague-02-e1599126400733.png","width":1024,"height":419,"caption":"Joguines Bagu\u00e9"},"image":{"@id":"https:\/\/www.joguinesbague.com\/es\/#\/schema\/logo\/image\/"},"sameAs":["https:\/\/www.facebook.com\/Joguines-Bagu\u00e9-112374270472618","https:\/\/www.instagram.com\/joguinesbague"]}]}},"brands":[{"id":170,"name":"Asmodee","slug":"asmodee-es"}],"_links":{"self":[{"href":"https:\/\/www.joguinesbague.com\/es\/wp-json\/wp\/v2\/product\/6289","targetHints":{"allow":["GET"]}}],"collection":[{"href":"https:\/\/www.joguinesbague.com\/es\/wp-json\/wp\/v2\/product"}],"about":[{"href":"https:\/\/www.joguinesbague.com\/es\/wp-json\/wp\/v2\/types\/product"}],"wp:featuredmedia":[{"embeddable":true,"href":"https:\/\/www.joguinesbague.com\/es\/wp-json\/wp\/v2\/media\/6290"}],"wp:attachment":[{"href":"https:\/\/www.joguinesbague.com\/es\/wp-json\/wp\/v2\/media?parent=6289"}],"wp:term":[{"taxonomy":"pwb-brand","embeddable":true,"href":"https:\/\/www.joguinesbague.com\/es\/wp-json\/wp\/v2\/pwb-brand?post=6289"},{"taxonomy":"product_cat","embeddable":true,"href":"https:\/\/www.joguinesbague.com\/es\/wp-json\/wp\/v2\/product_cat?post=6289"},{"taxonomy":"product_tag","embeddable":true,"href":"https:\/\/www.joguinesbague.com\/es\/wp-json\/wp\/v2\/product_tag?post=6289"}],"curies":[{"name":"wp","href":"https:\/\/api.w.org\/{rel}","templated":true}]}}