{"id":6267,"date":"2021-04-28T10:11:23","date_gmt":"2021-04-28T08:11:23","guid":{"rendered":"https:\/\/www.joguinesbague.com\/sin%20categor\u00eda\/jungle-speed-beach\/"},"modified":"2022-06-14T22:19:44","modified_gmt":"2022-06-14T20:19:44","slug":"jungle-speed-beach","status":"publish","type":"product","link":"https:\/\/www.joguinesbague.com\/es\/verano\/jungle-speed-beach\/","title":{"rendered":"Jungle Speed Beach"},"content":{"rendered":"","protected":false},"excerpt":{"rendered":"<p>Mira bien las cartas, cuando salga un s\u00edmbolo id\u00e9ntico al tuyo, coge el t\u00f3tem. Tendr\u00e1s que deshacerte de todas tus cartas antes que lo hagan tus oponentes.<\/p>\n<p>Esta versi\u00f3n de verano del exitoso juego de Jungle Speed es resistente al agua y est\u00e1 preparada para poder jugar a la playa o a la piscina.<\/p>\n","protected":false},"featured_media":6268,"template":"","meta":{"_acf_changed":false},"pwb-brand":[170],"product_cat":[415,243,149,309,154],"product_tag":[],"class_list":{"0":"post-6267","1":"product","2":"type-product","3":"status-publish","4":"has-post-thumbnail","6":"pwb-brand-asmodee-es","7":"product_cat-7-8-anos","8":"product_cat-juegos-de-agua","9":"product_cat-juegos-de-mesa","10":"product_cat-juegos-de-rapidez-visual","11":"product_cat-verano","13":"first","14":"instock","15":"shipping-taxable","16":"purchasable","17":"product-type-simple"},"acf":[],"yoast_head":"<!-- This site is optimized with the Yoast SEO plugin v27.2 - https:\/\/yoast.com\/product\/yoast-seo-wordpress\/ -->\n<title>Jungle Speed Beach - Joguines Bagu\u00e9<\/title>\n<meta name=\"robots\" content=\"index, follow, max-snippet:-1, max-image-preview:large, max-video-preview:-1\" \/>\n<link rel=\"canonical\" href=\"https:\/\/www.joguinesbague.com\/es\/verano\/jungle-speed-beach\/\" \/>\n<meta property=\"og:locale\" content=\"es_ES\" \/>\n<meta property=\"og:type\" content=\"article\" \/>\n<meta property=\"og:title\" content=\"Jungle Speed Beach - Joguines Bagu\u00e9\" \/>\n<meta property=\"og:description\" content=\"Mira bien las cartas, cuando salga un s\u00edmbolo id\u00e9ntico al tuyo, coge el t\u00f3tem. Tendr\u00e1s que deshacerte de todas tus cartas antes que lo hagan tus oponentes. Esta versi\u00f3n de verano del exitoso juego de Jungle Speed es resistente al agua y est\u00e1 preparada para poder jugar a la playa o a la piscina.\" \/>\n<meta property=\"og:url\" content=\"https:\/\/www.joguinesbague.com\/es\/verano\/jungle-speed-beach\/\" \/>\n<meta property=\"og:site_name\" content=\"Joguines Bagu\u00e9\" \/>\n<meta property=\"article:publisher\" content=\"https:\/\/www.facebook.com\/Joguines-Bagu%c3%a9-112374270472618\" \/>\n<meta property=\"article:modified_time\" content=\"2022-06-14T20:19:44+00:00\" \/>\n<meta property=\"og:image\" content=\"https:\/\/www.joguinesbague.com\/wp-content\/uploads\/2021\/04\/50304344_junglespeedbeach_2.jpg\" \/>\n\t<meta property=\"og:image:width\" content=\"1000\" \/>\n\t<meta property=\"og:image:height\" content=\"1000\" \/>\n\t<meta property=\"og:image:type\" content=\"image\/jpeg\" \/>\n<meta name=\"twitter:card\" content=\"summary_large_image\" \/>\n<script type=\"application\/ld+json\" class=\"yoast-schema-graph\">{\"@context\":\"https:\/\/schema.org\",\"@graph\":[{\"@type\":[\"WebPage\",\"ItemPage\"],\"@id\":\"https:\/\/www.joguinesbague.com\/es\/verano\/jungle-speed-beach\/\",\"url\":\"https:\/\/www.joguinesbague.com\/es\/verano\/jungle-speed-beach\/\",\"name\":\"Jungle Speed Beach - Joguines Bagu\u00e9\",\"isPartOf\":{\"@id\":\"https:\/\/www.joguinesbague.com\/es\/#website\"},\"primaryImageOfPage\":{\"@id\":\"https:\/\/www.joguinesbague.com\/es\/verano\/jungle-speed-beach\/#primaryimage\"},\"image\":{\"@id\":\"https:\/\/www.joguinesbague.com\/es\/verano\/jungle-speed-beach\/#primaryimage\"},\"thumbnailUrl\":\"https:\/\/www.joguinesbague.com\/wp-content\/uploads\/2021\/04\/50304344_junglespeedbeach_2.jpg\",\"datePublished\":\"2021-04-28T08:11:23+00:00\",\"dateModified\":\"2022-06-14T20:19:44+00:00\",\"breadcrumb\":{\"@id\":\"https:\/\/www.joguinesbague.com\/es\/verano\/jungle-speed-beach\/#breadcrumb\"},\"inLanguage\":\"es\",\"potentialAction\":[{\"@type\":\"ReadAction\",\"target\":[\"https:\/\/www.joguinesbague.com\/es\/verano\/jungle-speed-beach\/\"]}]},{\"@type\":\"ImageObject\",\"inLanguage\":\"es\",\"@id\":\"https:\/\/www.joguinesbague.com\/es\/verano\/jungle-speed-beach\/#primaryimage\",\"url\":\"https:\/\/www.joguinesbague.com\/wp-content\/uploads\/2021\/04\/50304344_junglespeedbeach_2.jpg\",\"contentUrl\":\"https:\/\/www.joguinesbague.com\/wp-content\/uploads\/2021\/04\/50304344_junglespeedbeach_2.jpg\",\"width\":1000,\"height\":1000},{\"@type\":\"BreadcrumbList\",\"@id\":\"https:\/\/www.joguinesbague.com\/es\/verano\/jungle-speed-beach\/#breadcrumb\",\"itemListElement\":[{\"@type\":\"ListItem\",\"position\":1,\"name\":\"Inicio\",\"item\":\"https:\/\/www.joguinesbague.com\/es\/\"},{\"@type\":\"ListItem\",\"position\":2,\"name\":\"Juguetes\",\"item\":\"https:\/\/www.joguinesbague.com\/joguines\/\"},{\"@type\":\"ListItem\",\"position\":3,\"name\":\"Verano\",\"item\":\"https:\/\/www.joguinesbague.com\/es\/verano\/\"},{\"@type\":\"ListItem\",\"position\":4,\"name\":\"Jungle Speed Beach\"}]},{\"@type\":\"WebSite\",\"@id\":\"https:\/\/www.joguinesbague.com\/es\/#website\",\"url\":\"https:\/\/www.joguinesbague.com\/es\/\",\"name\":\"Joguines Bagu\u00e9\",\"description\":\"Tienda de juguetes en la Bisbal d'Empord\u00e0\",\"publisher\":{\"@id\":\"https:\/\/www.joguinesbague.com\/es\/#organization\"},\"potentialAction\":[{\"@type\":\"SearchAction\",\"target\":{\"@type\":\"EntryPoint\",\"urlTemplate\":\"https:\/\/www.joguinesbague.com\/es\/?s={search_term_string}\"},\"query-input\":{\"@type\":\"PropertyValueSpecification\",\"valueRequired\":true,\"valueName\":\"search_term_string\"}}],\"inLanguage\":\"es\"},{\"@type\":\"Organization\",\"@id\":\"https:\/\/www.joguinesbague.com\/es\/#organization\",\"name\":\"Joguines Bagu\u00e9\",\"url\":\"https:\/\/www.joguinesbague.com\/es\/\",\"logo\":{\"@type\":\"ImageObject\",\"inLanguage\":\"es\",\"@id\":\"https:\/\/www.joguinesbague.com\/es\/#\/schema\/logo\/image\/\",\"url\":\"https:\/\/www.joguinesbague.com\/wp-content\/uploads\/2020\/09\/AF-logotip-bague-02-e1599126400733.png\",\"contentUrl\":\"https:\/\/www.joguinesbague.com\/wp-content\/uploads\/2020\/09\/AF-logotip-bague-02-e1599126400733.png\",\"width\":1024,\"height\":419,\"caption\":\"Joguines Bagu\u00e9\"},\"image\":{\"@id\":\"https:\/\/www.joguinesbague.com\/es\/#\/schema\/logo\/image\/\"},\"sameAs\":[\"https:\/\/www.facebook.com\/Joguines-Bagu\u00e9-112374270472618\",\"https:\/\/www.instagram.com\/joguinesbague\"]}]}<\/script>\n<!-- \/ Yoast SEO plugin. -->","yoast_head_json":{"title":"Jungle Speed Beach - Joguines Bagu\u00e9","robots":{"index":"index","follow":"follow","max-snippet":"max-snippet:-1","max-image-preview":"max-image-preview:large","max-video-preview":"max-video-preview:-1"},"canonical":"https:\/\/www.joguinesbague.com\/es\/verano\/jungle-speed-beach\/","og_locale":"es_ES","og_type":"article","og_title":"Jungle Speed Beach - Joguines Bagu\u00e9","og_description":"Mira bien las cartas, cuando salga un s\u00edmbolo id\u00e9ntico al tuyo, coge el t\u00f3tem. Tendr\u00e1s que deshacerte de todas tus cartas antes que lo hagan tus oponentes. Esta versi\u00f3n de verano del exitoso juego de Jungle Speed es resistente al agua y est\u00e1 preparada para poder jugar a la playa o a la piscina.","og_url":"https:\/\/www.joguinesbague.com\/es\/verano\/jungle-speed-beach\/","og_site_name":"Joguines Bagu\u00e9","article_publisher":"https:\/\/www.facebook.com\/Joguines-Bagu%c3%a9-112374270472618","article_modified_time":"2022-06-14T20:19:44+00:00","og_image":[{"width":1000,"height":1000,"url":"https:\/\/www.joguinesbague.com\/wp-content\/uploads\/2021\/04\/50304344_junglespeedbeach_2.jpg","type":"image\/jpeg"}],"twitter_card":"summary_large_image","schema":{"@context":"https:\/\/schema.org","@graph":[{"@type":["WebPage","ItemPage"],"@id":"https:\/\/www.joguinesbague.com\/es\/verano\/jungle-speed-beach\/","url":"https:\/\/www.joguinesbague.com\/es\/verano\/jungle-speed-beach\/","name":"Jungle Speed Beach - Joguines Bagu\u00e9","isPartOf":{"@id":"https:\/\/www.joguinesbague.com\/es\/#website"},"primaryImageOfPage":{"@id":"https:\/\/www.joguinesbague.com\/es\/verano\/jungle-speed-beach\/#primaryimage"},"image":{"@id":"https:\/\/www.joguinesbague.com\/es\/verano\/jungle-speed-beach\/#primaryimage"},"thumbnailUrl":"https:\/\/www.joguinesbague.com\/wp-content\/uploads\/2021\/04\/50304344_junglespeedbeach_2.jpg","datePublished":"2021-04-28T08:11:23+00:00","dateModified":"2022-06-14T20:19:44+00:00","breadcrumb":{"@id":"https:\/\/www.joguinesbague.com\/es\/verano\/jungle-speed-beach\/#breadcrumb"},"inLanguage":"es","potentialAction":[{"@type":"ReadAction","target":["https:\/\/www.joguinesbague.com\/es\/verano\/jungle-speed-beach\/"]}]},{"@type":"ImageObject","inLanguage":"es","@id":"https:\/\/www.joguinesbague.com\/es\/verano\/jungle-speed-beach\/#primaryimage","url":"https:\/\/www.joguinesbague.com\/wp-content\/uploads\/2021\/04\/50304344_junglespeedbeach_2.jpg","contentUrl":"https:\/\/www.joguinesbague.com\/wp-content\/uploads\/2021\/04\/50304344_junglespeedbeach_2.jpg","width":1000,"height":1000},{"@type":"BreadcrumbList","@id":"https:\/\/www.joguinesbague.com\/es\/verano\/jungle-speed-beach\/#breadcrumb","itemListElement":[{"@type":"ListItem","position":1,"name":"Inicio","item":"https:\/\/www.joguinesbague.com\/es\/"},{"@type":"ListItem","position":2,"name":"Juguetes","item":"https:\/\/www.joguinesbague.com\/joguines\/"},{"@type":"ListItem","position":3,"name":"Verano","item":"https:\/\/www.joguinesbague.com\/es\/verano\/"},{"@type":"ListItem","position":4,"name":"Jungle Speed Beach"}]},{"@type":"WebSite","@id":"https:\/\/www.joguinesbague.com\/es\/#website","url":"https:\/\/www.joguinesbague.com\/es\/","name":"Joguines Bagu\u00e9","description":"Tienda de juguetes en la Bisbal d'Empord\u00e0","publisher":{"@id":"https:\/\/www.joguinesbague.com\/es\/#organization"},"potentialAction":[{"@type":"SearchAction","target":{"@type":"EntryPoint","urlTemplate":"https:\/\/www.joguinesbague.com\/es\/?s={search_term_string}"},"query-input":{"@type":"PropertyValueSpecification","valueRequired":true,"valueName":"search_term_string"}}],"inLanguage":"es"},{"@type":"Organization","@id":"https:\/\/www.joguinesbague.com\/es\/#organization","name":"Joguines Bagu\u00e9","url":"https:\/\/www.joguinesbague.com\/es\/","logo":{"@type":"ImageObject","inLanguage":"es","@id":"https:\/\/www.joguinesbague.com\/es\/#\/schema\/logo\/image\/","url":"https:\/\/www.joguinesbague.com\/wp-content\/uploads\/2020\/09\/AF-logotip-bague-02-e1599126400733.png","contentUrl":"https:\/\/www.joguinesbague.com\/wp-content\/uploads\/2020\/09\/AF-logotip-bague-02-e1599126400733.png","width":1024,"height":419,"caption":"Joguines Bagu\u00e9"},"image":{"@id":"https:\/\/www.joguinesbague.com\/es\/#\/schema\/logo\/image\/"},"sameAs":["https:\/\/www.facebook.com\/Joguines-Bagu\u00e9-112374270472618","https:\/\/www.instagram.com\/joguinesbague"]}]}},"brands":[{"id":170,"name":"Asmodee","slug":"asmodee-es"}],"_links":{"self":[{"href":"https:\/\/www.joguinesbague.com\/es\/wp-json\/wp\/v2\/product\/6267","targetHints":{"allow":["GET"]}}],"collection":[{"href":"https:\/\/www.joguinesbague.com\/es\/wp-json\/wp\/v2\/product"}],"about":[{"href":"https:\/\/www.joguinesbague.com\/es\/wp-json\/wp\/v2\/types\/product"}],"wp:featuredmedia":[{"embeddable":true,"href":"https:\/\/www.joguinesbague.com\/es\/wp-json\/wp\/v2\/media\/6268"}],"wp:attachment":[{"href":"https:\/\/www.joguinesbague.com\/es\/wp-json\/wp\/v2\/media?parent=6267"}],"wp:term":[{"taxonomy":"pwb-brand","embeddable":true,"href":"https:\/\/www.joguinesbague.com\/es\/wp-json\/wp\/v2\/pwb-brand?post=6267"},{"taxonomy":"product_cat","embeddable":true,"href":"https:\/\/www.joguinesbague.com\/es\/wp-json\/wp\/v2\/product_cat?post=6267"},{"taxonomy":"product_tag","embeddable":true,"href":"https:\/\/www.joguinesbague.com\/es\/wp-json\/wp\/v2\/product_tag?post=6267"}],"curies":[{"name":"wp","href":"https:\/\/api.w.org\/{rel}","templated":true}]}}