{"id":6255,"date":"2020-10-28T15:36:23","date_gmt":"2020-10-28T14:36:23","guid":{"rendered":"https:\/\/www.joguinesbague.com\/sin%20categor\u00eda\/triciclo-california-jeans\/"},"modified":"2024-05-23T19:06:48","modified_gmt":"2024-05-23T17:06:48","slug":"triciclo-new-ranger-rojo","status":"publish","type":"product","link":"https:\/\/www.joguinesbague.com\/es\/aire-libre\/triciclo-new-ranger-rojo\/","title":{"rendered":"Triciclo New Ranger rojo"},"content":{"rendered":"","protected":false},"excerpt":{"rendered":"<p>El triciclo Ranger es un modelo muy pr\u00e1ctico y seguro, dise\u00f1ado para ofrecerle la mayor comodidad al mejor precio. Incluye un asiento con respaldo acolchado y cintur\u00f3n de seguridad de 5 puntos con el que garantizas su estabilidad en las primeras fases del desarrollo del beb\u00e9. Este triciclo est\u00e1 fabricado con chasis y estructura met\u00e1lica y la edad recomendada para empezar a utilizarlo son los diez meses.<\/p>\n","protected":false},"featured_media":20380,"template":"","meta":{"_acf_changed":false},"pwb-brand":[166],"product_cat":[147,419],"product_tag":[],"class_list":{"0":"post-6255","1":"product","2":"type-product","3":"status-publish","4":"has-post-thumbnail","6":"pwb-brand-qplay-pl-ociotrends-es","7":"product_cat-aire-libre","8":"product_cat-bebes","10":"first","11":"outofstock","12":"shipping-taxable","13":"purchasable","14":"product-type-simple"},"acf":[],"yoast_head":"<!-- This site is optimized with the Yoast SEO plugin v27.2 - https:\/\/yoast.com\/product\/yoast-seo-wordpress\/ -->\n<title>Triciclo New Ranger rojo - Joguines Bagu\u00e9<\/title>\n<meta name=\"robots\" content=\"index, follow, max-snippet:-1, max-image-preview:large, max-video-preview:-1\" \/>\n<link rel=\"canonical\" href=\"https:\/\/www.joguinesbague.com\/es\/aire-libre\/triciclo-new-ranger-rojo\/\" \/>\n<meta property=\"og:locale\" content=\"es_ES\" \/>\n<meta property=\"og:type\" content=\"article\" \/>\n<meta property=\"og:title\" content=\"Triciclo New Ranger rojo - Joguines Bagu\u00e9\" \/>\n<meta property=\"og:description\" content=\"El triciclo Ranger es un modelo muy pr\u00e1ctico y seguro, dise\u00f1ado para ofrecerle la mayor comodidad al mejor precio. Incluye un asiento con respaldo acolchado y cintur\u00f3n de seguridad de 5 puntos con el que garantizas su estabilidad en las primeras fases del desarrollo del beb\u00e9. Este triciclo est\u00e1 fabricado con chasis y estructura met\u00e1lica y la edad recomendada para empezar a utilizarlo son los diez meses.\" \/>\n<meta property=\"og:url\" content=\"https:\/\/www.joguinesbague.com\/es\/aire-libre\/triciclo-new-ranger-rojo\/\" \/>\n<meta property=\"og:site_name\" content=\"Joguines Bagu\u00e9\" \/>\n<meta property=\"article:publisher\" content=\"https:\/\/www.facebook.com\/Joguines-Bagu%c3%a9-112374270472618\" \/>\n<meta property=\"article:modified_time\" content=\"2024-05-23T17:06:48+00:00\" \/>\n<meta property=\"og:image\" content=\"https:\/\/www.joguinesbague.com\/wp-content\/uploads\/2020\/10\/11186514_ranger_3.jpg\" \/>\n\t<meta property=\"og:image:width\" content=\"800\" \/>\n\t<meta property=\"og:image:height\" content=\"800\" \/>\n\t<meta property=\"og:image:type\" content=\"image\/jpeg\" \/>\n<meta name=\"twitter:card\" content=\"summary_large_image\" \/>\n<script type=\"application\/ld+json\" class=\"yoast-schema-graph\">{\"@context\":\"https:\/\/schema.org\",\"@graph\":[{\"@type\":[\"WebPage\",\"ItemPage\"],\"@id\":\"https:\/\/www.joguinesbague.com\/es\/aire-libre\/triciclo-new-ranger-rojo\/\",\"url\":\"https:\/\/www.joguinesbague.com\/es\/aire-libre\/triciclo-new-ranger-rojo\/\",\"name\":\"Triciclo New Ranger rojo - Joguines Bagu\u00e9\",\"isPartOf\":{\"@id\":\"https:\/\/www.joguinesbague.com\/es\/#website\"},\"primaryImageOfPage\":{\"@id\":\"https:\/\/www.joguinesbague.com\/es\/aire-libre\/triciclo-new-ranger-rojo\/#primaryimage\"},\"image\":{\"@id\":\"https:\/\/www.joguinesbague.com\/es\/aire-libre\/triciclo-new-ranger-rojo\/#primaryimage\"},\"thumbnailUrl\":\"https:\/\/www.joguinesbague.com\/wp-content\/uploads\/2020\/10\/11186514_ranger_3.jpg\",\"datePublished\":\"2020-10-28T14:36:23+00:00\",\"dateModified\":\"2024-05-23T17:06:48+00:00\",\"breadcrumb\":{\"@id\":\"https:\/\/www.joguinesbague.com\/es\/aire-libre\/triciclo-new-ranger-rojo\/#breadcrumb\"},\"inLanguage\":\"es\",\"potentialAction\":[{\"@type\":\"ReadAction\",\"target\":[\"https:\/\/www.joguinesbague.com\/es\/aire-libre\/triciclo-new-ranger-rojo\/\"]}]},{\"@type\":\"ImageObject\",\"inLanguage\":\"es\",\"@id\":\"https:\/\/www.joguinesbague.com\/es\/aire-libre\/triciclo-new-ranger-rojo\/#primaryimage\",\"url\":\"https:\/\/www.joguinesbague.com\/wp-content\/uploads\/2020\/10\/11186514_ranger_3.jpg\",\"contentUrl\":\"https:\/\/www.joguinesbague.com\/wp-content\/uploads\/2020\/10\/11186514_ranger_3.jpg\",\"width\":800,\"height\":800},{\"@type\":\"BreadcrumbList\",\"@id\":\"https:\/\/www.joguinesbague.com\/es\/aire-libre\/triciclo-new-ranger-rojo\/#breadcrumb\",\"itemListElement\":[{\"@type\":\"ListItem\",\"position\":1,\"name\":\"Inicio\",\"item\":\"https:\/\/www.joguinesbague.com\/es\/\"},{\"@type\":\"ListItem\",\"position\":2,\"name\":\"Juguetes\",\"item\":\"https:\/\/www.joguinesbague.com\/joguines\/\"},{\"@type\":\"ListItem\",\"position\":3,\"name\":\"Beb\u00e9s\",\"item\":\"https:\/\/www.joguinesbague.com\/es\/bebes\/\"},{\"@type\":\"ListItem\",\"position\":4,\"name\":\"Triciclo New Ranger rojo\"}]},{\"@type\":\"WebSite\",\"@id\":\"https:\/\/www.joguinesbague.com\/es\/#website\",\"url\":\"https:\/\/www.joguinesbague.com\/es\/\",\"name\":\"Joguines Bagu\u00e9\",\"description\":\"Tienda de juguetes en la Bisbal d'Empord\u00e0\",\"publisher\":{\"@id\":\"https:\/\/www.joguinesbague.com\/es\/#organization\"},\"potentialAction\":[{\"@type\":\"SearchAction\",\"target\":{\"@type\":\"EntryPoint\",\"urlTemplate\":\"https:\/\/www.joguinesbague.com\/es\/?s={search_term_string}\"},\"query-input\":{\"@type\":\"PropertyValueSpecification\",\"valueRequired\":true,\"valueName\":\"search_term_string\"}}],\"inLanguage\":\"es\"},{\"@type\":\"Organization\",\"@id\":\"https:\/\/www.joguinesbague.com\/es\/#organization\",\"name\":\"Joguines Bagu\u00e9\",\"url\":\"https:\/\/www.joguinesbague.com\/es\/\",\"logo\":{\"@type\":\"ImageObject\",\"inLanguage\":\"es\",\"@id\":\"https:\/\/www.joguinesbague.com\/es\/#\/schema\/logo\/image\/\",\"url\":\"https:\/\/www.joguinesbague.com\/wp-content\/uploads\/2020\/09\/AF-logotip-bague-02-e1599126400733.png\",\"contentUrl\":\"https:\/\/www.joguinesbague.com\/wp-content\/uploads\/2020\/09\/AF-logotip-bague-02-e1599126400733.png\",\"width\":1024,\"height\":419,\"caption\":\"Joguines Bagu\u00e9\"},\"image\":{\"@id\":\"https:\/\/www.joguinesbague.com\/es\/#\/schema\/logo\/image\/\"},\"sameAs\":[\"https:\/\/www.facebook.com\/Joguines-Bagu\u00e9-112374270472618\",\"https:\/\/www.instagram.com\/joguinesbague\"]}]}<\/script>\n<!-- \/ Yoast SEO plugin. -->","yoast_head_json":{"title":"Triciclo New Ranger rojo - Joguines Bagu\u00e9","robots":{"index":"index","follow":"follow","max-snippet":"max-snippet:-1","max-image-preview":"max-image-preview:large","max-video-preview":"max-video-preview:-1"},"canonical":"https:\/\/www.joguinesbague.com\/es\/aire-libre\/triciclo-new-ranger-rojo\/","og_locale":"es_ES","og_type":"article","og_title":"Triciclo New Ranger rojo - Joguines Bagu\u00e9","og_description":"El triciclo Ranger es un modelo muy pr\u00e1ctico y seguro, dise\u00f1ado para ofrecerle la mayor comodidad al mejor precio. Incluye un asiento con respaldo acolchado y cintur\u00f3n de seguridad de 5 puntos con el que garantizas su estabilidad en las primeras fases del desarrollo del beb\u00e9. Este triciclo est\u00e1 fabricado con chasis y estructura met\u00e1lica y la edad recomendada para empezar a utilizarlo son los diez meses.","og_url":"https:\/\/www.joguinesbague.com\/es\/aire-libre\/triciclo-new-ranger-rojo\/","og_site_name":"Joguines Bagu\u00e9","article_publisher":"https:\/\/www.facebook.com\/Joguines-Bagu%c3%a9-112374270472618","article_modified_time":"2024-05-23T17:06:48+00:00","og_image":[{"width":800,"height":800,"url":"https:\/\/www.joguinesbague.com\/wp-content\/uploads\/2020\/10\/11186514_ranger_3.jpg","type":"image\/jpeg"}],"twitter_card":"summary_large_image","schema":{"@context":"https:\/\/schema.org","@graph":[{"@type":["WebPage","ItemPage"],"@id":"https:\/\/www.joguinesbague.com\/es\/aire-libre\/triciclo-new-ranger-rojo\/","url":"https:\/\/www.joguinesbague.com\/es\/aire-libre\/triciclo-new-ranger-rojo\/","name":"Triciclo New Ranger rojo - Joguines Bagu\u00e9","isPartOf":{"@id":"https:\/\/www.joguinesbague.com\/es\/#website"},"primaryImageOfPage":{"@id":"https:\/\/www.joguinesbague.com\/es\/aire-libre\/triciclo-new-ranger-rojo\/#primaryimage"},"image":{"@id":"https:\/\/www.joguinesbague.com\/es\/aire-libre\/triciclo-new-ranger-rojo\/#primaryimage"},"thumbnailUrl":"https:\/\/www.joguinesbague.com\/wp-content\/uploads\/2020\/10\/11186514_ranger_3.jpg","datePublished":"2020-10-28T14:36:23+00:00","dateModified":"2024-05-23T17:06:48+00:00","breadcrumb":{"@id":"https:\/\/www.joguinesbague.com\/es\/aire-libre\/triciclo-new-ranger-rojo\/#breadcrumb"},"inLanguage":"es","potentialAction":[{"@type":"ReadAction","target":["https:\/\/www.joguinesbague.com\/es\/aire-libre\/triciclo-new-ranger-rojo\/"]}]},{"@type":"ImageObject","inLanguage":"es","@id":"https:\/\/www.joguinesbague.com\/es\/aire-libre\/triciclo-new-ranger-rojo\/#primaryimage","url":"https:\/\/www.joguinesbague.com\/wp-content\/uploads\/2020\/10\/11186514_ranger_3.jpg","contentUrl":"https:\/\/www.joguinesbague.com\/wp-content\/uploads\/2020\/10\/11186514_ranger_3.jpg","width":800,"height":800},{"@type":"BreadcrumbList","@id":"https:\/\/www.joguinesbague.com\/es\/aire-libre\/triciclo-new-ranger-rojo\/#breadcrumb","itemListElement":[{"@type":"ListItem","position":1,"name":"Inicio","item":"https:\/\/www.joguinesbague.com\/es\/"},{"@type":"ListItem","position":2,"name":"Juguetes","item":"https:\/\/www.joguinesbague.com\/joguines\/"},{"@type":"ListItem","position":3,"name":"Beb\u00e9s","item":"https:\/\/www.joguinesbague.com\/es\/bebes\/"},{"@type":"ListItem","position":4,"name":"Triciclo New Ranger rojo"}]},{"@type":"WebSite","@id":"https:\/\/www.joguinesbague.com\/es\/#website","url":"https:\/\/www.joguinesbague.com\/es\/","name":"Joguines Bagu\u00e9","description":"Tienda de juguetes en la Bisbal d'Empord\u00e0","publisher":{"@id":"https:\/\/www.joguinesbague.com\/es\/#organization"},"potentialAction":[{"@type":"SearchAction","target":{"@type":"EntryPoint","urlTemplate":"https:\/\/www.joguinesbague.com\/es\/?s={search_term_string}"},"query-input":{"@type":"PropertyValueSpecification","valueRequired":true,"valueName":"search_term_string"}}],"inLanguage":"es"},{"@type":"Organization","@id":"https:\/\/www.joguinesbague.com\/es\/#organization","name":"Joguines Bagu\u00e9","url":"https:\/\/www.joguinesbague.com\/es\/","logo":{"@type":"ImageObject","inLanguage":"es","@id":"https:\/\/www.joguinesbague.com\/es\/#\/schema\/logo\/image\/","url":"https:\/\/www.joguinesbague.com\/wp-content\/uploads\/2020\/09\/AF-logotip-bague-02-e1599126400733.png","contentUrl":"https:\/\/www.joguinesbague.com\/wp-content\/uploads\/2020\/09\/AF-logotip-bague-02-e1599126400733.png","width":1024,"height":419,"caption":"Joguines Bagu\u00e9"},"image":{"@id":"https:\/\/www.joguinesbague.com\/es\/#\/schema\/logo\/image\/"},"sameAs":["https:\/\/www.facebook.com\/Joguines-Bagu\u00e9-112374270472618","https:\/\/www.instagram.com\/joguinesbague"]}]}},"brands":[{"id":166,"name":"Qplay \/ PL Ociotrends","slug":"qplay-pl-ociotrends-es"}],"_links":{"self":[{"href":"https:\/\/www.joguinesbague.com\/es\/wp-json\/wp\/v2\/product\/6255","targetHints":{"allow":["GET"]}}],"collection":[{"href":"https:\/\/www.joguinesbague.com\/es\/wp-json\/wp\/v2\/product"}],"about":[{"href":"https:\/\/www.joguinesbague.com\/es\/wp-json\/wp\/v2\/types\/product"}],"wp:featuredmedia":[{"embeddable":true,"href":"https:\/\/www.joguinesbague.com\/es\/wp-json\/wp\/v2\/media\/20380"}],"wp:attachment":[{"href":"https:\/\/www.joguinesbague.com\/es\/wp-json\/wp\/v2\/media?parent=6255"}],"wp:term":[{"taxonomy":"pwb-brand","embeddable":true,"href":"https:\/\/www.joguinesbague.com\/es\/wp-json\/wp\/v2\/pwb-brand?post=6255"},{"taxonomy":"product_cat","embeddable":true,"href":"https:\/\/www.joguinesbague.com\/es\/wp-json\/wp\/v2\/product_cat?post=6255"},{"taxonomy":"product_tag","embeddable":true,"href":"https:\/\/www.joguinesbague.com\/es\/wp-json\/wp\/v2\/product_tag?post=6255"}],"curies":[{"name":"wp","href":"https:\/\/api.w.org\/{rel}","templated":true}]}}