{"id":6116,"date":"2020-10-29T15:29:34","date_gmt":"2020-10-29T14:29:34","guid":{"rendered":"https:\/\/www.joguinesbague.com\/sin%20categor\u00eda\/explora-el-mundo-globo-interactivo\/"},"modified":"2025-11-12T10:08:15","modified_gmt":"2025-11-12T09:08:15","slug":"glogo-interactiu-real-time","status":"publish","type":"product","link":"https:\/\/www.joguinesbague.com\/es\/juguetes-electronicos\/glogo-interactiu-real-time\/","title":{"rendered":"Globo Interactiu Real Time"},"content":{"rendered":"","protected":false},"excerpt":{"rendered":"<p>Descubre el mundo de una forma divertida y educativa con el Globo Interactivo Real Time de Clementoni. Gracias a su bol\u00edgrafo digital ya las actualizaciones en tiempo real, los ni\u00f1os y ni\u00f1as pueden explorar pa\u00edses, capitales, curiosidades, culturas y mucho m\u00e1s. Incluye juegos, cuestionarios y conexi\u00f3n con aplicaciones digitales para aprender geograf\u00eda de forma inmersiva e interactiva. \u00a1Ideal para estimular la curiosidad y el conocimiento del mundo!   <\/p>\n","protected":false},"featured_media":28520,"template":"","meta":{"_acf_changed":false},"pwb-brand":[190],"product_cat":[415,157],"product_tag":[],"class_list":{"0":"post-6116","1":"product","2":"type-product","3":"status-publish","4":"has-post-thumbnail","6":"pwb-brand-clementoni-es","7":"product_cat-7-8-anos","8":"product_cat-juguetes-electronicos","10":"first","11":"instock","12":"shipping-taxable","13":"purchasable","14":"product-type-simple"},"acf":[],"yoast_head":"<!-- This site is optimized with the Yoast SEO plugin v27.2 - https:\/\/yoast.com\/product\/yoast-seo-wordpress\/ -->\n<title>Globo Interactiu Real Time - Joguines Bagu\u00e9<\/title>\n<meta name=\"robots\" content=\"index, follow, max-snippet:-1, max-image-preview:large, max-video-preview:-1\" \/>\n<link rel=\"canonical\" href=\"https:\/\/www.joguinesbague.com\/es\/juguetes-electronicos\/glogo-interactiu-real-time\/\" \/>\n<meta property=\"og:locale\" content=\"es_ES\" \/>\n<meta property=\"og:type\" content=\"article\" \/>\n<meta property=\"og:title\" content=\"Globo Interactiu Real Time - Joguines Bagu\u00e9\" \/>\n<meta property=\"og:description\" content=\"Descubre el mundo de una forma divertida y educativa con el Globo Interactivo Real Time de Clementoni. Gracias a su bol\u00edgrafo digital ya las actualizaciones en tiempo real, los ni\u00f1os y ni\u00f1as pueden explorar pa\u00edses, capitales, curiosidades, culturas y mucho m\u00e1s. Incluye juegos, cuestionarios y conexi\u00f3n con aplicaciones digitales para aprender geograf\u00eda de forma inmersiva e interactiva. \u00a1Ideal para estimular la curiosidad y el conocimiento del mundo!\" \/>\n<meta property=\"og:url\" content=\"https:\/\/www.joguinesbague.com\/es\/juguetes-electronicos\/glogo-interactiu-real-time\/\" \/>\n<meta property=\"og:site_name\" content=\"Joguines Bagu\u00e9\" \/>\n<meta property=\"article:publisher\" content=\"https:\/\/www.facebook.com\/Joguines-Bagu%c3%a9-112374270472618\" \/>\n<meta property=\"article:modified_time\" content=\"2025-11-12T09:08:15+00:00\" \/>\n<meta property=\"og:image\" content=\"https:\/\/www.joguinesbague.com\/wp-content\/uploads\/2025\/11\/06655523_globusinteractiu_0.jpg\" \/>\n\t<meta property=\"og:image:width\" content=\"800\" \/>\n\t<meta property=\"og:image:height\" content=\"800\" \/>\n\t<meta property=\"og:image:type\" content=\"image\/jpeg\" \/>\n<meta name=\"twitter:card\" content=\"summary_large_image\" \/>\n<script type=\"application\/ld+json\" class=\"yoast-schema-graph\">{\"@context\":\"https:\/\/schema.org\",\"@graph\":[{\"@type\":[\"WebPage\",\"ItemPage\"],\"@id\":\"https:\/\/www.joguinesbague.com\/es\/juguetes-electronicos\/glogo-interactiu-real-time\/\",\"url\":\"https:\/\/www.joguinesbague.com\/es\/juguetes-electronicos\/glogo-interactiu-real-time\/\",\"name\":\"Globo Interactiu Real Time - Joguines Bagu\u00e9\",\"isPartOf\":{\"@id\":\"https:\/\/www.joguinesbague.com\/es\/#website\"},\"primaryImageOfPage\":{\"@id\":\"https:\/\/www.joguinesbague.com\/es\/juguetes-electronicos\/glogo-interactiu-real-time\/#primaryimage\"},\"image\":{\"@id\":\"https:\/\/www.joguinesbague.com\/es\/juguetes-electronicos\/glogo-interactiu-real-time\/#primaryimage\"},\"thumbnailUrl\":\"https:\/\/www.joguinesbague.com\/wp-content\/uploads\/2025\/11\/06655523_globusinteractiu_0.jpg\",\"datePublished\":\"2020-10-29T14:29:34+00:00\",\"dateModified\":\"2025-11-12T09:08:15+00:00\",\"breadcrumb\":{\"@id\":\"https:\/\/www.joguinesbague.com\/es\/juguetes-electronicos\/glogo-interactiu-real-time\/#breadcrumb\"},\"inLanguage\":\"es\",\"potentialAction\":[{\"@type\":\"ReadAction\",\"target\":[\"https:\/\/www.joguinesbague.com\/es\/juguetes-electronicos\/glogo-interactiu-real-time\/\"]}]},{\"@type\":\"ImageObject\",\"inLanguage\":\"es\",\"@id\":\"https:\/\/www.joguinesbague.com\/es\/juguetes-electronicos\/glogo-interactiu-real-time\/#primaryimage\",\"url\":\"https:\/\/www.joguinesbague.com\/wp-content\/uploads\/2025\/11\/06655523_globusinteractiu_0.jpg\",\"contentUrl\":\"https:\/\/www.joguinesbague.com\/wp-content\/uploads\/2025\/11\/06655523_globusinteractiu_0.jpg\",\"width\":800,\"height\":800},{\"@type\":\"BreadcrumbList\",\"@id\":\"https:\/\/www.joguinesbague.com\/es\/juguetes-electronicos\/glogo-interactiu-real-time\/#breadcrumb\",\"itemListElement\":[{\"@type\":\"ListItem\",\"position\":1,\"name\":\"Inicio\",\"item\":\"https:\/\/www.joguinesbague.com\/es\/\"},{\"@type\":\"ListItem\",\"position\":2,\"name\":\"Juguetes\",\"item\":\"https:\/\/www.joguinesbague.com\/joguines\/\"},{\"@type\":\"ListItem\",\"position\":3,\"name\":\"7 - 8 a\u00f1os\",\"item\":\"https:\/\/www.joguinesbague.com\/es\/7-8-anos\/\"},{\"@type\":\"ListItem\",\"position\":4,\"name\":\"Globo Interactiu Real Time\"}]},{\"@type\":\"WebSite\",\"@id\":\"https:\/\/www.joguinesbague.com\/es\/#website\",\"url\":\"https:\/\/www.joguinesbague.com\/es\/\",\"name\":\"Joguines Bagu\u00e9\",\"description\":\"Tienda de juguetes en la Bisbal d'Empord\u00e0\",\"publisher\":{\"@id\":\"https:\/\/www.joguinesbague.com\/es\/#organization\"},\"potentialAction\":[{\"@type\":\"SearchAction\",\"target\":{\"@type\":\"EntryPoint\",\"urlTemplate\":\"https:\/\/www.joguinesbague.com\/es\/?s={search_term_string}\"},\"query-input\":{\"@type\":\"PropertyValueSpecification\",\"valueRequired\":true,\"valueName\":\"search_term_string\"}}],\"inLanguage\":\"es\"},{\"@type\":\"Organization\",\"@id\":\"https:\/\/www.joguinesbague.com\/es\/#organization\",\"name\":\"Joguines Bagu\u00e9\",\"url\":\"https:\/\/www.joguinesbague.com\/es\/\",\"logo\":{\"@type\":\"ImageObject\",\"inLanguage\":\"es\",\"@id\":\"https:\/\/www.joguinesbague.com\/es\/#\/schema\/logo\/image\/\",\"url\":\"https:\/\/www.joguinesbague.com\/wp-content\/uploads\/2020\/09\/AF-logotip-bague-02-e1599126400733.png\",\"contentUrl\":\"https:\/\/www.joguinesbague.com\/wp-content\/uploads\/2020\/09\/AF-logotip-bague-02-e1599126400733.png\",\"width\":1024,\"height\":419,\"caption\":\"Joguines Bagu\u00e9\"},\"image\":{\"@id\":\"https:\/\/www.joguinesbague.com\/es\/#\/schema\/logo\/image\/\"},\"sameAs\":[\"https:\/\/www.facebook.com\/Joguines-Bagu\u00e9-112374270472618\",\"https:\/\/www.instagram.com\/joguinesbague\"]}]}<\/script>\n<!-- \/ Yoast SEO plugin. -->","yoast_head_json":{"title":"Globo Interactiu Real Time - Joguines Bagu\u00e9","robots":{"index":"index","follow":"follow","max-snippet":"max-snippet:-1","max-image-preview":"max-image-preview:large","max-video-preview":"max-video-preview:-1"},"canonical":"https:\/\/www.joguinesbague.com\/es\/juguetes-electronicos\/glogo-interactiu-real-time\/","og_locale":"es_ES","og_type":"article","og_title":"Globo Interactiu Real Time - Joguines Bagu\u00e9","og_description":"Descubre el mundo de una forma divertida y educativa con el Globo Interactivo Real Time de Clementoni. Gracias a su bol\u00edgrafo digital ya las actualizaciones en tiempo real, los ni\u00f1os y ni\u00f1as pueden explorar pa\u00edses, capitales, curiosidades, culturas y mucho m\u00e1s. Incluye juegos, cuestionarios y conexi\u00f3n con aplicaciones digitales para aprender geograf\u00eda de forma inmersiva e interactiva. \u00a1Ideal para estimular la curiosidad y el conocimiento del mundo!","og_url":"https:\/\/www.joguinesbague.com\/es\/juguetes-electronicos\/glogo-interactiu-real-time\/","og_site_name":"Joguines Bagu\u00e9","article_publisher":"https:\/\/www.facebook.com\/Joguines-Bagu%c3%a9-112374270472618","article_modified_time":"2025-11-12T09:08:15+00:00","og_image":[{"width":800,"height":800,"url":"https:\/\/www.joguinesbague.com\/wp-content\/uploads\/2025\/11\/06655523_globusinteractiu_0.jpg","type":"image\/jpeg"}],"twitter_card":"summary_large_image","schema":{"@context":"https:\/\/schema.org","@graph":[{"@type":["WebPage","ItemPage"],"@id":"https:\/\/www.joguinesbague.com\/es\/juguetes-electronicos\/glogo-interactiu-real-time\/","url":"https:\/\/www.joguinesbague.com\/es\/juguetes-electronicos\/glogo-interactiu-real-time\/","name":"Globo Interactiu Real Time - Joguines Bagu\u00e9","isPartOf":{"@id":"https:\/\/www.joguinesbague.com\/es\/#website"},"primaryImageOfPage":{"@id":"https:\/\/www.joguinesbague.com\/es\/juguetes-electronicos\/glogo-interactiu-real-time\/#primaryimage"},"image":{"@id":"https:\/\/www.joguinesbague.com\/es\/juguetes-electronicos\/glogo-interactiu-real-time\/#primaryimage"},"thumbnailUrl":"https:\/\/www.joguinesbague.com\/wp-content\/uploads\/2025\/11\/06655523_globusinteractiu_0.jpg","datePublished":"2020-10-29T14:29:34+00:00","dateModified":"2025-11-12T09:08:15+00:00","breadcrumb":{"@id":"https:\/\/www.joguinesbague.com\/es\/juguetes-electronicos\/glogo-interactiu-real-time\/#breadcrumb"},"inLanguage":"es","potentialAction":[{"@type":"ReadAction","target":["https:\/\/www.joguinesbague.com\/es\/juguetes-electronicos\/glogo-interactiu-real-time\/"]}]},{"@type":"ImageObject","inLanguage":"es","@id":"https:\/\/www.joguinesbague.com\/es\/juguetes-electronicos\/glogo-interactiu-real-time\/#primaryimage","url":"https:\/\/www.joguinesbague.com\/wp-content\/uploads\/2025\/11\/06655523_globusinteractiu_0.jpg","contentUrl":"https:\/\/www.joguinesbague.com\/wp-content\/uploads\/2025\/11\/06655523_globusinteractiu_0.jpg","width":800,"height":800},{"@type":"BreadcrumbList","@id":"https:\/\/www.joguinesbague.com\/es\/juguetes-electronicos\/glogo-interactiu-real-time\/#breadcrumb","itemListElement":[{"@type":"ListItem","position":1,"name":"Inicio","item":"https:\/\/www.joguinesbague.com\/es\/"},{"@type":"ListItem","position":2,"name":"Juguetes","item":"https:\/\/www.joguinesbague.com\/joguines\/"},{"@type":"ListItem","position":3,"name":"7 - 8 a\u00f1os","item":"https:\/\/www.joguinesbague.com\/es\/7-8-anos\/"},{"@type":"ListItem","position":4,"name":"Globo Interactiu Real Time"}]},{"@type":"WebSite","@id":"https:\/\/www.joguinesbague.com\/es\/#website","url":"https:\/\/www.joguinesbague.com\/es\/","name":"Joguines Bagu\u00e9","description":"Tienda de juguetes en la Bisbal d'Empord\u00e0","publisher":{"@id":"https:\/\/www.joguinesbague.com\/es\/#organization"},"potentialAction":[{"@type":"SearchAction","target":{"@type":"EntryPoint","urlTemplate":"https:\/\/www.joguinesbague.com\/es\/?s={search_term_string}"},"query-input":{"@type":"PropertyValueSpecification","valueRequired":true,"valueName":"search_term_string"}}],"inLanguage":"es"},{"@type":"Organization","@id":"https:\/\/www.joguinesbague.com\/es\/#organization","name":"Joguines Bagu\u00e9","url":"https:\/\/www.joguinesbague.com\/es\/","logo":{"@type":"ImageObject","inLanguage":"es","@id":"https:\/\/www.joguinesbague.com\/es\/#\/schema\/logo\/image\/","url":"https:\/\/www.joguinesbague.com\/wp-content\/uploads\/2020\/09\/AF-logotip-bague-02-e1599126400733.png","contentUrl":"https:\/\/www.joguinesbague.com\/wp-content\/uploads\/2020\/09\/AF-logotip-bague-02-e1599126400733.png","width":1024,"height":419,"caption":"Joguines Bagu\u00e9"},"image":{"@id":"https:\/\/www.joguinesbague.com\/es\/#\/schema\/logo\/image\/"},"sameAs":["https:\/\/www.facebook.com\/Joguines-Bagu\u00e9-112374270472618","https:\/\/www.instagram.com\/joguinesbague"]}]}},"brands":[{"id":190,"name":"Clementoni","slug":"clementoni-es"}],"_links":{"self":[{"href":"https:\/\/www.joguinesbague.com\/es\/wp-json\/wp\/v2\/product\/6116","targetHints":{"allow":["GET"]}}],"collection":[{"href":"https:\/\/www.joguinesbague.com\/es\/wp-json\/wp\/v2\/product"}],"about":[{"href":"https:\/\/www.joguinesbague.com\/es\/wp-json\/wp\/v2\/types\/product"}],"wp:featuredmedia":[{"embeddable":true,"href":"https:\/\/www.joguinesbague.com\/es\/wp-json\/wp\/v2\/media\/28520"}],"wp:attachment":[{"href":"https:\/\/www.joguinesbague.com\/es\/wp-json\/wp\/v2\/media?parent=6116"}],"wp:term":[{"taxonomy":"pwb-brand","embeddable":true,"href":"https:\/\/www.joguinesbague.com\/es\/wp-json\/wp\/v2\/pwb-brand?post=6116"},{"taxonomy":"product_cat","embeddable":true,"href":"https:\/\/www.joguinesbague.com\/es\/wp-json\/wp\/v2\/product_cat?post=6116"},{"taxonomy":"product_tag","embeddable":true,"href":"https:\/\/www.joguinesbague.com\/es\/wp-json\/wp\/v2\/product_tag?post=6116"}],"curies":[{"name":"wp","href":"https:\/\/api.w.org\/{rel}","templated":true}]}}