{"id":6088,"date":"2020-10-29T15:29:32","date_gmt":"2020-10-29T14:29:32","guid":{"rendered":"https:\/\/www.joguinesbague.com\/sin%20categor\u00eda\/masterkitchen-electronica\/"},"modified":"2022-01-07T23:00:36","modified_gmt":"2022-01-07T22:00:36","slug":"masterkitchen-electronica","status":"publish","type":"product","link":"https:\/\/www.joguinesbague.com\/es\/juguetes-de-imitacion\/masterkitchen-electronica\/","title":{"rendered":"Masterkitchen electr\u00f3nica"},"content":{"rendered":"","protected":false},"excerpt":{"rendered":"<p>Con la fabulosa <span class=\"hiddenSpellError\">cocinita<\/span>Master<\/span> <span class=\"hiddenSpellError\">Kitchen<\/span>, jugando simb\u00f3licamente las ni\u00f1as y ni\u00f1os podr\u00e1n preparar comidas, fregar platos y ordenar como si de una cocina real se tratase.<br \/>\nEsta incre\u00edble cocinita est\u00e1 equipada con horno, frigor\u00edfico, 13 accesorios y una vitrocer\u00e1mica que hace ruido.<\/p>\n","protected":false},"featured_media":6089,"template":"","meta":{"_acf_changed":false},"pwb-brand":[167],"product_cat":[156],"product_tag":[],"class_list":{"0":"post-6088","1":"product","2":"type-product","3":"status-publish","4":"has-post-thumbnail","6":"pwb-brand-molto-es","7":"product_cat-juguetes-de-imitacion","9":"first","10":"outofstock","11":"shipping-taxable","12":"purchasable","13":"product-type-simple"},"acf":[],"yoast_head":"<!-- This site is optimized with the Yoast SEO plugin v27.2 - https:\/\/yoast.com\/product\/yoast-seo-wordpress\/ -->\n<title>Masterkitchen electr\u00f3nica - Joguines Bagu\u00e9<\/title>\n<meta name=\"robots\" content=\"index, follow, max-snippet:-1, max-image-preview:large, max-video-preview:-1\" \/>\n<link rel=\"canonical\" href=\"https:\/\/www.joguinesbague.com\/es\/juguetes-de-imitacion\/masterkitchen-electronica\/\" \/>\n<meta property=\"og:locale\" content=\"es_ES\" \/>\n<meta property=\"og:type\" content=\"article\" \/>\n<meta property=\"og:title\" content=\"Masterkitchen electr\u00f3nica - Joguines Bagu\u00e9\" \/>\n<meta property=\"og:description\" content=\"Con la fabulosa cocinitaMaster Kitchen, jugando simb\u00f3licamente las ni\u00f1as y ni\u00f1os podr\u00e1n preparar comidas, fregar platos y ordenar como si de una cocina real se tratase. Esta incre\u00edble cocinita est\u00e1 equipada con horno, frigor\u00edfico, 13 accesorios y una vitrocer\u00e1mica que hace ruido.\" \/>\n<meta property=\"og:url\" content=\"https:\/\/www.joguinesbague.com\/es\/juguetes-de-imitacion\/masterkitchen-electronica\/\" \/>\n<meta property=\"og:site_name\" content=\"Joguines Bagu\u00e9\" \/>\n<meta property=\"article:publisher\" content=\"https:\/\/www.facebook.com\/Joguines-Bagu%c3%a9-112374270472618\" \/>\n<meta property=\"article:modified_time\" content=\"2022-01-07T22:00:36+00:00\" \/>\n<meta property=\"og:image\" content=\"https:\/\/www.joguinesbague.com\/wp-content\/uploads\/2020\/11\/26515166_masterkichen_0.jpg\" \/>\n\t<meta property=\"og:image:width\" content=\"1200\" \/>\n\t<meta property=\"og:image:height\" content=\"1200\" \/>\n\t<meta property=\"og:image:type\" content=\"image\/jpeg\" \/>\n<meta name=\"twitter:card\" content=\"summary_large_image\" \/>\n<script type=\"application\/ld+json\" class=\"yoast-schema-graph\">{\"@context\":\"https:\/\/schema.org\",\"@graph\":[{\"@type\":[\"WebPage\",\"ItemPage\"],\"@id\":\"https:\/\/www.joguinesbague.com\/es\/juguetes-de-imitacion\/masterkitchen-electronica\/\",\"url\":\"https:\/\/www.joguinesbague.com\/es\/juguetes-de-imitacion\/masterkitchen-electronica\/\",\"name\":\"Masterkitchen electr\u00f3nica - Joguines Bagu\u00e9\",\"isPartOf\":{\"@id\":\"https:\/\/www.joguinesbague.com\/es\/#website\"},\"primaryImageOfPage\":{\"@id\":\"https:\/\/www.joguinesbague.com\/es\/juguetes-de-imitacion\/masterkitchen-electronica\/#primaryimage\"},\"image\":{\"@id\":\"https:\/\/www.joguinesbague.com\/es\/juguetes-de-imitacion\/masterkitchen-electronica\/#primaryimage\"},\"thumbnailUrl\":\"https:\/\/www.joguinesbague.com\/wp-content\/uploads\/2020\/11\/26515166_masterkichen_0.jpg\",\"datePublished\":\"2020-10-29T14:29:32+00:00\",\"dateModified\":\"2022-01-07T22:00:36+00:00\",\"breadcrumb\":{\"@id\":\"https:\/\/www.joguinesbague.com\/es\/juguetes-de-imitacion\/masterkitchen-electronica\/#breadcrumb\"},\"inLanguage\":\"es\",\"potentialAction\":[{\"@type\":\"ReadAction\",\"target\":[\"https:\/\/www.joguinesbague.com\/es\/juguetes-de-imitacion\/masterkitchen-electronica\/\"]}]},{\"@type\":\"ImageObject\",\"inLanguage\":\"es\",\"@id\":\"https:\/\/www.joguinesbague.com\/es\/juguetes-de-imitacion\/masterkitchen-electronica\/#primaryimage\",\"url\":\"https:\/\/www.joguinesbague.com\/wp-content\/uploads\/2020\/11\/26515166_masterkichen_0.jpg\",\"contentUrl\":\"https:\/\/www.joguinesbague.com\/wp-content\/uploads\/2020\/11\/26515166_masterkichen_0.jpg\",\"width\":1200,\"height\":1200},{\"@type\":\"BreadcrumbList\",\"@id\":\"https:\/\/www.joguinesbague.com\/es\/juguetes-de-imitacion\/masterkitchen-electronica\/#breadcrumb\",\"itemListElement\":[{\"@type\":\"ListItem\",\"position\":1,\"name\":\"Inicio\",\"item\":\"https:\/\/www.joguinesbague.com\/es\/\"},{\"@type\":\"ListItem\",\"position\":2,\"name\":\"Juguetes\",\"item\":\"https:\/\/www.joguinesbague.com\/joguines\/\"},{\"@type\":\"ListItem\",\"position\":3,\"name\":\"Juguetes de imitaci\u00f3n\",\"item\":\"https:\/\/www.joguinesbague.com\/es\/juguetes-de-imitacion\/\"},{\"@type\":\"ListItem\",\"position\":4,\"name\":\"Masterkitchen electr\u00f3nica\"}]},{\"@type\":\"WebSite\",\"@id\":\"https:\/\/www.joguinesbague.com\/es\/#website\",\"url\":\"https:\/\/www.joguinesbague.com\/es\/\",\"name\":\"Joguines Bagu\u00e9\",\"description\":\"Tienda de juguetes en la Bisbal d'Empord\u00e0\",\"publisher\":{\"@id\":\"https:\/\/www.joguinesbague.com\/es\/#organization\"},\"potentialAction\":[{\"@type\":\"SearchAction\",\"target\":{\"@type\":\"EntryPoint\",\"urlTemplate\":\"https:\/\/www.joguinesbague.com\/es\/?s={search_term_string}\"},\"query-input\":{\"@type\":\"PropertyValueSpecification\",\"valueRequired\":true,\"valueName\":\"search_term_string\"}}],\"inLanguage\":\"es\"},{\"@type\":\"Organization\",\"@id\":\"https:\/\/www.joguinesbague.com\/es\/#organization\",\"name\":\"Joguines Bagu\u00e9\",\"url\":\"https:\/\/www.joguinesbague.com\/es\/\",\"logo\":{\"@type\":\"ImageObject\",\"inLanguage\":\"es\",\"@id\":\"https:\/\/www.joguinesbague.com\/es\/#\/schema\/logo\/image\/\",\"url\":\"https:\/\/www.joguinesbague.com\/wp-content\/uploads\/2020\/09\/AF-logotip-bague-02-e1599126400733.png\",\"contentUrl\":\"https:\/\/www.joguinesbague.com\/wp-content\/uploads\/2020\/09\/AF-logotip-bague-02-e1599126400733.png\",\"width\":1024,\"height\":419,\"caption\":\"Joguines Bagu\u00e9\"},\"image\":{\"@id\":\"https:\/\/www.joguinesbague.com\/es\/#\/schema\/logo\/image\/\"},\"sameAs\":[\"https:\/\/www.facebook.com\/Joguines-Bagu\u00e9-112374270472618\",\"https:\/\/www.instagram.com\/joguinesbague\"]}]}<\/script>\n<!-- \/ Yoast SEO plugin. -->","yoast_head_json":{"title":"Masterkitchen electr\u00f3nica - Joguines Bagu\u00e9","robots":{"index":"index","follow":"follow","max-snippet":"max-snippet:-1","max-image-preview":"max-image-preview:large","max-video-preview":"max-video-preview:-1"},"canonical":"https:\/\/www.joguinesbague.com\/es\/juguetes-de-imitacion\/masterkitchen-electronica\/","og_locale":"es_ES","og_type":"article","og_title":"Masterkitchen electr\u00f3nica - Joguines Bagu\u00e9","og_description":"Con la fabulosa cocinitaMaster Kitchen, jugando simb\u00f3licamente las ni\u00f1as y ni\u00f1os podr\u00e1n preparar comidas, fregar platos y ordenar como si de una cocina real se tratase. Esta incre\u00edble cocinita est\u00e1 equipada con horno, frigor\u00edfico, 13 accesorios y una vitrocer\u00e1mica que hace ruido.","og_url":"https:\/\/www.joguinesbague.com\/es\/juguetes-de-imitacion\/masterkitchen-electronica\/","og_site_name":"Joguines Bagu\u00e9","article_publisher":"https:\/\/www.facebook.com\/Joguines-Bagu%c3%a9-112374270472618","article_modified_time":"2022-01-07T22:00:36+00:00","og_image":[{"width":1200,"height":1200,"url":"https:\/\/www.joguinesbague.com\/wp-content\/uploads\/2020\/11\/26515166_masterkichen_0.jpg","type":"image\/jpeg"}],"twitter_card":"summary_large_image","schema":{"@context":"https:\/\/schema.org","@graph":[{"@type":["WebPage","ItemPage"],"@id":"https:\/\/www.joguinesbague.com\/es\/juguetes-de-imitacion\/masterkitchen-electronica\/","url":"https:\/\/www.joguinesbague.com\/es\/juguetes-de-imitacion\/masterkitchen-electronica\/","name":"Masterkitchen electr\u00f3nica - Joguines Bagu\u00e9","isPartOf":{"@id":"https:\/\/www.joguinesbague.com\/es\/#website"},"primaryImageOfPage":{"@id":"https:\/\/www.joguinesbague.com\/es\/juguetes-de-imitacion\/masterkitchen-electronica\/#primaryimage"},"image":{"@id":"https:\/\/www.joguinesbague.com\/es\/juguetes-de-imitacion\/masterkitchen-electronica\/#primaryimage"},"thumbnailUrl":"https:\/\/www.joguinesbague.com\/wp-content\/uploads\/2020\/11\/26515166_masterkichen_0.jpg","datePublished":"2020-10-29T14:29:32+00:00","dateModified":"2022-01-07T22:00:36+00:00","breadcrumb":{"@id":"https:\/\/www.joguinesbague.com\/es\/juguetes-de-imitacion\/masterkitchen-electronica\/#breadcrumb"},"inLanguage":"es","potentialAction":[{"@type":"ReadAction","target":["https:\/\/www.joguinesbague.com\/es\/juguetes-de-imitacion\/masterkitchen-electronica\/"]}]},{"@type":"ImageObject","inLanguage":"es","@id":"https:\/\/www.joguinesbague.com\/es\/juguetes-de-imitacion\/masterkitchen-electronica\/#primaryimage","url":"https:\/\/www.joguinesbague.com\/wp-content\/uploads\/2020\/11\/26515166_masterkichen_0.jpg","contentUrl":"https:\/\/www.joguinesbague.com\/wp-content\/uploads\/2020\/11\/26515166_masterkichen_0.jpg","width":1200,"height":1200},{"@type":"BreadcrumbList","@id":"https:\/\/www.joguinesbague.com\/es\/juguetes-de-imitacion\/masterkitchen-electronica\/#breadcrumb","itemListElement":[{"@type":"ListItem","position":1,"name":"Inicio","item":"https:\/\/www.joguinesbague.com\/es\/"},{"@type":"ListItem","position":2,"name":"Juguetes","item":"https:\/\/www.joguinesbague.com\/joguines\/"},{"@type":"ListItem","position":3,"name":"Juguetes de imitaci\u00f3n","item":"https:\/\/www.joguinesbague.com\/es\/juguetes-de-imitacion\/"},{"@type":"ListItem","position":4,"name":"Masterkitchen electr\u00f3nica"}]},{"@type":"WebSite","@id":"https:\/\/www.joguinesbague.com\/es\/#website","url":"https:\/\/www.joguinesbague.com\/es\/","name":"Joguines Bagu\u00e9","description":"Tienda de juguetes en la Bisbal d'Empord\u00e0","publisher":{"@id":"https:\/\/www.joguinesbague.com\/es\/#organization"},"potentialAction":[{"@type":"SearchAction","target":{"@type":"EntryPoint","urlTemplate":"https:\/\/www.joguinesbague.com\/es\/?s={search_term_string}"},"query-input":{"@type":"PropertyValueSpecification","valueRequired":true,"valueName":"search_term_string"}}],"inLanguage":"es"},{"@type":"Organization","@id":"https:\/\/www.joguinesbague.com\/es\/#organization","name":"Joguines Bagu\u00e9","url":"https:\/\/www.joguinesbague.com\/es\/","logo":{"@type":"ImageObject","inLanguage":"es","@id":"https:\/\/www.joguinesbague.com\/es\/#\/schema\/logo\/image\/","url":"https:\/\/www.joguinesbague.com\/wp-content\/uploads\/2020\/09\/AF-logotip-bague-02-e1599126400733.png","contentUrl":"https:\/\/www.joguinesbague.com\/wp-content\/uploads\/2020\/09\/AF-logotip-bague-02-e1599126400733.png","width":1024,"height":419,"caption":"Joguines Bagu\u00e9"},"image":{"@id":"https:\/\/www.joguinesbague.com\/es\/#\/schema\/logo\/image\/"},"sameAs":["https:\/\/www.facebook.com\/Joguines-Bagu\u00e9-112374270472618","https:\/\/www.instagram.com\/joguinesbague"]}]}},"brands":[{"id":167,"name":"Molt\u00f3","slug":"molto-es"}],"_links":{"self":[{"href":"https:\/\/www.joguinesbague.com\/es\/wp-json\/wp\/v2\/product\/6088","targetHints":{"allow":["GET"]}}],"collection":[{"href":"https:\/\/www.joguinesbague.com\/es\/wp-json\/wp\/v2\/product"}],"about":[{"href":"https:\/\/www.joguinesbague.com\/es\/wp-json\/wp\/v2\/types\/product"}],"wp:featuredmedia":[{"embeddable":true,"href":"https:\/\/www.joguinesbague.com\/es\/wp-json\/wp\/v2\/media\/6089"}],"wp:attachment":[{"href":"https:\/\/www.joguinesbague.com\/es\/wp-json\/wp\/v2\/media?parent=6088"}],"wp:term":[{"taxonomy":"pwb-brand","embeddable":true,"href":"https:\/\/www.joguinesbague.com\/es\/wp-json\/wp\/v2\/pwb-brand?post=6088"},{"taxonomy":"product_cat","embeddable":true,"href":"https:\/\/www.joguinesbague.com\/es\/wp-json\/wp\/v2\/product_cat?post=6088"},{"taxonomy":"product_tag","embeddable":true,"href":"https:\/\/www.joguinesbague.com\/es\/wp-json\/wp\/v2\/product_tag?post=6088"}],"curies":[{"name":"wp","href":"https:\/\/api.w.org\/{rel}","templated":true}]}}