{"id":29458,"date":"2026-02-13T10:22:19","date_gmt":"2026-02-13T09:22:19","guid":{"rendered":"https:\/\/www.joguinesbague.com\/sin categor\u00eda\/coche-de-spider-man-vs-lobezno-venomizado-76336\/"},"modified":"2026-02-13T10:27:56","modified_gmt":"2026-02-13T09:27:56","slug":"coche-de-spider-man-vs-lobezno-venomizado-76336","status":"publish","type":"product","link":"https:\/\/www.joguinesbague.com\/es\/lego-es\/coche-de-spider-man-vs-lobezno-venomizado-76336\/","title":{"rendered":"Coche de Spider-Man vs Lobezno Venomizado 76336"},"content":{"rendered":"","protected":false},"excerpt":{"rendered":"<p>Un set de construcci\u00f3n de la serie Lego Marvel Super Heroes inspirado en el universo de Spider-Man. Este modelo incluye un coche rojo y azul de Spider-Man con un mecanismo trasero para activar dos ca\u00f1ones frontales, tambi\u00e9n contiene dos minifiguras: Spider-Man y Lobezno Venomizado, esta \u00faltima haciendo su primera aparici\u00f3n en un set Lego oficial. <\/p>\n<p>La caja est\u00e1 pensada para ni\u00f1os y ni\u00f1as a partir de 7 a\u00f1os y contiene un total de 134 piezas, ideal para juego simb\u00f3lico, din\u00e1micos o para exhibir.<\/p>\n","protected":false},"featured_media":29449,"template":"","meta":{"_acf_changed":false},"pwb-brand":[191],"product_cat":[415,393,380],"product_tag":[],"class_list":{"0":"post-29458","1":"product","2":"type-product","3":"status-publish","4":"has-post-thumbnail","6":"pwb-brand-lego-es","7":"product_cat-7-8-anos","8":"product_cat-cajas-de-lego","9":"product_cat-lego-es","11":"first","12":"instock","13":"shipping-taxable","14":"purchasable","15":"product-type-simple"},"acf":[],"yoast_head":"<!-- This site is optimized with the Yoast SEO plugin v27.2 - https:\/\/yoast.com\/product\/yoast-seo-wordpress\/ -->\n<title>Coche de Spider-Man vs Lobezno Venomizado 76336 - Joguines Bagu\u00e9<\/title>\n<meta name=\"robots\" content=\"index, follow, max-snippet:-1, max-image-preview:large, max-video-preview:-1\" \/>\n<link rel=\"canonical\" href=\"https:\/\/www.joguinesbague.com\/es\/lego-es\/coche-de-spider-man-vs-lobezno-venomizado-76336\/\" \/>\n<meta property=\"og:locale\" content=\"es_ES\" \/>\n<meta property=\"og:type\" content=\"article\" \/>\n<meta property=\"og:title\" content=\"Coche de Spider-Man vs Lobezno Venomizado 76336 - Joguines Bagu\u00e9\" \/>\n<meta property=\"og:description\" content=\"Un set de construcci\u00f3n de la serie Lego Marvel Super Heroes inspirado en el universo de Spider-Man. Este modelo incluye un coche rojo y azul de Spider-Man con un mecanismo trasero para activar dos ca\u00f1ones frontales, tambi\u00e9n contiene dos minifiguras: Spider-Man y Lobezno Venomizado, esta \u00faltima haciendo su primera aparici\u00f3n en un set Lego oficial.  La caja est\u00e1 pensada para ni\u00f1os y ni\u00f1as a partir de 7 a\u00f1os y contiene un total de 134 piezas, ideal para juego simb\u00f3lico, din\u00e1micos o para exhibir.\" \/>\n<meta property=\"og:url\" content=\"https:\/\/www.joguinesbague.com\/es\/lego-es\/coche-de-spider-man-vs-lobezno-venomizado-76336\/\" \/>\n<meta property=\"og:site_name\" content=\"Joguines Bagu\u00e9\" \/>\n<meta property=\"article:publisher\" content=\"https:\/\/www.facebook.com\/Joguines-Bagu%c3%a9-112374270472618\" \/>\n<meta property=\"article:modified_time\" content=\"2026-02-13T09:27:56+00:00\" \/>\n<meta property=\"og:image\" content=\"https:\/\/www.joguinesbague.com\/wp-content\/uploads\/2026\/02\/22576336_spider_3.jpg\" \/>\n\t<meta property=\"og:image:width\" content=\"800\" \/>\n\t<meta property=\"og:image:height\" content=\"800\" \/>\n\t<meta property=\"og:image:type\" content=\"image\/jpeg\" \/>\n<meta name=\"twitter:card\" content=\"summary_large_image\" \/>\n<script type=\"application\/ld+json\" class=\"yoast-schema-graph\">{\"@context\":\"https:\/\/schema.org\",\"@graph\":[{\"@type\":[\"WebPage\",\"ItemPage\"],\"@id\":\"https:\/\/www.joguinesbague.com\/es\/lego-es\/coche-de-spider-man-vs-lobezno-venomizado-76336\/\",\"url\":\"https:\/\/www.joguinesbague.com\/es\/lego-es\/coche-de-spider-man-vs-lobezno-venomizado-76336\/\",\"name\":\"Coche de Spider-Man vs Lobezno Venomizado 76336 - Joguines Bagu\u00e9\",\"isPartOf\":{\"@id\":\"https:\/\/www.joguinesbague.com\/es\/#website\"},\"primaryImageOfPage\":{\"@id\":\"https:\/\/www.joguinesbague.com\/es\/lego-es\/coche-de-spider-man-vs-lobezno-venomizado-76336\/#primaryimage\"},\"image\":{\"@id\":\"https:\/\/www.joguinesbague.com\/es\/lego-es\/coche-de-spider-man-vs-lobezno-venomizado-76336\/#primaryimage\"},\"thumbnailUrl\":\"https:\/\/www.joguinesbague.com\/wp-content\/uploads\/2026\/02\/22576336_spider_3.jpg\",\"datePublished\":\"2026-02-13T09:22:19+00:00\",\"dateModified\":\"2026-02-13T09:27:56+00:00\",\"breadcrumb\":{\"@id\":\"https:\/\/www.joguinesbague.com\/es\/lego-es\/coche-de-spider-man-vs-lobezno-venomizado-76336\/#breadcrumb\"},\"inLanguage\":\"es\",\"potentialAction\":[{\"@type\":\"ReadAction\",\"target\":[\"https:\/\/www.joguinesbague.com\/es\/lego-es\/coche-de-spider-man-vs-lobezno-venomizado-76336\/\"]}]},{\"@type\":\"ImageObject\",\"inLanguage\":\"es\",\"@id\":\"https:\/\/www.joguinesbague.com\/es\/lego-es\/coche-de-spider-man-vs-lobezno-venomizado-76336\/#primaryimage\",\"url\":\"https:\/\/www.joguinesbague.com\/wp-content\/uploads\/2026\/02\/22576336_spider_3.jpg\",\"contentUrl\":\"https:\/\/www.joguinesbague.com\/wp-content\/uploads\/2026\/02\/22576336_spider_3.jpg\",\"width\":800,\"height\":800},{\"@type\":\"BreadcrumbList\",\"@id\":\"https:\/\/www.joguinesbague.com\/es\/lego-es\/coche-de-spider-man-vs-lobezno-venomizado-76336\/#breadcrumb\",\"itemListElement\":[{\"@type\":\"ListItem\",\"position\":1,\"name\":\"Inicio\",\"item\":\"https:\/\/www.joguinesbague.com\/es\/\"},{\"@type\":\"ListItem\",\"position\":2,\"name\":\"Juguetes\",\"item\":\"https:\/\/www.joguinesbague.com\/joguines\/\"},{\"@type\":\"ListItem\",\"position\":3,\"name\":\"Lego\",\"item\":\"https:\/\/www.joguinesbague.com\/es\/lego-es\/\"},{\"@type\":\"ListItem\",\"position\":4,\"name\":\"Coche de Spider-Man vs Lobezno Venomizado 76336\"}]},{\"@type\":\"WebSite\",\"@id\":\"https:\/\/www.joguinesbague.com\/es\/#website\",\"url\":\"https:\/\/www.joguinesbague.com\/es\/\",\"name\":\"Joguines Bagu\u00e9\",\"description\":\"Tienda de juguetes en la Bisbal d'Empord\u00e0\",\"publisher\":{\"@id\":\"https:\/\/www.joguinesbague.com\/es\/#organization\"},\"potentialAction\":[{\"@type\":\"SearchAction\",\"target\":{\"@type\":\"EntryPoint\",\"urlTemplate\":\"https:\/\/www.joguinesbague.com\/es\/?s={search_term_string}\"},\"query-input\":{\"@type\":\"PropertyValueSpecification\",\"valueRequired\":true,\"valueName\":\"search_term_string\"}}],\"inLanguage\":\"es\"},{\"@type\":\"Organization\",\"@id\":\"https:\/\/www.joguinesbague.com\/es\/#organization\",\"name\":\"Joguines Bagu\u00e9\",\"url\":\"https:\/\/www.joguinesbague.com\/es\/\",\"logo\":{\"@type\":\"ImageObject\",\"inLanguage\":\"es\",\"@id\":\"https:\/\/www.joguinesbague.com\/es\/#\/schema\/logo\/image\/\",\"url\":\"https:\/\/www.joguinesbague.com\/wp-content\/uploads\/2020\/09\/AF-logotip-bague-02-e1599126400733.png\",\"contentUrl\":\"https:\/\/www.joguinesbague.com\/wp-content\/uploads\/2020\/09\/AF-logotip-bague-02-e1599126400733.png\",\"width\":1024,\"height\":419,\"caption\":\"Joguines Bagu\u00e9\"},\"image\":{\"@id\":\"https:\/\/www.joguinesbague.com\/es\/#\/schema\/logo\/image\/\"},\"sameAs\":[\"https:\/\/www.facebook.com\/Joguines-Bagu\u00e9-112374270472618\",\"https:\/\/www.instagram.com\/joguinesbague\"]}]}<\/script>\n<!-- \/ Yoast SEO plugin. -->","yoast_head_json":{"title":"Coche de Spider-Man vs Lobezno Venomizado 76336 - Joguines Bagu\u00e9","robots":{"index":"index","follow":"follow","max-snippet":"max-snippet:-1","max-image-preview":"max-image-preview:large","max-video-preview":"max-video-preview:-1"},"canonical":"https:\/\/www.joguinesbague.com\/es\/lego-es\/coche-de-spider-man-vs-lobezno-venomizado-76336\/","og_locale":"es_ES","og_type":"article","og_title":"Coche de Spider-Man vs Lobezno Venomizado 76336 - Joguines Bagu\u00e9","og_description":"Un set de construcci\u00f3n de la serie Lego Marvel Super Heroes inspirado en el universo de Spider-Man. Este modelo incluye un coche rojo y azul de Spider-Man con un mecanismo trasero para activar dos ca\u00f1ones frontales, tambi\u00e9n contiene dos minifiguras: Spider-Man y Lobezno Venomizado, esta \u00faltima haciendo su primera aparici\u00f3n en un set Lego oficial.  La caja est\u00e1 pensada para ni\u00f1os y ni\u00f1as a partir de 7 a\u00f1os y contiene un total de 134 piezas, ideal para juego simb\u00f3lico, din\u00e1micos o para exhibir.","og_url":"https:\/\/www.joguinesbague.com\/es\/lego-es\/coche-de-spider-man-vs-lobezno-venomizado-76336\/","og_site_name":"Joguines Bagu\u00e9","article_publisher":"https:\/\/www.facebook.com\/Joguines-Bagu%c3%a9-112374270472618","article_modified_time":"2026-02-13T09:27:56+00:00","og_image":[{"width":800,"height":800,"url":"https:\/\/www.joguinesbague.com\/wp-content\/uploads\/2026\/02\/22576336_spider_3.jpg","type":"image\/jpeg"}],"twitter_card":"summary_large_image","schema":{"@context":"https:\/\/schema.org","@graph":[{"@type":["WebPage","ItemPage"],"@id":"https:\/\/www.joguinesbague.com\/es\/lego-es\/coche-de-spider-man-vs-lobezno-venomizado-76336\/","url":"https:\/\/www.joguinesbague.com\/es\/lego-es\/coche-de-spider-man-vs-lobezno-venomizado-76336\/","name":"Coche de Spider-Man vs Lobezno Venomizado 76336 - Joguines Bagu\u00e9","isPartOf":{"@id":"https:\/\/www.joguinesbague.com\/es\/#website"},"primaryImageOfPage":{"@id":"https:\/\/www.joguinesbague.com\/es\/lego-es\/coche-de-spider-man-vs-lobezno-venomizado-76336\/#primaryimage"},"image":{"@id":"https:\/\/www.joguinesbague.com\/es\/lego-es\/coche-de-spider-man-vs-lobezno-venomizado-76336\/#primaryimage"},"thumbnailUrl":"https:\/\/www.joguinesbague.com\/wp-content\/uploads\/2026\/02\/22576336_spider_3.jpg","datePublished":"2026-02-13T09:22:19+00:00","dateModified":"2026-02-13T09:27:56+00:00","breadcrumb":{"@id":"https:\/\/www.joguinesbague.com\/es\/lego-es\/coche-de-spider-man-vs-lobezno-venomizado-76336\/#breadcrumb"},"inLanguage":"es","potentialAction":[{"@type":"ReadAction","target":["https:\/\/www.joguinesbague.com\/es\/lego-es\/coche-de-spider-man-vs-lobezno-venomizado-76336\/"]}]},{"@type":"ImageObject","inLanguage":"es","@id":"https:\/\/www.joguinesbague.com\/es\/lego-es\/coche-de-spider-man-vs-lobezno-venomizado-76336\/#primaryimage","url":"https:\/\/www.joguinesbague.com\/wp-content\/uploads\/2026\/02\/22576336_spider_3.jpg","contentUrl":"https:\/\/www.joguinesbague.com\/wp-content\/uploads\/2026\/02\/22576336_spider_3.jpg","width":800,"height":800},{"@type":"BreadcrumbList","@id":"https:\/\/www.joguinesbague.com\/es\/lego-es\/coche-de-spider-man-vs-lobezno-venomizado-76336\/#breadcrumb","itemListElement":[{"@type":"ListItem","position":1,"name":"Inicio","item":"https:\/\/www.joguinesbague.com\/es\/"},{"@type":"ListItem","position":2,"name":"Juguetes","item":"https:\/\/www.joguinesbague.com\/joguines\/"},{"@type":"ListItem","position":3,"name":"Lego","item":"https:\/\/www.joguinesbague.com\/es\/lego-es\/"},{"@type":"ListItem","position":4,"name":"Coche de Spider-Man vs Lobezno Venomizado 76336"}]},{"@type":"WebSite","@id":"https:\/\/www.joguinesbague.com\/es\/#website","url":"https:\/\/www.joguinesbague.com\/es\/","name":"Joguines Bagu\u00e9","description":"Tienda de juguetes en la Bisbal d'Empord\u00e0","publisher":{"@id":"https:\/\/www.joguinesbague.com\/es\/#organization"},"potentialAction":[{"@type":"SearchAction","target":{"@type":"EntryPoint","urlTemplate":"https:\/\/www.joguinesbague.com\/es\/?s={search_term_string}"},"query-input":{"@type":"PropertyValueSpecification","valueRequired":true,"valueName":"search_term_string"}}],"inLanguage":"es"},{"@type":"Organization","@id":"https:\/\/www.joguinesbague.com\/es\/#organization","name":"Joguines Bagu\u00e9","url":"https:\/\/www.joguinesbague.com\/es\/","logo":{"@type":"ImageObject","inLanguage":"es","@id":"https:\/\/www.joguinesbague.com\/es\/#\/schema\/logo\/image\/","url":"https:\/\/www.joguinesbague.com\/wp-content\/uploads\/2020\/09\/AF-logotip-bague-02-e1599126400733.png","contentUrl":"https:\/\/www.joguinesbague.com\/wp-content\/uploads\/2020\/09\/AF-logotip-bague-02-e1599126400733.png","width":1024,"height":419,"caption":"Joguines Bagu\u00e9"},"image":{"@id":"https:\/\/www.joguinesbague.com\/es\/#\/schema\/logo\/image\/"},"sameAs":["https:\/\/www.facebook.com\/Joguines-Bagu\u00e9-112374270472618","https:\/\/www.instagram.com\/joguinesbague"]}]}},"brands":[{"id":191,"name":"Lego","slug":"lego-es"}],"_links":{"self":[{"href":"https:\/\/www.joguinesbague.com\/es\/wp-json\/wp\/v2\/product\/29458","targetHints":{"allow":["GET"]}}],"collection":[{"href":"https:\/\/www.joguinesbague.com\/es\/wp-json\/wp\/v2\/product"}],"about":[{"href":"https:\/\/www.joguinesbague.com\/es\/wp-json\/wp\/v2\/types\/product"}],"wp:featuredmedia":[{"embeddable":true,"href":"https:\/\/www.joguinesbague.com\/es\/wp-json\/wp\/v2\/media\/29449"}],"wp:attachment":[{"href":"https:\/\/www.joguinesbague.com\/es\/wp-json\/wp\/v2\/media?parent=29458"}],"wp:term":[{"taxonomy":"pwb-brand","embeddable":true,"href":"https:\/\/www.joguinesbague.com\/es\/wp-json\/wp\/v2\/pwb-brand?post=29458"},{"taxonomy":"product_cat","embeddable":true,"href":"https:\/\/www.joguinesbague.com\/es\/wp-json\/wp\/v2\/product_cat?post=29458"},{"taxonomy":"product_tag","embeddable":true,"href":"https:\/\/www.joguinesbague.com\/es\/wp-json\/wp\/v2\/product_tag?post=29458"}],"curies":[{"name":"wp","href":"https:\/\/api.w.org\/{rel}","templated":true}]}}