{"id":28133,"date":"2025-10-16T17:56:05","date_gmt":"2025-10-16T15:56:05","guid":{"rendered":"https:\/\/www.joguinesbague.com\/sin categor\u00eda\/peanut-the-monkey-furreal\/"},"modified":"2025-10-16T17:57:31","modified_gmt":"2025-10-16T15:57:31","slug":"peanut-the-monkey-furreal","status":"publish","type":"product","link":"https:\/\/www.joguinesbague.com\/es\/3-4-anos\/peanut-the-monkey-furreal\/","title":{"rendered":"Peanut The Monkey &#8211; FurReal"},"content":{"rendered":"","protected":false},"excerpt":{"rendered":"<p>Descubre la magia de jugar con Peanut el Mono, un juguete interactivo que responde a las caricias y al contacto. Con m\u00e1s de 100 reacciones distintas, este simp\u00e1tico primate combina movimiento, sonido y expresi\u00f3n para que los ni\u00f1os vivan una experiencia de juego realista y emocionante. <\/p>\n<p>Algunas de las funciones m\u00e1s destacadas de este juguete son el movimiento, camina, se levanta del suelo, se mueve cuando lo coges de la mano y tambi\u00e9n bebe agua de su botella. Por otra parte, tiene una gran multitud de expresiones divertidas, se r\u00ede cuando le haces cosquillas, abre y cierra los ojos e incluso detecta cuando lo cogen despu\u00e9s de la siesta. <\/p>\n","protected":false},"featured_media":28127,"template":"","meta":{"_acf_changed":false},"pwb-brand":[427],"product_cat":[417,157],"product_tag":[],"class_list":{"0":"post-28133","1":"product","2":"type-product","3":"status-publish","4":"has-post-thumbnail","6":"pwb-brand-just-play-es","7":"product_cat-3-4-anos","8":"product_cat-juguetes-electronicos","10":"first","11":"outofstock","12":"shipping-taxable","13":"purchasable","14":"product-type-simple"},"acf":[],"yoast_head":"<!-- This site is optimized with the Yoast SEO plugin v27.2 - https:\/\/yoast.com\/product\/yoast-seo-wordpress\/ -->\n<title>Peanut The Monkey - FurReal - Joguines Bagu\u00e9<\/title>\n<meta name=\"robots\" content=\"index, follow, max-snippet:-1, max-image-preview:large, max-video-preview:-1\" \/>\n<link rel=\"canonical\" href=\"https:\/\/www.joguinesbague.com\/es\/3-4-anos\/peanut-the-monkey-furreal\/\" \/>\n<meta property=\"og:locale\" content=\"es_ES\" \/>\n<meta property=\"og:type\" content=\"article\" \/>\n<meta property=\"og:title\" content=\"Peanut The Monkey - FurReal - Joguines Bagu\u00e9\" \/>\n<meta property=\"og:description\" content=\"Descubre la magia de jugar con Peanut el Mono, un juguete interactivo que responde a las caricias y al contacto. Con m\u00e1s de 100 reacciones distintas, este simp\u00e1tico primate combina movimiento, sonido y expresi\u00f3n para que los ni\u00f1os vivan una experiencia de juego realista y emocionante.  Algunas de las funciones m\u00e1s destacadas de este juguete son el movimiento, camina, se levanta del suelo, se mueve cuando lo coges de la mano y tambi\u00e9n bebe agua de su botella. Por otra parte, tiene una gran multitud de expresiones divertidas, se r\u00ede cuando le haces cosquillas, abre y cierra los ojos e incluso detecta cuando lo cogen despu\u00e9s de la siesta.\" \/>\n<meta property=\"og:url\" content=\"https:\/\/www.joguinesbague.com\/es\/3-4-anos\/peanut-the-monkey-furreal\/\" \/>\n<meta property=\"og:site_name\" content=\"Joguines Bagu\u00e9\" \/>\n<meta property=\"article:publisher\" content=\"https:\/\/www.facebook.com\/Joguines-Bagu%c3%a9-112374270472618\" \/>\n<meta property=\"article:modified_time\" content=\"2025-10-16T15:57:31+00:00\" \/>\n<meta property=\"og:image\" content=\"https:\/\/www.joguinesbague.com\/wp-content\/uploads\/2025\/10\/79588272_mono_4.jpg\" \/>\n\t<meta property=\"og:image:width\" content=\"800\" \/>\n\t<meta property=\"og:image:height\" content=\"800\" \/>\n\t<meta property=\"og:image:type\" content=\"image\/jpeg\" \/>\n<meta name=\"twitter:card\" content=\"summary_large_image\" \/>\n<script type=\"application\/ld+json\" class=\"yoast-schema-graph\">{\"@context\":\"https:\/\/schema.org\",\"@graph\":[{\"@type\":[\"WebPage\",\"ItemPage\"],\"@id\":\"https:\/\/www.joguinesbague.com\/es\/3-4-anos\/peanut-the-monkey-furreal\/\",\"url\":\"https:\/\/www.joguinesbague.com\/es\/3-4-anos\/peanut-the-monkey-furreal\/\",\"name\":\"Peanut The Monkey - FurReal - Joguines Bagu\u00e9\",\"isPartOf\":{\"@id\":\"https:\/\/www.joguinesbague.com\/es\/#website\"},\"primaryImageOfPage\":{\"@id\":\"https:\/\/www.joguinesbague.com\/es\/3-4-anos\/peanut-the-monkey-furreal\/#primaryimage\"},\"image\":{\"@id\":\"https:\/\/www.joguinesbague.com\/es\/3-4-anos\/peanut-the-monkey-furreal\/#primaryimage\"},\"thumbnailUrl\":\"https:\/\/www.joguinesbague.com\/wp-content\/uploads\/2025\/10\/79588272_mono_4.jpg\",\"datePublished\":\"2025-10-16T15:56:05+00:00\",\"dateModified\":\"2025-10-16T15:57:31+00:00\",\"breadcrumb\":{\"@id\":\"https:\/\/www.joguinesbague.com\/es\/3-4-anos\/peanut-the-monkey-furreal\/#breadcrumb\"},\"inLanguage\":\"es\",\"potentialAction\":[{\"@type\":\"ReadAction\",\"target\":[\"https:\/\/www.joguinesbague.com\/es\/3-4-anos\/peanut-the-monkey-furreal\/\"]}]},{\"@type\":\"ImageObject\",\"inLanguage\":\"es\",\"@id\":\"https:\/\/www.joguinesbague.com\/es\/3-4-anos\/peanut-the-monkey-furreal\/#primaryimage\",\"url\":\"https:\/\/www.joguinesbague.com\/wp-content\/uploads\/2025\/10\/79588272_mono_4.jpg\",\"contentUrl\":\"https:\/\/www.joguinesbague.com\/wp-content\/uploads\/2025\/10\/79588272_mono_4.jpg\",\"width\":800,\"height\":800},{\"@type\":\"BreadcrumbList\",\"@id\":\"https:\/\/www.joguinesbague.com\/es\/3-4-anos\/peanut-the-monkey-furreal\/#breadcrumb\",\"itemListElement\":[{\"@type\":\"ListItem\",\"position\":1,\"name\":\"Inicio\",\"item\":\"https:\/\/www.joguinesbague.com\/es\/\"},{\"@type\":\"ListItem\",\"position\":2,\"name\":\"Juguetes\",\"item\":\"https:\/\/www.joguinesbague.com\/joguines\/\"},{\"@type\":\"ListItem\",\"position\":3,\"name\":\"3 - 4 a\u00f1os\",\"item\":\"https:\/\/www.joguinesbague.com\/es\/3-4-anos\/\"},{\"@type\":\"ListItem\",\"position\":4,\"name\":\"Peanut The Monkey &#8211; FurReal\"}]},{\"@type\":\"WebSite\",\"@id\":\"https:\/\/www.joguinesbague.com\/es\/#website\",\"url\":\"https:\/\/www.joguinesbague.com\/es\/\",\"name\":\"Joguines Bagu\u00e9\",\"description\":\"Tienda de juguetes en la Bisbal d'Empord\u00e0\",\"publisher\":{\"@id\":\"https:\/\/www.joguinesbague.com\/es\/#organization\"},\"potentialAction\":[{\"@type\":\"SearchAction\",\"target\":{\"@type\":\"EntryPoint\",\"urlTemplate\":\"https:\/\/www.joguinesbague.com\/es\/?s={search_term_string}\"},\"query-input\":{\"@type\":\"PropertyValueSpecification\",\"valueRequired\":true,\"valueName\":\"search_term_string\"}}],\"inLanguage\":\"es\"},{\"@type\":\"Organization\",\"@id\":\"https:\/\/www.joguinesbague.com\/es\/#organization\",\"name\":\"Joguines Bagu\u00e9\",\"url\":\"https:\/\/www.joguinesbague.com\/es\/\",\"logo\":{\"@type\":\"ImageObject\",\"inLanguage\":\"es\",\"@id\":\"https:\/\/www.joguinesbague.com\/es\/#\/schema\/logo\/image\/\",\"url\":\"https:\/\/www.joguinesbague.com\/wp-content\/uploads\/2020\/09\/AF-logotip-bague-02-e1599126400733.png\",\"contentUrl\":\"https:\/\/www.joguinesbague.com\/wp-content\/uploads\/2020\/09\/AF-logotip-bague-02-e1599126400733.png\",\"width\":1024,\"height\":419,\"caption\":\"Joguines Bagu\u00e9\"},\"image\":{\"@id\":\"https:\/\/www.joguinesbague.com\/es\/#\/schema\/logo\/image\/\"},\"sameAs\":[\"https:\/\/www.facebook.com\/Joguines-Bagu\u00e9-112374270472618\",\"https:\/\/www.instagram.com\/joguinesbague\"]}]}<\/script>\n<!-- \/ Yoast SEO plugin. -->","yoast_head_json":{"title":"Peanut The Monkey - FurReal - Joguines Bagu\u00e9","robots":{"index":"index","follow":"follow","max-snippet":"max-snippet:-1","max-image-preview":"max-image-preview:large","max-video-preview":"max-video-preview:-1"},"canonical":"https:\/\/www.joguinesbague.com\/es\/3-4-anos\/peanut-the-monkey-furreal\/","og_locale":"es_ES","og_type":"article","og_title":"Peanut The Monkey - FurReal - Joguines Bagu\u00e9","og_description":"Descubre la magia de jugar con Peanut el Mono, un juguete interactivo que responde a las caricias y al contacto. Con m\u00e1s de 100 reacciones distintas, este simp\u00e1tico primate combina movimiento, sonido y expresi\u00f3n para que los ni\u00f1os vivan una experiencia de juego realista y emocionante.  Algunas de las funciones m\u00e1s destacadas de este juguete son el movimiento, camina, se levanta del suelo, se mueve cuando lo coges de la mano y tambi\u00e9n bebe agua de su botella. Por otra parte, tiene una gran multitud de expresiones divertidas, se r\u00ede cuando le haces cosquillas, abre y cierra los ojos e incluso detecta cuando lo cogen despu\u00e9s de la siesta.","og_url":"https:\/\/www.joguinesbague.com\/es\/3-4-anos\/peanut-the-monkey-furreal\/","og_site_name":"Joguines Bagu\u00e9","article_publisher":"https:\/\/www.facebook.com\/Joguines-Bagu%c3%a9-112374270472618","article_modified_time":"2025-10-16T15:57:31+00:00","og_image":[{"width":800,"height":800,"url":"https:\/\/www.joguinesbague.com\/wp-content\/uploads\/2025\/10\/79588272_mono_4.jpg","type":"image\/jpeg"}],"twitter_card":"summary_large_image","schema":{"@context":"https:\/\/schema.org","@graph":[{"@type":["WebPage","ItemPage"],"@id":"https:\/\/www.joguinesbague.com\/es\/3-4-anos\/peanut-the-monkey-furreal\/","url":"https:\/\/www.joguinesbague.com\/es\/3-4-anos\/peanut-the-monkey-furreal\/","name":"Peanut The Monkey - FurReal - Joguines Bagu\u00e9","isPartOf":{"@id":"https:\/\/www.joguinesbague.com\/es\/#website"},"primaryImageOfPage":{"@id":"https:\/\/www.joguinesbague.com\/es\/3-4-anos\/peanut-the-monkey-furreal\/#primaryimage"},"image":{"@id":"https:\/\/www.joguinesbague.com\/es\/3-4-anos\/peanut-the-monkey-furreal\/#primaryimage"},"thumbnailUrl":"https:\/\/www.joguinesbague.com\/wp-content\/uploads\/2025\/10\/79588272_mono_4.jpg","datePublished":"2025-10-16T15:56:05+00:00","dateModified":"2025-10-16T15:57:31+00:00","breadcrumb":{"@id":"https:\/\/www.joguinesbague.com\/es\/3-4-anos\/peanut-the-monkey-furreal\/#breadcrumb"},"inLanguage":"es","potentialAction":[{"@type":"ReadAction","target":["https:\/\/www.joguinesbague.com\/es\/3-4-anos\/peanut-the-monkey-furreal\/"]}]},{"@type":"ImageObject","inLanguage":"es","@id":"https:\/\/www.joguinesbague.com\/es\/3-4-anos\/peanut-the-monkey-furreal\/#primaryimage","url":"https:\/\/www.joguinesbague.com\/wp-content\/uploads\/2025\/10\/79588272_mono_4.jpg","contentUrl":"https:\/\/www.joguinesbague.com\/wp-content\/uploads\/2025\/10\/79588272_mono_4.jpg","width":800,"height":800},{"@type":"BreadcrumbList","@id":"https:\/\/www.joguinesbague.com\/es\/3-4-anos\/peanut-the-monkey-furreal\/#breadcrumb","itemListElement":[{"@type":"ListItem","position":1,"name":"Inicio","item":"https:\/\/www.joguinesbague.com\/es\/"},{"@type":"ListItem","position":2,"name":"Juguetes","item":"https:\/\/www.joguinesbague.com\/joguines\/"},{"@type":"ListItem","position":3,"name":"3 - 4 a\u00f1os","item":"https:\/\/www.joguinesbague.com\/es\/3-4-anos\/"},{"@type":"ListItem","position":4,"name":"Peanut The Monkey &#8211; FurReal"}]},{"@type":"WebSite","@id":"https:\/\/www.joguinesbague.com\/es\/#website","url":"https:\/\/www.joguinesbague.com\/es\/","name":"Joguines Bagu\u00e9","description":"Tienda de juguetes en la Bisbal d'Empord\u00e0","publisher":{"@id":"https:\/\/www.joguinesbague.com\/es\/#organization"},"potentialAction":[{"@type":"SearchAction","target":{"@type":"EntryPoint","urlTemplate":"https:\/\/www.joguinesbague.com\/es\/?s={search_term_string}"},"query-input":{"@type":"PropertyValueSpecification","valueRequired":true,"valueName":"search_term_string"}}],"inLanguage":"es"},{"@type":"Organization","@id":"https:\/\/www.joguinesbague.com\/es\/#organization","name":"Joguines Bagu\u00e9","url":"https:\/\/www.joguinesbague.com\/es\/","logo":{"@type":"ImageObject","inLanguage":"es","@id":"https:\/\/www.joguinesbague.com\/es\/#\/schema\/logo\/image\/","url":"https:\/\/www.joguinesbague.com\/wp-content\/uploads\/2020\/09\/AF-logotip-bague-02-e1599126400733.png","contentUrl":"https:\/\/www.joguinesbague.com\/wp-content\/uploads\/2020\/09\/AF-logotip-bague-02-e1599126400733.png","width":1024,"height":419,"caption":"Joguines Bagu\u00e9"},"image":{"@id":"https:\/\/www.joguinesbague.com\/es\/#\/schema\/logo\/image\/"},"sameAs":["https:\/\/www.facebook.com\/Joguines-Bagu\u00e9-112374270472618","https:\/\/www.instagram.com\/joguinesbague"]}]}},"brands":[{"id":427,"name":"Just Play","slug":"just-play-es"}],"_links":{"self":[{"href":"https:\/\/www.joguinesbague.com\/es\/wp-json\/wp\/v2\/product\/28133","targetHints":{"allow":["GET"]}}],"collection":[{"href":"https:\/\/www.joguinesbague.com\/es\/wp-json\/wp\/v2\/product"}],"about":[{"href":"https:\/\/www.joguinesbague.com\/es\/wp-json\/wp\/v2\/types\/product"}],"wp:featuredmedia":[{"embeddable":true,"href":"https:\/\/www.joguinesbague.com\/es\/wp-json\/wp\/v2\/media\/28127"}],"wp:attachment":[{"href":"https:\/\/www.joguinesbague.com\/es\/wp-json\/wp\/v2\/media?parent=28133"}],"wp:term":[{"taxonomy":"pwb-brand","embeddable":true,"href":"https:\/\/www.joguinesbague.com\/es\/wp-json\/wp\/v2\/pwb-brand?post=28133"},{"taxonomy":"product_cat","embeddable":true,"href":"https:\/\/www.joguinesbague.com\/es\/wp-json\/wp\/v2\/product_cat?post=28133"},{"taxonomy":"product_tag","embeddable":true,"href":"https:\/\/www.joguinesbague.com\/es\/wp-json\/wp\/v2\/product_tag?post=28133"}],"curies":[{"name":"wp","href":"https:\/\/api.w.org\/{rel}","templated":true}]}}