{"id":28037,"date":"2025-10-15T17:29:33","date_gmt":"2025-10-15T15:31:49","guid":{"rendered":"https:\/\/www.joguinesbague.com\/sin categor\u00eda\/bebes-ciervo-en-el-columpio-sylvanian-families\/"},"modified":"2025-10-15T17:31:49","modified_gmt":"2025-10-15T15:31:49","slug":"bebes-ciervo-en-el-columpio-sylvanian-families","status":"publish","type":"product","link":"https:\/\/www.joguinesbague.com\/es\/munecas\/bebes-ciervo-en-el-columpio-sylvanian-families\/","title":{"rendered":"Beb\u00e9s Ciervo en el Columpio &#8211; Sylvanian Families"},"content":{"rendered":"","protected":false},"excerpt":{"rendered":"<p>Descubre la magia del bosque con la caja Beb\u00e9s Ciervo en el Columpio de Sylvanian Families. Este encantador conjunto incluye tres adorables cr\u00edas de venado vestidas con detallados outfits florales, un columpio hecho de lianas y una cuna. Un complemento que invita a la imaginaci\u00f3n ya crear escenas acogedoras en tu mundo Sylvanian.   <\/p>\n","protected":false},"featured_media":27896,"template":"","meta":{"_acf_changed":false},"pwb-brand":[423],"product_cat":[417,152],"product_tag":[],"class_list":{"0":"post-28037","1":"product","2":"type-product","3":"status-publish","4":"has-post-thumbnail","6":"pwb-brand-sylvanian-families-es","7":"product_cat-3-4-anos","8":"product_cat-munecas","10":"first","11":"instock","12":"shipping-taxable","13":"purchasable","14":"product-type-simple"},"acf":[],"yoast_head":"<!-- This site is optimized with the Yoast SEO plugin v27.2 - https:\/\/yoast.com\/product\/yoast-seo-wordpress\/ -->\n<title>Beb\u00e9s Ciervo en el Columpio - Sylvanian Families - Joguines Bagu\u00e9<\/title>\n<meta name=\"robots\" content=\"index, follow, max-snippet:-1, max-image-preview:large, max-video-preview:-1\" \/>\n<link rel=\"canonical\" href=\"https:\/\/www.joguinesbague.com\/es\/munecas\/bebes-ciervo-en-el-columpio-sylvanian-families\/\" \/>\n<meta property=\"og:locale\" content=\"es_ES\" \/>\n<meta property=\"og:type\" content=\"article\" \/>\n<meta property=\"og:title\" content=\"Beb\u00e9s Ciervo en el Columpio - Sylvanian Families - Joguines Bagu\u00e9\" \/>\n<meta property=\"og:description\" content=\"Descubre la magia del bosque con la caja Beb\u00e9s Ciervo en el Columpio de Sylvanian Families. Este encantador conjunto incluye tres adorables cr\u00edas de venado vestidas con detallados outfits florales, un columpio hecho de lianas y una cuna. Un complemento que invita a la imaginaci\u00f3n ya crear escenas acogedoras en tu mundo Sylvanian.\" \/>\n<meta property=\"og:url\" content=\"https:\/\/www.joguinesbague.com\/es\/munecas\/bebes-ciervo-en-el-columpio-sylvanian-families\/\" \/>\n<meta property=\"og:site_name\" content=\"Joguines Bagu\u00e9\" \/>\n<meta property=\"article:publisher\" content=\"https:\/\/www.facebook.com\/Joguines-Bagu%c3%a9-112374270472618\" \/>\n<meta property=\"og:image\" content=\"https:\/\/www.joguinesbague.com\/wp-content\/uploads\/2025\/10\/28905801_columpio_0.jpg\" \/>\n\t<meta property=\"og:image:width\" content=\"800\" \/>\n\t<meta property=\"og:image:height\" content=\"800\" \/>\n\t<meta property=\"og:image:type\" content=\"image\/jpeg\" \/>\n<meta name=\"twitter:card\" content=\"summary_large_image\" \/>\n<script type=\"application\/ld+json\" class=\"yoast-schema-graph\">{\"@context\":\"https:\/\/schema.org\",\"@graph\":[{\"@type\":[\"WebPage\",\"ItemPage\"],\"@id\":\"https:\/\/www.joguinesbague.com\/es\/munecas\/bebes-ciervo-en-el-columpio-sylvanian-families\/\",\"url\":\"https:\/\/www.joguinesbague.com\/es\/munecas\/bebes-ciervo-en-el-columpio-sylvanian-families\/\",\"name\":\"Beb\u00e9s Ciervo en el Columpio - Sylvanian Families - Joguines Bagu\u00e9\",\"isPartOf\":{\"@id\":\"https:\/\/www.joguinesbague.com\/es\/#website\"},\"primaryImageOfPage\":{\"@id\":\"https:\/\/www.joguinesbague.com\/es\/munecas\/bebes-ciervo-en-el-columpio-sylvanian-families\/#primaryimage\"},\"image\":{\"@id\":\"https:\/\/www.joguinesbague.com\/es\/munecas\/bebes-ciervo-en-el-columpio-sylvanian-families\/#primaryimage\"},\"thumbnailUrl\":\"https:\/\/www.joguinesbague.com\/wp-content\/uploads\/2025\/10\/28905801_columpio_0.jpg\",\"datePublished\":\"2025-10-15T15:31:49+00:00\",\"breadcrumb\":{\"@id\":\"https:\/\/www.joguinesbague.com\/es\/munecas\/bebes-ciervo-en-el-columpio-sylvanian-families\/#breadcrumb\"},\"inLanguage\":\"es\",\"potentialAction\":[{\"@type\":\"ReadAction\",\"target\":[\"https:\/\/www.joguinesbague.com\/es\/munecas\/bebes-ciervo-en-el-columpio-sylvanian-families\/\"]}]},{\"@type\":\"ImageObject\",\"inLanguage\":\"es\",\"@id\":\"https:\/\/www.joguinesbague.com\/es\/munecas\/bebes-ciervo-en-el-columpio-sylvanian-families\/#primaryimage\",\"url\":\"https:\/\/www.joguinesbague.com\/wp-content\/uploads\/2025\/10\/28905801_columpio_0.jpg\",\"contentUrl\":\"https:\/\/www.joguinesbague.com\/wp-content\/uploads\/2025\/10\/28905801_columpio_0.jpg\",\"width\":800,\"height\":800},{\"@type\":\"BreadcrumbList\",\"@id\":\"https:\/\/www.joguinesbague.com\/es\/munecas\/bebes-ciervo-en-el-columpio-sylvanian-families\/#breadcrumb\",\"itemListElement\":[{\"@type\":\"ListItem\",\"position\":1,\"name\":\"Inicio\",\"item\":\"https:\/\/www.joguinesbague.com\/es\/\"},{\"@type\":\"ListItem\",\"position\":2,\"name\":\"Juguetes\",\"item\":\"https:\/\/www.joguinesbague.com\/joguines\/\"},{\"@type\":\"ListItem\",\"position\":3,\"name\":\"Mu\u00f1ecas\",\"item\":\"https:\/\/www.joguinesbague.com\/es\/munecas\/\"},{\"@type\":\"ListItem\",\"position\":4,\"name\":\"Beb\u00e9s Ciervo en el Columpio &#8211; Sylvanian Families\"}]},{\"@type\":\"WebSite\",\"@id\":\"https:\/\/www.joguinesbague.com\/es\/#website\",\"url\":\"https:\/\/www.joguinesbague.com\/es\/\",\"name\":\"Joguines Bagu\u00e9\",\"description\":\"Tienda de juguetes en la Bisbal d'Empord\u00e0\",\"publisher\":{\"@id\":\"https:\/\/www.joguinesbague.com\/es\/#organization\"},\"potentialAction\":[{\"@type\":\"SearchAction\",\"target\":{\"@type\":\"EntryPoint\",\"urlTemplate\":\"https:\/\/www.joguinesbague.com\/es\/?s={search_term_string}\"},\"query-input\":{\"@type\":\"PropertyValueSpecification\",\"valueRequired\":true,\"valueName\":\"search_term_string\"}}],\"inLanguage\":\"es\"},{\"@type\":\"Organization\",\"@id\":\"https:\/\/www.joguinesbague.com\/es\/#organization\",\"name\":\"Joguines Bagu\u00e9\",\"url\":\"https:\/\/www.joguinesbague.com\/es\/\",\"logo\":{\"@type\":\"ImageObject\",\"inLanguage\":\"es\",\"@id\":\"https:\/\/www.joguinesbague.com\/es\/#\/schema\/logo\/image\/\",\"url\":\"https:\/\/www.joguinesbague.com\/wp-content\/uploads\/2020\/09\/AF-logotip-bague-02-e1599126400733.png\",\"contentUrl\":\"https:\/\/www.joguinesbague.com\/wp-content\/uploads\/2020\/09\/AF-logotip-bague-02-e1599126400733.png\",\"width\":1024,\"height\":419,\"caption\":\"Joguines Bagu\u00e9\"},\"image\":{\"@id\":\"https:\/\/www.joguinesbague.com\/es\/#\/schema\/logo\/image\/\"},\"sameAs\":[\"https:\/\/www.facebook.com\/Joguines-Bagu\u00e9-112374270472618\",\"https:\/\/www.instagram.com\/joguinesbague\"]}]}<\/script>\n<!-- \/ Yoast SEO plugin. -->","yoast_head_json":{"title":"Beb\u00e9s Ciervo en el Columpio - Sylvanian Families - Joguines Bagu\u00e9","robots":{"index":"index","follow":"follow","max-snippet":"max-snippet:-1","max-image-preview":"max-image-preview:large","max-video-preview":"max-video-preview:-1"},"canonical":"https:\/\/www.joguinesbague.com\/es\/munecas\/bebes-ciervo-en-el-columpio-sylvanian-families\/","og_locale":"es_ES","og_type":"article","og_title":"Beb\u00e9s Ciervo en el Columpio - Sylvanian Families - Joguines Bagu\u00e9","og_description":"Descubre la magia del bosque con la caja Beb\u00e9s Ciervo en el Columpio de Sylvanian Families. Este encantador conjunto incluye tres adorables cr\u00edas de venado vestidas con detallados outfits florales, un columpio hecho de lianas y una cuna. Un complemento que invita a la imaginaci\u00f3n ya crear escenas acogedoras en tu mundo Sylvanian.","og_url":"https:\/\/www.joguinesbague.com\/es\/munecas\/bebes-ciervo-en-el-columpio-sylvanian-families\/","og_site_name":"Joguines Bagu\u00e9","article_publisher":"https:\/\/www.facebook.com\/Joguines-Bagu%c3%a9-112374270472618","og_image":[{"width":800,"height":800,"url":"https:\/\/www.joguinesbague.com\/wp-content\/uploads\/2025\/10\/28905801_columpio_0.jpg","type":"image\/jpeg"}],"twitter_card":"summary_large_image","schema":{"@context":"https:\/\/schema.org","@graph":[{"@type":["WebPage","ItemPage"],"@id":"https:\/\/www.joguinesbague.com\/es\/munecas\/bebes-ciervo-en-el-columpio-sylvanian-families\/","url":"https:\/\/www.joguinesbague.com\/es\/munecas\/bebes-ciervo-en-el-columpio-sylvanian-families\/","name":"Beb\u00e9s Ciervo en el Columpio - Sylvanian Families - Joguines Bagu\u00e9","isPartOf":{"@id":"https:\/\/www.joguinesbague.com\/es\/#website"},"primaryImageOfPage":{"@id":"https:\/\/www.joguinesbague.com\/es\/munecas\/bebes-ciervo-en-el-columpio-sylvanian-families\/#primaryimage"},"image":{"@id":"https:\/\/www.joguinesbague.com\/es\/munecas\/bebes-ciervo-en-el-columpio-sylvanian-families\/#primaryimage"},"thumbnailUrl":"https:\/\/www.joguinesbague.com\/wp-content\/uploads\/2025\/10\/28905801_columpio_0.jpg","datePublished":"2025-10-15T15:31:49+00:00","breadcrumb":{"@id":"https:\/\/www.joguinesbague.com\/es\/munecas\/bebes-ciervo-en-el-columpio-sylvanian-families\/#breadcrumb"},"inLanguage":"es","potentialAction":[{"@type":"ReadAction","target":["https:\/\/www.joguinesbague.com\/es\/munecas\/bebes-ciervo-en-el-columpio-sylvanian-families\/"]}]},{"@type":"ImageObject","inLanguage":"es","@id":"https:\/\/www.joguinesbague.com\/es\/munecas\/bebes-ciervo-en-el-columpio-sylvanian-families\/#primaryimage","url":"https:\/\/www.joguinesbague.com\/wp-content\/uploads\/2025\/10\/28905801_columpio_0.jpg","contentUrl":"https:\/\/www.joguinesbague.com\/wp-content\/uploads\/2025\/10\/28905801_columpio_0.jpg","width":800,"height":800},{"@type":"BreadcrumbList","@id":"https:\/\/www.joguinesbague.com\/es\/munecas\/bebes-ciervo-en-el-columpio-sylvanian-families\/#breadcrumb","itemListElement":[{"@type":"ListItem","position":1,"name":"Inicio","item":"https:\/\/www.joguinesbague.com\/es\/"},{"@type":"ListItem","position":2,"name":"Juguetes","item":"https:\/\/www.joguinesbague.com\/joguines\/"},{"@type":"ListItem","position":3,"name":"Mu\u00f1ecas","item":"https:\/\/www.joguinesbague.com\/es\/munecas\/"},{"@type":"ListItem","position":4,"name":"Beb\u00e9s Ciervo en el Columpio &#8211; Sylvanian Families"}]},{"@type":"WebSite","@id":"https:\/\/www.joguinesbague.com\/es\/#website","url":"https:\/\/www.joguinesbague.com\/es\/","name":"Joguines Bagu\u00e9","description":"Tienda de juguetes en la Bisbal d'Empord\u00e0","publisher":{"@id":"https:\/\/www.joguinesbague.com\/es\/#organization"},"potentialAction":[{"@type":"SearchAction","target":{"@type":"EntryPoint","urlTemplate":"https:\/\/www.joguinesbague.com\/es\/?s={search_term_string}"},"query-input":{"@type":"PropertyValueSpecification","valueRequired":true,"valueName":"search_term_string"}}],"inLanguage":"es"},{"@type":"Organization","@id":"https:\/\/www.joguinesbague.com\/es\/#organization","name":"Joguines Bagu\u00e9","url":"https:\/\/www.joguinesbague.com\/es\/","logo":{"@type":"ImageObject","inLanguage":"es","@id":"https:\/\/www.joguinesbague.com\/es\/#\/schema\/logo\/image\/","url":"https:\/\/www.joguinesbague.com\/wp-content\/uploads\/2020\/09\/AF-logotip-bague-02-e1599126400733.png","contentUrl":"https:\/\/www.joguinesbague.com\/wp-content\/uploads\/2020\/09\/AF-logotip-bague-02-e1599126400733.png","width":1024,"height":419,"caption":"Joguines Bagu\u00e9"},"image":{"@id":"https:\/\/www.joguinesbague.com\/es\/#\/schema\/logo\/image\/"},"sameAs":["https:\/\/www.facebook.com\/Joguines-Bagu\u00e9-112374270472618","https:\/\/www.instagram.com\/joguinesbague"]}]}},"brands":[{"id":423,"name":"Sylvanian Families","slug":"sylvanian-families-es"}],"_links":{"self":[{"href":"https:\/\/www.joguinesbague.com\/es\/wp-json\/wp\/v2\/product\/28037","targetHints":{"allow":["GET"]}}],"collection":[{"href":"https:\/\/www.joguinesbague.com\/es\/wp-json\/wp\/v2\/product"}],"about":[{"href":"https:\/\/www.joguinesbague.com\/es\/wp-json\/wp\/v2\/types\/product"}],"wp:featuredmedia":[{"embeddable":true,"href":"https:\/\/www.joguinesbague.com\/es\/wp-json\/wp\/v2\/media\/27896"}],"wp:attachment":[{"href":"https:\/\/www.joguinesbague.com\/es\/wp-json\/wp\/v2\/media?parent=28037"}],"wp:term":[{"taxonomy":"pwb-brand","embeddable":true,"href":"https:\/\/www.joguinesbague.com\/es\/wp-json\/wp\/v2\/pwb-brand?post=28037"},{"taxonomy":"product_cat","embeddable":true,"href":"https:\/\/www.joguinesbague.com\/es\/wp-json\/wp\/v2\/product_cat?post=28037"},{"taxonomy":"product_tag","embeddable":true,"href":"https:\/\/www.joguinesbague.com\/es\/wp-json\/wp\/v2\/product_tag?post=28037"}],"curies":[{"name":"wp","href":"https:\/\/api.w.org\/{rel}","templated":true}]}}