{"id":27822,"date":"2025-10-13T15:24:20","date_gmt":"2025-10-13T13:27:19","guid":{"rendered":"https:\/\/www.joguinesbague.com\/sin categor\u00eda\/lamborghini-huracan-evo-naranja\/"},"modified":"2025-10-13T15:27:19","modified_gmt":"2025-10-13T13:27:19","slug":"lamborghini-huracan-evo-naranja","status":"publish","type":"product","link":"https:\/\/www.joguinesbague.com\/es\/todo-puzles\/lamborghini-huracan-evo-naranja\/","title":{"rendered":"Lamborghini Hurac\u00e1n EVO Naranja"},"content":{"rendered":"","protected":false},"excerpt":{"rendered":"<p>Descubre el puzzle 3D del Lamborghini Hurac\u00e1n EVO Taronja de Ravensburger, una r\u00e9plica espectacular del famoso deportivo italiano. Con piezas de pl\u00e1stico numeradas que encajan a la perfecci\u00f3n, podr\u00e1s construir paso a paso este ic\u00f3nico veh\u00edculo sin necesidad de pegamento.  <\/p>\n<p>El resultado es un modelo s\u00f3lido y detallado, con ruedas m\u00f3viles y un dise\u00f1o aerodin\u00e1mico que destaca por su vibrante color naranja. Ideal para aficionados a los coches y tambi\u00e9n a los puzles, combina diversi\u00f3n, precisi\u00f3n y elegancia en una sola experiencia de construcci\u00f3n. <\/p>\n","protected":false},"featured_media":27793,"template":"","meta":{"_acf_changed":false},"pwb-brand":[225],"product_cat":[415,151,150],"product_tag":[],"class_list":{"0":"post-27822","1":"product","2":"type-product","3":"status-publish","4":"has-post-thumbnail","6":"pwb-brand-ravensburger-es","7":"product_cat-7-8-anos","8":"product_cat-infantiles","9":"product_cat-todo-puzles","11":"first","12":"instock","13":"shipping-taxable","14":"purchasable","15":"product-type-simple"},"acf":[],"yoast_head":"<!-- This site is optimized with the Yoast SEO plugin v27.2 - https:\/\/yoast.com\/product\/yoast-seo-wordpress\/ -->\n<title>Lamborghini Hurac\u00e1n EVO Naranja - Joguines Bagu\u00e9<\/title>\n<meta name=\"robots\" content=\"index, follow, max-snippet:-1, max-image-preview:large, max-video-preview:-1\" \/>\n<link rel=\"canonical\" href=\"https:\/\/www.joguinesbague.com\/es\/todo-puzles\/lamborghini-huracan-evo-naranja\/\" \/>\n<meta property=\"og:locale\" content=\"es_ES\" \/>\n<meta property=\"og:type\" content=\"article\" \/>\n<meta property=\"og:title\" content=\"Lamborghini Hurac\u00e1n EVO Naranja - Joguines Bagu\u00e9\" \/>\n<meta property=\"og:description\" content=\"Descubre el puzzle 3D del Lamborghini Hurac\u00e1n EVO Taronja de Ravensburger, una r\u00e9plica espectacular del famoso deportivo italiano. Con piezas de pl\u00e1stico numeradas que encajan a la perfecci\u00f3n, podr\u00e1s construir paso a paso este ic\u00f3nico veh\u00edculo sin necesidad de pegamento.  El resultado es un modelo s\u00f3lido y detallado, con ruedas m\u00f3viles y un dise\u00f1o aerodin\u00e1mico que destaca por su vibrante color naranja. Ideal para aficionados a los coches y tambi\u00e9n a los puzles, combina diversi\u00f3n, precisi\u00f3n y elegancia en una sola experiencia de construcci\u00f3n.\" \/>\n<meta property=\"og:url\" content=\"https:\/\/www.joguinesbague.com\/es\/todo-puzles\/lamborghini-huracan-evo-naranja\/\" \/>\n<meta property=\"og:site_name\" content=\"Joguines Bagu\u00e9\" \/>\n<meta property=\"article:publisher\" content=\"https:\/\/www.facebook.com\/Joguines-Bagu%c3%a9-112374270472618\" \/>\n<meta property=\"og:image\" content=\"https:\/\/www.joguinesbague.com\/wp-content\/uploads\/2025\/10\/26908052_lambo_2.jpg\" \/>\n\t<meta property=\"og:image:width\" content=\"800\" \/>\n\t<meta property=\"og:image:height\" content=\"800\" \/>\n\t<meta property=\"og:image:type\" content=\"image\/jpeg\" \/>\n<meta name=\"twitter:card\" content=\"summary_large_image\" \/>\n<script type=\"application\/ld+json\" class=\"yoast-schema-graph\">{\"@context\":\"https:\/\/schema.org\",\"@graph\":[{\"@type\":[\"WebPage\",\"ItemPage\"],\"@id\":\"https:\/\/www.joguinesbague.com\/es\/todo-puzles\/lamborghini-huracan-evo-naranja\/\",\"url\":\"https:\/\/www.joguinesbague.com\/es\/todo-puzles\/lamborghini-huracan-evo-naranja\/\",\"name\":\"Lamborghini Hurac\u00e1n EVO Naranja - Joguines Bagu\u00e9\",\"isPartOf\":{\"@id\":\"https:\/\/www.joguinesbague.com\/es\/#website\"},\"primaryImageOfPage\":{\"@id\":\"https:\/\/www.joguinesbague.com\/es\/todo-puzles\/lamborghini-huracan-evo-naranja\/#primaryimage\"},\"image\":{\"@id\":\"https:\/\/www.joguinesbague.com\/es\/todo-puzles\/lamborghini-huracan-evo-naranja\/#primaryimage\"},\"thumbnailUrl\":\"https:\/\/www.joguinesbague.com\/wp-content\/uploads\/2025\/10\/26908052_lambo_2.jpg\",\"datePublished\":\"2025-10-13T13:27:19+00:00\",\"breadcrumb\":{\"@id\":\"https:\/\/www.joguinesbague.com\/es\/todo-puzles\/lamborghini-huracan-evo-naranja\/#breadcrumb\"},\"inLanguage\":\"es\",\"potentialAction\":[{\"@type\":\"ReadAction\",\"target\":[\"https:\/\/www.joguinesbague.com\/es\/todo-puzles\/lamborghini-huracan-evo-naranja\/\"]}]},{\"@type\":\"ImageObject\",\"inLanguage\":\"es\",\"@id\":\"https:\/\/www.joguinesbague.com\/es\/todo-puzles\/lamborghini-huracan-evo-naranja\/#primaryimage\",\"url\":\"https:\/\/www.joguinesbague.com\/wp-content\/uploads\/2025\/10\/26908052_lambo_2.jpg\",\"contentUrl\":\"https:\/\/www.joguinesbague.com\/wp-content\/uploads\/2025\/10\/26908052_lambo_2.jpg\",\"width\":800,\"height\":800},{\"@type\":\"BreadcrumbList\",\"@id\":\"https:\/\/www.joguinesbague.com\/es\/todo-puzles\/lamborghini-huracan-evo-naranja\/#breadcrumb\",\"itemListElement\":[{\"@type\":\"ListItem\",\"position\":1,\"name\":\"Inicio\",\"item\":\"https:\/\/www.joguinesbague.com\/es\/\"},{\"@type\":\"ListItem\",\"position\":2,\"name\":\"Juguetes\",\"item\":\"https:\/\/www.joguinesbague.com\/joguines\/\"},{\"@type\":\"ListItem\",\"position\":3,\"name\":\"Puzles\",\"item\":\"https:\/\/www.joguinesbague.com\/es\/todo-puzles\/\"},{\"@type\":\"ListItem\",\"position\":4,\"name\":\"Lamborghini Hurac\u00e1n EVO Naranja\"}]},{\"@type\":\"WebSite\",\"@id\":\"https:\/\/www.joguinesbague.com\/es\/#website\",\"url\":\"https:\/\/www.joguinesbague.com\/es\/\",\"name\":\"Joguines Bagu\u00e9\",\"description\":\"Tienda de juguetes en la Bisbal d'Empord\u00e0\",\"publisher\":{\"@id\":\"https:\/\/www.joguinesbague.com\/es\/#organization\"},\"potentialAction\":[{\"@type\":\"SearchAction\",\"target\":{\"@type\":\"EntryPoint\",\"urlTemplate\":\"https:\/\/www.joguinesbague.com\/es\/?s={search_term_string}\"},\"query-input\":{\"@type\":\"PropertyValueSpecification\",\"valueRequired\":true,\"valueName\":\"search_term_string\"}}],\"inLanguage\":\"es\"},{\"@type\":\"Organization\",\"@id\":\"https:\/\/www.joguinesbague.com\/es\/#organization\",\"name\":\"Joguines Bagu\u00e9\",\"url\":\"https:\/\/www.joguinesbague.com\/es\/\",\"logo\":{\"@type\":\"ImageObject\",\"inLanguage\":\"es\",\"@id\":\"https:\/\/www.joguinesbague.com\/es\/#\/schema\/logo\/image\/\",\"url\":\"https:\/\/www.joguinesbague.com\/wp-content\/uploads\/2020\/09\/AF-logotip-bague-02-e1599126400733.png\",\"contentUrl\":\"https:\/\/www.joguinesbague.com\/wp-content\/uploads\/2020\/09\/AF-logotip-bague-02-e1599126400733.png\",\"width\":1024,\"height\":419,\"caption\":\"Joguines Bagu\u00e9\"},\"image\":{\"@id\":\"https:\/\/www.joguinesbague.com\/es\/#\/schema\/logo\/image\/\"},\"sameAs\":[\"https:\/\/www.facebook.com\/Joguines-Bagu\u00e9-112374270472618\",\"https:\/\/www.instagram.com\/joguinesbague\"]}]}<\/script>\n<!-- \/ Yoast SEO plugin. -->","yoast_head_json":{"title":"Lamborghini Hurac\u00e1n EVO Naranja - Joguines Bagu\u00e9","robots":{"index":"index","follow":"follow","max-snippet":"max-snippet:-1","max-image-preview":"max-image-preview:large","max-video-preview":"max-video-preview:-1"},"canonical":"https:\/\/www.joguinesbague.com\/es\/todo-puzles\/lamborghini-huracan-evo-naranja\/","og_locale":"es_ES","og_type":"article","og_title":"Lamborghini Hurac\u00e1n EVO Naranja - Joguines Bagu\u00e9","og_description":"Descubre el puzzle 3D del Lamborghini Hurac\u00e1n EVO Taronja de Ravensburger, una r\u00e9plica espectacular del famoso deportivo italiano. Con piezas de pl\u00e1stico numeradas que encajan a la perfecci\u00f3n, podr\u00e1s construir paso a paso este ic\u00f3nico veh\u00edculo sin necesidad de pegamento.  El resultado es un modelo s\u00f3lido y detallado, con ruedas m\u00f3viles y un dise\u00f1o aerodin\u00e1mico que destaca por su vibrante color naranja. Ideal para aficionados a los coches y tambi\u00e9n a los puzles, combina diversi\u00f3n, precisi\u00f3n y elegancia en una sola experiencia de construcci\u00f3n.","og_url":"https:\/\/www.joguinesbague.com\/es\/todo-puzles\/lamborghini-huracan-evo-naranja\/","og_site_name":"Joguines Bagu\u00e9","article_publisher":"https:\/\/www.facebook.com\/Joguines-Bagu%c3%a9-112374270472618","og_image":[{"width":800,"height":800,"url":"https:\/\/www.joguinesbague.com\/wp-content\/uploads\/2025\/10\/26908052_lambo_2.jpg","type":"image\/jpeg"}],"twitter_card":"summary_large_image","schema":{"@context":"https:\/\/schema.org","@graph":[{"@type":["WebPage","ItemPage"],"@id":"https:\/\/www.joguinesbague.com\/es\/todo-puzles\/lamborghini-huracan-evo-naranja\/","url":"https:\/\/www.joguinesbague.com\/es\/todo-puzles\/lamborghini-huracan-evo-naranja\/","name":"Lamborghini Hurac\u00e1n EVO Naranja - Joguines Bagu\u00e9","isPartOf":{"@id":"https:\/\/www.joguinesbague.com\/es\/#website"},"primaryImageOfPage":{"@id":"https:\/\/www.joguinesbague.com\/es\/todo-puzles\/lamborghini-huracan-evo-naranja\/#primaryimage"},"image":{"@id":"https:\/\/www.joguinesbague.com\/es\/todo-puzles\/lamborghini-huracan-evo-naranja\/#primaryimage"},"thumbnailUrl":"https:\/\/www.joguinesbague.com\/wp-content\/uploads\/2025\/10\/26908052_lambo_2.jpg","datePublished":"2025-10-13T13:27:19+00:00","breadcrumb":{"@id":"https:\/\/www.joguinesbague.com\/es\/todo-puzles\/lamborghini-huracan-evo-naranja\/#breadcrumb"},"inLanguage":"es","potentialAction":[{"@type":"ReadAction","target":["https:\/\/www.joguinesbague.com\/es\/todo-puzles\/lamborghini-huracan-evo-naranja\/"]}]},{"@type":"ImageObject","inLanguage":"es","@id":"https:\/\/www.joguinesbague.com\/es\/todo-puzles\/lamborghini-huracan-evo-naranja\/#primaryimage","url":"https:\/\/www.joguinesbague.com\/wp-content\/uploads\/2025\/10\/26908052_lambo_2.jpg","contentUrl":"https:\/\/www.joguinesbague.com\/wp-content\/uploads\/2025\/10\/26908052_lambo_2.jpg","width":800,"height":800},{"@type":"BreadcrumbList","@id":"https:\/\/www.joguinesbague.com\/es\/todo-puzles\/lamborghini-huracan-evo-naranja\/#breadcrumb","itemListElement":[{"@type":"ListItem","position":1,"name":"Inicio","item":"https:\/\/www.joguinesbague.com\/es\/"},{"@type":"ListItem","position":2,"name":"Juguetes","item":"https:\/\/www.joguinesbague.com\/joguines\/"},{"@type":"ListItem","position":3,"name":"Puzles","item":"https:\/\/www.joguinesbague.com\/es\/todo-puzles\/"},{"@type":"ListItem","position":4,"name":"Lamborghini Hurac\u00e1n EVO Naranja"}]},{"@type":"WebSite","@id":"https:\/\/www.joguinesbague.com\/es\/#website","url":"https:\/\/www.joguinesbague.com\/es\/","name":"Joguines Bagu\u00e9","description":"Tienda de juguetes en la Bisbal d'Empord\u00e0","publisher":{"@id":"https:\/\/www.joguinesbague.com\/es\/#organization"},"potentialAction":[{"@type":"SearchAction","target":{"@type":"EntryPoint","urlTemplate":"https:\/\/www.joguinesbague.com\/es\/?s={search_term_string}"},"query-input":{"@type":"PropertyValueSpecification","valueRequired":true,"valueName":"search_term_string"}}],"inLanguage":"es"},{"@type":"Organization","@id":"https:\/\/www.joguinesbague.com\/es\/#organization","name":"Joguines Bagu\u00e9","url":"https:\/\/www.joguinesbague.com\/es\/","logo":{"@type":"ImageObject","inLanguage":"es","@id":"https:\/\/www.joguinesbague.com\/es\/#\/schema\/logo\/image\/","url":"https:\/\/www.joguinesbague.com\/wp-content\/uploads\/2020\/09\/AF-logotip-bague-02-e1599126400733.png","contentUrl":"https:\/\/www.joguinesbague.com\/wp-content\/uploads\/2020\/09\/AF-logotip-bague-02-e1599126400733.png","width":1024,"height":419,"caption":"Joguines Bagu\u00e9"},"image":{"@id":"https:\/\/www.joguinesbague.com\/es\/#\/schema\/logo\/image\/"},"sameAs":["https:\/\/www.facebook.com\/Joguines-Bagu\u00e9-112374270472618","https:\/\/www.instagram.com\/joguinesbague"]}]}},"brands":[{"id":225,"name":"Ravensburger","slug":"ravensburger-es"}],"_links":{"self":[{"href":"https:\/\/www.joguinesbague.com\/es\/wp-json\/wp\/v2\/product\/27822","targetHints":{"allow":["GET"]}}],"collection":[{"href":"https:\/\/www.joguinesbague.com\/es\/wp-json\/wp\/v2\/product"}],"about":[{"href":"https:\/\/www.joguinesbague.com\/es\/wp-json\/wp\/v2\/types\/product"}],"wp:featuredmedia":[{"embeddable":true,"href":"https:\/\/www.joguinesbague.com\/es\/wp-json\/wp\/v2\/media\/27793"}],"wp:attachment":[{"href":"https:\/\/www.joguinesbague.com\/es\/wp-json\/wp\/v2\/media?parent=27822"}],"wp:term":[{"taxonomy":"pwb-brand","embeddable":true,"href":"https:\/\/www.joguinesbague.com\/es\/wp-json\/wp\/v2\/pwb-brand?post=27822"},{"taxonomy":"product_cat","embeddable":true,"href":"https:\/\/www.joguinesbague.com\/es\/wp-json\/wp\/v2\/product_cat?post=27822"},{"taxonomy":"product_tag","embeddable":true,"href":"https:\/\/www.joguinesbague.com\/es\/wp-json\/wp\/v2\/product_tag?post=27822"}],"curies":[{"name":"wp","href":"https:\/\/api.w.org\/{rel}","templated":true}]}}