{"id":27718,"date":"2025-10-08T18:02:14","date_gmt":"2025-10-08T16:02:14","guid":{"rendered":"https:\/\/www.joguinesbague.com\/sin categor\u00eda\/hot-wheels-city-ultra-shark-car-wash\/"},"modified":"2026-01-12T00:41:38","modified_gmt":"2026-01-11T23:41:38","slug":"hot-wheels-city-ultra-shark-car-wash","status":"publish","type":"product","link":"https:\/\/www.joguinesbague.com\/es\/juguetes-de-accion\/hot-wheels-city-ultra-shark-car-wash\/","title":{"rendered":"Hot Wheels City Ultra Shark Car Wash"},"content":{"rendered":"","protected":false},"excerpt":{"rendered":"<p>\u00a1Ad\u00e9ntrate en una aventura incre\u00edble con esta pista de lavado autom\u00e1tico tem\u00e1tico de tibur\u00f3n! Conduce tu coche Hot Wheels en la boca del tibur\u00f3n, en una primera inmersi\u00f3n con agua caliente revela el dise\u00f1o oculto gracias al efecto Color Reveal. Despu\u00e9s, el coche desciende por el interior de la bestia y, al sumergirlo en agua helada, cambia de nuevo su aspecto. El conjunto se pliega para almacenar f\u00e1cilmente e incorpora un mango para drenar el agua con comodidad.   <\/p>\n","protected":false},"featured_media":27573,"template":"","meta":{"_acf_changed":false},"pwb-brand":[186],"product_cat":[418,155,145],"product_tag":[],"class_list":{"0":"post-27718","1":"product","2":"type-product","3":"status-publish","4":"has-post-thumbnail","6":"pwb-brand-mattel-es","7":"product_cat-5-6-anos","8":"product_cat-juguetes-de-accion","9":"product_cat-vehiculos","11":"first","12":"instock","13":"shipping-taxable","14":"purchasable","15":"product-type-simple"},"acf":[],"yoast_head":"<!-- This site is optimized with the Yoast SEO plugin v27.2 - https:\/\/yoast.com\/product\/yoast-seo-wordpress\/ -->\n<title>Hot Wheels City Ultra Shark Car Wash - Joguines Bagu\u00e9<\/title>\n<meta name=\"robots\" content=\"index, follow, max-snippet:-1, max-image-preview:large, max-video-preview:-1\" \/>\n<link rel=\"canonical\" href=\"https:\/\/www.joguinesbague.com\/es\/juguetes-de-accion\/hot-wheels-city-ultra-shark-car-wash\/\" \/>\n<meta property=\"og:locale\" content=\"es_ES\" \/>\n<meta property=\"og:type\" content=\"article\" \/>\n<meta property=\"og:title\" content=\"Hot Wheels City Ultra Shark Car Wash - Joguines Bagu\u00e9\" \/>\n<meta property=\"og:description\" content=\"\u00a1Ad\u00e9ntrate en una aventura incre\u00edble con esta pista de lavado autom\u00e1tico tem\u00e1tico de tibur\u00f3n! Conduce tu coche Hot Wheels en la boca del tibur\u00f3n, en una primera inmersi\u00f3n con agua caliente revela el dise\u00f1o oculto gracias al efecto Color Reveal. Despu\u00e9s, el coche desciende por el interior de la bestia y, al sumergirlo en agua helada, cambia de nuevo su aspecto. El conjunto se pliega para almacenar f\u00e1cilmente e incorpora un mango para drenar el agua con comodidad.\" \/>\n<meta property=\"og:url\" content=\"https:\/\/www.joguinesbague.com\/es\/juguetes-de-accion\/hot-wheels-city-ultra-shark-car-wash\/\" \/>\n<meta property=\"og:site_name\" content=\"Joguines Bagu\u00e9\" \/>\n<meta property=\"article:publisher\" content=\"https:\/\/www.facebook.com\/Joguines-Bagu%c3%a9-112374270472618\" \/>\n<meta property=\"article:modified_time\" content=\"2026-01-11T23:41:38+00:00\" \/>\n<meta property=\"og:image\" content=\"https:\/\/www.joguinesbague.com\/wp-content\/uploads\/2025\/10\/24519509_shark_4.jpg\" \/>\n\t<meta property=\"og:image:width\" content=\"800\" \/>\n\t<meta property=\"og:image:height\" content=\"800\" \/>\n\t<meta property=\"og:image:type\" content=\"image\/jpeg\" \/>\n<meta name=\"twitter:card\" content=\"summary_large_image\" \/>\n<script type=\"application\/ld+json\" class=\"yoast-schema-graph\">{\"@context\":\"https:\/\/schema.org\",\"@graph\":[{\"@type\":[\"WebPage\",\"ItemPage\"],\"@id\":\"https:\/\/www.joguinesbague.com\/es\/juguetes-de-accion\/hot-wheels-city-ultra-shark-car-wash\/\",\"url\":\"https:\/\/www.joguinesbague.com\/es\/juguetes-de-accion\/hot-wheels-city-ultra-shark-car-wash\/\",\"name\":\"Hot Wheels City Ultra Shark Car Wash - Joguines Bagu\u00e9\",\"isPartOf\":{\"@id\":\"https:\/\/www.joguinesbague.com\/es\/#website\"},\"primaryImageOfPage\":{\"@id\":\"https:\/\/www.joguinesbague.com\/es\/juguetes-de-accion\/hot-wheels-city-ultra-shark-car-wash\/#primaryimage\"},\"image\":{\"@id\":\"https:\/\/www.joguinesbague.com\/es\/juguetes-de-accion\/hot-wheels-city-ultra-shark-car-wash\/#primaryimage\"},\"thumbnailUrl\":\"https:\/\/www.joguinesbague.com\/wp-content\/uploads\/2025\/10\/24519509_shark_4.jpg\",\"datePublished\":\"2025-10-08T16:02:14+00:00\",\"dateModified\":\"2026-01-11T23:41:38+00:00\",\"breadcrumb\":{\"@id\":\"https:\/\/www.joguinesbague.com\/es\/juguetes-de-accion\/hot-wheels-city-ultra-shark-car-wash\/#breadcrumb\"},\"inLanguage\":\"es\",\"potentialAction\":[{\"@type\":\"ReadAction\",\"target\":[\"https:\/\/www.joguinesbague.com\/es\/juguetes-de-accion\/hot-wheels-city-ultra-shark-car-wash\/\"]}]},{\"@type\":\"ImageObject\",\"inLanguage\":\"es\",\"@id\":\"https:\/\/www.joguinesbague.com\/es\/juguetes-de-accion\/hot-wheels-city-ultra-shark-car-wash\/#primaryimage\",\"url\":\"https:\/\/www.joguinesbague.com\/wp-content\/uploads\/2025\/10\/24519509_shark_4.jpg\",\"contentUrl\":\"https:\/\/www.joguinesbague.com\/wp-content\/uploads\/2025\/10\/24519509_shark_4.jpg\",\"width\":800,\"height\":800},{\"@type\":\"BreadcrumbList\",\"@id\":\"https:\/\/www.joguinesbague.com\/es\/juguetes-de-accion\/hot-wheels-city-ultra-shark-car-wash\/#breadcrumb\",\"itemListElement\":[{\"@type\":\"ListItem\",\"position\":1,\"name\":\"Inicio\",\"item\":\"https:\/\/www.joguinesbague.com\/es\/\"},{\"@type\":\"ListItem\",\"position\":2,\"name\":\"Juguetes\",\"item\":\"https:\/\/www.joguinesbague.com\/joguines\/\"},{\"@type\":\"ListItem\",\"position\":3,\"name\":\"Juguetes de acci\u00f3n\",\"item\":\"https:\/\/www.joguinesbague.com\/es\/juguetes-de-accion\/\"},{\"@type\":\"ListItem\",\"position\":4,\"name\":\"Hot Wheels City Ultra Shark Car Wash\"}]},{\"@type\":\"WebSite\",\"@id\":\"https:\/\/www.joguinesbague.com\/es\/#website\",\"url\":\"https:\/\/www.joguinesbague.com\/es\/\",\"name\":\"Joguines Bagu\u00e9\",\"description\":\"Tienda de juguetes en la Bisbal d'Empord\u00e0\",\"publisher\":{\"@id\":\"https:\/\/www.joguinesbague.com\/es\/#organization\"},\"potentialAction\":[{\"@type\":\"SearchAction\",\"target\":{\"@type\":\"EntryPoint\",\"urlTemplate\":\"https:\/\/www.joguinesbague.com\/es\/?s={search_term_string}\"},\"query-input\":{\"@type\":\"PropertyValueSpecification\",\"valueRequired\":true,\"valueName\":\"search_term_string\"}}],\"inLanguage\":\"es\"},{\"@type\":\"Organization\",\"@id\":\"https:\/\/www.joguinesbague.com\/es\/#organization\",\"name\":\"Joguines Bagu\u00e9\",\"url\":\"https:\/\/www.joguinesbague.com\/es\/\",\"logo\":{\"@type\":\"ImageObject\",\"inLanguage\":\"es\",\"@id\":\"https:\/\/www.joguinesbague.com\/es\/#\/schema\/logo\/image\/\",\"url\":\"https:\/\/www.joguinesbague.com\/wp-content\/uploads\/2020\/09\/AF-logotip-bague-02-e1599126400733.png\",\"contentUrl\":\"https:\/\/www.joguinesbague.com\/wp-content\/uploads\/2020\/09\/AF-logotip-bague-02-e1599126400733.png\",\"width\":1024,\"height\":419,\"caption\":\"Joguines Bagu\u00e9\"},\"image\":{\"@id\":\"https:\/\/www.joguinesbague.com\/es\/#\/schema\/logo\/image\/\"},\"sameAs\":[\"https:\/\/www.facebook.com\/Joguines-Bagu\u00e9-112374270472618\",\"https:\/\/www.instagram.com\/joguinesbague\"]}]}<\/script>\n<!-- \/ Yoast SEO plugin. -->","yoast_head_json":{"title":"Hot Wheels City Ultra Shark Car Wash - Joguines Bagu\u00e9","robots":{"index":"index","follow":"follow","max-snippet":"max-snippet:-1","max-image-preview":"max-image-preview:large","max-video-preview":"max-video-preview:-1"},"canonical":"https:\/\/www.joguinesbague.com\/es\/juguetes-de-accion\/hot-wheels-city-ultra-shark-car-wash\/","og_locale":"es_ES","og_type":"article","og_title":"Hot Wheels City Ultra Shark Car Wash - Joguines Bagu\u00e9","og_description":"\u00a1Ad\u00e9ntrate en una aventura incre\u00edble con esta pista de lavado autom\u00e1tico tem\u00e1tico de tibur\u00f3n! Conduce tu coche Hot Wheels en la boca del tibur\u00f3n, en una primera inmersi\u00f3n con agua caliente revela el dise\u00f1o oculto gracias al efecto Color Reveal. Despu\u00e9s, el coche desciende por el interior de la bestia y, al sumergirlo en agua helada, cambia de nuevo su aspecto. El conjunto se pliega para almacenar f\u00e1cilmente e incorpora un mango para drenar el agua con comodidad.","og_url":"https:\/\/www.joguinesbague.com\/es\/juguetes-de-accion\/hot-wheels-city-ultra-shark-car-wash\/","og_site_name":"Joguines Bagu\u00e9","article_publisher":"https:\/\/www.facebook.com\/Joguines-Bagu%c3%a9-112374270472618","article_modified_time":"2026-01-11T23:41:38+00:00","og_image":[{"width":800,"height":800,"url":"https:\/\/www.joguinesbague.com\/wp-content\/uploads\/2025\/10\/24519509_shark_4.jpg","type":"image\/jpeg"}],"twitter_card":"summary_large_image","schema":{"@context":"https:\/\/schema.org","@graph":[{"@type":["WebPage","ItemPage"],"@id":"https:\/\/www.joguinesbague.com\/es\/juguetes-de-accion\/hot-wheels-city-ultra-shark-car-wash\/","url":"https:\/\/www.joguinesbague.com\/es\/juguetes-de-accion\/hot-wheels-city-ultra-shark-car-wash\/","name":"Hot Wheels City Ultra Shark Car Wash - Joguines Bagu\u00e9","isPartOf":{"@id":"https:\/\/www.joguinesbague.com\/es\/#website"},"primaryImageOfPage":{"@id":"https:\/\/www.joguinesbague.com\/es\/juguetes-de-accion\/hot-wheels-city-ultra-shark-car-wash\/#primaryimage"},"image":{"@id":"https:\/\/www.joguinesbague.com\/es\/juguetes-de-accion\/hot-wheels-city-ultra-shark-car-wash\/#primaryimage"},"thumbnailUrl":"https:\/\/www.joguinesbague.com\/wp-content\/uploads\/2025\/10\/24519509_shark_4.jpg","datePublished":"2025-10-08T16:02:14+00:00","dateModified":"2026-01-11T23:41:38+00:00","breadcrumb":{"@id":"https:\/\/www.joguinesbague.com\/es\/juguetes-de-accion\/hot-wheels-city-ultra-shark-car-wash\/#breadcrumb"},"inLanguage":"es","potentialAction":[{"@type":"ReadAction","target":["https:\/\/www.joguinesbague.com\/es\/juguetes-de-accion\/hot-wheels-city-ultra-shark-car-wash\/"]}]},{"@type":"ImageObject","inLanguage":"es","@id":"https:\/\/www.joguinesbague.com\/es\/juguetes-de-accion\/hot-wheels-city-ultra-shark-car-wash\/#primaryimage","url":"https:\/\/www.joguinesbague.com\/wp-content\/uploads\/2025\/10\/24519509_shark_4.jpg","contentUrl":"https:\/\/www.joguinesbague.com\/wp-content\/uploads\/2025\/10\/24519509_shark_4.jpg","width":800,"height":800},{"@type":"BreadcrumbList","@id":"https:\/\/www.joguinesbague.com\/es\/juguetes-de-accion\/hot-wheels-city-ultra-shark-car-wash\/#breadcrumb","itemListElement":[{"@type":"ListItem","position":1,"name":"Inicio","item":"https:\/\/www.joguinesbague.com\/es\/"},{"@type":"ListItem","position":2,"name":"Juguetes","item":"https:\/\/www.joguinesbague.com\/joguines\/"},{"@type":"ListItem","position":3,"name":"Juguetes de acci\u00f3n","item":"https:\/\/www.joguinesbague.com\/es\/juguetes-de-accion\/"},{"@type":"ListItem","position":4,"name":"Hot Wheels City Ultra Shark Car Wash"}]},{"@type":"WebSite","@id":"https:\/\/www.joguinesbague.com\/es\/#website","url":"https:\/\/www.joguinesbague.com\/es\/","name":"Joguines Bagu\u00e9","description":"Tienda de juguetes en la Bisbal d'Empord\u00e0","publisher":{"@id":"https:\/\/www.joguinesbague.com\/es\/#organization"},"potentialAction":[{"@type":"SearchAction","target":{"@type":"EntryPoint","urlTemplate":"https:\/\/www.joguinesbague.com\/es\/?s={search_term_string}"},"query-input":{"@type":"PropertyValueSpecification","valueRequired":true,"valueName":"search_term_string"}}],"inLanguage":"es"},{"@type":"Organization","@id":"https:\/\/www.joguinesbague.com\/es\/#organization","name":"Joguines Bagu\u00e9","url":"https:\/\/www.joguinesbague.com\/es\/","logo":{"@type":"ImageObject","inLanguage":"es","@id":"https:\/\/www.joguinesbague.com\/es\/#\/schema\/logo\/image\/","url":"https:\/\/www.joguinesbague.com\/wp-content\/uploads\/2020\/09\/AF-logotip-bague-02-e1599126400733.png","contentUrl":"https:\/\/www.joguinesbague.com\/wp-content\/uploads\/2020\/09\/AF-logotip-bague-02-e1599126400733.png","width":1024,"height":419,"caption":"Joguines Bagu\u00e9"},"image":{"@id":"https:\/\/www.joguinesbague.com\/es\/#\/schema\/logo\/image\/"},"sameAs":["https:\/\/www.facebook.com\/Joguines-Bagu\u00e9-112374270472618","https:\/\/www.instagram.com\/joguinesbague"]}]}},"brands":[{"id":186,"name":"Mattel","slug":"mattel-es"}],"_links":{"self":[{"href":"https:\/\/www.joguinesbague.com\/es\/wp-json\/wp\/v2\/product\/27718","targetHints":{"allow":["GET"]}}],"collection":[{"href":"https:\/\/www.joguinesbague.com\/es\/wp-json\/wp\/v2\/product"}],"about":[{"href":"https:\/\/www.joguinesbague.com\/es\/wp-json\/wp\/v2\/types\/product"}],"wp:featuredmedia":[{"embeddable":true,"href":"https:\/\/www.joguinesbague.com\/es\/wp-json\/wp\/v2\/media\/27573"}],"wp:attachment":[{"href":"https:\/\/www.joguinesbague.com\/es\/wp-json\/wp\/v2\/media?parent=27718"}],"wp:term":[{"taxonomy":"pwb-brand","embeddable":true,"href":"https:\/\/www.joguinesbague.com\/es\/wp-json\/wp\/v2\/pwb-brand?post=27718"},{"taxonomy":"product_cat","embeddable":true,"href":"https:\/\/www.joguinesbague.com\/es\/wp-json\/wp\/v2\/product_cat?post=27718"},{"taxonomy":"product_tag","embeddable":true,"href":"https:\/\/www.joguinesbague.com\/es\/wp-json\/wp\/v2\/product_tag?post=27718"}],"curies":[{"name":"wp","href":"https:\/\/api.w.org\/{rel}","templated":true}]}}