{"id":27478,"date":"2025-10-03T11:22:15","date_gmt":"2025-10-03T09:22:15","guid":{"rendered":"https:\/\/www.joguinesbague.com\/sin categor\u00eda\/gabbys-dollhouse-movie-casa-de-munecas\/"},"modified":"2025-10-03T11:23:58","modified_gmt":"2025-10-03T09:23:58","slug":"gabbys-dollhouse-movie-casa-de-munecas","status":"publish","type":"product","link":"https:\/\/www.joguinesbague.com\/es\/munecas\/gabbys-dollhouse-movie-casa-de-munecas\/","title":{"rendered":"Gabby&#8217;s Dollhouse Movie Casa de Mu\u00f1ecas"},"content":{"rendered":"","protected":false},"excerpt":{"rendered":"<p>\u00a1La nueva casa de Gabby!<\/p>\n<p>Inspirada en la nueva pel\u00edcula, esta casa de Gabby es una versi\u00f3n moderna de las \u00faltimas ediciones.<\/p>\n<p>Este set de juego interactivo de m\u00e1s de 60 cm de altura y 7 aposentos tem\u00e1ticos llenos de sorpresas incluye ojos digitales con expresiones, m\u00e1s de 60 animaciones de sonido, luces y movimiento, y 6 modos de juego.<\/p>\n<p>Evidentemente, son compatibles todas las habitaciones, balcones y complementos de las antiguas casas.<\/p>\n","protected":false},"featured_media":27395,"template":"","meta":{"_acf_changed":false},"pwb-brand":[250],"product_cat":[417,152],"product_tag":[],"class_list":{"0":"post-27478","1":"product","2":"type-product","3":"status-publish","4":"has-post-thumbnail","6":"pwb-brand-spin-master-es","7":"product_cat-3-4-anos","8":"product_cat-munecas","10":"first","11":"instock","12":"shipping-taxable","13":"purchasable","14":"product-type-simple"},"acf":[],"yoast_head":"<!-- This site is optimized with the Yoast SEO plugin v27.2 - https:\/\/yoast.com\/product\/yoast-seo-wordpress\/ -->\n<title>Gabby&#039;s Dollhouse Movie Casa de Mu\u00f1ecas - Joguines Bagu\u00e9<\/title>\n<meta name=\"robots\" content=\"index, follow, max-snippet:-1, max-image-preview:large, max-video-preview:-1\" \/>\n<link rel=\"canonical\" href=\"https:\/\/www.joguinesbague.com\/es\/munecas\/gabbys-dollhouse-movie-casa-de-munecas\/\" \/>\n<meta property=\"og:locale\" content=\"es_ES\" \/>\n<meta property=\"og:type\" content=\"article\" \/>\n<meta property=\"og:title\" content=\"Gabby&#039;s Dollhouse Movie Casa de Mu\u00f1ecas - Joguines Bagu\u00e9\" \/>\n<meta property=\"og:description\" content=\"\u00a1La nueva casa de Gabby! Inspirada en la nueva pel\u00edcula, esta casa de Gabby es una versi\u00f3n moderna de las \u00faltimas ediciones. Este set de juego interactivo de m\u00e1s de 60 cm de altura y 7 aposentos tem\u00e1ticos llenos de sorpresas incluye ojos digitales con expresiones, m\u00e1s de 60 animaciones de sonido, luces y movimiento, y 6 modos de juego. Evidentemente, son compatibles todas las habitaciones, balcones y complementos de las antiguas casas.\" \/>\n<meta property=\"og:url\" content=\"https:\/\/www.joguinesbague.com\/es\/munecas\/gabbys-dollhouse-movie-casa-de-munecas\/\" \/>\n<meta property=\"og:site_name\" content=\"Joguines Bagu\u00e9\" \/>\n<meta property=\"article:publisher\" content=\"https:\/\/www.facebook.com\/Joguines-Bagu%c3%a9-112374270472618\" \/>\n<meta property=\"article:modified_time\" content=\"2025-10-03T09:23:58+00:00\" \/>\n<meta property=\"og:image\" content=\"https:\/\/www.joguinesbague.com\/wp-content\/uploads\/2025\/10\/62708876_casa_3.jpg\" \/>\n\t<meta property=\"og:image:width\" content=\"800\" \/>\n\t<meta property=\"og:image:height\" content=\"800\" \/>\n\t<meta property=\"og:image:type\" content=\"image\/jpeg\" \/>\n<meta name=\"twitter:card\" content=\"summary_large_image\" \/>\n<script type=\"application\/ld+json\" class=\"yoast-schema-graph\">{\"@context\":\"https:\/\/schema.org\",\"@graph\":[{\"@type\":[\"WebPage\",\"ItemPage\"],\"@id\":\"https:\/\/www.joguinesbague.com\/es\/munecas\/gabbys-dollhouse-movie-casa-de-munecas\/\",\"url\":\"https:\/\/www.joguinesbague.com\/es\/munecas\/gabbys-dollhouse-movie-casa-de-munecas\/\",\"name\":\"Gabby's Dollhouse Movie Casa de Mu\u00f1ecas - Joguines Bagu\u00e9\",\"isPartOf\":{\"@id\":\"https:\/\/www.joguinesbague.com\/es\/#website\"},\"primaryImageOfPage\":{\"@id\":\"https:\/\/www.joguinesbague.com\/es\/munecas\/gabbys-dollhouse-movie-casa-de-munecas\/#primaryimage\"},\"image\":{\"@id\":\"https:\/\/www.joguinesbague.com\/es\/munecas\/gabbys-dollhouse-movie-casa-de-munecas\/#primaryimage\"},\"thumbnailUrl\":\"https:\/\/www.joguinesbague.com\/wp-content\/uploads\/2025\/10\/62708876_casa_3.jpg\",\"datePublished\":\"2025-10-03T09:22:15+00:00\",\"dateModified\":\"2025-10-03T09:23:58+00:00\",\"breadcrumb\":{\"@id\":\"https:\/\/www.joguinesbague.com\/es\/munecas\/gabbys-dollhouse-movie-casa-de-munecas\/#breadcrumb\"},\"inLanguage\":\"es\",\"potentialAction\":[{\"@type\":\"ReadAction\",\"target\":[\"https:\/\/www.joguinesbague.com\/es\/munecas\/gabbys-dollhouse-movie-casa-de-munecas\/\"]}]},{\"@type\":\"ImageObject\",\"inLanguage\":\"es\",\"@id\":\"https:\/\/www.joguinesbague.com\/es\/munecas\/gabbys-dollhouse-movie-casa-de-munecas\/#primaryimage\",\"url\":\"https:\/\/www.joguinesbague.com\/wp-content\/uploads\/2025\/10\/62708876_casa_3.jpg\",\"contentUrl\":\"https:\/\/www.joguinesbague.com\/wp-content\/uploads\/2025\/10\/62708876_casa_3.jpg\",\"width\":800,\"height\":800},{\"@type\":\"BreadcrumbList\",\"@id\":\"https:\/\/www.joguinesbague.com\/es\/munecas\/gabbys-dollhouse-movie-casa-de-munecas\/#breadcrumb\",\"itemListElement\":[{\"@type\":\"ListItem\",\"position\":1,\"name\":\"Inicio\",\"item\":\"https:\/\/www.joguinesbague.com\/es\/\"},{\"@type\":\"ListItem\",\"position\":2,\"name\":\"Juguetes\",\"item\":\"https:\/\/www.joguinesbague.com\/joguines\/\"},{\"@type\":\"ListItem\",\"position\":3,\"name\":\"3 - 4 a\u00f1os\",\"item\":\"https:\/\/www.joguinesbague.com\/es\/3-4-anos\/\"},{\"@type\":\"ListItem\",\"position\":4,\"name\":\"Gabby&#8217;s Dollhouse Movie Casa de Mu\u00f1ecas\"}]},{\"@type\":\"WebSite\",\"@id\":\"https:\/\/www.joguinesbague.com\/es\/#website\",\"url\":\"https:\/\/www.joguinesbague.com\/es\/\",\"name\":\"Joguines Bagu\u00e9\",\"description\":\"Tienda de juguetes en la Bisbal d'Empord\u00e0\",\"publisher\":{\"@id\":\"https:\/\/www.joguinesbague.com\/es\/#organization\"},\"potentialAction\":[{\"@type\":\"SearchAction\",\"target\":{\"@type\":\"EntryPoint\",\"urlTemplate\":\"https:\/\/www.joguinesbague.com\/es\/?s={search_term_string}\"},\"query-input\":{\"@type\":\"PropertyValueSpecification\",\"valueRequired\":true,\"valueName\":\"search_term_string\"}}],\"inLanguage\":\"es\"},{\"@type\":\"Organization\",\"@id\":\"https:\/\/www.joguinesbague.com\/es\/#organization\",\"name\":\"Joguines Bagu\u00e9\",\"url\":\"https:\/\/www.joguinesbague.com\/es\/\",\"logo\":{\"@type\":\"ImageObject\",\"inLanguage\":\"es\",\"@id\":\"https:\/\/www.joguinesbague.com\/es\/#\/schema\/logo\/image\/\",\"url\":\"https:\/\/www.joguinesbague.com\/wp-content\/uploads\/2020\/09\/AF-logotip-bague-02-e1599126400733.png\",\"contentUrl\":\"https:\/\/www.joguinesbague.com\/wp-content\/uploads\/2020\/09\/AF-logotip-bague-02-e1599126400733.png\",\"width\":1024,\"height\":419,\"caption\":\"Joguines Bagu\u00e9\"},\"image\":{\"@id\":\"https:\/\/www.joguinesbague.com\/es\/#\/schema\/logo\/image\/\"},\"sameAs\":[\"https:\/\/www.facebook.com\/Joguines-Bagu\u00e9-112374270472618\",\"https:\/\/www.instagram.com\/joguinesbague\"]}]}<\/script>\n<!-- \/ Yoast SEO plugin. -->","yoast_head_json":{"title":"Gabby's Dollhouse Movie Casa de Mu\u00f1ecas - Joguines Bagu\u00e9","robots":{"index":"index","follow":"follow","max-snippet":"max-snippet:-1","max-image-preview":"max-image-preview:large","max-video-preview":"max-video-preview:-1"},"canonical":"https:\/\/www.joguinesbague.com\/es\/munecas\/gabbys-dollhouse-movie-casa-de-munecas\/","og_locale":"es_ES","og_type":"article","og_title":"Gabby's Dollhouse Movie Casa de Mu\u00f1ecas - Joguines Bagu\u00e9","og_description":"\u00a1La nueva casa de Gabby! Inspirada en la nueva pel\u00edcula, esta casa de Gabby es una versi\u00f3n moderna de las \u00faltimas ediciones. Este set de juego interactivo de m\u00e1s de 60 cm de altura y 7 aposentos tem\u00e1ticos llenos de sorpresas incluye ojos digitales con expresiones, m\u00e1s de 60 animaciones de sonido, luces y movimiento, y 6 modos de juego. Evidentemente, son compatibles todas las habitaciones, balcones y complementos de las antiguas casas.","og_url":"https:\/\/www.joguinesbague.com\/es\/munecas\/gabbys-dollhouse-movie-casa-de-munecas\/","og_site_name":"Joguines Bagu\u00e9","article_publisher":"https:\/\/www.facebook.com\/Joguines-Bagu%c3%a9-112374270472618","article_modified_time":"2025-10-03T09:23:58+00:00","og_image":[{"width":800,"height":800,"url":"https:\/\/www.joguinesbague.com\/wp-content\/uploads\/2025\/10\/62708876_casa_3.jpg","type":"image\/jpeg"}],"twitter_card":"summary_large_image","schema":{"@context":"https:\/\/schema.org","@graph":[{"@type":["WebPage","ItemPage"],"@id":"https:\/\/www.joguinesbague.com\/es\/munecas\/gabbys-dollhouse-movie-casa-de-munecas\/","url":"https:\/\/www.joguinesbague.com\/es\/munecas\/gabbys-dollhouse-movie-casa-de-munecas\/","name":"Gabby's Dollhouse Movie Casa de Mu\u00f1ecas - Joguines Bagu\u00e9","isPartOf":{"@id":"https:\/\/www.joguinesbague.com\/es\/#website"},"primaryImageOfPage":{"@id":"https:\/\/www.joguinesbague.com\/es\/munecas\/gabbys-dollhouse-movie-casa-de-munecas\/#primaryimage"},"image":{"@id":"https:\/\/www.joguinesbague.com\/es\/munecas\/gabbys-dollhouse-movie-casa-de-munecas\/#primaryimage"},"thumbnailUrl":"https:\/\/www.joguinesbague.com\/wp-content\/uploads\/2025\/10\/62708876_casa_3.jpg","datePublished":"2025-10-03T09:22:15+00:00","dateModified":"2025-10-03T09:23:58+00:00","breadcrumb":{"@id":"https:\/\/www.joguinesbague.com\/es\/munecas\/gabbys-dollhouse-movie-casa-de-munecas\/#breadcrumb"},"inLanguage":"es","potentialAction":[{"@type":"ReadAction","target":["https:\/\/www.joguinesbague.com\/es\/munecas\/gabbys-dollhouse-movie-casa-de-munecas\/"]}]},{"@type":"ImageObject","inLanguage":"es","@id":"https:\/\/www.joguinesbague.com\/es\/munecas\/gabbys-dollhouse-movie-casa-de-munecas\/#primaryimage","url":"https:\/\/www.joguinesbague.com\/wp-content\/uploads\/2025\/10\/62708876_casa_3.jpg","contentUrl":"https:\/\/www.joguinesbague.com\/wp-content\/uploads\/2025\/10\/62708876_casa_3.jpg","width":800,"height":800},{"@type":"BreadcrumbList","@id":"https:\/\/www.joguinesbague.com\/es\/munecas\/gabbys-dollhouse-movie-casa-de-munecas\/#breadcrumb","itemListElement":[{"@type":"ListItem","position":1,"name":"Inicio","item":"https:\/\/www.joguinesbague.com\/es\/"},{"@type":"ListItem","position":2,"name":"Juguetes","item":"https:\/\/www.joguinesbague.com\/joguines\/"},{"@type":"ListItem","position":3,"name":"3 - 4 a\u00f1os","item":"https:\/\/www.joguinesbague.com\/es\/3-4-anos\/"},{"@type":"ListItem","position":4,"name":"Gabby&#8217;s Dollhouse Movie Casa de Mu\u00f1ecas"}]},{"@type":"WebSite","@id":"https:\/\/www.joguinesbague.com\/es\/#website","url":"https:\/\/www.joguinesbague.com\/es\/","name":"Joguines Bagu\u00e9","description":"Tienda de juguetes en la Bisbal d'Empord\u00e0","publisher":{"@id":"https:\/\/www.joguinesbague.com\/es\/#organization"},"potentialAction":[{"@type":"SearchAction","target":{"@type":"EntryPoint","urlTemplate":"https:\/\/www.joguinesbague.com\/es\/?s={search_term_string}"},"query-input":{"@type":"PropertyValueSpecification","valueRequired":true,"valueName":"search_term_string"}}],"inLanguage":"es"},{"@type":"Organization","@id":"https:\/\/www.joguinesbague.com\/es\/#organization","name":"Joguines Bagu\u00e9","url":"https:\/\/www.joguinesbague.com\/es\/","logo":{"@type":"ImageObject","inLanguage":"es","@id":"https:\/\/www.joguinesbague.com\/es\/#\/schema\/logo\/image\/","url":"https:\/\/www.joguinesbague.com\/wp-content\/uploads\/2020\/09\/AF-logotip-bague-02-e1599126400733.png","contentUrl":"https:\/\/www.joguinesbague.com\/wp-content\/uploads\/2020\/09\/AF-logotip-bague-02-e1599126400733.png","width":1024,"height":419,"caption":"Joguines Bagu\u00e9"},"image":{"@id":"https:\/\/www.joguinesbague.com\/es\/#\/schema\/logo\/image\/"},"sameAs":["https:\/\/www.facebook.com\/Joguines-Bagu\u00e9-112374270472618","https:\/\/www.instagram.com\/joguinesbague"]}]}},"brands":[{"id":250,"name":"Spin Master","slug":"spin-master-es"}],"_links":{"self":[{"href":"https:\/\/www.joguinesbague.com\/es\/wp-json\/wp\/v2\/product\/27478","targetHints":{"allow":["GET"]}}],"collection":[{"href":"https:\/\/www.joguinesbague.com\/es\/wp-json\/wp\/v2\/product"}],"about":[{"href":"https:\/\/www.joguinesbague.com\/es\/wp-json\/wp\/v2\/types\/product"}],"wp:featuredmedia":[{"embeddable":true,"href":"https:\/\/www.joguinesbague.com\/es\/wp-json\/wp\/v2\/media\/27395"}],"wp:attachment":[{"href":"https:\/\/www.joguinesbague.com\/es\/wp-json\/wp\/v2\/media?parent=27478"}],"wp:term":[{"taxonomy":"pwb-brand","embeddable":true,"href":"https:\/\/www.joguinesbague.com\/es\/wp-json\/wp\/v2\/pwb-brand?post=27478"},{"taxonomy":"product_cat","embeddable":true,"href":"https:\/\/www.joguinesbague.com\/es\/wp-json\/wp\/v2\/product_cat?post=27478"},{"taxonomy":"product_tag","embeddable":true,"href":"https:\/\/www.joguinesbague.com\/es\/wp-json\/wp\/v2\/product_tag?post=27478"}],"curies":[{"name":"wp","href":"https:\/\/api.w.org\/{rel}","templated":true}]}}