{"id":27464,"date":"2025-10-02T09:40:07","date_gmt":"2025-10-02T07:44:10","guid":{"rendered":"https:\/\/www.joguinesbague.com\/sin categor\u00eda\/patrulla-canina-fire-rescue-estacion-de-bomberos\/"},"modified":"2025-10-02T09:44:10","modified_gmt":"2025-10-02T07:44:10","slug":"patrulla-canina-fire-rescue-estacion-de-bomberos","status":"publish","type":"product","link":"https:\/\/www.joguinesbague.com\/es\/juguetes-de-accion\/patrulla-canina-fire-rescue-estacion-de-bomberos\/","title":{"rendered":"Patrulla Canina &#8211; Fire Rescue Estaci\u00f3n de Bomberos"},"content":{"rendered":"","protected":false},"excerpt":{"rendered":"<p>Imag\u00ednate formar parte de las misiones de rescate con la nueva Estaci\u00f3n de Bomberos Fire Rescue de la Patrulla Canina. <\/p>\n<p>Este espectacular set de juego incluye luces, sonidos y m\u00faltiples funciones para realizar la actuaci\u00f3n a\u00fan m\u00e1s apasionante. Algunas de las funciones son el lanzador de proyectiles de agua, la rampa de lanzamiento, el bajante giratorio, la plataforma de aterrizaje y la estaci\u00f3n de recarga. <\/p>\n","protected":false},"featured_media":27365,"template":"","meta":{"_acf_changed":false},"pwb-brand":[250],"product_cat":[417,155],"product_tag":[],"class_list":{"0":"post-27464","1":"product","2":"type-product","3":"status-publish","4":"has-post-thumbnail","6":"pwb-brand-spin-master-es","7":"product_cat-3-4-anos","8":"product_cat-juguetes-de-accion","10":"first","11":"instock","12":"shipping-taxable","13":"purchasable","14":"product-type-simple"},"acf":[],"yoast_head":"<!-- This site is optimized with the Yoast SEO plugin v27.2 - https:\/\/yoast.com\/product\/yoast-seo-wordpress\/ -->\n<title>Patrulla Canina - Fire Rescue Estaci\u00f3n de Bomberos - Joguines Bagu\u00e9<\/title>\n<meta name=\"robots\" content=\"index, follow, max-snippet:-1, max-image-preview:large, max-video-preview:-1\" \/>\n<link rel=\"canonical\" href=\"https:\/\/www.joguinesbague.com\/es\/juguetes-de-accion\/patrulla-canina-fire-rescue-estacion-de-bomberos\/\" \/>\n<meta property=\"og:locale\" content=\"es_ES\" \/>\n<meta property=\"og:type\" content=\"article\" \/>\n<meta property=\"og:title\" content=\"Patrulla Canina - Fire Rescue Estaci\u00f3n de Bomberos - Joguines Bagu\u00e9\" \/>\n<meta property=\"og:description\" content=\"Imag\u00ednate formar parte de las misiones de rescate con la nueva Estaci\u00f3n de Bomberos Fire Rescue de la Patrulla Canina.  Este espectacular set de juego incluye luces, sonidos y m\u00faltiples funciones para realizar la actuaci\u00f3n a\u00fan m\u00e1s apasionante. Algunas de las funciones son el lanzador de proyectiles de agua, la rampa de lanzamiento, el bajante giratorio, la plataforma de aterrizaje y la estaci\u00f3n de recarga.\" \/>\n<meta property=\"og:url\" content=\"https:\/\/www.joguinesbague.com\/es\/juguetes-de-accion\/patrulla-canina-fire-rescue-estacion-de-bomberos\/\" \/>\n<meta property=\"og:site_name\" content=\"Joguines Bagu\u00e9\" \/>\n<meta property=\"article:publisher\" content=\"https:\/\/www.facebook.com\/Joguines-Bagu%c3%a9-112374270472618\" \/>\n<meta property=\"og:image\" content=\"https:\/\/www.joguinesbague.com\/wp-content\/uploads\/2025\/10\/62707821_estacio_5.jpg\" \/>\n\t<meta property=\"og:image:width\" content=\"800\" \/>\n\t<meta property=\"og:image:height\" content=\"800\" \/>\n\t<meta property=\"og:image:type\" content=\"image\/jpeg\" \/>\n<meta name=\"twitter:card\" content=\"summary_large_image\" \/>\n<script type=\"application\/ld+json\" class=\"yoast-schema-graph\">{\"@context\":\"https:\/\/schema.org\",\"@graph\":[{\"@type\":[\"WebPage\",\"ItemPage\"],\"@id\":\"https:\/\/www.joguinesbague.com\/es\/juguetes-de-accion\/patrulla-canina-fire-rescue-estacion-de-bomberos\/\",\"url\":\"https:\/\/www.joguinesbague.com\/es\/juguetes-de-accion\/patrulla-canina-fire-rescue-estacion-de-bomberos\/\",\"name\":\"Patrulla Canina - Fire Rescue Estaci\u00f3n de Bomberos - Joguines Bagu\u00e9\",\"isPartOf\":{\"@id\":\"https:\/\/www.joguinesbague.com\/es\/#website\"},\"primaryImageOfPage\":{\"@id\":\"https:\/\/www.joguinesbague.com\/es\/juguetes-de-accion\/patrulla-canina-fire-rescue-estacion-de-bomberos\/#primaryimage\"},\"image\":{\"@id\":\"https:\/\/www.joguinesbague.com\/es\/juguetes-de-accion\/patrulla-canina-fire-rescue-estacion-de-bomberos\/#primaryimage\"},\"thumbnailUrl\":\"https:\/\/www.joguinesbague.com\/wp-content\/uploads\/2025\/10\/62707821_estacio_5.jpg\",\"datePublished\":\"2025-10-02T07:44:10+00:00\",\"breadcrumb\":{\"@id\":\"https:\/\/www.joguinesbague.com\/es\/juguetes-de-accion\/patrulla-canina-fire-rescue-estacion-de-bomberos\/#breadcrumb\"},\"inLanguage\":\"es\",\"potentialAction\":[{\"@type\":\"ReadAction\",\"target\":[\"https:\/\/www.joguinesbague.com\/es\/juguetes-de-accion\/patrulla-canina-fire-rescue-estacion-de-bomberos\/\"]}]},{\"@type\":\"ImageObject\",\"inLanguage\":\"es\",\"@id\":\"https:\/\/www.joguinesbague.com\/es\/juguetes-de-accion\/patrulla-canina-fire-rescue-estacion-de-bomberos\/#primaryimage\",\"url\":\"https:\/\/www.joguinesbague.com\/wp-content\/uploads\/2025\/10\/62707821_estacio_5.jpg\",\"contentUrl\":\"https:\/\/www.joguinesbague.com\/wp-content\/uploads\/2025\/10\/62707821_estacio_5.jpg\",\"width\":800,\"height\":800},{\"@type\":\"BreadcrumbList\",\"@id\":\"https:\/\/www.joguinesbague.com\/es\/juguetes-de-accion\/patrulla-canina-fire-rescue-estacion-de-bomberos\/#breadcrumb\",\"itemListElement\":[{\"@type\":\"ListItem\",\"position\":1,\"name\":\"Inicio\",\"item\":\"https:\/\/www.joguinesbague.com\/es\/\"},{\"@type\":\"ListItem\",\"position\":2,\"name\":\"Juguetes\",\"item\":\"https:\/\/www.joguinesbague.com\/joguines\/\"},{\"@type\":\"ListItem\",\"position\":3,\"name\":\"Juguetes de acci\u00f3n\",\"item\":\"https:\/\/www.joguinesbague.com\/es\/juguetes-de-accion\/\"},{\"@type\":\"ListItem\",\"position\":4,\"name\":\"Patrulla Canina &#8211; Fire Rescue Estaci\u00f3n de Bomberos\"}]},{\"@type\":\"WebSite\",\"@id\":\"https:\/\/www.joguinesbague.com\/es\/#website\",\"url\":\"https:\/\/www.joguinesbague.com\/es\/\",\"name\":\"Joguines Bagu\u00e9\",\"description\":\"Tienda de juguetes en la Bisbal d'Empord\u00e0\",\"publisher\":{\"@id\":\"https:\/\/www.joguinesbague.com\/es\/#organization\"},\"potentialAction\":[{\"@type\":\"SearchAction\",\"target\":{\"@type\":\"EntryPoint\",\"urlTemplate\":\"https:\/\/www.joguinesbague.com\/es\/?s={search_term_string}\"},\"query-input\":{\"@type\":\"PropertyValueSpecification\",\"valueRequired\":true,\"valueName\":\"search_term_string\"}}],\"inLanguage\":\"es\"},{\"@type\":\"Organization\",\"@id\":\"https:\/\/www.joguinesbague.com\/es\/#organization\",\"name\":\"Joguines Bagu\u00e9\",\"url\":\"https:\/\/www.joguinesbague.com\/es\/\",\"logo\":{\"@type\":\"ImageObject\",\"inLanguage\":\"es\",\"@id\":\"https:\/\/www.joguinesbague.com\/es\/#\/schema\/logo\/image\/\",\"url\":\"https:\/\/www.joguinesbague.com\/wp-content\/uploads\/2020\/09\/AF-logotip-bague-02-e1599126400733.png\",\"contentUrl\":\"https:\/\/www.joguinesbague.com\/wp-content\/uploads\/2020\/09\/AF-logotip-bague-02-e1599126400733.png\",\"width\":1024,\"height\":419,\"caption\":\"Joguines Bagu\u00e9\"},\"image\":{\"@id\":\"https:\/\/www.joguinesbague.com\/es\/#\/schema\/logo\/image\/\"},\"sameAs\":[\"https:\/\/www.facebook.com\/Joguines-Bagu\u00e9-112374270472618\",\"https:\/\/www.instagram.com\/joguinesbague\"]}]}<\/script>\n<!-- \/ Yoast SEO plugin. -->","yoast_head_json":{"title":"Patrulla Canina - Fire Rescue Estaci\u00f3n de Bomberos - Joguines Bagu\u00e9","robots":{"index":"index","follow":"follow","max-snippet":"max-snippet:-1","max-image-preview":"max-image-preview:large","max-video-preview":"max-video-preview:-1"},"canonical":"https:\/\/www.joguinesbague.com\/es\/juguetes-de-accion\/patrulla-canina-fire-rescue-estacion-de-bomberos\/","og_locale":"es_ES","og_type":"article","og_title":"Patrulla Canina - Fire Rescue Estaci\u00f3n de Bomberos - Joguines Bagu\u00e9","og_description":"Imag\u00ednate formar parte de las misiones de rescate con la nueva Estaci\u00f3n de Bomberos Fire Rescue de la Patrulla Canina.  Este espectacular set de juego incluye luces, sonidos y m\u00faltiples funciones para realizar la actuaci\u00f3n a\u00fan m\u00e1s apasionante. Algunas de las funciones son el lanzador de proyectiles de agua, la rampa de lanzamiento, el bajante giratorio, la plataforma de aterrizaje y la estaci\u00f3n de recarga.","og_url":"https:\/\/www.joguinesbague.com\/es\/juguetes-de-accion\/patrulla-canina-fire-rescue-estacion-de-bomberos\/","og_site_name":"Joguines Bagu\u00e9","article_publisher":"https:\/\/www.facebook.com\/Joguines-Bagu%c3%a9-112374270472618","og_image":[{"width":800,"height":800,"url":"https:\/\/www.joguinesbague.com\/wp-content\/uploads\/2025\/10\/62707821_estacio_5.jpg","type":"image\/jpeg"}],"twitter_card":"summary_large_image","schema":{"@context":"https:\/\/schema.org","@graph":[{"@type":["WebPage","ItemPage"],"@id":"https:\/\/www.joguinesbague.com\/es\/juguetes-de-accion\/patrulla-canina-fire-rescue-estacion-de-bomberos\/","url":"https:\/\/www.joguinesbague.com\/es\/juguetes-de-accion\/patrulla-canina-fire-rescue-estacion-de-bomberos\/","name":"Patrulla Canina - Fire Rescue Estaci\u00f3n de Bomberos - Joguines Bagu\u00e9","isPartOf":{"@id":"https:\/\/www.joguinesbague.com\/es\/#website"},"primaryImageOfPage":{"@id":"https:\/\/www.joguinesbague.com\/es\/juguetes-de-accion\/patrulla-canina-fire-rescue-estacion-de-bomberos\/#primaryimage"},"image":{"@id":"https:\/\/www.joguinesbague.com\/es\/juguetes-de-accion\/patrulla-canina-fire-rescue-estacion-de-bomberos\/#primaryimage"},"thumbnailUrl":"https:\/\/www.joguinesbague.com\/wp-content\/uploads\/2025\/10\/62707821_estacio_5.jpg","datePublished":"2025-10-02T07:44:10+00:00","breadcrumb":{"@id":"https:\/\/www.joguinesbague.com\/es\/juguetes-de-accion\/patrulla-canina-fire-rescue-estacion-de-bomberos\/#breadcrumb"},"inLanguage":"es","potentialAction":[{"@type":"ReadAction","target":["https:\/\/www.joguinesbague.com\/es\/juguetes-de-accion\/patrulla-canina-fire-rescue-estacion-de-bomberos\/"]}]},{"@type":"ImageObject","inLanguage":"es","@id":"https:\/\/www.joguinesbague.com\/es\/juguetes-de-accion\/patrulla-canina-fire-rescue-estacion-de-bomberos\/#primaryimage","url":"https:\/\/www.joguinesbague.com\/wp-content\/uploads\/2025\/10\/62707821_estacio_5.jpg","contentUrl":"https:\/\/www.joguinesbague.com\/wp-content\/uploads\/2025\/10\/62707821_estacio_5.jpg","width":800,"height":800},{"@type":"BreadcrumbList","@id":"https:\/\/www.joguinesbague.com\/es\/juguetes-de-accion\/patrulla-canina-fire-rescue-estacion-de-bomberos\/#breadcrumb","itemListElement":[{"@type":"ListItem","position":1,"name":"Inicio","item":"https:\/\/www.joguinesbague.com\/es\/"},{"@type":"ListItem","position":2,"name":"Juguetes","item":"https:\/\/www.joguinesbague.com\/joguines\/"},{"@type":"ListItem","position":3,"name":"Juguetes de acci\u00f3n","item":"https:\/\/www.joguinesbague.com\/es\/juguetes-de-accion\/"},{"@type":"ListItem","position":4,"name":"Patrulla Canina &#8211; Fire Rescue Estaci\u00f3n de Bomberos"}]},{"@type":"WebSite","@id":"https:\/\/www.joguinesbague.com\/es\/#website","url":"https:\/\/www.joguinesbague.com\/es\/","name":"Joguines Bagu\u00e9","description":"Tienda de juguetes en la Bisbal d'Empord\u00e0","publisher":{"@id":"https:\/\/www.joguinesbague.com\/es\/#organization"},"potentialAction":[{"@type":"SearchAction","target":{"@type":"EntryPoint","urlTemplate":"https:\/\/www.joguinesbague.com\/es\/?s={search_term_string}"},"query-input":{"@type":"PropertyValueSpecification","valueRequired":true,"valueName":"search_term_string"}}],"inLanguage":"es"},{"@type":"Organization","@id":"https:\/\/www.joguinesbague.com\/es\/#organization","name":"Joguines Bagu\u00e9","url":"https:\/\/www.joguinesbague.com\/es\/","logo":{"@type":"ImageObject","inLanguage":"es","@id":"https:\/\/www.joguinesbague.com\/es\/#\/schema\/logo\/image\/","url":"https:\/\/www.joguinesbague.com\/wp-content\/uploads\/2020\/09\/AF-logotip-bague-02-e1599126400733.png","contentUrl":"https:\/\/www.joguinesbague.com\/wp-content\/uploads\/2020\/09\/AF-logotip-bague-02-e1599126400733.png","width":1024,"height":419,"caption":"Joguines Bagu\u00e9"},"image":{"@id":"https:\/\/www.joguinesbague.com\/es\/#\/schema\/logo\/image\/"},"sameAs":["https:\/\/www.facebook.com\/Joguines-Bagu\u00e9-112374270472618","https:\/\/www.instagram.com\/joguinesbague"]}]}},"brands":[{"id":250,"name":"Spin Master","slug":"spin-master-es"}],"_links":{"self":[{"href":"https:\/\/www.joguinesbague.com\/es\/wp-json\/wp\/v2\/product\/27464","targetHints":{"allow":["GET"]}}],"collection":[{"href":"https:\/\/www.joguinesbague.com\/es\/wp-json\/wp\/v2\/product"}],"about":[{"href":"https:\/\/www.joguinesbague.com\/es\/wp-json\/wp\/v2\/types\/product"}],"wp:featuredmedia":[{"embeddable":true,"href":"https:\/\/www.joguinesbague.com\/es\/wp-json\/wp\/v2\/media\/27365"}],"wp:attachment":[{"href":"https:\/\/www.joguinesbague.com\/es\/wp-json\/wp\/v2\/media?parent=27464"}],"wp:term":[{"taxonomy":"pwb-brand","embeddable":true,"href":"https:\/\/www.joguinesbague.com\/es\/wp-json\/wp\/v2\/pwb-brand?post=27464"},{"taxonomy":"product_cat","embeddable":true,"href":"https:\/\/www.joguinesbague.com\/es\/wp-json\/wp\/v2\/product_cat?post=27464"},{"taxonomy":"product_tag","embeddable":true,"href":"https:\/\/www.joguinesbague.com\/es\/wp-json\/wp\/v2\/product_tag?post=27464"}],"curies":[{"name":"wp","href":"https:\/\/api.w.org\/{rel}","templated":true}]}}