{"id":26722,"date":"2025-09-23T18:52:31","date_gmt":"2025-09-23T16:52:31","guid":{"rendered":"https:\/\/www.joguinesbague.com\/sin%20categor\u00eda\/camera-de-impressio-instantania-2-0\/"},"modified":"2025-09-23T18:56:58","modified_gmt":"2025-09-23T16:56:58","slug":"camera-de-impressio-instantania-2-0","status":"publish","type":"product","link":"https:\/\/www.joguinesbague.com\/es\/juguetes-electronicos\/camera-de-impressio-instantania-2-0\/","title":{"rendered":"C\u00e1mara de Impresi\u00f3n Instant\u00e1nea 2.0"},"content":{"rendered":"","protected":false},"excerpt":{"rendered":"<p>Descubre la diversi\u00f3n y creatividad con esta c\u00e1mara de \u00faltima generaci\u00f3n, un dispositivo ideal para ni\u00f1os y ni\u00f1as a partir de 8 a\u00f1os que combina c\u00e1mara digital, impresora y grabaci\u00f3n de v\u00eddeo en un solo aparato.<\/p>\n<p>Caracter\u00edsticas destacadas:<br \/>&#8211; Impresi\u00f3n instant\u00e1nea sobre papel fotogr\u00e1fico de alta calidad, disponible en 4 colores brillantes y sin tiempo de secado.<br \/>&#8211; Pantalla t\u00e1ctil de 3 pulgadas (HD) para ver y controlar las capturas c\u00f3modamente.<br \/>&#8211; Doble lento: frontal y selfie, para que puedas tomar fotos normales y selfies f\u00e1cilmente.<br \/>&#8211; Iluminaci\u00f3n integrada: flash + anillo LED, perfecto para tomar fotos cuando no haya suficiente luz.<br \/>&#8211; Incluye una tarjeta Micro-SD de 4 GB para guardar fotos y v\u00eddeos digitalmente.<br \/>&#8211; Accesorios creativos: rotuladores y pegatinas para personalizar tus fotos.<br \/>&#8211; Impresi\u00f3n de m\u00e1s de 100 fotos incluidas en el kit.<\/p>\n","protected":false},"featured_media":26718,"template":"","meta":{"_acf_changed":false},"pwb-brand":[222],"product_cat":[415,157],"product_tag":[],"class_list":{"0":"post-26722","1":"product","2":"type-product","3":"status-publish","4":"has-post-thumbnail","6":"pwb-brand-canal-toys-es","7":"product_cat-7-8-anos","8":"product_cat-juguetes-electronicos","10":"first","11":"outofstock","12":"shipping-taxable","13":"purchasable","14":"product-type-simple"},"acf":[],"yoast_head":"<!-- This site is optimized with the Yoast SEO plugin v27.2 - https:\/\/yoast.com\/product\/yoast-seo-wordpress\/ -->\n<title>C\u00e1mara de Impresi\u00f3n Instant\u00e1nea 2.0 - Joguines Bagu\u00e9<\/title>\n<meta name=\"robots\" content=\"index, follow, max-snippet:-1, max-image-preview:large, max-video-preview:-1\" \/>\n<link rel=\"canonical\" href=\"https:\/\/www.joguinesbague.com\/es\/juguetes-electronicos\/camera-de-impressio-instantania-2-0\/\" \/>\n<meta property=\"og:locale\" content=\"es_ES\" \/>\n<meta property=\"og:type\" content=\"article\" \/>\n<meta property=\"og:title\" content=\"C\u00e1mara de Impresi\u00f3n Instant\u00e1nea 2.0 - Joguines Bagu\u00e9\" \/>\n<meta property=\"og:description\" content=\"Descubre la diversi\u00f3n y creatividad con esta c\u00e1mara de \u00faltima generaci\u00f3n, un dispositivo ideal para ni\u00f1os y ni\u00f1as a partir de 8 a\u00f1os que combina c\u00e1mara digital, impresora y grabaci\u00f3n de v\u00eddeo en un solo aparato. Caracter\u00edsticas destacadas:- Impresi\u00f3n instant\u00e1nea sobre papel fotogr\u00e1fico de alta calidad, disponible en 4 colores brillantes y sin tiempo de secado.- Pantalla t\u00e1ctil de 3 pulgadas (HD) para ver y controlar las capturas c\u00f3modamente.- Doble lento: frontal y selfie, para que puedas tomar fotos normales y selfies f\u00e1cilmente.- Iluminaci\u00f3n integrada: flash + anillo LED, perfecto para tomar fotos cuando no haya suficiente luz.- Incluye una tarjeta Micro-SD de 4 GB para guardar fotos y v\u00eddeos digitalmente.- Accesorios creativos: rotuladores y pegatinas para personalizar tus fotos.- Impresi\u00f3n de m\u00e1s de 100 fotos incluidas en el kit.\" \/>\n<meta property=\"og:url\" content=\"https:\/\/www.joguinesbague.com\/es\/juguetes-electronicos\/camera-de-impressio-instantania-2-0\/\" \/>\n<meta property=\"og:site_name\" content=\"Joguines Bagu\u00e9\" \/>\n<meta property=\"article:publisher\" content=\"https:\/\/www.facebook.com\/Joguines-Bagu%c3%a9-112374270472618\" \/>\n<meta property=\"article:modified_time\" content=\"2025-09-23T16:56:58+00:00\" \/>\n<meta property=\"og:image\" content=\"https:\/\/www.joguinesbague.com\/wp-content\/uploads\/2025\/09\/54770645_camera_7.jpg\" \/>\n\t<meta property=\"og:image:width\" content=\"800\" \/>\n\t<meta property=\"og:image:height\" content=\"800\" \/>\n\t<meta property=\"og:image:type\" content=\"image\/jpeg\" \/>\n<meta name=\"twitter:card\" content=\"summary_large_image\" \/>\n<script type=\"application\/ld+json\" class=\"yoast-schema-graph\">{\"@context\":\"https:\/\/schema.org\",\"@graph\":[{\"@type\":[\"WebPage\",\"ItemPage\"],\"@id\":\"https:\/\/www.joguinesbague.com\/es\/juguetes-electronicos\/camera-de-impressio-instantania-2-0\/\",\"url\":\"https:\/\/www.joguinesbague.com\/es\/juguetes-electronicos\/camera-de-impressio-instantania-2-0\/\",\"name\":\"C\u00e1mara de Impresi\u00f3n Instant\u00e1nea 2.0 - Joguines Bagu\u00e9\",\"isPartOf\":{\"@id\":\"https:\/\/www.joguinesbague.com\/es\/#website\"},\"primaryImageOfPage\":{\"@id\":\"https:\/\/www.joguinesbague.com\/es\/juguetes-electronicos\/camera-de-impressio-instantania-2-0\/#primaryimage\"},\"image\":{\"@id\":\"https:\/\/www.joguinesbague.com\/es\/juguetes-electronicos\/camera-de-impressio-instantania-2-0\/#primaryimage\"},\"thumbnailUrl\":\"https:\/\/www.joguinesbague.com\/wp-content\/uploads\/2025\/09\/54770645_camera_7.jpg\",\"datePublished\":\"2025-09-23T16:52:31+00:00\",\"dateModified\":\"2025-09-23T16:56:58+00:00\",\"breadcrumb\":{\"@id\":\"https:\/\/www.joguinesbague.com\/es\/juguetes-electronicos\/camera-de-impressio-instantania-2-0\/#breadcrumb\"},\"inLanguage\":\"es\",\"potentialAction\":[{\"@type\":\"ReadAction\",\"target\":[\"https:\/\/www.joguinesbague.com\/es\/juguetes-electronicos\/camera-de-impressio-instantania-2-0\/\"]}]},{\"@type\":\"ImageObject\",\"inLanguage\":\"es\",\"@id\":\"https:\/\/www.joguinesbague.com\/es\/juguetes-electronicos\/camera-de-impressio-instantania-2-0\/#primaryimage\",\"url\":\"https:\/\/www.joguinesbague.com\/wp-content\/uploads\/2025\/09\/54770645_camera_7.jpg\",\"contentUrl\":\"https:\/\/www.joguinesbague.com\/wp-content\/uploads\/2025\/09\/54770645_camera_7.jpg\",\"width\":800,\"height\":800},{\"@type\":\"BreadcrumbList\",\"@id\":\"https:\/\/www.joguinesbague.com\/es\/juguetes-electronicos\/camera-de-impressio-instantania-2-0\/#breadcrumb\",\"itemListElement\":[{\"@type\":\"ListItem\",\"position\":1,\"name\":\"Inicio\",\"item\":\"https:\/\/www.joguinesbague.com\/es\/\"},{\"@type\":\"ListItem\",\"position\":2,\"name\":\"Juguetes\",\"item\":\"https:\/\/www.joguinesbague.com\/joguines\/\"},{\"@type\":\"ListItem\",\"position\":3,\"name\":\"Juguetes electr\u00f3nicos\",\"item\":\"https:\/\/www.joguinesbague.com\/es\/juguetes-electronicos\/\"},{\"@type\":\"ListItem\",\"position\":4,\"name\":\"C\u00e1mara de Impresi\u00f3n Instant\u00e1nea 2.0\"}]},{\"@type\":\"WebSite\",\"@id\":\"https:\/\/www.joguinesbague.com\/es\/#website\",\"url\":\"https:\/\/www.joguinesbague.com\/es\/\",\"name\":\"Joguines Bagu\u00e9\",\"description\":\"Tienda de juguetes en la Bisbal d'Empord\u00e0\",\"publisher\":{\"@id\":\"https:\/\/www.joguinesbague.com\/es\/#organization\"},\"potentialAction\":[{\"@type\":\"SearchAction\",\"target\":{\"@type\":\"EntryPoint\",\"urlTemplate\":\"https:\/\/www.joguinesbague.com\/es\/?s={search_term_string}\"},\"query-input\":{\"@type\":\"PropertyValueSpecification\",\"valueRequired\":true,\"valueName\":\"search_term_string\"}}],\"inLanguage\":\"es\"},{\"@type\":\"Organization\",\"@id\":\"https:\/\/www.joguinesbague.com\/es\/#organization\",\"name\":\"Joguines Bagu\u00e9\",\"url\":\"https:\/\/www.joguinesbague.com\/es\/\",\"logo\":{\"@type\":\"ImageObject\",\"inLanguage\":\"es\",\"@id\":\"https:\/\/www.joguinesbague.com\/es\/#\/schema\/logo\/image\/\",\"url\":\"https:\/\/www.joguinesbague.com\/wp-content\/uploads\/2020\/09\/AF-logotip-bague-02-e1599126400733.png\",\"contentUrl\":\"https:\/\/www.joguinesbague.com\/wp-content\/uploads\/2020\/09\/AF-logotip-bague-02-e1599126400733.png\",\"width\":1024,\"height\":419,\"caption\":\"Joguines Bagu\u00e9\"},\"image\":{\"@id\":\"https:\/\/www.joguinesbague.com\/es\/#\/schema\/logo\/image\/\"},\"sameAs\":[\"https:\/\/www.facebook.com\/Joguines-Bagu\u00e9-112374270472618\",\"https:\/\/www.instagram.com\/joguinesbague\"]}]}<\/script>\n<!-- \/ Yoast SEO plugin. -->","yoast_head_json":{"title":"C\u00e1mara de Impresi\u00f3n Instant\u00e1nea 2.0 - Joguines Bagu\u00e9","robots":{"index":"index","follow":"follow","max-snippet":"max-snippet:-1","max-image-preview":"max-image-preview:large","max-video-preview":"max-video-preview:-1"},"canonical":"https:\/\/www.joguinesbague.com\/es\/juguetes-electronicos\/camera-de-impressio-instantania-2-0\/","og_locale":"es_ES","og_type":"article","og_title":"C\u00e1mara de Impresi\u00f3n Instant\u00e1nea 2.0 - Joguines Bagu\u00e9","og_description":"Descubre la diversi\u00f3n y creatividad con esta c\u00e1mara de \u00faltima generaci\u00f3n, un dispositivo ideal para ni\u00f1os y ni\u00f1as a partir de 8 a\u00f1os que combina c\u00e1mara digital, impresora y grabaci\u00f3n de v\u00eddeo en un solo aparato. Caracter\u00edsticas destacadas:- Impresi\u00f3n instant\u00e1nea sobre papel fotogr\u00e1fico de alta calidad, disponible en 4 colores brillantes y sin tiempo de secado.- Pantalla t\u00e1ctil de 3 pulgadas (HD) para ver y controlar las capturas c\u00f3modamente.- Doble lento: frontal y selfie, para que puedas tomar fotos normales y selfies f\u00e1cilmente.- Iluminaci\u00f3n integrada: flash + anillo LED, perfecto para tomar fotos cuando no haya suficiente luz.- Incluye una tarjeta Micro-SD de 4 GB para guardar fotos y v\u00eddeos digitalmente.- Accesorios creativos: rotuladores y pegatinas para personalizar tus fotos.- Impresi\u00f3n de m\u00e1s de 100 fotos incluidas en el kit.","og_url":"https:\/\/www.joguinesbague.com\/es\/juguetes-electronicos\/camera-de-impressio-instantania-2-0\/","og_site_name":"Joguines Bagu\u00e9","article_publisher":"https:\/\/www.facebook.com\/Joguines-Bagu%c3%a9-112374270472618","article_modified_time":"2025-09-23T16:56:58+00:00","og_image":[{"width":800,"height":800,"url":"https:\/\/www.joguinesbague.com\/wp-content\/uploads\/2025\/09\/54770645_camera_7.jpg","type":"image\/jpeg"}],"twitter_card":"summary_large_image","schema":{"@context":"https:\/\/schema.org","@graph":[{"@type":["WebPage","ItemPage"],"@id":"https:\/\/www.joguinesbague.com\/es\/juguetes-electronicos\/camera-de-impressio-instantania-2-0\/","url":"https:\/\/www.joguinesbague.com\/es\/juguetes-electronicos\/camera-de-impressio-instantania-2-0\/","name":"C\u00e1mara de Impresi\u00f3n Instant\u00e1nea 2.0 - Joguines Bagu\u00e9","isPartOf":{"@id":"https:\/\/www.joguinesbague.com\/es\/#website"},"primaryImageOfPage":{"@id":"https:\/\/www.joguinesbague.com\/es\/juguetes-electronicos\/camera-de-impressio-instantania-2-0\/#primaryimage"},"image":{"@id":"https:\/\/www.joguinesbague.com\/es\/juguetes-electronicos\/camera-de-impressio-instantania-2-0\/#primaryimage"},"thumbnailUrl":"https:\/\/www.joguinesbague.com\/wp-content\/uploads\/2025\/09\/54770645_camera_7.jpg","datePublished":"2025-09-23T16:52:31+00:00","dateModified":"2025-09-23T16:56:58+00:00","breadcrumb":{"@id":"https:\/\/www.joguinesbague.com\/es\/juguetes-electronicos\/camera-de-impressio-instantania-2-0\/#breadcrumb"},"inLanguage":"es","potentialAction":[{"@type":"ReadAction","target":["https:\/\/www.joguinesbague.com\/es\/juguetes-electronicos\/camera-de-impressio-instantania-2-0\/"]}]},{"@type":"ImageObject","inLanguage":"es","@id":"https:\/\/www.joguinesbague.com\/es\/juguetes-electronicos\/camera-de-impressio-instantania-2-0\/#primaryimage","url":"https:\/\/www.joguinesbague.com\/wp-content\/uploads\/2025\/09\/54770645_camera_7.jpg","contentUrl":"https:\/\/www.joguinesbague.com\/wp-content\/uploads\/2025\/09\/54770645_camera_7.jpg","width":800,"height":800},{"@type":"BreadcrumbList","@id":"https:\/\/www.joguinesbague.com\/es\/juguetes-electronicos\/camera-de-impressio-instantania-2-0\/#breadcrumb","itemListElement":[{"@type":"ListItem","position":1,"name":"Inicio","item":"https:\/\/www.joguinesbague.com\/es\/"},{"@type":"ListItem","position":2,"name":"Juguetes","item":"https:\/\/www.joguinesbague.com\/joguines\/"},{"@type":"ListItem","position":3,"name":"Juguetes electr\u00f3nicos","item":"https:\/\/www.joguinesbague.com\/es\/juguetes-electronicos\/"},{"@type":"ListItem","position":4,"name":"C\u00e1mara de Impresi\u00f3n Instant\u00e1nea 2.0"}]},{"@type":"WebSite","@id":"https:\/\/www.joguinesbague.com\/es\/#website","url":"https:\/\/www.joguinesbague.com\/es\/","name":"Joguines Bagu\u00e9","description":"Tienda de juguetes en la Bisbal d'Empord\u00e0","publisher":{"@id":"https:\/\/www.joguinesbague.com\/es\/#organization"},"potentialAction":[{"@type":"SearchAction","target":{"@type":"EntryPoint","urlTemplate":"https:\/\/www.joguinesbague.com\/es\/?s={search_term_string}"},"query-input":{"@type":"PropertyValueSpecification","valueRequired":true,"valueName":"search_term_string"}}],"inLanguage":"es"},{"@type":"Organization","@id":"https:\/\/www.joguinesbague.com\/es\/#organization","name":"Joguines Bagu\u00e9","url":"https:\/\/www.joguinesbague.com\/es\/","logo":{"@type":"ImageObject","inLanguage":"es","@id":"https:\/\/www.joguinesbague.com\/es\/#\/schema\/logo\/image\/","url":"https:\/\/www.joguinesbague.com\/wp-content\/uploads\/2020\/09\/AF-logotip-bague-02-e1599126400733.png","contentUrl":"https:\/\/www.joguinesbague.com\/wp-content\/uploads\/2020\/09\/AF-logotip-bague-02-e1599126400733.png","width":1024,"height":419,"caption":"Joguines Bagu\u00e9"},"image":{"@id":"https:\/\/www.joguinesbague.com\/es\/#\/schema\/logo\/image\/"},"sameAs":["https:\/\/www.facebook.com\/Joguines-Bagu\u00e9-112374270472618","https:\/\/www.instagram.com\/joguinesbague"]}]}},"brands":[{"id":222,"name":"Canal Toys","slug":"canal-toys-es"}],"_links":{"self":[{"href":"https:\/\/www.joguinesbague.com\/es\/wp-json\/wp\/v2\/product\/26722","targetHints":{"allow":["GET"]}}],"collection":[{"href":"https:\/\/www.joguinesbague.com\/es\/wp-json\/wp\/v2\/product"}],"about":[{"href":"https:\/\/www.joguinesbague.com\/es\/wp-json\/wp\/v2\/types\/product"}],"wp:featuredmedia":[{"embeddable":true,"href":"https:\/\/www.joguinesbague.com\/es\/wp-json\/wp\/v2\/media\/26718"}],"wp:attachment":[{"href":"https:\/\/www.joguinesbague.com\/es\/wp-json\/wp\/v2\/media?parent=26722"}],"wp:term":[{"taxonomy":"pwb-brand","embeddable":true,"href":"https:\/\/www.joguinesbague.com\/es\/wp-json\/wp\/v2\/pwb-brand?post=26722"},{"taxonomy":"product_cat","embeddable":true,"href":"https:\/\/www.joguinesbague.com\/es\/wp-json\/wp\/v2\/product_cat?post=26722"},{"taxonomy":"product_tag","embeddable":true,"href":"https:\/\/www.joguinesbague.com\/es\/wp-json\/wp\/v2\/product_tag?post=26722"}],"curies":[{"name":"wp","href":"https:\/\/api.w.org\/{rel}","templated":true}]}}