{"id":26666,"date":"2025-09-23T09:11:46","date_gmt":"2025-09-23T07:11:46","guid":{"rendered":"https:\/\/www.joguinesbague.com\/sin%20categor\u00eda\/silencio-extremo\/"},"modified":"2026-01-12T00:41:31","modified_gmt":"2026-01-11T23:41:31","slug":"silencio-extremo","status":"publish","type":"product","link":"https:\/\/www.joguinesbague.com\/es\/juegos-de-mesa\/silencio-extremo\/","title":{"rendered":"Silencio Extremo"},"content":{"rendered":"","protected":false},"excerpt":{"rendered":"<p>Silencio Extremo es un juego de mesa electr\u00f3nico que pone a prueba tu capacidad para actuar\u2026 sin hacer ruido.<br \/>\nEl jugador elige una carta de reto, que propone realizar una acci\u00f3n habitual, por ejemplo, romper un papel, abrir una puerta o quitarse las llaves del bolsillo en absoluto silencio.<br \/>\nMientras se realiza la acci\u00f3n, el son\u00f3metro mide el nivel de ruido. El objetivo es que la luz del son\u00f3metro no se ponga en rojo para poder puntuar. <\/p>\n","protected":false},"featured_media":26604,"template":"","meta":{"_acf_changed":false},"pwb-brand":[198],"product_cat":[418,305,149],"product_tag":[],"class_list":{"0":"post-26666","1":"product","2":"type-product","3":"status-publish","4":"has-post-thumbnail","6":"pwb-brand-bizak-es","7":"product_cat-5-6-anos","8":"product_cat-juegos-de-habilidad","9":"product_cat-juegos-de-mesa","11":"first","12":"outofstock","13":"shipping-taxable","14":"purchasable","15":"product-type-simple"},"acf":[],"yoast_head":"<!-- This site is optimized with the Yoast SEO plugin v27.2 - https:\/\/yoast.com\/product\/yoast-seo-wordpress\/ -->\n<title>Silencio Extremo - Joguines Bagu\u00e9<\/title>\n<meta name=\"robots\" content=\"index, follow, max-snippet:-1, max-image-preview:large, max-video-preview:-1\" \/>\n<link rel=\"canonical\" href=\"https:\/\/www.joguinesbague.com\/es\/juegos-de-mesa\/silencio-extremo\/\" \/>\n<meta property=\"og:locale\" content=\"es_ES\" \/>\n<meta property=\"og:type\" content=\"article\" \/>\n<meta property=\"og:title\" content=\"Silencio Extremo - Joguines Bagu\u00e9\" \/>\n<meta property=\"og:description\" content=\"Silencio Extremo es un juego de mesa electr\u00f3nico que pone a prueba tu capacidad para actuar\u2026 sin hacer ruido. El jugador elige una carta de reto, que propone realizar una acci\u00f3n habitual, por ejemplo, romper un papel, abrir una puerta o quitarse las llaves del bolsillo en absoluto silencio. Mientras se realiza la acci\u00f3n, el son\u00f3metro mide el nivel de ruido. El objetivo es que la luz del son\u00f3metro no se ponga en rojo para poder puntuar.\" \/>\n<meta property=\"og:url\" content=\"https:\/\/www.joguinesbague.com\/es\/juegos-de-mesa\/silencio-extremo\/\" \/>\n<meta property=\"og:site_name\" content=\"Joguines Bagu\u00e9\" \/>\n<meta property=\"article:publisher\" content=\"https:\/\/www.facebook.com\/Joguines-Bagu%c3%a9-112374270472618\" \/>\n<meta property=\"article:modified_time\" content=\"2026-01-11T23:41:31+00:00\" \/>\n<meta property=\"og:image\" content=\"https:\/\/www.joguinesbague.com\/wp-content\/uploads\/2025\/09\/03505347_silencio_3.jpg\" \/>\n\t<meta property=\"og:image:width\" content=\"800\" \/>\n\t<meta property=\"og:image:height\" content=\"800\" \/>\n\t<meta property=\"og:image:type\" content=\"image\/jpeg\" \/>\n<meta name=\"twitter:card\" content=\"summary_large_image\" \/>\n<script type=\"application\/ld+json\" class=\"yoast-schema-graph\">{\"@context\":\"https:\/\/schema.org\",\"@graph\":[{\"@type\":[\"WebPage\",\"ItemPage\"],\"@id\":\"https:\/\/www.joguinesbague.com\/es\/juegos-de-mesa\/silencio-extremo\/\",\"url\":\"https:\/\/www.joguinesbague.com\/es\/juegos-de-mesa\/silencio-extremo\/\",\"name\":\"Silencio Extremo - Joguines Bagu\u00e9\",\"isPartOf\":{\"@id\":\"https:\/\/www.joguinesbague.com\/es\/#website\"},\"primaryImageOfPage\":{\"@id\":\"https:\/\/www.joguinesbague.com\/es\/juegos-de-mesa\/silencio-extremo\/#primaryimage\"},\"image\":{\"@id\":\"https:\/\/www.joguinesbague.com\/es\/juegos-de-mesa\/silencio-extremo\/#primaryimage\"},\"thumbnailUrl\":\"https:\/\/www.joguinesbague.com\/wp-content\/uploads\/2025\/09\/03505347_silencio_3.jpg\",\"datePublished\":\"2025-09-23T07:11:46+00:00\",\"dateModified\":\"2026-01-11T23:41:31+00:00\",\"breadcrumb\":{\"@id\":\"https:\/\/www.joguinesbague.com\/es\/juegos-de-mesa\/silencio-extremo\/#breadcrumb\"},\"inLanguage\":\"es\",\"potentialAction\":[{\"@type\":\"ReadAction\",\"target\":[\"https:\/\/www.joguinesbague.com\/es\/juegos-de-mesa\/silencio-extremo\/\"]}]},{\"@type\":\"ImageObject\",\"inLanguage\":\"es\",\"@id\":\"https:\/\/www.joguinesbague.com\/es\/juegos-de-mesa\/silencio-extremo\/#primaryimage\",\"url\":\"https:\/\/www.joguinesbague.com\/wp-content\/uploads\/2025\/09\/03505347_silencio_3.jpg\",\"contentUrl\":\"https:\/\/www.joguinesbague.com\/wp-content\/uploads\/2025\/09\/03505347_silencio_3.jpg\",\"width\":800,\"height\":800},{\"@type\":\"BreadcrumbList\",\"@id\":\"https:\/\/www.joguinesbague.com\/es\/juegos-de-mesa\/silencio-extremo\/#breadcrumb\",\"itemListElement\":[{\"@type\":\"ListItem\",\"position\":1,\"name\":\"Inicio\",\"item\":\"https:\/\/www.joguinesbague.com\/es\/\"},{\"@type\":\"ListItem\",\"position\":2,\"name\":\"Juguetes\",\"item\":\"https:\/\/www.joguinesbague.com\/joguines\/\"},{\"@type\":\"ListItem\",\"position\":3,\"name\":\"Juegos de mesa\",\"item\":\"https:\/\/www.joguinesbague.com\/es\/juegos-de-mesa\/\"},{\"@type\":\"ListItem\",\"position\":4,\"name\":\"Silencio Extremo\"}]},{\"@type\":\"WebSite\",\"@id\":\"https:\/\/www.joguinesbague.com\/es\/#website\",\"url\":\"https:\/\/www.joguinesbague.com\/es\/\",\"name\":\"Joguines Bagu\u00e9\",\"description\":\"Tienda de juguetes en la Bisbal d'Empord\u00e0\",\"publisher\":{\"@id\":\"https:\/\/www.joguinesbague.com\/es\/#organization\"},\"potentialAction\":[{\"@type\":\"SearchAction\",\"target\":{\"@type\":\"EntryPoint\",\"urlTemplate\":\"https:\/\/www.joguinesbague.com\/es\/?s={search_term_string}\"},\"query-input\":{\"@type\":\"PropertyValueSpecification\",\"valueRequired\":true,\"valueName\":\"search_term_string\"}}],\"inLanguage\":\"es\"},{\"@type\":\"Organization\",\"@id\":\"https:\/\/www.joguinesbague.com\/es\/#organization\",\"name\":\"Joguines Bagu\u00e9\",\"url\":\"https:\/\/www.joguinesbague.com\/es\/\",\"logo\":{\"@type\":\"ImageObject\",\"inLanguage\":\"es\",\"@id\":\"https:\/\/www.joguinesbague.com\/es\/#\/schema\/logo\/image\/\",\"url\":\"https:\/\/www.joguinesbague.com\/wp-content\/uploads\/2020\/09\/AF-logotip-bague-02-e1599126400733.png\",\"contentUrl\":\"https:\/\/www.joguinesbague.com\/wp-content\/uploads\/2020\/09\/AF-logotip-bague-02-e1599126400733.png\",\"width\":1024,\"height\":419,\"caption\":\"Joguines Bagu\u00e9\"},\"image\":{\"@id\":\"https:\/\/www.joguinesbague.com\/es\/#\/schema\/logo\/image\/\"},\"sameAs\":[\"https:\/\/www.facebook.com\/Joguines-Bagu\u00e9-112374270472618\",\"https:\/\/www.instagram.com\/joguinesbague\"]}]}<\/script>\n<!-- \/ Yoast SEO plugin. -->","yoast_head_json":{"title":"Silencio Extremo - Joguines Bagu\u00e9","robots":{"index":"index","follow":"follow","max-snippet":"max-snippet:-1","max-image-preview":"max-image-preview:large","max-video-preview":"max-video-preview:-1"},"canonical":"https:\/\/www.joguinesbague.com\/es\/juegos-de-mesa\/silencio-extremo\/","og_locale":"es_ES","og_type":"article","og_title":"Silencio Extremo - Joguines Bagu\u00e9","og_description":"Silencio Extremo es un juego de mesa electr\u00f3nico que pone a prueba tu capacidad para actuar\u2026 sin hacer ruido. El jugador elige una carta de reto, que propone realizar una acci\u00f3n habitual, por ejemplo, romper un papel, abrir una puerta o quitarse las llaves del bolsillo en absoluto silencio. Mientras se realiza la acci\u00f3n, el son\u00f3metro mide el nivel de ruido. El objetivo es que la luz del son\u00f3metro no se ponga en rojo para poder puntuar.","og_url":"https:\/\/www.joguinesbague.com\/es\/juegos-de-mesa\/silencio-extremo\/","og_site_name":"Joguines Bagu\u00e9","article_publisher":"https:\/\/www.facebook.com\/Joguines-Bagu%c3%a9-112374270472618","article_modified_time":"2026-01-11T23:41:31+00:00","og_image":[{"width":800,"height":800,"url":"https:\/\/www.joguinesbague.com\/wp-content\/uploads\/2025\/09\/03505347_silencio_3.jpg","type":"image\/jpeg"}],"twitter_card":"summary_large_image","schema":{"@context":"https:\/\/schema.org","@graph":[{"@type":["WebPage","ItemPage"],"@id":"https:\/\/www.joguinesbague.com\/es\/juegos-de-mesa\/silencio-extremo\/","url":"https:\/\/www.joguinesbague.com\/es\/juegos-de-mesa\/silencio-extremo\/","name":"Silencio Extremo - Joguines Bagu\u00e9","isPartOf":{"@id":"https:\/\/www.joguinesbague.com\/es\/#website"},"primaryImageOfPage":{"@id":"https:\/\/www.joguinesbague.com\/es\/juegos-de-mesa\/silencio-extremo\/#primaryimage"},"image":{"@id":"https:\/\/www.joguinesbague.com\/es\/juegos-de-mesa\/silencio-extremo\/#primaryimage"},"thumbnailUrl":"https:\/\/www.joguinesbague.com\/wp-content\/uploads\/2025\/09\/03505347_silencio_3.jpg","datePublished":"2025-09-23T07:11:46+00:00","dateModified":"2026-01-11T23:41:31+00:00","breadcrumb":{"@id":"https:\/\/www.joguinesbague.com\/es\/juegos-de-mesa\/silencio-extremo\/#breadcrumb"},"inLanguage":"es","potentialAction":[{"@type":"ReadAction","target":["https:\/\/www.joguinesbague.com\/es\/juegos-de-mesa\/silencio-extremo\/"]}]},{"@type":"ImageObject","inLanguage":"es","@id":"https:\/\/www.joguinesbague.com\/es\/juegos-de-mesa\/silencio-extremo\/#primaryimage","url":"https:\/\/www.joguinesbague.com\/wp-content\/uploads\/2025\/09\/03505347_silencio_3.jpg","contentUrl":"https:\/\/www.joguinesbague.com\/wp-content\/uploads\/2025\/09\/03505347_silencio_3.jpg","width":800,"height":800},{"@type":"BreadcrumbList","@id":"https:\/\/www.joguinesbague.com\/es\/juegos-de-mesa\/silencio-extremo\/#breadcrumb","itemListElement":[{"@type":"ListItem","position":1,"name":"Inicio","item":"https:\/\/www.joguinesbague.com\/es\/"},{"@type":"ListItem","position":2,"name":"Juguetes","item":"https:\/\/www.joguinesbague.com\/joguines\/"},{"@type":"ListItem","position":3,"name":"Juegos de mesa","item":"https:\/\/www.joguinesbague.com\/es\/juegos-de-mesa\/"},{"@type":"ListItem","position":4,"name":"Silencio Extremo"}]},{"@type":"WebSite","@id":"https:\/\/www.joguinesbague.com\/es\/#website","url":"https:\/\/www.joguinesbague.com\/es\/","name":"Joguines Bagu\u00e9","description":"Tienda de juguetes en la Bisbal d'Empord\u00e0","publisher":{"@id":"https:\/\/www.joguinesbague.com\/es\/#organization"},"potentialAction":[{"@type":"SearchAction","target":{"@type":"EntryPoint","urlTemplate":"https:\/\/www.joguinesbague.com\/es\/?s={search_term_string}"},"query-input":{"@type":"PropertyValueSpecification","valueRequired":true,"valueName":"search_term_string"}}],"inLanguage":"es"},{"@type":"Organization","@id":"https:\/\/www.joguinesbague.com\/es\/#organization","name":"Joguines Bagu\u00e9","url":"https:\/\/www.joguinesbague.com\/es\/","logo":{"@type":"ImageObject","inLanguage":"es","@id":"https:\/\/www.joguinesbague.com\/es\/#\/schema\/logo\/image\/","url":"https:\/\/www.joguinesbague.com\/wp-content\/uploads\/2020\/09\/AF-logotip-bague-02-e1599126400733.png","contentUrl":"https:\/\/www.joguinesbague.com\/wp-content\/uploads\/2020\/09\/AF-logotip-bague-02-e1599126400733.png","width":1024,"height":419,"caption":"Joguines Bagu\u00e9"},"image":{"@id":"https:\/\/www.joguinesbague.com\/es\/#\/schema\/logo\/image\/"},"sameAs":["https:\/\/www.facebook.com\/Joguines-Bagu\u00e9-112374270472618","https:\/\/www.instagram.com\/joguinesbague"]}]}},"brands":[{"id":198,"name":"Bizak","slug":"bizak-es"}],"_links":{"self":[{"href":"https:\/\/www.joguinesbague.com\/es\/wp-json\/wp\/v2\/product\/26666","targetHints":{"allow":["GET"]}}],"collection":[{"href":"https:\/\/www.joguinesbague.com\/es\/wp-json\/wp\/v2\/product"}],"about":[{"href":"https:\/\/www.joguinesbague.com\/es\/wp-json\/wp\/v2\/types\/product"}],"wp:featuredmedia":[{"embeddable":true,"href":"https:\/\/www.joguinesbague.com\/es\/wp-json\/wp\/v2\/media\/26604"}],"wp:attachment":[{"href":"https:\/\/www.joguinesbague.com\/es\/wp-json\/wp\/v2\/media?parent=26666"}],"wp:term":[{"taxonomy":"pwb-brand","embeddable":true,"href":"https:\/\/www.joguinesbague.com\/es\/wp-json\/wp\/v2\/pwb-brand?post=26666"},{"taxonomy":"product_cat","embeddable":true,"href":"https:\/\/www.joguinesbague.com\/es\/wp-json\/wp\/v2\/product_cat?post=26666"},{"taxonomy":"product_tag","embeddable":true,"href":"https:\/\/www.joguinesbague.com\/es\/wp-json\/wp\/v2\/product_tag?post=26666"}],"curies":[{"name":"wp","href":"https:\/\/api.w.org\/{rel}","templated":true}]}}