{"id":26661,"date":"2025-09-22T19:49:26","date_gmt":"2025-09-22T17:49:57","guid":{"rendered":"https:\/\/www.joguinesbague.com\/sin categor\u00eda\/el-tesoro-del-macaco-caco\/"},"modified":"2026-01-12T00:41:31","modified_gmt":"2026-01-11T23:41:31","slug":"el-tesoro-del-macaco-caco","status":"publish","type":"product","link":"https:\/\/www.joguinesbague.com\/es\/juegos-de-mesa\/el-tesoro-del-macaco-caco\/","title":{"rendered":"El Tesoro del Macaco Caco"},"content":{"rendered":"","protected":false},"excerpt":{"rendered":"<p>Convi\u00e9rtete en un intr\u00e9pido aventurero e intenta robar la perla del Macaco Caco\u2026 si puedes pasar por su control de vigilancia. Cuando los ojos est\u00e9n de color verde puedes moverte para conseguir el objetivo, pero cuando los ojos est\u00e9n rojos tendr\u00e1s que quedarte quieto como una estatua. <\/p>\n","protected":false},"featured_media":26496,"template":"","meta":{"_acf_changed":false},"pwb-brand":[198],"product_cat":[418,305,149],"product_tag":[],"class_list":{"0":"post-26661","1":"product","2":"type-product","3":"status-publish","4":"has-post-thumbnail","6":"pwb-brand-bizak-es","7":"product_cat-5-6-anos","8":"product_cat-juegos-de-habilidad","9":"product_cat-juegos-de-mesa","11":"first","12":"instock","13":"shipping-taxable","14":"purchasable","15":"product-type-simple"},"acf":[],"yoast_head":"<!-- This site is optimized with the Yoast SEO plugin v27.2 - https:\/\/yoast.com\/product\/yoast-seo-wordpress\/ -->\n<title>El Tesoro del Macaco Caco - Joguines Bagu\u00e9<\/title>\n<meta name=\"robots\" content=\"index, follow, max-snippet:-1, max-image-preview:large, max-video-preview:-1\" \/>\n<link rel=\"canonical\" href=\"https:\/\/www.joguinesbague.com\/es\/juegos-de-mesa\/el-tesoro-del-macaco-caco\/\" \/>\n<meta property=\"og:locale\" content=\"es_ES\" \/>\n<meta property=\"og:type\" content=\"article\" \/>\n<meta property=\"og:title\" content=\"El Tesoro del Macaco Caco - Joguines Bagu\u00e9\" \/>\n<meta property=\"og:description\" content=\"Convi\u00e9rtete en un intr\u00e9pido aventurero e intenta robar la perla del Macaco Caco\u2026 si puedes pasar por su control de vigilancia. Cuando los ojos est\u00e9n de color verde puedes moverte para conseguir el objetivo, pero cuando los ojos est\u00e9n rojos tendr\u00e1s que quedarte quieto como una estatua.\" \/>\n<meta property=\"og:url\" content=\"https:\/\/www.joguinesbague.com\/es\/juegos-de-mesa\/el-tesoro-del-macaco-caco\/\" \/>\n<meta property=\"og:site_name\" content=\"Joguines Bagu\u00e9\" \/>\n<meta property=\"article:publisher\" content=\"https:\/\/www.facebook.com\/Joguines-Bagu%c3%a9-112374270472618\" \/>\n<meta property=\"article:modified_time\" content=\"2026-01-11T23:41:31+00:00\" \/>\n<meta property=\"og:image\" content=\"https:\/\/www.joguinesbague.com\/wp-content\/uploads\/2025\/09\/03502895_macaco_4-1.jpg\" \/>\n\t<meta property=\"og:image:width\" content=\"800\" \/>\n\t<meta property=\"og:image:height\" content=\"800\" \/>\n\t<meta property=\"og:image:type\" content=\"image\/jpeg\" \/>\n<meta name=\"twitter:card\" content=\"summary_large_image\" \/>\n<script type=\"application\/ld+json\" class=\"yoast-schema-graph\">{\"@context\":\"https:\/\/schema.org\",\"@graph\":[{\"@type\":[\"WebPage\",\"ItemPage\"],\"@id\":\"https:\/\/www.joguinesbague.com\/es\/juegos-de-mesa\/el-tesoro-del-macaco-caco\/\",\"url\":\"https:\/\/www.joguinesbague.com\/es\/juegos-de-mesa\/el-tesoro-del-macaco-caco\/\",\"name\":\"El Tesoro del Macaco Caco - Joguines Bagu\u00e9\",\"isPartOf\":{\"@id\":\"https:\/\/www.joguinesbague.com\/es\/#website\"},\"primaryImageOfPage\":{\"@id\":\"https:\/\/www.joguinesbague.com\/es\/juegos-de-mesa\/el-tesoro-del-macaco-caco\/#primaryimage\"},\"image\":{\"@id\":\"https:\/\/www.joguinesbague.com\/es\/juegos-de-mesa\/el-tesoro-del-macaco-caco\/#primaryimage\"},\"thumbnailUrl\":\"https:\/\/www.joguinesbague.com\/wp-content\/uploads\/2025\/09\/03502895_macaco_4-1.jpg\",\"datePublished\":\"2025-09-22T17:49:57+00:00\",\"dateModified\":\"2026-01-11T23:41:31+00:00\",\"breadcrumb\":{\"@id\":\"https:\/\/www.joguinesbague.com\/es\/juegos-de-mesa\/el-tesoro-del-macaco-caco\/#breadcrumb\"},\"inLanguage\":\"es\",\"potentialAction\":[{\"@type\":\"ReadAction\",\"target\":[\"https:\/\/www.joguinesbague.com\/es\/juegos-de-mesa\/el-tesoro-del-macaco-caco\/\"]}]},{\"@type\":\"ImageObject\",\"inLanguage\":\"es\",\"@id\":\"https:\/\/www.joguinesbague.com\/es\/juegos-de-mesa\/el-tesoro-del-macaco-caco\/#primaryimage\",\"url\":\"https:\/\/www.joguinesbague.com\/wp-content\/uploads\/2025\/09\/03502895_macaco_4-1.jpg\",\"contentUrl\":\"https:\/\/www.joguinesbague.com\/wp-content\/uploads\/2025\/09\/03502895_macaco_4-1.jpg\",\"width\":800,\"height\":800},{\"@type\":\"BreadcrumbList\",\"@id\":\"https:\/\/www.joguinesbague.com\/es\/juegos-de-mesa\/el-tesoro-del-macaco-caco\/#breadcrumb\",\"itemListElement\":[{\"@type\":\"ListItem\",\"position\":1,\"name\":\"Inicio\",\"item\":\"https:\/\/www.joguinesbague.com\/es\/\"},{\"@type\":\"ListItem\",\"position\":2,\"name\":\"Juguetes\",\"item\":\"https:\/\/www.joguinesbague.com\/joguines\/\"},{\"@type\":\"ListItem\",\"position\":3,\"name\":\"Juegos de mesa\",\"item\":\"https:\/\/www.joguinesbague.com\/es\/juegos-de-mesa\/\"},{\"@type\":\"ListItem\",\"position\":4,\"name\":\"El Tesoro del Macaco Caco\"}]},{\"@type\":\"WebSite\",\"@id\":\"https:\/\/www.joguinesbague.com\/es\/#website\",\"url\":\"https:\/\/www.joguinesbague.com\/es\/\",\"name\":\"Joguines Bagu\u00e9\",\"description\":\"Tienda de juguetes en la Bisbal d'Empord\u00e0\",\"publisher\":{\"@id\":\"https:\/\/www.joguinesbague.com\/es\/#organization\"},\"potentialAction\":[{\"@type\":\"SearchAction\",\"target\":{\"@type\":\"EntryPoint\",\"urlTemplate\":\"https:\/\/www.joguinesbague.com\/es\/?s={search_term_string}\"},\"query-input\":{\"@type\":\"PropertyValueSpecification\",\"valueRequired\":true,\"valueName\":\"search_term_string\"}}],\"inLanguage\":\"es\"},{\"@type\":\"Organization\",\"@id\":\"https:\/\/www.joguinesbague.com\/es\/#organization\",\"name\":\"Joguines Bagu\u00e9\",\"url\":\"https:\/\/www.joguinesbague.com\/es\/\",\"logo\":{\"@type\":\"ImageObject\",\"inLanguage\":\"es\",\"@id\":\"https:\/\/www.joguinesbague.com\/es\/#\/schema\/logo\/image\/\",\"url\":\"https:\/\/www.joguinesbague.com\/wp-content\/uploads\/2020\/09\/AF-logotip-bague-02-e1599126400733.png\",\"contentUrl\":\"https:\/\/www.joguinesbague.com\/wp-content\/uploads\/2020\/09\/AF-logotip-bague-02-e1599126400733.png\",\"width\":1024,\"height\":419,\"caption\":\"Joguines Bagu\u00e9\"},\"image\":{\"@id\":\"https:\/\/www.joguinesbague.com\/es\/#\/schema\/logo\/image\/\"},\"sameAs\":[\"https:\/\/www.facebook.com\/Joguines-Bagu\u00e9-112374270472618\",\"https:\/\/www.instagram.com\/joguinesbague\"]}]}<\/script>\n<!-- \/ Yoast SEO plugin. -->","yoast_head_json":{"title":"El Tesoro del Macaco Caco - Joguines Bagu\u00e9","robots":{"index":"index","follow":"follow","max-snippet":"max-snippet:-1","max-image-preview":"max-image-preview:large","max-video-preview":"max-video-preview:-1"},"canonical":"https:\/\/www.joguinesbague.com\/es\/juegos-de-mesa\/el-tesoro-del-macaco-caco\/","og_locale":"es_ES","og_type":"article","og_title":"El Tesoro del Macaco Caco - Joguines Bagu\u00e9","og_description":"Convi\u00e9rtete en un intr\u00e9pido aventurero e intenta robar la perla del Macaco Caco\u2026 si puedes pasar por su control de vigilancia. Cuando los ojos est\u00e9n de color verde puedes moverte para conseguir el objetivo, pero cuando los ojos est\u00e9n rojos tendr\u00e1s que quedarte quieto como una estatua.","og_url":"https:\/\/www.joguinesbague.com\/es\/juegos-de-mesa\/el-tesoro-del-macaco-caco\/","og_site_name":"Joguines Bagu\u00e9","article_publisher":"https:\/\/www.facebook.com\/Joguines-Bagu%c3%a9-112374270472618","article_modified_time":"2026-01-11T23:41:31+00:00","og_image":[{"width":800,"height":800,"url":"https:\/\/www.joguinesbague.com\/wp-content\/uploads\/2025\/09\/03502895_macaco_4-1.jpg","type":"image\/jpeg"}],"twitter_card":"summary_large_image","schema":{"@context":"https:\/\/schema.org","@graph":[{"@type":["WebPage","ItemPage"],"@id":"https:\/\/www.joguinesbague.com\/es\/juegos-de-mesa\/el-tesoro-del-macaco-caco\/","url":"https:\/\/www.joguinesbague.com\/es\/juegos-de-mesa\/el-tesoro-del-macaco-caco\/","name":"El Tesoro del Macaco Caco - Joguines Bagu\u00e9","isPartOf":{"@id":"https:\/\/www.joguinesbague.com\/es\/#website"},"primaryImageOfPage":{"@id":"https:\/\/www.joguinesbague.com\/es\/juegos-de-mesa\/el-tesoro-del-macaco-caco\/#primaryimage"},"image":{"@id":"https:\/\/www.joguinesbague.com\/es\/juegos-de-mesa\/el-tesoro-del-macaco-caco\/#primaryimage"},"thumbnailUrl":"https:\/\/www.joguinesbague.com\/wp-content\/uploads\/2025\/09\/03502895_macaco_4-1.jpg","datePublished":"2025-09-22T17:49:57+00:00","dateModified":"2026-01-11T23:41:31+00:00","breadcrumb":{"@id":"https:\/\/www.joguinesbague.com\/es\/juegos-de-mesa\/el-tesoro-del-macaco-caco\/#breadcrumb"},"inLanguage":"es","potentialAction":[{"@type":"ReadAction","target":["https:\/\/www.joguinesbague.com\/es\/juegos-de-mesa\/el-tesoro-del-macaco-caco\/"]}]},{"@type":"ImageObject","inLanguage":"es","@id":"https:\/\/www.joguinesbague.com\/es\/juegos-de-mesa\/el-tesoro-del-macaco-caco\/#primaryimage","url":"https:\/\/www.joguinesbague.com\/wp-content\/uploads\/2025\/09\/03502895_macaco_4-1.jpg","contentUrl":"https:\/\/www.joguinesbague.com\/wp-content\/uploads\/2025\/09\/03502895_macaco_4-1.jpg","width":800,"height":800},{"@type":"BreadcrumbList","@id":"https:\/\/www.joguinesbague.com\/es\/juegos-de-mesa\/el-tesoro-del-macaco-caco\/#breadcrumb","itemListElement":[{"@type":"ListItem","position":1,"name":"Inicio","item":"https:\/\/www.joguinesbague.com\/es\/"},{"@type":"ListItem","position":2,"name":"Juguetes","item":"https:\/\/www.joguinesbague.com\/joguines\/"},{"@type":"ListItem","position":3,"name":"Juegos de mesa","item":"https:\/\/www.joguinesbague.com\/es\/juegos-de-mesa\/"},{"@type":"ListItem","position":4,"name":"El Tesoro del Macaco Caco"}]},{"@type":"WebSite","@id":"https:\/\/www.joguinesbague.com\/es\/#website","url":"https:\/\/www.joguinesbague.com\/es\/","name":"Joguines Bagu\u00e9","description":"Tienda de juguetes en la Bisbal d'Empord\u00e0","publisher":{"@id":"https:\/\/www.joguinesbague.com\/es\/#organization"},"potentialAction":[{"@type":"SearchAction","target":{"@type":"EntryPoint","urlTemplate":"https:\/\/www.joguinesbague.com\/es\/?s={search_term_string}"},"query-input":{"@type":"PropertyValueSpecification","valueRequired":true,"valueName":"search_term_string"}}],"inLanguage":"es"},{"@type":"Organization","@id":"https:\/\/www.joguinesbague.com\/es\/#organization","name":"Joguines Bagu\u00e9","url":"https:\/\/www.joguinesbague.com\/es\/","logo":{"@type":"ImageObject","inLanguage":"es","@id":"https:\/\/www.joguinesbague.com\/es\/#\/schema\/logo\/image\/","url":"https:\/\/www.joguinesbague.com\/wp-content\/uploads\/2020\/09\/AF-logotip-bague-02-e1599126400733.png","contentUrl":"https:\/\/www.joguinesbague.com\/wp-content\/uploads\/2020\/09\/AF-logotip-bague-02-e1599126400733.png","width":1024,"height":419,"caption":"Joguines Bagu\u00e9"},"image":{"@id":"https:\/\/www.joguinesbague.com\/es\/#\/schema\/logo\/image\/"},"sameAs":["https:\/\/www.facebook.com\/Joguines-Bagu\u00e9-112374270472618","https:\/\/www.instagram.com\/joguinesbague"]}]}},"brands":[{"id":198,"name":"Bizak","slug":"bizak-es"}],"_links":{"self":[{"href":"https:\/\/www.joguinesbague.com\/es\/wp-json\/wp\/v2\/product\/26661","targetHints":{"allow":["GET"]}}],"collection":[{"href":"https:\/\/www.joguinesbague.com\/es\/wp-json\/wp\/v2\/product"}],"about":[{"href":"https:\/\/www.joguinesbague.com\/es\/wp-json\/wp\/v2\/types\/product"}],"wp:featuredmedia":[{"embeddable":true,"href":"https:\/\/www.joguinesbague.com\/es\/wp-json\/wp\/v2\/media\/26496"}],"wp:attachment":[{"href":"https:\/\/www.joguinesbague.com\/es\/wp-json\/wp\/v2\/media?parent=26661"}],"wp:term":[{"taxonomy":"pwb-brand","embeddable":true,"href":"https:\/\/www.joguinesbague.com\/es\/wp-json\/wp\/v2\/pwb-brand?post=26661"},{"taxonomy":"product_cat","embeddable":true,"href":"https:\/\/www.joguinesbague.com\/es\/wp-json\/wp\/v2\/product_cat?post=26661"},{"taxonomy":"product_tag","embeddable":true,"href":"https:\/\/www.joguinesbague.com\/es\/wp-json\/wp\/v2\/product_tag?post=26661"}],"curies":[{"name":"wp","href":"https:\/\/api.w.org\/{rel}","templated":true}]}}