{"id":25125,"date":"2025-05-23T10:45:13","date_gmt":"2025-05-23T08:45:13","guid":{"rendered":"https:\/\/www.joguinesbague.com\/sin categor\u00eda\/lamborghini-lambo-v12-vision-76923\/"},"modified":"2025-05-23T10:46:13","modified_gmt":"2025-05-23T08:46:13","slug":"lamborghini-lambo-v12-vision-76923","status":"publish","type":"product","link":"https:\/\/www.joguinesbague.com\/es\/lego-es\/lamborghini-lambo-v12-vision-76923\/","title":{"rendered":"Lamborghini Lambo V12 Vision 76923"},"content":{"rendered":"","protected":false},"excerpt":{"rendered":"<p>Una reproducci\u00f3n fiel y con todo lujo de detalle del revolucionario prototipo de Lamborghini, dise\u00f1ado originalmente para el videojuego Gran Turismo. Con 230 piezas, este modelo captura la esencia futurista del veh\u00edculo real, es ideal para ni\u00f1as y ni\u00f1os a partir de 10 a\u00f1os. <\/p>\n","protected":false},"featured_media":25062,"template":"","meta":{"_acf_changed":false},"pwb-brand":[191],"product_cat":[414,380,402],"product_tag":[],"class_list":{"0":"post-25125","1":"product","2":"type-product","3":"status-publish","4":"has-post-thumbnail","6":"pwb-brand-lego-es","7":"product_cat-9-10-anos-es","8":"product_cat-lego-es","9":"product_cat-lego-speed-champions-es","11":"first","12":"outofstock","13":"shipping-taxable","14":"purchasable","15":"product-type-simple"},"acf":[],"yoast_head":"<!-- This site is optimized with the Yoast SEO plugin v27.2 - https:\/\/yoast.com\/product\/yoast-seo-wordpress\/ -->\n<title>Lamborghini Lambo V12 Vision 76923 - Joguines Bagu\u00e9<\/title>\n<meta name=\"robots\" content=\"index, follow, max-snippet:-1, max-image-preview:large, max-video-preview:-1\" \/>\n<link rel=\"canonical\" href=\"https:\/\/www.joguinesbague.com\/es\/lego-es\/lamborghini-lambo-v12-vision-76923\/\" \/>\n<meta property=\"og:locale\" content=\"es_ES\" \/>\n<meta property=\"og:type\" content=\"article\" \/>\n<meta property=\"og:title\" content=\"Lamborghini Lambo V12 Vision 76923 - Joguines Bagu\u00e9\" \/>\n<meta property=\"og:description\" content=\"Una reproducci\u00f3n fiel y con todo lujo de detalle del revolucionario prototipo de Lamborghini, dise\u00f1ado originalmente para el videojuego Gran Turismo. Con 230 piezas, este modelo captura la esencia futurista del veh\u00edculo real, es ideal para ni\u00f1as y ni\u00f1os a partir de 10 a\u00f1os.\" \/>\n<meta property=\"og:url\" content=\"https:\/\/www.joguinesbague.com\/es\/lego-es\/lamborghini-lambo-v12-vision-76923\/\" \/>\n<meta property=\"og:site_name\" content=\"Joguines Bagu\u00e9\" \/>\n<meta property=\"article:publisher\" content=\"https:\/\/www.facebook.com\/Joguines-Bagu%c3%a9-112374270472618\" \/>\n<meta property=\"article:modified_time\" content=\"2025-05-23T08:46:13+00:00\" \/>\n<meta property=\"og:image\" content=\"https:\/\/www.joguinesbague.com\/wp-content\/uploads\/2025\/05\/22576923_lanborgini_1.jpg\" \/>\n\t<meta property=\"og:image:width\" content=\"800\" \/>\n\t<meta property=\"og:image:height\" content=\"800\" \/>\n\t<meta property=\"og:image:type\" content=\"image\/jpeg\" \/>\n<meta name=\"twitter:card\" content=\"summary_large_image\" \/>\n<script type=\"application\/ld+json\" class=\"yoast-schema-graph\">{\"@context\":\"https:\/\/schema.org\",\"@graph\":[{\"@type\":[\"WebPage\",\"ItemPage\"],\"@id\":\"https:\/\/www.joguinesbague.com\/es\/lego-es\/lamborghini-lambo-v12-vision-76923\/\",\"url\":\"https:\/\/www.joguinesbague.com\/es\/lego-es\/lamborghini-lambo-v12-vision-76923\/\",\"name\":\"Lamborghini Lambo V12 Vision 76923 - Joguines Bagu\u00e9\",\"isPartOf\":{\"@id\":\"https:\/\/www.joguinesbague.com\/es\/#website\"},\"primaryImageOfPage\":{\"@id\":\"https:\/\/www.joguinesbague.com\/es\/lego-es\/lamborghini-lambo-v12-vision-76923\/#primaryimage\"},\"image\":{\"@id\":\"https:\/\/www.joguinesbague.com\/es\/lego-es\/lamborghini-lambo-v12-vision-76923\/#primaryimage\"},\"thumbnailUrl\":\"https:\/\/www.joguinesbague.com\/wp-content\/uploads\/2025\/05\/22576923_lanborgini_1.jpg\",\"datePublished\":\"2025-05-23T08:45:13+00:00\",\"dateModified\":\"2025-05-23T08:46:13+00:00\",\"breadcrumb\":{\"@id\":\"https:\/\/www.joguinesbague.com\/es\/lego-es\/lamborghini-lambo-v12-vision-76923\/#breadcrumb\"},\"inLanguage\":\"es\",\"potentialAction\":[{\"@type\":\"ReadAction\",\"target\":[\"https:\/\/www.joguinesbague.com\/es\/lego-es\/lamborghini-lambo-v12-vision-76923\/\"]}]},{\"@type\":\"ImageObject\",\"inLanguage\":\"es\",\"@id\":\"https:\/\/www.joguinesbague.com\/es\/lego-es\/lamborghini-lambo-v12-vision-76923\/#primaryimage\",\"url\":\"https:\/\/www.joguinesbague.com\/wp-content\/uploads\/2025\/05\/22576923_lanborgini_1.jpg\",\"contentUrl\":\"https:\/\/www.joguinesbague.com\/wp-content\/uploads\/2025\/05\/22576923_lanborgini_1.jpg\",\"width\":800,\"height\":800},{\"@type\":\"BreadcrumbList\",\"@id\":\"https:\/\/www.joguinesbague.com\/es\/lego-es\/lamborghini-lambo-v12-vision-76923\/#breadcrumb\",\"itemListElement\":[{\"@type\":\"ListItem\",\"position\":1,\"name\":\"Inicio\",\"item\":\"https:\/\/www.joguinesbague.com\/es\/\"},{\"@type\":\"ListItem\",\"position\":2,\"name\":\"Juguetes\",\"item\":\"https:\/\/www.joguinesbague.com\/joguines\/\"},{\"@type\":\"ListItem\",\"position\":3,\"name\":\"Lego\",\"item\":\"https:\/\/www.joguinesbague.com\/es\/lego-es\/\"},{\"@type\":\"ListItem\",\"position\":4,\"name\":\"Lamborghini Lambo V12 Vision 76923\"}]},{\"@type\":\"WebSite\",\"@id\":\"https:\/\/www.joguinesbague.com\/es\/#website\",\"url\":\"https:\/\/www.joguinesbague.com\/es\/\",\"name\":\"Joguines Bagu\u00e9\",\"description\":\"Tienda de juguetes en la Bisbal d'Empord\u00e0\",\"publisher\":{\"@id\":\"https:\/\/www.joguinesbague.com\/es\/#organization\"},\"potentialAction\":[{\"@type\":\"SearchAction\",\"target\":{\"@type\":\"EntryPoint\",\"urlTemplate\":\"https:\/\/www.joguinesbague.com\/es\/?s={search_term_string}\"},\"query-input\":{\"@type\":\"PropertyValueSpecification\",\"valueRequired\":true,\"valueName\":\"search_term_string\"}}],\"inLanguage\":\"es\"},{\"@type\":\"Organization\",\"@id\":\"https:\/\/www.joguinesbague.com\/es\/#organization\",\"name\":\"Joguines Bagu\u00e9\",\"url\":\"https:\/\/www.joguinesbague.com\/es\/\",\"logo\":{\"@type\":\"ImageObject\",\"inLanguage\":\"es\",\"@id\":\"https:\/\/www.joguinesbague.com\/es\/#\/schema\/logo\/image\/\",\"url\":\"https:\/\/www.joguinesbague.com\/wp-content\/uploads\/2020\/09\/AF-logotip-bague-02-e1599126400733.png\",\"contentUrl\":\"https:\/\/www.joguinesbague.com\/wp-content\/uploads\/2020\/09\/AF-logotip-bague-02-e1599126400733.png\",\"width\":1024,\"height\":419,\"caption\":\"Joguines Bagu\u00e9\"},\"image\":{\"@id\":\"https:\/\/www.joguinesbague.com\/es\/#\/schema\/logo\/image\/\"},\"sameAs\":[\"https:\/\/www.facebook.com\/Joguines-Bagu\u00e9-112374270472618\",\"https:\/\/www.instagram.com\/joguinesbague\"]}]}<\/script>\n<!-- \/ Yoast SEO plugin. -->","yoast_head_json":{"title":"Lamborghini Lambo V12 Vision 76923 - Joguines Bagu\u00e9","robots":{"index":"index","follow":"follow","max-snippet":"max-snippet:-1","max-image-preview":"max-image-preview:large","max-video-preview":"max-video-preview:-1"},"canonical":"https:\/\/www.joguinesbague.com\/es\/lego-es\/lamborghini-lambo-v12-vision-76923\/","og_locale":"es_ES","og_type":"article","og_title":"Lamborghini Lambo V12 Vision 76923 - Joguines Bagu\u00e9","og_description":"Una reproducci\u00f3n fiel y con todo lujo de detalle del revolucionario prototipo de Lamborghini, dise\u00f1ado originalmente para el videojuego Gran Turismo. Con 230 piezas, este modelo captura la esencia futurista del veh\u00edculo real, es ideal para ni\u00f1as y ni\u00f1os a partir de 10 a\u00f1os.","og_url":"https:\/\/www.joguinesbague.com\/es\/lego-es\/lamborghini-lambo-v12-vision-76923\/","og_site_name":"Joguines Bagu\u00e9","article_publisher":"https:\/\/www.facebook.com\/Joguines-Bagu%c3%a9-112374270472618","article_modified_time":"2025-05-23T08:46:13+00:00","og_image":[{"width":800,"height":800,"url":"https:\/\/www.joguinesbague.com\/wp-content\/uploads\/2025\/05\/22576923_lanborgini_1.jpg","type":"image\/jpeg"}],"twitter_card":"summary_large_image","schema":{"@context":"https:\/\/schema.org","@graph":[{"@type":["WebPage","ItemPage"],"@id":"https:\/\/www.joguinesbague.com\/es\/lego-es\/lamborghini-lambo-v12-vision-76923\/","url":"https:\/\/www.joguinesbague.com\/es\/lego-es\/lamborghini-lambo-v12-vision-76923\/","name":"Lamborghini Lambo V12 Vision 76923 - Joguines Bagu\u00e9","isPartOf":{"@id":"https:\/\/www.joguinesbague.com\/es\/#website"},"primaryImageOfPage":{"@id":"https:\/\/www.joguinesbague.com\/es\/lego-es\/lamborghini-lambo-v12-vision-76923\/#primaryimage"},"image":{"@id":"https:\/\/www.joguinesbague.com\/es\/lego-es\/lamborghini-lambo-v12-vision-76923\/#primaryimage"},"thumbnailUrl":"https:\/\/www.joguinesbague.com\/wp-content\/uploads\/2025\/05\/22576923_lanborgini_1.jpg","datePublished":"2025-05-23T08:45:13+00:00","dateModified":"2025-05-23T08:46:13+00:00","breadcrumb":{"@id":"https:\/\/www.joguinesbague.com\/es\/lego-es\/lamborghini-lambo-v12-vision-76923\/#breadcrumb"},"inLanguage":"es","potentialAction":[{"@type":"ReadAction","target":["https:\/\/www.joguinesbague.com\/es\/lego-es\/lamborghini-lambo-v12-vision-76923\/"]}]},{"@type":"ImageObject","inLanguage":"es","@id":"https:\/\/www.joguinesbague.com\/es\/lego-es\/lamborghini-lambo-v12-vision-76923\/#primaryimage","url":"https:\/\/www.joguinesbague.com\/wp-content\/uploads\/2025\/05\/22576923_lanborgini_1.jpg","contentUrl":"https:\/\/www.joguinesbague.com\/wp-content\/uploads\/2025\/05\/22576923_lanborgini_1.jpg","width":800,"height":800},{"@type":"BreadcrumbList","@id":"https:\/\/www.joguinesbague.com\/es\/lego-es\/lamborghini-lambo-v12-vision-76923\/#breadcrumb","itemListElement":[{"@type":"ListItem","position":1,"name":"Inicio","item":"https:\/\/www.joguinesbague.com\/es\/"},{"@type":"ListItem","position":2,"name":"Juguetes","item":"https:\/\/www.joguinesbague.com\/joguines\/"},{"@type":"ListItem","position":3,"name":"Lego","item":"https:\/\/www.joguinesbague.com\/es\/lego-es\/"},{"@type":"ListItem","position":4,"name":"Lamborghini Lambo V12 Vision 76923"}]},{"@type":"WebSite","@id":"https:\/\/www.joguinesbague.com\/es\/#website","url":"https:\/\/www.joguinesbague.com\/es\/","name":"Joguines Bagu\u00e9","description":"Tienda de juguetes en la Bisbal d'Empord\u00e0","publisher":{"@id":"https:\/\/www.joguinesbague.com\/es\/#organization"},"potentialAction":[{"@type":"SearchAction","target":{"@type":"EntryPoint","urlTemplate":"https:\/\/www.joguinesbague.com\/es\/?s={search_term_string}"},"query-input":{"@type":"PropertyValueSpecification","valueRequired":true,"valueName":"search_term_string"}}],"inLanguage":"es"},{"@type":"Organization","@id":"https:\/\/www.joguinesbague.com\/es\/#organization","name":"Joguines Bagu\u00e9","url":"https:\/\/www.joguinesbague.com\/es\/","logo":{"@type":"ImageObject","inLanguage":"es","@id":"https:\/\/www.joguinesbague.com\/es\/#\/schema\/logo\/image\/","url":"https:\/\/www.joguinesbague.com\/wp-content\/uploads\/2020\/09\/AF-logotip-bague-02-e1599126400733.png","contentUrl":"https:\/\/www.joguinesbague.com\/wp-content\/uploads\/2020\/09\/AF-logotip-bague-02-e1599126400733.png","width":1024,"height":419,"caption":"Joguines Bagu\u00e9"},"image":{"@id":"https:\/\/www.joguinesbague.com\/es\/#\/schema\/logo\/image\/"},"sameAs":["https:\/\/www.facebook.com\/Joguines-Bagu\u00e9-112374270472618","https:\/\/www.instagram.com\/joguinesbague"]}]}},"brands":[{"id":191,"name":"Lego","slug":"lego-es"}],"_links":{"self":[{"href":"https:\/\/www.joguinesbague.com\/es\/wp-json\/wp\/v2\/product\/25125","targetHints":{"allow":["GET"]}}],"collection":[{"href":"https:\/\/www.joguinesbague.com\/es\/wp-json\/wp\/v2\/product"}],"about":[{"href":"https:\/\/www.joguinesbague.com\/es\/wp-json\/wp\/v2\/types\/product"}],"wp:featuredmedia":[{"embeddable":true,"href":"https:\/\/www.joguinesbague.com\/es\/wp-json\/wp\/v2\/media\/25062"}],"wp:attachment":[{"href":"https:\/\/www.joguinesbague.com\/es\/wp-json\/wp\/v2\/media?parent=25125"}],"wp:term":[{"taxonomy":"pwb-brand","embeddable":true,"href":"https:\/\/www.joguinesbague.com\/es\/wp-json\/wp\/v2\/pwb-brand?post=25125"},{"taxonomy":"product_cat","embeddable":true,"href":"https:\/\/www.joguinesbague.com\/es\/wp-json\/wp\/v2\/product_cat?post=25125"},{"taxonomy":"product_tag","embeddable":true,"href":"https:\/\/www.joguinesbague.com\/es\/wp-json\/wp\/v2\/product_tag?post=25125"}],"curies":[{"name":"wp","href":"https:\/\/api.w.org\/{rel}","templated":true}]}}