{"id":23476,"date":"2024-11-20T18:58:01","date_gmt":"2024-11-20T17:58:45","guid":{"rendered":"https:\/\/www.joguinesbague.com\/sin categor\u00eda\/frigorifico-magico-cookeez-makery\/"},"modified":"2025-01-08T00:02:16","modified_gmt":"2025-01-07T23:02:16","slug":"frigorifico-magico-cookeez-makery","status":"publish","type":"product","link":"https:\/\/www.joguinesbague.com\/es\/juguetes-electronicos\/frigorifico-magico-cookeez-makery\/","title":{"rendered":"Frigorifico M\u00e1gico &#8211; COOKEEZ MAKERY"},"content":{"rendered":"","protected":false},"excerpt":{"rendered":"<p>Este juguete ofrece una experiencia de cocina creativa y divertida, fomentando la imaginaci\u00f3n.<br \/>Los ni\u00f1os y ni\u00f1as pueden preparar su propia tarta mezclando, moldeando y decorando capas de \u00abhelado\u00bb, una vez preparada la tarta, mete la masa en la nevera. La m\u00fasica del cami\u00f3n de los helados suena mientras la temperatura baja. Cuando la m\u00fasica se detiene, abre el congelador y descubre car\u00e1mbanos de hielo y un nuevo amigo de peluche congelado que estar\u00e1 tiritando de fr\u00edo, listo para que los ni\u00f1os lo abracen y lo calienten.<\/p>\n","protected":false},"featured_media":23472,"template":"","meta":{"_acf_changed":false},"pwb-brand":[429],"product_cat":[418,157],"product_tag":[],"class_list":{"0":"post-23476","1":"product","2":"type-product","3":"status-publish","4":"has-post-thumbnail","6":"pwb-brand-moose-toys-es","7":"product_cat-5-6-anos","8":"product_cat-juguetes-electronicos","10":"first","11":"instock","12":"shipping-taxable","13":"purchasable","14":"product-type-simple"},"acf":[],"yoast_head":"<!-- This site is optimized with the Yoast SEO plugin v27.2 - https:\/\/yoast.com\/product\/yoast-seo-wordpress\/ -->\n<title>Frigorifico M\u00e1gico - COOKEEZ MAKERY - Joguines Bagu\u00e9<\/title>\n<meta name=\"robots\" content=\"index, follow, max-snippet:-1, max-image-preview:large, max-video-preview:-1\" \/>\n<link rel=\"canonical\" href=\"https:\/\/www.joguinesbague.com\/es\/juguetes-electronicos\/frigorifico-magico-cookeez-makery\/\" \/>\n<meta property=\"og:locale\" content=\"es_ES\" \/>\n<meta property=\"og:type\" content=\"article\" \/>\n<meta property=\"og:title\" content=\"Frigorifico M\u00e1gico - COOKEEZ MAKERY - Joguines Bagu\u00e9\" \/>\n<meta property=\"og:description\" content=\"Este juguete ofrece una experiencia de cocina creativa y divertida, fomentando la imaginaci\u00f3n.Los ni\u00f1os y ni\u00f1as pueden preparar su propia tarta mezclando, moldeando y decorando capas de &quot;helado&quot;, una vez preparada la tarta, mete la masa en la nevera. La m\u00fasica del cami\u00f3n de los helados suena mientras la temperatura baja. Cuando la m\u00fasica se detiene, abre el congelador y descubre car\u00e1mbanos de hielo y un nuevo amigo de peluche congelado que estar\u00e1 tiritando de fr\u00edo, listo para que los ni\u00f1os lo abracen y lo calienten.\" \/>\n<meta property=\"og:url\" content=\"https:\/\/www.joguinesbague.com\/es\/juguetes-electronicos\/frigorifico-magico-cookeez-makery\/\" \/>\n<meta property=\"og:site_name\" content=\"Joguines Bagu\u00e9\" \/>\n<meta property=\"article:publisher\" content=\"https:\/\/www.facebook.com\/Joguines-Bagu%c3%a9-112374270472618\" \/>\n<meta property=\"article:modified_time\" content=\"2025-01-07T23:02:16+00:00\" \/>\n<meta property=\"og:image\" content=\"https:\/\/www.joguinesbague.com\/wp-content\/uploads\/2024\/11\/13017747_frigomagico_6.jpg\" \/>\n\t<meta property=\"og:image:width\" content=\"800\" \/>\n\t<meta property=\"og:image:height\" content=\"800\" \/>\n\t<meta property=\"og:image:type\" content=\"image\/jpeg\" \/>\n<meta name=\"twitter:card\" content=\"summary_large_image\" \/>\n<script type=\"application\/ld+json\" class=\"yoast-schema-graph\">{\"@context\":\"https:\/\/schema.org\",\"@graph\":[{\"@type\":[\"WebPage\",\"ItemPage\"],\"@id\":\"https:\/\/www.joguinesbague.com\/es\/juguetes-electronicos\/frigorifico-magico-cookeez-makery\/\",\"url\":\"https:\/\/www.joguinesbague.com\/es\/juguetes-electronicos\/frigorifico-magico-cookeez-makery\/\",\"name\":\"Frigorifico M\u00e1gico - COOKEEZ MAKERY - Joguines Bagu\u00e9\",\"isPartOf\":{\"@id\":\"https:\/\/www.joguinesbague.com\/es\/#website\"},\"primaryImageOfPage\":{\"@id\":\"https:\/\/www.joguinesbague.com\/es\/juguetes-electronicos\/frigorifico-magico-cookeez-makery\/#primaryimage\"},\"image\":{\"@id\":\"https:\/\/www.joguinesbague.com\/es\/juguetes-electronicos\/frigorifico-magico-cookeez-makery\/#primaryimage\"},\"thumbnailUrl\":\"https:\/\/www.joguinesbague.com\/wp-content\/uploads\/2024\/11\/13017747_frigomagico_6.jpg\",\"datePublished\":\"2024-11-20T17:58:45+00:00\",\"dateModified\":\"2025-01-07T23:02:16+00:00\",\"breadcrumb\":{\"@id\":\"https:\/\/www.joguinesbague.com\/es\/juguetes-electronicos\/frigorifico-magico-cookeez-makery\/#breadcrumb\"},\"inLanguage\":\"es\",\"potentialAction\":[{\"@type\":\"ReadAction\",\"target\":[\"https:\/\/www.joguinesbague.com\/es\/juguetes-electronicos\/frigorifico-magico-cookeez-makery\/\"]}]},{\"@type\":\"ImageObject\",\"inLanguage\":\"es\",\"@id\":\"https:\/\/www.joguinesbague.com\/es\/juguetes-electronicos\/frigorifico-magico-cookeez-makery\/#primaryimage\",\"url\":\"https:\/\/www.joguinesbague.com\/wp-content\/uploads\/2024\/11\/13017747_frigomagico_6.jpg\",\"contentUrl\":\"https:\/\/www.joguinesbague.com\/wp-content\/uploads\/2024\/11\/13017747_frigomagico_6.jpg\",\"width\":800,\"height\":800},{\"@type\":\"BreadcrumbList\",\"@id\":\"https:\/\/www.joguinesbague.com\/es\/juguetes-electronicos\/frigorifico-magico-cookeez-makery\/#breadcrumb\",\"itemListElement\":[{\"@type\":\"ListItem\",\"position\":1,\"name\":\"Inicio\",\"item\":\"https:\/\/www.joguinesbague.com\/es\/\"},{\"@type\":\"ListItem\",\"position\":2,\"name\":\"Juguetes\",\"item\":\"https:\/\/www.joguinesbague.com\/joguines\/\"},{\"@type\":\"ListItem\",\"position\":3,\"name\":\"Juguetes electr\u00f3nicos\",\"item\":\"https:\/\/www.joguinesbague.com\/es\/juguetes-electronicos\/\"},{\"@type\":\"ListItem\",\"position\":4,\"name\":\"Frigorifico M\u00e1gico &#8211; COOKEEZ MAKERY\"}]},{\"@type\":\"WebSite\",\"@id\":\"https:\/\/www.joguinesbague.com\/es\/#website\",\"url\":\"https:\/\/www.joguinesbague.com\/es\/\",\"name\":\"Joguines Bagu\u00e9\",\"description\":\"Tienda de juguetes en la Bisbal d'Empord\u00e0\",\"publisher\":{\"@id\":\"https:\/\/www.joguinesbague.com\/es\/#organization\"},\"potentialAction\":[{\"@type\":\"SearchAction\",\"target\":{\"@type\":\"EntryPoint\",\"urlTemplate\":\"https:\/\/www.joguinesbague.com\/es\/?s={search_term_string}\"},\"query-input\":{\"@type\":\"PropertyValueSpecification\",\"valueRequired\":true,\"valueName\":\"search_term_string\"}}],\"inLanguage\":\"es\"},{\"@type\":\"Organization\",\"@id\":\"https:\/\/www.joguinesbague.com\/es\/#organization\",\"name\":\"Joguines Bagu\u00e9\",\"url\":\"https:\/\/www.joguinesbague.com\/es\/\",\"logo\":{\"@type\":\"ImageObject\",\"inLanguage\":\"es\",\"@id\":\"https:\/\/www.joguinesbague.com\/es\/#\/schema\/logo\/image\/\",\"url\":\"https:\/\/www.joguinesbague.com\/wp-content\/uploads\/2020\/09\/AF-logotip-bague-02-e1599126400733.png\",\"contentUrl\":\"https:\/\/www.joguinesbague.com\/wp-content\/uploads\/2020\/09\/AF-logotip-bague-02-e1599126400733.png\",\"width\":1024,\"height\":419,\"caption\":\"Joguines Bagu\u00e9\"},\"image\":{\"@id\":\"https:\/\/www.joguinesbague.com\/es\/#\/schema\/logo\/image\/\"},\"sameAs\":[\"https:\/\/www.facebook.com\/Joguines-Bagu\u00e9-112374270472618\",\"https:\/\/www.instagram.com\/joguinesbague\"]}]}<\/script>\n<!-- \/ Yoast SEO plugin. -->","yoast_head_json":{"title":"Frigorifico M\u00e1gico - COOKEEZ MAKERY - Joguines Bagu\u00e9","robots":{"index":"index","follow":"follow","max-snippet":"max-snippet:-1","max-image-preview":"max-image-preview:large","max-video-preview":"max-video-preview:-1"},"canonical":"https:\/\/www.joguinesbague.com\/es\/juguetes-electronicos\/frigorifico-magico-cookeez-makery\/","og_locale":"es_ES","og_type":"article","og_title":"Frigorifico M\u00e1gico - COOKEEZ MAKERY - Joguines Bagu\u00e9","og_description":"Este juguete ofrece una experiencia de cocina creativa y divertida, fomentando la imaginaci\u00f3n.Los ni\u00f1os y ni\u00f1as pueden preparar su propia tarta mezclando, moldeando y decorando capas de \"helado\", una vez preparada la tarta, mete la masa en la nevera. La m\u00fasica del cami\u00f3n de los helados suena mientras la temperatura baja. Cuando la m\u00fasica se detiene, abre el congelador y descubre car\u00e1mbanos de hielo y un nuevo amigo de peluche congelado que estar\u00e1 tiritando de fr\u00edo, listo para que los ni\u00f1os lo abracen y lo calienten.","og_url":"https:\/\/www.joguinesbague.com\/es\/juguetes-electronicos\/frigorifico-magico-cookeez-makery\/","og_site_name":"Joguines Bagu\u00e9","article_publisher":"https:\/\/www.facebook.com\/Joguines-Bagu%c3%a9-112374270472618","article_modified_time":"2025-01-07T23:02:16+00:00","og_image":[{"width":800,"height":800,"url":"https:\/\/www.joguinesbague.com\/wp-content\/uploads\/2024\/11\/13017747_frigomagico_6.jpg","type":"image\/jpeg"}],"twitter_card":"summary_large_image","schema":{"@context":"https:\/\/schema.org","@graph":[{"@type":["WebPage","ItemPage"],"@id":"https:\/\/www.joguinesbague.com\/es\/juguetes-electronicos\/frigorifico-magico-cookeez-makery\/","url":"https:\/\/www.joguinesbague.com\/es\/juguetes-electronicos\/frigorifico-magico-cookeez-makery\/","name":"Frigorifico M\u00e1gico - COOKEEZ MAKERY - Joguines Bagu\u00e9","isPartOf":{"@id":"https:\/\/www.joguinesbague.com\/es\/#website"},"primaryImageOfPage":{"@id":"https:\/\/www.joguinesbague.com\/es\/juguetes-electronicos\/frigorifico-magico-cookeez-makery\/#primaryimage"},"image":{"@id":"https:\/\/www.joguinesbague.com\/es\/juguetes-electronicos\/frigorifico-magico-cookeez-makery\/#primaryimage"},"thumbnailUrl":"https:\/\/www.joguinesbague.com\/wp-content\/uploads\/2024\/11\/13017747_frigomagico_6.jpg","datePublished":"2024-11-20T17:58:45+00:00","dateModified":"2025-01-07T23:02:16+00:00","breadcrumb":{"@id":"https:\/\/www.joguinesbague.com\/es\/juguetes-electronicos\/frigorifico-magico-cookeez-makery\/#breadcrumb"},"inLanguage":"es","potentialAction":[{"@type":"ReadAction","target":["https:\/\/www.joguinesbague.com\/es\/juguetes-electronicos\/frigorifico-magico-cookeez-makery\/"]}]},{"@type":"ImageObject","inLanguage":"es","@id":"https:\/\/www.joguinesbague.com\/es\/juguetes-electronicos\/frigorifico-magico-cookeez-makery\/#primaryimage","url":"https:\/\/www.joguinesbague.com\/wp-content\/uploads\/2024\/11\/13017747_frigomagico_6.jpg","contentUrl":"https:\/\/www.joguinesbague.com\/wp-content\/uploads\/2024\/11\/13017747_frigomagico_6.jpg","width":800,"height":800},{"@type":"BreadcrumbList","@id":"https:\/\/www.joguinesbague.com\/es\/juguetes-electronicos\/frigorifico-magico-cookeez-makery\/#breadcrumb","itemListElement":[{"@type":"ListItem","position":1,"name":"Inicio","item":"https:\/\/www.joguinesbague.com\/es\/"},{"@type":"ListItem","position":2,"name":"Juguetes","item":"https:\/\/www.joguinesbague.com\/joguines\/"},{"@type":"ListItem","position":3,"name":"Juguetes electr\u00f3nicos","item":"https:\/\/www.joguinesbague.com\/es\/juguetes-electronicos\/"},{"@type":"ListItem","position":4,"name":"Frigorifico M\u00e1gico &#8211; COOKEEZ MAKERY"}]},{"@type":"WebSite","@id":"https:\/\/www.joguinesbague.com\/es\/#website","url":"https:\/\/www.joguinesbague.com\/es\/","name":"Joguines Bagu\u00e9","description":"Tienda de juguetes en la Bisbal d'Empord\u00e0","publisher":{"@id":"https:\/\/www.joguinesbague.com\/es\/#organization"},"potentialAction":[{"@type":"SearchAction","target":{"@type":"EntryPoint","urlTemplate":"https:\/\/www.joguinesbague.com\/es\/?s={search_term_string}"},"query-input":{"@type":"PropertyValueSpecification","valueRequired":true,"valueName":"search_term_string"}}],"inLanguage":"es"},{"@type":"Organization","@id":"https:\/\/www.joguinesbague.com\/es\/#organization","name":"Joguines Bagu\u00e9","url":"https:\/\/www.joguinesbague.com\/es\/","logo":{"@type":"ImageObject","inLanguage":"es","@id":"https:\/\/www.joguinesbague.com\/es\/#\/schema\/logo\/image\/","url":"https:\/\/www.joguinesbague.com\/wp-content\/uploads\/2020\/09\/AF-logotip-bague-02-e1599126400733.png","contentUrl":"https:\/\/www.joguinesbague.com\/wp-content\/uploads\/2020\/09\/AF-logotip-bague-02-e1599126400733.png","width":1024,"height":419,"caption":"Joguines Bagu\u00e9"},"image":{"@id":"https:\/\/www.joguinesbague.com\/es\/#\/schema\/logo\/image\/"},"sameAs":["https:\/\/www.facebook.com\/Joguines-Bagu\u00e9-112374270472618","https:\/\/www.instagram.com\/joguinesbague"]}]}},"brands":[{"id":429,"name":"Moose Toys","slug":"moose-toys-es"}],"_links":{"self":[{"href":"https:\/\/www.joguinesbague.com\/es\/wp-json\/wp\/v2\/product\/23476","targetHints":{"allow":["GET"]}}],"collection":[{"href":"https:\/\/www.joguinesbague.com\/es\/wp-json\/wp\/v2\/product"}],"about":[{"href":"https:\/\/www.joguinesbague.com\/es\/wp-json\/wp\/v2\/types\/product"}],"wp:featuredmedia":[{"embeddable":true,"href":"https:\/\/www.joguinesbague.com\/es\/wp-json\/wp\/v2\/media\/23472"}],"wp:attachment":[{"href":"https:\/\/www.joguinesbague.com\/es\/wp-json\/wp\/v2\/media?parent=23476"}],"wp:term":[{"taxonomy":"pwb-brand","embeddable":true,"href":"https:\/\/www.joguinesbague.com\/es\/wp-json\/wp\/v2\/pwb-brand?post=23476"},{"taxonomy":"product_cat","embeddable":true,"href":"https:\/\/www.joguinesbague.com\/es\/wp-json\/wp\/v2\/product_cat?post=23476"},{"taxonomy":"product_tag","embeddable":true,"href":"https:\/\/www.joguinesbague.com\/es\/wp-json\/wp\/v2\/product_tag?post=23476"}],"curies":[{"name":"wp","href":"https:\/\/api.w.org\/{rel}","templated":true}]}}