{"id":23427,"date":"2024-11-14T11:41:20","date_gmt":"2024-11-14T10:41:20","guid":{"rendered":"https:\/\/www.joguinesbague.com\/sin categor\u00eda\/nancy-aitana-alphahouse\/"},"modified":"2025-01-08T00:02:02","modified_gmt":"2025-01-07T23:02:02","slug":"nancy-aitana-alphahouse","status":"publish","type":"product","link":"https:\/\/www.joguinesbague.com\/es\/munecas\/nancy-aitana-alphahouse\/","title":{"rendered":"Nancy Aitana Alphahouse"},"content":{"rendered":"","protected":false},"excerpt":{"rendered":"<p>Nancy Aitana Alphahouse es la nueva mu\u00f1eca Nancy de Aitana, una exclusiva mu\u00f1eca de edici\u00f3n limitada inspirada en la artista Aitana en su versi\u00f3n sobre los escenarios.<br \/>Nancy lleva un look dise\u00f1ado por el innovador dise\u00f1ador JC Pajares. Conjunto formado por un mono con brillantes, pantal\u00f3n acampanado con abertura en el bajo, escote y cazadora a juego. Adem\u00e1s, Nancy Aitana Alphahouse incluye una hoja con los mismos tatuajes de Aitana para poder pon\u00e9rselos a la mu\u00f1eca, los distintivos pendientes de aro plateados, botas negras y el maquillaje habitual y caracter\u00edstico de la artista. Como toque final, la mu\u00f1eca tiene una melena oscura con corte a capas y el famoso flequillo de la cantante, lo que la convierte en una r\u00e9plica a\u00fan m\u00e1s aut\u00e9ntica.<\/p>\n","protected":false},"featured_media":23333,"template":"","meta":{"_acf_changed":false},"pwb-brand":[182],"product_cat":[418,152],"product_tag":[],"class_list":{"0":"post-23427","1":"product","2":"type-product","3":"status-publish","4":"has-post-thumbnail","6":"pwb-brand-famosa-es","7":"product_cat-5-6-anos","8":"product_cat-munecas","10":"first","11":"instock","12":"sale","13":"shipping-taxable","14":"purchasable","15":"product-type-simple"},"acf":[],"yoast_head":"<!-- This site is optimized with the Yoast SEO plugin v27.2 - https:\/\/yoast.com\/product\/yoast-seo-wordpress\/ -->\n<title>Nancy Aitana Alphahouse - Joguines Bagu\u00e9<\/title>\n<meta name=\"robots\" content=\"index, follow, max-snippet:-1, max-image-preview:large, max-video-preview:-1\" \/>\n<link rel=\"canonical\" href=\"https:\/\/www.joguinesbague.com\/es\/munecas\/nancy-aitana-alphahouse\/\" \/>\n<meta property=\"og:locale\" content=\"es_ES\" \/>\n<meta property=\"og:type\" content=\"article\" \/>\n<meta property=\"og:title\" content=\"Nancy Aitana Alphahouse - Joguines Bagu\u00e9\" \/>\n<meta property=\"og:description\" content=\"Nancy Aitana Alphahouse es la nueva mu\u00f1eca Nancy de Aitana, una exclusiva mu\u00f1eca de edici\u00f3n limitada inspirada en la artista Aitana en su versi\u00f3n sobre los escenarios.Nancy lleva un look dise\u00f1ado por el innovador dise\u00f1ador JC Pajares. Conjunto formado por un mono con brillantes, pantal\u00f3n acampanado con abertura en el bajo, escote y cazadora a juego. Adem\u00e1s, Nancy Aitana Alphahouse incluye una hoja con los mismos tatuajes de Aitana para poder pon\u00e9rselos a la mu\u00f1eca, los distintivos pendientes de aro plateados, botas negras y el maquillaje habitual y caracter\u00edstico de la artista. Como toque final, la mu\u00f1eca tiene una melena oscura con corte a capas y el famoso flequillo de la cantante, lo que la convierte en una r\u00e9plica a\u00fan m\u00e1s aut\u00e9ntica.\" \/>\n<meta property=\"og:url\" content=\"https:\/\/www.joguinesbague.com\/es\/munecas\/nancy-aitana-alphahouse\/\" \/>\n<meta property=\"og:site_name\" content=\"Joguines Bagu\u00e9\" \/>\n<meta property=\"article:publisher\" content=\"https:\/\/www.facebook.com\/Joguines-Bagu%c3%a9-112374270472618\" \/>\n<meta property=\"article:modified_time\" content=\"2025-01-07T23:02:02+00:00\" \/>\n<meta property=\"og:image\" content=\"https:\/\/www.joguinesbague.com\/wp-content\/uploads\/2024\/11\/13018548_aitana_1.jpg\" \/>\n\t<meta property=\"og:image:width\" content=\"800\" \/>\n\t<meta property=\"og:image:height\" content=\"800\" \/>\n\t<meta property=\"og:image:type\" content=\"image\/jpeg\" \/>\n<meta name=\"twitter:card\" content=\"summary_large_image\" \/>\n<script type=\"application\/ld+json\" class=\"yoast-schema-graph\">{\"@context\":\"https:\/\/schema.org\",\"@graph\":[{\"@type\":[\"WebPage\",\"ItemPage\"],\"@id\":\"https:\/\/www.joguinesbague.com\/es\/munecas\/nancy-aitana-alphahouse\/\",\"url\":\"https:\/\/www.joguinesbague.com\/es\/munecas\/nancy-aitana-alphahouse\/\",\"name\":\"Nancy Aitana Alphahouse - Joguines Bagu\u00e9\",\"isPartOf\":{\"@id\":\"https:\/\/www.joguinesbague.com\/es\/#website\"},\"primaryImageOfPage\":{\"@id\":\"https:\/\/www.joguinesbague.com\/es\/munecas\/nancy-aitana-alphahouse\/#primaryimage\"},\"image\":{\"@id\":\"https:\/\/www.joguinesbague.com\/es\/munecas\/nancy-aitana-alphahouse\/#primaryimage\"},\"thumbnailUrl\":\"https:\/\/www.joguinesbague.com\/wp-content\/uploads\/2024\/11\/13018548_aitana_1.jpg\",\"datePublished\":\"2024-11-14T10:41:20+00:00\",\"dateModified\":\"2025-01-07T23:02:02+00:00\",\"breadcrumb\":{\"@id\":\"https:\/\/www.joguinesbague.com\/es\/munecas\/nancy-aitana-alphahouse\/#breadcrumb\"},\"inLanguage\":\"es\",\"potentialAction\":[{\"@type\":\"ReadAction\",\"target\":[\"https:\/\/www.joguinesbague.com\/es\/munecas\/nancy-aitana-alphahouse\/\"]}]},{\"@type\":\"ImageObject\",\"inLanguage\":\"es\",\"@id\":\"https:\/\/www.joguinesbague.com\/es\/munecas\/nancy-aitana-alphahouse\/#primaryimage\",\"url\":\"https:\/\/www.joguinesbague.com\/wp-content\/uploads\/2024\/11\/13018548_aitana_1.jpg\",\"contentUrl\":\"https:\/\/www.joguinesbague.com\/wp-content\/uploads\/2024\/11\/13018548_aitana_1.jpg\",\"width\":800,\"height\":800},{\"@type\":\"BreadcrumbList\",\"@id\":\"https:\/\/www.joguinesbague.com\/es\/munecas\/nancy-aitana-alphahouse\/#breadcrumb\",\"itemListElement\":[{\"@type\":\"ListItem\",\"position\":1,\"name\":\"Inicio\",\"item\":\"https:\/\/www.joguinesbague.com\/es\/\"},{\"@type\":\"ListItem\",\"position\":2,\"name\":\"Juguetes\",\"item\":\"https:\/\/www.joguinesbague.com\/joguines\/\"},{\"@type\":\"ListItem\",\"position\":3,\"name\":\"Mu\u00f1ecas\",\"item\":\"https:\/\/www.joguinesbague.com\/es\/munecas\/\"},{\"@type\":\"ListItem\",\"position\":4,\"name\":\"Nancy Aitana Alphahouse\"}]},{\"@type\":\"WebSite\",\"@id\":\"https:\/\/www.joguinesbague.com\/es\/#website\",\"url\":\"https:\/\/www.joguinesbague.com\/es\/\",\"name\":\"Joguines Bagu\u00e9\",\"description\":\"Tienda de juguetes en la Bisbal d'Empord\u00e0\",\"publisher\":{\"@id\":\"https:\/\/www.joguinesbague.com\/es\/#organization\"},\"potentialAction\":[{\"@type\":\"SearchAction\",\"target\":{\"@type\":\"EntryPoint\",\"urlTemplate\":\"https:\/\/www.joguinesbague.com\/es\/?s={search_term_string}\"},\"query-input\":{\"@type\":\"PropertyValueSpecification\",\"valueRequired\":true,\"valueName\":\"search_term_string\"}}],\"inLanguage\":\"es\"},{\"@type\":\"Organization\",\"@id\":\"https:\/\/www.joguinesbague.com\/es\/#organization\",\"name\":\"Joguines Bagu\u00e9\",\"url\":\"https:\/\/www.joguinesbague.com\/es\/\",\"logo\":{\"@type\":\"ImageObject\",\"inLanguage\":\"es\",\"@id\":\"https:\/\/www.joguinesbague.com\/es\/#\/schema\/logo\/image\/\",\"url\":\"https:\/\/www.joguinesbague.com\/wp-content\/uploads\/2020\/09\/AF-logotip-bague-02-e1599126400733.png\",\"contentUrl\":\"https:\/\/www.joguinesbague.com\/wp-content\/uploads\/2020\/09\/AF-logotip-bague-02-e1599126400733.png\",\"width\":1024,\"height\":419,\"caption\":\"Joguines Bagu\u00e9\"},\"image\":{\"@id\":\"https:\/\/www.joguinesbague.com\/es\/#\/schema\/logo\/image\/\"},\"sameAs\":[\"https:\/\/www.facebook.com\/Joguines-Bagu\u00e9-112374270472618\",\"https:\/\/www.instagram.com\/joguinesbague\"]}]}<\/script>\n<!-- \/ Yoast SEO plugin. -->","yoast_head_json":{"title":"Nancy Aitana Alphahouse - Joguines Bagu\u00e9","robots":{"index":"index","follow":"follow","max-snippet":"max-snippet:-1","max-image-preview":"max-image-preview:large","max-video-preview":"max-video-preview:-1"},"canonical":"https:\/\/www.joguinesbague.com\/es\/munecas\/nancy-aitana-alphahouse\/","og_locale":"es_ES","og_type":"article","og_title":"Nancy Aitana Alphahouse - Joguines Bagu\u00e9","og_description":"Nancy Aitana Alphahouse es la nueva mu\u00f1eca Nancy de Aitana, una exclusiva mu\u00f1eca de edici\u00f3n limitada inspirada en la artista Aitana en su versi\u00f3n sobre los escenarios.Nancy lleva un look dise\u00f1ado por el innovador dise\u00f1ador JC Pajares. Conjunto formado por un mono con brillantes, pantal\u00f3n acampanado con abertura en el bajo, escote y cazadora a juego. Adem\u00e1s, Nancy Aitana Alphahouse incluye una hoja con los mismos tatuajes de Aitana para poder pon\u00e9rselos a la mu\u00f1eca, los distintivos pendientes de aro plateados, botas negras y el maquillaje habitual y caracter\u00edstico de la artista. Como toque final, la mu\u00f1eca tiene una melena oscura con corte a capas y el famoso flequillo de la cantante, lo que la convierte en una r\u00e9plica a\u00fan m\u00e1s aut\u00e9ntica.","og_url":"https:\/\/www.joguinesbague.com\/es\/munecas\/nancy-aitana-alphahouse\/","og_site_name":"Joguines Bagu\u00e9","article_publisher":"https:\/\/www.facebook.com\/Joguines-Bagu%c3%a9-112374270472618","article_modified_time":"2025-01-07T23:02:02+00:00","og_image":[{"width":800,"height":800,"url":"https:\/\/www.joguinesbague.com\/wp-content\/uploads\/2024\/11\/13018548_aitana_1.jpg","type":"image\/jpeg"}],"twitter_card":"summary_large_image","schema":{"@context":"https:\/\/schema.org","@graph":[{"@type":["WebPage","ItemPage"],"@id":"https:\/\/www.joguinesbague.com\/es\/munecas\/nancy-aitana-alphahouse\/","url":"https:\/\/www.joguinesbague.com\/es\/munecas\/nancy-aitana-alphahouse\/","name":"Nancy Aitana Alphahouse - Joguines Bagu\u00e9","isPartOf":{"@id":"https:\/\/www.joguinesbague.com\/es\/#website"},"primaryImageOfPage":{"@id":"https:\/\/www.joguinesbague.com\/es\/munecas\/nancy-aitana-alphahouse\/#primaryimage"},"image":{"@id":"https:\/\/www.joguinesbague.com\/es\/munecas\/nancy-aitana-alphahouse\/#primaryimage"},"thumbnailUrl":"https:\/\/www.joguinesbague.com\/wp-content\/uploads\/2024\/11\/13018548_aitana_1.jpg","datePublished":"2024-11-14T10:41:20+00:00","dateModified":"2025-01-07T23:02:02+00:00","breadcrumb":{"@id":"https:\/\/www.joguinesbague.com\/es\/munecas\/nancy-aitana-alphahouse\/#breadcrumb"},"inLanguage":"es","potentialAction":[{"@type":"ReadAction","target":["https:\/\/www.joguinesbague.com\/es\/munecas\/nancy-aitana-alphahouse\/"]}]},{"@type":"ImageObject","inLanguage":"es","@id":"https:\/\/www.joguinesbague.com\/es\/munecas\/nancy-aitana-alphahouse\/#primaryimage","url":"https:\/\/www.joguinesbague.com\/wp-content\/uploads\/2024\/11\/13018548_aitana_1.jpg","contentUrl":"https:\/\/www.joguinesbague.com\/wp-content\/uploads\/2024\/11\/13018548_aitana_1.jpg","width":800,"height":800},{"@type":"BreadcrumbList","@id":"https:\/\/www.joguinesbague.com\/es\/munecas\/nancy-aitana-alphahouse\/#breadcrumb","itemListElement":[{"@type":"ListItem","position":1,"name":"Inicio","item":"https:\/\/www.joguinesbague.com\/es\/"},{"@type":"ListItem","position":2,"name":"Juguetes","item":"https:\/\/www.joguinesbague.com\/joguines\/"},{"@type":"ListItem","position":3,"name":"Mu\u00f1ecas","item":"https:\/\/www.joguinesbague.com\/es\/munecas\/"},{"@type":"ListItem","position":4,"name":"Nancy Aitana Alphahouse"}]},{"@type":"WebSite","@id":"https:\/\/www.joguinesbague.com\/es\/#website","url":"https:\/\/www.joguinesbague.com\/es\/","name":"Joguines Bagu\u00e9","description":"Tienda de juguetes en la Bisbal d'Empord\u00e0","publisher":{"@id":"https:\/\/www.joguinesbague.com\/es\/#organization"},"potentialAction":[{"@type":"SearchAction","target":{"@type":"EntryPoint","urlTemplate":"https:\/\/www.joguinesbague.com\/es\/?s={search_term_string}"},"query-input":{"@type":"PropertyValueSpecification","valueRequired":true,"valueName":"search_term_string"}}],"inLanguage":"es"},{"@type":"Organization","@id":"https:\/\/www.joguinesbague.com\/es\/#organization","name":"Joguines Bagu\u00e9","url":"https:\/\/www.joguinesbague.com\/es\/","logo":{"@type":"ImageObject","inLanguage":"es","@id":"https:\/\/www.joguinesbague.com\/es\/#\/schema\/logo\/image\/","url":"https:\/\/www.joguinesbague.com\/wp-content\/uploads\/2020\/09\/AF-logotip-bague-02-e1599126400733.png","contentUrl":"https:\/\/www.joguinesbague.com\/wp-content\/uploads\/2020\/09\/AF-logotip-bague-02-e1599126400733.png","width":1024,"height":419,"caption":"Joguines Bagu\u00e9"},"image":{"@id":"https:\/\/www.joguinesbague.com\/es\/#\/schema\/logo\/image\/"},"sameAs":["https:\/\/www.facebook.com\/Joguines-Bagu\u00e9-112374270472618","https:\/\/www.instagram.com\/joguinesbague"]}]}},"brands":[{"id":182,"name":"Famosa","slug":"famosa-es"}],"_links":{"self":[{"href":"https:\/\/www.joguinesbague.com\/es\/wp-json\/wp\/v2\/product\/23427","targetHints":{"allow":["GET"]}}],"collection":[{"href":"https:\/\/www.joguinesbague.com\/es\/wp-json\/wp\/v2\/product"}],"about":[{"href":"https:\/\/www.joguinesbague.com\/es\/wp-json\/wp\/v2\/types\/product"}],"wp:featuredmedia":[{"embeddable":true,"href":"https:\/\/www.joguinesbague.com\/es\/wp-json\/wp\/v2\/media\/23333"}],"wp:attachment":[{"href":"https:\/\/www.joguinesbague.com\/es\/wp-json\/wp\/v2\/media?parent=23427"}],"wp:term":[{"taxonomy":"pwb-brand","embeddable":true,"href":"https:\/\/www.joguinesbague.com\/es\/wp-json\/wp\/v2\/pwb-brand?post=23427"},{"taxonomy":"product_cat","embeddable":true,"href":"https:\/\/www.joguinesbague.com\/es\/wp-json\/wp\/v2\/product_cat?post=23427"},{"taxonomy":"product_tag","embeddable":true,"href":"https:\/\/www.joguinesbague.com\/es\/wp-json\/wp\/v2\/product_tag?post=23427"}],"curies":[{"name":"wp","href":"https:\/\/api.w.org\/{rel}","templated":true}]}}