{"id":23250,"date":"2024-10-26T12:12:32","date_gmt":"2024-10-26T10:12:32","guid":{"rendered":"https:\/\/www.joguinesbague.com\/sin categor\u00eda\/color-wonder-pincel-magico\/"},"modified":"2024-10-26T12:13:40","modified_gmt":"2024-10-26T10:13:40","slug":"color-wonder-pincel-magico","status":"publish","type":"product","link":"https:\/\/www.joguinesbague.com\/es\/manualidades\/color-wonder-pincel-magico\/","title":{"rendered":"Color Wonder Pincel M\u00e1gico"},"content":{"rendered":"","protected":false},"excerpt":{"rendered":"<p>\u00a1Pintar es m\u00e1gico con las t\u00e9mperas de Color Wonder!<br \/>Tintas transparentes que se convierten en color cuando entran en contacto con el papel. Solo hay que mojar el pincel en el tamp\u00f3n con color y el interior del pincel se ilumina seg\u00fan el color elegido. La tinta es transparente y no mancha piel, muebles o tejidos, porque el color aparece solo en el papel especial Color Wonder. Una manualidad \u00fanica y original para entretener y divertir a los ni\u00f1os y ni\u00f1as que quieren expresar su creatividad. Funciona con 3 pilas AA (no incluidas) Contenido: 1 Unidad con 6 tampones de tinta Color Wonder compacta y f\u00e1cil de transportar y 18 p\u00e1ginas blancas Color Wonder.<\/p>\n","protected":false},"featured_media":23240,"template":"","meta":{"_acf_changed":false},"pwb-brand":[193],"product_cat":[417,146],"product_tag":[],"class_list":{"0":"post-23250","1":"product","2":"type-product","3":"status-publish","4":"has-post-thumbnail","6":"pwb-brand-crayola-es","7":"product_cat-3-4-anos","8":"product_cat-manualidades","10":"first","11":"instock","12":"shipping-taxable","13":"purchasable","14":"product-type-simple"},"acf":[],"yoast_head":"<!-- This site is optimized with the Yoast SEO plugin v27.2 - https:\/\/yoast.com\/product\/yoast-seo-wordpress\/ -->\n<title>Color Wonder Pincel M\u00e1gico - Joguines Bagu\u00e9<\/title>\n<meta name=\"robots\" content=\"index, follow, max-snippet:-1, max-image-preview:large, max-video-preview:-1\" \/>\n<link rel=\"canonical\" href=\"https:\/\/www.joguinesbague.com\/es\/manualidades\/color-wonder-pincel-magico\/\" \/>\n<meta property=\"og:locale\" content=\"es_ES\" \/>\n<meta property=\"og:type\" content=\"article\" \/>\n<meta property=\"og:title\" content=\"Color Wonder Pincel M\u00e1gico - Joguines Bagu\u00e9\" \/>\n<meta property=\"og:description\" content=\"\u00a1Pintar es m\u00e1gico con las t\u00e9mperas de Color Wonder!Tintas transparentes que se convierten en color cuando entran en contacto con el papel. Solo hay que mojar el pincel en el tamp\u00f3n con color y el interior del pincel se ilumina seg\u00fan el color elegido. La tinta es transparente y no mancha piel, muebles o tejidos, porque el color aparece solo en el papel especial Color Wonder. Una manualidad \u00fanica y original para entretener y divertir a los ni\u00f1os y ni\u00f1as que quieren expresar su creatividad. Funciona con 3 pilas AA (no incluidas) Contenido: 1 Unidad con 6 tampones de tinta Color Wonder compacta y f\u00e1cil de transportar y 18 p\u00e1ginas blancas Color Wonder.\" \/>\n<meta property=\"og:url\" content=\"https:\/\/www.joguinesbague.com\/es\/manualidades\/color-wonder-pincel-magico\/\" \/>\n<meta property=\"og:site_name\" content=\"Joguines Bagu\u00e9\" \/>\n<meta property=\"article:publisher\" content=\"https:\/\/www.facebook.com\/Joguines-Bagu%c3%a9-112374270472618\" \/>\n<meta property=\"article:modified_time\" content=\"2024-10-26T10:13:40+00:00\" \/>\n<meta property=\"og:image\" content=\"https:\/\/www.joguinesbague.com\/wp-content\/uploads\/2024\/10\/55620713_colorwonder_1.jpg\" \/>\n\t<meta property=\"og:image:width\" content=\"800\" \/>\n\t<meta property=\"og:image:height\" content=\"800\" \/>\n\t<meta property=\"og:image:type\" content=\"image\/jpeg\" \/>\n<meta name=\"twitter:card\" content=\"summary_large_image\" \/>\n<script type=\"application\/ld+json\" class=\"yoast-schema-graph\">{\"@context\":\"https:\/\/schema.org\",\"@graph\":[{\"@type\":[\"WebPage\",\"ItemPage\"],\"@id\":\"https:\/\/www.joguinesbague.com\/es\/manualidades\/color-wonder-pincel-magico\/\",\"url\":\"https:\/\/www.joguinesbague.com\/es\/manualidades\/color-wonder-pincel-magico\/\",\"name\":\"Color Wonder Pincel M\u00e1gico - Joguines Bagu\u00e9\",\"isPartOf\":{\"@id\":\"https:\/\/www.joguinesbague.com\/es\/#website\"},\"primaryImageOfPage\":{\"@id\":\"https:\/\/www.joguinesbague.com\/es\/manualidades\/color-wonder-pincel-magico\/#primaryimage\"},\"image\":{\"@id\":\"https:\/\/www.joguinesbague.com\/es\/manualidades\/color-wonder-pincel-magico\/#primaryimage\"},\"thumbnailUrl\":\"https:\/\/www.joguinesbague.com\/wp-content\/uploads\/2024\/10\/55620713_colorwonder_1.jpg\",\"datePublished\":\"2024-10-26T10:12:32+00:00\",\"dateModified\":\"2024-10-26T10:13:40+00:00\",\"breadcrumb\":{\"@id\":\"https:\/\/www.joguinesbague.com\/es\/manualidades\/color-wonder-pincel-magico\/#breadcrumb\"},\"inLanguage\":\"es\",\"potentialAction\":[{\"@type\":\"ReadAction\",\"target\":[\"https:\/\/www.joguinesbague.com\/es\/manualidades\/color-wonder-pincel-magico\/\"]}]},{\"@type\":\"ImageObject\",\"inLanguage\":\"es\",\"@id\":\"https:\/\/www.joguinesbague.com\/es\/manualidades\/color-wonder-pincel-magico\/#primaryimage\",\"url\":\"https:\/\/www.joguinesbague.com\/wp-content\/uploads\/2024\/10\/55620713_colorwonder_1.jpg\",\"contentUrl\":\"https:\/\/www.joguinesbague.com\/wp-content\/uploads\/2024\/10\/55620713_colorwonder_1.jpg\",\"width\":800,\"height\":800},{\"@type\":\"BreadcrumbList\",\"@id\":\"https:\/\/www.joguinesbague.com\/es\/manualidades\/color-wonder-pincel-magico\/#breadcrumb\",\"itemListElement\":[{\"@type\":\"ListItem\",\"position\":1,\"name\":\"Inicio\",\"item\":\"https:\/\/www.joguinesbague.com\/es\/\"},{\"@type\":\"ListItem\",\"position\":2,\"name\":\"Juguetes\",\"item\":\"https:\/\/www.joguinesbague.com\/joguines\/\"},{\"@type\":\"ListItem\",\"position\":3,\"name\":\"Manualidades\",\"item\":\"https:\/\/www.joguinesbague.com\/es\/manualidades\/\"},{\"@type\":\"ListItem\",\"position\":4,\"name\":\"Color Wonder Pincel M\u00e1gico\"}]},{\"@type\":\"WebSite\",\"@id\":\"https:\/\/www.joguinesbague.com\/es\/#website\",\"url\":\"https:\/\/www.joguinesbague.com\/es\/\",\"name\":\"Joguines Bagu\u00e9\",\"description\":\"Tienda de juguetes en la Bisbal d'Empord\u00e0\",\"publisher\":{\"@id\":\"https:\/\/www.joguinesbague.com\/es\/#organization\"},\"potentialAction\":[{\"@type\":\"SearchAction\",\"target\":{\"@type\":\"EntryPoint\",\"urlTemplate\":\"https:\/\/www.joguinesbague.com\/es\/?s={search_term_string}\"},\"query-input\":{\"@type\":\"PropertyValueSpecification\",\"valueRequired\":true,\"valueName\":\"search_term_string\"}}],\"inLanguage\":\"es\"},{\"@type\":\"Organization\",\"@id\":\"https:\/\/www.joguinesbague.com\/es\/#organization\",\"name\":\"Joguines Bagu\u00e9\",\"url\":\"https:\/\/www.joguinesbague.com\/es\/\",\"logo\":{\"@type\":\"ImageObject\",\"inLanguage\":\"es\",\"@id\":\"https:\/\/www.joguinesbague.com\/es\/#\/schema\/logo\/image\/\",\"url\":\"https:\/\/www.joguinesbague.com\/wp-content\/uploads\/2020\/09\/AF-logotip-bague-02-e1599126400733.png\",\"contentUrl\":\"https:\/\/www.joguinesbague.com\/wp-content\/uploads\/2020\/09\/AF-logotip-bague-02-e1599126400733.png\",\"width\":1024,\"height\":419,\"caption\":\"Joguines Bagu\u00e9\"},\"image\":{\"@id\":\"https:\/\/www.joguinesbague.com\/es\/#\/schema\/logo\/image\/\"},\"sameAs\":[\"https:\/\/www.facebook.com\/Joguines-Bagu\u00e9-112374270472618\",\"https:\/\/www.instagram.com\/joguinesbague\"]}]}<\/script>\n<!-- \/ Yoast SEO plugin. -->","yoast_head_json":{"title":"Color Wonder Pincel M\u00e1gico - Joguines Bagu\u00e9","robots":{"index":"index","follow":"follow","max-snippet":"max-snippet:-1","max-image-preview":"max-image-preview:large","max-video-preview":"max-video-preview:-1"},"canonical":"https:\/\/www.joguinesbague.com\/es\/manualidades\/color-wonder-pincel-magico\/","og_locale":"es_ES","og_type":"article","og_title":"Color Wonder Pincel M\u00e1gico - Joguines Bagu\u00e9","og_description":"\u00a1Pintar es m\u00e1gico con las t\u00e9mperas de Color Wonder!Tintas transparentes que se convierten en color cuando entran en contacto con el papel. Solo hay que mojar el pincel en el tamp\u00f3n con color y el interior del pincel se ilumina seg\u00fan el color elegido. La tinta es transparente y no mancha piel, muebles o tejidos, porque el color aparece solo en el papel especial Color Wonder. Una manualidad \u00fanica y original para entretener y divertir a los ni\u00f1os y ni\u00f1as que quieren expresar su creatividad. Funciona con 3 pilas AA (no incluidas) Contenido: 1 Unidad con 6 tampones de tinta Color Wonder compacta y f\u00e1cil de transportar y 18 p\u00e1ginas blancas Color Wonder.","og_url":"https:\/\/www.joguinesbague.com\/es\/manualidades\/color-wonder-pincel-magico\/","og_site_name":"Joguines Bagu\u00e9","article_publisher":"https:\/\/www.facebook.com\/Joguines-Bagu%c3%a9-112374270472618","article_modified_time":"2024-10-26T10:13:40+00:00","og_image":[{"width":800,"height":800,"url":"https:\/\/www.joguinesbague.com\/wp-content\/uploads\/2024\/10\/55620713_colorwonder_1.jpg","type":"image\/jpeg"}],"twitter_card":"summary_large_image","schema":{"@context":"https:\/\/schema.org","@graph":[{"@type":["WebPage","ItemPage"],"@id":"https:\/\/www.joguinesbague.com\/es\/manualidades\/color-wonder-pincel-magico\/","url":"https:\/\/www.joguinesbague.com\/es\/manualidades\/color-wonder-pincel-magico\/","name":"Color Wonder Pincel M\u00e1gico - Joguines Bagu\u00e9","isPartOf":{"@id":"https:\/\/www.joguinesbague.com\/es\/#website"},"primaryImageOfPage":{"@id":"https:\/\/www.joguinesbague.com\/es\/manualidades\/color-wonder-pincel-magico\/#primaryimage"},"image":{"@id":"https:\/\/www.joguinesbague.com\/es\/manualidades\/color-wonder-pincel-magico\/#primaryimage"},"thumbnailUrl":"https:\/\/www.joguinesbague.com\/wp-content\/uploads\/2024\/10\/55620713_colorwonder_1.jpg","datePublished":"2024-10-26T10:12:32+00:00","dateModified":"2024-10-26T10:13:40+00:00","breadcrumb":{"@id":"https:\/\/www.joguinesbague.com\/es\/manualidades\/color-wonder-pincel-magico\/#breadcrumb"},"inLanguage":"es","potentialAction":[{"@type":"ReadAction","target":["https:\/\/www.joguinesbague.com\/es\/manualidades\/color-wonder-pincel-magico\/"]}]},{"@type":"ImageObject","inLanguage":"es","@id":"https:\/\/www.joguinesbague.com\/es\/manualidades\/color-wonder-pincel-magico\/#primaryimage","url":"https:\/\/www.joguinesbague.com\/wp-content\/uploads\/2024\/10\/55620713_colorwonder_1.jpg","contentUrl":"https:\/\/www.joguinesbague.com\/wp-content\/uploads\/2024\/10\/55620713_colorwonder_1.jpg","width":800,"height":800},{"@type":"BreadcrumbList","@id":"https:\/\/www.joguinesbague.com\/es\/manualidades\/color-wonder-pincel-magico\/#breadcrumb","itemListElement":[{"@type":"ListItem","position":1,"name":"Inicio","item":"https:\/\/www.joguinesbague.com\/es\/"},{"@type":"ListItem","position":2,"name":"Juguetes","item":"https:\/\/www.joguinesbague.com\/joguines\/"},{"@type":"ListItem","position":3,"name":"Manualidades","item":"https:\/\/www.joguinesbague.com\/es\/manualidades\/"},{"@type":"ListItem","position":4,"name":"Color Wonder Pincel M\u00e1gico"}]},{"@type":"WebSite","@id":"https:\/\/www.joguinesbague.com\/es\/#website","url":"https:\/\/www.joguinesbague.com\/es\/","name":"Joguines Bagu\u00e9","description":"Tienda de juguetes en la Bisbal d'Empord\u00e0","publisher":{"@id":"https:\/\/www.joguinesbague.com\/es\/#organization"},"potentialAction":[{"@type":"SearchAction","target":{"@type":"EntryPoint","urlTemplate":"https:\/\/www.joguinesbague.com\/es\/?s={search_term_string}"},"query-input":{"@type":"PropertyValueSpecification","valueRequired":true,"valueName":"search_term_string"}}],"inLanguage":"es"},{"@type":"Organization","@id":"https:\/\/www.joguinesbague.com\/es\/#organization","name":"Joguines Bagu\u00e9","url":"https:\/\/www.joguinesbague.com\/es\/","logo":{"@type":"ImageObject","inLanguage":"es","@id":"https:\/\/www.joguinesbague.com\/es\/#\/schema\/logo\/image\/","url":"https:\/\/www.joguinesbague.com\/wp-content\/uploads\/2020\/09\/AF-logotip-bague-02-e1599126400733.png","contentUrl":"https:\/\/www.joguinesbague.com\/wp-content\/uploads\/2020\/09\/AF-logotip-bague-02-e1599126400733.png","width":1024,"height":419,"caption":"Joguines Bagu\u00e9"},"image":{"@id":"https:\/\/www.joguinesbague.com\/es\/#\/schema\/logo\/image\/"},"sameAs":["https:\/\/www.facebook.com\/Joguines-Bagu\u00e9-112374270472618","https:\/\/www.instagram.com\/joguinesbague"]}]}},"brands":[{"id":193,"name":"Crayola","slug":"crayola-es"}],"_links":{"self":[{"href":"https:\/\/www.joguinesbague.com\/es\/wp-json\/wp\/v2\/product\/23250","targetHints":{"allow":["GET"]}}],"collection":[{"href":"https:\/\/www.joguinesbague.com\/es\/wp-json\/wp\/v2\/product"}],"about":[{"href":"https:\/\/www.joguinesbague.com\/es\/wp-json\/wp\/v2\/types\/product"}],"wp:featuredmedia":[{"embeddable":true,"href":"https:\/\/www.joguinesbague.com\/es\/wp-json\/wp\/v2\/media\/23240"}],"wp:attachment":[{"href":"https:\/\/www.joguinesbague.com\/es\/wp-json\/wp\/v2\/media?parent=23250"}],"wp:term":[{"taxonomy":"pwb-brand","embeddable":true,"href":"https:\/\/www.joguinesbague.com\/es\/wp-json\/wp\/v2\/pwb-brand?post=23250"},{"taxonomy":"product_cat","embeddable":true,"href":"https:\/\/www.joguinesbague.com\/es\/wp-json\/wp\/v2\/product_cat?post=23250"},{"taxonomy":"product_tag","embeddable":true,"href":"https:\/\/www.joguinesbague.com\/es\/wp-json\/wp\/v2\/product_tag?post=23250"}],"curies":[{"name":"wp","href":"https:\/\/api.w.org\/{rel}","templated":true}]}}