{"id":22647,"date":"2024-10-10T12:20:24","date_gmt":"2024-10-10T10:21:19","guid":{"rendered":"https:\/\/www.joguinesbague.com\/sin%20categor\u00eda\/lamborghini-huracan-nuevo\/"},"modified":"2024-10-10T12:22:21","modified_gmt":"2024-10-10T10:22:21","slug":"lamborghini-huracan-nuevo","status":"publish","type":"product","link":"https:\/\/www.joguinesbague.com\/es\/construccion\/lamborghini-huracan-nuevo\/","title":{"rendered":"Lamborghini Huracan nuevo"},"content":{"rendered":"","protected":false},"excerpt":{"rendered":"<p>Con m\u00e1s de 250 piezas en el kit, los ni\u00f1os y ni\u00f1as fan\u00e1ticos de los autom\u00f3viles disfrutar\u00e1n construyendo un modelo realista y atractivo de un coche Lamborghini con ruedas dirigibles. La aplicaci\u00f3n gratuita con instrucciones en 3D guiar\u00e1 a los ni\u00f1os a trav\u00e9s de las distintas etapas de montaje. Un juego ideal para explorar la mec\u00e1nica y la ingenier\u00eda de los veh\u00edculos y dise\u00f1ado para estimular las habilidades manuales y la imaginaci\u00f3n.  <\/p>\n","protected":false},"featured_media":22637,"template":"","meta":{"_acf_changed":false},"pwb-brand":[190],"product_cat":[415,153],"product_tag":[],"class_list":{"0":"post-22647","1":"product","2":"type-product","3":"status-publish","4":"has-post-thumbnail","6":"pwb-brand-clementoni-es","7":"product_cat-7-8-anos","8":"product_cat-construccion","10":"first","11":"instock","12":"shipping-taxable","13":"purchasable","14":"product-type-simple"},"acf":[],"yoast_head":"<!-- This site is optimized with the Yoast SEO plugin v27.2 - https:\/\/yoast.com\/product\/yoast-seo-wordpress\/ -->\n<title>Lamborghini Huracan nuevo - Joguines Bagu\u00e9<\/title>\n<meta name=\"robots\" content=\"index, follow, max-snippet:-1, max-image-preview:large, max-video-preview:-1\" \/>\n<link rel=\"canonical\" href=\"https:\/\/www.joguinesbague.com\/es\/construccion\/lamborghini-huracan-nuevo\/\" \/>\n<meta property=\"og:locale\" content=\"es_ES\" \/>\n<meta property=\"og:type\" content=\"article\" \/>\n<meta property=\"og:title\" content=\"Lamborghini Huracan nuevo - Joguines Bagu\u00e9\" \/>\n<meta property=\"og:description\" content=\"Con m\u00e1s de 250 piezas en el kit, los ni\u00f1os y ni\u00f1as fan\u00e1ticos de los autom\u00f3viles disfrutar\u00e1n construyendo un modelo realista y atractivo de un coche Lamborghini con ruedas dirigibles. La aplicaci\u00f3n gratuita con instrucciones en 3D guiar\u00e1 a los ni\u00f1os a trav\u00e9s de las distintas etapas de montaje. Un juego ideal para explorar la mec\u00e1nica y la ingenier\u00eda de los veh\u00edculos y dise\u00f1ado para estimular las habilidades manuales y la imaginaci\u00f3n.\" \/>\n<meta property=\"og:url\" content=\"https:\/\/www.joguinesbague.com\/es\/construccion\/lamborghini-huracan-nuevo\/\" \/>\n<meta property=\"og:site_name\" content=\"Joguines Bagu\u00e9\" \/>\n<meta property=\"article:publisher\" content=\"https:\/\/www.facebook.com\/Joguines-Bagu%c3%a9-112374270472618\" \/>\n<meta property=\"article:modified_time\" content=\"2024-10-10T10:22:21+00:00\" \/>\n<meta property=\"og:image\" content=\"https:\/\/www.joguinesbague.com\/wp-content\/uploads\/2024\/10\/06655561_lamborghini_1.jpg\" \/>\n\t<meta property=\"og:image:width\" content=\"800\" \/>\n\t<meta property=\"og:image:height\" content=\"800\" \/>\n\t<meta property=\"og:image:type\" content=\"image\/jpeg\" \/>\n<meta name=\"twitter:card\" content=\"summary_large_image\" \/>\n<script type=\"application\/ld+json\" class=\"yoast-schema-graph\">{\"@context\":\"https:\/\/schema.org\",\"@graph\":[{\"@type\":[\"WebPage\",\"ItemPage\"],\"@id\":\"https:\/\/www.joguinesbague.com\/es\/construccion\/lamborghini-huracan-nuevo\/\",\"url\":\"https:\/\/www.joguinesbague.com\/es\/construccion\/lamborghini-huracan-nuevo\/\",\"name\":\"Lamborghini Huracan nuevo - Joguines Bagu\u00e9\",\"isPartOf\":{\"@id\":\"https:\/\/www.joguinesbague.com\/es\/#website\"},\"primaryImageOfPage\":{\"@id\":\"https:\/\/www.joguinesbague.com\/es\/construccion\/lamborghini-huracan-nuevo\/#primaryimage\"},\"image\":{\"@id\":\"https:\/\/www.joguinesbague.com\/es\/construccion\/lamborghini-huracan-nuevo\/#primaryimage\"},\"thumbnailUrl\":\"https:\/\/www.joguinesbague.com\/wp-content\/uploads\/2024\/10\/06655561_lamborghini_1.jpg\",\"datePublished\":\"2024-10-10T10:21:19+00:00\",\"dateModified\":\"2024-10-10T10:22:21+00:00\",\"breadcrumb\":{\"@id\":\"https:\/\/www.joguinesbague.com\/es\/construccion\/lamborghini-huracan-nuevo\/#breadcrumb\"},\"inLanguage\":\"es\",\"potentialAction\":[{\"@type\":\"ReadAction\",\"target\":[\"https:\/\/www.joguinesbague.com\/es\/construccion\/lamborghini-huracan-nuevo\/\"]}]},{\"@type\":\"ImageObject\",\"inLanguage\":\"es\",\"@id\":\"https:\/\/www.joguinesbague.com\/es\/construccion\/lamborghini-huracan-nuevo\/#primaryimage\",\"url\":\"https:\/\/www.joguinesbague.com\/wp-content\/uploads\/2024\/10\/06655561_lamborghini_1.jpg\",\"contentUrl\":\"https:\/\/www.joguinesbague.com\/wp-content\/uploads\/2024\/10\/06655561_lamborghini_1.jpg\",\"width\":800,\"height\":800},{\"@type\":\"BreadcrumbList\",\"@id\":\"https:\/\/www.joguinesbague.com\/es\/construccion\/lamborghini-huracan-nuevo\/#breadcrumb\",\"itemListElement\":[{\"@type\":\"ListItem\",\"position\":1,\"name\":\"Inicio\",\"item\":\"https:\/\/www.joguinesbague.com\/es\/\"},{\"@type\":\"ListItem\",\"position\":2,\"name\":\"Juguetes\",\"item\":\"https:\/\/www.joguinesbague.com\/joguines\/\"},{\"@type\":\"ListItem\",\"position\":3,\"name\":\"Construcci\u00f3n\",\"item\":\"https:\/\/www.joguinesbague.com\/es\/construccion\/\"},{\"@type\":\"ListItem\",\"position\":4,\"name\":\"Lamborghini Huracan nuevo\"}]},{\"@type\":\"WebSite\",\"@id\":\"https:\/\/www.joguinesbague.com\/es\/#website\",\"url\":\"https:\/\/www.joguinesbague.com\/es\/\",\"name\":\"Joguines Bagu\u00e9\",\"description\":\"Tienda de juguetes en la Bisbal d'Empord\u00e0\",\"publisher\":{\"@id\":\"https:\/\/www.joguinesbague.com\/es\/#organization\"},\"potentialAction\":[{\"@type\":\"SearchAction\",\"target\":{\"@type\":\"EntryPoint\",\"urlTemplate\":\"https:\/\/www.joguinesbague.com\/es\/?s={search_term_string}\"},\"query-input\":{\"@type\":\"PropertyValueSpecification\",\"valueRequired\":true,\"valueName\":\"search_term_string\"}}],\"inLanguage\":\"es\"},{\"@type\":\"Organization\",\"@id\":\"https:\/\/www.joguinesbague.com\/es\/#organization\",\"name\":\"Joguines Bagu\u00e9\",\"url\":\"https:\/\/www.joguinesbague.com\/es\/\",\"logo\":{\"@type\":\"ImageObject\",\"inLanguage\":\"es\",\"@id\":\"https:\/\/www.joguinesbague.com\/es\/#\/schema\/logo\/image\/\",\"url\":\"https:\/\/www.joguinesbague.com\/wp-content\/uploads\/2020\/09\/AF-logotip-bague-02-e1599126400733.png\",\"contentUrl\":\"https:\/\/www.joguinesbague.com\/wp-content\/uploads\/2020\/09\/AF-logotip-bague-02-e1599126400733.png\",\"width\":1024,\"height\":419,\"caption\":\"Joguines Bagu\u00e9\"},\"image\":{\"@id\":\"https:\/\/www.joguinesbague.com\/es\/#\/schema\/logo\/image\/\"},\"sameAs\":[\"https:\/\/www.facebook.com\/Joguines-Bagu\u00e9-112374270472618\",\"https:\/\/www.instagram.com\/joguinesbague\"]}]}<\/script>\n<!-- \/ Yoast SEO plugin. -->","yoast_head_json":{"title":"Lamborghini Huracan nuevo - Joguines Bagu\u00e9","robots":{"index":"index","follow":"follow","max-snippet":"max-snippet:-1","max-image-preview":"max-image-preview:large","max-video-preview":"max-video-preview:-1"},"canonical":"https:\/\/www.joguinesbague.com\/es\/construccion\/lamborghini-huracan-nuevo\/","og_locale":"es_ES","og_type":"article","og_title":"Lamborghini Huracan nuevo - Joguines Bagu\u00e9","og_description":"Con m\u00e1s de 250 piezas en el kit, los ni\u00f1os y ni\u00f1as fan\u00e1ticos de los autom\u00f3viles disfrutar\u00e1n construyendo un modelo realista y atractivo de un coche Lamborghini con ruedas dirigibles. La aplicaci\u00f3n gratuita con instrucciones en 3D guiar\u00e1 a los ni\u00f1os a trav\u00e9s de las distintas etapas de montaje. Un juego ideal para explorar la mec\u00e1nica y la ingenier\u00eda de los veh\u00edculos y dise\u00f1ado para estimular las habilidades manuales y la imaginaci\u00f3n.","og_url":"https:\/\/www.joguinesbague.com\/es\/construccion\/lamborghini-huracan-nuevo\/","og_site_name":"Joguines Bagu\u00e9","article_publisher":"https:\/\/www.facebook.com\/Joguines-Bagu%c3%a9-112374270472618","article_modified_time":"2024-10-10T10:22:21+00:00","og_image":[{"width":800,"height":800,"url":"https:\/\/www.joguinesbague.com\/wp-content\/uploads\/2024\/10\/06655561_lamborghini_1.jpg","type":"image\/jpeg"}],"twitter_card":"summary_large_image","schema":{"@context":"https:\/\/schema.org","@graph":[{"@type":["WebPage","ItemPage"],"@id":"https:\/\/www.joguinesbague.com\/es\/construccion\/lamborghini-huracan-nuevo\/","url":"https:\/\/www.joguinesbague.com\/es\/construccion\/lamborghini-huracan-nuevo\/","name":"Lamborghini Huracan nuevo - Joguines Bagu\u00e9","isPartOf":{"@id":"https:\/\/www.joguinesbague.com\/es\/#website"},"primaryImageOfPage":{"@id":"https:\/\/www.joguinesbague.com\/es\/construccion\/lamborghini-huracan-nuevo\/#primaryimage"},"image":{"@id":"https:\/\/www.joguinesbague.com\/es\/construccion\/lamborghini-huracan-nuevo\/#primaryimage"},"thumbnailUrl":"https:\/\/www.joguinesbague.com\/wp-content\/uploads\/2024\/10\/06655561_lamborghini_1.jpg","datePublished":"2024-10-10T10:21:19+00:00","dateModified":"2024-10-10T10:22:21+00:00","breadcrumb":{"@id":"https:\/\/www.joguinesbague.com\/es\/construccion\/lamborghini-huracan-nuevo\/#breadcrumb"},"inLanguage":"es","potentialAction":[{"@type":"ReadAction","target":["https:\/\/www.joguinesbague.com\/es\/construccion\/lamborghini-huracan-nuevo\/"]}]},{"@type":"ImageObject","inLanguage":"es","@id":"https:\/\/www.joguinesbague.com\/es\/construccion\/lamborghini-huracan-nuevo\/#primaryimage","url":"https:\/\/www.joguinesbague.com\/wp-content\/uploads\/2024\/10\/06655561_lamborghini_1.jpg","contentUrl":"https:\/\/www.joguinesbague.com\/wp-content\/uploads\/2024\/10\/06655561_lamborghini_1.jpg","width":800,"height":800},{"@type":"BreadcrumbList","@id":"https:\/\/www.joguinesbague.com\/es\/construccion\/lamborghini-huracan-nuevo\/#breadcrumb","itemListElement":[{"@type":"ListItem","position":1,"name":"Inicio","item":"https:\/\/www.joguinesbague.com\/es\/"},{"@type":"ListItem","position":2,"name":"Juguetes","item":"https:\/\/www.joguinesbague.com\/joguines\/"},{"@type":"ListItem","position":3,"name":"Construcci\u00f3n","item":"https:\/\/www.joguinesbague.com\/es\/construccion\/"},{"@type":"ListItem","position":4,"name":"Lamborghini Huracan nuevo"}]},{"@type":"WebSite","@id":"https:\/\/www.joguinesbague.com\/es\/#website","url":"https:\/\/www.joguinesbague.com\/es\/","name":"Joguines Bagu\u00e9","description":"Tienda de juguetes en la Bisbal d'Empord\u00e0","publisher":{"@id":"https:\/\/www.joguinesbague.com\/es\/#organization"},"potentialAction":[{"@type":"SearchAction","target":{"@type":"EntryPoint","urlTemplate":"https:\/\/www.joguinesbague.com\/es\/?s={search_term_string}"},"query-input":{"@type":"PropertyValueSpecification","valueRequired":true,"valueName":"search_term_string"}}],"inLanguage":"es"},{"@type":"Organization","@id":"https:\/\/www.joguinesbague.com\/es\/#organization","name":"Joguines Bagu\u00e9","url":"https:\/\/www.joguinesbague.com\/es\/","logo":{"@type":"ImageObject","inLanguage":"es","@id":"https:\/\/www.joguinesbague.com\/es\/#\/schema\/logo\/image\/","url":"https:\/\/www.joguinesbague.com\/wp-content\/uploads\/2020\/09\/AF-logotip-bague-02-e1599126400733.png","contentUrl":"https:\/\/www.joguinesbague.com\/wp-content\/uploads\/2020\/09\/AF-logotip-bague-02-e1599126400733.png","width":1024,"height":419,"caption":"Joguines Bagu\u00e9"},"image":{"@id":"https:\/\/www.joguinesbague.com\/es\/#\/schema\/logo\/image\/"},"sameAs":["https:\/\/www.facebook.com\/Joguines-Bagu\u00e9-112374270472618","https:\/\/www.instagram.com\/joguinesbague"]}]}},"brands":[{"id":190,"name":"Clementoni","slug":"clementoni-es"}],"_links":{"self":[{"href":"https:\/\/www.joguinesbague.com\/es\/wp-json\/wp\/v2\/product\/22647","targetHints":{"allow":["GET"]}}],"collection":[{"href":"https:\/\/www.joguinesbague.com\/es\/wp-json\/wp\/v2\/product"}],"about":[{"href":"https:\/\/www.joguinesbague.com\/es\/wp-json\/wp\/v2\/types\/product"}],"wp:featuredmedia":[{"embeddable":true,"href":"https:\/\/www.joguinesbague.com\/es\/wp-json\/wp\/v2\/media\/22637"}],"wp:attachment":[{"href":"https:\/\/www.joguinesbague.com\/es\/wp-json\/wp\/v2\/media?parent=22647"}],"wp:term":[{"taxonomy":"pwb-brand","embeddable":true,"href":"https:\/\/www.joguinesbague.com\/es\/wp-json\/wp\/v2\/pwb-brand?post=22647"},{"taxonomy":"product_cat","embeddable":true,"href":"https:\/\/www.joguinesbague.com\/es\/wp-json\/wp\/v2\/product_cat?post=22647"},{"taxonomy":"product_tag","embeddable":true,"href":"https:\/\/www.joguinesbague.com\/es\/wp-json\/wp\/v2\/product_tag?post=22647"}],"curies":[{"name":"wp","href":"https:\/\/api.w.org\/{rel}","templated":true}]}}