{"id":22541,"date":"2024-10-08T08:26:11","date_gmt":"2024-10-08T06:38:20","guid":{"rendered":"https:\/\/www.joguinesbague.com\/sin categor\u00eda\/barco-pirata-31109\/"},"modified":"2024-10-08T08:38:20","modified_gmt":"2024-10-08T06:38:20","slug":"barco-pirata-31109","status":"publish","type":"product","link":"https:\/\/www.joguinesbague.com\/es\/lego-creator-es\/barco-pirata-31109\/","title":{"rendered":"Barco Pirata 31109"},"content":{"rendered":"","protected":false},"excerpt":{"rendered":"<p>Caja con tres opciones de construcci\u00f3n, todas relacionadas con el mundo de los piratas.<br \/>\nCon las mismas piezas de este set podr\u00e1 montar un gran barco pirata, una taberna pirata r\u00fastica o la misteriosa isla calavera, como todos los Legos, adem\u00e1s de las opciones que le dan las instrucciones, siempre puede inventar otra maqueta haciendo volar la vuestra imaginaci\u00f3n.<\/p>\n","protected":false},"featured_media":22471,"template":"","meta":{"_acf_changed":false},"pwb-brand":[191],"product_cat":[414,380,396],"product_tag":[],"class_list":{"0":"post-22541","1":"product","2":"type-product","3":"status-publish","4":"has-post-thumbnail","6":"pwb-brand-lego-es","7":"product_cat-9-10-anos-es","8":"product_cat-lego-es","9":"product_cat-lego-creator-es","11":"first","12":"outofstock","13":"shipping-taxable","14":"purchasable","15":"product-type-simple"},"acf":[],"yoast_head":"<!-- This site is optimized with the Yoast SEO plugin v27.2 - https:\/\/yoast.com\/product\/yoast-seo-wordpress\/ -->\n<title>Barco Pirata 31109 - Joguines Bagu\u00e9<\/title>\n<meta name=\"robots\" content=\"index, follow, max-snippet:-1, max-image-preview:large, max-video-preview:-1\" \/>\n<link rel=\"canonical\" href=\"https:\/\/www.joguinesbague.com\/es\/lego-creator-es\/barco-pirata-31109\/\" \/>\n<meta property=\"og:locale\" content=\"es_ES\" \/>\n<meta property=\"og:type\" content=\"article\" \/>\n<meta property=\"og:title\" content=\"Barco Pirata 31109 - Joguines Bagu\u00e9\" \/>\n<meta property=\"og:description\" content=\"Caja con tres opciones de construcci\u00f3n, todas relacionadas con el mundo de los piratas. Con las mismas piezas de este set podr\u00e1 montar un gran barco pirata, una taberna pirata r\u00fastica o la misteriosa isla calavera, como todos los Legos, adem\u00e1s de las opciones que le dan las instrucciones, siempre puede inventar otra maqueta haciendo volar la vuestra imaginaci\u00f3n.\" \/>\n<meta property=\"og:url\" content=\"https:\/\/www.joguinesbague.com\/es\/lego-creator-es\/barco-pirata-31109\/\" \/>\n<meta property=\"og:site_name\" content=\"Joguines Bagu\u00e9\" \/>\n<meta property=\"article:publisher\" content=\"https:\/\/www.facebook.com\/Joguines-Bagu%c3%a9-112374270472618\" \/>\n<meta property=\"og:image\" content=\"https:\/\/www.joguinesbague.com\/wp-content\/uploads\/2024\/10\/22531109_pirata_1.jpg\" \/>\n\t<meta property=\"og:image:width\" content=\"800\" \/>\n\t<meta property=\"og:image:height\" content=\"800\" \/>\n\t<meta property=\"og:image:type\" content=\"image\/jpeg\" \/>\n<meta name=\"twitter:card\" content=\"summary_large_image\" \/>\n<script type=\"application\/ld+json\" class=\"yoast-schema-graph\">{\"@context\":\"https:\/\/schema.org\",\"@graph\":[{\"@type\":[\"WebPage\",\"ItemPage\"],\"@id\":\"https:\/\/www.joguinesbague.com\/es\/lego-creator-es\/barco-pirata-31109\/\",\"url\":\"https:\/\/www.joguinesbague.com\/es\/lego-creator-es\/barco-pirata-31109\/\",\"name\":\"Barco Pirata 31109 - Joguines Bagu\u00e9\",\"isPartOf\":{\"@id\":\"https:\/\/www.joguinesbague.com\/es\/#website\"},\"primaryImageOfPage\":{\"@id\":\"https:\/\/www.joguinesbague.com\/es\/lego-creator-es\/barco-pirata-31109\/#primaryimage\"},\"image\":{\"@id\":\"https:\/\/www.joguinesbague.com\/es\/lego-creator-es\/barco-pirata-31109\/#primaryimage\"},\"thumbnailUrl\":\"https:\/\/www.joguinesbague.com\/wp-content\/uploads\/2024\/10\/22531109_pirata_1.jpg\",\"datePublished\":\"2024-10-08T06:38:20+00:00\",\"breadcrumb\":{\"@id\":\"https:\/\/www.joguinesbague.com\/es\/lego-creator-es\/barco-pirata-31109\/#breadcrumb\"},\"inLanguage\":\"es\",\"potentialAction\":[{\"@type\":\"ReadAction\",\"target\":[\"https:\/\/www.joguinesbague.com\/es\/lego-creator-es\/barco-pirata-31109\/\"]}]},{\"@type\":\"ImageObject\",\"inLanguage\":\"es\",\"@id\":\"https:\/\/www.joguinesbague.com\/es\/lego-creator-es\/barco-pirata-31109\/#primaryimage\",\"url\":\"https:\/\/www.joguinesbague.com\/wp-content\/uploads\/2024\/10\/22531109_pirata_1.jpg\",\"contentUrl\":\"https:\/\/www.joguinesbague.com\/wp-content\/uploads\/2024\/10\/22531109_pirata_1.jpg\",\"width\":800,\"height\":800},{\"@type\":\"BreadcrumbList\",\"@id\":\"https:\/\/www.joguinesbague.com\/es\/lego-creator-es\/barco-pirata-31109\/#breadcrumb\",\"itemListElement\":[{\"@type\":\"ListItem\",\"position\":1,\"name\":\"Inicio\",\"item\":\"https:\/\/www.joguinesbague.com\/es\/\"},{\"@type\":\"ListItem\",\"position\":2,\"name\":\"Juguetes\",\"item\":\"https:\/\/www.joguinesbague.com\/joguines\/\"},{\"@type\":\"ListItem\",\"position\":3,\"name\":\"Lego\",\"item\":\"https:\/\/www.joguinesbague.com\/es\/lego-es\/\"},{\"@type\":\"ListItem\",\"position\":4,\"name\":\"Lego Creator\",\"item\":\"https:\/\/www.joguinesbague.com\/es\/lego-creator-es\/\"},{\"@type\":\"ListItem\",\"position\":5,\"name\":\"Barco Pirata 31109\"}]},{\"@type\":\"WebSite\",\"@id\":\"https:\/\/www.joguinesbague.com\/es\/#website\",\"url\":\"https:\/\/www.joguinesbague.com\/es\/\",\"name\":\"Joguines Bagu\u00e9\",\"description\":\"Tienda de juguetes en la Bisbal d'Empord\u00e0\",\"publisher\":{\"@id\":\"https:\/\/www.joguinesbague.com\/es\/#organization\"},\"potentialAction\":[{\"@type\":\"SearchAction\",\"target\":{\"@type\":\"EntryPoint\",\"urlTemplate\":\"https:\/\/www.joguinesbague.com\/es\/?s={search_term_string}\"},\"query-input\":{\"@type\":\"PropertyValueSpecification\",\"valueRequired\":true,\"valueName\":\"search_term_string\"}}],\"inLanguage\":\"es\"},{\"@type\":\"Organization\",\"@id\":\"https:\/\/www.joguinesbague.com\/es\/#organization\",\"name\":\"Joguines Bagu\u00e9\",\"url\":\"https:\/\/www.joguinesbague.com\/es\/\",\"logo\":{\"@type\":\"ImageObject\",\"inLanguage\":\"es\",\"@id\":\"https:\/\/www.joguinesbague.com\/es\/#\/schema\/logo\/image\/\",\"url\":\"https:\/\/www.joguinesbague.com\/wp-content\/uploads\/2020\/09\/AF-logotip-bague-02-e1599126400733.png\",\"contentUrl\":\"https:\/\/www.joguinesbague.com\/wp-content\/uploads\/2020\/09\/AF-logotip-bague-02-e1599126400733.png\",\"width\":1024,\"height\":419,\"caption\":\"Joguines Bagu\u00e9\"},\"image\":{\"@id\":\"https:\/\/www.joguinesbague.com\/es\/#\/schema\/logo\/image\/\"},\"sameAs\":[\"https:\/\/www.facebook.com\/Joguines-Bagu\u00e9-112374270472618\",\"https:\/\/www.instagram.com\/joguinesbague\"]}]}<\/script>\n<!-- \/ Yoast SEO plugin. -->","yoast_head_json":{"title":"Barco Pirata 31109 - Joguines Bagu\u00e9","robots":{"index":"index","follow":"follow","max-snippet":"max-snippet:-1","max-image-preview":"max-image-preview:large","max-video-preview":"max-video-preview:-1"},"canonical":"https:\/\/www.joguinesbague.com\/es\/lego-creator-es\/barco-pirata-31109\/","og_locale":"es_ES","og_type":"article","og_title":"Barco Pirata 31109 - Joguines Bagu\u00e9","og_description":"Caja con tres opciones de construcci\u00f3n, todas relacionadas con el mundo de los piratas. Con las mismas piezas de este set podr\u00e1 montar un gran barco pirata, una taberna pirata r\u00fastica o la misteriosa isla calavera, como todos los Legos, adem\u00e1s de las opciones que le dan las instrucciones, siempre puede inventar otra maqueta haciendo volar la vuestra imaginaci\u00f3n.","og_url":"https:\/\/www.joguinesbague.com\/es\/lego-creator-es\/barco-pirata-31109\/","og_site_name":"Joguines Bagu\u00e9","article_publisher":"https:\/\/www.facebook.com\/Joguines-Bagu%c3%a9-112374270472618","og_image":[{"width":800,"height":800,"url":"https:\/\/www.joguinesbague.com\/wp-content\/uploads\/2024\/10\/22531109_pirata_1.jpg","type":"image\/jpeg"}],"twitter_card":"summary_large_image","schema":{"@context":"https:\/\/schema.org","@graph":[{"@type":["WebPage","ItemPage"],"@id":"https:\/\/www.joguinesbague.com\/es\/lego-creator-es\/barco-pirata-31109\/","url":"https:\/\/www.joguinesbague.com\/es\/lego-creator-es\/barco-pirata-31109\/","name":"Barco Pirata 31109 - Joguines Bagu\u00e9","isPartOf":{"@id":"https:\/\/www.joguinesbague.com\/es\/#website"},"primaryImageOfPage":{"@id":"https:\/\/www.joguinesbague.com\/es\/lego-creator-es\/barco-pirata-31109\/#primaryimage"},"image":{"@id":"https:\/\/www.joguinesbague.com\/es\/lego-creator-es\/barco-pirata-31109\/#primaryimage"},"thumbnailUrl":"https:\/\/www.joguinesbague.com\/wp-content\/uploads\/2024\/10\/22531109_pirata_1.jpg","datePublished":"2024-10-08T06:38:20+00:00","breadcrumb":{"@id":"https:\/\/www.joguinesbague.com\/es\/lego-creator-es\/barco-pirata-31109\/#breadcrumb"},"inLanguage":"es","potentialAction":[{"@type":"ReadAction","target":["https:\/\/www.joguinesbague.com\/es\/lego-creator-es\/barco-pirata-31109\/"]}]},{"@type":"ImageObject","inLanguage":"es","@id":"https:\/\/www.joguinesbague.com\/es\/lego-creator-es\/barco-pirata-31109\/#primaryimage","url":"https:\/\/www.joguinesbague.com\/wp-content\/uploads\/2024\/10\/22531109_pirata_1.jpg","contentUrl":"https:\/\/www.joguinesbague.com\/wp-content\/uploads\/2024\/10\/22531109_pirata_1.jpg","width":800,"height":800},{"@type":"BreadcrumbList","@id":"https:\/\/www.joguinesbague.com\/es\/lego-creator-es\/barco-pirata-31109\/#breadcrumb","itemListElement":[{"@type":"ListItem","position":1,"name":"Inicio","item":"https:\/\/www.joguinesbague.com\/es\/"},{"@type":"ListItem","position":2,"name":"Juguetes","item":"https:\/\/www.joguinesbague.com\/joguines\/"},{"@type":"ListItem","position":3,"name":"Lego","item":"https:\/\/www.joguinesbague.com\/es\/lego-es\/"},{"@type":"ListItem","position":4,"name":"Lego Creator","item":"https:\/\/www.joguinesbague.com\/es\/lego-creator-es\/"},{"@type":"ListItem","position":5,"name":"Barco Pirata 31109"}]},{"@type":"WebSite","@id":"https:\/\/www.joguinesbague.com\/es\/#website","url":"https:\/\/www.joguinesbague.com\/es\/","name":"Joguines Bagu\u00e9","description":"Tienda de juguetes en la Bisbal d'Empord\u00e0","publisher":{"@id":"https:\/\/www.joguinesbague.com\/es\/#organization"},"potentialAction":[{"@type":"SearchAction","target":{"@type":"EntryPoint","urlTemplate":"https:\/\/www.joguinesbague.com\/es\/?s={search_term_string}"},"query-input":{"@type":"PropertyValueSpecification","valueRequired":true,"valueName":"search_term_string"}}],"inLanguage":"es"},{"@type":"Organization","@id":"https:\/\/www.joguinesbague.com\/es\/#organization","name":"Joguines Bagu\u00e9","url":"https:\/\/www.joguinesbague.com\/es\/","logo":{"@type":"ImageObject","inLanguage":"es","@id":"https:\/\/www.joguinesbague.com\/es\/#\/schema\/logo\/image\/","url":"https:\/\/www.joguinesbague.com\/wp-content\/uploads\/2020\/09\/AF-logotip-bague-02-e1599126400733.png","contentUrl":"https:\/\/www.joguinesbague.com\/wp-content\/uploads\/2020\/09\/AF-logotip-bague-02-e1599126400733.png","width":1024,"height":419,"caption":"Joguines Bagu\u00e9"},"image":{"@id":"https:\/\/www.joguinesbague.com\/es\/#\/schema\/logo\/image\/"},"sameAs":["https:\/\/www.facebook.com\/Joguines-Bagu\u00e9-112374270472618","https:\/\/www.instagram.com\/joguinesbague"]}]}},"brands":[{"id":191,"name":"Lego","slug":"lego-es"}],"_links":{"self":[{"href":"https:\/\/www.joguinesbague.com\/es\/wp-json\/wp\/v2\/product\/22541","targetHints":{"allow":["GET"]}}],"collection":[{"href":"https:\/\/www.joguinesbague.com\/es\/wp-json\/wp\/v2\/product"}],"about":[{"href":"https:\/\/www.joguinesbague.com\/es\/wp-json\/wp\/v2\/types\/product"}],"wp:featuredmedia":[{"embeddable":true,"href":"https:\/\/www.joguinesbague.com\/es\/wp-json\/wp\/v2\/media\/22471"}],"wp:attachment":[{"href":"https:\/\/www.joguinesbague.com\/es\/wp-json\/wp\/v2\/media?parent=22541"}],"wp:term":[{"taxonomy":"pwb-brand","embeddable":true,"href":"https:\/\/www.joguinesbague.com\/es\/wp-json\/wp\/v2\/pwb-brand?post=22541"},{"taxonomy":"product_cat","embeddable":true,"href":"https:\/\/www.joguinesbague.com\/es\/wp-json\/wp\/v2\/product_cat?post=22541"},{"taxonomy":"product_tag","embeddable":true,"href":"https:\/\/www.joguinesbague.com\/es\/wp-json\/wp\/v2\/product_tag?post=22541"}],"curies":[{"name":"wp","href":"https:\/\/api.w.org\/{rel}","templated":true}]}}