{"id":22189,"date":"2024-09-30T19:16:16","date_gmt":"2024-09-30T17:16:16","guid":{"rendered":"https:\/\/www.joguinesbague.com\/sin categor\u00eda\/mi-primer-juego-de-bolos-de-la-granja\/"},"modified":"2024-09-30T19:18:27","modified_gmt":"2024-09-30T17:18:27","slug":"mi-primer-juego-de-bolos-de-la-granja","status":"publish","type":"product","link":"https:\/\/www.joguinesbague.com\/es\/primera-infancia-es\/mi-primer-juego-de-bolos-de-la-granja\/","title":{"rendered":"Mi primer juego de bolos de la granja"},"content":{"rendered":"","protected":false},"excerpt":{"rendered":"<p><span class=\"hiddenGreenError\">\u00bfQu\u00e9 tal si hacemos una partida a los bolos junto con los amigos de la granja?<br \/>Juego de bolos de peluche con las formas de los animales m\u00e1s conocidos, viene con una pelota sonajero que estimula los sentidos del beb\u00e9. Los bolos est\u00e1n hechos de punto y poli\u00e9ster, por lo tanto, se puede lavar todo a m\u00e1quina a 30\u00b0 C sin problema. Este juego de bolos blandos es ideal para beb\u00e9s a partir de 18 meses.<\/span>   <\/p>\n","protected":false},"featured_media":22084,"template":"","meta":{"_acf_changed":false},"pwb-brand":[406],"product_cat":[421,367,221],"product_tag":[],"class_list":{"0":"post-22189","1":"product","2":"type-product","3":"status-publish","4":"has-post-thumbnail","6":"pwb-brand-lilliputiens-es","7":"product_cat-1-2-anos-es","8":"product_cat-peluches-y-doudous","9":"product_cat-primera-infancia-es","11":"first","12":"outofstock","13":"shipping-taxable","14":"purchasable","15":"product-type-simple"},"acf":[],"yoast_head":"<!-- This site is optimized with the Yoast SEO plugin v27.2 - https:\/\/yoast.com\/product\/yoast-seo-wordpress\/ -->\n<title>Mi primer juego de bolos de la granja - Joguines Bagu\u00e9<\/title>\n<meta name=\"robots\" content=\"index, follow, max-snippet:-1, max-image-preview:large, max-video-preview:-1\" \/>\n<link rel=\"canonical\" href=\"https:\/\/www.joguinesbague.com\/es\/primera-infancia-es\/mi-primer-juego-de-bolos-de-la-granja\/\" \/>\n<meta property=\"og:locale\" content=\"es_ES\" \/>\n<meta property=\"og:type\" content=\"article\" \/>\n<meta property=\"og:title\" content=\"Mi primer juego de bolos de la granja - Joguines Bagu\u00e9\" \/>\n<meta property=\"og:description\" content=\"\u00bfQu\u00e9 tal si hacemos una partida a los bolos junto con los amigos de la granja?Juego de bolos de peluche con las formas de los animales m\u00e1s conocidos, viene con una pelota sonajero que estimula los sentidos del beb\u00e9. Los bolos est\u00e1n hechos de punto y poli\u00e9ster, por lo tanto, se puede lavar todo a m\u00e1quina a 30\u00b0 C sin problema. Este juego de bolos blandos es ideal para beb\u00e9s a partir de 18 meses.\" \/>\n<meta property=\"og:url\" content=\"https:\/\/www.joguinesbague.com\/es\/primera-infancia-es\/mi-primer-juego-de-bolos-de-la-granja\/\" \/>\n<meta property=\"og:site_name\" content=\"Joguines Bagu\u00e9\" \/>\n<meta property=\"article:publisher\" content=\"https:\/\/www.facebook.com\/Joguines-Bagu%c3%a9-112374270472618\" \/>\n<meta property=\"article:modified_time\" content=\"2024-09-30T17:18:27+00:00\" \/>\n<meta property=\"og:image\" content=\"https:\/\/www.joguinesbague.com\/wp-content\/uploads\/2024\/09\/73583159_bitlles_1.jpg\" \/>\n\t<meta property=\"og:image:width\" content=\"800\" \/>\n\t<meta property=\"og:image:height\" content=\"800\" \/>\n\t<meta property=\"og:image:type\" content=\"image\/jpeg\" \/>\n<meta name=\"twitter:card\" content=\"summary_large_image\" \/>\n<script type=\"application\/ld+json\" class=\"yoast-schema-graph\">{\"@context\":\"https:\/\/schema.org\",\"@graph\":[{\"@type\":[\"WebPage\",\"ItemPage\"],\"@id\":\"https:\/\/www.joguinesbague.com\/es\/primera-infancia-es\/mi-primer-juego-de-bolos-de-la-granja\/\",\"url\":\"https:\/\/www.joguinesbague.com\/es\/primera-infancia-es\/mi-primer-juego-de-bolos-de-la-granja\/\",\"name\":\"Mi primer juego de bolos de la granja - Joguines Bagu\u00e9\",\"isPartOf\":{\"@id\":\"https:\/\/www.joguinesbague.com\/es\/#website\"},\"primaryImageOfPage\":{\"@id\":\"https:\/\/www.joguinesbague.com\/es\/primera-infancia-es\/mi-primer-juego-de-bolos-de-la-granja\/#primaryimage\"},\"image\":{\"@id\":\"https:\/\/www.joguinesbague.com\/es\/primera-infancia-es\/mi-primer-juego-de-bolos-de-la-granja\/#primaryimage\"},\"thumbnailUrl\":\"https:\/\/www.joguinesbague.com\/wp-content\/uploads\/2024\/09\/73583159_bitlles_1.jpg\",\"datePublished\":\"2024-09-30T17:16:16+00:00\",\"dateModified\":\"2024-09-30T17:18:27+00:00\",\"breadcrumb\":{\"@id\":\"https:\/\/www.joguinesbague.com\/es\/primera-infancia-es\/mi-primer-juego-de-bolos-de-la-granja\/#breadcrumb\"},\"inLanguage\":\"es\",\"potentialAction\":[{\"@type\":\"ReadAction\",\"target\":[\"https:\/\/www.joguinesbague.com\/es\/primera-infancia-es\/mi-primer-juego-de-bolos-de-la-granja\/\"]}]},{\"@type\":\"ImageObject\",\"inLanguage\":\"es\",\"@id\":\"https:\/\/www.joguinesbague.com\/es\/primera-infancia-es\/mi-primer-juego-de-bolos-de-la-granja\/#primaryimage\",\"url\":\"https:\/\/www.joguinesbague.com\/wp-content\/uploads\/2024\/09\/73583159_bitlles_1.jpg\",\"contentUrl\":\"https:\/\/www.joguinesbague.com\/wp-content\/uploads\/2024\/09\/73583159_bitlles_1.jpg\",\"width\":800,\"height\":800},{\"@type\":\"BreadcrumbList\",\"@id\":\"https:\/\/www.joguinesbague.com\/es\/primera-infancia-es\/mi-primer-juego-de-bolos-de-la-granja\/#breadcrumb\",\"itemListElement\":[{\"@type\":\"ListItem\",\"position\":1,\"name\":\"Inicio\",\"item\":\"https:\/\/www.joguinesbague.com\/es\/\"},{\"@type\":\"ListItem\",\"position\":2,\"name\":\"Juguetes\",\"item\":\"https:\/\/www.joguinesbague.com\/joguines\/\"},{\"@type\":\"ListItem\",\"position\":3,\"name\":\"Primera infancia\",\"item\":\"https:\/\/www.joguinesbague.com\/es\/primera-infancia-es\/\"},{\"@type\":\"ListItem\",\"position\":4,\"name\":\"Mi primer juego de bolos de la granja\"}]},{\"@type\":\"WebSite\",\"@id\":\"https:\/\/www.joguinesbague.com\/es\/#website\",\"url\":\"https:\/\/www.joguinesbague.com\/es\/\",\"name\":\"Joguines Bagu\u00e9\",\"description\":\"Tienda de juguetes en la Bisbal d'Empord\u00e0\",\"publisher\":{\"@id\":\"https:\/\/www.joguinesbague.com\/es\/#organization\"},\"potentialAction\":[{\"@type\":\"SearchAction\",\"target\":{\"@type\":\"EntryPoint\",\"urlTemplate\":\"https:\/\/www.joguinesbague.com\/es\/?s={search_term_string}\"},\"query-input\":{\"@type\":\"PropertyValueSpecification\",\"valueRequired\":true,\"valueName\":\"search_term_string\"}}],\"inLanguage\":\"es\"},{\"@type\":\"Organization\",\"@id\":\"https:\/\/www.joguinesbague.com\/es\/#organization\",\"name\":\"Joguines Bagu\u00e9\",\"url\":\"https:\/\/www.joguinesbague.com\/es\/\",\"logo\":{\"@type\":\"ImageObject\",\"inLanguage\":\"es\",\"@id\":\"https:\/\/www.joguinesbague.com\/es\/#\/schema\/logo\/image\/\",\"url\":\"https:\/\/www.joguinesbague.com\/wp-content\/uploads\/2020\/09\/AF-logotip-bague-02-e1599126400733.png\",\"contentUrl\":\"https:\/\/www.joguinesbague.com\/wp-content\/uploads\/2020\/09\/AF-logotip-bague-02-e1599126400733.png\",\"width\":1024,\"height\":419,\"caption\":\"Joguines Bagu\u00e9\"},\"image\":{\"@id\":\"https:\/\/www.joguinesbague.com\/es\/#\/schema\/logo\/image\/\"},\"sameAs\":[\"https:\/\/www.facebook.com\/Joguines-Bagu\u00e9-112374270472618\",\"https:\/\/www.instagram.com\/joguinesbague\"]}]}<\/script>\n<!-- \/ Yoast SEO plugin. -->","yoast_head_json":{"title":"Mi primer juego de bolos de la granja - Joguines Bagu\u00e9","robots":{"index":"index","follow":"follow","max-snippet":"max-snippet:-1","max-image-preview":"max-image-preview:large","max-video-preview":"max-video-preview:-1"},"canonical":"https:\/\/www.joguinesbague.com\/es\/primera-infancia-es\/mi-primer-juego-de-bolos-de-la-granja\/","og_locale":"es_ES","og_type":"article","og_title":"Mi primer juego de bolos de la granja - Joguines Bagu\u00e9","og_description":"\u00bfQu\u00e9 tal si hacemos una partida a los bolos junto con los amigos de la granja?Juego de bolos de peluche con las formas de los animales m\u00e1s conocidos, viene con una pelota sonajero que estimula los sentidos del beb\u00e9. Los bolos est\u00e1n hechos de punto y poli\u00e9ster, por lo tanto, se puede lavar todo a m\u00e1quina a 30\u00b0 C sin problema. Este juego de bolos blandos es ideal para beb\u00e9s a partir de 18 meses.","og_url":"https:\/\/www.joguinesbague.com\/es\/primera-infancia-es\/mi-primer-juego-de-bolos-de-la-granja\/","og_site_name":"Joguines Bagu\u00e9","article_publisher":"https:\/\/www.facebook.com\/Joguines-Bagu%c3%a9-112374270472618","article_modified_time":"2024-09-30T17:18:27+00:00","og_image":[{"width":800,"height":800,"url":"https:\/\/www.joguinesbague.com\/wp-content\/uploads\/2024\/09\/73583159_bitlles_1.jpg","type":"image\/jpeg"}],"twitter_card":"summary_large_image","schema":{"@context":"https:\/\/schema.org","@graph":[{"@type":["WebPage","ItemPage"],"@id":"https:\/\/www.joguinesbague.com\/es\/primera-infancia-es\/mi-primer-juego-de-bolos-de-la-granja\/","url":"https:\/\/www.joguinesbague.com\/es\/primera-infancia-es\/mi-primer-juego-de-bolos-de-la-granja\/","name":"Mi primer juego de bolos de la granja - Joguines Bagu\u00e9","isPartOf":{"@id":"https:\/\/www.joguinesbague.com\/es\/#website"},"primaryImageOfPage":{"@id":"https:\/\/www.joguinesbague.com\/es\/primera-infancia-es\/mi-primer-juego-de-bolos-de-la-granja\/#primaryimage"},"image":{"@id":"https:\/\/www.joguinesbague.com\/es\/primera-infancia-es\/mi-primer-juego-de-bolos-de-la-granja\/#primaryimage"},"thumbnailUrl":"https:\/\/www.joguinesbague.com\/wp-content\/uploads\/2024\/09\/73583159_bitlles_1.jpg","datePublished":"2024-09-30T17:16:16+00:00","dateModified":"2024-09-30T17:18:27+00:00","breadcrumb":{"@id":"https:\/\/www.joguinesbague.com\/es\/primera-infancia-es\/mi-primer-juego-de-bolos-de-la-granja\/#breadcrumb"},"inLanguage":"es","potentialAction":[{"@type":"ReadAction","target":["https:\/\/www.joguinesbague.com\/es\/primera-infancia-es\/mi-primer-juego-de-bolos-de-la-granja\/"]}]},{"@type":"ImageObject","inLanguage":"es","@id":"https:\/\/www.joguinesbague.com\/es\/primera-infancia-es\/mi-primer-juego-de-bolos-de-la-granja\/#primaryimage","url":"https:\/\/www.joguinesbague.com\/wp-content\/uploads\/2024\/09\/73583159_bitlles_1.jpg","contentUrl":"https:\/\/www.joguinesbague.com\/wp-content\/uploads\/2024\/09\/73583159_bitlles_1.jpg","width":800,"height":800},{"@type":"BreadcrumbList","@id":"https:\/\/www.joguinesbague.com\/es\/primera-infancia-es\/mi-primer-juego-de-bolos-de-la-granja\/#breadcrumb","itemListElement":[{"@type":"ListItem","position":1,"name":"Inicio","item":"https:\/\/www.joguinesbague.com\/es\/"},{"@type":"ListItem","position":2,"name":"Juguetes","item":"https:\/\/www.joguinesbague.com\/joguines\/"},{"@type":"ListItem","position":3,"name":"Primera infancia","item":"https:\/\/www.joguinesbague.com\/es\/primera-infancia-es\/"},{"@type":"ListItem","position":4,"name":"Mi primer juego de bolos de la granja"}]},{"@type":"WebSite","@id":"https:\/\/www.joguinesbague.com\/es\/#website","url":"https:\/\/www.joguinesbague.com\/es\/","name":"Joguines Bagu\u00e9","description":"Tienda de juguetes en la Bisbal d'Empord\u00e0","publisher":{"@id":"https:\/\/www.joguinesbague.com\/es\/#organization"},"potentialAction":[{"@type":"SearchAction","target":{"@type":"EntryPoint","urlTemplate":"https:\/\/www.joguinesbague.com\/es\/?s={search_term_string}"},"query-input":{"@type":"PropertyValueSpecification","valueRequired":true,"valueName":"search_term_string"}}],"inLanguage":"es"},{"@type":"Organization","@id":"https:\/\/www.joguinesbague.com\/es\/#organization","name":"Joguines Bagu\u00e9","url":"https:\/\/www.joguinesbague.com\/es\/","logo":{"@type":"ImageObject","inLanguage":"es","@id":"https:\/\/www.joguinesbague.com\/es\/#\/schema\/logo\/image\/","url":"https:\/\/www.joguinesbague.com\/wp-content\/uploads\/2020\/09\/AF-logotip-bague-02-e1599126400733.png","contentUrl":"https:\/\/www.joguinesbague.com\/wp-content\/uploads\/2020\/09\/AF-logotip-bague-02-e1599126400733.png","width":1024,"height":419,"caption":"Joguines Bagu\u00e9"},"image":{"@id":"https:\/\/www.joguinesbague.com\/es\/#\/schema\/logo\/image\/"},"sameAs":["https:\/\/www.facebook.com\/Joguines-Bagu\u00e9-112374270472618","https:\/\/www.instagram.com\/joguinesbague"]}]}},"brands":[{"id":406,"name":"Lilliputiens","slug":"lilliputiens-es"}],"_links":{"self":[{"href":"https:\/\/www.joguinesbague.com\/es\/wp-json\/wp\/v2\/product\/22189","targetHints":{"allow":["GET"]}}],"collection":[{"href":"https:\/\/www.joguinesbague.com\/es\/wp-json\/wp\/v2\/product"}],"about":[{"href":"https:\/\/www.joguinesbague.com\/es\/wp-json\/wp\/v2\/types\/product"}],"wp:featuredmedia":[{"embeddable":true,"href":"https:\/\/www.joguinesbague.com\/es\/wp-json\/wp\/v2\/media\/22084"}],"wp:attachment":[{"href":"https:\/\/www.joguinesbague.com\/es\/wp-json\/wp\/v2\/media?parent=22189"}],"wp:term":[{"taxonomy":"pwb-brand","embeddable":true,"href":"https:\/\/www.joguinesbague.com\/es\/wp-json\/wp\/v2\/pwb-brand?post=22189"},{"taxonomy":"product_cat","embeddable":true,"href":"https:\/\/www.joguinesbague.com\/es\/wp-json\/wp\/v2\/product_cat?post=22189"},{"taxonomy":"product_tag","embeddable":true,"href":"https:\/\/www.joguinesbague.com\/es\/wp-json\/wp\/v2\/product_tag?post=22189"}],"curies":[{"name":"wp","href":"https:\/\/api.w.org\/{rel}","templated":true}]}}