{"id":22010,"date":"2024-09-25T09:23:50","date_gmt":"2024-09-25T07:23:50","guid":{"rendered":"https:\/\/www.joguinesbague.com\/sin categor\u00eda\/kraken-ship-piratix\/"},"modified":"2024-09-25T09:25:19","modified_gmt":"2024-09-25T07:25:19","slug":"kraken-ship-piratix","status":"publish","type":"product","link":"https:\/\/www.joguinesbague.com\/es\/juguetes-de-accion\/kraken-ship-piratix\/","title":{"rendered":"Kraken Ship Piratix"},"content":{"rendered":"","protected":false},"excerpt":{"rendered":"<p>Cuenta la leyenda, que uno de los tesoros legendarios Piratix fue arrastrado por la marea hasta un barco pirata hundido donde viv\u00eda un pulpo. Los poderes del tesoro lo convirtieron en un gigantesco Kraken que ahora controla el viejo barco. La impresionante bestia y su tripulaci\u00f3n son ahora los guardianes de este tesoro, convirtiendo a la embarcaci\u00f3n en la m\u00e1s temida de todo Shark Island. <br \/>\u00a1En el barco del Kraken podr\u00e1s vivir mil aventuras! Utiliza el tesoro para apuntar y disparar el ca\u00f1\u00f3n, abrir la prisi\u00f3n para liberar los Piratix atrapados y \u201cdespertar\u201d al Kraken, que aparecer\u00e1 en la parte posterior lanzando por los aires todo el tesoro que haya dentro de su boca.    <\/p>\n","protected":false},"featured_media":21994,"template":"","meta":{"_acf_changed":false},"pwb-brand":[194],"product_cat":[417,155],"product_tag":[],"class_list":{"0":"post-22010","1":"product","2":"type-product","3":"status-publish","4":"has-post-thumbnail","6":"pwb-brand-magicbox-es","7":"product_cat-3-4-anos","8":"product_cat-juguetes-de-accion","10":"first","11":"instock","12":"shipping-taxable","13":"purchasable","14":"product-type-simple"},"acf":[],"yoast_head":"<!-- This site is optimized with the Yoast SEO plugin v27.2 - https:\/\/yoast.com\/product\/yoast-seo-wordpress\/ -->\n<title>Kraken Ship Piratix - Joguines Bagu\u00e9<\/title>\n<meta name=\"robots\" content=\"index, follow, max-snippet:-1, max-image-preview:large, max-video-preview:-1\" \/>\n<link rel=\"canonical\" href=\"https:\/\/www.joguinesbague.com\/es\/juguetes-de-accion\/kraken-ship-piratix\/\" \/>\n<meta property=\"og:locale\" content=\"es_ES\" \/>\n<meta property=\"og:type\" content=\"article\" \/>\n<meta property=\"og:title\" content=\"Kraken Ship Piratix - Joguines Bagu\u00e9\" \/>\n<meta property=\"og:description\" content=\"Cuenta la leyenda, que uno de los tesoros legendarios Piratix fue arrastrado por la marea hasta un barco pirata hundido donde viv\u00eda un pulpo. Los poderes del tesoro lo convirtieron en un gigantesco Kraken que ahora controla el viejo barco. La impresionante bestia y su tripulaci\u00f3n son ahora los guardianes de este tesoro, convirtiendo a la embarcaci\u00f3n en la m\u00e1s temida de todo Shark Island. \u00a1En el barco del Kraken podr\u00e1s vivir mil aventuras! Utiliza el tesoro para apuntar y disparar el ca\u00f1\u00f3n, abrir la prisi\u00f3n para liberar los Piratix atrapados y \u201cdespertar\u201d al Kraken, que aparecer\u00e1 en la parte posterior lanzando por los aires todo el tesoro que haya dentro de su boca.\" \/>\n<meta property=\"og:url\" content=\"https:\/\/www.joguinesbague.com\/es\/juguetes-de-accion\/kraken-ship-piratix\/\" \/>\n<meta property=\"og:site_name\" content=\"Joguines Bagu\u00e9\" \/>\n<meta property=\"article:publisher\" content=\"https:\/\/www.facebook.com\/Joguines-Bagu%c3%a9-112374270472618\" \/>\n<meta property=\"article:modified_time\" content=\"2024-09-25T07:25:19+00:00\" \/>\n<meta property=\"og:image\" content=\"https:\/\/www.joguinesbague.com\/wp-content\/uploads\/2024\/09\/49603608_kraken_3.jpg\" \/>\n\t<meta property=\"og:image:width\" content=\"800\" \/>\n\t<meta property=\"og:image:height\" content=\"800\" \/>\n\t<meta property=\"og:image:type\" content=\"image\/jpeg\" \/>\n<meta name=\"twitter:card\" content=\"summary_large_image\" \/>\n<script type=\"application\/ld+json\" class=\"yoast-schema-graph\">{\"@context\":\"https:\/\/schema.org\",\"@graph\":[{\"@type\":[\"WebPage\",\"ItemPage\"],\"@id\":\"https:\/\/www.joguinesbague.com\/es\/juguetes-de-accion\/kraken-ship-piratix\/\",\"url\":\"https:\/\/www.joguinesbague.com\/es\/juguetes-de-accion\/kraken-ship-piratix\/\",\"name\":\"Kraken Ship Piratix - Joguines Bagu\u00e9\",\"isPartOf\":{\"@id\":\"https:\/\/www.joguinesbague.com\/es\/#website\"},\"primaryImageOfPage\":{\"@id\":\"https:\/\/www.joguinesbague.com\/es\/juguetes-de-accion\/kraken-ship-piratix\/#primaryimage\"},\"image\":{\"@id\":\"https:\/\/www.joguinesbague.com\/es\/juguetes-de-accion\/kraken-ship-piratix\/#primaryimage\"},\"thumbnailUrl\":\"https:\/\/www.joguinesbague.com\/wp-content\/uploads\/2024\/09\/49603608_kraken_3.jpg\",\"datePublished\":\"2024-09-25T07:23:50+00:00\",\"dateModified\":\"2024-09-25T07:25:19+00:00\",\"breadcrumb\":{\"@id\":\"https:\/\/www.joguinesbague.com\/es\/juguetes-de-accion\/kraken-ship-piratix\/#breadcrumb\"},\"inLanguage\":\"es\",\"potentialAction\":[{\"@type\":\"ReadAction\",\"target\":[\"https:\/\/www.joguinesbague.com\/es\/juguetes-de-accion\/kraken-ship-piratix\/\"]}]},{\"@type\":\"ImageObject\",\"inLanguage\":\"es\",\"@id\":\"https:\/\/www.joguinesbague.com\/es\/juguetes-de-accion\/kraken-ship-piratix\/#primaryimage\",\"url\":\"https:\/\/www.joguinesbague.com\/wp-content\/uploads\/2024\/09\/49603608_kraken_3.jpg\",\"contentUrl\":\"https:\/\/www.joguinesbague.com\/wp-content\/uploads\/2024\/09\/49603608_kraken_3.jpg\",\"width\":800,\"height\":800},{\"@type\":\"BreadcrumbList\",\"@id\":\"https:\/\/www.joguinesbague.com\/es\/juguetes-de-accion\/kraken-ship-piratix\/#breadcrumb\",\"itemListElement\":[{\"@type\":\"ListItem\",\"position\":1,\"name\":\"Inicio\",\"item\":\"https:\/\/www.joguinesbague.com\/es\/\"},{\"@type\":\"ListItem\",\"position\":2,\"name\":\"Juguetes\",\"item\":\"https:\/\/www.joguinesbague.com\/joguines\/\"},{\"@type\":\"ListItem\",\"position\":3,\"name\":\"Juguetes de acci\u00f3n\",\"item\":\"https:\/\/www.joguinesbague.com\/es\/juguetes-de-accion\/\"},{\"@type\":\"ListItem\",\"position\":4,\"name\":\"Kraken Ship Piratix\"}]},{\"@type\":\"WebSite\",\"@id\":\"https:\/\/www.joguinesbague.com\/es\/#website\",\"url\":\"https:\/\/www.joguinesbague.com\/es\/\",\"name\":\"Joguines Bagu\u00e9\",\"description\":\"Tienda de juguetes en la Bisbal d'Empord\u00e0\",\"publisher\":{\"@id\":\"https:\/\/www.joguinesbague.com\/es\/#organization\"},\"potentialAction\":[{\"@type\":\"SearchAction\",\"target\":{\"@type\":\"EntryPoint\",\"urlTemplate\":\"https:\/\/www.joguinesbague.com\/es\/?s={search_term_string}\"},\"query-input\":{\"@type\":\"PropertyValueSpecification\",\"valueRequired\":true,\"valueName\":\"search_term_string\"}}],\"inLanguage\":\"es\"},{\"@type\":\"Organization\",\"@id\":\"https:\/\/www.joguinesbague.com\/es\/#organization\",\"name\":\"Joguines Bagu\u00e9\",\"url\":\"https:\/\/www.joguinesbague.com\/es\/\",\"logo\":{\"@type\":\"ImageObject\",\"inLanguage\":\"es\",\"@id\":\"https:\/\/www.joguinesbague.com\/es\/#\/schema\/logo\/image\/\",\"url\":\"https:\/\/www.joguinesbague.com\/wp-content\/uploads\/2020\/09\/AF-logotip-bague-02-e1599126400733.png\",\"contentUrl\":\"https:\/\/www.joguinesbague.com\/wp-content\/uploads\/2020\/09\/AF-logotip-bague-02-e1599126400733.png\",\"width\":1024,\"height\":419,\"caption\":\"Joguines Bagu\u00e9\"},\"image\":{\"@id\":\"https:\/\/www.joguinesbague.com\/es\/#\/schema\/logo\/image\/\"},\"sameAs\":[\"https:\/\/www.facebook.com\/Joguines-Bagu\u00e9-112374270472618\",\"https:\/\/www.instagram.com\/joguinesbague\"]}]}<\/script>\n<!-- \/ Yoast SEO plugin. -->","yoast_head_json":{"title":"Kraken Ship Piratix - Joguines Bagu\u00e9","robots":{"index":"index","follow":"follow","max-snippet":"max-snippet:-1","max-image-preview":"max-image-preview:large","max-video-preview":"max-video-preview:-1"},"canonical":"https:\/\/www.joguinesbague.com\/es\/juguetes-de-accion\/kraken-ship-piratix\/","og_locale":"es_ES","og_type":"article","og_title":"Kraken Ship Piratix - Joguines Bagu\u00e9","og_description":"Cuenta la leyenda, que uno de los tesoros legendarios Piratix fue arrastrado por la marea hasta un barco pirata hundido donde viv\u00eda un pulpo. Los poderes del tesoro lo convirtieron en un gigantesco Kraken que ahora controla el viejo barco. La impresionante bestia y su tripulaci\u00f3n son ahora los guardianes de este tesoro, convirtiendo a la embarcaci\u00f3n en la m\u00e1s temida de todo Shark Island. \u00a1En el barco del Kraken podr\u00e1s vivir mil aventuras! Utiliza el tesoro para apuntar y disparar el ca\u00f1\u00f3n, abrir la prisi\u00f3n para liberar los Piratix atrapados y \u201cdespertar\u201d al Kraken, que aparecer\u00e1 en la parte posterior lanzando por los aires todo el tesoro que haya dentro de su boca.","og_url":"https:\/\/www.joguinesbague.com\/es\/juguetes-de-accion\/kraken-ship-piratix\/","og_site_name":"Joguines Bagu\u00e9","article_publisher":"https:\/\/www.facebook.com\/Joguines-Bagu%c3%a9-112374270472618","article_modified_time":"2024-09-25T07:25:19+00:00","og_image":[{"width":800,"height":800,"url":"https:\/\/www.joguinesbague.com\/wp-content\/uploads\/2024\/09\/49603608_kraken_3.jpg","type":"image\/jpeg"}],"twitter_card":"summary_large_image","schema":{"@context":"https:\/\/schema.org","@graph":[{"@type":["WebPage","ItemPage"],"@id":"https:\/\/www.joguinesbague.com\/es\/juguetes-de-accion\/kraken-ship-piratix\/","url":"https:\/\/www.joguinesbague.com\/es\/juguetes-de-accion\/kraken-ship-piratix\/","name":"Kraken Ship Piratix - Joguines Bagu\u00e9","isPartOf":{"@id":"https:\/\/www.joguinesbague.com\/es\/#website"},"primaryImageOfPage":{"@id":"https:\/\/www.joguinesbague.com\/es\/juguetes-de-accion\/kraken-ship-piratix\/#primaryimage"},"image":{"@id":"https:\/\/www.joguinesbague.com\/es\/juguetes-de-accion\/kraken-ship-piratix\/#primaryimage"},"thumbnailUrl":"https:\/\/www.joguinesbague.com\/wp-content\/uploads\/2024\/09\/49603608_kraken_3.jpg","datePublished":"2024-09-25T07:23:50+00:00","dateModified":"2024-09-25T07:25:19+00:00","breadcrumb":{"@id":"https:\/\/www.joguinesbague.com\/es\/juguetes-de-accion\/kraken-ship-piratix\/#breadcrumb"},"inLanguage":"es","potentialAction":[{"@type":"ReadAction","target":["https:\/\/www.joguinesbague.com\/es\/juguetes-de-accion\/kraken-ship-piratix\/"]}]},{"@type":"ImageObject","inLanguage":"es","@id":"https:\/\/www.joguinesbague.com\/es\/juguetes-de-accion\/kraken-ship-piratix\/#primaryimage","url":"https:\/\/www.joguinesbague.com\/wp-content\/uploads\/2024\/09\/49603608_kraken_3.jpg","contentUrl":"https:\/\/www.joguinesbague.com\/wp-content\/uploads\/2024\/09\/49603608_kraken_3.jpg","width":800,"height":800},{"@type":"BreadcrumbList","@id":"https:\/\/www.joguinesbague.com\/es\/juguetes-de-accion\/kraken-ship-piratix\/#breadcrumb","itemListElement":[{"@type":"ListItem","position":1,"name":"Inicio","item":"https:\/\/www.joguinesbague.com\/es\/"},{"@type":"ListItem","position":2,"name":"Juguetes","item":"https:\/\/www.joguinesbague.com\/joguines\/"},{"@type":"ListItem","position":3,"name":"Juguetes de acci\u00f3n","item":"https:\/\/www.joguinesbague.com\/es\/juguetes-de-accion\/"},{"@type":"ListItem","position":4,"name":"Kraken Ship Piratix"}]},{"@type":"WebSite","@id":"https:\/\/www.joguinesbague.com\/es\/#website","url":"https:\/\/www.joguinesbague.com\/es\/","name":"Joguines Bagu\u00e9","description":"Tienda de juguetes en la Bisbal d'Empord\u00e0","publisher":{"@id":"https:\/\/www.joguinesbague.com\/es\/#organization"},"potentialAction":[{"@type":"SearchAction","target":{"@type":"EntryPoint","urlTemplate":"https:\/\/www.joguinesbague.com\/es\/?s={search_term_string}"},"query-input":{"@type":"PropertyValueSpecification","valueRequired":true,"valueName":"search_term_string"}}],"inLanguage":"es"},{"@type":"Organization","@id":"https:\/\/www.joguinesbague.com\/es\/#organization","name":"Joguines Bagu\u00e9","url":"https:\/\/www.joguinesbague.com\/es\/","logo":{"@type":"ImageObject","inLanguage":"es","@id":"https:\/\/www.joguinesbague.com\/es\/#\/schema\/logo\/image\/","url":"https:\/\/www.joguinesbague.com\/wp-content\/uploads\/2020\/09\/AF-logotip-bague-02-e1599126400733.png","contentUrl":"https:\/\/www.joguinesbague.com\/wp-content\/uploads\/2020\/09\/AF-logotip-bague-02-e1599126400733.png","width":1024,"height":419,"caption":"Joguines Bagu\u00e9"},"image":{"@id":"https:\/\/www.joguinesbague.com\/es\/#\/schema\/logo\/image\/"},"sameAs":["https:\/\/www.facebook.com\/Joguines-Bagu\u00e9-112374270472618","https:\/\/www.instagram.com\/joguinesbague"]}]}},"brands":[{"id":194,"name":"MagicBox","slug":"magicbox-es"}],"_links":{"self":[{"href":"https:\/\/www.joguinesbague.com\/es\/wp-json\/wp\/v2\/product\/22010","targetHints":{"allow":["GET"]}}],"collection":[{"href":"https:\/\/www.joguinesbague.com\/es\/wp-json\/wp\/v2\/product"}],"about":[{"href":"https:\/\/www.joguinesbague.com\/es\/wp-json\/wp\/v2\/types\/product"}],"wp:featuredmedia":[{"embeddable":true,"href":"https:\/\/www.joguinesbague.com\/es\/wp-json\/wp\/v2\/media\/21994"}],"wp:attachment":[{"href":"https:\/\/www.joguinesbague.com\/es\/wp-json\/wp\/v2\/media?parent=22010"}],"wp:term":[{"taxonomy":"pwb-brand","embeddable":true,"href":"https:\/\/www.joguinesbague.com\/es\/wp-json\/wp\/v2\/pwb-brand?post=22010"},{"taxonomy":"product_cat","embeddable":true,"href":"https:\/\/www.joguinesbague.com\/es\/wp-json\/wp\/v2\/product_cat?post=22010"},{"taxonomy":"product_tag","embeddable":true,"href":"https:\/\/www.joguinesbague.com\/es\/wp-json\/wp\/v2\/product_tag?post=22010"}],"curies":[{"name":"wp","href":"https:\/\/api.w.org\/{rel}","templated":true}]}}