{"id":21521,"date":"2024-09-20T18:37:33","date_gmt":"2024-09-20T16:50:08","guid":{"rendered":"https:\/\/www.joguinesbague.com\/sin categor\u00eda\/junior-torre-aventura-con-heladeria-71703\/"},"modified":"2024-09-20T18:50:08","modified_gmt":"2024-09-20T16:50:08","slug":"junior-torre-aventura-con-heladeria-71703","status":"publish","type":"product","link":"https:\/\/www.joguinesbague.com\/es\/playmobil-girona\/junior-torre-aventura-con-heladeria-71703\/","title":{"rendered":"JUNIOR: Torre Aventura con Helader\u00eda 71703"},"content":{"rendered":"","protected":false},"excerpt":{"rendered":"<p>\u00a1Diversi\u00f3n en el parque infantil de aventura!<br \/>El abuelo y su alegre perro acompa\u00f1an a los ni\u00f1os al parque. Aqu\u00ed hay actividades para todos los gustos, trepar, deslizarse, montar en la noria y tomar helados. \u00bfQui\u00e9n ser\u00e1 el primero en subir al parque infantil de aventuras? Con la manivela podr\u00e1s impulsar la noria para que los personajes den vueltas sin parar. Jugar da hambre, \u00bfde qu\u00e9 color elegir\u00e1s el helado?<br \/>El Playmobil JUNIOR est\u00e1 especialmente dise\u00f1ado para ni\u00f1os y ni\u00f1as de 1 a 4 a\u00f1os, robusto y longevo los peque\u00f1os podr\u00e1n jugar y descubrir sin ning\u00fan tipo de peligro.       <\/p>\n","protected":false},"featured_media":21501,"template":"","meta":{"_acf_changed":false},"pwb-brand":[163],"product_cat":[421,148,262],"product_tag":[],"class_list":{"0":"post-21521","1":"product","2":"type-product","3":"status-publish","4":"has-post-thumbnail","6":"pwb-brand-playmobil-es","7":"product_cat-1-2-anos-es","8":"product_cat-playmobil-girona","9":"product_cat-playmobil-1-2-3","11":"first","12":"outofstock","13":"shipping-taxable","14":"purchasable","15":"product-type-simple"},"acf":[],"yoast_head":"<!-- This site is optimized with the Yoast SEO plugin v27.2 - https:\/\/yoast.com\/product\/yoast-seo-wordpress\/ -->\n<title>JUNIOR: Torre Aventura con Helader\u00eda 71703 - Joguines Bagu\u00e9<\/title>\n<meta name=\"robots\" content=\"index, follow, max-snippet:-1, max-image-preview:large, max-video-preview:-1\" \/>\n<link rel=\"canonical\" href=\"https:\/\/www.joguinesbague.com\/es\/playmobil-girona\/junior-torre-aventura-con-heladeria-71703\/\" \/>\n<meta property=\"og:locale\" content=\"es_ES\" \/>\n<meta property=\"og:type\" content=\"article\" \/>\n<meta property=\"og:title\" content=\"JUNIOR: Torre Aventura con Helader\u00eda 71703 - Joguines Bagu\u00e9\" \/>\n<meta property=\"og:description\" content=\"\u00a1Diversi\u00f3n en el parque infantil de aventura!El abuelo y su alegre perro acompa\u00f1an a los ni\u00f1os al parque. Aqu\u00ed hay actividades para todos los gustos, trepar, deslizarse, montar en la noria y tomar helados. \u00bfQui\u00e9n ser\u00e1 el primero en subir al parque infantil de aventuras? Con la manivela podr\u00e1s impulsar la noria para que los personajes den vueltas sin parar. Jugar da hambre, \u00bfde qu\u00e9 color elegir\u00e1s el helado?El Playmobil JUNIOR est\u00e1 especialmente dise\u00f1ado para ni\u00f1os y ni\u00f1as de 1 a 4 a\u00f1os, robusto y longevo los peque\u00f1os podr\u00e1n jugar y descubrir sin ning\u00fan tipo de peligro.\" \/>\n<meta property=\"og:url\" content=\"https:\/\/www.joguinesbague.com\/es\/playmobil-girona\/junior-torre-aventura-con-heladeria-71703\/\" \/>\n<meta property=\"og:site_name\" content=\"Joguines Bagu\u00e9\" \/>\n<meta property=\"article:publisher\" content=\"https:\/\/www.facebook.com\/Joguines-Bagu%c3%a9-112374270472618\" \/>\n<meta property=\"og:image\" content=\"https:\/\/www.joguinesbague.com\/wp-content\/uploads\/2024\/09\/30071703_helado_5.jpg\" \/>\n\t<meta property=\"og:image:width\" content=\"800\" \/>\n\t<meta property=\"og:image:height\" content=\"800\" \/>\n\t<meta property=\"og:image:type\" content=\"image\/jpeg\" \/>\n<meta name=\"twitter:card\" content=\"summary_large_image\" \/>\n<script type=\"application\/ld+json\" class=\"yoast-schema-graph\">{\"@context\":\"https:\/\/schema.org\",\"@graph\":[{\"@type\":[\"WebPage\",\"ItemPage\"],\"@id\":\"https:\/\/www.joguinesbague.com\/es\/playmobil-girona\/junior-torre-aventura-con-heladeria-71703\/\",\"url\":\"https:\/\/www.joguinesbague.com\/es\/playmobil-girona\/junior-torre-aventura-con-heladeria-71703\/\",\"name\":\"JUNIOR: Torre Aventura con Helader\u00eda 71703 - Joguines Bagu\u00e9\",\"isPartOf\":{\"@id\":\"https:\/\/www.joguinesbague.com\/es\/#website\"},\"primaryImageOfPage\":{\"@id\":\"https:\/\/www.joguinesbague.com\/es\/playmobil-girona\/junior-torre-aventura-con-heladeria-71703\/#primaryimage\"},\"image\":{\"@id\":\"https:\/\/www.joguinesbague.com\/es\/playmobil-girona\/junior-torre-aventura-con-heladeria-71703\/#primaryimage\"},\"thumbnailUrl\":\"https:\/\/www.joguinesbague.com\/wp-content\/uploads\/2024\/09\/30071703_helado_5.jpg\",\"datePublished\":\"2024-09-20T16:50:08+00:00\",\"breadcrumb\":{\"@id\":\"https:\/\/www.joguinesbague.com\/es\/playmobil-girona\/junior-torre-aventura-con-heladeria-71703\/#breadcrumb\"},\"inLanguage\":\"es\",\"potentialAction\":[{\"@type\":\"ReadAction\",\"target\":[\"https:\/\/www.joguinesbague.com\/es\/playmobil-girona\/junior-torre-aventura-con-heladeria-71703\/\"]}]},{\"@type\":\"ImageObject\",\"inLanguage\":\"es\",\"@id\":\"https:\/\/www.joguinesbague.com\/es\/playmobil-girona\/junior-torre-aventura-con-heladeria-71703\/#primaryimage\",\"url\":\"https:\/\/www.joguinesbague.com\/wp-content\/uploads\/2024\/09\/30071703_helado_5.jpg\",\"contentUrl\":\"https:\/\/www.joguinesbague.com\/wp-content\/uploads\/2024\/09\/30071703_helado_5.jpg\",\"width\":800,\"height\":800},{\"@type\":\"BreadcrumbList\",\"@id\":\"https:\/\/www.joguinesbague.com\/es\/playmobil-girona\/junior-torre-aventura-con-heladeria-71703\/#breadcrumb\",\"itemListElement\":[{\"@type\":\"ListItem\",\"position\":1,\"name\":\"Inicio\",\"item\":\"https:\/\/www.joguinesbague.com\/es\/\"},{\"@type\":\"ListItem\",\"position\":2,\"name\":\"Juguetes\",\"item\":\"https:\/\/www.joguinesbague.com\/joguines\/\"},{\"@type\":\"ListItem\",\"position\":3,\"name\":\"Playmobil\",\"item\":\"https:\/\/www.joguinesbague.com\/es\/playmobil-girona\/\"},{\"@type\":\"ListItem\",\"position\":4,\"name\":\"JUNIOR: Torre Aventura con Helader\u00eda 71703\"}]},{\"@type\":\"WebSite\",\"@id\":\"https:\/\/www.joguinesbague.com\/es\/#website\",\"url\":\"https:\/\/www.joguinesbague.com\/es\/\",\"name\":\"Joguines Bagu\u00e9\",\"description\":\"Tienda de juguetes en la Bisbal d'Empord\u00e0\",\"publisher\":{\"@id\":\"https:\/\/www.joguinesbague.com\/es\/#organization\"},\"potentialAction\":[{\"@type\":\"SearchAction\",\"target\":{\"@type\":\"EntryPoint\",\"urlTemplate\":\"https:\/\/www.joguinesbague.com\/es\/?s={search_term_string}\"},\"query-input\":{\"@type\":\"PropertyValueSpecification\",\"valueRequired\":true,\"valueName\":\"search_term_string\"}}],\"inLanguage\":\"es\"},{\"@type\":\"Organization\",\"@id\":\"https:\/\/www.joguinesbague.com\/es\/#organization\",\"name\":\"Joguines Bagu\u00e9\",\"url\":\"https:\/\/www.joguinesbague.com\/es\/\",\"logo\":{\"@type\":\"ImageObject\",\"inLanguage\":\"es\",\"@id\":\"https:\/\/www.joguinesbague.com\/es\/#\/schema\/logo\/image\/\",\"url\":\"https:\/\/www.joguinesbague.com\/wp-content\/uploads\/2020\/09\/AF-logotip-bague-02-e1599126400733.png\",\"contentUrl\":\"https:\/\/www.joguinesbague.com\/wp-content\/uploads\/2020\/09\/AF-logotip-bague-02-e1599126400733.png\",\"width\":1024,\"height\":419,\"caption\":\"Joguines Bagu\u00e9\"},\"image\":{\"@id\":\"https:\/\/www.joguinesbague.com\/es\/#\/schema\/logo\/image\/\"},\"sameAs\":[\"https:\/\/www.facebook.com\/Joguines-Bagu\u00e9-112374270472618\",\"https:\/\/www.instagram.com\/joguinesbague\"]}]}<\/script>\n<!-- \/ Yoast SEO plugin. -->","yoast_head_json":{"title":"JUNIOR: Torre Aventura con Helader\u00eda 71703 - Joguines Bagu\u00e9","robots":{"index":"index","follow":"follow","max-snippet":"max-snippet:-1","max-image-preview":"max-image-preview:large","max-video-preview":"max-video-preview:-1"},"canonical":"https:\/\/www.joguinesbague.com\/es\/playmobil-girona\/junior-torre-aventura-con-heladeria-71703\/","og_locale":"es_ES","og_type":"article","og_title":"JUNIOR: Torre Aventura con Helader\u00eda 71703 - Joguines Bagu\u00e9","og_description":"\u00a1Diversi\u00f3n en el parque infantil de aventura!El abuelo y su alegre perro acompa\u00f1an a los ni\u00f1os al parque. Aqu\u00ed hay actividades para todos los gustos, trepar, deslizarse, montar en la noria y tomar helados. \u00bfQui\u00e9n ser\u00e1 el primero en subir al parque infantil de aventuras? Con la manivela podr\u00e1s impulsar la noria para que los personajes den vueltas sin parar. Jugar da hambre, \u00bfde qu\u00e9 color elegir\u00e1s el helado?El Playmobil JUNIOR est\u00e1 especialmente dise\u00f1ado para ni\u00f1os y ni\u00f1as de 1 a 4 a\u00f1os, robusto y longevo los peque\u00f1os podr\u00e1n jugar y descubrir sin ning\u00fan tipo de peligro.","og_url":"https:\/\/www.joguinesbague.com\/es\/playmobil-girona\/junior-torre-aventura-con-heladeria-71703\/","og_site_name":"Joguines Bagu\u00e9","article_publisher":"https:\/\/www.facebook.com\/Joguines-Bagu%c3%a9-112374270472618","og_image":[{"width":800,"height":800,"url":"https:\/\/www.joguinesbague.com\/wp-content\/uploads\/2024\/09\/30071703_helado_5.jpg","type":"image\/jpeg"}],"twitter_card":"summary_large_image","schema":{"@context":"https:\/\/schema.org","@graph":[{"@type":["WebPage","ItemPage"],"@id":"https:\/\/www.joguinesbague.com\/es\/playmobil-girona\/junior-torre-aventura-con-heladeria-71703\/","url":"https:\/\/www.joguinesbague.com\/es\/playmobil-girona\/junior-torre-aventura-con-heladeria-71703\/","name":"JUNIOR: Torre Aventura con Helader\u00eda 71703 - Joguines Bagu\u00e9","isPartOf":{"@id":"https:\/\/www.joguinesbague.com\/es\/#website"},"primaryImageOfPage":{"@id":"https:\/\/www.joguinesbague.com\/es\/playmobil-girona\/junior-torre-aventura-con-heladeria-71703\/#primaryimage"},"image":{"@id":"https:\/\/www.joguinesbague.com\/es\/playmobil-girona\/junior-torre-aventura-con-heladeria-71703\/#primaryimage"},"thumbnailUrl":"https:\/\/www.joguinesbague.com\/wp-content\/uploads\/2024\/09\/30071703_helado_5.jpg","datePublished":"2024-09-20T16:50:08+00:00","breadcrumb":{"@id":"https:\/\/www.joguinesbague.com\/es\/playmobil-girona\/junior-torre-aventura-con-heladeria-71703\/#breadcrumb"},"inLanguage":"es","potentialAction":[{"@type":"ReadAction","target":["https:\/\/www.joguinesbague.com\/es\/playmobil-girona\/junior-torre-aventura-con-heladeria-71703\/"]}]},{"@type":"ImageObject","inLanguage":"es","@id":"https:\/\/www.joguinesbague.com\/es\/playmobil-girona\/junior-torre-aventura-con-heladeria-71703\/#primaryimage","url":"https:\/\/www.joguinesbague.com\/wp-content\/uploads\/2024\/09\/30071703_helado_5.jpg","contentUrl":"https:\/\/www.joguinesbague.com\/wp-content\/uploads\/2024\/09\/30071703_helado_5.jpg","width":800,"height":800},{"@type":"BreadcrumbList","@id":"https:\/\/www.joguinesbague.com\/es\/playmobil-girona\/junior-torre-aventura-con-heladeria-71703\/#breadcrumb","itemListElement":[{"@type":"ListItem","position":1,"name":"Inicio","item":"https:\/\/www.joguinesbague.com\/es\/"},{"@type":"ListItem","position":2,"name":"Juguetes","item":"https:\/\/www.joguinesbague.com\/joguines\/"},{"@type":"ListItem","position":3,"name":"Playmobil","item":"https:\/\/www.joguinesbague.com\/es\/playmobil-girona\/"},{"@type":"ListItem","position":4,"name":"JUNIOR: Torre Aventura con Helader\u00eda 71703"}]},{"@type":"WebSite","@id":"https:\/\/www.joguinesbague.com\/es\/#website","url":"https:\/\/www.joguinesbague.com\/es\/","name":"Joguines Bagu\u00e9","description":"Tienda de juguetes en la Bisbal d'Empord\u00e0","publisher":{"@id":"https:\/\/www.joguinesbague.com\/es\/#organization"},"potentialAction":[{"@type":"SearchAction","target":{"@type":"EntryPoint","urlTemplate":"https:\/\/www.joguinesbague.com\/es\/?s={search_term_string}"},"query-input":{"@type":"PropertyValueSpecification","valueRequired":true,"valueName":"search_term_string"}}],"inLanguage":"es"},{"@type":"Organization","@id":"https:\/\/www.joguinesbague.com\/es\/#organization","name":"Joguines Bagu\u00e9","url":"https:\/\/www.joguinesbague.com\/es\/","logo":{"@type":"ImageObject","inLanguage":"es","@id":"https:\/\/www.joguinesbague.com\/es\/#\/schema\/logo\/image\/","url":"https:\/\/www.joguinesbague.com\/wp-content\/uploads\/2020\/09\/AF-logotip-bague-02-e1599126400733.png","contentUrl":"https:\/\/www.joguinesbague.com\/wp-content\/uploads\/2020\/09\/AF-logotip-bague-02-e1599126400733.png","width":1024,"height":419,"caption":"Joguines Bagu\u00e9"},"image":{"@id":"https:\/\/www.joguinesbague.com\/es\/#\/schema\/logo\/image\/"},"sameAs":["https:\/\/www.facebook.com\/Joguines-Bagu\u00e9-112374270472618","https:\/\/www.instagram.com\/joguinesbague"]}]}},"brands":[{"id":163,"name":"Playmobil","slug":"playmobil-es"}],"_links":{"self":[{"href":"https:\/\/www.joguinesbague.com\/es\/wp-json\/wp\/v2\/product\/21521","targetHints":{"allow":["GET"]}}],"collection":[{"href":"https:\/\/www.joguinesbague.com\/es\/wp-json\/wp\/v2\/product"}],"about":[{"href":"https:\/\/www.joguinesbague.com\/es\/wp-json\/wp\/v2\/types\/product"}],"wp:featuredmedia":[{"embeddable":true,"href":"https:\/\/www.joguinesbague.com\/es\/wp-json\/wp\/v2\/media\/21501"}],"wp:attachment":[{"href":"https:\/\/www.joguinesbague.com\/es\/wp-json\/wp\/v2\/media?parent=21521"}],"wp:term":[{"taxonomy":"pwb-brand","embeddable":true,"href":"https:\/\/www.joguinesbague.com\/es\/wp-json\/wp\/v2\/pwb-brand?post=21521"},{"taxonomy":"product_cat","embeddable":true,"href":"https:\/\/www.joguinesbague.com\/es\/wp-json\/wp\/v2\/product_cat?post=21521"},{"taxonomy":"product_tag","embeddable":true,"href":"https:\/\/www.joguinesbague.com\/es\/wp-json\/wp\/v2\/product_tag?post=21521"}],"curies":[{"name":"wp","href":"https:\/\/api.w.org\/{rel}","templated":true}]}}