{"id":21375,"date":"2024-09-19T19:05:50","date_gmt":"2024-09-19T17:06:45","guid":{"rendered":"https:\/\/www.joguinesbague.com\/sin categor\u00eda\/coche-de-carreras-formula-1-mclaren-76919\/"},"modified":"2024-09-19T19:06:45","modified_gmt":"2024-09-19T17:06:45","slug":"coche-de-carreras-formula-1-mclaren-76919","status":"publish","type":"product","link":"https:\/\/www.joguinesbague.com\/es\/lego-speed-champions-es\/coche-de-carreras-formula-1-mclaren-76919\/","title":{"rendered":"Coche de Carreras F\u00f3rmula 1 McLaren 76919"},"content":{"rendered":"","protected":false},"excerpt":{"rendered":"<p>Fans de la F1 aqu\u00ed tiene una caja de Lego de tama\u00f1o medio que os har\u00e1 disfrutar montando un monoplaza McLaren con infinidad de detalles como los colores oficiales, las ruedas Pirelli, herramientas y tambi\u00e9n una minifigura que la podr\u00e9is poner en el asiento para que pilote este fant\u00e1stico veh\u00edculo.<\/p>\n","protected":false},"featured_media":21282,"template":"","meta":{"_acf_changed":false},"pwb-brand":[191],"product_cat":[414,380,402],"product_tag":[],"class_list":{"0":"post-21375","1":"product","2":"type-product","3":"status-publish","4":"has-post-thumbnail","6":"pwb-brand-lego-es","7":"product_cat-9-10-anos-es","8":"product_cat-lego-es","9":"product_cat-lego-speed-champions-es","11":"first","12":"instock","13":"shipping-taxable","14":"purchasable","15":"product-type-simple"},"acf":[],"yoast_head":"<!-- This site is optimized with the Yoast SEO plugin v27.2 - https:\/\/yoast.com\/product\/yoast-seo-wordpress\/ -->\n<title>Coche de Carreras F\u00f3rmula 1 McLaren 76919 - Joguines Bagu\u00e9<\/title>\n<meta name=\"robots\" content=\"index, follow, max-snippet:-1, max-image-preview:large, max-video-preview:-1\" \/>\n<link rel=\"canonical\" href=\"https:\/\/www.joguinesbague.com\/es\/lego-speed-champions-es\/coche-de-carreras-formula-1-mclaren-76919\/\" \/>\n<meta property=\"og:locale\" content=\"es_ES\" \/>\n<meta property=\"og:type\" content=\"article\" \/>\n<meta property=\"og:title\" content=\"Coche de Carreras F\u00f3rmula 1 McLaren 76919 - Joguines Bagu\u00e9\" \/>\n<meta property=\"og:description\" content=\"Fans de la F1 aqu\u00ed tiene una caja de Lego de tama\u00f1o medio que os har\u00e1 disfrutar montando un monoplaza McLaren con infinidad de detalles como los colores oficiales, las ruedas Pirelli, herramientas y tambi\u00e9n una minifigura que la podr\u00e9is poner en el asiento para que pilote este fant\u00e1stico veh\u00edculo.\" \/>\n<meta property=\"og:url\" content=\"https:\/\/www.joguinesbague.com\/es\/lego-speed-champions-es\/coche-de-carreras-formula-1-mclaren-76919\/\" \/>\n<meta property=\"og:site_name\" content=\"Joguines Bagu\u00e9\" \/>\n<meta property=\"article:publisher\" content=\"https:\/\/www.facebook.com\/Joguines-Bagu%c3%a9-112374270472618\" \/>\n<meta property=\"og:image\" content=\"https:\/\/www.joguinesbague.com\/wp-content\/uploads\/2024\/08\/22576919_maclaren_1.jpg\" \/>\n\t<meta property=\"og:image:width\" content=\"800\" \/>\n\t<meta property=\"og:image:height\" content=\"800\" \/>\n\t<meta property=\"og:image:type\" content=\"image\/jpeg\" \/>\n<meta name=\"twitter:card\" content=\"summary_large_image\" \/>\n<script type=\"application\/ld+json\" class=\"yoast-schema-graph\">{\"@context\":\"https:\/\/schema.org\",\"@graph\":[{\"@type\":[\"WebPage\",\"ItemPage\"],\"@id\":\"https:\/\/www.joguinesbague.com\/es\/lego-speed-champions-es\/coche-de-carreras-formula-1-mclaren-76919\/\",\"url\":\"https:\/\/www.joguinesbague.com\/es\/lego-speed-champions-es\/coche-de-carreras-formula-1-mclaren-76919\/\",\"name\":\"Coche de Carreras F\u00f3rmula 1 McLaren 76919 - Joguines Bagu\u00e9\",\"isPartOf\":{\"@id\":\"https:\/\/www.joguinesbague.com\/es\/#website\"},\"primaryImageOfPage\":{\"@id\":\"https:\/\/www.joguinesbague.com\/es\/lego-speed-champions-es\/coche-de-carreras-formula-1-mclaren-76919\/#primaryimage\"},\"image\":{\"@id\":\"https:\/\/www.joguinesbague.com\/es\/lego-speed-champions-es\/coche-de-carreras-formula-1-mclaren-76919\/#primaryimage\"},\"thumbnailUrl\":\"https:\/\/www.joguinesbague.com\/wp-content\/uploads\/2024\/08\/22576919_maclaren_1.jpg\",\"datePublished\":\"2024-09-19T17:06:45+00:00\",\"breadcrumb\":{\"@id\":\"https:\/\/www.joguinesbague.com\/es\/lego-speed-champions-es\/coche-de-carreras-formula-1-mclaren-76919\/#breadcrumb\"},\"inLanguage\":\"es\",\"potentialAction\":[{\"@type\":\"ReadAction\",\"target\":[\"https:\/\/www.joguinesbague.com\/es\/lego-speed-champions-es\/coche-de-carreras-formula-1-mclaren-76919\/\"]}]},{\"@type\":\"ImageObject\",\"inLanguage\":\"es\",\"@id\":\"https:\/\/www.joguinesbague.com\/es\/lego-speed-champions-es\/coche-de-carreras-formula-1-mclaren-76919\/#primaryimage\",\"url\":\"https:\/\/www.joguinesbague.com\/wp-content\/uploads\/2024\/08\/22576919_maclaren_1.jpg\",\"contentUrl\":\"https:\/\/www.joguinesbague.com\/wp-content\/uploads\/2024\/08\/22576919_maclaren_1.jpg\",\"width\":800,\"height\":800},{\"@type\":\"BreadcrumbList\",\"@id\":\"https:\/\/www.joguinesbague.com\/es\/lego-speed-champions-es\/coche-de-carreras-formula-1-mclaren-76919\/#breadcrumb\",\"itemListElement\":[{\"@type\":\"ListItem\",\"position\":1,\"name\":\"Inicio\",\"item\":\"https:\/\/www.joguinesbague.com\/es\/\"},{\"@type\":\"ListItem\",\"position\":2,\"name\":\"Juguetes\",\"item\":\"https:\/\/www.joguinesbague.com\/joguines\/\"},{\"@type\":\"ListItem\",\"position\":3,\"name\":\"Lego\",\"item\":\"https:\/\/www.joguinesbague.com\/es\/lego-es\/\"},{\"@type\":\"ListItem\",\"position\":4,\"name\":\"Lego Speed Champions\",\"item\":\"https:\/\/www.joguinesbague.com\/es\/lego-speed-champions-es\/\"},{\"@type\":\"ListItem\",\"position\":5,\"name\":\"Coche de Carreras F\u00f3rmula 1 McLaren 76919\"}]},{\"@type\":\"WebSite\",\"@id\":\"https:\/\/www.joguinesbague.com\/es\/#website\",\"url\":\"https:\/\/www.joguinesbague.com\/es\/\",\"name\":\"Joguines Bagu\u00e9\",\"description\":\"Tienda de juguetes en la Bisbal d'Empord\u00e0\",\"publisher\":{\"@id\":\"https:\/\/www.joguinesbague.com\/es\/#organization\"},\"potentialAction\":[{\"@type\":\"SearchAction\",\"target\":{\"@type\":\"EntryPoint\",\"urlTemplate\":\"https:\/\/www.joguinesbague.com\/es\/?s={search_term_string}\"},\"query-input\":{\"@type\":\"PropertyValueSpecification\",\"valueRequired\":true,\"valueName\":\"search_term_string\"}}],\"inLanguage\":\"es\"},{\"@type\":\"Organization\",\"@id\":\"https:\/\/www.joguinesbague.com\/es\/#organization\",\"name\":\"Joguines Bagu\u00e9\",\"url\":\"https:\/\/www.joguinesbague.com\/es\/\",\"logo\":{\"@type\":\"ImageObject\",\"inLanguage\":\"es\",\"@id\":\"https:\/\/www.joguinesbague.com\/es\/#\/schema\/logo\/image\/\",\"url\":\"https:\/\/www.joguinesbague.com\/wp-content\/uploads\/2020\/09\/AF-logotip-bague-02-e1599126400733.png\",\"contentUrl\":\"https:\/\/www.joguinesbague.com\/wp-content\/uploads\/2020\/09\/AF-logotip-bague-02-e1599126400733.png\",\"width\":1024,\"height\":419,\"caption\":\"Joguines Bagu\u00e9\"},\"image\":{\"@id\":\"https:\/\/www.joguinesbague.com\/es\/#\/schema\/logo\/image\/\"},\"sameAs\":[\"https:\/\/www.facebook.com\/Joguines-Bagu\u00e9-112374270472618\",\"https:\/\/www.instagram.com\/joguinesbague\"]}]}<\/script>\n<!-- \/ Yoast SEO plugin. -->","yoast_head_json":{"title":"Coche de Carreras F\u00f3rmula 1 McLaren 76919 - Joguines Bagu\u00e9","robots":{"index":"index","follow":"follow","max-snippet":"max-snippet:-1","max-image-preview":"max-image-preview:large","max-video-preview":"max-video-preview:-1"},"canonical":"https:\/\/www.joguinesbague.com\/es\/lego-speed-champions-es\/coche-de-carreras-formula-1-mclaren-76919\/","og_locale":"es_ES","og_type":"article","og_title":"Coche de Carreras F\u00f3rmula 1 McLaren 76919 - Joguines Bagu\u00e9","og_description":"Fans de la F1 aqu\u00ed tiene una caja de Lego de tama\u00f1o medio que os har\u00e1 disfrutar montando un monoplaza McLaren con infinidad de detalles como los colores oficiales, las ruedas Pirelli, herramientas y tambi\u00e9n una minifigura que la podr\u00e9is poner en el asiento para que pilote este fant\u00e1stico veh\u00edculo.","og_url":"https:\/\/www.joguinesbague.com\/es\/lego-speed-champions-es\/coche-de-carreras-formula-1-mclaren-76919\/","og_site_name":"Joguines Bagu\u00e9","article_publisher":"https:\/\/www.facebook.com\/Joguines-Bagu%c3%a9-112374270472618","og_image":[{"width":800,"height":800,"url":"https:\/\/www.joguinesbague.com\/wp-content\/uploads\/2024\/08\/22576919_maclaren_1.jpg","type":"image\/jpeg"}],"twitter_card":"summary_large_image","schema":{"@context":"https:\/\/schema.org","@graph":[{"@type":["WebPage","ItemPage"],"@id":"https:\/\/www.joguinesbague.com\/es\/lego-speed-champions-es\/coche-de-carreras-formula-1-mclaren-76919\/","url":"https:\/\/www.joguinesbague.com\/es\/lego-speed-champions-es\/coche-de-carreras-formula-1-mclaren-76919\/","name":"Coche de Carreras F\u00f3rmula 1 McLaren 76919 - Joguines Bagu\u00e9","isPartOf":{"@id":"https:\/\/www.joguinesbague.com\/es\/#website"},"primaryImageOfPage":{"@id":"https:\/\/www.joguinesbague.com\/es\/lego-speed-champions-es\/coche-de-carreras-formula-1-mclaren-76919\/#primaryimage"},"image":{"@id":"https:\/\/www.joguinesbague.com\/es\/lego-speed-champions-es\/coche-de-carreras-formula-1-mclaren-76919\/#primaryimage"},"thumbnailUrl":"https:\/\/www.joguinesbague.com\/wp-content\/uploads\/2024\/08\/22576919_maclaren_1.jpg","datePublished":"2024-09-19T17:06:45+00:00","breadcrumb":{"@id":"https:\/\/www.joguinesbague.com\/es\/lego-speed-champions-es\/coche-de-carreras-formula-1-mclaren-76919\/#breadcrumb"},"inLanguage":"es","potentialAction":[{"@type":"ReadAction","target":["https:\/\/www.joguinesbague.com\/es\/lego-speed-champions-es\/coche-de-carreras-formula-1-mclaren-76919\/"]}]},{"@type":"ImageObject","inLanguage":"es","@id":"https:\/\/www.joguinesbague.com\/es\/lego-speed-champions-es\/coche-de-carreras-formula-1-mclaren-76919\/#primaryimage","url":"https:\/\/www.joguinesbague.com\/wp-content\/uploads\/2024\/08\/22576919_maclaren_1.jpg","contentUrl":"https:\/\/www.joguinesbague.com\/wp-content\/uploads\/2024\/08\/22576919_maclaren_1.jpg","width":800,"height":800},{"@type":"BreadcrumbList","@id":"https:\/\/www.joguinesbague.com\/es\/lego-speed-champions-es\/coche-de-carreras-formula-1-mclaren-76919\/#breadcrumb","itemListElement":[{"@type":"ListItem","position":1,"name":"Inicio","item":"https:\/\/www.joguinesbague.com\/es\/"},{"@type":"ListItem","position":2,"name":"Juguetes","item":"https:\/\/www.joguinesbague.com\/joguines\/"},{"@type":"ListItem","position":3,"name":"Lego","item":"https:\/\/www.joguinesbague.com\/es\/lego-es\/"},{"@type":"ListItem","position":4,"name":"Lego Speed Champions","item":"https:\/\/www.joguinesbague.com\/es\/lego-speed-champions-es\/"},{"@type":"ListItem","position":5,"name":"Coche de Carreras F\u00f3rmula 1 McLaren 76919"}]},{"@type":"WebSite","@id":"https:\/\/www.joguinesbague.com\/es\/#website","url":"https:\/\/www.joguinesbague.com\/es\/","name":"Joguines Bagu\u00e9","description":"Tienda de juguetes en la Bisbal d'Empord\u00e0","publisher":{"@id":"https:\/\/www.joguinesbague.com\/es\/#organization"},"potentialAction":[{"@type":"SearchAction","target":{"@type":"EntryPoint","urlTemplate":"https:\/\/www.joguinesbague.com\/es\/?s={search_term_string}"},"query-input":{"@type":"PropertyValueSpecification","valueRequired":true,"valueName":"search_term_string"}}],"inLanguage":"es"},{"@type":"Organization","@id":"https:\/\/www.joguinesbague.com\/es\/#organization","name":"Joguines Bagu\u00e9","url":"https:\/\/www.joguinesbague.com\/es\/","logo":{"@type":"ImageObject","inLanguage":"es","@id":"https:\/\/www.joguinesbague.com\/es\/#\/schema\/logo\/image\/","url":"https:\/\/www.joguinesbague.com\/wp-content\/uploads\/2020\/09\/AF-logotip-bague-02-e1599126400733.png","contentUrl":"https:\/\/www.joguinesbague.com\/wp-content\/uploads\/2020\/09\/AF-logotip-bague-02-e1599126400733.png","width":1024,"height":419,"caption":"Joguines Bagu\u00e9"},"image":{"@id":"https:\/\/www.joguinesbague.com\/es\/#\/schema\/logo\/image\/"},"sameAs":["https:\/\/www.facebook.com\/Joguines-Bagu\u00e9-112374270472618","https:\/\/www.instagram.com\/joguinesbague"]}]}},"brands":[{"id":191,"name":"Lego","slug":"lego-es"}],"_links":{"self":[{"href":"https:\/\/www.joguinesbague.com\/es\/wp-json\/wp\/v2\/product\/21375","targetHints":{"allow":["GET"]}}],"collection":[{"href":"https:\/\/www.joguinesbague.com\/es\/wp-json\/wp\/v2\/product"}],"about":[{"href":"https:\/\/www.joguinesbague.com\/es\/wp-json\/wp\/v2\/types\/product"}],"wp:featuredmedia":[{"embeddable":true,"href":"https:\/\/www.joguinesbague.com\/es\/wp-json\/wp\/v2\/media\/21282"}],"wp:attachment":[{"href":"https:\/\/www.joguinesbague.com\/es\/wp-json\/wp\/v2\/media?parent=21375"}],"wp:term":[{"taxonomy":"pwb-brand","embeddable":true,"href":"https:\/\/www.joguinesbague.com\/es\/wp-json\/wp\/v2\/pwb-brand?post=21375"},{"taxonomy":"product_cat","embeddable":true,"href":"https:\/\/www.joguinesbague.com\/es\/wp-json\/wp\/v2\/product_cat?post=21375"},{"taxonomy":"product_tag","embeddable":true,"href":"https:\/\/www.joguinesbague.com\/es\/wp-json\/wp\/v2\/product_tag?post=21375"}],"curies":[{"name":"wp","href":"https:\/\/api.w.org\/{rel}","templated":true}]}}