{"id":21364,"date":"2024-09-19T08:14:23","date_gmt":"2024-09-19T06:15:32","guid":{"rendered":"https:\/\/www.joguinesbague.com\/sin categor\u00eda\/meca-ala-x-de-luke-skywalker-75390\/"},"modified":"2024-09-19T08:15:32","modified_gmt":"2024-09-19T06:15:32","slug":"meca-ala-x-de-luke-skywalker-75390","status":"publish","type":"product","link":"https:\/\/www.joguinesbague.com\/es\/lego-star-wars-es\/meca-ala-x-de-luke-skywalker-75390\/","title":{"rendered":"Meca Ala-X de Luke Skywalker 75390"},"content":{"rendered":"","protected":false},"excerpt":{"rendered":"<p>Inicia a tu hija o hijo en el universo Star Wars con este peque\u00f1o Lego de r\u00e1pido montaje donde podr\u00e1 construir el uniforme rob\u00f3tico y de lucha de uno de los personajes m\u00e1s ic\u00f3nico de la saga, Luke Skywalker.<\/p>\n","protected":false},"featured_media":21222,"template":"","meta":{"_acf_changed":false},"pwb-brand":[191],"product_cat":[418,380,403],"product_tag":[],"class_list":{"0":"post-21364","1":"product","2":"type-product","3":"status-publish","4":"has-post-thumbnail","6":"pwb-brand-lego-es","7":"product_cat-5-6-anos","8":"product_cat-lego-es","9":"product_cat-lego-star-wars-es","11":"first","12":"outofstock","13":"shipping-taxable","14":"purchasable","15":"product-type-simple"},"acf":[],"yoast_head":"<!-- This site is optimized with the Yoast SEO plugin v27.2 - https:\/\/yoast.com\/product\/yoast-seo-wordpress\/ -->\n<title>Meca Ala-X de Luke Skywalker 75390 - Joguines Bagu\u00e9<\/title>\n<meta name=\"robots\" content=\"index, follow, max-snippet:-1, max-image-preview:large, max-video-preview:-1\" \/>\n<link rel=\"canonical\" href=\"https:\/\/www.joguinesbague.com\/es\/lego-star-wars-es\/meca-ala-x-de-luke-skywalker-75390\/\" \/>\n<meta property=\"og:locale\" content=\"es_ES\" \/>\n<meta property=\"og:type\" content=\"article\" \/>\n<meta property=\"og:title\" content=\"Meca Ala-X de Luke Skywalker 75390 - Joguines Bagu\u00e9\" \/>\n<meta property=\"og:description\" content=\"Inicia a tu hija o hijo en el universo Star Wars con este peque\u00f1o Lego de r\u00e1pido montaje donde podr\u00e1 construir el uniforme rob\u00f3tico y de lucha de uno de los personajes m\u00e1s ic\u00f3nico de la saga, Luke Skywalker.\" \/>\n<meta property=\"og:url\" content=\"https:\/\/www.joguinesbague.com\/es\/lego-star-wars-es\/meca-ala-x-de-luke-skywalker-75390\/\" \/>\n<meta property=\"og:site_name\" content=\"Joguines Bagu\u00e9\" \/>\n<meta property=\"article:publisher\" content=\"https:\/\/www.facebook.com\/Joguines-Bagu%c3%a9-112374270472618\" \/>\n<meta property=\"og:image\" content=\"https:\/\/www.joguinesbague.com\/wp-content\/uploads\/2024\/08\/22575390_luke_1.jpg\" \/>\n\t<meta property=\"og:image:width\" content=\"800\" \/>\n\t<meta property=\"og:image:height\" content=\"800\" \/>\n\t<meta property=\"og:image:type\" content=\"image\/jpeg\" \/>\n<meta name=\"twitter:card\" content=\"summary_large_image\" \/>\n<script type=\"application\/ld+json\" class=\"yoast-schema-graph\">{\"@context\":\"https:\/\/schema.org\",\"@graph\":[{\"@type\":[\"WebPage\",\"ItemPage\"],\"@id\":\"https:\/\/www.joguinesbague.com\/es\/lego-star-wars-es\/meca-ala-x-de-luke-skywalker-75390\/\",\"url\":\"https:\/\/www.joguinesbague.com\/es\/lego-star-wars-es\/meca-ala-x-de-luke-skywalker-75390\/\",\"name\":\"Meca Ala-X de Luke Skywalker 75390 - Joguines Bagu\u00e9\",\"isPartOf\":{\"@id\":\"https:\/\/www.joguinesbague.com\/es\/#website\"},\"primaryImageOfPage\":{\"@id\":\"https:\/\/www.joguinesbague.com\/es\/lego-star-wars-es\/meca-ala-x-de-luke-skywalker-75390\/#primaryimage\"},\"image\":{\"@id\":\"https:\/\/www.joguinesbague.com\/es\/lego-star-wars-es\/meca-ala-x-de-luke-skywalker-75390\/#primaryimage\"},\"thumbnailUrl\":\"https:\/\/www.joguinesbague.com\/wp-content\/uploads\/2024\/08\/22575390_luke_1.jpg\",\"datePublished\":\"2024-09-19T06:15:32+00:00\",\"breadcrumb\":{\"@id\":\"https:\/\/www.joguinesbague.com\/es\/lego-star-wars-es\/meca-ala-x-de-luke-skywalker-75390\/#breadcrumb\"},\"inLanguage\":\"es\",\"potentialAction\":[{\"@type\":\"ReadAction\",\"target\":[\"https:\/\/www.joguinesbague.com\/es\/lego-star-wars-es\/meca-ala-x-de-luke-skywalker-75390\/\"]}]},{\"@type\":\"ImageObject\",\"inLanguage\":\"es\",\"@id\":\"https:\/\/www.joguinesbague.com\/es\/lego-star-wars-es\/meca-ala-x-de-luke-skywalker-75390\/#primaryimage\",\"url\":\"https:\/\/www.joguinesbague.com\/wp-content\/uploads\/2024\/08\/22575390_luke_1.jpg\",\"contentUrl\":\"https:\/\/www.joguinesbague.com\/wp-content\/uploads\/2024\/08\/22575390_luke_1.jpg\",\"width\":800,\"height\":800},{\"@type\":\"BreadcrumbList\",\"@id\":\"https:\/\/www.joguinesbague.com\/es\/lego-star-wars-es\/meca-ala-x-de-luke-skywalker-75390\/#breadcrumb\",\"itemListElement\":[{\"@type\":\"ListItem\",\"position\":1,\"name\":\"Inicio\",\"item\":\"https:\/\/www.joguinesbague.com\/es\/\"},{\"@type\":\"ListItem\",\"position\":2,\"name\":\"Juguetes\",\"item\":\"https:\/\/www.joguinesbague.com\/joguines\/\"},{\"@type\":\"ListItem\",\"position\":3,\"name\":\"Lego\",\"item\":\"https:\/\/www.joguinesbague.com\/es\/lego-es\/\"},{\"@type\":\"ListItem\",\"position\":4,\"name\":\"Lego Star Wars\",\"item\":\"https:\/\/www.joguinesbague.com\/es\/lego-star-wars-es\/\"},{\"@type\":\"ListItem\",\"position\":5,\"name\":\"Meca Ala-X de Luke Skywalker 75390\"}]},{\"@type\":\"WebSite\",\"@id\":\"https:\/\/www.joguinesbague.com\/es\/#website\",\"url\":\"https:\/\/www.joguinesbague.com\/es\/\",\"name\":\"Joguines Bagu\u00e9\",\"description\":\"Tienda de juguetes en la Bisbal d'Empord\u00e0\",\"publisher\":{\"@id\":\"https:\/\/www.joguinesbague.com\/es\/#organization\"},\"potentialAction\":[{\"@type\":\"SearchAction\",\"target\":{\"@type\":\"EntryPoint\",\"urlTemplate\":\"https:\/\/www.joguinesbague.com\/es\/?s={search_term_string}\"},\"query-input\":{\"@type\":\"PropertyValueSpecification\",\"valueRequired\":true,\"valueName\":\"search_term_string\"}}],\"inLanguage\":\"es\"},{\"@type\":\"Organization\",\"@id\":\"https:\/\/www.joguinesbague.com\/es\/#organization\",\"name\":\"Joguines Bagu\u00e9\",\"url\":\"https:\/\/www.joguinesbague.com\/es\/\",\"logo\":{\"@type\":\"ImageObject\",\"inLanguage\":\"es\",\"@id\":\"https:\/\/www.joguinesbague.com\/es\/#\/schema\/logo\/image\/\",\"url\":\"https:\/\/www.joguinesbague.com\/wp-content\/uploads\/2020\/09\/AF-logotip-bague-02-e1599126400733.png\",\"contentUrl\":\"https:\/\/www.joguinesbague.com\/wp-content\/uploads\/2020\/09\/AF-logotip-bague-02-e1599126400733.png\",\"width\":1024,\"height\":419,\"caption\":\"Joguines Bagu\u00e9\"},\"image\":{\"@id\":\"https:\/\/www.joguinesbague.com\/es\/#\/schema\/logo\/image\/\"},\"sameAs\":[\"https:\/\/www.facebook.com\/Joguines-Bagu\u00e9-112374270472618\",\"https:\/\/www.instagram.com\/joguinesbague\"]}]}<\/script>\n<!-- \/ Yoast SEO plugin. -->","yoast_head_json":{"title":"Meca Ala-X de Luke Skywalker 75390 - Joguines Bagu\u00e9","robots":{"index":"index","follow":"follow","max-snippet":"max-snippet:-1","max-image-preview":"max-image-preview:large","max-video-preview":"max-video-preview:-1"},"canonical":"https:\/\/www.joguinesbague.com\/es\/lego-star-wars-es\/meca-ala-x-de-luke-skywalker-75390\/","og_locale":"es_ES","og_type":"article","og_title":"Meca Ala-X de Luke Skywalker 75390 - Joguines Bagu\u00e9","og_description":"Inicia a tu hija o hijo en el universo Star Wars con este peque\u00f1o Lego de r\u00e1pido montaje donde podr\u00e1 construir el uniforme rob\u00f3tico y de lucha de uno de los personajes m\u00e1s ic\u00f3nico de la saga, Luke Skywalker.","og_url":"https:\/\/www.joguinesbague.com\/es\/lego-star-wars-es\/meca-ala-x-de-luke-skywalker-75390\/","og_site_name":"Joguines Bagu\u00e9","article_publisher":"https:\/\/www.facebook.com\/Joguines-Bagu%c3%a9-112374270472618","og_image":[{"width":800,"height":800,"url":"https:\/\/www.joguinesbague.com\/wp-content\/uploads\/2024\/08\/22575390_luke_1.jpg","type":"image\/jpeg"}],"twitter_card":"summary_large_image","schema":{"@context":"https:\/\/schema.org","@graph":[{"@type":["WebPage","ItemPage"],"@id":"https:\/\/www.joguinesbague.com\/es\/lego-star-wars-es\/meca-ala-x-de-luke-skywalker-75390\/","url":"https:\/\/www.joguinesbague.com\/es\/lego-star-wars-es\/meca-ala-x-de-luke-skywalker-75390\/","name":"Meca Ala-X de Luke Skywalker 75390 - Joguines Bagu\u00e9","isPartOf":{"@id":"https:\/\/www.joguinesbague.com\/es\/#website"},"primaryImageOfPage":{"@id":"https:\/\/www.joguinesbague.com\/es\/lego-star-wars-es\/meca-ala-x-de-luke-skywalker-75390\/#primaryimage"},"image":{"@id":"https:\/\/www.joguinesbague.com\/es\/lego-star-wars-es\/meca-ala-x-de-luke-skywalker-75390\/#primaryimage"},"thumbnailUrl":"https:\/\/www.joguinesbague.com\/wp-content\/uploads\/2024\/08\/22575390_luke_1.jpg","datePublished":"2024-09-19T06:15:32+00:00","breadcrumb":{"@id":"https:\/\/www.joguinesbague.com\/es\/lego-star-wars-es\/meca-ala-x-de-luke-skywalker-75390\/#breadcrumb"},"inLanguage":"es","potentialAction":[{"@type":"ReadAction","target":["https:\/\/www.joguinesbague.com\/es\/lego-star-wars-es\/meca-ala-x-de-luke-skywalker-75390\/"]}]},{"@type":"ImageObject","inLanguage":"es","@id":"https:\/\/www.joguinesbague.com\/es\/lego-star-wars-es\/meca-ala-x-de-luke-skywalker-75390\/#primaryimage","url":"https:\/\/www.joguinesbague.com\/wp-content\/uploads\/2024\/08\/22575390_luke_1.jpg","contentUrl":"https:\/\/www.joguinesbague.com\/wp-content\/uploads\/2024\/08\/22575390_luke_1.jpg","width":800,"height":800},{"@type":"BreadcrumbList","@id":"https:\/\/www.joguinesbague.com\/es\/lego-star-wars-es\/meca-ala-x-de-luke-skywalker-75390\/#breadcrumb","itemListElement":[{"@type":"ListItem","position":1,"name":"Inicio","item":"https:\/\/www.joguinesbague.com\/es\/"},{"@type":"ListItem","position":2,"name":"Juguetes","item":"https:\/\/www.joguinesbague.com\/joguines\/"},{"@type":"ListItem","position":3,"name":"Lego","item":"https:\/\/www.joguinesbague.com\/es\/lego-es\/"},{"@type":"ListItem","position":4,"name":"Lego Star Wars","item":"https:\/\/www.joguinesbague.com\/es\/lego-star-wars-es\/"},{"@type":"ListItem","position":5,"name":"Meca Ala-X de Luke Skywalker 75390"}]},{"@type":"WebSite","@id":"https:\/\/www.joguinesbague.com\/es\/#website","url":"https:\/\/www.joguinesbague.com\/es\/","name":"Joguines Bagu\u00e9","description":"Tienda de juguetes en la Bisbal d'Empord\u00e0","publisher":{"@id":"https:\/\/www.joguinesbague.com\/es\/#organization"},"potentialAction":[{"@type":"SearchAction","target":{"@type":"EntryPoint","urlTemplate":"https:\/\/www.joguinesbague.com\/es\/?s={search_term_string}"},"query-input":{"@type":"PropertyValueSpecification","valueRequired":true,"valueName":"search_term_string"}}],"inLanguage":"es"},{"@type":"Organization","@id":"https:\/\/www.joguinesbague.com\/es\/#organization","name":"Joguines Bagu\u00e9","url":"https:\/\/www.joguinesbague.com\/es\/","logo":{"@type":"ImageObject","inLanguage":"es","@id":"https:\/\/www.joguinesbague.com\/es\/#\/schema\/logo\/image\/","url":"https:\/\/www.joguinesbague.com\/wp-content\/uploads\/2020\/09\/AF-logotip-bague-02-e1599126400733.png","contentUrl":"https:\/\/www.joguinesbague.com\/wp-content\/uploads\/2020\/09\/AF-logotip-bague-02-e1599126400733.png","width":1024,"height":419,"caption":"Joguines Bagu\u00e9"},"image":{"@id":"https:\/\/www.joguinesbague.com\/es\/#\/schema\/logo\/image\/"},"sameAs":["https:\/\/www.facebook.com\/Joguines-Bagu\u00e9-112374270472618","https:\/\/www.instagram.com\/joguinesbague"]}]}},"brands":[{"id":191,"name":"Lego","slug":"lego-es"}],"_links":{"self":[{"href":"https:\/\/www.joguinesbague.com\/es\/wp-json\/wp\/v2\/product\/21364","targetHints":{"allow":["GET"]}}],"collection":[{"href":"https:\/\/www.joguinesbague.com\/es\/wp-json\/wp\/v2\/product"}],"about":[{"href":"https:\/\/www.joguinesbague.com\/es\/wp-json\/wp\/v2\/types\/product"}],"wp:featuredmedia":[{"embeddable":true,"href":"https:\/\/www.joguinesbague.com\/es\/wp-json\/wp\/v2\/media\/21222"}],"wp:attachment":[{"href":"https:\/\/www.joguinesbague.com\/es\/wp-json\/wp\/v2\/media?parent=21364"}],"wp:term":[{"taxonomy":"pwb-brand","embeddable":true,"href":"https:\/\/www.joguinesbague.com\/es\/wp-json\/wp\/v2\/pwb-brand?post=21364"},{"taxonomy":"product_cat","embeddable":true,"href":"https:\/\/www.joguinesbague.com\/es\/wp-json\/wp\/v2\/product_cat?post=21364"},{"taxonomy":"product_tag","embeddable":true,"href":"https:\/\/www.joguinesbague.com\/es\/wp-json\/wp\/v2\/product_tag?post=21364"}],"curies":[{"name":"wp","href":"https:\/\/api.w.org\/{rel}","templated":true}]}}