{"id":21362,"date":"2024-09-19T08:03:26","date_gmt":"2024-09-19T06:03:26","guid":{"rendered":"https:\/\/www.joguinesbague.com\/sin categor\u00eda\/caza-estelar-del-jedi-bob-75388\/"},"modified":"2024-09-19T08:04:45","modified_gmt":"2024-09-19T06:04:45","slug":"caza-estelar-del-jedi-bob-75388","status":"publish","type":"product","link":"https:\/\/www.joguinesbague.com\/es\/lego-star-wars-es\/caza-estelar-del-jedi-bob-75388\/","title":{"rendered":"Caza Estelar del Jedi Bob 75388"},"content":{"rendered":"","protected":false},"excerpt":{"rendered":"<p>Para todos los fans, aqu\u00ed ten\u00e9is una de las naves insignia de la pel\u00edcula Reconstruye la Galaxia de la famosa saga Star Wars.<\/p>\n<p>Dentro de la caja encontrar\u00e9is la nave para construir, est\u00e1 equipada con cabina abatible y compartimento de almacenamiento, 2 ca\u00f1ones autom\u00e1ticos, conectores para las espadas l\u00e1ser y tren de aterrizaje retr\u00e1ctil. Tambi\u00e9n incluye tres minifiguras, el Jedi Bob, un soldado Ackbar y un droide Servo (SR-VO)  <\/p>\n","protected":false},"featured_media":21210,"template":"","meta":{"_acf_changed":false},"pwb-brand":[191],"product_cat":[415,380,403],"product_tag":[],"class_list":{"0":"post-21362","1":"product","2":"type-product","3":"status-publish","4":"has-post-thumbnail","6":"pwb-brand-lego-es","7":"product_cat-7-8-anos","8":"product_cat-lego-es","9":"product_cat-lego-star-wars-es","11":"first","12":"outofstock","13":"shipping-taxable","14":"purchasable","15":"product-type-simple"},"acf":[],"yoast_head":"<!-- This site is optimized with the Yoast SEO plugin v27.2 - https:\/\/yoast.com\/product\/yoast-seo-wordpress\/ -->\n<title>Caza Estelar del Jedi Bob 75388 - Joguines Bagu\u00e9<\/title>\n<meta name=\"robots\" content=\"index, follow, max-snippet:-1, max-image-preview:large, max-video-preview:-1\" \/>\n<link rel=\"canonical\" href=\"https:\/\/www.joguinesbague.com\/es\/lego-star-wars-es\/caza-estelar-del-jedi-bob-75388\/\" \/>\n<meta property=\"og:locale\" content=\"es_ES\" \/>\n<meta property=\"og:type\" content=\"article\" \/>\n<meta property=\"og:title\" content=\"Caza Estelar del Jedi Bob 75388 - Joguines Bagu\u00e9\" \/>\n<meta property=\"og:description\" content=\"Para todos los fans, aqu\u00ed ten\u00e9is una de las naves insignia de la pel\u00edcula Reconstruye la Galaxia de la famosa saga Star Wars.Dentro de la caja encontrar\u00e9is la nave para construir, est\u00e1 equipada con cabina abatible y compartimento de almacenamiento, 2 ca\u00f1ones autom\u00e1ticos, conectores para las espadas l\u00e1ser y tren de aterrizaje retr\u00e1ctil. Tambi\u00e9n incluye tres minifiguras, el Jedi Bob, un soldado Ackbar y un droide Servo (SR-VO)\" \/>\n<meta property=\"og:url\" content=\"https:\/\/www.joguinesbague.com\/es\/lego-star-wars-es\/caza-estelar-del-jedi-bob-75388\/\" \/>\n<meta property=\"og:site_name\" content=\"Joguines Bagu\u00e9\" \/>\n<meta property=\"article:publisher\" content=\"https:\/\/www.facebook.com\/Joguines-Bagu%c3%a9-112374270472618\" \/>\n<meta property=\"article:modified_time\" content=\"2024-09-19T06:04:45+00:00\" \/>\n<meta property=\"og:image\" content=\"https:\/\/www.joguinesbague.com\/wp-content\/uploads\/2024\/08\/22575388_jedi_1.jpg\" \/>\n\t<meta property=\"og:image:width\" content=\"800\" \/>\n\t<meta property=\"og:image:height\" content=\"800\" \/>\n\t<meta property=\"og:image:type\" content=\"image\/jpeg\" \/>\n<meta name=\"twitter:card\" content=\"summary_large_image\" \/>\n<script type=\"application\/ld+json\" class=\"yoast-schema-graph\">{\"@context\":\"https:\/\/schema.org\",\"@graph\":[{\"@type\":[\"WebPage\",\"ItemPage\"],\"@id\":\"https:\/\/www.joguinesbague.com\/es\/lego-star-wars-es\/caza-estelar-del-jedi-bob-75388\/\",\"url\":\"https:\/\/www.joguinesbague.com\/es\/lego-star-wars-es\/caza-estelar-del-jedi-bob-75388\/\",\"name\":\"Caza Estelar del Jedi Bob 75388 - Joguines Bagu\u00e9\",\"isPartOf\":{\"@id\":\"https:\/\/www.joguinesbague.com\/es\/#website\"},\"primaryImageOfPage\":{\"@id\":\"https:\/\/www.joguinesbague.com\/es\/lego-star-wars-es\/caza-estelar-del-jedi-bob-75388\/#primaryimage\"},\"image\":{\"@id\":\"https:\/\/www.joguinesbague.com\/es\/lego-star-wars-es\/caza-estelar-del-jedi-bob-75388\/#primaryimage\"},\"thumbnailUrl\":\"https:\/\/www.joguinesbague.com\/wp-content\/uploads\/2024\/08\/22575388_jedi_1.jpg\",\"datePublished\":\"2024-09-19T06:03:26+00:00\",\"dateModified\":\"2024-09-19T06:04:45+00:00\",\"breadcrumb\":{\"@id\":\"https:\/\/www.joguinesbague.com\/es\/lego-star-wars-es\/caza-estelar-del-jedi-bob-75388\/#breadcrumb\"},\"inLanguage\":\"es\",\"potentialAction\":[{\"@type\":\"ReadAction\",\"target\":[\"https:\/\/www.joguinesbague.com\/es\/lego-star-wars-es\/caza-estelar-del-jedi-bob-75388\/\"]}]},{\"@type\":\"ImageObject\",\"inLanguage\":\"es\",\"@id\":\"https:\/\/www.joguinesbague.com\/es\/lego-star-wars-es\/caza-estelar-del-jedi-bob-75388\/#primaryimage\",\"url\":\"https:\/\/www.joguinesbague.com\/wp-content\/uploads\/2024\/08\/22575388_jedi_1.jpg\",\"contentUrl\":\"https:\/\/www.joguinesbague.com\/wp-content\/uploads\/2024\/08\/22575388_jedi_1.jpg\",\"width\":800,\"height\":800},{\"@type\":\"BreadcrumbList\",\"@id\":\"https:\/\/www.joguinesbague.com\/es\/lego-star-wars-es\/caza-estelar-del-jedi-bob-75388\/#breadcrumb\",\"itemListElement\":[{\"@type\":\"ListItem\",\"position\":1,\"name\":\"Inicio\",\"item\":\"https:\/\/www.joguinesbague.com\/es\/\"},{\"@type\":\"ListItem\",\"position\":2,\"name\":\"Juguetes\",\"item\":\"https:\/\/www.joguinesbague.com\/joguines\/\"},{\"@type\":\"ListItem\",\"position\":3,\"name\":\"Lego\",\"item\":\"https:\/\/www.joguinesbague.com\/es\/lego-es\/\"},{\"@type\":\"ListItem\",\"position\":4,\"name\":\"Lego Star Wars\",\"item\":\"https:\/\/www.joguinesbague.com\/es\/lego-star-wars-es\/\"},{\"@type\":\"ListItem\",\"position\":5,\"name\":\"Caza Estelar del Jedi Bob 75388\"}]},{\"@type\":\"WebSite\",\"@id\":\"https:\/\/www.joguinesbague.com\/es\/#website\",\"url\":\"https:\/\/www.joguinesbague.com\/es\/\",\"name\":\"Joguines Bagu\u00e9\",\"description\":\"Tienda de juguetes en la Bisbal d'Empord\u00e0\",\"publisher\":{\"@id\":\"https:\/\/www.joguinesbague.com\/es\/#organization\"},\"potentialAction\":[{\"@type\":\"SearchAction\",\"target\":{\"@type\":\"EntryPoint\",\"urlTemplate\":\"https:\/\/www.joguinesbague.com\/es\/?s={search_term_string}\"},\"query-input\":{\"@type\":\"PropertyValueSpecification\",\"valueRequired\":true,\"valueName\":\"search_term_string\"}}],\"inLanguage\":\"es\"},{\"@type\":\"Organization\",\"@id\":\"https:\/\/www.joguinesbague.com\/es\/#organization\",\"name\":\"Joguines Bagu\u00e9\",\"url\":\"https:\/\/www.joguinesbague.com\/es\/\",\"logo\":{\"@type\":\"ImageObject\",\"inLanguage\":\"es\",\"@id\":\"https:\/\/www.joguinesbague.com\/es\/#\/schema\/logo\/image\/\",\"url\":\"https:\/\/www.joguinesbague.com\/wp-content\/uploads\/2020\/09\/AF-logotip-bague-02-e1599126400733.png\",\"contentUrl\":\"https:\/\/www.joguinesbague.com\/wp-content\/uploads\/2020\/09\/AF-logotip-bague-02-e1599126400733.png\",\"width\":1024,\"height\":419,\"caption\":\"Joguines Bagu\u00e9\"},\"image\":{\"@id\":\"https:\/\/www.joguinesbague.com\/es\/#\/schema\/logo\/image\/\"},\"sameAs\":[\"https:\/\/www.facebook.com\/Joguines-Bagu\u00e9-112374270472618\",\"https:\/\/www.instagram.com\/joguinesbague\"]}]}<\/script>\n<!-- \/ Yoast SEO plugin. -->","yoast_head_json":{"title":"Caza Estelar del Jedi Bob 75388 - Joguines Bagu\u00e9","robots":{"index":"index","follow":"follow","max-snippet":"max-snippet:-1","max-image-preview":"max-image-preview:large","max-video-preview":"max-video-preview:-1"},"canonical":"https:\/\/www.joguinesbague.com\/es\/lego-star-wars-es\/caza-estelar-del-jedi-bob-75388\/","og_locale":"es_ES","og_type":"article","og_title":"Caza Estelar del Jedi Bob 75388 - Joguines Bagu\u00e9","og_description":"Para todos los fans, aqu\u00ed ten\u00e9is una de las naves insignia de la pel\u00edcula Reconstruye la Galaxia de la famosa saga Star Wars.Dentro de la caja encontrar\u00e9is la nave para construir, est\u00e1 equipada con cabina abatible y compartimento de almacenamiento, 2 ca\u00f1ones autom\u00e1ticos, conectores para las espadas l\u00e1ser y tren de aterrizaje retr\u00e1ctil. Tambi\u00e9n incluye tres minifiguras, el Jedi Bob, un soldado Ackbar y un droide Servo (SR-VO)","og_url":"https:\/\/www.joguinesbague.com\/es\/lego-star-wars-es\/caza-estelar-del-jedi-bob-75388\/","og_site_name":"Joguines Bagu\u00e9","article_publisher":"https:\/\/www.facebook.com\/Joguines-Bagu%c3%a9-112374270472618","article_modified_time":"2024-09-19T06:04:45+00:00","og_image":[{"width":800,"height":800,"url":"https:\/\/www.joguinesbague.com\/wp-content\/uploads\/2024\/08\/22575388_jedi_1.jpg","type":"image\/jpeg"}],"twitter_card":"summary_large_image","schema":{"@context":"https:\/\/schema.org","@graph":[{"@type":["WebPage","ItemPage"],"@id":"https:\/\/www.joguinesbague.com\/es\/lego-star-wars-es\/caza-estelar-del-jedi-bob-75388\/","url":"https:\/\/www.joguinesbague.com\/es\/lego-star-wars-es\/caza-estelar-del-jedi-bob-75388\/","name":"Caza Estelar del Jedi Bob 75388 - Joguines Bagu\u00e9","isPartOf":{"@id":"https:\/\/www.joguinesbague.com\/es\/#website"},"primaryImageOfPage":{"@id":"https:\/\/www.joguinesbague.com\/es\/lego-star-wars-es\/caza-estelar-del-jedi-bob-75388\/#primaryimage"},"image":{"@id":"https:\/\/www.joguinesbague.com\/es\/lego-star-wars-es\/caza-estelar-del-jedi-bob-75388\/#primaryimage"},"thumbnailUrl":"https:\/\/www.joguinesbague.com\/wp-content\/uploads\/2024\/08\/22575388_jedi_1.jpg","datePublished":"2024-09-19T06:03:26+00:00","dateModified":"2024-09-19T06:04:45+00:00","breadcrumb":{"@id":"https:\/\/www.joguinesbague.com\/es\/lego-star-wars-es\/caza-estelar-del-jedi-bob-75388\/#breadcrumb"},"inLanguage":"es","potentialAction":[{"@type":"ReadAction","target":["https:\/\/www.joguinesbague.com\/es\/lego-star-wars-es\/caza-estelar-del-jedi-bob-75388\/"]}]},{"@type":"ImageObject","inLanguage":"es","@id":"https:\/\/www.joguinesbague.com\/es\/lego-star-wars-es\/caza-estelar-del-jedi-bob-75388\/#primaryimage","url":"https:\/\/www.joguinesbague.com\/wp-content\/uploads\/2024\/08\/22575388_jedi_1.jpg","contentUrl":"https:\/\/www.joguinesbague.com\/wp-content\/uploads\/2024\/08\/22575388_jedi_1.jpg","width":800,"height":800},{"@type":"BreadcrumbList","@id":"https:\/\/www.joguinesbague.com\/es\/lego-star-wars-es\/caza-estelar-del-jedi-bob-75388\/#breadcrumb","itemListElement":[{"@type":"ListItem","position":1,"name":"Inicio","item":"https:\/\/www.joguinesbague.com\/es\/"},{"@type":"ListItem","position":2,"name":"Juguetes","item":"https:\/\/www.joguinesbague.com\/joguines\/"},{"@type":"ListItem","position":3,"name":"Lego","item":"https:\/\/www.joguinesbague.com\/es\/lego-es\/"},{"@type":"ListItem","position":4,"name":"Lego Star Wars","item":"https:\/\/www.joguinesbague.com\/es\/lego-star-wars-es\/"},{"@type":"ListItem","position":5,"name":"Caza Estelar del Jedi Bob 75388"}]},{"@type":"WebSite","@id":"https:\/\/www.joguinesbague.com\/es\/#website","url":"https:\/\/www.joguinesbague.com\/es\/","name":"Joguines Bagu\u00e9","description":"Tienda de juguetes en la Bisbal d'Empord\u00e0","publisher":{"@id":"https:\/\/www.joguinesbague.com\/es\/#organization"},"potentialAction":[{"@type":"SearchAction","target":{"@type":"EntryPoint","urlTemplate":"https:\/\/www.joguinesbague.com\/es\/?s={search_term_string}"},"query-input":{"@type":"PropertyValueSpecification","valueRequired":true,"valueName":"search_term_string"}}],"inLanguage":"es"},{"@type":"Organization","@id":"https:\/\/www.joguinesbague.com\/es\/#organization","name":"Joguines Bagu\u00e9","url":"https:\/\/www.joguinesbague.com\/es\/","logo":{"@type":"ImageObject","inLanguage":"es","@id":"https:\/\/www.joguinesbague.com\/es\/#\/schema\/logo\/image\/","url":"https:\/\/www.joguinesbague.com\/wp-content\/uploads\/2020\/09\/AF-logotip-bague-02-e1599126400733.png","contentUrl":"https:\/\/www.joguinesbague.com\/wp-content\/uploads\/2020\/09\/AF-logotip-bague-02-e1599126400733.png","width":1024,"height":419,"caption":"Joguines Bagu\u00e9"},"image":{"@id":"https:\/\/www.joguinesbague.com\/es\/#\/schema\/logo\/image\/"},"sameAs":["https:\/\/www.facebook.com\/Joguines-Bagu\u00e9-112374270472618","https:\/\/www.instagram.com\/joguinesbague"]}]}},"brands":[{"id":191,"name":"Lego","slug":"lego-es"}],"_links":{"self":[{"href":"https:\/\/www.joguinesbague.com\/es\/wp-json\/wp\/v2\/product\/21362","targetHints":{"allow":["GET"]}}],"collection":[{"href":"https:\/\/www.joguinesbague.com\/es\/wp-json\/wp\/v2\/product"}],"about":[{"href":"https:\/\/www.joguinesbague.com\/es\/wp-json\/wp\/v2\/types\/product"}],"wp:featuredmedia":[{"embeddable":true,"href":"https:\/\/www.joguinesbague.com\/es\/wp-json\/wp\/v2\/media\/21210"}],"wp:attachment":[{"href":"https:\/\/www.joguinesbague.com\/es\/wp-json\/wp\/v2\/media?parent=21362"}],"wp:term":[{"taxonomy":"pwb-brand","embeddable":true,"href":"https:\/\/www.joguinesbague.com\/es\/wp-json\/wp\/v2\/pwb-brand?post=21362"},{"taxonomy":"product_cat","embeddable":true,"href":"https:\/\/www.joguinesbague.com\/es\/wp-json\/wp\/v2\/product_cat?post=21362"},{"taxonomy":"product_tag","embeddable":true,"href":"https:\/\/www.joguinesbague.com\/es\/wp-json\/wp\/v2\/product_tag?post=21362"}],"curies":[{"name":"wp","href":"https:\/\/api.w.org\/{rel}","templated":true}]}}