{"id":21360,"date":"2024-09-19T07:50:06","date_gmt":"2024-09-19T05:50:54","guid":{"rendered":"https:\/\/www.joguinesbague.com\/sin categor\u00eda\/buggy-todoterreno-ninja-de-arin-71811\/"},"modified":"2024-09-19T07:50:54","modified_gmt":"2024-09-19T05:50:54","slug":"buggy-todoterreno-ninja-de-arin-71811","status":"publish","type":"product","link":"https:\/\/www.joguinesbague.com\/es\/lego-ninjago-es\/buggy-todoterreno-ninja-de-arin-71811\/","title":{"rendered":"Buggy Todoterreno Ninja de Arin 71811"},"content":{"rendered":"","protected":false},"excerpt":{"rendered":"<p>Para todos los fans de Ninjago con esta caja de Lego podr\u00e9is montar el buggy todoterreno de Arin, este veh\u00edculo cuenta con ruedas m\u00f3viles, suspensi\u00f3n, habit\u00e1culo que se abre con espacio para 2 minifiguras, 2 ca\u00f1ones con 6 proyectiles para dispararlos y un gran gancho. La caja tambi\u00e9n incluye cinco minifiguras, Arin, Cole el escalador, Cinder, Baby Arju y un guerrero con m\u00e1scara de lobo. <\/p>\n","protected":false},"featured_media":21198,"template":"","meta":{"_acf_changed":false},"pwb-brand":[191],"product_cat":[415,380,401],"product_tag":[],"class_list":{"0":"post-21360","1":"product","2":"type-product","3":"status-publish","4":"has-post-thumbnail","6":"pwb-brand-lego-es","7":"product_cat-7-8-anos","8":"product_cat-lego-es","9":"product_cat-lego-ninjago-es","11":"first","12":"outofstock","13":"shipping-taxable","14":"purchasable","15":"product-type-simple"},"acf":[],"yoast_head":"<!-- This site is optimized with the Yoast SEO plugin v27.2 - https:\/\/yoast.com\/product\/yoast-seo-wordpress\/ -->\n<title>Buggy Todoterreno Ninja de Arin 71811 - Joguines Bagu\u00e9<\/title>\n<meta name=\"robots\" content=\"index, follow, max-snippet:-1, max-image-preview:large, max-video-preview:-1\" \/>\n<link rel=\"canonical\" href=\"https:\/\/www.joguinesbague.com\/es\/lego-ninjago-es\/buggy-todoterreno-ninja-de-arin-71811\/\" \/>\n<meta property=\"og:locale\" content=\"es_ES\" \/>\n<meta property=\"og:type\" content=\"article\" \/>\n<meta property=\"og:title\" content=\"Buggy Todoterreno Ninja de Arin 71811 - Joguines Bagu\u00e9\" \/>\n<meta property=\"og:description\" content=\"Para todos los fans de Ninjago con esta caja de Lego podr\u00e9is montar el buggy todoterreno de Arin, este veh\u00edculo cuenta con ruedas m\u00f3viles, suspensi\u00f3n, habit\u00e1culo que se abre con espacio para 2 minifiguras, 2 ca\u00f1ones con 6 proyectiles para dispararlos y un gran gancho. La caja tambi\u00e9n incluye cinco minifiguras, Arin, Cole el escalador, Cinder, Baby Arju y un guerrero con m\u00e1scara de lobo.\" \/>\n<meta property=\"og:url\" content=\"https:\/\/www.joguinesbague.com\/es\/lego-ninjago-es\/buggy-todoterreno-ninja-de-arin-71811\/\" \/>\n<meta property=\"og:site_name\" content=\"Joguines Bagu\u00e9\" \/>\n<meta property=\"article:publisher\" content=\"https:\/\/www.facebook.com\/Joguines-Bagu%c3%a9-112374270472618\" \/>\n<meta property=\"og:image\" content=\"https:\/\/www.joguinesbague.com\/wp-content\/uploads\/2024\/08\/22571811_bugyninja_1.jpg\" \/>\n\t<meta property=\"og:image:width\" content=\"800\" \/>\n\t<meta property=\"og:image:height\" content=\"800\" \/>\n\t<meta property=\"og:image:type\" content=\"image\/jpeg\" \/>\n<meta name=\"twitter:card\" content=\"summary_large_image\" \/>\n<script type=\"application\/ld+json\" class=\"yoast-schema-graph\">{\"@context\":\"https:\/\/schema.org\",\"@graph\":[{\"@type\":[\"WebPage\",\"ItemPage\"],\"@id\":\"https:\/\/www.joguinesbague.com\/es\/lego-ninjago-es\/buggy-todoterreno-ninja-de-arin-71811\/\",\"url\":\"https:\/\/www.joguinesbague.com\/es\/lego-ninjago-es\/buggy-todoterreno-ninja-de-arin-71811\/\",\"name\":\"Buggy Todoterreno Ninja de Arin 71811 - Joguines Bagu\u00e9\",\"isPartOf\":{\"@id\":\"https:\/\/www.joguinesbague.com\/es\/#website\"},\"primaryImageOfPage\":{\"@id\":\"https:\/\/www.joguinesbague.com\/es\/lego-ninjago-es\/buggy-todoterreno-ninja-de-arin-71811\/#primaryimage\"},\"image\":{\"@id\":\"https:\/\/www.joguinesbague.com\/es\/lego-ninjago-es\/buggy-todoterreno-ninja-de-arin-71811\/#primaryimage\"},\"thumbnailUrl\":\"https:\/\/www.joguinesbague.com\/wp-content\/uploads\/2024\/08\/22571811_bugyninja_1.jpg\",\"datePublished\":\"2024-09-19T05:50:54+00:00\",\"breadcrumb\":{\"@id\":\"https:\/\/www.joguinesbague.com\/es\/lego-ninjago-es\/buggy-todoterreno-ninja-de-arin-71811\/#breadcrumb\"},\"inLanguage\":\"es\",\"potentialAction\":[{\"@type\":\"ReadAction\",\"target\":[\"https:\/\/www.joguinesbague.com\/es\/lego-ninjago-es\/buggy-todoterreno-ninja-de-arin-71811\/\"]}]},{\"@type\":\"ImageObject\",\"inLanguage\":\"es\",\"@id\":\"https:\/\/www.joguinesbague.com\/es\/lego-ninjago-es\/buggy-todoterreno-ninja-de-arin-71811\/#primaryimage\",\"url\":\"https:\/\/www.joguinesbague.com\/wp-content\/uploads\/2024\/08\/22571811_bugyninja_1.jpg\",\"contentUrl\":\"https:\/\/www.joguinesbague.com\/wp-content\/uploads\/2024\/08\/22571811_bugyninja_1.jpg\",\"width\":800,\"height\":800},{\"@type\":\"BreadcrumbList\",\"@id\":\"https:\/\/www.joguinesbague.com\/es\/lego-ninjago-es\/buggy-todoterreno-ninja-de-arin-71811\/#breadcrumb\",\"itemListElement\":[{\"@type\":\"ListItem\",\"position\":1,\"name\":\"Inicio\",\"item\":\"https:\/\/www.joguinesbague.com\/es\/\"},{\"@type\":\"ListItem\",\"position\":2,\"name\":\"Juguetes\",\"item\":\"https:\/\/www.joguinesbague.com\/joguines\/\"},{\"@type\":\"ListItem\",\"position\":3,\"name\":\"Lego\",\"item\":\"https:\/\/www.joguinesbague.com\/es\/lego-es\/\"},{\"@type\":\"ListItem\",\"position\":4,\"name\":\"Lego Ninjago\",\"item\":\"https:\/\/www.joguinesbague.com\/es\/lego-ninjago-es\/\"},{\"@type\":\"ListItem\",\"position\":5,\"name\":\"Buggy Todoterreno Ninja de Arin 71811\"}]},{\"@type\":\"WebSite\",\"@id\":\"https:\/\/www.joguinesbague.com\/es\/#website\",\"url\":\"https:\/\/www.joguinesbague.com\/es\/\",\"name\":\"Joguines Bagu\u00e9\",\"description\":\"Tienda de juguetes en la Bisbal d'Empord\u00e0\",\"publisher\":{\"@id\":\"https:\/\/www.joguinesbague.com\/es\/#organization\"},\"potentialAction\":[{\"@type\":\"SearchAction\",\"target\":{\"@type\":\"EntryPoint\",\"urlTemplate\":\"https:\/\/www.joguinesbague.com\/es\/?s={search_term_string}\"},\"query-input\":{\"@type\":\"PropertyValueSpecification\",\"valueRequired\":true,\"valueName\":\"search_term_string\"}}],\"inLanguage\":\"es\"},{\"@type\":\"Organization\",\"@id\":\"https:\/\/www.joguinesbague.com\/es\/#organization\",\"name\":\"Joguines Bagu\u00e9\",\"url\":\"https:\/\/www.joguinesbague.com\/es\/\",\"logo\":{\"@type\":\"ImageObject\",\"inLanguage\":\"es\",\"@id\":\"https:\/\/www.joguinesbague.com\/es\/#\/schema\/logo\/image\/\",\"url\":\"https:\/\/www.joguinesbague.com\/wp-content\/uploads\/2020\/09\/AF-logotip-bague-02-e1599126400733.png\",\"contentUrl\":\"https:\/\/www.joguinesbague.com\/wp-content\/uploads\/2020\/09\/AF-logotip-bague-02-e1599126400733.png\",\"width\":1024,\"height\":419,\"caption\":\"Joguines Bagu\u00e9\"},\"image\":{\"@id\":\"https:\/\/www.joguinesbague.com\/es\/#\/schema\/logo\/image\/\"},\"sameAs\":[\"https:\/\/www.facebook.com\/Joguines-Bagu\u00e9-112374270472618\",\"https:\/\/www.instagram.com\/joguinesbague\"]}]}<\/script>\n<!-- \/ Yoast SEO plugin. -->","yoast_head_json":{"title":"Buggy Todoterreno Ninja de Arin 71811 - Joguines Bagu\u00e9","robots":{"index":"index","follow":"follow","max-snippet":"max-snippet:-1","max-image-preview":"max-image-preview:large","max-video-preview":"max-video-preview:-1"},"canonical":"https:\/\/www.joguinesbague.com\/es\/lego-ninjago-es\/buggy-todoterreno-ninja-de-arin-71811\/","og_locale":"es_ES","og_type":"article","og_title":"Buggy Todoterreno Ninja de Arin 71811 - Joguines Bagu\u00e9","og_description":"Para todos los fans de Ninjago con esta caja de Lego podr\u00e9is montar el buggy todoterreno de Arin, este veh\u00edculo cuenta con ruedas m\u00f3viles, suspensi\u00f3n, habit\u00e1culo que se abre con espacio para 2 minifiguras, 2 ca\u00f1ones con 6 proyectiles para dispararlos y un gran gancho. La caja tambi\u00e9n incluye cinco minifiguras, Arin, Cole el escalador, Cinder, Baby Arju y un guerrero con m\u00e1scara de lobo.","og_url":"https:\/\/www.joguinesbague.com\/es\/lego-ninjago-es\/buggy-todoterreno-ninja-de-arin-71811\/","og_site_name":"Joguines Bagu\u00e9","article_publisher":"https:\/\/www.facebook.com\/Joguines-Bagu%c3%a9-112374270472618","og_image":[{"width":800,"height":800,"url":"https:\/\/www.joguinesbague.com\/wp-content\/uploads\/2024\/08\/22571811_bugyninja_1.jpg","type":"image\/jpeg"}],"twitter_card":"summary_large_image","schema":{"@context":"https:\/\/schema.org","@graph":[{"@type":["WebPage","ItemPage"],"@id":"https:\/\/www.joguinesbague.com\/es\/lego-ninjago-es\/buggy-todoterreno-ninja-de-arin-71811\/","url":"https:\/\/www.joguinesbague.com\/es\/lego-ninjago-es\/buggy-todoterreno-ninja-de-arin-71811\/","name":"Buggy Todoterreno Ninja de Arin 71811 - Joguines Bagu\u00e9","isPartOf":{"@id":"https:\/\/www.joguinesbague.com\/es\/#website"},"primaryImageOfPage":{"@id":"https:\/\/www.joguinesbague.com\/es\/lego-ninjago-es\/buggy-todoterreno-ninja-de-arin-71811\/#primaryimage"},"image":{"@id":"https:\/\/www.joguinesbague.com\/es\/lego-ninjago-es\/buggy-todoterreno-ninja-de-arin-71811\/#primaryimage"},"thumbnailUrl":"https:\/\/www.joguinesbague.com\/wp-content\/uploads\/2024\/08\/22571811_bugyninja_1.jpg","datePublished":"2024-09-19T05:50:54+00:00","breadcrumb":{"@id":"https:\/\/www.joguinesbague.com\/es\/lego-ninjago-es\/buggy-todoterreno-ninja-de-arin-71811\/#breadcrumb"},"inLanguage":"es","potentialAction":[{"@type":"ReadAction","target":["https:\/\/www.joguinesbague.com\/es\/lego-ninjago-es\/buggy-todoterreno-ninja-de-arin-71811\/"]}]},{"@type":"ImageObject","inLanguage":"es","@id":"https:\/\/www.joguinesbague.com\/es\/lego-ninjago-es\/buggy-todoterreno-ninja-de-arin-71811\/#primaryimage","url":"https:\/\/www.joguinesbague.com\/wp-content\/uploads\/2024\/08\/22571811_bugyninja_1.jpg","contentUrl":"https:\/\/www.joguinesbague.com\/wp-content\/uploads\/2024\/08\/22571811_bugyninja_1.jpg","width":800,"height":800},{"@type":"BreadcrumbList","@id":"https:\/\/www.joguinesbague.com\/es\/lego-ninjago-es\/buggy-todoterreno-ninja-de-arin-71811\/#breadcrumb","itemListElement":[{"@type":"ListItem","position":1,"name":"Inicio","item":"https:\/\/www.joguinesbague.com\/es\/"},{"@type":"ListItem","position":2,"name":"Juguetes","item":"https:\/\/www.joguinesbague.com\/joguines\/"},{"@type":"ListItem","position":3,"name":"Lego","item":"https:\/\/www.joguinesbague.com\/es\/lego-es\/"},{"@type":"ListItem","position":4,"name":"Lego Ninjago","item":"https:\/\/www.joguinesbague.com\/es\/lego-ninjago-es\/"},{"@type":"ListItem","position":5,"name":"Buggy Todoterreno Ninja de Arin 71811"}]},{"@type":"WebSite","@id":"https:\/\/www.joguinesbague.com\/es\/#website","url":"https:\/\/www.joguinesbague.com\/es\/","name":"Joguines Bagu\u00e9","description":"Tienda de juguetes en la Bisbal d'Empord\u00e0","publisher":{"@id":"https:\/\/www.joguinesbague.com\/es\/#organization"},"potentialAction":[{"@type":"SearchAction","target":{"@type":"EntryPoint","urlTemplate":"https:\/\/www.joguinesbague.com\/es\/?s={search_term_string}"},"query-input":{"@type":"PropertyValueSpecification","valueRequired":true,"valueName":"search_term_string"}}],"inLanguage":"es"},{"@type":"Organization","@id":"https:\/\/www.joguinesbague.com\/es\/#organization","name":"Joguines Bagu\u00e9","url":"https:\/\/www.joguinesbague.com\/es\/","logo":{"@type":"ImageObject","inLanguage":"es","@id":"https:\/\/www.joguinesbague.com\/es\/#\/schema\/logo\/image\/","url":"https:\/\/www.joguinesbague.com\/wp-content\/uploads\/2020\/09\/AF-logotip-bague-02-e1599126400733.png","contentUrl":"https:\/\/www.joguinesbague.com\/wp-content\/uploads\/2020\/09\/AF-logotip-bague-02-e1599126400733.png","width":1024,"height":419,"caption":"Joguines Bagu\u00e9"},"image":{"@id":"https:\/\/www.joguinesbague.com\/es\/#\/schema\/logo\/image\/"},"sameAs":["https:\/\/www.facebook.com\/Joguines-Bagu\u00e9-112374270472618","https:\/\/www.instagram.com\/joguinesbague"]}]}},"brands":[{"id":191,"name":"Lego","slug":"lego-es"}],"_links":{"self":[{"href":"https:\/\/www.joguinesbague.com\/es\/wp-json\/wp\/v2\/product\/21360","targetHints":{"allow":["GET"]}}],"collection":[{"href":"https:\/\/www.joguinesbague.com\/es\/wp-json\/wp\/v2\/product"}],"about":[{"href":"https:\/\/www.joguinesbague.com\/es\/wp-json\/wp\/v2\/types\/product"}],"wp:featuredmedia":[{"embeddable":true,"href":"https:\/\/www.joguinesbague.com\/es\/wp-json\/wp\/v2\/media\/21198"}],"wp:attachment":[{"href":"https:\/\/www.joguinesbague.com\/es\/wp-json\/wp\/v2\/media?parent=21360"}],"wp:term":[{"taxonomy":"pwb-brand","embeddable":true,"href":"https:\/\/www.joguinesbague.com\/es\/wp-json\/wp\/v2\/pwb-brand?post=21360"},{"taxonomy":"product_cat","embeddable":true,"href":"https:\/\/www.joguinesbague.com\/es\/wp-json\/wp\/v2\/product_cat?post=21360"},{"taxonomy":"product_tag","embeddable":true,"href":"https:\/\/www.joguinesbague.com\/es\/wp-json\/wp\/v2\/product_tag?post=21360"}],"curies":[{"name":"wp","href":"https:\/\/api.w.org\/{rel}","templated":true}]}}