{"id":20880,"date":"2024-08-22T18:51:34","date_gmt":"2024-08-23T07:30:30","guid":{"rendered":"https:\/\/www.joguinesbague.com\/sin categor\u00eda\/hot-wheels-city-ataque-de-la-serpiente\/"},"modified":"2025-01-08T00:01:49","modified_gmt":"2025-01-07T23:01:49","slug":"hot-wheels-city-ataque-de-la-serpiente","status":"publish","type":"product","link":"https:\/\/www.joguinesbague.com\/es\/vehiculos\/hot-wheels-city-ataque-de-la-serpiente\/","title":{"rendered":"Hot Wheels City Ataque de la serpiente"},"content":{"rendered":"","protected":false},"excerpt":{"rendered":"<p>\u00a1Enfr\u00e9ntate a una cobra hambrienta que se ha colado en la pizzer\u00eda de Hot Wheels City! Conduce por la cola de la cobra y suelta el veh\u00edculo para ver cu\u00e1l de los tres caminos aleatorios tomar\u00e1. Ir\u00e1 por la boca de la cobra y terminar\u00e1 en el contenedor de basura? Tal vez tenga la mala suerte de coger la pista que termina en la boca del feroz animal&#8230; \u00a1O puede que lance un trozo de pizza a la cara de la cobra y la derrote! El conjunto cuenta con detalles incre\u00edbles para disfrutar en la pista e inspirar tus propias aventuras y se puede conectar a otros conjuntos de Hot Wheels City para jugar sin l\u00edmites. Incluye un veh\u00edculo de Hot Wheels.<\/p>\n","protected":false},"featured_media":20818,"template":"","meta":{"_acf_changed":false},"pwb-brand":[186],"product_cat":[417,155,145],"product_tag":[],"class_list":{"0":"post-20880","1":"product","2":"type-product","3":"status-publish","4":"has-post-thumbnail","6":"pwb-brand-mattel-es","7":"product_cat-3-4-anos","8":"product_cat-juguetes-de-accion","9":"product_cat-vehiculos","11":"first","12":"outofstock","13":"shipping-taxable","14":"purchasable","15":"product-type-simple"},"acf":[],"yoast_head":"<!-- This site is optimized with the Yoast SEO plugin v27.2 - https:\/\/yoast.com\/product\/yoast-seo-wordpress\/ -->\n<title>Hot Wheels City Ataque de la serpiente - Joguines Bagu\u00e9<\/title>\n<meta name=\"robots\" content=\"index, follow, max-snippet:-1, max-image-preview:large, max-video-preview:-1\" \/>\n<link rel=\"canonical\" href=\"https:\/\/www.joguinesbague.com\/es\/vehiculos\/hot-wheels-city-ataque-de-la-serpiente\/\" \/>\n<meta property=\"og:locale\" content=\"es_ES\" \/>\n<meta property=\"og:type\" content=\"article\" \/>\n<meta property=\"og:title\" content=\"Hot Wheels City Ataque de la serpiente - Joguines Bagu\u00e9\" \/>\n<meta property=\"og:description\" content=\"\u00a1Enfr\u00e9ntate a una cobra hambrienta que se ha colado en la pizzer\u00eda de Hot Wheels City! Conduce por la cola de la cobra y suelta el veh\u00edculo para ver cu\u00e1l de los tres caminos aleatorios tomar\u00e1. Ir\u00e1 por la boca de la cobra y terminar\u00e1 en el contenedor de basura? Tal vez tenga la mala suerte de coger la pista que termina en la boca del feroz animal... \u00a1O puede que lance un trozo de pizza a la cara de la cobra y la derrote! El conjunto cuenta con detalles incre\u00edbles para disfrutar en la pista e inspirar tus propias aventuras y se puede conectar a otros conjuntos de Hot Wheels City para jugar sin l\u00edmites. Incluye un veh\u00edculo de Hot Wheels.\" \/>\n<meta property=\"og:url\" content=\"https:\/\/www.joguinesbague.com\/es\/vehiculos\/hot-wheels-city-ataque-de-la-serpiente\/\" \/>\n<meta property=\"og:site_name\" content=\"Joguines Bagu\u00e9\" \/>\n<meta property=\"article:publisher\" content=\"https:\/\/www.facebook.com\/Joguines-Bagu%c3%a9-112374270472618\" \/>\n<meta property=\"article:modified_time\" content=\"2025-01-07T23:01:49+00:00\" \/>\n<meta property=\"og:image\" content=\"https:\/\/www.joguinesbague.com\/wp-content\/uploads\/2024\/08\/24519512_ataquedelaserpiente_5.jpg\" \/>\n\t<meta property=\"og:image:width\" content=\"800\" \/>\n\t<meta property=\"og:image:height\" content=\"800\" \/>\n\t<meta property=\"og:image:type\" content=\"image\/jpeg\" \/>\n<meta name=\"twitter:card\" content=\"summary_large_image\" \/>\n<script type=\"application\/ld+json\" class=\"yoast-schema-graph\">{\"@context\":\"https:\/\/schema.org\",\"@graph\":[{\"@type\":[\"WebPage\",\"ItemPage\"],\"@id\":\"https:\/\/www.joguinesbague.com\/es\/vehiculos\/hot-wheels-city-ataque-de-la-serpiente\/\",\"url\":\"https:\/\/www.joguinesbague.com\/es\/vehiculos\/hot-wheels-city-ataque-de-la-serpiente\/\",\"name\":\"Hot Wheels City Ataque de la serpiente - Joguines Bagu\u00e9\",\"isPartOf\":{\"@id\":\"https:\/\/www.joguinesbague.com\/es\/#website\"},\"primaryImageOfPage\":{\"@id\":\"https:\/\/www.joguinesbague.com\/es\/vehiculos\/hot-wheels-city-ataque-de-la-serpiente\/#primaryimage\"},\"image\":{\"@id\":\"https:\/\/www.joguinesbague.com\/es\/vehiculos\/hot-wheels-city-ataque-de-la-serpiente\/#primaryimage\"},\"thumbnailUrl\":\"https:\/\/www.joguinesbague.com\/wp-content\/uploads\/2024\/08\/24519512_ataquedelaserpiente_5.jpg\",\"datePublished\":\"2024-08-23T07:30:30+00:00\",\"dateModified\":\"2025-01-07T23:01:49+00:00\",\"breadcrumb\":{\"@id\":\"https:\/\/www.joguinesbague.com\/es\/vehiculos\/hot-wheels-city-ataque-de-la-serpiente\/#breadcrumb\"},\"inLanguage\":\"es\",\"potentialAction\":[{\"@type\":\"ReadAction\",\"target\":[\"https:\/\/www.joguinesbague.com\/es\/vehiculos\/hot-wheels-city-ataque-de-la-serpiente\/\"]}]},{\"@type\":\"ImageObject\",\"inLanguage\":\"es\",\"@id\":\"https:\/\/www.joguinesbague.com\/es\/vehiculos\/hot-wheels-city-ataque-de-la-serpiente\/#primaryimage\",\"url\":\"https:\/\/www.joguinesbague.com\/wp-content\/uploads\/2024\/08\/24519512_ataquedelaserpiente_5.jpg\",\"contentUrl\":\"https:\/\/www.joguinesbague.com\/wp-content\/uploads\/2024\/08\/24519512_ataquedelaserpiente_5.jpg\",\"width\":800,\"height\":800},{\"@type\":\"BreadcrumbList\",\"@id\":\"https:\/\/www.joguinesbague.com\/es\/vehiculos\/hot-wheels-city-ataque-de-la-serpiente\/#breadcrumb\",\"itemListElement\":[{\"@type\":\"ListItem\",\"position\":1,\"name\":\"Inicio\",\"item\":\"https:\/\/www.joguinesbague.com\/es\/\"},{\"@type\":\"ListItem\",\"position\":2,\"name\":\"Juguetes\",\"item\":\"https:\/\/www.joguinesbague.com\/joguines\/\"},{\"@type\":\"ListItem\",\"position\":3,\"name\":\"Veh\u00edculos\",\"item\":\"https:\/\/www.joguinesbague.com\/es\/vehiculos\/\"},{\"@type\":\"ListItem\",\"position\":4,\"name\":\"Hot Wheels City Ataque de la serpiente\"}]},{\"@type\":\"WebSite\",\"@id\":\"https:\/\/www.joguinesbague.com\/es\/#website\",\"url\":\"https:\/\/www.joguinesbague.com\/es\/\",\"name\":\"Joguines Bagu\u00e9\",\"description\":\"Tienda de juguetes en la Bisbal d'Empord\u00e0\",\"publisher\":{\"@id\":\"https:\/\/www.joguinesbague.com\/es\/#organization\"},\"potentialAction\":[{\"@type\":\"SearchAction\",\"target\":{\"@type\":\"EntryPoint\",\"urlTemplate\":\"https:\/\/www.joguinesbague.com\/es\/?s={search_term_string}\"},\"query-input\":{\"@type\":\"PropertyValueSpecification\",\"valueRequired\":true,\"valueName\":\"search_term_string\"}}],\"inLanguage\":\"es\"},{\"@type\":\"Organization\",\"@id\":\"https:\/\/www.joguinesbague.com\/es\/#organization\",\"name\":\"Joguines Bagu\u00e9\",\"url\":\"https:\/\/www.joguinesbague.com\/es\/\",\"logo\":{\"@type\":\"ImageObject\",\"inLanguage\":\"es\",\"@id\":\"https:\/\/www.joguinesbague.com\/es\/#\/schema\/logo\/image\/\",\"url\":\"https:\/\/www.joguinesbague.com\/wp-content\/uploads\/2020\/09\/AF-logotip-bague-02-e1599126400733.png\",\"contentUrl\":\"https:\/\/www.joguinesbague.com\/wp-content\/uploads\/2020\/09\/AF-logotip-bague-02-e1599126400733.png\",\"width\":1024,\"height\":419,\"caption\":\"Joguines Bagu\u00e9\"},\"image\":{\"@id\":\"https:\/\/www.joguinesbague.com\/es\/#\/schema\/logo\/image\/\"},\"sameAs\":[\"https:\/\/www.facebook.com\/Joguines-Bagu\u00e9-112374270472618\",\"https:\/\/www.instagram.com\/joguinesbague\"]}]}<\/script>\n<!-- \/ Yoast SEO plugin. -->","yoast_head_json":{"title":"Hot Wheels City Ataque de la serpiente - Joguines Bagu\u00e9","robots":{"index":"index","follow":"follow","max-snippet":"max-snippet:-1","max-image-preview":"max-image-preview:large","max-video-preview":"max-video-preview:-1"},"canonical":"https:\/\/www.joguinesbague.com\/es\/vehiculos\/hot-wheels-city-ataque-de-la-serpiente\/","og_locale":"es_ES","og_type":"article","og_title":"Hot Wheels City Ataque de la serpiente - Joguines Bagu\u00e9","og_description":"\u00a1Enfr\u00e9ntate a una cobra hambrienta que se ha colado en la pizzer\u00eda de Hot Wheels City! Conduce por la cola de la cobra y suelta el veh\u00edculo para ver cu\u00e1l de los tres caminos aleatorios tomar\u00e1. Ir\u00e1 por la boca de la cobra y terminar\u00e1 en el contenedor de basura? Tal vez tenga la mala suerte de coger la pista que termina en la boca del feroz animal... \u00a1O puede que lance un trozo de pizza a la cara de la cobra y la derrote! El conjunto cuenta con detalles incre\u00edbles para disfrutar en la pista e inspirar tus propias aventuras y se puede conectar a otros conjuntos de Hot Wheels City para jugar sin l\u00edmites. Incluye un veh\u00edculo de Hot Wheels.","og_url":"https:\/\/www.joguinesbague.com\/es\/vehiculos\/hot-wheels-city-ataque-de-la-serpiente\/","og_site_name":"Joguines Bagu\u00e9","article_publisher":"https:\/\/www.facebook.com\/Joguines-Bagu%c3%a9-112374270472618","article_modified_time":"2025-01-07T23:01:49+00:00","og_image":[{"width":800,"height":800,"url":"https:\/\/www.joguinesbague.com\/wp-content\/uploads\/2024\/08\/24519512_ataquedelaserpiente_5.jpg","type":"image\/jpeg"}],"twitter_card":"summary_large_image","schema":{"@context":"https:\/\/schema.org","@graph":[{"@type":["WebPage","ItemPage"],"@id":"https:\/\/www.joguinesbague.com\/es\/vehiculos\/hot-wheels-city-ataque-de-la-serpiente\/","url":"https:\/\/www.joguinesbague.com\/es\/vehiculos\/hot-wheels-city-ataque-de-la-serpiente\/","name":"Hot Wheels City Ataque de la serpiente - Joguines Bagu\u00e9","isPartOf":{"@id":"https:\/\/www.joguinesbague.com\/es\/#website"},"primaryImageOfPage":{"@id":"https:\/\/www.joguinesbague.com\/es\/vehiculos\/hot-wheels-city-ataque-de-la-serpiente\/#primaryimage"},"image":{"@id":"https:\/\/www.joguinesbague.com\/es\/vehiculos\/hot-wheels-city-ataque-de-la-serpiente\/#primaryimage"},"thumbnailUrl":"https:\/\/www.joguinesbague.com\/wp-content\/uploads\/2024\/08\/24519512_ataquedelaserpiente_5.jpg","datePublished":"2024-08-23T07:30:30+00:00","dateModified":"2025-01-07T23:01:49+00:00","breadcrumb":{"@id":"https:\/\/www.joguinesbague.com\/es\/vehiculos\/hot-wheels-city-ataque-de-la-serpiente\/#breadcrumb"},"inLanguage":"es","potentialAction":[{"@type":"ReadAction","target":["https:\/\/www.joguinesbague.com\/es\/vehiculos\/hot-wheels-city-ataque-de-la-serpiente\/"]}]},{"@type":"ImageObject","inLanguage":"es","@id":"https:\/\/www.joguinesbague.com\/es\/vehiculos\/hot-wheels-city-ataque-de-la-serpiente\/#primaryimage","url":"https:\/\/www.joguinesbague.com\/wp-content\/uploads\/2024\/08\/24519512_ataquedelaserpiente_5.jpg","contentUrl":"https:\/\/www.joguinesbague.com\/wp-content\/uploads\/2024\/08\/24519512_ataquedelaserpiente_5.jpg","width":800,"height":800},{"@type":"BreadcrumbList","@id":"https:\/\/www.joguinesbague.com\/es\/vehiculos\/hot-wheels-city-ataque-de-la-serpiente\/#breadcrumb","itemListElement":[{"@type":"ListItem","position":1,"name":"Inicio","item":"https:\/\/www.joguinesbague.com\/es\/"},{"@type":"ListItem","position":2,"name":"Juguetes","item":"https:\/\/www.joguinesbague.com\/joguines\/"},{"@type":"ListItem","position":3,"name":"Veh\u00edculos","item":"https:\/\/www.joguinesbague.com\/es\/vehiculos\/"},{"@type":"ListItem","position":4,"name":"Hot Wheels City Ataque de la serpiente"}]},{"@type":"WebSite","@id":"https:\/\/www.joguinesbague.com\/es\/#website","url":"https:\/\/www.joguinesbague.com\/es\/","name":"Joguines Bagu\u00e9","description":"Tienda de juguetes en la Bisbal d'Empord\u00e0","publisher":{"@id":"https:\/\/www.joguinesbague.com\/es\/#organization"},"potentialAction":[{"@type":"SearchAction","target":{"@type":"EntryPoint","urlTemplate":"https:\/\/www.joguinesbague.com\/es\/?s={search_term_string}"},"query-input":{"@type":"PropertyValueSpecification","valueRequired":true,"valueName":"search_term_string"}}],"inLanguage":"es"},{"@type":"Organization","@id":"https:\/\/www.joguinesbague.com\/es\/#organization","name":"Joguines Bagu\u00e9","url":"https:\/\/www.joguinesbague.com\/es\/","logo":{"@type":"ImageObject","inLanguage":"es","@id":"https:\/\/www.joguinesbague.com\/es\/#\/schema\/logo\/image\/","url":"https:\/\/www.joguinesbague.com\/wp-content\/uploads\/2020\/09\/AF-logotip-bague-02-e1599126400733.png","contentUrl":"https:\/\/www.joguinesbague.com\/wp-content\/uploads\/2020\/09\/AF-logotip-bague-02-e1599126400733.png","width":1024,"height":419,"caption":"Joguines Bagu\u00e9"},"image":{"@id":"https:\/\/www.joguinesbague.com\/es\/#\/schema\/logo\/image\/"},"sameAs":["https:\/\/www.facebook.com\/Joguines-Bagu\u00e9-112374270472618","https:\/\/www.instagram.com\/joguinesbague"]}]}},"brands":[{"id":186,"name":"Mattel","slug":"mattel-es"}],"_links":{"self":[{"href":"https:\/\/www.joguinesbague.com\/es\/wp-json\/wp\/v2\/product\/20880","targetHints":{"allow":["GET"]}}],"collection":[{"href":"https:\/\/www.joguinesbague.com\/es\/wp-json\/wp\/v2\/product"}],"about":[{"href":"https:\/\/www.joguinesbague.com\/es\/wp-json\/wp\/v2\/types\/product"}],"wp:featuredmedia":[{"embeddable":true,"href":"https:\/\/www.joguinesbague.com\/es\/wp-json\/wp\/v2\/media\/20818"}],"wp:attachment":[{"href":"https:\/\/www.joguinesbague.com\/es\/wp-json\/wp\/v2\/media?parent=20880"}],"wp:term":[{"taxonomy":"pwb-brand","embeddable":true,"href":"https:\/\/www.joguinesbague.com\/es\/wp-json\/wp\/v2\/pwb-brand?post=20880"},{"taxonomy":"product_cat","embeddable":true,"href":"https:\/\/www.joguinesbague.com\/es\/wp-json\/wp\/v2\/product_cat?post=20880"},{"taxonomy":"product_tag","embeddable":true,"href":"https:\/\/www.joguinesbague.com\/es\/wp-json\/wp\/v2\/product_tag?post=20880"}],"curies":[{"name":"wp","href":"https:\/\/api.w.org\/{rel}","templated":true}]}}