{"id":20305,"date":"2024-05-10T12:10:07","date_gmt":"2024-05-10T10:12:08","guid":{"rendered":"https:\/\/www.joguinesbague.com\/sin categor\u00eda\/coche-de-rally-71430\/"},"modified":"2025-01-08T00:01:33","modified_gmt":"2025-01-07T23:01:33","slug":"coche-de-rally-71430","status":"publish","type":"product","link":"https:\/\/www.joguinesbague.com\/es\/playmobil-girona\/coche-de-rally-71430\/","title":{"rendered":"Coche de Rally 71430"},"content":{"rendered":"","protected":false},"excerpt":{"rendered":"<p>\u00a1Sube al veh\u00edculo y ponte el casco que comienza la carrera!<br \/>\nEste potente pick-up equipado para hacer rallys tiene el eje delantero m\u00f3vil y hace que el veh\u00edculo se adapte sin esfuerzo en cualquier terreno.<br \/>\nHay la posibilidad de poner un m\u00f3dulo radiocontrol (que se vende aparte) para conducir remotamente este coche en sus carreras.<\/p>\n","protected":false},"featured_media":20111,"template":"","meta":{"_acf_changed":false},"pwb-brand":[163],"product_cat":[417,263,261,148],"product_tag":[],"class_list":{"0":"post-20305","1":"product","2":"type-product","3":"status-publish","4":"has-post-thumbnail","6":"pwb-brand-playmobil-es","7":"product_cat-3-4-anos","8":"product_cat-colecciones-playmobil","9":"product_cat-ofertas-playmobil","10":"product_cat-playmobil-girona","12":"first","13":"instock","14":"sale","15":"shipping-taxable","16":"purchasable","17":"product-type-simple"},"acf":[],"yoast_head":"<!-- This site is optimized with the Yoast SEO plugin v27.2 - https:\/\/yoast.com\/product\/yoast-seo-wordpress\/ -->\n<title>Coche de Rally 71430 - Joguines Bagu\u00e9<\/title>\n<meta name=\"robots\" content=\"index, follow, max-snippet:-1, max-image-preview:large, max-video-preview:-1\" \/>\n<link rel=\"canonical\" href=\"https:\/\/www.joguinesbague.com\/es\/playmobil-girona\/coche-de-rally-71430\/\" \/>\n<meta property=\"og:locale\" content=\"es_ES\" \/>\n<meta property=\"og:type\" content=\"article\" \/>\n<meta property=\"og:title\" content=\"Coche de Rally 71430 - Joguines Bagu\u00e9\" \/>\n<meta property=\"og:description\" content=\"\u00a1Sube al veh\u00edculo y ponte el casco que comienza la carrera! Este potente pick-up equipado para hacer rallys tiene el eje delantero m\u00f3vil y hace que el veh\u00edculo se adapte sin esfuerzo en cualquier terreno. Hay la posibilidad de poner un m\u00f3dulo radiocontrol (que se vende aparte) para conducir remotamente este coche en sus carreras.\" \/>\n<meta property=\"og:url\" content=\"https:\/\/www.joguinesbague.com\/es\/playmobil-girona\/coche-de-rally-71430\/\" \/>\n<meta property=\"og:site_name\" content=\"Joguines Bagu\u00e9\" \/>\n<meta property=\"article:publisher\" content=\"https:\/\/www.facebook.com\/Joguines-Bagu%c3%a9-112374270472618\" \/>\n<meta property=\"article:modified_time\" content=\"2025-01-07T23:01:33+00:00\" \/>\n<meta property=\"og:image\" content=\"https:\/\/www.joguinesbague.com\/wp-content\/uploads\/2024\/05\/30071430_cocherally_1.jpg\" \/>\n\t<meta property=\"og:image:width\" content=\"800\" \/>\n\t<meta property=\"og:image:height\" content=\"800\" \/>\n\t<meta property=\"og:image:type\" content=\"image\/jpeg\" \/>\n<meta name=\"twitter:card\" content=\"summary_large_image\" \/>\n<script type=\"application\/ld+json\" class=\"yoast-schema-graph\">{\"@context\":\"https:\/\/schema.org\",\"@graph\":[{\"@type\":[\"WebPage\",\"ItemPage\"],\"@id\":\"https:\/\/www.joguinesbague.com\/es\/playmobil-girona\/coche-de-rally-71430\/\",\"url\":\"https:\/\/www.joguinesbague.com\/es\/playmobil-girona\/coche-de-rally-71430\/\",\"name\":\"Coche de Rally 71430 - Joguines Bagu\u00e9\",\"isPartOf\":{\"@id\":\"https:\/\/www.joguinesbague.com\/es\/#website\"},\"primaryImageOfPage\":{\"@id\":\"https:\/\/www.joguinesbague.com\/es\/playmobil-girona\/coche-de-rally-71430\/#primaryimage\"},\"image\":{\"@id\":\"https:\/\/www.joguinesbague.com\/es\/playmobil-girona\/coche-de-rally-71430\/#primaryimage\"},\"thumbnailUrl\":\"https:\/\/www.joguinesbague.com\/wp-content\/uploads\/2024\/05\/30071430_cocherally_1.jpg\",\"datePublished\":\"2024-05-10T10:12:08+00:00\",\"dateModified\":\"2025-01-07T23:01:33+00:00\",\"breadcrumb\":{\"@id\":\"https:\/\/www.joguinesbague.com\/es\/playmobil-girona\/coche-de-rally-71430\/#breadcrumb\"},\"inLanguage\":\"es\",\"potentialAction\":[{\"@type\":\"ReadAction\",\"target\":[\"https:\/\/www.joguinesbague.com\/es\/playmobil-girona\/coche-de-rally-71430\/\"]}]},{\"@type\":\"ImageObject\",\"inLanguage\":\"es\",\"@id\":\"https:\/\/www.joguinesbague.com\/es\/playmobil-girona\/coche-de-rally-71430\/#primaryimage\",\"url\":\"https:\/\/www.joguinesbague.com\/wp-content\/uploads\/2024\/05\/30071430_cocherally_1.jpg\",\"contentUrl\":\"https:\/\/www.joguinesbague.com\/wp-content\/uploads\/2024\/05\/30071430_cocherally_1.jpg\",\"width\":800,\"height\":800},{\"@type\":\"BreadcrumbList\",\"@id\":\"https:\/\/www.joguinesbague.com\/es\/playmobil-girona\/coche-de-rally-71430\/#breadcrumb\",\"itemListElement\":[{\"@type\":\"ListItem\",\"position\":1,\"name\":\"Inicio\",\"item\":\"https:\/\/www.joguinesbague.com\/es\/\"},{\"@type\":\"ListItem\",\"position\":2,\"name\":\"Juguetes\",\"item\":\"https:\/\/www.joguinesbague.com\/joguines\/\"},{\"@type\":\"ListItem\",\"position\":3,\"name\":\"Playmobil\",\"item\":\"https:\/\/www.joguinesbague.com\/es\/playmobil-girona\/\"},{\"@type\":\"ListItem\",\"position\":4,\"name\":\"Coche de Rally 71430\"}]},{\"@type\":\"WebSite\",\"@id\":\"https:\/\/www.joguinesbague.com\/es\/#website\",\"url\":\"https:\/\/www.joguinesbague.com\/es\/\",\"name\":\"Joguines Bagu\u00e9\",\"description\":\"Tienda de juguetes en la Bisbal d'Empord\u00e0\",\"publisher\":{\"@id\":\"https:\/\/www.joguinesbague.com\/es\/#organization\"},\"potentialAction\":[{\"@type\":\"SearchAction\",\"target\":{\"@type\":\"EntryPoint\",\"urlTemplate\":\"https:\/\/www.joguinesbague.com\/es\/?s={search_term_string}\"},\"query-input\":{\"@type\":\"PropertyValueSpecification\",\"valueRequired\":true,\"valueName\":\"search_term_string\"}}],\"inLanguage\":\"es\"},{\"@type\":\"Organization\",\"@id\":\"https:\/\/www.joguinesbague.com\/es\/#organization\",\"name\":\"Joguines Bagu\u00e9\",\"url\":\"https:\/\/www.joguinesbague.com\/es\/\",\"logo\":{\"@type\":\"ImageObject\",\"inLanguage\":\"es\",\"@id\":\"https:\/\/www.joguinesbague.com\/es\/#\/schema\/logo\/image\/\",\"url\":\"https:\/\/www.joguinesbague.com\/wp-content\/uploads\/2020\/09\/AF-logotip-bague-02-e1599126400733.png\",\"contentUrl\":\"https:\/\/www.joguinesbague.com\/wp-content\/uploads\/2020\/09\/AF-logotip-bague-02-e1599126400733.png\",\"width\":1024,\"height\":419,\"caption\":\"Joguines Bagu\u00e9\"},\"image\":{\"@id\":\"https:\/\/www.joguinesbague.com\/es\/#\/schema\/logo\/image\/\"},\"sameAs\":[\"https:\/\/www.facebook.com\/Joguines-Bagu\u00e9-112374270472618\",\"https:\/\/www.instagram.com\/joguinesbague\"]}]}<\/script>\n<!-- \/ Yoast SEO plugin. -->","yoast_head_json":{"title":"Coche de Rally 71430 - Joguines Bagu\u00e9","robots":{"index":"index","follow":"follow","max-snippet":"max-snippet:-1","max-image-preview":"max-image-preview:large","max-video-preview":"max-video-preview:-1"},"canonical":"https:\/\/www.joguinesbague.com\/es\/playmobil-girona\/coche-de-rally-71430\/","og_locale":"es_ES","og_type":"article","og_title":"Coche de Rally 71430 - Joguines Bagu\u00e9","og_description":"\u00a1Sube al veh\u00edculo y ponte el casco que comienza la carrera! Este potente pick-up equipado para hacer rallys tiene el eje delantero m\u00f3vil y hace que el veh\u00edculo se adapte sin esfuerzo en cualquier terreno. Hay la posibilidad de poner un m\u00f3dulo radiocontrol (que se vende aparte) para conducir remotamente este coche en sus carreras.","og_url":"https:\/\/www.joguinesbague.com\/es\/playmobil-girona\/coche-de-rally-71430\/","og_site_name":"Joguines Bagu\u00e9","article_publisher":"https:\/\/www.facebook.com\/Joguines-Bagu%c3%a9-112374270472618","article_modified_time":"2025-01-07T23:01:33+00:00","og_image":[{"width":800,"height":800,"url":"https:\/\/www.joguinesbague.com\/wp-content\/uploads\/2024\/05\/30071430_cocherally_1.jpg","type":"image\/jpeg"}],"twitter_card":"summary_large_image","schema":{"@context":"https:\/\/schema.org","@graph":[{"@type":["WebPage","ItemPage"],"@id":"https:\/\/www.joguinesbague.com\/es\/playmobil-girona\/coche-de-rally-71430\/","url":"https:\/\/www.joguinesbague.com\/es\/playmobil-girona\/coche-de-rally-71430\/","name":"Coche de Rally 71430 - Joguines Bagu\u00e9","isPartOf":{"@id":"https:\/\/www.joguinesbague.com\/es\/#website"},"primaryImageOfPage":{"@id":"https:\/\/www.joguinesbague.com\/es\/playmobil-girona\/coche-de-rally-71430\/#primaryimage"},"image":{"@id":"https:\/\/www.joguinesbague.com\/es\/playmobil-girona\/coche-de-rally-71430\/#primaryimage"},"thumbnailUrl":"https:\/\/www.joguinesbague.com\/wp-content\/uploads\/2024\/05\/30071430_cocherally_1.jpg","datePublished":"2024-05-10T10:12:08+00:00","dateModified":"2025-01-07T23:01:33+00:00","breadcrumb":{"@id":"https:\/\/www.joguinesbague.com\/es\/playmobil-girona\/coche-de-rally-71430\/#breadcrumb"},"inLanguage":"es","potentialAction":[{"@type":"ReadAction","target":["https:\/\/www.joguinesbague.com\/es\/playmobil-girona\/coche-de-rally-71430\/"]}]},{"@type":"ImageObject","inLanguage":"es","@id":"https:\/\/www.joguinesbague.com\/es\/playmobil-girona\/coche-de-rally-71430\/#primaryimage","url":"https:\/\/www.joguinesbague.com\/wp-content\/uploads\/2024\/05\/30071430_cocherally_1.jpg","contentUrl":"https:\/\/www.joguinesbague.com\/wp-content\/uploads\/2024\/05\/30071430_cocherally_1.jpg","width":800,"height":800},{"@type":"BreadcrumbList","@id":"https:\/\/www.joguinesbague.com\/es\/playmobil-girona\/coche-de-rally-71430\/#breadcrumb","itemListElement":[{"@type":"ListItem","position":1,"name":"Inicio","item":"https:\/\/www.joguinesbague.com\/es\/"},{"@type":"ListItem","position":2,"name":"Juguetes","item":"https:\/\/www.joguinesbague.com\/joguines\/"},{"@type":"ListItem","position":3,"name":"Playmobil","item":"https:\/\/www.joguinesbague.com\/es\/playmobil-girona\/"},{"@type":"ListItem","position":4,"name":"Coche de Rally 71430"}]},{"@type":"WebSite","@id":"https:\/\/www.joguinesbague.com\/es\/#website","url":"https:\/\/www.joguinesbague.com\/es\/","name":"Joguines Bagu\u00e9","description":"Tienda de juguetes en la Bisbal d'Empord\u00e0","publisher":{"@id":"https:\/\/www.joguinesbague.com\/es\/#organization"},"potentialAction":[{"@type":"SearchAction","target":{"@type":"EntryPoint","urlTemplate":"https:\/\/www.joguinesbague.com\/es\/?s={search_term_string}"},"query-input":{"@type":"PropertyValueSpecification","valueRequired":true,"valueName":"search_term_string"}}],"inLanguage":"es"},{"@type":"Organization","@id":"https:\/\/www.joguinesbague.com\/es\/#organization","name":"Joguines Bagu\u00e9","url":"https:\/\/www.joguinesbague.com\/es\/","logo":{"@type":"ImageObject","inLanguage":"es","@id":"https:\/\/www.joguinesbague.com\/es\/#\/schema\/logo\/image\/","url":"https:\/\/www.joguinesbague.com\/wp-content\/uploads\/2020\/09\/AF-logotip-bague-02-e1599126400733.png","contentUrl":"https:\/\/www.joguinesbague.com\/wp-content\/uploads\/2020\/09\/AF-logotip-bague-02-e1599126400733.png","width":1024,"height":419,"caption":"Joguines Bagu\u00e9"},"image":{"@id":"https:\/\/www.joguinesbague.com\/es\/#\/schema\/logo\/image\/"},"sameAs":["https:\/\/www.facebook.com\/Joguines-Bagu\u00e9-112374270472618","https:\/\/www.instagram.com\/joguinesbague"]}]}},"brands":[{"id":163,"name":"Playmobil","slug":"playmobil-es"}],"_links":{"self":[{"href":"https:\/\/www.joguinesbague.com\/es\/wp-json\/wp\/v2\/product\/20305","targetHints":{"allow":["GET"]}}],"collection":[{"href":"https:\/\/www.joguinesbague.com\/es\/wp-json\/wp\/v2\/product"}],"about":[{"href":"https:\/\/www.joguinesbague.com\/es\/wp-json\/wp\/v2\/types\/product"}],"wp:featuredmedia":[{"embeddable":true,"href":"https:\/\/www.joguinesbague.com\/es\/wp-json\/wp\/v2\/media\/20111"}],"wp:attachment":[{"href":"https:\/\/www.joguinesbague.com\/es\/wp-json\/wp\/v2\/media?parent=20305"}],"wp:term":[{"taxonomy":"pwb-brand","embeddable":true,"href":"https:\/\/www.joguinesbague.com\/es\/wp-json\/wp\/v2\/pwb-brand?post=20305"},{"taxonomy":"product_cat","embeddable":true,"href":"https:\/\/www.joguinesbague.com\/es\/wp-json\/wp\/v2\/product_cat?post=20305"},{"taxonomy":"product_tag","embeddable":true,"href":"https:\/\/www.joguinesbague.com\/es\/wp-json\/wp\/v2\/product_tag?post=20305"}],"curies":[{"name":"wp","href":"https:\/\/api.w.org\/{rel}","templated":true}]}}