{"id":20297,"date":"2024-05-10T09:37:40","date_gmt":"2024-05-10T07:39:11","guid":{"rendered":"https:\/\/www.joguinesbague.com\/?post_type=product&p=20297"},"modified":"2026-01-08T00:37:24","modified_gmt":"2026-01-07T23:37:24","slug":"agente-secreto-y-racer-71587","status":"publish","type":"product","link":"https:\/\/www.joguinesbague.com\/es\/playmobil-girona\/agente-secreto-y-racer-71587\/","title":{"rendered":"Agente Secreto y Racer 71587"},"content":{"rendered":"","protected":false},"excerpt":{"rendered":"<p>El Agente P tiene la misi\u00f3n de proteger el malet\u00edn con informaci\u00f3n clasificada, con su veh\u00edculo Spy Racer puede moverse por agua, tierra o aire esquivando los malhechores que le intentan robar el malet\u00edn. Si un enemigo se acerca demasiado, puede usar los ca\u00f1ones de la parte frontal del veh\u00edculo para dejarlos fuera de combate.<\/p>\n","protected":false},"featured_media":20161,"template":"","meta":{"_acf_changed":false},"pwb-brand":[163],"product_cat":[417,263,261,148],"product_tag":[],"class_list":{"0":"post-20297","1":"product","2":"type-product","3":"status-publish","4":"has-post-thumbnail","6":"pwb-brand-playmobil-es","7":"product_cat-3-4-anos","8":"product_cat-colecciones-playmobil","9":"product_cat-ofertas-playmobil","10":"product_cat-playmobil-girona","12":"first","13":"outofstock","14":"shipping-taxable","15":"purchasable","16":"product-type-simple"},"acf":[],"yoast_head":"<!-- This site is optimized with the Yoast SEO plugin v27.2 - https:\/\/yoast.com\/product\/yoast-seo-wordpress\/ -->\n<title>Agente Secreto y Racer 71587 - Joguines Bagu\u00e9<\/title>\n<meta name=\"robots\" content=\"index, follow, max-snippet:-1, max-image-preview:large, max-video-preview:-1\" \/>\n<link rel=\"canonical\" href=\"https:\/\/www.joguinesbague.com\/es\/playmobil-girona\/agente-secreto-y-racer-71587\/\" \/>\n<meta property=\"og:locale\" content=\"es_ES\" \/>\n<meta property=\"og:type\" content=\"article\" \/>\n<meta property=\"og:title\" content=\"Agente Secreto y Racer 71587 - Joguines Bagu\u00e9\" \/>\n<meta property=\"og:description\" content=\"El Agente P tiene la misi\u00f3n de proteger el malet\u00edn con informaci\u00f3n clasificada, con su veh\u00edculo Spy Racer puede moverse por agua, tierra o aire esquivando los malhechores que le intentan robar el malet\u00edn. Si un enemigo se acerca demasiado, puede usar los ca\u00f1ones de la parte frontal del veh\u00edculo para dejarlos fuera de combate.\" \/>\n<meta property=\"og:url\" content=\"https:\/\/www.joguinesbague.com\/es\/playmobil-girona\/agente-secreto-y-racer-71587\/\" \/>\n<meta property=\"og:site_name\" content=\"Joguines Bagu\u00e9\" \/>\n<meta property=\"article:publisher\" content=\"https:\/\/www.facebook.com\/Joguines-Bagu%c3%a9-112374270472618\" \/>\n<meta property=\"article:modified_time\" content=\"2026-01-07T23:37:24+00:00\" \/>\n<meta property=\"og:image\" content=\"https:\/\/www.joguinesbague.com\/wp-content\/uploads\/2024\/05\/30071587_agentsecrets_1.jpg\" \/>\n\t<meta property=\"og:image:width\" content=\"800\" \/>\n\t<meta property=\"og:image:height\" content=\"800\" \/>\n\t<meta property=\"og:image:type\" content=\"image\/jpeg\" \/>\n<meta name=\"twitter:card\" content=\"summary_large_image\" \/>\n<script type=\"application\/ld+json\" class=\"yoast-schema-graph\">{\"@context\":\"https:\/\/schema.org\",\"@graph\":[{\"@type\":[\"WebPage\",\"ItemPage\"],\"@id\":\"https:\/\/www.joguinesbague.com\/es\/playmobil-girona\/agente-secreto-y-racer-71587\/\",\"url\":\"https:\/\/www.joguinesbague.com\/es\/playmobil-girona\/agente-secreto-y-racer-71587\/\",\"name\":\"Agente Secreto y Racer 71587 - Joguines Bagu\u00e9\",\"isPartOf\":{\"@id\":\"https:\/\/www.joguinesbague.com\/es\/#website\"},\"primaryImageOfPage\":{\"@id\":\"https:\/\/www.joguinesbague.com\/es\/playmobil-girona\/agente-secreto-y-racer-71587\/#primaryimage\"},\"image\":{\"@id\":\"https:\/\/www.joguinesbague.com\/es\/playmobil-girona\/agente-secreto-y-racer-71587\/#primaryimage\"},\"thumbnailUrl\":\"https:\/\/www.joguinesbague.com\/wp-content\/uploads\/2024\/05\/30071587_agentsecrets_1.jpg\",\"datePublished\":\"2024-05-10T07:39:11+00:00\",\"dateModified\":\"2026-01-07T23:37:24+00:00\",\"breadcrumb\":{\"@id\":\"https:\/\/www.joguinesbague.com\/es\/playmobil-girona\/agente-secreto-y-racer-71587\/#breadcrumb\"},\"inLanguage\":\"es\",\"potentialAction\":[{\"@type\":\"ReadAction\",\"target\":[\"https:\/\/www.joguinesbague.com\/es\/playmobil-girona\/agente-secreto-y-racer-71587\/\"]}]},{\"@type\":\"ImageObject\",\"inLanguage\":\"es\",\"@id\":\"https:\/\/www.joguinesbague.com\/es\/playmobil-girona\/agente-secreto-y-racer-71587\/#primaryimage\",\"url\":\"https:\/\/www.joguinesbague.com\/wp-content\/uploads\/2024\/05\/30071587_agentsecrets_1.jpg\",\"contentUrl\":\"https:\/\/www.joguinesbague.com\/wp-content\/uploads\/2024\/05\/30071587_agentsecrets_1.jpg\",\"width\":800,\"height\":800},{\"@type\":\"BreadcrumbList\",\"@id\":\"https:\/\/www.joguinesbague.com\/es\/playmobil-girona\/agente-secreto-y-racer-71587\/#breadcrumb\",\"itemListElement\":[{\"@type\":\"ListItem\",\"position\":1,\"name\":\"Inicio\",\"item\":\"https:\/\/www.joguinesbague.com\/es\/\"},{\"@type\":\"ListItem\",\"position\":2,\"name\":\"Juguetes\",\"item\":\"https:\/\/www.joguinesbague.com\/joguines\/\"},{\"@type\":\"ListItem\",\"position\":3,\"name\":\"Playmobil\",\"item\":\"https:\/\/www.joguinesbague.com\/es\/playmobil-girona\/\"},{\"@type\":\"ListItem\",\"position\":4,\"name\":\"Agente Secreto y Racer 71587\"}]},{\"@type\":\"WebSite\",\"@id\":\"https:\/\/www.joguinesbague.com\/es\/#website\",\"url\":\"https:\/\/www.joguinesbague.com\/es\/\",\"name\":\"Joguines Bagu\u00e9\",\"description\":\"Tienda de juguetes en la Bisbal d'Empord\u00e0\",\"publisher\":{\"@id\":\"https:\/\/www.joguinesbague.com\/es\/#organization\"},\"potentialAction\":[{\"@type\":\"SearchAction\",\"target\":{\"@type\":\"EntryPoint\",\"urlTemplate\":\"https:\/\/www.joguinesbague.com\/es\/?s={search_term_string}\"},\"query-input\":{\"@type\":\"PropertyValueSpecification\",\"valueRequired\":true,\"valueName\":\"search_term_string\"}}],\"inLanguage\":\"es\"},{\"@type\":\"Organization\",\"@id\":\"https:\/\/www.joguinesbague.com\/es\/#organization\",\"name\":\"Joguines Bagu\u00e9\",\"url\":\"https:\/\/www.joguinesbague.com\/es\/\",\"logo\":{\"@type\":\"ImageObject\",\"inLanguage\":\"es\",\"@id\":\"https:\/\/www.joguinesbague.com\/es\/#\/schema\/logo\/image\/\",\"url\":\"https:\/\/www.joguinesbague.com\/wp-content\/uploads\/2020\/09\/AF-logotip-bague-02-e1599126400733.png\",\"contentUrl\":\"https:\/\/www.joguinesbague.com\/wp-content\/uploads\/2020\/09\/AF-logotip-bague-02-e1599126400733.png\",\"width\":1024,\"height\":419,\"caption\":\"Joguines Bagu\u00e9\"},\"image\":{\"@id\":\"https:\/\/www.joguinesbague.com\/es\/#\/schema\/logo\/image\/\"},\"sameAs\":[\"https:\/\/www.facebook.com\/Joguines-Bagu\u00e9-112374270472618\",\"https:\/\/www.instagram.com\/joguinesbague\"]}]}<\/script>\n<!-- \/ Yoast SEO plugin. -->","yoast_head_json":{"title":"Agente Secreto y Racer 71587 - Joguines Bagu\u00e9","robots":{"index":"index","follow":"follow","max-snippet":"max-snippet:-1","max-image-preview":"max-image-preview:large","max-video-preview":"max-video-preview:-1"},"canonical":"https:\/\/www.joguinesbague.com\/es\/playmobil-girona\/agente-secreto-y-racer-71587\/","og_locale":"es_ES","og_type":"article","og_title":"Agente Secreto y Racer 71587 - Joguines Bagu\u00e9","og_description":"El Agente P tiene la misi\u00f3n de proteger el malet\u00edn con informaci\u00f3n clasificada, con su veh\u00edculo Spy Racer puede moverse por agua, tierra o aire esquivando los malhechores que le intentan robar el malet\u00edn. Si un enemigo se acerca demasiado, puede usar los ca\u00f1ones de la parte frontal del veh\u00edculo para dejarlos fuera de combate.","og_url":"https:\/\/www.joguinesbague.com\/es\/playmobil-girona\/agente-secreto-y-racer-71587\/","og_site_name":"Joguines Bagu\u00e9","article_publisher":"https:\/\/www.facebook.com\/Joguines-Bagu%c3%a9-112374270472618","article_modified_time":"2026-01-07T23:37:24+00:00","og_image":[{"width":800,"height":800,"url":"https:\/\/www.joguinesbague.com\/wp-content\/uploads\/2024\/05\/30071587_agentsecrets_1.jpg","type":"image\/jpeg"}],"twitter_card":"summary_large_image","schema":{"@context":"https:\/\/schema.org","@graph":[{"@type":["WebPage","ItemPage"],"@id":"https:\/\/www.joguinesbague.com\/es\/playmobil-girona\/agente-secreto-y-racer-71587\/","url":"https:\/\/www.joguinesbague.com\/es\/playmobil-girona\/agente-secreto-y-racer-71587\/","name":"Agente Secreto y Racer 71587 - Joguines Bagu\u00e9","isPartOf":{"@id":"https:\/\/www.joguinesbague.com\/es\/#website"},"primaryImageOfPage":{"@id":"https:\/\/www.joguinesbague.com\/es\/playmobil-girona\/agente-secreto-y-racer-71587\/#primaryimage"},"image":{"@id":"https:\/\/www.joguinesbague.com\/es\/playmobil-girona\/agente-secreto-y-racer-71587\/#primaryimage"},"thumbnailUrl":"https:\/\/www.joguinesbague.com\/wp-content\/uploads\/2024\/05\/30071587_agentsecrets_1.jpg","datePublished":"2024-05-10T07:39:11+00:00","dateModified":"2026-01-07T23:37:24+00:00","breadcrumb":{"@id":"https:\/\/www.joguinesbague.com\/es\/playmobil-girona\/agente-secreto-y-racer-71587\/#breadcrumb"},"inLanguage":"es","potentialAction":[{"@type":"ReadAction","target":["https:\/\/www.joguinesbague.com\/es\/playmobil-girona\/agente-secreto-y-racer-71587\/"]}]},{"@type":"ImageObject","inLanguage":"es","@id":"https:\/\/www.joguinesbague.com\/es\/playmobil-girona\/agente-secreto-y-racer-71587\/#primaryimage","url":"https:\/\/www.joguinesbague.com\/wp-content\/uploads\/2024\/05\/30071587_agentsecrets_1.jpg","contentUrl":"https:\/\/www.joguinesbague.com\/wp-content\/uploads\/2024\/05\/30071587_agentsecrets_1.jpg","width":800,"height":800},{"@type":"BreadcrumbList","@id":"https:\/\/www.joguinesbague.com\/es\/playmobil-girona\/agente-secreto-y-racer-71587\/#breadcrumb","itemListElement":[{"@type":"ListItem","position":1,"name":"Inicio","item":"https:\/\/www.joguinesbague.com\/es\/"},{"@type":"ListItem","position":2,"name":"Juguetes","item":"https:\/\/www.joguinesbague.com\/joguines\/"},{"@type":"ListItem","position":3,"name":"Playmobil","item":"https:\/\/www.joguinesbague.com\/es\/playmobil-girona\/"},{"@type":"ListItem","position":4,"name":"Agente Secreto y Racer 71587"}]},{"@type":"WebSite","@id":"https:\/\/www.joguinesbague.com\/es\/#website","url":"https:\/\/www.joguinesbague.com\/es\/","name":"Joguines Bagu\u00e9","description":"Tienda de juguetes en la Bisbal d'Empord\u00e0","publisher":{"@id":"https:\/\/www.joguinesbague.com\/es\/#organization"},"potentialAction":[{"@type":"SearchAction","target":{"@type":"EntryPoint","urlTemplate":"https:\/\/www.joguinesbague.com\/es\/?s={search_term_string}"},"query-input":{"@type":"PropertyValueSpecification","valueRequired":true,"valueName":"search_term_string"}}],"inLanguage":"es"},{"@type":"Organization","@id":"https:\/\/www.joguinesbague.com\/es\/#organization","name":"Joguines Bagu\u00e9","url":"https:\/\/www.joguinesbague.com\/es\/","logo":{"@type":"ImageObject","inLanguage":"es","@id":"https:\/\/www.joguinesbague.com\/es\/#\/schema\/logo\/image\/","url":"https:\/\/www.joguinesbague.com\/wp-content\/uploads\/2020\/09\/AF-logotip-bague-02-e1599126400733.png","contentUrl":"https:\/\/www.joguinesbague.com\/wp-content\/uploads\/2020\/09\/AF-logotip-bague-02-e1599126400733.png","width":1024,"height":419,"caption":"Joguines Bagu\u00e9"},"image":{"@id":"https:\/\/www.joguinesbague.com\/es\/#\/schema\/logo\/image\/"},"sameAs":["https:\/\/www.facebook.com\/Joguines-Bagu\u00e9-112374270472618","https:\/\/www.instagram.com\/joguinesbague"]}]}},"brands":[{"id":163,"name":"Playmobil","slug":"playmobil-es"}],"_links":{"self":[{"href":"https:\/\/www.joguinesbague.com\/es\/wp-json\/wp\/v2\/product\/20297","targetHints":{"allow":["GET"]}}],"collection":[{"href":"https:\/\/www.joguinesbague.com\/es\/wp-json\/wp\/v2\/product"}],"about":[{"href":"https:\/\/www.joguinesbague.com\/es\/wp-json\/wp\/v2\/types\/product"}],"wp:featuredmedia":[{"embeddable":true,"href":"https:\/\/www.joguinesbague.com\/es\/wp-json\/wp\/v2\/media\/20161"}],"wp:attachment":[{"href":"https:\/\/www.joguinesbague.com\/es\/wp-json\/wp\/v2\/media?parent=20297"}],"wp:term":[{"taxonomy":"pwb-brand","embeddable":true,"href":"https:\/\/www.joguinesbague.com\/es\/wp-json\/wp\/v2\/pwb-brand?post=20297"},{"taxonomy":"product_cat","embeddable":true,"href":"https:\/\/www.joguinesbague.com\/es\/wp-json\/wp\/v2\/product_cat?post=20297"},{"taxonomy":"product_tag","embeddable":true,"href":"https:\/\/www.joguinesbague.com\/es\/wp-json\/wp\/v2\/product_tag?post=20297"}],"curies":[{"name":"wp","href":"https:\/\/api.w.org\/{rel}","templated":true}]}}