{"id":19693,"date":"2024-04-11T12:19:34","date_gmt":"2024-04-11T10:19:34","guid":{"rendered":"https:\/\/www.joguinesbague.com\/sin%20categor\u00eda\/juego-de-equilibrio-de-la-hormiga\/"},"modified":"2024-04-30T21:02:50","modified_gmt":"2024-04-30T19:02:50","slug":"juego-de-equilibrio-de-la-hormiga","status":"publish","type":"product","link":"https:\/\/www.joguinesbague.com\/es\/juguetes-de-madera\/juego-de-equilibrio-de-la-hormiga\/","title":{"rendered":"Juego de equilibrio de la hormiga"},"content":{"rendered":"","protected":false},"excerpt":{"rendered":"<p>\u00a1Ayuda a nuestra amiga la hormiga!<\/p>\n<p>Este juego es de equilibrio, habilidad y destreza perfecto para ni\u00f1as y ni\u00f1os a partir de 2 a\u00f1os. \u00bfCu\u00e1l es el objetivo? \u00a1Mantener tantas hojas como se pueda encima de la hormiga sin que se caigan, la persona que las tira es la que pierda la partida! Este juego de mesa de madera promete concentraci\u00f3n, meticulosidad y sobre todo muchas risas en familia.<\/p>\n","protected":false},"featured_media":19678,"template":"","meta":{"_acf_changed":false},"pwb-brand":[369],"product_cat":[421,305,149,365],"product_tag":[],"class_list":{"0":"post-19693","1":"product","2":"type-product","3":"status-publish","4":"has-post-thumbnail","6":"pwb-brand-janod-es-2","7":"product_cat-1-2-anos-es","8":"product_cat-juegos-de-habilidad","9":"product_cat-juegos-de-mesa","10":"product_cat-juguetes-de-madera","12":"first","13":"outofstock","14":"shipping-taxable","15":"purchasable","16":"product-type-simple"},"acf":[],"yoast_head":"<!-- This site is optimized with the Yoast SEO plugin v27.2 - https:\/\/yoast.com\/product\/yoast-seo-wordpress\/ -->\n<title>Juego de equilibrio de la hormiga - Joguines Bagu\u00e9<\/title>\n<meta name=\"robots\" content=\"index, follow, max-snippet:-1, max-image-preview:large, max-video-preview:-1\" \/>\n<link rel=\"canonical\" href=\"https:\/\/www.joguinesbague.com\/es\/juguetes-de-madera\/juego-de-equilibrio-de-la-hormiga\/\" \/>\n<meta property=\"og:locale\" content=\"es_ES\" \/>\n<meta property=\"og:type\" content=\"article\" \/>\n<meta property=\"og:title\" content=\"Juego de equilibrio de la hormiga - Joguines Bagu\u00e9\" \/>\n<meta property=\"og:description\" content=\"\u00a1Ayuda a nuestra amiga la hormiga!  Este juego es de equilibrio, habilidad y destreza perfecto para ni\u00f1as y ni\u00f1os a partir de 2 a\u00f1os. \u00bfCu\u00e1l es el objetivo? \u00a1Mantener tantas hojas como se pueda encima de la hormiga sin que se caigan, la persona que las tira es la que pierda la partida! Este juego de mesa de madera promete concentraci\u00f3n, meticulosidad y sobre todo muchas risas en familia.\" \/>\n<meta property=\"og:url\" content=\"https:\/\/www.joguinesbague.com\/es\/juguetes-de-madera\/juego-de-equilibrio-de-la-hormiga\/\" \/>\n<meta property=\"og:site_name\" content=\"Joguines Bagu\u00e9\" \/>\n<meta property=\"article:publisher\" content=\"https:\/\/www.facebook.com\/Joguines-Bagu%c3%a9-112374270472618\" \/>\n<meta property=\"article:modified_time\" content=\"2024-04-30T19:02:50+00:00\" \/>\n<meta property=\"og:image\" content=\"https:\/\/www.joguinesbague.com\/wp-content\/uploads\/2024\/04\/73534053_formiga_0.jpg\" \/>\n\t<meta property=\"og:image:width\" content=\"1280\" \/>\n\t<meta property=\"og:image:height\" content=\"1280\" \/>\n\t<meta property=\"og:image:type\" content=\"image\/jpeg\" \/>\n<meta name=\"twitter:card\" content=\"summary_large_image\" \/>\n<script type=\"application\/ld+json\" class=\"yoast-schema-graph\">{\"@context\":\"https:\/\/schema.org\",\"@graph\":[{\"@type\":[\"WebPage\",\"ItemPage\"],\"@id\":\"https:\/\/www.joguinesbague.com\/es\/juguetes-de-madera\/juego-de-equilibrio-de-la-hormiga\/\",\"url\":\"https:\/\/www.joguinesbague.com\/es\/juguetes-de-madera\/juego-de-equilibrio-de-la-hormiga\/\",\"name\":\"Juego de equilibrio de la hormiga - Joguines Bagu\u00e9\",\"isPartOf\":{\"@id\":\"https:\/\/www.joguinesbague.com\/es\/#website\"},\"primaryImageOfPage\":{\"@id\":\"https:\/\/www.joguinesbague.com\/es\/juguetes-de-madera\/juego-de-equilibrio-de-la-hormiga\/#primaryimage\"},\"image\":{\"@id\":\"https:\/\/www.joguinesbague.com\/es\/juguetes-de-madera\/juego-de-equilibrio-de-la-hormiga\/#primaryimage\"},\"thumbnailUrl\":\"https:\/\/www.joguinesbague.com\/wp-content\/uploads\/2024\/04\/73534053_formiga_0.jpg\",\"datePublished\":\"2024-04-11T10:19:34+00:00\",\"dateModified\":\"2024-04-30T19:02:50+00:00\",\"breadcrumb\":{\"@id\":\"https:\/\/www.joguinesbague.com\/es\/juguetes-de-madera\/juego-de-equilibrio-de-la-hormiga\/#breadcrumb\"},\"inLanguage\":\"es\",\"potentialAction\":[{\"@type\":\"ReadAction\",\"target\":[\"https:\/\/www.joguinesbague.com\/es\/juguetes-de-madera\/juego-de-equilibrio-de-la-hormiga\/\"]}]},{\"@type\":\"ImageObject\",\"inLanguage\":\"es\",\"@id\":\"https:\/\/www.joguinesbague.com\/es\/juguetes-de-madera\/juego-de-equilibrio-de-la-hormiga\/#primaryimage\",\"url\":\"https:\/\/www.joguinesbague.com\/wp-content\/uploads\/2024\/04\/73534053_formiga_0.jpg\",\"contentUrl\":\"https:\/\/www.joguinesbague.com\/wp-content\/uploads\/2024\/04\/73534053_formiga_0.jpg\",\"width\":1280,\"height\":1280},{\"@type\":\"BreadcrumbList\",\"@id\":\"https:\/\/www.joguinesbague.com\/es\/juguetes-de-madera\/juego-de-equilibrio-de-la-hormiga\/#breadcrumb\",\"itemListElement\":[{\"@type\":\"ListItem\",\"position\":1,\"name\":\"Inicio\",\"item\":\"https:\/\/www.joguinesbague.com\/es\/\"},{\"@type\":\"ListItem\",\"position\":2,\"name\":\"Juguetes\",\"item\":\"https:\/\/www.joguinesbague.com\/joguines\/\"},{\"@type\":\"ListItem\",\"position\":3,\"name\":\"Juguetes de madera\",\"item\":\"https:\/\/www.joguinesbague.com\/es\/juguetes-de-madera\/\"},{\"@type\":\"ListItem\",\"position\":4,\"name\":\"Juego de equilibrio de la hormiga\"}]},{\"@type\":\"WebSite\",\"@id\":\"https:\/\/www.joguinesbague.com\/es\/#website\",\"url\":\"https:\/\/www.joguinesbague.com\/es\/\",\"name\":\"Joguines Bagu\u00e9\",\"description\":\"Tienda de juguetes en la Bisbal d'Empord\u00e0\",\"publisher\":{\"@id\":\"https:\/\/www.joguinesbague.com\/es\/#organization\"},\"potentialAction\":[{\"@type\":\"SearchAction\",\"target\":{\"@type\":\"EntryPoint\",\"urlTemplate\":\"https:\/\/www.joguinesbague.com\/es\/?s={search_term_string}\"},\"query-input\":{\"@type\":\"PropertyValueSpecification\",\"valueRequired\":true,\"valueName\":\"search_term_string\"}}],\"inLanguage\":\"es\"},{\"@type\":\"Organization\",\"@id\":\"https:\/\/www.joguinesbague.com\/es\/#organization\",\"name\":\"Joguines Bagu\u00e9\",\"url\":\"https:\/\/www.joguinesbague.com\/es\/\",\"logo\":{\"@type\":\"ImageObject\",\"inLanguage\":\"es\",\"@id\":\"https:\/\/www.joguinesbague.com\/es\/#\/schema\/logo\/image\/\",\"url\":\"https:\/\/www.joguinesbague.com\/wp-content\/uploads\/2020\/09\/AF-logotip-bague-02-e1599126400733.png\",\"contentUrl\":\"https:\/\/www.joguinesbague.com\/wp-content\/uploads\/2020\/09\/AF-logotip-bague-02-e1599126400733.png\",\"width\":1024,\"height\":419,\"caption\":\"Joguines Bagu\u00e9\"},\"image\":{\"@id\":\"https:\/\/www.joguinesbague.com\/es\/#\/schema\/logo\/image\/\"},\"sameAs\":[\"https:\/\/www.facebook.com\/Joguines-Bagu\u00e9-112374270472618\",\"https:\/\/www.instagram.com\/joguinesbague\"]}]}<\/script>\n<!-- \/ Yoast SEO plugin. -->","yoast_head_json":{"title":"Juego de equilibrio de la hormiga - Joguines Bagu\u00e9","robots":{"index":"index","follow":"follow","max-snippet":"max-snippet:-1","max-image-preview":"max-image-preview:large","max-video-preview":"max-video-preview:-1"},"canonical":"https:\/\/www.joguinesbague.com\/es\/juguetes-de-madera\/juego-de-equilibrio-de-la-hormiga\/","og_locale":"es_ES","og_type":"article","og_title":"Juego de equilibrio de la hormiga - Joguines Bagu\u00e9","og_description":"\u00a1Ayuda a nuestra amiga la hormiga!  Este juego es de equilibrio, habilidad y destreza perfecto para ni\u00f1as y ni\u00f1os a partir de 2 a\u00f1os. \u00bfCu\u00e1l es el objetivo? \u00a1Mantener tantas hojas como se pueda encima de la hormiga sin que se caigan, la persona que las tira es la que pierda la partida! Este juego de mesa de madera promete concentraci\u00f3n, meticulosidad y sobre todo muchas risas en familia.","og_url":"https:\/\/www.joguinesbague.com\/es\/juguetes-de-madera\/juego-de-equilibrio-de-la-hormiga\/","og_site_name":"Joguines Bagu\u00e9","article_publisher":"https:\/\/www.facebook.com\/Joguines-Bagu%c3%a9-112374270472618","article_modified_time":"2024-04-30T19:02:50+00:00","og_image":[{"width":1280,"height":1280,"url":"https:\/\/www.joguinesbague.com\/wp-content\/uploads\/2024\/04\/73534053_formiga_0.jpg","type":"image\/jpeg"}],"twitter_card":"summary_large_image","schema":{"@context":"https:\/\/schema.org","@graph":[{"@type":["WebPage","ItemPage"],"@id":"https:\/\/www.joguinesbague.com\/es\/juguetes-de-madera\/juego-de-equilibrio-de-la-hormiga\/","url":"https:\/\/www.joguinesbague.com\/es\/juguetes-de-madera\/juego-de-equilibrio-de-la-hormiga\/","name":"Juego de equilibrio de la hormiga - Joguines Bagu\u00e9","isPartOf":{"@id":"https:\/\/www.joguinesbague.com\/es\/#website"},"primaryImageOfPage":{"@id":"https:\/\/www.joguinesbague.com\/es\/juguetes-de-madera\/juego-de-equilibrio-de-la-hormiga\/#primaryimage"},"image":{"@id":"https:\/\/www.joguinesbague.com\/es\/juguetes-de-madera\/juego-de-equilibrio-de-la-hormiga\/#primaryimage"},"thumbnailUrl":"https:\/\/www.joguinesbague.com\/wp-content\/uploads\/2024\/04\/73534053_formiga_0.jpg","datePublished":"2024-04-11T10:19:34+00:00","dateModified":"2024-04-30T19:02:50+00:00","breadcrumb":{"@id":"https:\/\/www.joguinesbague.com\/es\/juguetes-de-madera\/juego-de-equilibrio-de-la-hormiga\/#breadcrumb"},"inLanguage":"es","potentialAction":[{"@type":"ReadAction","target":["https:\/\/www.joguinesbague.com\/es\/juguetes-de-madera\/juego-de-equilibrio-de-la-hormiga\/"]}]},{"@type":"ImageObject","inLanguage":"es","@id":"https:\/\/www.joguinesbague.com\/es\/juguetes-de-madera\/juego-de-equilibrio-de-la-hormiga\/#primaryimage","url":"https:\/\/www.joguinesbague.com\/wp-content\/uploads\/2024\/04\/73534053_formiga_0.jpg","contentUrl":"https:\/\/www.joguinesbague.com\/wp-content\/uploads\/2024\/04\/73534053_formiga_0.jpg","width":1280,"height":1280},{"@type":"BreadcrumbList","@id":"https:\/\/www.joguinesbague.com\/es\/juguetes-de-madera\/juego-de-equilibrio-de-la-hormiga\/#breadcrumb","itemListElement":[{"@type":"ListItem","position":1,"name":"Inicio","item":"https:\/\/www.joguinesbague.com\/es\/"},{"@type":"ListItem","position":2,"name":"Juguetes","item":"https:\/\/www.joguinesbague.com\/joguines\/"},{"@type":"ListItem","position":3,"name":"Juguetes de madera","item":"https:\/\/www.joguinesbague.com\/es\/juguetes-de-madera\/"},{"@type":"ListItem","position":4,"name":"Juego de equilibrio de la hormiga"}]},{"@type":"WebSite","@id":"https:\/\/www.joguinesbague.com\/es\/#website","url":"https:\/\/www.joguinesbague.com\/es\/","name":"Joguines Bagu\u00e9","description":"Tienda de juguetes en la Bisbal d'Empord\u00e0","publisher":{"@id":"https:\/\/www.joguinesbague.com\/es\/#organization"},"potentialAction":[{"@type":"SearchAction","target":{"@type":"EntryPoint","urlTemplate":"https:\/\/www.joguinesbague.com\/es\/?s={search_term_string}"},"query-input":{"@type":"PropertyValueSpecification","valueRequired":true,"valueName":"search_term_string"}}],"inLanguage":"es"},{"@type":"Organization","@id":"https:\/\/www.joguinesbague.com\/es\/#organization","name":"Joguines Bagu\u00e9","url":"https:\/\/www.joguinesbague.com\/es\/","logo":{"@type":"ImageObject","inLanguage":"es","@id":"https:\/\/www.joguinesbague.com\/es\/#\/schema\/logo\/image\/","url":"https:\/\/www.joguinesbague.com\/wp-content\/uploads\/2020\/09\/AF-logotip-bague-02-e1599126400733.png","contentUrl":"https:\/\/www.joguinesbague.com\/wp-content\/uploads\/2020\/09\/AF-logotip-bague-02-e1599126400733.png","width":1024,"height":419,"caption":"Joguines Bagu\u00e9"},"image":{"@id":"https:\/\/www.joguinesbague.com\/es\/#\/schema\/logo\/image\/"},"sameAs":["https:\/\/www.facebook.com\/Joguines-Bagu\u00e9-112374270472618","https:\/\/www.instagram.com\/joguinesbague"]}]}},"brands":[{"id":369,"name":"Janod","slug":"janod-es-2"}],"_links":{"self":[{"href":"https:\/\/www.joguinesbague.com\/es\/wp-json\/wp\/v2\/product\/19693","targetHints":{"allow":["GET"]}}],"collection":[{"href":"https:\/\/www.joguinesbague.com\/es\/wp-json\/wp\/v2\/product"}],"about":[{"href":"https:\/\/www.joguinesbague.com\/es\/wp-json\/wp\/v2\/types\/product"}],"wp:featuredmedia":[{"embeddable":true,"href":"https:\/\/www.joguinesbague.com\/es\/wp-json\/wp\/v2\/media\/19678"}],"wp:attachment":[{"href":"https:\/\/www.joguinesbague.com\/es\/wp-json\/wp\/v2\/media?parent=19693"}],"wp:term":[{"taxonomy":"pwb-brand","embeddable":true,"href":"https:\/\/www.joguinesbague.com\/es\/wp-json\/wp\/v2\/pwb-brand?post=19693"},{"taxonomy":"product_cat","embeddable":true,"href":"https:\/\/www.joguinesbague.com\/es\/wp-json\/wp\/v2\/product_cat?post=19693"},{"taxonomy":"product_tag","embeddable":true,"href":"https:\/\/www.joguinesbague.com\/es\/wp-json\/wp\/v2\/product_tag?post=19693"}],"curies":[{"name":"wp","href":"https:\/\/api.w.org\/{rel}","templated":true}]}}