{"id":19582,"date":"2024-04-10T09:45:17","date_gmt":"2024-04-10T07:45:17","guid":{"rendered":"https:\/\/www.joguinesbague.com\/sin%20categor\u00eda\/andador-multiactividades-el-gato\/"},"modified":"2024-04-30T21:02:52","modified_gmt":"2024-04-30T19:02:52","slug":"andador-multiactividades-el-gato","status":"publish","type":"product","link":"https:\/\/www.joguinesbague.com\/es\/juguetes-de-madera\/andador-multiactividades-el-gato\/","title":{"rendered":"Andador multiactividades el gato"},"content":{"rendered":"","protected":false},"excerpt":{"rendered":"<p>Este bonito andador multiactividades, para empujar, est\u00e1 especialmente adaptado para aprender a andar. Gracias a su manillar con altura ajustable (de 47 a 53 cm), este andador es evolutivo y se adapta al tama\u00f1o de tu hijo o hija. Le acompa\u00f1ar\u00e1 desde los 12 meses hasta los 3 a\u00f1os: su freno invisible y extra\u00edble permite bloquear las ruedas y desbloquearlas progresivamente para controlar la velocidad del andador durante el aprendizaje. Adem\u00e1s de andar, su peque\u00f1o o peque\u00f1a podr\u00e1 probar su motricidad fina, as\u00ed como su destreza con las 8 actividades l\u00fadicas que ofrece: looping, caja de formas, rat\u00f3n para deslizar, circuito, engranaje, bot\u00f3n sonoro, ojos giratorios y juegos de fieltro para desarrollar el sentido del tacto. Las ruedas son silenciosas, ya que est\u00e1n fabricadas con goma.<\/p>\n","protected":false},"featured_media":19571,"template":"","meta":{"_acf_changed":false},"pwb-brand":[369],"product_cat":[421,365,221],"product_tag":[],"class_list":{"0":"post-19582","1":"product","2":"type-product","3":"status-publish","4":"has-post-thumbnail","6":"pwb-brand-janod-es-2","7":"product_cat-1-2-anos-es","8":"product_cat-juguetes-de-madera","9":"product_cat-primera-infancia-es","11":"first","12":"instock","13":"shipping-taxable","14":"purchasable","15":"product-type-simple"},"acf":[],"yoast_head":"<!-- This site is optimized with the Yoast SEO plugin v27.2 - https:\/\/yoast.com\/product\/yoast-seo-wordpress\/ -->\n<title>Andador multiactividades el gato - Joguines Bagu\u00e9<\/title>\n<meta name=\"robots\" content=\"index, follow, max-snippet:-1, max-image-preview:large, max-video-preview:-1\" \/>\n<link rel=\"canonical\" href=\"https:\/\/www.joguinesbague.com\/es\/juguetes-de-madera\/andador-multiactividades-el-gato\/\" \/>\n<meta property=\"og:locale\" content=\"es_ES\" \/>\n<meta property=\"og:type\" content=\"article\" \/>\n<meta property=\"og:title\" content=\"Andador multiactividades el gato - Joguines Bagu\u00e9\" \/>\n<meta property=\"og:description\" content=\"Este bonito andador multiactividades, para empujar, est\u00e1 especialmente adaptado para aprender a andar. Gracias a su manillar con altura ajustable (de 47 a 53 cm), este andador es evolutivo y se adapta al tama\u00f1o de tu hijo o hija. Le acompa\u00f1ar\u00e1 desde los 12 meses hasta los 3 a\u00f1os: su freno invisible y extra\u00edble permite bloquear las ruedas y desbloquearlas progresivamente para controlar la velocidad del andador durante el aprendizaje. Adem\u00e1s de andar, su peque\u00f1o o peque\u00f1a podr\u00e1 probar su motricidad fina, as\u00ed como su destreza con las 8 actividades l\u00fadicas que ofrece: looping, caja de formas, rat\u00f3n para deslizar, circuito, engranaje, bot\u00f3n sonoro, ojos giratorios y juegos de fieltro para desarrollar el sentido del tacto. Las ruedas son silenciosas, ya que est\u00e1n fabricadas con goma.\" \/>\n<meta property=\"og:url\" content=\"https:\/\/www.joguinesbague.com\/es\/juguetes-de-madera\/andador-multiactividades-el-gato\/\" \/>\n<meta property=\"og:site_name\" content=\"Joguines Bagu\u00e9\" \/>\n<meta property=\"article:publisher\" content=\"https:\/\/www.facebook.com\/Joguines-Bagu%c3%a9-112374270472618\" \/>\n<meta property=\"article:modified_time\" content=\"2024-04-30T19:02:52+00:00\" \/>\n<meta property=\"og:image\" content=\"https:\/\/www.joguinesbague.com\/wp-content\/uploads\/2024\/04\/73538005_caminadorgat_0.jpg\" \/>\n\t<meta property=\"og:image:width\" content=\"1280\" \/>\n\t<meta property=\"og:image:height\" content=\"1280\" \/>\n\t<meta property=\"og:image:type\" content=\"image\/jpeg\" \/>\n<meta name=\"twitter:card\" content=\"summary_large_image\" \/>\n<script type=\"application\/ld+json\" class=\"yoast-schema-graph\">{\"@context\":\"https:\/\/schema.org\",\"@graph\":[{\"@type\":[\"WebPage\",\"ItemPage\"],\"@id\":\"https:\/\/www.joguinesbague.com\/es\/juguetes-de-madera\/andador-multiactividades-el-gato\/\",\"url\":\"https:\/\/www.joguinesbague.com\/es\/juguetes-de-madera\/andador-multiactividades-el-gato\/\",\"name\":\"Andador multiactividades el gato - Joguines Bagu\u00e9\",\"isPartOf\":{\"@id\":\"https:\/\/www.joguinesbague.com\/es\/#website\"},\"primaryImageOfPage\":{\"@id\":\"https:\/\/www.joguinesbague.com\/es\/juguetes-de-madera\/andador-multiactividades-el-gato\/#primaryimage\"},\"image\":{\"@id\":\"https:\/\/www.joguinesbague.com\/es\/juguetes-de-madera\/andador-multiactividades-el-gato\/#primaryimage\"},\"thumbnailUrl\":\"https:\/\/www.joguinesbague.com\/wp-content\/uploads\/2024\/04\/73538005_caminadorgat_0.jpg\",\"datePublished\":\"2024-04-10T07:45:17+00:00\",\"dateModified\":\"2024-04-30T19:02:52+00:00\",\"breadcrumb\":{\"@id\":\"https:\/\/www.joguinesbague.com\/es\/juguetes-de-madera\/andador-multiactividades-el-gato\/#breadcrumb\"},\"inLanguage\":\"es\",\"potentialAction\":[{\"@type\":\"ReadAction\",\"target\":[\"https:\/\/www.joguinesbague.com\/es\/juguetes-de-madera\/andador-multiactividades-el-gato\/\"]}]},{\"@type\":\"ImageObject\",\"inLanguage\":\"es\",\"@id\":\"https:\/\/www.joguinesbague.com\/es\/juguetes-de-madera\/andador-multiactividades-el-gato\/#primaryimage\",\"url\":\"https:\/\/www.joguinesbague.com\/wp-content\/uploads\/2024\/04\/73538005_caminadorgat_0.jpg\",\"contentUrl\":\"https:\/\/www.joguinesbague.com\/wp-content\/uploads\/2024\/04\/73538005_caminadorgat_0.jpg\",\"width\":1280,\"height\":1280},{\"@type\":\"BreadcrumbList\",\"@id\":\"https:\/\/www.joguinesbague.com\/es\/juguetes-de-madera\/andador-multiactividades-el-gato\/#breadcrumb\",\"itemListElement\":[{\"@type\":\"ListItem\",\"position\":1,\"name\":\"Inicio\",\"item\":\"https:\/\/www.joguinesbague.com\/es\/\"},{\"@type\":\"ListItem\",\"position\":2,\"name\":\"Juguetes\",\"item\":\"https:\/\/www.joguinesbague.com\/joguines\/\"},{\"@type\":\"ListItem\",\"position\":3,\"name\":\"Juguetes de madera\",\"item\":\"https:\/\/www.joguinesbague.com\/es\/juguetes-de-madera\/\"},{\"@type\":\"ListItem\",\"position\":4,\"name\":\"Andador multiactividades el gato\"}]},{\"@type\":\"WebSite\",\"@id\":\"https:\/\/www.joguinesbague.com\/es\/#website\",\"url\":\"https:\/\/www.joguinesbague.com\/es\/\",\"name\":\"Joguines Bagu\u00e9\",\"description\":\"Tienda de juguetes en la Bisbal d'Empord\u00e0\",\"publisher\":{\"@id\":\"https:\/\/www.joguinesbague.com\/es\/#organization\"},\"potentialAction\":[{\"@type\":\"SearchAction\",\"target\":{\"@type\":\"EntryPoint\",\"urlTemplate\":\"https:\/\/www.joguinesbague.com\/es\/?s={search_term_string}\"},\"query-input\":{\"@type\":\"PropertyValueSpecification\",\"valueRequired\":true,\"valueName\":\"search_term_string\"}}],\"inLanguage\":\"es\"},{\"@type\":\"Organization\",\"@id\":\"https:\/\/www.joguinesbague.com\/es\/#organization\",\"name\":\"Joguines Bagu\u00e9\",\"url\":\"https:\/\/www.joguinesbague.com\/es\/\",\"logo\":{\"@type\":\"ImageObject\",\"inLanguage\":\"es\",\"@id\":\"https:\/\/www.joguinesbague.com\/es\/#\/schema\/logo\/image\/\",\"url\":\"https:\/\/www.joguinesbague.com\/wp-content\/uploads\/2020\/09\/AF-logotip-bague-02-e1599126400733.png\",\"contentUrl\":\"https:\/\/www.joguinesbague.com\/wp-content\/uploads\/2020\/09\/AF-logotip-bague-02-e1599126400733.png\",\"width\":1024,\"height\":419,\"caption\":\"Joguines Bagu\u00e9\"},\"image\":{\"@id\":\"https:\/\/www.joguinesbague.com\/es\/#\/schema\/logo\/image\/\"},\"sameAs\":[\"https:\/\/www.facebook.com\/Joguines-Bagu\u00e9-112374270472618\",\"https:\/\/www.instagram.com\/joguinesbague\"]}]}<\/script>\n<!-- \/ Yoast SEO plugin. -->","yoast_head_json":{"title":"Andador multiactividades el gato - Joguines Bagu\u00e9","robots":{"index":"index","follow":"follow","max-snippet":"max-snippet:-1","max-image-preview":"max-image-preview:large","max-video-preview":"max-video-preview:-1"},"canonical":"https:\/\/www.joguinesbague.com\/es\/juguetes-de-madera\/andador-multiactividades-el-gato\/","og_locale":"es_ES","og_type":"article","og_title":"Andador multiactividades el gato - Joguines Bagu\u00e9","og_description":"Este bonito andador multiactividades, para empujar, est\u00e1 especialmente adaptado para aprender a andar. Gracias a su manillar con altura ajustable (de 47 a 53 cm), este andador es evolutivo y se adapta al tama\u00f1o de tu hijo o hija. Le acompa\u00f1ar\u00e1 desde los 12 meses hasta los 3 a\u00f1os: su freno invisible y extra\u00edble permite bloquear las ruedas y desbloquearlas progresivamente para controlar la velocidad del andador durante el aprendizaje. Adem\u00e1s de andar, su peque\u00f1o o peque\u00f1a podr\u00e1 probar su motricidad fina, as\u00ed como su destreza con las 8 actividades l\u00fadicas que ofrece: looping, caja de formas, rat\u00f3n para deslizar, circuito, engranaje, bot\u00f3n sonoro, ojos giratorios y juegos de fieltro para desarrollar el sentido del tacto. Las ruedas son silenciosas, ya que est\u00e1n fabricadas con goma.","og_url":"https:\/\/www.joguinesbague.com\/es\/juguetes-de-madera\/andador-multiactividades-el-gato\/","og_site_name":"Joguines Bagu\u00e9","article_publisher":"https:\/\/www.facebook.com\/Joguines-Bagu%c3%a9-112374270472618","article_modified_time":"2024-04-30T19:02:52+00:00","og_image":[{"width":1280,"height":1280,"url":"https:\/\/www.joguinesbague.com\/wp-content\/uploads\/2024\/04\/73538005_caminadorgat_0.jpg","type":"image\/jpeg"}],"twitter_card":"summary_large_image","schema":{"@context":"https:\/\/schema.org","@graph":[{"@type":["WebPage","ItemPage"],"@id":"https:\/\/www.joguinesbague.com\/es\/juguetes-de-madera\/andador-multiactividades-el-gato\/","url":"https:\/\/www.joguinesbague.com\/es\/juguetes-de-madera\/andador-multiactividades-el-gato\/","name":"Andador multiactividades el gato - Joguines Bagu\u00e9","isPartOf":{"@id":"https:\/\/www.joguinesbague.com\/es\/#website"},"primaryImageOfPage":{"@id":"https:\/\/www.joguinesbague.com\/es\/juguetes-de-madera\/andador-multiactividades-el-gato\/#primaryimage"},"image":{"@id":"https:\/\/www.joguinesbague.com\/es\/juguetes-de-madera\/andador-multiactividades-el-gato\/#primaryimage"},"thumbnailUrl":"https:\/\/www.joguinesbague.com\/wp-content\/uploads\/2024\/04\/73538005_caminadorgat_0.jpg","datePublished":"2024-04-10T07:45:17+00:00","dateModified":"2024-04-30T19:02:52+00:00","breadcrumb":{"@id":"https:\/\/www.joguinesbague.com\/es\/juguetes-de-madera\/andador-multiactividades-el-gato\/#breadcrumb"},"inLanguage":"es","potentialAction":[{"@type":"ReadAction","target":["https:\/\/www.joguinesbague.com\/es\/juguetes-de-madera\/andador-multiactividades-el-gato\/"]}]},{"@type":"ImageObject","inLanguage":"es","@id":"https:\/\/www.joguinesbague.com\/es\/juguetes-de-madera\/andador-multiactividades-el-gato\/#primaryimage","url":"https:\/\/www.joguinesbague.com\/wp-content\/uploads\/2024\/04\/73538005_caminadorgat_0.jpg","contentUrl":"https:\/\/www.joguinesbague.com\/wp-content\/uploads\/2024\/04\/73538005_caminadorgat_0.jpg","width":1280,"height":1280},{"@type":"BreadcrumbList","@id":"https:\/\/www.joguinesbague.com\/es\/juguetes-de-madera\/andador-multiactividades-el-gato\/#breadcrumb","itemListElement":[{"@type":"ListItem","position":1,"name":"Inicio","item":"https:\/\/www.joguinesbague.com\/es\/"},{"@type":"ListItem","position":2,"name":"Juguetes","item":"https:\/\/www.joguinesbague.com\/joguines\/"},{"@type":"ListItem","position":3,"name":"Juguetes de madera","item":"https:\/\/www.joguinesbague.com\/es\/juguetes-de-madera\/"},{"@type":"ListItem","position":4,"name":"Andador multiactividades el gato"}]},{"@type":"WebSite","@id":"https:\/\/www.joguinesbague.com\/es\/#website","url":"https:\/\/www.joguinesbague.com\/es\/","name":"Joguines Bagu\u00e9","description":"Tienda de juguetes en la Bisbal d'Empord\u00e0","publisher":{"@id":"https:\/\/www.joguinesbague.com\/es\/#organization"},"potentialAction":[{"@type":"SearchAction","target":{"@type":"EntryPoint","urlTemplate":"https:\/\/www.joguinesbague.com\/es\/?s={search_term_string}"},"query-input":{"@type":"PropertyValueSpecification","valueRequired":true,"valueName":"search_term_string"}}],"inLanguage":"es"},{"@type":"Organization","@id":"https:\/\/www.joguinesbague.com\/es\/#organization","name":"Joguines Bagu\u00e9","url":"https:\/\/www.joguinesbague.com\/es\/","logo":{"@type":"ImageObject","inLanguage":"es","@id":"https:\/\/www.joguinesbague.com\/es\/#\/schema\/logo\/image\/","url":"https:\/\/www.joguinesbague.com\/wp-content\/uploads\/2020\/09\/AF-logotip-bague-02-e1599126400733.png","contentUrl":"https:\/\/www.joguinesbague.com\/wp-content\/uploads\/2020\/09\/AF-logotip-bague-02-e1599126400733.png","width":1024,"height":419,"caption":"Joguines Bagu\u00e9"},"image":{"@id":"https:\/\/www.joguinesbague.com\/es\/#\/schema\/logo\/image\/"},"sameAs":["https:\/\/www.facebook.com\/Joguines-Bagu\u00e9-112374270472618","https:\/\/www.instagram.com\/joguinesbague"]}]}},"brands":[{"id":369,"name":"Janod","slug":"janod-es-2"}],"_links":{"self":[{"href":"https:\/\/www.joguinesbague.com\/es\/wp-json\/wp\/v2\/product\/19582","targetHints":{"allow":["GET"]}}],"collection":[{"href":"https:\/\/www.joguinesbague.com\/es\/wp-json\/wp\/v2\/product"}],"about":[{"href":"https:\/\/www.joguinesbague.com\/es\/wp-json\/wp\/v2\/types\/product"}],"wp:featuredmedia":[{"embeddable":true,"href":"https:\/\/www.joguinesbague.com\/es\/wp-json\/wp\/v2\/media\/19571"}],"wp:attachment":[{"href":"https:\/\/www.joguinesbague.com\/es\/wp-json\/wp\/v2\/media?parent=19582"}],"wp:term":[{"taxonomy":"pwb-brand","embeddable":true,"href":"https:\/\/www.joguinesbague.com\/es\/wp-json\/wp\/v2\/pwb-brand?post=19582"},{"taxonomy":"product_cat","embeddable":true,"href":"https:\/\/www.joguinesbague.com\/es\/wp-json\/wp\/v2\/product_cat?post=19582"},{"taxonomy":"product_tag","embeddable":true,"href":"https:\/\/www.joguinesbague.com\/es\/wp-json\/wp\/v2\/product_tag?post=19582"}],"curies":[{"name":"wp","href":"https:\/\/api.w.org\/{rel}","templated":true}]}}