{"id":19486,"date":"2024-04-09T18:45:57","date_gmt":"2024-04-09T16:45:57","guid":{"rendered":"https:\/\/www.joguinesbague.com\/sin%20categor\u00eda\/juego-de-colores-del-pajaro-carpintero-y-las-orugas\/"},"modified":"2024-04-30T21:02:53","modified_gmt":"2024-04-30T19:02:53","slug":"juego-de-colores-del-pajaro-carpintero-y-las-orugas","status":"publish","type":"product","link":"https:\/\/www.joguinesbague.com\/es\/juguetes-de-madera\/juego-de-colores-del-pajaro-carpintero-y-las-orugas\/","title":{"rendered":"Juego de colores del pajaro carpintero y las orugas"},"content":{"rendered":"","protected":false},"excerpt":{"rendered":"<p>\u00a1\u00d1am, \u00f1am! El p\u00e1jaro carpintero tiene hambre, ven y ay\u00fadale a comer las deliciosas orugas, \u00a1pero cuidado, es muy impaciente! S\u00e9 el primero en darle todas las orugas de tu juego. Utilizando las pinzas de madera, los participantes deber\u00e1n alimentar al p\u00e1jaro poniendo en su pico la oruga que corresponda al color indicado en el dado.<br \/>\nEste juego es ideal para desarrollar la destreza y la motricidad fina, as\u00ed como la memoria visual gracias al reconocimiento de los colores. Se recomienda a partir de 2 a\u00f1os.<\/p>\n","protected":false},"featured_media":19485,"template":"","meta":{"_acf_changed":false},"pwb-brand":[369],"product_cat":[421,305,149,365],"product_tag":[],"class_list":{"0":"post-19486","1":"product","2":"type-product","3":"status-publish","4":"has-post-thumbnail","6":"pwb-brand-janod-es-2","7":"product_cat-1-2-anos-es","8":"product_cat-juegos-de-habilidad","9":"product_cat-juegos-de-mesa","10":"product_cat-juguetes-de-madera","12":"first","13":"instock","14":"shipping-taxable","15":"purchasable","16":"product-type-simple"},"acf":[],"yoast_head":"<!-- This site is optimized with the Yoast SEO plugin v27.2 - https:\/\/yoast.com\/product\/yoast-seo-wordpress\/ -->\n<title>Juego de colores del pajaro carpintero y las orugas - Joguines Bagu\u00e9<\/title>\n<meta name=\"robots\" content=\"index, follow, max-snippet:-1, max-image-preview:large, max-video-preview:-1\" \/>\n<link rel=\"canonical\" href=\"https:\/\/www.joguinesbague.com\/es\/juguetes-de-madera\/juego-de-colores-del-pajaro-carpintero-y-las-orugas\/\" \/>\n<meta property=\"og:locale\" content=\"es_ES\" \/>\n<meta property=\"og:type\" content=\"article\" \/>\n<meta property=\"og:title\" content=\"Juego de colores del pajaro carpintero y las orugas - Joguines Bagu\u00e9\" \/>\n<meta property=\"og:description\" content=\"\u00a1\u00d1am, \u00f1am! El p\u00e1jaro carpintero tiene hambre, ven y ay\u00fadale a comer las deliciosas orugas, \u00a1pero cuidado, es muy impaciente! S\u00e9 el primero en darle todas las orugas de tu juego. Utilizando las pinzas de madera, los participantes deber\u00e1n alimentar al p\u00e1jaro poniendo en su pico la oruga que corresponda al color indicado en el dado. Este juego es ideal para desarrollar la destreza y la motricidad fina, as\u00ed como la memoria visual gracias al reconocimiento de los colores. Se recomienda a partir de 2 a\u00f1os.\" \/>\n<meta property=\"og:url\" content=\"https:\/\/www.joguinesbague.com\/es\/juguetes-de-madera\/juego-de-colores-del-pajaro-carpintero-y-las-orugas\/\" \/>\n<meta property=\"og:site_name\" content=\"Joguines Bagu\u00e9\" \/>\n<meta property=\"article:publisher\" content=\"https:\/\/www.facebook.com\/Joguines-Bagu%c3%a9-112374270472618\" \/>\n<meta property=\"article:modified_time\" content=\"2024-04-30T19:02:53+00:00\" \/>\n<meta property=\"og:image\" content=\"https:\/\/www.joguinesbague.com\/wp-content\/uploads\/2024\/04\/73538641_jococell_0.jpg\" \/>\n\t<meta property=\"og:image:width\" content=\"800\" \/>\n\t<meta property=\"og:image:height\" content=\"800\" \/>\n\t<meta property=\"og:image:type\" content=\"image\/jpeg\" \/>\n<meta name=\"twitter:card\" content=\"summary_large_image\" \/>\n<script type=\"application\/ld+json\" class=\"yoast-schema-graph\">{\"@context\":\"https:\/\/schema.org\",\"@graph\":[{\"@type\":[\"WebPage\",\"ItemPage\"],\"@id\":\"https:\/\/www.joguinesbague.com\/es\/juguetes-de-madera\/juego-de-colores-del-pajaro-carpintero-y-las-orugas\/\",\"url\":\"https:\/\/www.joguinesbague.com\/es\/juguetes-de-madera\/juego-de-colores-del-pajaro-carpintero-y-las-orugas\/\",\"name\":\"Juego de colores del pajaro carpintero y las orugas - Joguines Bagu\u00e9\",\"isPartOf\":{\"@id\":\"https:\/\/www.joguinesbague.com\/es\/#website\"},\"primaryImageOfPage\":{\"@id\":\"https:\/\/www.joguinesbague.com\/es\/juguetes-de-madera\/juego-de-colores-del-pajaro-carpintero-y-las-orugas\/#primaryimage\"},\"image\":{\"@id\":\"https:\/\/www.joguinesbague.com\/es\/juguetes-de-madera\/juego-de-colores-del-pajaro-carpintero-y-las-orugas\/#primaryimage\"},\"thumbnailUrl\":\"https:\/\/www.joguinesbague.com\/wp-content\/uploads\/2024\/04\/73538641_jococell_0.jpg\",\"datePublished\":\"2024-04-09T16:45:57+00:00\",\"dateModified\":\"2024-04-30T19:02:53+00:00\",\"breadcrumb\":{\"@id\":\"https:\/\/www.joguinesbague.com\/es\/juguetes-de-madera\/juego-de-colores-del-pajaro-carpintero-y-las-orugas\/#breadcrumb\"},\"inLanguage\":\"es\",\"potentialAction\":[{\"@type\":\"ReadAction\",\"target\":[\"https:\/\/www.joguinesbague.com\/es\/juguetes-de-madera\/juego-de-colores-del-pajaro-carpintero-y-las-orugas\/\"]}]},{\"@type\":\"ImageObject\",\"inLanguage\":\"es\",\"@id\":\"https:\/\/www.joguinesbague.com\/es\/juguetes-de-madera\/juego-de-colores-del-pajaro-carpintero-y-las-orugas\/#primaryimage\",\"url\":\"https:\/\/www.joguinesbague.com\/wp-content\/uploads\/2024\/04\/73538641_jococell_0.jpg\",\"contentUrl\":\"https:\/\/www.joguinesbague.com\/wp-content\/uploads\/2024\/04\/73538641_jococell_0.jpg\",\"width\":800,\"height\":800},{\"@type\":\"BreadcrumbList\",\"@id\":\"https:\/\/www.joguinesbague.com\/es\/juguetes-de-madera\/juego-de-colores-del-pajaro-carpintero-y-las-orugas\/#breadcrumb\",\"itemListElement\":[{\"@type\":\"ListItem\",\"position\":1,\"name\":\"Inicio\",\"item\":\"https:\/\/www.joguinesbague.com\/es\/\"},{\"@type\":\"ListItem\",\"position\":2,\"name\":\"Juguetes\",\"item\":\"https:\/\/www.joguinesbague.com\/joguines\/\"},{\"@type\":\"ListItem\",\"position\":3,\"name\":\"Juguetes de madera\",\"item\":\"https:\/\/www.joguinesbague.com\/es\/juguetes-de-madera\/\"},{\"@type\":\"ListItem\",\"position\":4,\"name\":\"Juego de colores del pajaro carpintero y las orugas\"}]},{\"@type\":\"WebSite\",\"@id\":\"https:\/\/www.joguinesbague.com\/es\/#website\",\"url\":\"https:\/\/www.joguinesbague.com\/es\/\",\"name\":\"Joguines Bagu\u00e9\",\"description\":\"Tienda de juguetes en la Bisbal d'Empord\u00e0\",\"publisher\":{\"@id\":\"https:\/\/www.joguinesbague.com\/es\/#organization\"},\"potentialAction\":[{\"@type\":\"SearchAction\",\"target\":{\"@type\":\"EntryPoint\",\"urlTemplate\":\"https:\/\/www.joguinesbague.com\/es\/?s={search_term_string}\"},\"query-input\":{\"@type\":\"PropertyValueSpecification\",\"valueRequired\":true,\"valueName\":\"search_term_string\"}}],\"inLanguage\":\"es\"},{\"@type\":\"Organization\",\"@id\":\"https:\/\/www.joguinesbague.com\/es\/#organization\",\"name\":\"Joguines Bagu\u00e9\",\"url\":\"https:\/\/www.joguinesbague.com\/es\/\",\"logo\":{\"@type\":\"ImageObject\",\"inLanguage\":\"es\",\"@id\":\"https:\/\/www.joguinesbague.com\/es\/#\/schema\/logo\/image\/\",\"url\":\"https:\/\/www.joguinesbague.com\/wp-content\/uploads\/2020\/09\/AF-logotip-bague-02-e1599126400733.png\",\"contentUrl\":\"https:\/\/www.joguinesbague.com\/wp-content\/uploads\/2020\/09\/AF-logotip-bague-02-e1599126400733.png\",\"width\":1024,\"height\":419,\"caption\":\"Joguines Bagu\u00e9\"},\"image\":{\"@id\":\"https:\/\/www.joguinesbague.com\/es\/#\/schema\/logo\/image\/\"},\"sameAs\":[\"https:\/\/www.facebook.com\/Joguines-Bagu\u00e9-112374270472618\",\"https:\/\/www.instagram.com\/joguinesbague\"]}]}<\/script>\n<!-- \/ Yoast SEO plugin. -->","yoast_head_json":{"title":"Juego de colores del pajaro carpintero y las orugas - Joguines Bagu\u00e9","robots":{"index":"index","follow":"follow","max-snippet":"max-snippet:-1","max-image-preview":"max-image-preview:large","max-video-preview":"max-video-preview:-1"},"canonical":"https:\/\/www.joguinesbague.com\/es\/juguetes-de-madera\/juego-de-colores-del-pajaro-carpintero-y-las-orugas\/","og_locale":"es_ES","og_type":"article","og_title":"Juego de colores del pajaro carpintero y las orugas - Joguines Bagu\u00e9","og_description":"\u00a1\u00d1am, \u00f1am! El p\u00e1jaro carpintero tiene hambre, ven y ay\u00fadale a comer las deliciosas orugas, \u00a1pero cuidado, es muy impaciente! S\u00e9 el primero en darle todas las orugas de tu juego. Utilizando las pinzas de madera, los participantes deber\u00e1n alimentar al p\u00e1jaro poniendo en su pico la oruga que corresponda al color indicado en el dado. Este juego es ideal para desarrollar la destreza y la motricidad fina, as\u00ed como la memoria visual gracias al reconocimiento de los colores. Se recomienda a partir de 2 a\u00f1os.","og_url":"https:\/\/www.joguinesbague.com\/es\/juguetes-de-madera\/juego-de-colores-del-pajaro-carpintero-y-las-orugas\/","og_site_name":"Joguines Bagu\u00e9","article_publisher":"https:\/\/www.facebook.com\/Joguines-Bagu%c3%a9-112374270472618","article_modified_time":"2024-04-30T19:02:53+00:00","og_image":[{"width":800,"height":800,"url":"https:\/\/www.joguinesbague.com\/wp-content\/uploads\/2024\/04\/73538641_jococell_0.jpg","type":"image\/jpeg"}],"twitter_card":"summary_large_image","schema":{"@context":"https:\/\/schema.org","@graph":[{"@type":["WebPage","ItemPage"],"@id":"https:\/\/www.joguinesbague.com\/es\/juguetes-de-madera\/juego-de-colores-del-pajaro-carpintero-y-las-orugas\/","url":"https:\/\/www.joguinesbague.com\/es\/juguetes-de-madera\/juego-de-colores-del-pajaro-carpintero-y-las-orugas\/","name":"Juego de colores del pajaro carpintero y las orugas - Joguines Bagu\u00e9","isPartOf":{"@id":"https:\/\/www.joguinesbague.com\/es\/#website"},"primaryImageOfPage":{"@id":"https:\/\/www.joguinesbague.com\/es\/juguetes-de-madera\/juego-de-colores-del-pajaro-carpintero-y-las-orugas\/#primaryimage"},"image":{"@id":"https:\/\/www.joguinesbague.com\/es\/juguetes-de-madera\/juego-de-colores-del-pajaro-carpintero-y-las-orugas\/#primaryimage"},"thumbnailUrl":"https:\/\/www.joguinesbague.com\/wp-content\/uploads\/2024\/04\/73538641_jococell_0.jpg","datePublished":"2024-04-09T16:45:57+00:00","dateModified":"2024-04-30T19:02:53+00:00","breadcrumb":{"@id":"https:\/\/www.joguinesbague.com\/es\/juguetes-de-madera\/juego-de-colores-del-pajaro-carpintero-y-las-orugas\/#breadcrumb"},"inLanguage":"es","potentialAction":[{"@type":"ReadAction","target":["https:\/\/www.joguinesbague.com\/es\/juguetes-de-madera\/juego-de-colores-del-pajaro-carpintero-y-las-orugas\/"]}]},{"@type":"ImageObject","inLanguage":"es","@id":"https:\/\/www.joguinesbague.com\/es\/juguetes-de-madera\/juego-de-colores-del-pajaro-carpintero-y-las-orugas\/#primaryimage","url":"https:\/\/www.joguinesbague.com\/wp-content\/uploads\/2024\/04\/73538641_jococell_0.jpg","contentUrl":"https:\/\/www.joguinesbague.com\/wp-content\/uploads\/2024\/04\/73538641_jococell_0.jpg","width":800,"height":800},{"@type":"BreadcrumbList","@id":"https:\/\/www.joguinesbague.com\/es\/juguetes-de-madera\/juego-de-colores-del-pajaro-carpintero-y-las-orugas\/#breadcrumb","itemListElement":[{"@type":"ListItem","position":1,"name":"Inicio","item":"https:\/\/www.joguinesbague.com\/es\/"},{"@type":"ListItem","position":2,"name":"Juguetes","item":"https:\/\/www.joguinesbague.com\/joguines\/"},{"@type":"ListItem","position":3,"name":"Juguetes de madera","item":"https:\/\/www.joguinesbague.com\/es\/juguetes-de-madera\/"},{"@type":"ListItem","position":4,"name":"Juego de colores del pajaro carpintero y las orugas"}]},{"@type":"WebSite","@id":"https:\/\/www.joguinesbague.com\/es\/#website","url":"https:\/\/www.joguinesbague.com\/es\/","name":"Joguines Bagu\u00e9","description":"Tienda de juguetes en la Bisbal d'Empord\u00e0","publisher":{"@id":"https:\/\/www.joguinesbague.com\/es\/#organization"},"potentialAction":[{"@type":"SearchAction","target":{"@type":"EntryPoint","urlTemplate":"https:\/\/www.joguinesbague.com\/es\/?s={search_term_string}"},"query-input":{"@type":"PropertyValueSpecification","valueRequired":true,"valueName":"search_term_string"}}],"inLanguage":"es"},{"@type":"Organization","@id":"https:\/\/www.joguinesbague.com\/es\/#organization","name":"Joguines Bagu\u00e9","url":"https:\/\/www.joguinesbague.com\/es\/","logo":{"@type":"ImageObject","inLanguage":"es","@id":"https:\/\/www.joguinesbague.com\/es\/#\/schema\/logo\/image\/","url":"https:\/\/www.joguinesbague.com\/wp-content\/uploads\/2020\/09\/AF-logotip-bague-02-e1599126400733.png","contentUrl":"https:\/\/www.joguinesbague.com\/wp-content\/uploads\/2020\/09\/AF-logotip-bague-02-e1599126400733.png","width":1024,"height":419,"caption":"Joguines Bagu\u00e9"},"image":{"@id":"https:\/\/www.joguinesbague.com\/es\/#\/schema\/logo\/image\/"},"sameAs":["https:\/\/www.facebook.com\/Joguines-Bagu\u00e9-112374270472618","https:\/\/www.instagram.com\/joguinesbague"]}]}},"brands":[{"id":369,"name":"Janod","slug":"janod-es-2"}],"_links":{"self":[{"href":"https:\/\/www.joguinesbague.com\/es\/wp-json\/wp\/v2\/product\/19486","targetHints":{"allow":["GET"]}}],"collection":[{"href":"https:\/\/www.joguinesbague.com\/es\/wp-json\/wp\/v2\/product"}],"about":[{"href":"https:\/\/www.joguinesbague.com\/es\/wp-json\/wp\/v2\/types\/product"}],"wp:featuredmedia":[{"embeddable":true,"href":"https:\/\/www.joguinesbague.com\/es\/wp-json\/wp\/v2\/media\/19485"}],"wp:attachment":[{"href":"https:\/\/www.joguinesbague.com\/es\/wp-json\/wp\/v2\/media?parent=19486"}],"wp:term":[{"taxonomy":"pwb-brand","embeddable":true,"href":"https:\/\/www.joguinesbague.com\/es\/wp-json\/wp\/v2\/pwb-brand?post=19486"},{"taxonomy":"product_cat","embeddable":true,"href":"https:\/\/www.joguinesbague.com\/es\/wp-json\/wp\/v2\/product_cat?post=19486"},{"taxonomy":"product_tag","embeddable":true,"href":"https:\/\/www.joguinesbague.com\/es\/wp-json\/wp\/v2\/product_tag?post=19486"}],"curies":[{"name":"wp","href":"https:\/\/api.w.org\/{rel}","templated":true}]}}