{"id":19159,"date":"2024-04-03T10:20:02","date_gmt":"2024-04-03T08:20:02","guid":{"rendered":"https:\/\/www.joguinesbague.com\/sin%20categor\u00eda\/camara-de-fotos\/"},"modified":"2024-04-30T21:02:55","modified_gmt":"2024-04-30T19:02:55","slug":"camara-de-fotos","status":"publish","type":"product","link":"https:\/\/www.joguinesbague.com\/es\/primera-infancia-es\/camara-de-fotos\/","title":{"rendered":"C\u00e1mara de fotos"},"content":{"rendered":"","protected":false},"excerpt":{"rendered":"<p>\u00a11, 2, 3 Sonr\u00ede! Una c\u00e1mara de fotos l\u00fadica para imitar a los mayores. Solo hay que pulsar el bot\u00f3n para activar el sonido y el flash. A trav\u00e9s del visor caleidoscopio, los ni\u00f1os y ni\u00f1as descubrir\u00e1n formas y colores extraordinarios.<br \/>\nEste juguete es ideal para fomentar la imaginaci\u00f3n, el producto incluye una funda de silicona extra\u00edble para favorecer el agarre del juguete. Funciona con 3 pilas (LR44) incluidas.<\/p>\n","protected":false},"featured_media":19151,"template":"","meta":{"_acf_changed":false},"pwb-brand":[369],"product_cat":[421,365,221],"product_tag":[],"class_list":{"0":"post-19159","1":"product","2":"type-product","3":"status-publish","4":"has-post-thumbnail","6":"pwb-brand-janod-es-2","7":"product_cat-1-2-anos-es","8":"product_cat-juguetes-de-madera","9":"product_cat-primera-infancia-es","11":"first","12":"instock","13":"shipping-taxable","14":"purchasable","15":"product-type-simple"},"acf":[],"yoast_head":"<!-- This site is optimized with the Yoast SEO plugin v27.2 - https:\/\/yoast.com\/product\/yoast-seo-wordpress\/ -->\n<title>C\u00e1mara de fotos - Joguines Bagu\u00e9<\/title>\n<meta name=\"robots\" content=\"index, follow, max-snippet:-1, max-image-preview:large, max-video-preview:-1\" \/>\n<link rel=\"canonical\" href=\"https:\/\/www.joguinesbague.com\/es\/primera-infancia-es\/camara-de-fotos\/\" \/>\n<meta property=\"og:locale\" content=\"es_ES\" \/>\n<meta property=\"og:type\" content=\"article\" \/>\n<meta property=\"og:title\" content=\"C\u00e1mara de fotos - Joguines Bagu\u00e9\" \/>\n<meta property=\"og:description\" content=\"\u00a11, 2, 3 Sonr\u00ede! Una c\u00e1mara de fotos l\u00fadica para imitar a los mayores. Solo hay que pulsar el bot\u00f3n para activar el sonido y el flash. A trav\u00e9s del visor caleidoscopio, los ni\u00f1os y ni\u00f1as descubrir\u00e1n formas y colores extraordinarios. Este juguete es ideal para fomentar la imaginaci\u00f3n, el producto incluye una funda de silicona extra\u00edble para favorecer el agarre del juguete. Funciona con 3 pilas (LR44) incluidas.\" \/>\n<meta property=\"og:url\" content=\"https:\/\/www.joguinesbague.com\/es\/primera-infancia-es\/camara-de-fotos\/\" \/>\n<meta property=\"og:site_name\" content=\"Joguines Bagu\u00e9\" \/>\n<meta property=\"article:publisher\" content=\"https:\/\/www.facebook.com\/Joguines-Bagu%c3%a9-112374270472618\" \/>\n<meta property=\"article:modified_time\" content=\"2024-04-30T19:02:55+00:00\" \/>\n<meta property=\"og:image\" content=\"https:\/\/www.joguinesbague.com\/wp-content\/uploads\/2024\/04\/73535381_camara_3.jpg\" \/>\n\t<meta property=\"og:image:width\" content=\"700\" \/>\n\t<meta property=\"og:image:height\" content=\"700\" \/>\n\t<meta property=\"og:image:type\" content=\"image\/jpeg\" \/>\n<meta name=\"twitter:card\" content=\"summary_large_image\" \/>\n<script type=\"application\/ld+json\" class=\"yoast-schema-graph\">{\"@context\":\"https:\/\/schema.org\",\"@graph\":[{\"@type\":[\"WebPage\",\"ItemPage\"],\"@id\":\"https:\/\/www.joguinesbague.com\/es\/primera-infancia-es\/camara-de-fotos\/\",\"url\":\"https:\/\/www.joguinesbague.com\/es\/primera-infancia-es\/camara-de-fotos\/\",\"name\":\"C\u00e1mara de fotos - Joguines Bagu\u00e9\",\"isPartOf\":{\"@id\":\"https:\/\/www.joguinesbague.com\/es\/#website\"},\"primaryImageOfPage\":{\"@id\":\"https:\/\/www.joguinesbague.com\/es\/primera-infancia-es\/camara-de-fotos\/#primaryimage\"},\"image\":{\"@id\":\"https:\/\/www.joguinesbague.com\/es\/primera-infancia-es\/camara-de-fotos\/#primaryimage\"},\"thumbnailUrl\":\"https:\/\/www.joguinesbague.com\/wp-content\/uploads\/2024\/04\/73535381_camara_3.jpg\",\"datePublished\":\"2024-04-03T08:20:02+00:00\",\"dateModified\":\"2024-04-30T19:02:55+00:00\",\"breadcrumb\":{\"@id\":\"https:\/\/www.joguinesbague.com\/es\/primera-infancia-es\/camara-de-fotos\/#breadcrumb\"},\"inLanguage\":\"es\",\"potentialAction\":[{\"@type\":\"ReadAction\",\"target\":[\"https:\/\/www.joguinesbague.com\/es\/primera-infancia-es\/camara-de-fotos\/\"]}]},{\"@type\":\"ImageObject\",\"inLanguage\":\"es\",\"@id\":\"https:\/\/www.joguinesbague.com\/es\/primera-infancia-es\/camara-de-fotos\/#primaryimage\",\"url\":\"https:\/\/www.joguinesbague.com\/wp-content\/uploads\/2024\/04\/73535381_camara_3.jpg\",\"contentUrl\":\"https:\/\/www.joguinesbague.com\/wp-content\/uploads\/2024\/04\/73535381_camara_3.jpg\",\"width\":700,\"height\":700},{\"@type\":\"BreadcrumbList\",\"@id\":\"https:\/\/www.joguinesbague.com\/es\/primera-infancia-es\/camara-de-fotos\/#breadcrumb\",\"itemListElement\":[{\"@type\":\"ListItem\",\"position\":1,\"name\":\"Inicio\",\"item\":\"https:\/\/www.joguinesbague.com\/es\/\"},{\"@type\":\"ListItem\",\"position\":2,\"name\":\"Juguetes\",\"item\":\"https:\/\/www.joguinesbague.com\/joguines\/\"},{\"@type\":\"ListItem\",\"position\":3,\"name\":\"Primera infancia\",\"item\":\"https:\/\/www.joguinesbague.com\/es\/primera-infancia-es\/\"},{\"@type\":\"ListItem\",\"position\":4,\"name\":\"C\u00e1mara de fotos\"}]},{\"@type\":\"WebSite\",\"@id\":\"https:\/\/www.joguinesbague.com\/es\/#website\",\"url\":\"https:\/\/www.joguinesbague.com\/es\/\",\"name\":\"Joguines Bagu\u00e9\",\"description\":\"Tienda de juguetes en la Bisbal d'Empord\u00e0\",\"publisher\":{\"@id\":\"https:\/\/www.joguinesbague.com\/es\/#organization\"},\"potentialAction\":[{\"@type\":\"SearchAction\",\"target\":{\"@type\":\"EntryPoint\",\"urlTemplate\":\"https:\/\/www.joguinesbague.com\/es\/?s={search_term_string}\"},\"query-input\":{\"@type\":\"PropertyValueSpecification\",\"valueRequired\":true,\"valueName\":\"search_term_string\"}}],\"inLanguage\":\"es\"},{\"@type\":\"Organization\",\"@id\":\"https:\/\/www.joguinesbague.com\/es\/#organization\",\"name\":\"Joguines Bagu\u00e9\",\"url\":\"https:\/\/www.joguinesbague.com\/es\/\",\"logo\":{\"@type\":\"ImageObject\",\"inLanguage\":\"es\",\"@id\":\"https:\/\/www.joguinesbague.com\/es\/#\/schema\/logo\/image\/\",\"url\":\"https:\/\/www.joguinesbague.com\/wp-content\/uploads\/2020\/09\/AF-logotip-bague-02-e1599126400733.png\",\"contentUrl\":\"https:\/\/www.joguinesbague.com\/wp-content\/uploads\/2020\/09\/AF-logotip-bague-02-e1599126400733.png\",\"width\":1024,\"height\":419,\"caption\":\"Joguines Bagu\u00e9\"},\"image\":{\"@id\":\"https:\/\/www.joguinesbague.com\/es\/#\/schema\/logo\/image\/\"},\"sameAs\":[\"https:\/\/www.facebook.com\/Joguines-Bagu\u00e9-112374270472618\",\"https:\/\/www.instagram.com\/joguinesbague\"]}]}<\/script>\n<!-- \/ Yoast SEO plugin. -->","yoast_head_json":{"title":"C\u00e1mara de fotos - Joguines Bagu\u00e9","robots":{"index":"index","follow":"follow","max-snippet":"max-snippet:-1","max-image-preview":"max-image-preview:large","max-video-preview":"max-video-preview:-1"},"canonical":"https:\/\/www.joguinesbague.com\/es\/primera-infancia-es\/camara-de-fotos\/","og_locale":"es_ES","og_type":"article","og_title":"C\u00e1mara de fotos - Joguines Bagu\u00e9","og_description":"\u00a11, 2, 3 Sonr\u00ede! Una c\u00e1mara de fotos l\u00fadica para imitar a los mayores. Solo hay que pulsar el bot\u00f3n para activar el sonido y el flash. A trav\u00e9s del visor caleidoscopio, los ni\u00f1os y ni\u00f1as descubrir\u00e1n formas y colores extraordinarios. Este juguete es ideal para fomentar la imaginaci\u00f3n, el producto incluye una funda de silicona extra\u00edble para favorecer el agarre del juguete. Funciona con 3 pilas (LR44) incluidas.","og_url":"https:\/\/www.joguinesbague.com\/es\/primera-infancia-es\/camara-de-fotos\/","og_site_name":"Joguines Bagu\u00e9","article_publisher":"https:\/\/www.facebook.com\/Joguines-Bagu%c3%a9-112374270472618","article_modified_time":"2024-04-30T19:02:55+00:00","og_image":[{"width":700,"height":700,"url":"https:\/\/www.joguinesbague.com\/wp-content\/uploads\/2024\/04\/73535381_camara_3.jpg","type":"image\/jpeg"}],"twitter_card":"summary_large_image","schema":{"@context":"https:\/\/schema.org","@graph":[{"@type":["WebPage","ItemPage"],"@id":"https:\/\/www.joguinesbague.com\/es\/primera-infancia-es\/camara-de-fotos\/","url":"https:\/\/www.joguinesbague.com\/es\/primera-infancia-es\/camara-de-fotos\/","name":"C\u00e1mara de fotos - Joguines Bagu\u00e9","isPartOf":{"@id":"https:\/\/www.joguinesbague.com\/es\/#website"},"primaryImageOfPage":{"@id":"https:\/\/www.joguinesbague.com\/es\/primera-infancia-es\/camara-de-fotos\/#primaryimage"},"image":{"@id":"https:\/\/www.joguinesbague.com\/es\/primera-infancia-es\/camara-de-fotos\/#primaryimage"},"thumbnailUrl":"https:\/\/www.joguinesbague.com\/wp-content\/uploads\/2024\/04\/73535381_camara_3.jpg","datePublished":"2024-04-03T08:20:02+00:00","dateModified":"2024-04-30T19:02:55+00:00","breadcrumb":{"@id":"https:\/\/www.joguinesbague.com\/es\/primera-infancia-es\/camara-de-fotos\/#breadcrumb"},"inLanguage":"es","potentialAction":[{"@type":"ReadAction","target":["https:\/\/www.joguinesbague.com\/es\/primera-infancia-es\/camara-de-fotos\/"]}]},{"@type":"ImageObject","inLanguage":"es","@id":"https:\/\/www.joguinesbague.com\/es\/primera-infancia-es\/camara-de-fotos\/#primaryimage","url":"https:\/\/www.joguinesbague.com\/wp-content\/uploads\/2024\/04\/73535381_camara_3.jpg","contentUrl":"https:\/\/www.joguinesbague.com\/wp-content\/uploads\/2024\/04\/73535381_camara_3.jpg","width":700,"height":700},{"@type":"BreadcrumbList","@id":"https:\/\/www.joguinesbague.com\/es\/primera-infancia-es\/camara-de-fotos\/#breadcrumb","itemListElement":[{"@type":"ListItem","position":1,"name":"Inicio","item":"https:\/\/www.joguinesbague.com\/es\/"},{"@type":"ListItem","position":2,"name":"Juguetes","item":"https:\/\/www.joguinesbague.com\/joguines\/"},{"@type":"ListItem","position":3,"name":"Primera infancia","item":"https:\/\/www.joguinesbague.com\/es\/primera-infancia-es\/"},{"@type":"ListItem","position":4,"name":"C\u00e1mara de fotos"}]},{"@type":"WebSite","@id":"https:\/\/www.joguinesbague.com\/es\/#website","url":"https:\/\/www.joguinesbague.com\/es\/","name":"Joguines Bagu\u00e9","description":"Tienda de juguetes en la Bisbal d'Empord\u00e0","publisher":{"@id":"https:\/\/www.joguinesbague.com\/es\/#organization"},"potentialAction":[{"@type":"SearchAction","target":{"@type":"EntryPoint","urlTemplate":"https:\/\/www.joguinesbague.com\/es\/?s={search_term_string}"},"query-input":{"@type":"PropertyValueSpecification","valueRequired":true,"valueName":"search_term_string"}}],"inLanguage":"es"},{"@type":"Organization","@id":"https:\/\/www.joguinesbague.com\/es\/#organization","name":"Joguines Bagu\u00e9","url":"https:\/\/www.joguinesbague.com\/es\/","logo":{"@type":"ImageObject","inLanguage":"es","@id":"https:\/\/www.joguinesbague.com\/es\/#\/schema\/logo\/image\/","url":"https:\/\/www.joguinesbague.com\/wp-content\/uploads\/2020\/09\/AF-logotip-bague-02-e1599126400733.png","contentUrl":"https:\/\/www.joguinesbague.com\/wp-content\/uploads\/2020\/09\/AF-logotip-bague-02-e1599126400733.png","width":1024,"height":419,"caption":"Joguines Bagu\u00e9"},"image":{"@id":"https:\/\/www.joguinesbague.com\/es\/#\/schema\/logo\/image\/"},"sameAs":["https:\/\/www.facebook.com\/Joguines-Bagu\u00e9-112374270472618","https:\/\/www.instagram.com\/joguinesbague"]}]}},"brands":[{"id":369,"name":"Janod","slug":"janod-es-2"}],"_links":{"self":[{"href":"https:\/\/www.joguinesbague.com\/es\/wp-json\/wp\/v2\/product\/19159","targetHints":{"allow":["GET"]}}],"collection":[{"href":"https:\/\/www.joguinesbague.com\/es\/wp-json\/wp\/v2\/product"}],"about":[{"href":"https:\/\/www.joguinesbague.com\/es\/wp-json\/wp\/v2\/types\/product"}],"wp:featuredmedia":[{"embeddable":true,"href":"https:\/\/www.joguinesbague.com\/es\/wp-json\/wp\/v2\/media\/19151"}],"wp:attachment":[{"href":"https:\/\/www.joguinesbague.com\/es\/wp-json\/wp\/v2\/media?parent=19159"}],"wp:term":[{"taxonomy":"pwb-brand","embeddable":true,"href":"https:\/\/www.joguinesbague.com\/es\/wp-json\/wp\/v2\/pwb-brand?post=19159"},{"taxonomy":"product_cat","embeddable":true,"href":"https:\/\/www.joguinesbague.com\/es\/wp-json\/wp\/v2\/product_cat?post=19159"},{"taxonomy":"product_tag","embeddable":true,"href":"https:\/\/www.joguinesbague.com\/es\/wp-json\/wp\/v2\/product_tag?post=19159"}],"curies":[{"name":"wp","href":"https:\/\/api.w.org\/{rel}","templated":true}]}}