{"id":18340,"date":"2023-11-16T19:46:17","date_gmt":"2023-11-16T18:46:17","guid":{"rendered":"https:\/\/www.joguinesbague.com\/sin categor\u00eda\/coche-deportivo-rc-122\/"},"modified":"2024-01-08T00:01:29","modified_gmt":"2024-01-07T23:01:29","slug":"coche-deportivo-rc-122","status":"publish","type":"product","link":"https:\/\/www.joguinesbague.com\/es\/vehiculos\/coche-deportivo-rc-122\/","title":{"rendered":"Coche deportivo RC 1:22"},"content":{"rendered":"","protected":false},"excerpt":{"rendered":"<p>Coche deportivo escala 1:22 con el que podr\u00e1s correr a gran velocidad por el asfalto, cuando el veh\u00edculo est\u00e1 en funcionamiento se activan unas luces de led que le hacen brillar mientras est\u00e1 en movimiento.<br \/>\nFunciona con cinco pilas AA tres por el coche y dos por el mando.<br \/>\n\u00bfTe atreves a pilotarlo?<\/p>\n","protected":false},"featured_media":18339,"template":"","meta":{"_acf_changed":false},"pwb-brand":[176],"product_cat":[418,145],"product_tag":[],"class_list":{"0":"post-18340","1":"product","2":"type-product","3":"status-publish","4":"has-post-thumbnail","6":"pwb-brand-producto-propio-es","7":"product_cat-5-6-anos","8":"product_cat-vehiculos","10":"first","11":"instock","12":"shipping-taxable","13":"purchasable","14":"product-type-simple"},"acf":[],"yoast_head":"<!-- This site is optimized with the Yoast SEO plugin v27.2 - https:\/\/yoast.com\/product\/yoast-seo-wordpress\/ -->\n<title>Coche deportivo RC 1:22 - Joguines Bagu\u00e9<\/title>\n<meta name=\"robots\" content=\"index, follow, max-snippet:-1, max-image-preview:large, max-video-preview:-1\" \/>\n<link rel=\"canonical\" href=\"https:\/\/www.joguinesbague.com\/es\/vehiculos\/coche-deportivo-rc-122\/\" \/>\n<meta property=\"og:locale\" content=\"es_ES\" \/>\n<meta property=\"og:type\" content=\"article\" \/>\n<meta property=\"og:title\" content=\"Coche deportivo RC 1:22 - Joguines Bagu\u00e9\" \/>\n<meta property=\"og:description\" content=\"Coche deportivo escala 1:22 con el que podr\u00e1s correr a gran velocidad por el asfalto, cuando el veh\u00edculo est\u00e1 en funcionamiento se activan unas luces de led que le hacen brillar mientras est\u00e1 en movimiento. Funciona con cinco pilas AA tres por el coche y dos por el mando. \u00bfTe atreves a pilotarlo?\" \/>\n<meta property=\"og:url\" content=\"https:\/\/www.joguinesbague.com\/es\/vehiculos\/coche-deportivo-rc-122\/\" \/>\n<meta property=\"og:site_name\" content=\"Joguines Bagu\u00e9\" \/>\n<meta property=\"article:publisher\" content=\"https:\/\/www.facebook.com\/Joguines-Bagu%c3%a9-112374270472618\" \/>\n<meta property=\"article:modified_time\" content=\"2024-01-07T23:01:29+00:00\" \/>\n<meta property=\"og:image\" content=\"https:\/\/www.joguinesbague.com\/wp-content\/uploads\/2023\/11\/2023-1510.jpg\" \/>\n\t<meta property=\"og:image:width\" content=\"950\" \/>\n\t<meta property=\"og:image:height\" content=\"950\" \/>\n\t<meta property=\"og:image:type\" content=\"image\/jpeg\" \/>\n<meta name=\"twitter:card\" content=\"summary_large_image\" \/>\n<script type=\"application\/ld+json\" class=\"yoast-schema-graph\">{\"@context\":\"https:\/\/schema.org\",\"@graph\":[{\"@type\":[\"WebPage\",\"ItemPage\"],\"@id\":\"https:\/\/www.joguinesbague.com\/es\/vehiculos\/coche-deportivo-rc-122\/\",\"url\":\"https:\/\/www.joguinesbague.com\/es\/vehiculos\/coche-deportivo-rc-122\/\",\"name\":\"Coche deportivo RC 1:22 - Joguines Bagu\u00e9\",\"isPartOf\":{\"@id\":\"https:\/\/www.joguinesbague.com\/es\/#website\"},\"primaryImageOfPage\":{\"@id\":\"https:\/\/www.joguinesbague.com\/es\/vehiculos\/coche-deportivo-rc-122\/#primaryimage\"},\"image\":{\"@id\":\"https:\/\/www.joguinesbague.com\/es\/vehiculos\/coche-deportivo-rc-122\/#primaryimage\"},\"thumbnailUrl\":\"https:\/\/www.joguinesbague.com\/wp-content\/uploads\/2023\/11\/2023-1510.jpg\",\"datePublished\":\"2023-11-16T18:46:17+00:00\",\"dateModified\":\"2024-01-07T23:01:29+00:00\",\"breadcrumb\":{\"@id\":\"https:\/\/www.joguinesbague.com\/es\/vehiculos\/coche-deportivo-rc-122\/#breadcrumb\"},\"inLanguage\":\"es\",\"potentialAction\":[{\"@type\":\"ReadAction\",\"target\":[\"https:\/\/www.joguinesbague.com\/es\/vehiculos\/coche-deportivo-rc-122\/\"]}]},{\"@type\":\"ImageObject\",\"inLanguage\":\"es\",\"@id\":\"https:\/\/www.joguinesbague.com\/es\/vehiculos\/coche-deportivo-rc-122\/#primaryimage\",\"url\":\"https:\/\/www.joguinesbague.com\/wp-content\/uploads\/2023\/11\/2023-1510.jpg\",\"contentUrl\":\"https:\/\/www.joguinesbague.com\/wp-content\/uploads\/2023\/11\/2023-1510.jpg\",\"width\":950,\"height\":950},{\"@type\":\"BreadcrumbList\",\"@id\":\"https:\/\/www.joguinesbague.com\/es\/vehiculos\/coche-deportivo-rc-122\/#breadcrumb\",\"itemListElement\":[{\"@type\":\"ListItem\",\"position\":1,\"name\":\"Inicio\",\"item\":\"https:\/\/www.joguinesbague.com\/es\/\"},{\"@type\":\"ListItem\",\"position\":2,\"name\":\"Juguetes\",\"item\":\"https:\/\/www.joguinesbague.com\/joguines\/\"},{\"@type\":\"ListItem\",\"position\":3,\"name\":\"Veh\u00edculos\",\"item\":\"https:\/\/www.joguinesbague.com\/es\/vehiculos\/\"},{\"@type\":\"ListItem\",\"position\":4,\"name\":\"Coche deportivo RC 1:22\"}]},{\"@type\":\"WebSite\",\"@id\":\"https:\/\/www.joguinesbague.com\/es\/#website\",\"url\":\"https:\/\/www.joguinesbague.com\/es\/\",\"name\":\"Joguines Bagu\u00e9\",\"description\":\"Tienda de juguetes en la Bisbal d'Empord\u00e0\",\"publisher\":{\"@id\":\"https:\/\/www.joguinesbague.com\/es\/#organization\"},\"potentialAction\":[{\"@type\":\"SearchAction\",\"target\":{\"@type\":\"EntryPoint\",\"urlTemplate\":\"https:\/\/www.joguinesbague.com\/es\/?s={search_term_string}\"},\"query-input\":{\"@type\":\"PropertyValueSpecification\",\"valueRequired\":true,\"valueName\":\"search_term_string\"}}],\"inLanguage\":\"es\"},{\"@type\":\"Organization\",\"@id\":\"https:\/\/www.joguinesbague.com\/es\/#organization\",\"name\":\"Joguines Bagu\u00e9\",\"url\":\"https:\/\/www.joguinesbague.com\/es\/\",\"logo\":{\"@type\":\"ImageObject\",\"inLanguage\":\"es\",\"@id\":\"https:\/\/www.joguinesbague.com\/es\/#\/schema\/logo\/image\/\",\"url\":\"https:\/\/www.joguinesbague.com\/wp-content\/uploads\/2020\/09\/AF-logotip-bague-02-e1599126400733.png\",\"contentUrl\":\"https:\/\/www.joguinesbague.com\/wp-content\/uploads\/2020\/09\/AF-logotip-bague-02-e1599126400733.png\",\"width\":1024,\"height\":419,\"caption\":\"Joguines Bagu\u00e9\"},\"image\":{\"@id\":\"https:\/\/www.joguinesbague.com\/es\/#\/schema\/logo\/image\/\"},\"sameAs\":[\"https:\/\/www.facebook.com\/Joguines-Bagu\u00e9-112374270472618\",\"https:\/\/www.instagram.com\/joguinesbague\"]}]}<\/script>\n<!-- \/ Yoast SEO plugin. -->","yoast_head_json":{"title":"Coche deportivo RC 1:22 - Joguines Bagu\u00e9","robots":{"index":"index","follow":"follow","max-snippet":"max-snippet:-1","max-image-preview":"max-image-preview:large","max-video-preview":"max-video-preview:-1"},"canonical":"https:\/\/www.joguinesbague.com\/es\/vehiculos\/coche-deportivo-rc-122\/","og_locale":"es_ES","og_type":"article","og_title":"Coche deportivo RC 1:22 - Joguines Bagu\u00e9","og_description":"Coche deportivo escala 1:22 con el que podr\u00e1s correr a gran velocidad por el asfalto, cuando el veh\u00edculo est\u00e1 en funcionamiento se activan unas luces de led que le hacen brillar mientras est\u00e1 en movimiento. Funciona con cinco pilas AA tres por el coche y dos por el mando. \u00bfTe atreves a pilotarlo?","og_url":"https:\/\/www.joguinesbague.com\/es\/vehiculos\/coche-deportivo-rc-122\/","og_site_name":"Joguines Bagu\u00e9","article_publisher":"https:\/\/www.facebook.com\/Joguines-Bagu%c3%a9-112374270472618","article_modified_time":"2024-01-07T23:01:29+00:00","og_image":[{"width":950,"height":950,"url":"https:\/\/www.joguinesbague.com\/wp-content\/uploads\/2023\/11\/2023-1510.jpg","type":"image\/jpeg"}],"twitter_card":"summary_large_image","schema":{"@context":"https:\/\/schema.org","@graph":[{"@type":["WebPage","ItemPage"],"@id":"https:\/\/www.joguinesbague.com\/es\/vehiculos\/coche-deportivo-rc-122\/","url":"https:\/\/www.joguinesbague.com\/es\/vehiculos\/coche-deportivo-rc-122\/","name":"Coche deportivo RC 1:22 - Joguines Bagu\u00e9","isPartOf":{"@id":"https:\/\/www.joguinesbague.com\/es\/#website"},"primaryImageOfPage":{"@id":"https:\/\/www.joguinesbague.com\/es\/vehiculos\/coche-deportivo-rc-122\/#primaryimage"},"image":{"@id":"https:\/\/www.joguinesbague.com\/es\/vehiculos\/coche-deportivo-rc-122\/#primaryimage"},"thumbnailUrl":"https:\/\/www.joguinesbague.com\/wp-content\/uploads\/2023\/11\/2023-1510.jpg","datePublished":"2023-11-16T18:46:17+00:00","dateModified":"2024-01-07T23:01:29+00:00","breadcrumb":{"@id":"https:\/\/www.joguinesbague.com\/es\/vehiculos\/coche-deportivo-rc-122\/#breadcrumb"},"inLanguage":"es","potentialAction":[{"@type":"ReadAction","target":["https:\/\/www.joguinesbague.com\/es\/vehiculos\/coche-deportivo-rc-122\/"]}]},{"@type":"ImageObject","inLanguage":"es","@id":"https:\/\/www.joguinesbague.com\/es\/vehiculos\/coche-deportivo-rc-122\/#primaryimage","url":"https:\/\/www.joguinesbague.com\/wp-content\/uploads\/2023\/11\/2023-1510.jpg","contentUrl":"https:\/\/www.joguinesbague.com\/wp-content\/uploads\/2023\/11\/2023-1510.jpg","width":950,"height":950},{"@type":"BreadcrumbList","@id":"https:\/\/www.joguinesbague.com\/es\/vehiculos\/coche-deportivo-rc-122\/#breadcrumb","itemListElement":[{"@type":"ListItem","position":1,"name":"Inicio","item":"https:\/\/www.joguinesbague.com\/es\/"},{"@type":"ListItem","position":2,"name":"Juguetes","item":"https:\/\/www.joguinesbague.com\/joguines\/"},{"@type":"ListItem","position":3,"name":"Veh\u00edculos","item":"https:\/\/www.joguinesbague.com\/es\/vehiculos\/"},{"@type":"ListItem","position":4,"name":"Coche deportivo RC 1:22"}]},{"@type":"WebSite","@id":"https:\/\/www.joguinesbague.com\/es\/#website","url":"https:\/\/www.joguinesbague.com\/es\/","name":"Joguines Bagu\u00e9","description":"Tienda de juguetes en la Bisbal d'Empord\u00e0","publisher":{"@id":"https:\/\/www.joguinesbague.com\/es\/#organization"},"potentialAction":[{"@type":"SearchAction","target":{"@type":"EntryPoint","urlTemplate":"https:\/\/www.joguinesbague.com\/es\/?s={search_term_string}"},"query-input":{"@type":"PropertyValueSpecification","valueRequired":true,"valueName":"search_term_string"}}],"inLanguage":"es"},{"@type":"Organization","@id":"https:\/\/www.joguinesbague.com\/es\/#organization","name":"Joguines Bagu\u00e9","url":"https:\/\/www.joguinesbague.com\/es\/","logo":{"@type":"ImageObject","inLanguage":"es","@id":"https:\/\/www.joguinesbague.com\/es\/#\/schema\/logo\/image\/","url":"https:\/\/www.joguinesbague.com\/wp-content\/uploads\/2020\/09\/AF-logotip-bague-02-e1599126400733.png","contentUrl":"https:\/\/www.joguinesbague.com\/wp-content\/uploads\/2020\/09\/AF-logotip-bague-02-e1599126400733.png","width":1024,"height":419,"caption":"Joguines Bagu\u00e9"},"image":{"@id":"https:\/\/www.joguinesbague.com\/es\/#\/schema\/logo\/image\/"},"sameAs":["https:\/\/www.facebook.com\/Joguines-Bagu\u00e9-112374270472618","https:\/\/www.instagram.com\/joguinesbague"]}]}},"brands":[{"id":176,"name":"PRODUCTO PROPIO","slug":"producto-propio-es"}],"_links":{"self":[{"href":"https:\/\/www.joguinesbague.com\/es\/wp-json\/wp\/v2\/product\/18340","targetHints":{"allow":["GET"]}}],"collection":[{"href":"https:\/\/www.joguinesbague.com\/es\/wp-json\/wp\/v2\/product"}],"about":[{"href":"https:\/\/www.joguinesbague.com\/es\/wp-json\/wp\/v2\/types\/product"}],"wp:featuredmedia":[{"embeddable":true,"href":"https:\/\/www.joguinesbague.com\/es\/wp-json\/wp\/v2\/media\/18339"}],"wp:attachment":[{"href":"https:\/\/www.joguinesbague.com\/es\/wp-json\/wp\/v2\/media?parent=18340"}],"wp:term":[{"taxonomy":"pwb-brand","embeddable":true,"href":"https:\/\/www.joguinesbague.com\/es\/wp-json\/wp\/v2\/pwb-brand?post=18340"},{"taxonomy":"product_cat","embeddable":true,"href":"https:\/\/www.joguinesbague.com\/es\/wp-json\/wp\/v2\/product_cat?post=18340"},{"taxonomy":"product_tag","embeddable":true,"href":"https:\/\/www.joguinesbague.com\/es\/wp-json\/wp\/v2\/product_tag?post=18340"}],"curies":[{"name":"wp","href":"https:\/\/api.w.org\/{rel}","templated":true}]}}