{"id":17999,"date":"2023-10-25T10:32:01","date_gmt":"2023-10-25T08:32:01","guid":{"rendered":"https:\/\/www.joguinesbague.com\/sin categor\u00eda\/maxi-torre-de-construccion-ttb\/"},"modified":"2023-10-25T10:32:01","modified_gmt":"2023-10-25T08:32:01","slug":"maxi-torre-de-construccion-ttb","status":"publish","type":"product","link":"https:\/\/www.joguinesbague.com\/es\/primera-infancia-es\/maxi-torre-de-construccion-ttb\/","title":{"rendered":"Maxi torre de construcci\u00f3n TTB"},"content":{"rendered":"","protected":false},"excerpt":{"rendered":"<p>Entra en un mundo lleno de imaginaci\u00f3n creando los circuitos, las torres y los edificios que t\u00fa quieras para que circulen los simp\u00e1ticos veh\u00edculos de Tut Tut Bolidos.<\/p>\n<p>Adem\u00e1s de proporcionar horas de diversi\u00f3n, la Maxitorre tambi\u00e9n incluye una variedad de elementos mec\u00e1nicos para manipular y descubrir. Estos elementos ayudar\u00e1n a tu peque\u00f1o o peque\u00f1a a estimular la curiosidad y promover el aprendizaje a trav\u00e9s del juego.<\/p>\n","protected":false},"featured_media":17901,"template":"","meta":{"_acf_changed":false},"pwb-brand":[189],"product_cat":[421,221,145],"product_tag":[],"class_list":{"0":"post-17999","1":"product","2":"type-product","3":"status-publish","4":"has-post-thumbnail","6":"pwb-brand-vtech-es","7":"product_cat-1-2-anos-es","8":"product_cat-primera-infancia-es","9":"product_cat-vehiculos","11":"first","12":"outofstock","13":"shipping-taxable","14":"purchasable","15":"product-type-simple"},"acf":[],"yoast_head":"<!-- This site is optimized with the Yoast SEO plugin v27.2 - https:\/\/yoast.com\/product\/yoast-seo-wordpress\/ -->\n<title>Maxi torre de construcci\u00f3n TTB - Joguines Bagu\u00e9<\/title>\n<meta name=\"robots\" content=\"index, follow, max-snippet:-1, max-image-preview:large, max-video-preview:-1\" \/>\n<link rel=\"canonical\" href=\"https:\/\/www.joguinesbague.com\/es\/primera-infancia-es\/maxi-torre-de-construccion-ttb\/\" \/>\n<meta property=\"og:locale\" content=\"es_ES\" \/>\n<meta property=\"og:type\" content=\"article\" \/>\n<meta property=\"og:title\" content=\"Maxi torre de construcci\u00f3n TTB - Joguines Bagu\u00e9\" \/>\n<meta property=\"og:description\" content=\"Entra en un mundo lleno de imaginaci\u00f3n creando los circuitos, las torres y los edificios que t\u00fa quieras para que circulen los simp\u00e1ticos veh\u00edculos de Tut Tut Bolidos. Adem\u00e1s de proporcionar horas de diversi\u00f3n, la Maxitorre tambi\u00e9n incluye una variedad de elementos mec\u00e1nicos para manipular y descubrir. Estos elementos ayudar\u00e1n a tu peque\u00f1o o peque\u00f1a a estimular la curiosidad y promover el aprendizaje a trav\u00e9s del juego.\" \/>\n<meta property=\"og:url\" content=\"https:\/\/www.joguinesbague.com\/es\/primera-infancia-es\/maxi-torre-de-construccion-ttb\/\" \/>\n<meta property=\"og:site_name\" content=\"Joguines Bagu\u00e9\" \/>\n<meta property=\"article:publisher\" content=\"https:\/\/www.facebook.com\/Joguines-Bagu%c3%a9-112374270472618\" \/>\n<meta property=\"og:image\" content=\"https:\/\/www.joguinesbague.com\/wp-content\/uploads\/2023\/10\/37343522_maxitorre_3.jpg\" \/>\n\t<meta property=\"og:image:width\" content=\"800\" \/>\n\t<meta property=\"og:image:height\" content=\"800\" \/>\n\t<meta property=\"og:image:type\" content=\"image\/jpeg\" \/>\n<meta name=\"twitter:card\" content=\"summary_large_image\" \/>\n<script type=\"application\/ld+json\" class=\"yoast-schema-graph\">{\"@context\":\"https:\/\/schema.org\",\"@graph\":[{\"@type\":[\"WebPage\",\"ItemPage\"],\"@id\":\"https:\/\/www.joguinesbague.com\/es\/primera-infancia-es\/maxi-torre-de-construccion-ttb\/\",\"url\":\"https:\/\/www.joguinesbague.com\/es\/primera-infancia-es\/maxi-torre-de-construccion-ttb\/\",\"name\":\"Maxi torre de construcci\u00f3n TTB - Joguines Bagu\u00e9\",\"isPartOf\":{\"@id\":\"https:\/\/www.joguinesbague.com\/es\/#website\"},\"primaryImageOfPage\":{\"@id\":\"https:\/\/www.joguinesbague.com\/es\/primera-infancia-es\/maxi-torre-de-construccion-ttb\/#primaryimage\"},\"image\":{\"@id\":\"https:\/\/www.joguinesbague.com\/es\/primera-infancia-es\/maxi-torre-de-construccion-ttb\/#primaryimage\"},\"thumbnailUrl\":\"https:\/\/www.joguinesbague.com\/wp-content\/uploads\/2023\/10\/37343522_maxitorre_3.jpg\",\"datePublished\":\"2023-10-25T08:32:01+00:00\",\"breadcrumb\":{\"@id\":\"https:\/\/www.joguinesbague.com\/es\/primera-infancia-es\/maxi-torre-de-construccion-ttb\/#breadcrumb\"},\"inLanguage\":\"es\",\"potentialAction\":[{\"@type\":\"ReadAction\",\"target\":[\"https:\/\/www.joguinesbague.com\/es\/primera-infancia-es\/maxi-torre-de-construccion-ttb\/\"]}]},{\"@type\":\"ImageObject\",\"inLanguage\":\"es\",\"@id\":\"https:\/\/www.joguinesbague.com\/es\/primera-infancia-es\/maxi-torre-de-construccion-ttb\/#primaryimage\",\"url\":\"https:\/\/www.joguinesbague.com\/wp-content\/uploads\/2023\/10\/37343522_maxitorre_3.jpg\",\"contentUrl\":\"https:\/\/www.joguinesbague.com\/wp-content\/uploads\/2023\/10\/37343522_maxitorre_3.jpg\",\"width\":800,\"height\":800},{\"@type\":\"BreadcrumbList\",\"@id\":\"https:\/\/www.joguinesbague.com\/es\/primera-infancia-es\/maxi-torre-de-construccion-ttb\/#breadcrumb\",\"itemListElement\":[{\"@type\":\"ListItem\",\"position\":1,\"name\":\"Inicio\",\"item\":\"https:\/\/www.joguinesbague.com\/es\/\"},{\"@type\":\"ListItem\",\"position\":2,\"name\":\"Juguetes\",\"item\":\"https:\/\/www.joguinesbague.com\/joguines\/\"},{\"@type\":\"ListItem\",\"position\":3,\"name\":\"Primera infancia\",\"item\":\"https:\/\/www.joguinesbague.com\/es\/primera-infancia-es\/\"},{\"@type\":\"ListItem\",\"position\":4,\"name\":\"Maxi torre de construcci\u00f3n TTB\"}]},{\"@type\":\"WebSite\",\"@id\":\"https:\/\/www.joguinesbague.com\/es\/#website\",\"url\":\"https:\/\/www.joguinesbague.com\/es\/\",\"name\":\"Joguines Bagu\u00e9\",\"description\":\"Tienda de juguetes en la Bisbal d'Empord\u00e0\",\"publisher\":{\"@id\":\"https:\/\/www.joguinesbague.com\/es\/#organization\"},\"potentialAction\":[{\"@type\":\"SearchAction\",\"target\":{\"@type\":\"EntryPoint\",\"urlTemplate\":\"https:\/\/www.joguinesbague.com\/es\/?s={search_term_string}\"},\"query-input\":{\"@type\":\"PropertyValueSpecification\",\"valueRequired\":true,\"valueName\":\"search_term_string\"}}],\"inLanguage\":\"es\"},{\"@type\":\"Organization\",\"@id\":\"https:\/\/www.joguinesbague.com\/es\/#organization\",\"name\":\"Joguines Bagu\u00e9\",\"url\":\"https:\/\/www.joguinesbague.com\/es\/\",\"logo\":{\"@type\":\"ImageObject\",\"inLanguage\":\"es\",\"@id\":\"https:\/\/www.joguinesbague.com\/es\/#\/schema\/logo\/image\/\",\"url\":\"https:\/\/www.joguinesbague.com\/wp-content\/uploads\/2020\/09\/AF-logotip-bague-02-e1599126400733.png\",\"contentUrl\":\"https:\/\/www.joguinesbague.com\/wp-content\/uploads\/2020\/09\/AF-logotip-bague-02-e1599126400733.png\",\"width\":1024,\"height\":419,\"caption\":\"Joguines Bagu\u00e9\"},\"image\":{\"@id\":\"https:\/\/www.joguinesbague.com\/es\/#\/schema\/logo\/image\/\"},\"sameAs\":[\"https:\/\/www.facebook.com\/Joguines-Bagu\u00e9-112374270472618\",\"https:\/\/www.instagram.com\/joguinesbague\"]}]}<\/script>\n<!-- \/ Yoast SEO plugin. -->","yoast_head_json":{"title":"Maxi torre de construcci\u00f3n TTB - Joguines Bagu\u00e9","robots":{"index":"index","follow":"follow","max-snippet":"max-snippet:-1","max-image-preview":"max-image-preview:large","max-video-preview":"max-video-preview:-1"},"canonical":"https:\/\/www.joguinesbague.com\/es\/primera-infancia-es\/maxi-torre-de-construccion-ttb\/","og_locale":"es_ES","og_type":"article","og_title":"Maxi torre de construcci\u00f3n TTB - Joguines Bagu\u00e9","og_description":"Entra en un mundo lleno de imaginaci\u00f3n creando los circuitos, las torres y los edificios que t\u00fa quieras para que circulen los simp\u00e1ticos veh\u00edculos de Tut Tut Bolidos. Adem\u00e1s de proporcionar horas de diversi\u00f3n, la Maxitorre tambi\u00e9n incluye una variedad de elementos mec\u00e1nicos para manipular y descubrir. Estos elementos ayudar\u00e1n a tu peque\u00f1o o peque\u00f1a a estimular la curiosidad y promover el aprendizaje a trav\u00e9s del juego.","og_url":"https:\/\/www.joguinesbague.com\/es\/primera-infancia-es\/maxi-torre-de-construccion-ttb\/","og_site_name":"Joguines Bagu\u00e9","article_publisher":"https:\/\/www.facebook.com\/Joguines-Bagu%c3%a9-112374270472618","og_image":[{"width":800,"height":800,"url":"https:\/\/www.joguinesbague.com\/wp-content\/uploads\/2023\/10\/37343522_maxitorre_3.jpg","type":"image\/jpeg"}],"twitter_card":"summary_large_image","schema":{"@context":"https:\/\/schema.org","@graph":[{"@type":["WebPage","ItemPage"],"@id":"https:\/\/www.joguinesbague.com\/es\/primera-infancia-es\/maxi-torre-de-construccion-ttb\/","url":"https:\/\/www.joguinesbague.com\/es\/primera-infancia-es\/maxi-torre-de-construccion-ttb\/","name":"Maxi torre de construcci\u00f3n TTB - Joguines Bagu\u00e9","isPartOf":{"@id":"https:\/\/www.joguinesbague.com\/es\/#website"},"primaryImageOfPage":{"@id":"https:\/\/www.joguinesbague.com\/es\/primera-infancia-es\/maxi-torre-de-construccion-ttb\/#primaryimage"},"image":{"@id":"https:\/\/www.joguinesbague.com\/es\/primera-infancia-es\/maxi-torre-de-construccion-ttb\/#primaryimage"},"thumbnailUrl":"https:\/\/www.joguinesbague.com\/wp-content\/uploads\/2023\/10\/37343522_maxitorre_3.jpg","datePublished":"2023-10-25T08:32:01+00:00","breadcrumb":{"@id":"https:\/\/www.joguinesbague.com\/es\/primera-infancia-es\/maxi-torre-de-construccion-ttb\/#breadcrumb"},"inLanguage":"es","potentialAction":[{"@type":"ReadAction","target":["https:\/\/www.joguinesbague.com\/es\/primera-infancia-es\/maxi-torre-de-construccion-ttb\/"]}]},{"@type":"ImageObject","inLanguage":"es","@id":"https:\/\/www.joguinesbague.com\/es\/primera-infancia-es\/maxi-torre-de-construccion-ttb\/#primaryimage","url":"https:\/\/www.joguinesbague.com\/wp-content\/uploads\/2023\/10\/37343522_maxitorre_3.jpg","contentUrl":"https:\/\/www.joguinesbague.com\/wp-content\/uploads\/2023\/10\/37343522_maxitorre_3.jpg","width":800,"height":800},{"@type":"BreadcrumbList","@id":"https:\/\/www.joguinesbague.com\/es\/primera-infancia-es\/maxi-torre-de-construccion-ttb\/#breadcrumb","itemListElement":[{"@type":"ListItem","position":1,"name":"Inicio","item":"https:\/\/www.joguinesbague.com\/es\/"},{"@type":"ListItem","position":2,"name":"Juguetes","item":"https:\/\/www.joguinesbague.com\/joguines\/"},{"@type":"ListItem","position":3,"name":"Primera infancia","item":"https:\/\/www.joguinesbague.com\/es\/primera-infancia-es\/"},{"@type":"ListItem","position":4,"name":"Maxi torre de construcci\u00f3n TTB"}]},{"@type":"WebSite","@id":"https:\/\/www.joguinesbague.com\/es\/#website","url":"https:\/\/www.joguinesbague.com\/es\/","name":"Joguines Bagu\u00e9","description":"Tienda de juguetes en la Bisbal d'Empord\u00e0","publisher":{"@id":"https:\/\/www.joguinesbague.com\/es\/#organization"},"potentialAction":[{"@type":"SearchAction","target":{"@type":"EntryPoint","urlTemplate":"https:\/\/www.joguinesbague.com\/es\/?s={search_term_string}"},"query-input":{"@type":"PropertyValueSpecification","valueRequired":true,"valueName":"search_term_string"}}],"inLanguage":"es"},{"@type":"Organization","@id":"https:\/\/www.joguinesbague.com\/es\/#organization","name":"Joguines Bagu\u00e9","url":"https:\/\/www.joguinesbague.com\/es\/","logo":{"@type":"ImageObject","inLanguage":"es","@id":"https:\/\/www.joguinesbague.com\/es\/#\/schema\/logo\/image\/","url":"https:\/\/www.joguinesbague.com\/wp-content\/uploads\/2020\/09\/AF-logotip-bague-02-e1599126400733.png","contentUrl":"https:\/\/www.joguinesbague.com\/wp-content\/uploads\/2020\/09\/AF-logotip-bague-02-e1599126400733.png","width":1024,"height":419,"caption":"Joguines Bagu\u00e9"},"image":{"@id":"https:\/\/www.joguinesbague.com\/es\/#\/schema\/logo\/image\/"},"sameAs":["https:\/\/www.facebook.com\/Joguines-Bagu\u00e9-112374270472618","https:\/\/www.instagram.com\/joguinesbague"]}]}},"brands":[{"id":189,"name":"Vtech","slug":"vtech-es"}],"_links":{"self":[{"href":"https:\/\/www.joguinesbague.com\/es\/wp-json\/wp\/v2\/product\/17999","targetHints":{"allow":["GET"]}}],"collection":[{"href":"https:\/\/www.joguinesbague.com\/es\/wp-json\/wp\/v2\/product"}],"about":[{"href":"https:\/\/www.joguinesbague.com\/es\/wp-json\/wp\/v2\/types\/product"}],"wp:featuredmedia":[{"embeddable":true,"href":"https:\/\/www.joguinesbague.com\/es\/wp-json\/wp\/v2\/media\/17901"}],"wp:attachment":[{"href":"https:\/\/www.joguinesbague.com\/es\/wp-json\/wp\/v2\/media?parent=17999"}],"wp:term":[{"taxonomy":"pwb-brand","embeddable":true,"href":"https:\/\/www.joguinesbague.com\/es\/wp-json\/wp\/v2\/pwb-brand?post=17999"},{"taxonomy":"product_cat","embeddable":true,"href":"https:\/\/www.joguinesbague.com\/es\/wp-json\/wp\/v2\/product_cat?post=17999"},{"taxonomy":"product_tag","embeddable":true,"href":"https:\/\/www.joguinesbague.com\/es\/wp-json\/wp\/v2\/product_tag?post=17999"}],"curies":[{"name":"wp","href":"https:\/\/api.w.org\/{rel}","templated":true}]}}