{"id":17694,"date":"2023-10-18T11:24:09","date_gmt":"2023-10-18T09:24:09","guid":{"rendered":"https:\/\/www.joguinesbague.com\/sin categor\u00eda\/sky-wheels-r-c\/"},"modified":"2026-01-08T00:37:19","modified_gmt":"2026-01-07T23:37:19","slug":"sky-wheels-r-c","status":"publish","type":"product","link":"https:\/\/www.joguinesbague.com\/es\/juguetes-electronicos\/sky-wheels-r-c\/","title":{"rendered":"Sky Wheels R\/C"},"content":{"rendered":"","protected":false},"excerpt":{"rendered":"<p>\u00a1Conduce por el suelo o vuela por el aire, t\u00fa eliges!<br \/>\nFant\u00e1stico helic\u00f3ptero infrarrojo de 2 canales sobre 4 ruedas. Incluye un sistema de h\u00e9lice especial que proporciona un control de velocidad preciso y una excelente estabilidad de vuelo. Podr\u00e1s controlar el helic\u00f3ptero con el mando y realizando incre\u00edbles carreras y vuelos espectaculares.<\/p>\n<p>Este producto pertenece a un surtido de dos colores (rojo y azul)que se venden por separado. Salvo que el cliente indique lo contrario a trav\u00e9s de un comentario en el pedido, se enviar\u00e1 un modelo aleatorio seg\u00fan la disponibilidad actual.<\/p>\n","protected":false},"featured_media":17610,"template":"","meta":{"_acf_changed":false},"pwb-brand":[198],"product_cat":[415,157],"product_tag":[],"class_list":{"0":"post-17694","1":"product","2":"type-product","3":"status-publish","4":"has-post-thumbnail","6":"pwb-brand-bizak-es","7":"product_cat-7-8-anos","8":"product_cat-juguetes-electronicos","10":"first","11":"instock","12":"sale","13":"shipping-taxable","14":"purchasable","15":"product-type-simple"},"acf":[],"yoast_head":"<!-- This site is optimized with the Yoast SEO plugin v27.2 - https:\/\/yoast.com\/product\/yoast-seo-wordpress\/ -->\n<title>Sky Wheels R\/C - Joguines Bagu\u00e9<\/title>\n<meta name=\"robots\" content=\"index, follow, max-snippet:-1, max-image-preview:large, max-video-preview:-1\" \/>\n<link rel=\"canonical\" href=\"https:\/\/www.joguinesbague.com\/es\/juguetes-electronicos\/sky-wheels-r-c\/\" \/>\n<meta property=\"og:locale\" content=\"es_ES\" \/>\n<meta property=\"og:type\" content=\"article\" \/>\n<meta property=\"og:title\" content=\"Sky Wheels R\/C - Joguines Bagu\u00e9\" \/>\n<meta property=\"og:description\" content=\"\u00a1Conduce por el suelo o vuela por el aire, t\u00fa eliges! Fant\u00e1stico helic\u00f3ptero infrarrojo de 2 canales sobre 4 ruedas. Incluye un sistema de h\u00e9lice especial que proporciona un control de velocidad preciso y una excelente estabilidad de vuelo. Podr\u00e1s controlar el helic\u00f3ptero con el mando y realizando incre\u00edbles carreras y vuelos espectaculares. Este producto pertenece a un surtido de dos colores (rojo y azul)que se venden por separado. Salvo que el cliente indique lo contrario a trav\u00e9s de un comentario en el pedido, se enviar\u00e1 un modelo aleatorio seg\u00fan la disponibilidad actual.\" \/>\n<meta property=\"og:url\" content=\"https:\/\/www.joguinesbague.com\/es\/juguetes-electronicos\/sky-wheels-r-c\/\" \/>\n<meta property=\"og:site_name\" content=\"Joguines Bagu\u00e9\" \/>\n<meta property=\"article:publisher\" content=\"https:\/\/www.facebook.com\/Joguines-Bagu%c3%a9-112374270472618\" \/>\n<meta property=\"article:modified_time\" content=\"2026-01-07T23:37:19+00:00\" \/>\n<meta property=\"og:image\" content=\"https:\/\/www.joguinesbague.com\/wp-content\/uploads\/2023\/10\/03504777_skywheels_2.jpg\" \/>\n\t<meta property=\"og:image:width\" content=\"800\" \/>\n\t<meta property=\"og:image:height\" content=\"800\" \/>\n\t<meta property=\"og:image:type\" content=\"image\/jpeg\" \/>\n<meta name=\"twitter:card\" content=\"summary_large_image\" \/>\n<script type=\"application\/ld+json\" class=\"yoast-schema-graph\">{\"@context\":\"https:\/\/schema.org\",\"@graph\":[{\"@type\":[\"WebPage\",\"ItemPage\"],\"@id\":\"https:\/\/www.joguinesbague.com\/es\/juguetes-electronicos\/sky-wheels-r-c\/\",\"url\":\"https:\/\/www.joguinesbague.com\/es\/juguetes-electronicos\/sky-wheels-r-c\/\",\"name\":\"Sky Wheels R\/C - Joguines Bagu\u00e9\",\"isPartOf\":{\"@id\":\"https:\/\/www.joguinesbague.com\/es\/#website\"},\"primaryImageOfPage\":{\"@id\":\"https:\/\/www.joguinesbague.com\/es\/juguetes-electronicos\/sky-wheels-r-c\/#primaryimage\"},\"image\":{\"@id\":\"https:\/\/www.joguinesbague.com\/es\/juguetes-electronicos\/sky-wheels-r-c\/#primaryimage\"},\"thumbnailUrl\":\"https:\/\/www.joguinesbague.com\/wp-content\/uploads\/2023\/10\/03504777_skywheels_2.jpg\",\"datePublished\":\"2023-10-18T09:24:09+00:00\",\"dateModified\":\"2026-01-07T23:37:19+00:00\",\"breadcrumb\":{\"@id\":\"https:\/\/www.joguinesbague.com\/es\/juguetes-electronicos\/sky-wheels-r-c\/#breadcrumb\"},\"inLanguage\":\"es\",\"potentialAction\":[{\"@type\":\"ReadAction\",\"target\":[\"https:\/\/www.joguinesbague.com\/es\/juguetes-electronicos\/sky-wheels-r-c\/\"]}]},{\"@type\":\"ImageObject\",\"inLanguage\":\"es\",\"@id\":\"https:\/\/www.joguinesbague.com\/es\/juguetes-electronicos\/sky-wheels-r-c\/#primaryimage\",\"url\":\"https:\/\/www.joguinesbague.com\/wp-content\/uploads\/2023\/10\/03504777_skywheels_2.jpg\",\"contentUrl\":\"https:\/\/www.joguinesbague.com\/wp-content\/uploads\/2023\/10\/03504777_skywheels_2.jpg\",\"width\":800,\"height\":800},{\"@type\":\"BreadcrumbList\",\"@id\":\"https:\/\/www.joguinesbague.com\/es\/juguetes-electronicos\/sky-wheels-r-c\/#breadcrumb\",\"itemListElement\":[{\"@type\":\"ListItem\",\"position\":1,\"name\":\"Inicio\",\"item\":\"https:\/\/www.joguinesbague.com\/es\/\"},{\"@type\":\"ListItem\",\"position\":2,\"name\":\"Juguetes\",\"item\":\"https:\/\/www.joguinesbague.com\/joguines\/\"},{\"@type\":\"ListItem\",\"position\":3,\"name\":\"Juguetes electr\u00f3nicos\",\"item\":\"https:\/\/www.joguinesbague.com\/es\/juguetes-electronicos\/\"},{\"@type\":\"ListItem\",\"position\":4,\"name\":\"Sky Wheels R\/C\"}]},{\"@type\":\"WebSite\",\"@id\":\"https:\/\/www.joguinesbague.com\/es\/#website\",\"url\":\"https:\/\/www.joguinesbague.com\/es\/\",\"name\":\"Joguines Bagu\u00e9\",\"description\":\"Tienda de juguetes en la Bisbal d'Empord\u00e0\",\"publisher\":{\"@id\":\"https:\/\/www.joguinesbague.com\/es\/#organization\"},\"potentialAction\":[{\"@type\":\"SearchAction\",\"target\":{\"@type\":\"EntryPoint\",\"urlTemplate\":\"https:\/\/www.joguinesbague.com\/es\/?s={search_term_string}\"},\"query-input\":{\"@type\":\"PropertyValueSpecification\",\"valueRequired\":true,\"valueName\":\"search_term_string\"}}],\"inLanguage\":\"es\"},{\"@type\":\"Organization\",\"@id\":\"https:\/\/www.joguinesbague.com\/es\/#organization\",\"name\":\"Joguines Bagu\u00e9\",\"url\":\"https:\/\/www.joguinesbague.com\/es\/\",\"logo\":{\"@type\":\"ImageObject\",\"inLanguage\":\"es\",\"@id\":\"https:\/\/www.joguinesbague.com\/es\/#\/schema\/logo\/image\/\",\"url\":\"https:\/\/www.joguinesbague.com\/wp-content\/uploads\/2020\/09\/AF-logotip-bague-02-e1599126400733.png\",\"contentUrl\":\"https:\/\/www.joguinesbague.com\/wp-content\/uploads\/2020\/09\/AF-logotip-bague-02-e1599126400733.png\",\"width\":1024,\"height\":419,\"caption\":\"Joguines Bagu\u00e9\"},\"image\":{\"@id\":\"https:\/\/www.joguinesbague.com\/es\/#\/schema\/logo\/image\/\"},\"sameAs\":[\"https:\/\/www.facebook.com\/Joguines-Bagu\u00e9-112374270472618\",\"https:\/\/www.instagram.com\/joguinesbague\"]}]}<\/script>\n<!-- \/ Yoast SEO plugin. -->","yoast_head_json":{"title":"Sky Wheels R\/C - Joguines Bagu\u00e9","robots":{"index":"index","follow":"follow","max-snippet":"max-snippet:-1","max-image-preview":"max-image-preview:large","max-video-preview":"max-video-preview:-1"},"canonical":"https:\/\/www.joguinesbague.com\/es\/juguetes-electronicos\/sky-wheels-r-c\/","og_locale":"es_ES","og_type":"article","og_title":"Sky Wheels R\/C - Joguines Bagu\u00e9","og_description":"\u00a1Conduce por el suelo o vuela por el aire, t\u00fa eliges! Fant\u00e1stico helic\u00f3ptero infrarrojo de 2 canales sobre 4 ruedas. Incluye un sistema de h\u00e9lice especial que proporciona un control de velocidad preciso y una excelente estabilidad de vuelo. Podr\u00e1s controlar el helic\u00f3ptero con el mando y realizando incre\u00edbles carreras y vuelos espectaculares. Este producto pertenece a un surtido de dos colores (rojo y azul)que se venden por separado. Salvo que el cliente indique lo contrario a trav\u00e9s de un comentario en el pedido, se enviar\u00e1 un modelo aleatorio seg\u00fan la disponibilidad actual.","og_url":"https:\/\/www.joguinesbague.com\/es\/juguetes-electronicos\/sky-wheels-r-c\/","og_site_name":"Joguines Bagu\u00e9","article_publisher":"https:\/\/www.facebook.com\/Joguines-Bagu%c3%a9-112374270472618","article_modified_time":"2026-01-07T23:37:19+00:00","og_image":[{"width":800,"height":800,"url":"https:\/\/www.joguinesbague.com\/wp-content\/uploads\/2023\/10\/03504777_skywheels_2.jpg","type":"image\/jpeg"}],"twitter_card":"summary_large_image","schema":{"@context":"https:\/\/schema.org","@graph":[{"@type":["WebPage","ItemPage"],"@id":"https:\/\/www.joguinesbague.com\/es\/juguetes-electronicos\/sky-wheels-r-c\/","url":"https:\/\/www.joguinesbague.com\/es\/juguetes-electronicos\/sky-wheels-r-c\/","name":"Sky Wheels R\/C - Joguines Bagu\u00e9","isPartOf":{"@id":"https:\/\/www.joguinesbague.com\/es\/#website"},"primaryImageOfPage":{"@id":"https:\/\/www.joguinesbague.com\/es\/juguetes-electronicos\/sky-wheels-r-c\/#primaryimage"},"image":{"@id":"https:\/\/www.joguinesbague.com\/es\/juguetes-electronicos\/sky-wheels-r-c\/#primaryimage"},"thumbnailUrl":"https:\/\/www.joguinesbague.com\/wp-content\/uploads\/2023\/10\/03504777_skywheels_2.jpg","datePublished":"2023-10-18T09:24:09+00:00","dateModified":"2026-01-07T23:37:19+00:00","breadcrumb":{"@id":"https:\/\/www.joguinesbague.com\/es\/juguetes-electronicos\/sky-wheels-r-c\/#breadcrumb"},"inLanguage":"es","potentialAction":[{"@type":"ReadAction","target":["https:\/\/www.joguinesbague.com\/es\/juguetes-electronicos\/sky-wheels-r-c\/"]}]},{"@type":"ImageObject","inLanguage":"es","@id":"https:\/\/www.joguinesbague.com\/es\/juguetes-electronicos\/sky-wheels-r-c\/#primaryimage","url":"https:\/\/www.joguinesbague.com\/wp-content\/uploads\/2023\/10\/03504777_skywheels_2.jpg","contentUrl":"https:\/\/www.joguinesbague.com\/wp-content\/uploads\/2023\/10\/03504777_skywheels_2.jpg","width":800,"height":800},{"@type":"BreadcrumbList","@id":"https:\/\/www.joguinesbague.com\/es\/juguetes-electronicos\/sky-wheels-r-c\/#breadcrumb","itemListElement":[{"@type":"ListItem","position":1,"name":"Inicio","item":"https:\/\/www.joguinesbague.com\/es\/"},{"@type":"ListItem","position":2,"name":"Juguetes","item":"https:\/\/www.joguinesbague.com\/joguines\/"},{"@type":"ListItem","position":3,"name":"Juguetes electr\u00f3nicos","item":"https:\/\/www.joguinesbague.com\/es\/juguetes-electronicos\/"},{"@type":"ListItem","position":4,"name":"Sky Wheels R\/C"}]},{"@type":"WebSite","@id":"https:\/\/www.joguinesbague.com\/es\/#website","url":"https:\/\/www.joguinesbague.com\/es\/","name":"Joguines Bagu\u00e9","description":"Tienda de juguetes en la Bisbal d'Empord\u00e0","publisher":{"@id":"https:\/\/www.joguinesbague.com\/es\/#organization"},"potentialAction":[{"@type":"SearchAction","target":{"@type":"EntryPoint","urlTemplate":"https:\/\/www.joguinesbague.com\/es\/?s={search_term_string}"},"query-input":{"@type":"PropertyValueSpecification","valueRequired":true,"valueName":"search_term_string"}}],"inLanguage":"es"},{"@type":"Organization","@id":"https:\/\/www.joguinesbague.com\/es\/#organization","name":"Joguines Bagu\u00e9","url":"https:\/\/www.joguinesbague.com\/es\/","logo":{"@type":"ImageObject","inLanguage":"es","@id":"https:\/\/www.joguinesbague.com\/es\/#\/schema\/logo\/image\/","url":"https:\/\/www.joguinesbague.com\/wp-content\/uploads\/2020\/09\/AF-logotip-bague-02-e1599126400733.png","contentUrl":"https:\/\/www.joguinesbague.com\/wp-content\/uploads\/2020\/09\/AF-logotip-bague-02-e1599126400733.png","width":1024,"height":419,"caption":"Joguines Bagu\u00e9"},"image":{"@id":"https:\/\/www.joguinesbague.com\/es\/#\/schema\/logo\/image\/"},"sameAs":["https:\/\/www.facebook.com\/Joguines-Bagu\u00e9-112374270472618","https:\/\/www.instagram.com\/joguinesbague"]}]}},"brands":[{"id":198,"name":"Bizak","slug":"bizak-es"}],"_links":{"self":[{"href":"https:\/\/www.joguinesbague.com\/es\/wp-json\/wp\/v2\/product\/17694","targetHints":{"allow":["GET"]}}],"collection":[{"href":"https:\/\/www.joguinesbague.com\/es\/wp-json\/wp\/v2\/product"}],"about":[{"href":"https:\/\/www.joguinesbague.com\/es\/wp-json\/wp\/v2\/types\/product"}],"wp:featuredmedia":[{"embeddable":true,"href":"https:\/\/www.joguinesbague.com\/es\/wp-json\/wp\/v2\/media\/17610"}],"wp:attachment":[{"href":"https:\/\/www.joguinesbague.com\/es\/wp-json\/wp\/v2\/media?parent=17694"}],"wp:term":[{"taxonomy":"pwb-brand","embeddable":true,"href":"https:\/\/www.joguinesbague.com\/es\/wp-json\/wp\/v2\/pwb-brand?post=17694"},{"taxonomy":"product_cat","embeddable":true,"href":"https:\/\/www.joguinesbague.com\/es\/wp-json\/wp\/v2\/product_cat?post=17694"},{"taxonomy":"product_tag","embeddable":true,"href":"https:\/\/www.joguinesbague.com\/es\/wp-json\/wp\/v2\/product_tag?post=17694"}],"curies":[{"name":"wp","href":"https:\/\/api.w.org\/{rel}","templated":true}]}}