{"id":17560,"date":"2023-10-16T08:30:11","date_gmt":"2023-10-16T06:30:11","guid":{"rendered":"https:\/\/www.joguinesbague.com\/sin categor\u00eda\/nancy-un-dia-siendo-aitana\/"},"modified":"2026-01-08T00:37:21","modified_gmt":"2026-01-07T23:37:21","slug":"nancy-un-dia-siendo-aitana","status":"publish","type":"product","link":"https:\/\/www.joguinesbague.com\/es\/munecas\/nancy-un-dia-siendo-aitana\/","title":{"rendered":"Nancy, un d\u00eda siendo Aitana."},"content":{"rendered":"","protected":false},"excerpt":{"rendered":"<p>\u00a1Consigue la mu\u00f1eca exclusiva de tu cantante favorita!<\/p>\n<p>Esta edici\u00f3n limitada de Nancy by Aitana viste con el mismo look que la cantante luce en su nuevo videoclip \u00ablas Babys\u00bb top iridiscente azul, pantalones anchos negros con flecos laterales y decorado con estrellas plateadas, botas negras, grandes pendientes de aro plateados y un collar. Adem\u00e1s, tiene el pelo corto marr\u00f3n oscuro con el caracter\u00edstico flequillo de Aitana e incluso un tatuaje en su brazo derecho con el logotipo de su nuevo trabajo.<\/p>\n","protected":false},"featured_media":17541,"template":"","meta":{"_acf_changed":false},"pwb-brand":[182],"product_cat":[418,152],"product_tag":[],"class_list":{"0":"post-17560","1":"product","2":"type-product","3":"status-publish","4":"has-post-thumbnail","6":"pwb-brand-famosa-es","7":"product_cat-5-6-anos","8":"product_cat-munecas","10":"first","11":"instock","12":"sale","13":"shipping-taxable","14":"purchasable","15":"product-type-simple"},"acf":[],"yoast_head":"<!-- This site is optimized with the Yoast SEO plugin v27.2 - https:\/\/yoast.com\/product\/yoast-seo-wordpress\/ -->\n<title>Nancy, un d\u00eda siendo Aitana. - Joguines Bagu\u00e9<\/title>\n<meta name=\"robots\" content=\"index, follow, max-snippet:-1, max-image-preview:large, max-video-preview:-1\" \/>\n<link rel=\"canonical\" href=\"https:\/\/www.joguinesbague.com\/es\/munecas\/nancy-un-dia-siendo-aitana\/\" \/>\n<meta property=\"og:locale\" content=\"es_ES\" \/>\n<meta property=\"og:type\" content=\"article\" \/>\n<meta property=\"og:title\" content=\"Nancy, un d\u00eda siendo Aitana. - Joguines Bagu\u00e9\" \/>\n<meta property=\"og:description\" content=\"\u00a1Consigue la mu\u00f1eca exclusiva de tu cantante favorita!  Esta edici\u00f3n limitada de Nancy by Aitana viste con el mismo look que la cantante luce en su nuevo videoclip &quot;las Babys&quot; top iridiscente azul, pantalones anchos negros con flecos laterales y decorado con estrellas plateadas, botas negras, grandes pendientes de aro plateados y un collar. Adem\u00e1s, tiene el pelo corto marr\u00f3n oscuro con el caracter\u00edstico flequillo de Aitana e incluso un tatuaje en su brazo derecho con el logotipo de su nuevo trabajo.\" \/>\n<meta property=\"og:url\" content=\"https:\/\/www.joguinesbague.com\/es\/munecas\/nancy-un-dia-siendo-aitana\/\" \/>\n<meta property=\"og:site_name\" content=\"Joguines Bagu\u00e9\" \/>\n<meta property=\"article:publisher\" content=\"https:\/\/www.facebook.com\/Joguines-Bagu%c3%a9-112374270472618\" \/>\n<meta property=\"article:modified_time\" content=\"2026-01-07T23:37:21+00:00\" \/>\n<meta property=\"og:image\" content=\"https:\/\/www.joguinesbague.com\/wp-content\/uploads\/2023\/10\/13015957_aitana_0.jpg\" \/>\n\t<meta property=\"og:image:width\" content=\"800\" \/>\n\t<meta property=\"og:image:height\" content=\"800\" \/>\n\t<meta property=\"og:image:type\" content=\"image\/jpeg\" \/>\n<meta name=\"twitter:card\" content=\"summary_large_image\" \/>\n<script type=\"application\/ld+json\" class=\"yoast-schema-graph\">{\"@context\":\"https:\/\/schema.org\",\"@graph\":[{\"@type\":[\"WebPage\",\"ItemPage\"],\"@id\":\"https:\/\/www.joguinesbague.com\/es\/munecas\/nancy-un-dia-siendo-aitana\/\",\"url\":\"https:\/\/www.joguinesbague.com\/es\/munecas\/nancy-un-dia-siendo-aitana\/\",\"name\":\"Nancy, un d\u00eda siendo Aitana. - Joguines Bagu\u00e9\",\"isPartOf\":{\"@id\":\"https:\/\/www.joguinesbague.com\/es\/#website\"},\"primaryImageOfPage\":{\"@id\":\"https:\/\/www.joguinesbague.com\/es\/munecas\/nancy-un-dia-siendo-aitana\/#primaryimage\"},\"image\":{\"@id\":\"https:\/\/www.joguinesbague.com\/es\/munecas\/nancy-un-dia-siendo-aitana\/#primaryimage\"},\"thumbnailUrl\":\"https:\/\/www.joguinesbague.com\/wp-content\/uploads\/2023\/10\/13015957_aitana_0.jpg\",\"datePublished\":\"2023-10-16T06:30:11+00:00\",\"dateModified\":\"2026-01-07T23:37:21+00:00\",\"breadcrumb\":{\"@id\":\"https:\/\/www.joguinesbague.com\/es\/munecas\/nancy-un-dia-siendo-aitana\/#breadcrumb\"},\"inLanguage\":\"es\",\"potentialAction\":[{\"@type\":\"ReadAction\",\"target\":[\"https:\/\/www.joguinesbague.com\/es\/munecas\/nancy-un-dia-siendo-aitana\/\"]}]},{\"@type\":\"ImageObject\",\"inLanguage\":\"es\",\"@id\":\"https:\/\/www.joguinesbague.com\/es\/munecas\/nancy-un-dia-siendo-aitana\/#primaryimage\",\"url\":\"https:\/\/www.joguinesbague.com\/wp-content\/uploads\/2023\/10\/13015957_aitana_0.jpg\",\"contentUrl\":\"https:\/\/www.joguinesbague.com\/wp-content\/uploads\/2023\/10\/13015957_aitana_0.jpg\",\"width\":800,\"height\":800},{\"@type\":\"BreadcrumbList\",\"@id\":\"https:\/\/www.joguinesbague.com\/es\/munecas\/nancy-un-dia-siendo-aitana\/#breadcrumb\",\"itemListElement\":[{\"@type\":\"ListItem\",\"position\":1,\"name\":\"Inicio\",\"item\":\"https:\/\/www.joguinesbague.com\/es\/\"},{\"@type\":\"ListItem\",\"position\":2,\"name\":\"Juguetes\",\"item\":\"https:\/\/www.joguinesbague.com\/joguines\/\"},{\"@type\":\"ListItem\",\"position\":3,\"name\":\"Mu\u00f1ecas\",\"item\":\"https:\/\/www.joguinesbague.com\/es\/munecas\/\"},{\"@type\":\"ListItem\",\"position\":4,\"name\":\"Nancy, un d\u00eda siendo Aitana.\"}]},{\"@type\":\"WebSite\",\"@id\":\"https:\/\/www.joguinesbague.com\/es\/#website\",\"url\":\"https:\/\/www.joguinesbague.com\/es\/\",\"name\":\"Joguines Bagu\u00e9\",\"description\":\"Tienda de juguetes en la Bisbal d'Empord\u00e0\",\"publisher\":{\"@id\":\"https:\/\/www.joguinesbague.com\/es\/#organization\"},\"potentialAction\":[{\"@type\":\"SearchAction\",\"target\":{\"@type\":\"EntryPoint\",\"urlTemplate\":\"https:\/\/www.joguinesbague.com\/es\/?s={search_term_string}\"},\"query-input\":{\"@type\":\"PropertyValueSpecification\",\"valueRequired\":true,\"valueName\":\"search_term_string\"}}],\"inLanguage\":\"es\"},{\"@type\":\"Organization\",\"@id\":\"https:\/\/www.joguinesbague.com\/es\/#organization\",\"name\":\"Joguines Bagu\u00e9\",\"url\":\"https:\/\/www.joguinesbague.com\/es\/\",\"logo\":{\"@type\":\"ImageObject\",\"inLanguage\":\"es\",\"@id\":\"https:\/\/www.joguinesbague.com\/es\/#\/schema\/logo\/image\/\",\"url\":\"https:\/\/www.joguinesbague.com\/wp-content\/uploads\/2020\/09\/AF-logotip-bague-02-e1599126400733.png\",\"contentUrl\":\"https:\/\/www.joguinesbague.com\/wp-content\/uploads\/2020\/09\/AF-logotip-bague-02-e1599126400733.png\",\"width\":1024,\"height\":419,\"caption\":\"Joguines Bagu\u00e9\"},\"image\":{\"@id\":\"https:\/\/www.joguinesbague.com\/es\/#\/schema\/logo\/image\/\"},\"sameAs\":[\"https:\/\/www.facebook.com\/Joguines-Bagu\u00e9-112374270472618\",\"https:\/\/www.instagram.com\/joguinesbague\"]}]}<\/script>\n<!-- \/ Yoast SEO plugin. -->","yoast_head_json":{"title":"Nancy, un d\u00eda siendo Aitana. - Joguines Bagu\u00e9","robots":{"index":"index","follow":"follow","max-snippet":"max-snippet:-1","max-image-preview":"max-image-preview:large","max-video-preview":"max-video-preview:-1"},"canonical":"https:\/\/www.joguinesbague.com\/es\/munecas\/nancy-un-dia-siendo-aitana\/","og_locale":"es_ES","og_type":"article","og_title":"Nancy, un d\u00eda siendo Aitana. - Joguines Bagu\u00e9","og_description":"\u00a1Consigue la mu\u00f1eca exclusiva de tu cantante favorita!  Esta edici\u00f3n limitada de Nancy by Aitana viste con el mismo look que la cantante luce en su nuevo videoclip \"las Babys\" top iridiscente azul, pantalones anchos negros con flecos laterales y decorado con estrellas plateadas, botas negras, grandes pendientes de aro plateados y un collar. Adem\u00e1s, tiene el pelo corto marr\u00f3n oscuro con el caracter\u00edstico flequillo de Aitana e incluso un tatuaje en su brazo derecho con el logotipo de su nuevo trabajo.","og_url":"https:\/\/www.joguinesbague.com\/es\/munecas\/nancy-un-dia-siendo-aitana\/","og_site_name":"Joguines Bagu\u00e9","article_publisher":"https:\/\/www.facebook.com\/Joguines-Bagu%c3%a9-112374270472618","article_modified_time":"2026-01-07T23:37:21+00:00","og_image":[{"width":800,"height":800,"url":"https:\/\/www.joguinesbague.com\/wp-content\/uploads\/2023\/10\/13015957_aitana_0.jpg","type":"image\/jpeg"}],"twitter_card":"summary_large_image","schema":{"@context":"https:\/\/schema.org","@graph":[{"@type":["WebPage","ItemPage"],"@id":"https:\/\/www.joguinesbague.com\/es\/munecas\/nancy-un-dia-siendo-aitana\/","url":"https:\/\/www.joguinesbague.com\/es\/munecas\/nancy-un-dia-siendo-aitana\/","name":"Nancy, un d\u00eda siendo Aitana. - Joguines Bagu\u00e9","isPartOf":{"@id":"https:\/\/www.joguinesbague.com\/es\/#website"},"primaryImageOfPage":{"@id":"https:\/\/www.joguinesbague.com\/es\/munecas\/nancy-un-dia-siendo-aitana\/#primaryimage"},"image":{"@id":"https:\/\/www.joguinesbague.com\/es\/munecas\/nancy-un-dia-siendo-aitana\/#primaryimage"},"thumbnailUrl":"https:\/\/www.joguinesbague.com\/wp-content\/uploads\/2023\/10\/13015957_aitana_0.jpg","datePublished":"2023-10-16T06:30:11+00:00","dateModified":"2026-01-07T23:37:21+00:00","breadcrumb":{"@id":"https:\/\/www.joguinesbague.com\/es\/munecas\/nancy-un-dia-siendo-aitana\/#breadcrumb"},"inLanguage":"es","potentialAction":[{"@type":"ReadAction","target":["https:\/\/www.joguinesbague.com\/es\/munecas\/nancy-un-dia-siendo-aitana\/"]}]},{"@type":"ImageObject","inLanguage":"es","@id":"https:\/\/www.joguinesbague.com\/es\/munecas\/nancy-un-dia-siendo-aitana\/#primaryimage","url":"https:\/\/www.joguinesbague.com\/wp-content\/uploads\/2023\/10\/13015957_aitana_0.jpg","contentUrl":"https:\/\/www.joguinesbague.com\/wp-content\/uploads\/2023\/10\/13015957_aitana_0.jpg","width":800,"height":800},{"@type":"BreadcrumbList","@id":"https:\/\/www.joguinesbague.com\/es\/munecas\/nancy-un-dia-siendo-aitana\/#breadcrumb","itemListElement":[{"@type":"ListItem","position":1,"name":"Inicio","item":"https:\/\/www.joguinesbague.com\/es\/"},{"@type":"ListItem","position":2,"name":"Juguetes","item":"https:\/\/www.joguinesbague.com\/joguines\/"},{"@type":"ListItem","position":3,"name":"Mu\u00f1ecas","item":"https:\/\/www.joguinesbague.com\/es\/munecas\/"},{"@type":"ListItem","position":4,"name":"Nancy, un d\u00eda siendo Aitana."}]},{"@type":"WebSite","@id":"https:\/\/www.joguinesbague.com\/es\/#website","url":"https:\/\/www.joguinesbague.com\/es\/","name":"Joguines Bagu\u00e9","description":"Tienda de juguetes en la Bisbal d'Empord\u00e0","publisher":{"@id":"https:\/\/www.joguinesbague.com\/es\/#organization"},"potentialAction":[{"@type":"SearchAction","target":{"@type":"EntryPoint","urlTemplate":"https:\/\/www.joguinesbague.com\/es\/?s={search_term_string}"},"query-input":{"@type":"PropertyValueSpecification","valueRequired":true,"valueName":"search_term_string"}}],"inLanguage":"es"},{"@type":"Organization","@id":"https:\/\/www.joguinesbague.com\/es\/#organization","name":"Joguines Bagu\u00e9","url":"https:\/\/www.joguinesbague.com\/es\/","logo":{"@type":"ImageObject","inLanguage":"es","@id":"https:\/\/www.joguinesbague.com\/es\/#\/schema\/logo\/image\/","url":"https:\/\/www.joguinesbague.com\/wp-content\/uploads\/2020\/09\/AF-logotip-bague-02-e1599126400733.png","contentUrl":"https:\/\/www.joguinesbague.com\/wp-content\/uploads\/2020\/09\/AF-logotip-bague-02-e1599126400733.png","width":1024,"height":419,"caption":"Joguines Bagu\u00e9"},"image":{"@id":"https:\/\/www.joguinesbague.com\/es\/#\/schema\/logo\/image\/"},"sameAs":["https:\/\/www.facebook.com\/Joguines-Bagu\u00e9-112374270472618","https:\/\/www.instagram.com\/joguinesbague"]}]}},"brands":[{"id":182,"name":"Famosa","slug":"famosa-es"}],"_links":{"self":[{"href":"https:\/\/www.joguinesbague.com\/es\/wp-json\/wp\/v2\/product\/17560","targetHints":{"allow":["GET"]}}],"collection":[{"href":"https:\/\/www.joguinesbague.com\/es\/wp-json\/wp\/v2\/product"}],"about":[{"href":"https:\/\/www.joguinesbague.com\/es\/wp-json\/wp\/v2\/types\/product"}],"wp:featuredmedia":[{"embeddable":true,"href":"https:\/\/www.joguinesbague.com\/es\/wp-json\/wp\/v2\/media\/17541"}],"wp:attachment":[{"href":"https:\/\/www.joguinesbague.com\/es\/wp-json\/wp\/v2\/media?parent=17560"}],"wp:term":[{"taxonomy":"pwb-brand","embeddable":true,"href":"https:\/\/www.joguinesbague.com\/es\/wp-json\/wp\/v2\/pwb-brand?post=17560"},{"taxonomy":"product_cat","embeddable":true,"href":"https:\/\/www.joguinesbague.com\/es\/wp-json\/wp\/v2\/product_cat?post=17560"},{"taxonomy":"product_tag","embeddable":true,"href":"https:\/\/www.joguinesbague.com\/es\/wp-json\/wp\/v2\/product_tag?post=17560"}],"curies":[{"name":"wp","href":"https:\/\/api.w.org\/{rel}","templated":true}]}}