{"id":17370,"date":"2023-10-11T10:21:26","date_gmt":"2023-10-11T08:21:26","guid":{"rendered":"https:\/\/www.joguinesbague.com\/sin%20categor\u00eda\/17370\/"},"modified":"2023-10-11T10:24:26","modified_gmt":"2023-10-11T08:24:26","slug":"mano-cyborg-hidraulica","status":"publish","type":"product","link":"https:\/\/www.joguinesbague.com\/es\/construccion\/mano-cyborg-hidraulica\/","title":{"rendered":"Mano Cyborg Hidr\u00e1ulica"},"content":{"rendered":"","protected":false},"excerpt":{"rendered":"<p>Monta una mano Cyborg Hidr\u00e1ulica, simula los movimientos de una mano humana usando energ\u00eda hidr\u00e1ulica para transmisi\u00f3n mec\u00e1nica sin electricidad. Permite que cada articulaci\u00f3n de los dedos se ajuste en diferentes \u00e1ngulos con gran precisi\u00f3n para formar un pu\u00f1o cerrado, una palma abierta, etc. Puede usar diferentes t\u00e9cnicas de agarre para sostener variedad de art\u00edculos.<\/p>\n<p>Recomendado para mayores de 8 a\u00f1os.<\/p>\n","protected":false},"featured_media":17356,"template":"","meta":{"_acf_changed":false},"pwb-brand":[257],"product_cat":[415,153],"product_tag":[],"class_list":{"0":"post-17370","1":"product","2":"type-product","3":"status-publish","4":"has-post-thumbnail","6":"pwb-brand-deqube-trading-es","7":"product_cat-7-8-anos","8":"product_cat-construccion","10":"first","11":"instock","12":"shipping-taxable","13":"purchasable","14":"product-type-simple"},"acf":[],"yoast_head":"<!-- This site is optimized with the Yoast SEO plugin v27.2 - https:\/\/yoast.com\/product\/yoast-seo-wordpress\/ -->\n<title>Mano Cyborg Hidr\u00e1ulica - Joguines Bagu\u00e9<\/title>\n<meta name=\"robots\" content=\"index, follow, max-snippet:-1, max-image-preview:large, max-video-preview:-1\" \/>\n<link rel=\"canonical\" href=\"https:\/\/www.joguinesbague.com\/es\/construccion\/mano-cyborg-hidraulica\/\" \/>\n<meta property=\"og:locale\" content=\"es_ES\" \/>\n<meta property=\"og:type\" content=\"article\" \/>\n<meta property=\"og:title\" content=\"Mano Cyborg Hidr\u00e1ulica - Joguines Bagu\u00e9\" \/>\n<meta property=\"og:description\" content=\"Monta una mano Cyborg Hidr\u00e1ulica, simula los movimientos de una mano humana usando energ\u00eda hidr\u00e1ulica para transmisi\u00f3n mec\u00e1nica sin electricidad. Permite que cada articulaci\u00f3n de los dedos se ajuste en diferentes \u00e1ngulos con gran precisi\u00f3n para formar un pu\u00f1o cerrado, una palma abierta, etc. Puede usar diferentes t\u00e9cnicas de agarre para sostener variedad de art\u00edculos.  Recomendado para mayores de 8 a\u00f1os.\" \/>\n<meta property=\"og:url\" content=\"https:\/\/www.joguinesbague.com\/es\/construccion\/mano-cyborg-hidraulica\/\" \/>\n<meta property=\"og:site_name\" content=\"Joguines Bagu\u00e9\" \/>\n<meta property=\"article:publisher\" content=\"https:\/\/www.facebook.com\/Joguines-Bagu%c3%a9-112374270472618\" \/>\n<meta property=\"article:modified_time\" content=\"2023-10-11T08:24:26+00:00\" \/>\n<meta property=\"og:image\" content=\"https:\/\/www.joguinesbague.com\/wp-content\/uploads\/2023\/10\/56733113_mahidraulica_0.jpg\" \/>\n\t<meta property=\"og:image:width\" content=\"800\" \/>\n\t<meta property=\"og:image:height\" content=\"800\" \/>\n\t<meta property=\"og:image:type\" content=\"image\/jpeg\" \/>\n<meta name=\"twitter:card\" content=\"summary_large_image\" \/>\n<script type=\"application\/ld+json\" class=\"yoast-schema-graph\">{\"@context\":\"https:\/\/schema.org\",\"@graph\":[{\"@type\":[\"WebPage\",\"ItemPage\"],\"@id\":\"https:\/\/www.joguinesbague.com\/es\/construccion\/mano-cyborg-hidraulica\/\",\"url\":\"https:\/\/www.joguinesbague.com\/es\/construccion\/mano-cyborg-hidraulica\/\",\"name\":\"Mano Cyborg Hidr\u00e1ulica - Joguines Bagu\u00e9\",\"isPartOf\":{\"@id\":\"https:\/\/www.joguinesbague.com\/es\/#website\"},\"primaryImageOfPage\":{\"@id\":\"https:\/\/www.joguinesbague.com\/es\/construccion\/mano-cyborg-hidraulica\/#primaryimage\"},\"image\":{\"@id\":\"https:\/\/www.joguinesbague.com\/es\/construccion\/mano-cyborg-hidraulica\/#primaryimage\"},\"thumbnailUrl\":\"https:\/\/www.joguinesbague.com\/wp-content\/uploads\/2023\/10\/56733113_mahidraulica_0.jpg\",\"datePublished\":\"2023-10-11T08:21:26+00:00\",\"dateModified\":\"2023-10-11T08:24:26+00:00\",\"breadcrumb\":{\"@id\":\"https:\/\/www.joguinesbague.com\/es\/construccion\/mano-cyborg-hidraulica\/#breadcrumb\"},\"inLanguage\":\"es\",\"potentialAction\":[{\"@type\":\"ReadAction\",\"target\":[\"https:\/\/www.joguinesbague.com\/es\/construccion\/mano-cyborg-hidraulica\/\"]}]},{\"@type\":\"ImageObject\",\"inLanguage\":\"es\",\"@id\":\"https:\/\/www.joguinesbague.com\/es\/construccion\/mano-cyborg-hidraulica\/#primaryimage\",\"url\":\"https:\/\/www.joguinesbague.com\/wp-content\/uploads\/2023\/10\/56733113_mahidraulica_0.jpg\",\"contentUrl\":\"https:\/\/www.joguinesbague.com\/wp-content\/uploads\/2023\/10\/56733113_mahidraulica_0.jpg\",\"width\":800,\"height\":800},{\"@type\":\"BreadcrumbList\",\"@id\":\"https:\/\/www.joguinesbague.com\/es\/construccion\/mano-cyborg-hidraulica\/#breadcrumb\",\"itemListElement\":[{\"@type\":\"ListItem\",\"position\":1,\"name\":\"Inicio\",\"item\":\"https:\/\/www.joguinesbague.com\/es\/\"},{\"@type\":\"ListItem\",\"position\":2,\"name\":\"Juguetes\",\"item\":\"https:\/\/www.joguinesbague.com\/joguines\/\"},{\"@type\":\"ListItem\",\"position\":3,\"name\":\"Construcci\u00f3n\",\"item\":\"https:\/\/www.joguinesbague.com\/es\/construccion\/\"},{\"@type\":\"ListItem\",\"position\":4,\"name\":\"Mano Cyborg Hidr\u00e1ulica\"}]},{\"@type\":\"WebSite\",\"@id\":\"https:\/\/www.joguinesbague.com\/es\/#website\",\"url\":\"https:\/\/www.joguinesbague.com\/es\/\",\"name\":\"Joguines Bagu\u00e9\",\"description\":\"Tienda de juguetes en la Bisbal d'Empord\u00e0\",\"publisher\":{\"@id\":\"https:\/\/www.joguinesbague.com\/es\/#organization\"},\"potentialAction\":[{\"@type\":\"SearchAction\",\"target\":{\"@type\":\"EntryPoint\",\"urlTemplate\":\"https:\/\/www.joguinesbague.com\/es\/?s={search_term_string}\"},\"query-input\":{\"@type\":\"PropertyValueSpecification\",\"valueRequired\":true,\"valueName\":\"search_term_string\"}}],\"inLanguage\":\"es\"},{\"@type\":\"Organization\",\"@id\":\"https:\/\/www.joguinesbague.com\/es\/#organization\",\"name\":\"Joguines Bagu\u00e9\",\"url\":\"https:\/\/www.joguinesbague.com\/es\/\",\"logo\":{\"@type\":\"ImageObject\",\"inLanguage\":\"es\",\"@id\":\"https:\/\/www.joguinesbague.com\/es\/#\/schema\/logo\/image\/\",\"url\":\"https:\/\/www.joguinesbague.com\/wp-content\/uploads\/2020\/09\/AF-logotip-bague-02-e1599126400733.png\",\"contentUrl\":\"https:\/\/www.joguinesbague.com\/wp-content\/uploads\/2020\/09\/AF-logotip-bague-02-e1599126400733.png\",\"width\":1024,\"height\":419,\"caption\":\"Joguines Bagu\u00e9\"},\"image\":{\"@id\":\"https:\/\/www.joguinesbague.com\/es\/#\/schema\/logo\/image\/\"},\"sameAs\":[\"https:\/\/www.facebook.com\/Joguines-Bagu\u00e9-112374270472618\",\"https:\/\/www.instagram.com\/joguinesbague\"]}]}<\/script>\n<!-- \/ Yoast SEO plugin. -->","yoast_head_json":{"title":"Mano Cyborg Hidr\u00e1ulica - Joguines Bagu\u00e9","robots":{"index":"index","follow":"follow","max-snippet":"max-snippet:-1","max-image-preview":"max-image-preview:large","max-video-preview":"max-video-preview:-1"},"canonical":"https:\/\/www.joguinesbague.com\/es\/construccion\/mano-cyborg-hidraulica\/","og_locale":"es_ES","og_type":"article","og_title":"Mano Cyborg Hidr\u00e1ulica - Joguines Bagu\u00e9","og_description":"Monta una mano Cyborg Hidr\u00e1ulica, simula los movimientos de una mano humana usando energ\u00eda hidr\u00e1ulica para transmisi\u00f3n mec\u00e1nica sin electricidad. Permite que cada articulaci\u00f3n de los dedos se ajuste en diferentes \u00e1ngulos con gran precisi\u00f3n para formar un pu\u00f1o cerrado, una palma abierta, etc. Puede usar diferentes t\u00e9cnicas de agarre para sostener variedad de art\u00edculos.  Recomendado para mayores de 8 a\u00f1os.","og_url":"https:\/\/www.joguinesbague.com\/es\/construccion\/mano-cyborg-hidraulica\/","og_site_name":"Joguines Bagu\u00e9","article_publisher":"https:\/\/www.facebook.com\/Joguines-Bagu%c3%a9-112374270472618","article_modified_time":"2023-10-11T08:24:26+00:00","og_image":[{"width":800,"height":800,"url":"https:\/\/www.joguinesbague.com\/wp-content\/uploads\/2023\/10\/56733113_mahidraulica_0.jpg","type":"image\/jpeg"}],"twitter_card":"summary_large_image","schema":{"@context":"https:\/\/schema.org","@graph":[{"@type":["WebPage","ItemPage"],"@id":"https:\/\/www.joguinesbague.com\/es\/construccion\/mano-cyborg-hidraulica\/","url":"https:\/\/www.joguinesbague.com\/es\/construccion\/mano-cyborg-hidraulica\/","name":"Mano Cyborg Hidr\u00e1ulica - Joguines Bagu\u00e9","isPartOf":{"@id":"https:\/\/www.joguinesbague.com\/es\/#website"},"primaryImageOfPage":{"@id":"https:\/\/www.joguinesbague.com\/es\/construccion\/mano-cyborg-hidraulica\/#primaryimage"},"image":{"@id":"https:\/\/www.joguinesbague.com\/es\/construccion\/mano-cyborg-hidraulica\/#primaryimage"},"thumbnailUrl":"https:\/\/www.joguinesbague.com\/wp-content\/uploads\/2023\/10\/56733113_mahidraulica_0.jpg","datePublished":"2023-10-11T08:21:26+00:00","dateModified":"2023-10-11T08:24:26+00:00","breadcrumb":{"@id":"https:\/\/www.joguinesbague.com\/es\/construccion\/mano-cyborg-hidraulica\/#breadcrumb"},"inLanguage":"es","potentialAction":[{"@type":"ReadAction","target":["https:\/\/www.joguinesbague.com\/es\/construccion\/mano-cyborg-hidraulica\/"]}]},{"@type":"ImageObject","inLanguage":"es","@id":"https:\/\/www.joguinesbague.com\/es\/construccion\/mano-cyborg-hidraulica\/#primaryimage","url":"https:\/\/www.joguinesbague.com\/wp-content\/uploads\/2023\/10\/56733113_mahidraulica_0.jpg","contentUrl":"https:\/\/www.joguinesbague.com\/wp-content\/uploads\/2023\/10\/56733113_mahidraulica_0.jpg","width":800,"height":800},{"@type":"BreadcrumbList","@id":"https:\/\/www.joguinesbague.com\/es\/construccion\/mano-cyborg-hidraulica\/#breadcrumb","itemListElement":[{"@type":"ListItem","position":1,"name":"Inicio","item":"https:\/\/www.joguinesbague.com\/es\/"},{"@type":"ListItem","position":2,"name":"Juguetes","item":"https:\/\/www.joguinesbague.com\/joguines\/"},{"@type":"ListItem","position":3,"name":"Construcci\u00f3n","item":"https:\/\/www.joguinesbague.com\/es\/construccion\/"},{"@type":"ListItem","position":4,"name":"Mano Cyborg Hidr\u00e1ulica"}]},{"@type":"WebSite","@id":"https:\/\/www.joguinesbague.com\/es\/#website","url":"https:\/\/www.joguinesbague.com\/es\/","name":"Joguines Bagu\u00e9","description":"Tienda de juguetes en la Bisbal d'Empord\u00e0","publisher":{"@id":"https:\/\/www.joguinesbague.com\/es\/#organization"},"potentialAction":[{"@type":"SearchAction","target":{"@type":"EntryPoint","urlTemplate":"https:\/\/www.joguinesbague.com\/es\/?s={search_term_string}"},"query-input":{"@type":"PropertyValueSpecification","valueRequired":true,"valueName":"search_term_string"}}],"inLanguage":"es"},{"@type":"Organization","@id":"https:\/\/www.joguinesbague.com\/es\/#organization","name":"Joguines Bagu\u00e9","url":"https:\/\/www.joguinesbague.com\/es\/","logo":{"@type":"ImageObject","inLanguage":"es","@id":"https:\/\/www.joguinesbague.com\/es\/#\/schema\/logo\/image\/","url":"https:\/\/www.joguinesbague.com\/wp-content\/uploads\/2020\/09\/AF-logotip-bague-02-e1599126400733.png","contentUrl":"https:\/\/www.joguinesbague.com\/wp-content\/uploads\/2020\/09\/AF-logotip-bague-02-e1599126400733.png","width":1024,"height":419,"caption":"Joguines Bagu\u00e9"},"image":{"@id":"https:\/\/www.joguinesbague.com\/es\/#\/schema\/logo\/image\/"},"sameAs":["https:\/\/www.facebook.com\/Joguines-Bagu\u00e9-112374270472618","https:\/\/www.instagram.com\/joguinesbague"]}]}},"brands":[{"id":257,"name":"Deqube Trading","slug":"deqube-trading-es"}],"_links":{"self":[{"href":"https:\/\/www.joguinesbague.com\/es\/wp-json\/wp\/v2\/product\/17370","targetHints":{"allow":["GET"]}}],"collection":[{"href":"https:\/\/www.joguinesbague.com\/es\/wp-json\/wp\/v2\/product"}],"about":[{"href":"https:\/\/www.joguinesbague.com\/es\/wp-json\/wp\/v2\/types\/product"}],"wp:featuredmedia":[{"embeddable":true,"href":"https:\/\/www.joguinesbague.com\/es\/wp-json\/wp\/v2\/media\/17356"}],"wp:attachment":[{"href":"https:\/\/www.joguinesbague.com\/es\/wp-json\/wp\/v2\/media?parent=17370"}],"wp:term":[{"taxonomy":"pwb-brand","embeddable":true,"href":"https:\/\/www.joguinesbague.com\/es\/wp-json\/wp\/v2\/pwb-brand?post=17370"},{"taxonomy":"product_cat","embeddable":true,"href":"https:\/\/www.joguinesbague.com\/es\/wp-json\/wp\/v2\/product_cat?post=17370"},{"taxonomy":"product_tag","embeddable":true,"href":"https:\/\/www.joguinesbague.com\/es\/wp-json\/wp\/v2\/product_tag?post=17370"}],"curies":[{"name":"wp","href":"https:\/\/api.w.org\/{rel}","templated":true}]}}