{"id":17366,"date":"2023-10-11T09:48:21","date_gmt":"2023-10-11T07:48:21","guid":{"rendered":"https:\/\/www.joguinesbague.com\/sin categor\u00eda\/mesa-de-dj-disco\/"},"modified":"2023-10-11T09:48:21","modified_gmt":"2023-10-11T07:48:21","slug":"mesa-de-dj-disco","status":"publish","type":"product","link":"https:\/\/www.joguinesbague.com\/es\/juguetes-musicales\/mesa-de-dj-disco\/","title":{"rendered":"Mesa de DJ Disco"},"content":{"rendered":"","protected":false},"excerpt":{"rendered":"<p>\u00a1Anima la fiesta con esta mesa de mezclas de DJ!<\/p>\n<p>Tiene multitud de bases con diferentes efectos para crear una mezcla \u00fanica, 16 efectos de sonido, 12 ritmos, 12 efectos de bater\u00eda. Adem\u00e1s, puedes hacer \u00abscratch\u00bb en el plato de disco y puedes conectar cualquier dispositivo electr\u00f3nico para poner la m\u00fasica que m\u00e1s te guste (el cable de entrada de l\u00ednea est\u00e1 incluido).<br \/>\nPara ambientar todav\u00eda m\u00e1s la fiesta tiene una bola de discoteca con luces intermitentes y una toma de micr\u00f3fono con micr\u00f3fono de auriculares.<\/p>\n","protected":false},"featured_media":17336,"template":"","meta":{"_acf_changed":false},"pwb-brand":[257],"product_cat":[417,219],"product_tag":[],"class_list":{"0":"post-17366","1":"product","2":"type-product","3":"status-publish","4":"has-post-thumbnail","6":"pwb-brand-deqube-trading-es","7":"product_cat-3-4-anos","8":"product_cat-juguetes-musicales","10":"first","11":"instock","12":"shipping-taxable","13":"purchasable","14":"product-type-simple"},"acf":[],"yoast_head":"<!-- This site is optimized with the Yoast SEO plugin v27.2 - https:\/\/yoast.com\/product\/yoast-seo-wordpress\/ -->\n<title>Mesa de DJ Disco - Joguines Bagu\u00e9<\/title>\n<meta name=\"robots\" content=\"index, follow, max-snippet:-1, max-image-preview:large, max-video-preview:-1\" \/>\n<link rel=\"canonical\" href=\"https:\/\/www.joguinesbague.com\/es\/juguetes-musicales\/mesa-de-dj-disco\/\" \/>\n<meta property=\"og:locale\" content=\"es_ES\" \/>\n<meta property=\"og:type\" content=\"article\" \/>\n<meta property=\"og:title\" content=\"Mesa de DJ Disco - Joguines Bagu\u00e9\" \/>\n<meta property=\"og:description\" content=\"\u00a1Anima la fiesta con esta mesa de mezclas de DJ!  Tiene multitud de bases con diferentes efectos para crear una mezcla \u00fanica, 16 efectos de sonido, 12 ritmos, 12 efectos de bater\u00eda. Adem\u00e1s, puedes hacer &quot;scratch&quot; en el plato de disco y puedes conectar cualquier dispositivo electr\u00f3nico para poner la m\u00fasica que m\u00e1s te guste (el cable de entrada de l\u00ednea est\u00e1 incluido). Para ambientar todav\u00eda m\u00e1s la fiesta tiene una bola de discoteca con luces intermitentes y una toma de micr\u00f3fono con micr\u00f3fono de auriculares.\" \/>\n<meta property=\"og:url\" content=\"https:\/\/www.joguinesbague.com\/es\/juguetes-musicales\/mesa-de-dj-disco\/\" \/>\n<meta property=\"og:site_name\" content=\"Joguines Bagu\u00e9\" \/>\n<meta property=\"article:publisher\" content=\"https:\/\/www.facebook.com\/Joguines-Bagu%c3%a9-112374270472618\" \/>\n<meta property=\"og:image\" content=\"https:\/\/www.joguinesbague.com\/wp-content\/uploads\/2023\/10\/56733040_mesadj_0.jpg\" \/>\n\t<meta property=\"og:image:width\" content=\"800\" \/>\n\t<meta property=\"og:image:height\" content=\"800\" \/>\n\t<meta property=\"og:image:type\" content=\"image\/jpeg\" \/>\n<meta name=\"twitter:card\" content=\"summary_large_image\" \/>\n<script type=\"application\/ld+json\" class=\"yoast-schema-graph\">{\"@context\":\"https:\/\/schema.org\",\"@graph\":[{\"@type\":[\"WebPage\",\"ItemPage\"],\"@id\":\"https:\/\/www.joguinesbague.com\/es\/juguetes-musicales\/mesa-de-dj-disco\/\",\"url\":\"https:\/\/www.joguinesbague.com\/es\/juguetes-musicales\/mesa-de-dj-disco\/\",\"name\":\"Mesa de DJ Disco - Joguines Bagu\u00e9\",\"isPartOf\":{\"@id\":\"https:\/\/www.joguinesbague.com\/es\/#website\"},\"primaryImageOfPage\":{\"@id\":\"https:\/\/www.joguinesbague.com\/es\/juguetes-musicales\/mesa-de-dj-disco\/#primaryimage\"},\"image\":{\"@id\":\"https:\/\/www.joguinesbague.com\/es\/juguetes-musicales\/mesa-de-dj-disco\/#primaryimage\"},\"thumbnailUrl\":\"https:\/\/www.joguinesbague.com\/wp-content\/uploads\/2023\/10\/56733040_mesadj_0.jpg\",\"datePublished\":\"2023-10-11T07:48:21+00:00\",\"breadcrumb\":{\"@id\":\"https:\/\/www.joguinesbague.com\/es\/juguetes-musicales\/mesa-de-dj-disco\/#breadcrumb\"},\"inLanguage\":\"es\",\"potentialAction\":[{\"@type\":\"ReadAction\",\"target\":[\"https:\/\/www.joguinesbague.com\/es\/juguetes-musicales\/mesa-de-dj-disco\/\"]}]},{\"@type\":\"ImageObject\",\"inLanguage\":\"es\",\"@id\":\"https:\/\/www.joguinesbague.com\/es\/juguetes-musicales\/mesa-de-dj-disco\/#primaryimage\",\"url\":\"https:\/\/www.joguinesbague.com\/wp-content\/uploads\/2023\/10\/56733040_mesadj_0.jpg\",\"contentUrl\":\"https:\/\/www.joguinesbague.com\/wp-content\/uploads\/2023\/10\/56733040_mesadj_0.jpg\",\"width\":800,\"height\":800},{\"@type\":\"BreadcrumbList\",\"@id\":\"https:\/\/www.joguinesbague.com\/es\/juguetes-musicales\/mesa-de-dj-disco\/#breadcrumb\",\"itemListElement\":[{\"@type\":\"ListItem\",\"position\":1,\"name\":\"Inicio\",\"item\":\"https:\/\/www.joguinesbague.com\/es\/\"},{\"@type\":\"ListItem\",\"position\":2,\"name\":\"Juguetes\",\"item\":\"https:\/\/www.joguinesbague.com\/joguines\/\"},{\"@type\":\"ListItem\",\"position\":3,\"name\":\"Juguetes Musicales\",\"item\":\"https:\/\/www.joguinesbague.com\/es\/juguetes-musicales\/\"},{\"@type\":\"ListItem\",\"position\":4,\"name\":\"Mesa de DJ Disco\"}]},{\"@type\":\"WebSite\",\"@id\":\"https:\/\/www.joguinesbague.com\/es\/#website\",\"url\":\"https:\/\/www.joguinesbague.com\/es\/\",\"name\":\"Joguines Bagu\u00e9\",\"description\":\"Tienda de juguetes en la Bisbal d'Empord\u00e0\",\"publisher\":{\"@id\":\"https:\/\/www.joguinesbague.com\/es\/#organization\"},\"potentialAction\":[{\"@type\":\"SearchAction\",\"target\":{\"@type\":\"EntryPoint\",\"urlTemplate\":\"https:\/\/www.joguinesbague.com\/es\/?s={search_term_string}\"},\"query-input\":{\"@type\":\"PropertyValueSpecification\",\"valueRequired\":true,\"valueName\":\"search_term_string\"}}],\"inLanguage\":\"es\"},{\"@type\":\"Organization\",\"@id\":\"https:\/\/www.joguinesbague.com\/es\/#organization\",\"name\":\"Joguines Bagu\u00e9\",\"url\":\"https:\/\/www.joguinesbague.com\/es\/\",\"logo\":{\"@type\":\"ImageObject\",\"inLanguage\":\"es\",\"@id\":\"https:\/\/www.joguinesbague.com\/es\/#\/schema\/logo\/image\/\",\"url\":\"https:\/\/www.joguinesbague.com\/wp-content\/uploads\/2020\/09\/AF-logotip-bague-02-e1599126400733.png\",\"contentUrl\":\"https:\/\/www.joguinesbague.com\/wp-content\/uploads\/2020\/09\/AF-logotip-bague-02-e1599126400733.png\",\"width\":1024,\"height\":419,\"caption\":\"Joguines Bagu\u00e9\"},\"image\":{\"@id\":\"https:\/\/www.joguinesbague.com\/es\/#\/schema\/logo\/image\/\"},\"sameAs\":[\"https:\/\/www.facebook.com\/Joguines-Bagu\u00e9-112374270472618\",\"https:\/\/www.instagram.com\/joguinesbague\"]}]}<\/script>\n<!-- \/ Yoast SEO plugin. -->","yoast_head_json":{"title":"Mesa de DJ Disco - Joguines Bagu\u00e9","robots":{"index":"index","follow":"follow","max-snippet":"max-snippet:-1","max-image-preview":"max-image-preview:large","max-video-preview":"max-video-preview:-1"},"canonical":"https:\/\/www.joguinesbague.com\/es\/juguetes-musicales\/mesa-de-dj-disco\/","og_locale":"es_ES","og_type":"article","og_title":"Mesa de DJ Disco - Joguines Bagu\u00e9","og_description":"\u00a1Anima la fiesta con esta mesa de mezclas de DJ!  Tiene multitud de bases con diferentes efectos para crear una mezcla \u00fanica, 16 efectos de sonido, 12 ritmos, 12 efectos de bater\u00eda. Adem\u00e1s, puedes hacer \"scratch\" en el plato de disco y puedes conectar cualquier dispositivo electr\u00f3nico para poner la m\u00fasica que m\u00e1s te guste (el cable de entrada de l\u00ednea est\u00e1 incluido). Para ambientar todav\u00eda m\u00e1s la fiesta tiene una bola de discoteca con luces intermitentes y una toma de micr\u00f3fono con micr\u00f3fono de auriculares.","og_url":"https:\/\/www.joguinesbague.com\/es\/juguetes-musicales\/mesa-de-dj-disco\/","og_site_name":"Joguines Bagu\u00e9","article_publisher":"https:\/\/www.facebook.com\/Joguines-Bagu%c3%a9-112374270472618","og_image":[{"width":800,"height":800,"url":"https:\/\/www.joguinesbague.com\/wp-content\/uploads\/2023\/10\/56733040_mesadj_0.jpg","type":"image\/jpeg"}],"twitter_card":"summary_large_image","schema":{"@context":"https:\/\/schema.org","@graph":[{"@type":["WebPage","ItemPage"],"@id":"https:\/\/www.joguinesbague.com\/es\/juguetes-musicales\/mesa-de-dj-disco\/","url":"https:\/\/www.joguinesbague.com\/es\/juguetes-musicales\/mesa-de-dj-disco\/","name":"Mesa de DJ Disco - Joguines Bagu\u00e9","isPartOf":{"@id":"https:\/\/www.joguinesbague.com\/es\/#website"},"primaryImageOfPage":{"@id":"https:\/\/www.joguinesbague.com\/es\/juguetes-musicales\/mesa-de-dj-disco\/#primaryimage"},"image":{"@id":"https:\/\/www.joguinesbague.com\/es\/juguetes-musicales\/mesa-de-dj-disco\/#primaryimage"},"thumbnailUrl":"https:\/\/www.joguinesbague.com\/wp-content\/uploads\/2023\/10\/56733040_mesadj_0.jpg","datePublished":"2023-10-11T07:48:21+00:00","breadcrumb":{"@id":"https:\/\/www.joguinesbague.com\/es\/juguetes-musicales\/mesa-de-dj-disco\/#breadcrumb"},"inLanguage":"es","potentialAction":[{"@type":"ReadAction","target":["https:\/\/www.joguinesbague.com\/es\/juguetes-musicales\/mesa-de-dj-disco\/"]}]},{"@type":"ImageObject","inLanguage":"es","@id":"https:\/\/www.joguinesbague.com\/es\/juguetes-musicales\/mesa-de-dj-disco\/#primaryimage","url":"https:\/\/www.joguinesbague.com\/wp-content\/uploads\/2023\/10\/56733040_mesadj_0.jpg","contentUrl":"https:\/\/www.joguinesbague.com\/wp-content\/uploads\/2023\/10\/56733040_mesadj_0.jpg","width":800,"height":800},{"@type":"BreadcrumbList","@id":"https:\/\/www.joguinesbague.com\/es\/juguetes-musicales\/mesa-de-dj-disco\/#breadcrumb","itemListElement":[{"@type":"ListItem","position":1,"name":"Inicio","item":"https:\/\/www.joguinesbague.com\/es\/"},{"@type":"ListItem","position":2,"name":"Juguetes","item":"https:\/\/www.joguinesbague.com\/joguines\/"},{"@type":"ListItem","position":3,"name":"Juguetes Musicales","item":"https:\/\/www.joguinesbague.com\/es\/juguetes-musicales\/"},{"@type":"ListItem","position":4,"name":"Mesa de DJ Disco"}]},{"@type":"WebSite","@id":"https:\/\/www.joguinesbague.com\/es\/#website","url":"https:\/\/www.joguinesbague.com\/es\/","name":"Joguines Bagu\u00e9","description":"Tienda de juguetes en la Bisbal d'Empord\u00e0","publisher":{"@id":"https:\/\/www.joguinesbague.com\/es\/#organization"},"potentialAction":[{"@type":"SearchAction","target":{"@type":"EntryPoint","urlTemplate":"https:\/\/www.joguinesbague.com\/es\/?s={search_term_string}"},"query-input":{"@type":"PropertyValueSpecification","valueRequired":true,"valueName":"search_term_string"}}],"inLanguage":"es"},{"@type":"Organization","@id":"https:\/\/www.joguinesbague.com\/es\/#organization","name":"Joguines Bagu\u00e9","url":"https:\/\/www.joguinesbague.com\/es\/","logo":{"@type":"ImageObject","inLanguage":"es","@id":"https:\/\/www.joguinesbague.com\/es\/#\/schema\/logo\/image\/","url":"https:\/\/www.joguinesbague.com\/wp-content\/uploads\/2020\/09\/AF-logotip-bague-02-e1599126400733.png","contentUrl":"https:\/\/www.joguinesbague.com\/wp-content\/uploads\/2020\/09\/AF-logotip-bague-02-e1599126400733.png","width":1024,"height":419,"caption":"Joguines Bagu\u00e9"},"image":{"@id":"https:\/\/www.joguinesbague.com\/es\/#\/schema\/logo\/image\/"},"sameAs":["https:\/\/www.facebook.com\/Joguines-Bagu\u00e9-112374270472618","https:\/\/www.instagram.com\/joguinesbague"]}]}},"brands":[{"id":257,"name":"Deqube Trading","slug":"deqube-trading-es"}],"_links":{"self":[{"href":"https:\/\/www.joguinesbague.com\/es\/wp-json\/wp\/v2\/product\/17366","targetHints":{"allow":["GET"]}}],"collection":[{"href":"https:\/\/www.joguinesbague.com\/es\/wp-json\/wp\/v2\/product"}],"about":[{"href":"https:\/\/www.joguinesbague.com\/es\/wp-json\/wp\/v2\/types\/product"}],"wp:featuredmedia":[{"embeddable":true,"href":"https:\/\/www.joguinesbague.com\/es\/wp-json\/wp\/v2\/media\/17336"}],"wp:attachment":[{"href":"https:\/\/www.joguinesbague.com\/es\/wp-json\/wp\/v2\/media?parent=17366"}],"wp:term":[{"taxonomy":"pwb-brand","embeddable":true,"href":"https:\/\/www.joguinesbague.com\/es\/wp-json\/wp\/v2\/pwb-brand?post=17366"},{"taxonomy":"product_cat","embeddable":true,"href":"https:\/\/www.joguinesbague.com\/es\/wp-json\/wp\/v2\/product_cat?post=17366"},{"taxonomy":"product_tag","embeddable":true,"href":"https:\/\/www.joguinesbague.com\/es\/wp-json\/wp\/v2\/product_tag?post=17366"}],"curies":[{"name":"wp","href":"https:\/\/api.w.org\/{rel}","templated":true}]}}