{"id":16957,"date":"2023-09-27T11:19:56","date_gmt":"2023-09-27T09:19:56","guid":{"rendered":"https:\/\/www.joguinesbague.com\/sin categor\u00eda\/patrulla-canina-vehiculo-deluxe-skye-mighty-movie\/"},"modified":"2023-09-27T11:19:56","modified_gmt":"2023-09-27T09:19:56","slug":"patrulla-canina-vehiculo-deluxe-skye-mighty-movie","status":"publish","type":"product","link":"https:\/\/www.joguinesbague.com\/es\/vehiculos\/patrulla-canina-vehiculo-deluxe-skye-mighty-movie\/","title":{"rendered":"Patrulla Canina Veh\u00edculo Deluxe Skye Mighty Movie"},"content":{"rendered":"","protected":false},"excerpt":{"rendered":"<p>El veh\u00edculo Deluxe Skye es sin duda una de las piezas importantes de la nueva y exitosa pel\u00edcula de La Patrulla Canina: la Superpelicula.<br \/>\nEste avi\u00f3n dispara proyectiles a los enemigos, hace luces y emite ruidos cuando Skye se sienta la cabina de control para iniciar nuevas misiones de rescate con todos sus amigos.<br \/>\nEste juguete incluye una figura de la perrita Skye con el outfit de la nueva pel\u00edcula.<\/p>\n","protected":false},"featured_media":16924,"template":"","meta":{"_acf_changed":false},"pwb-brand":[250],"product_cat":[417,155,145],"product_tag":[],"class_list":{"0":"post-16957","1":"product","2":"type-product","3":"status-publish","4":"has-post-thumbnail","6":"pwb-brand-spin-master-es","7":"product_cat-3-4-anos","8":"product_cat-juguetes-de-accion","9":"product_cat-vehiculos","11":"first","12":"outofstock","13":"shipping-taxable","14":"purchasable","15":"product-type-simple"},"acf":[],"yoast_head":"<!-- This site is optimized with the Yoast SEO plugin v27.2 - https:\/\/yoast.com\/product\/yoast-seo-wordpress\/ -->\n<title>Patrulla Canina Veh\u00edculo Deluxe Skye Mighty Movie - Joguines Bagu\u00e9<\/title>\n<meta name=\"robots\" content=\"index, follow, max-snippet:-1, max-image-preview:large, max-video-preview:-1\" \/>\n<link rel=\"canonical\" href=\"https:\/\/www.joguinesbague.com\/es\/vehiculos\/patrulla-canina-vehiculo-deluxe-skye-mighty-movie\/\" \/>\n<meta property=\"og:locale\" content=\"es_ES\" \/>\n<meta property=\"og:type\" content=\"article\" \/>\n<meta property=\"og:title\" content=\"Patrulla Canina Veh\u00edculo Deluxe Skye Mighty Movie - Joguines Bagu\u00e9\" \/>\n<meta property=\"og:description\" content=\"El veh\u00edculo Deluxe Skye es sin duda una de las piezas importantes de la nueva y exitosa pel\u00edcula de La Patrulla Canina: la Superpelicula. Este avi\u00f3n dispara proyectiles a los enemigos, hace luces y emite ruidos cuando Skye se sienta la cabina de control para iniciar nuevas misiones de rescate con todos sus amigos. Este juguete incluye una figura de la perrita Skye con el outfit de la nueva pel\u00edcula.\" \/>\n<meta property=\"og:url\" content=\"https:\/\/www.joguinesbague.com\/es\/vehiculos\/patrulla-canina-vehiculo-deluxe-skye-mighty-movie\/\" \/>\n<meta property=\"og:site_name\" content=\"Joguines Bagu\u00e9\" \/>\n<meta property=\"article:publisher\" content=\"https:\/\/www.facebook.com\/Joguines-Bagu%c3%a9-112374270472618\" \/>\n<meta property=\"og:image\" content=\"https:\/\/www.joguinesbague.com\/wp-content\/uploads\/2023\/09\/62748626_skyedeluxe_0.jpg\" \/>\n\t<meta property=\"og:image:width\" content=\"800\" \/>\n\t<meta property=\"og:image:height\" content=\"800\" \/>\n\t<meta property=\"og:image:type\" content=\"image\/jpeg\" \/>\n<meta name=\"twitter:card\" content=\"summary_large_image\" \/>\n<script type=\"application\/ld+json\" class=\"yoast-schema-graph\">{\"@context\":\"https:\/\/schema.org\",\"@graph\":[{\"@type\":[\"WebPage\",\"ItemPage\"],\"@id\":\"https:\/\/www.joguinesbague.com\/es\/vehiculos\/patrulla-canina-vehiculo-deluxe-skye-mighty-movie\/\",\"url\":\"https:\/\/www.joguinesbague.com\/es\/vehiculos\/patrulla-canina-vehiculo-deluxe-skye-mighty-movie\/\",\"name\":\"Patrulla Canina Veh\u00edculo Deluxe Skye Mighty Movie - Joguines Bagu\u00e9\",\"isPartOf\":{\"@id\":\"https:\/\/www.joguinesbague.com\/es\/#website\"},\"primaryImageOfPage\":{\"@id\":\"https:\/\/www.joguinesbague.com\/es\/vehiculos\/patrulla-canina-vehiculo-deluxe-skye-mighty-movie\/#primaryimage\"},\"image\":{\"@id\":\"https:\/\/www.joguinesbague.com\/es\/vehiculos\/patrulla-canina-vehiculo-deluxe-skye-mighty-movie\/#primaryimage\"},\"thumbnailUrl\":\"https:\/\/www.joguinesbague.com\/wp-content\/uploads\/2023\/09\/62748626_skyedeluxe_0.jpg\",\"datePublished\":\"2023-09-27T09:19:56+00:00\",\"breadcrumb\":{\"@id\":\"https:\/\/www.joguinesbague.com\/es\/vehiculos\/patrulla-canina-vehiculo-deluxe-skye-mighty-movie\/#breadcrumb\"},\"inLanguage\":\"es\",\"potentialAction\":[{\"@type\":\"ReadAction\",\"target\":[\"https:\/\/www.joguinesbague.com\/es\/vehiculos\/patrulla-canina-vehiculo-deluxe-skye-mighty-movie\/\"]}]},{\"@type\":\"ImageObject\",\"inLanguage\":\"es\",\"@id\":\"https:\/\/www.joguinesbague.com\/es\/vehiculos\/patrulla-canina-vehiculo-deluxe-skye-mighty-movie\/#primaryimage\",\"url\":\"https:\/\/www.joguinesbague.com\/wp-content\/uploads\/2023\/09\/62748626_skyedeluxe_0.jpg\",\"contentUrl\":\"https:\/\/www.joguinesbague.com\/wp-content\/uploads\/2023\/09\/62748626_skyedeluxe_0.jpg\",\"width\":800,\"height\":800},{\"@type\":\"BreadcrumbList\",\"@id\":\"https:\/\/www.joguinesbague.com\/es\/vehiculos\/patrulla-canina-vehiculo-deluxe-skye-mighty-movie\/#breadcrumb\",\"itemListElement\":[{\"@type\":\"ListItem\",\"position\":1,\"name\":\"Inicio\",\"item\":\"https:\/\/www.joguinesbague.com\/es\/\"},{\"@type\":\"ListItem\",\"position\":2,\"name\":\"Juguetes\",\"item\":\"https:\/\/www.joguinesbague.com\/joguines\/\"},{\"@type\":\"ListItem\",\"position\":3,\"name\":\"Veh\u00edculos\",\"item\":\"https:\/\/www.joguinesbague.com\/es\/vehiculos\/\"},{\"@type\":\"ListItem\",\"position\":4,\"name\":\"Patrulla Canina Veh\u00edculo Deluxe Skye Mighty Movie\"}]},{\"@type\":\"WebSite\",\"@id\":\"https:\/\/www.joguinesbague.com\/es\/#website\",\"url\":\"https:\/\/www.joguinesbague.com\/es\/\",\"name\":\"Joguines Bagu\u00e9\",\"description\":\"Tienda de juguetes en la Bisbal d'Empord\u00e0\",\"publisher\":{\"@id\":\"https:\/\/www.joguinesbague.com\/es\/#organization\"},\"potentialAction\":[{\"@type\":\"SearchAction\",\"target\":{\"@type\":\"EntryPoint\",\"urlTemplate\":\"https:\/\/www.joguinesbague.com\/es\/?s={search_term_string}\"},\"query-input\":{\"@type\":\"PropertyValueSpecification\",\"valueRequired\":true,\"valueName\":\"search_term_string\"}}],\"inLanguage\":\"es\"},{\"@type\":\"Organization\",\"@id\":\"https:\/\/www.joguinesbague.com\/es\/#organization\",\"name\":\"Joguines Bagu\u00e9\",\"url\":\"https:\/\/www.joguinesbague.com\/es\/\",\"logo\":{\"@type\":\"ImageObject\",\"inLanguage\":\"es\",\"@id\":\"https:\/\/www.joguinesbague.com\/es\/#\/schema\/logo\/image\/\",\"url\":\"https:\/\/www.joguinesbague.com\/wp-content\/uploads\/2020\/09\/AF-logotip-bague-02-e1599126400733.png\",\"contentUrl\":\"https:\/\/www.joguinesbague.com\/wp-content\/uploads\/2020\/09\/AF-logotip-bague-02-e1599126400733.png\",\"width\":1024,\"height\":419,\"caption\":\"Joguines Bagu\u00e9\"},\"image\":{\"@id\":\"https:\/\/www.joguinesbague.com\/es\/#\/schema\/logo\/image\/\"},\"sameAs\":[\"https:\/\/www.facebook.com\/Joguines-Bagu\u00e9-112374270472618\",\"https:\/\/www.instagram.com\/joguinesbague\"]}]}<\/script>\n<!-- \/ Yoast SEO plugin. -->","yoast_head_json":{"title":"Patrulla Canina Veh\u00edculo Deluxe Skye Mighty Movie - Joguines Bagu\u00e9","robots":{"index":"index","follow":"follow","max-snippet":"max-snippet:-1","max-image-preview":"max-image-preview:large","max-video-preview":"max-video-preview:-1"},"canonical":"https:\/\/www.joguinesbague.com\/es\/vehiculos\/patrulla-canina-vehiculo-deluxe-skye-mighty-movie\/","og_locale":"es_ES","og_type":"article","og_title":"Patrulla Canina Veh\u00edculo Deluxe Skye Mighty Movie - Joguines Bagu\u00e9","og_description":"El veh\u00edculo Deluxe Skye es sin duda una de las piezas importantes de la nueva y exitosa pel\u00edcula de La Patrulla Canina: la Superpelicula. Este avi\u00f3n dispara proyectiles a los enemigos, hace luces y emite ruidos cuando Skye se sienta la cabina de control para iniciar nuevas misiones de rescate con todos sus amigos. Este juguete incluye una figura de la perrita Skye con el outfit de la nueva pel\u00edcula.","og_url":"https:\/\/www.joguinesbague.com\/es\/vehiculos\/patrulla-canina-vehiculo-deluxe-skye-mighty-movie\/","og_site_name":"Joguines Bagu\u00e9","article_publisher":"https:\/\/www.facebook.com\/Joguines-Bagu%c3%a9-112374270472618","og_image":[{"width":800,"height":800,"url":"https:\/\/www.joguinesbague.com\/wp-content\/uploads\/2023\/09\/62748626_skyedeluxe_0.jpg","type":"image\/jpeg"}],"twitter_card":"summary_large_image","schema":{"@context":"https:\/\/schema.org","@graph":[{"@type":["WebPage","ItemPage"],"@id":"https:\/\/www.joguinesbague.com\/es\/vehiculos\/patrulla-canina-vehiculo-deluxe-skye-mighty-movie\/","url":"https:\/\/www.joguinesbague.com\/es\/vehiculos\/patrulla-canina-vehiculo-deluxe-skye-mighty-movie\/","name":"Patrulla Canina Veh\u00edculo Deluxe Skye Mighty Movie - Joguines Bagu\u00e9","isPartOf":{"@id":"https:\/\/www.joguinesbague.com\/es\/#website"},"primaryImageOfPage":{"@id":"https:\/\/www.joguinesbague.com\/es\/vehiculos\/patrulla-canina-vehiculo-deluxe-skye-mighty-movie\/#primaryimage"},"image":{"@id":"https:\/\/www.joguinesbague.com\/es\/vehiculos\/patrulla-canina-vehiculo-deluxe-skye-mighty-movie\/#primaryimage"},"thumbnailUrl":"https:\/\/www.joguinesbague.com\/wp-content\/uploads\/2023\/09\/62748626_skyedeluxe_0.jpg","datePublished":"2023-09-27T09:19:56+00:00","breadcrumb":{"@id":"https:\/\/www.joguinesbague.com\/es\/vehiculos\/patrulla-canina-vehiculo-deluxe-skye-mighty-movie\/#breadcrumb"},"inLanguage":"es","potentialAction":[{"@type":"ReadAction","target":["https:\/\/www.joguinesbague.com\/es\/vehiculos\/patrulla-canina-vehiculo-deluxe-skye-mighty-movie\/"]}]},{"@type":"ImageObject","inLanguage":"es","@id":"https:\/\/www.joguinesbague.com\/es\/vehiculos\/patrulla-canina-vehiculo-deluxe-skye-mighty-movie\/#primaryimage","url":"https:\/\/www.joguinesbague.com\/wp-content\/uploads\/2023\/09\/62748626_skyedeluxe_0.jpg","contentUrl":"https:\/\/www.joguinesbague.com\/wp-content\/uploads\/2023\/09\/62748626_skyedeluxe_0.jpg","width":800,"height":800},{"@type":"BreadcrumbList","@id":"https:\/\/www.joguinesbague.com\/es\/vehiculos\/patrulla-canina-vehiculo-deluxe-skye-mighty-movie\/#breadcrumb","itemListElement":[{"@type":"ListItem","position":1,"name":"Inicio","item":"https:\/\/www.joguinesbague.com\/es\/"},{"@type":"ListItem","position":2,"name":"Juguetes","item":"https:\/\/www.joguinesbague.com\/joguines\/"},{"@type":"ListItem","position":3,"name":"Veh\u00edculos","item":"https:\/\/www.joguinesbague.com\/es\/vehiculos\/"},{"@type":"ListItem","position":4,"name":"Patrulla Canina Veh\u00edculo Deluxe Skye Mighty Movie"}]},{"@type":"WebSite","@id":"https:\/\/www.joguinesbague.com\/es\/#website","url":"https:\/\/www.joguinesbague.com\/es\/","name":"Joguines Bagu\u00e9","description":"Tienda de juguetes en la Bisbal d'Empord\u00e0","publisher":{"@id":"https:\/\/www.joguinesbague.com\/es\/#organization"},"potentialAction":[{"@type":"SearchAction","target":{"@type":"EntryPoint","urlTemplate":"https:\/\/www.joguinesbague.com\/es\/?s={search_term_string}"},"query-input":{"@type":"PropertyValueSpecification","valueRequired":true,"valueName":"search_term_string"}}],"inLanguage":"es"},{"@type":"Organization","@id":"https:\/\/www.joguinesbague.com\/es\/#organization","name":"Joguines Bagu\u00e9","url":"https:\/\/www.joguinesbague.com\/es\/","logo":{"@type":"ImageObject","inLanguage":"es","@id":"https:\/\/www.joguinesbague.com\/es\/#\/schema\/logo\/image\/","url":"https:\/\/www.joguinesbague.com\/wp-content\/uploads\/2020\/09\/AF-logotip-bague-02-e1599126400733.png","contentUrl":"https:\/\/www.joguinesbague.com\/wp-content\/uploads\/2020\/09\/AF-logotip-bague-02-e1599126400733.png","width":1024,"height":419,"caption":"Joguines Bagu\u00e9"},"image":{"@id":"https:\/\/www.joguinesbague.com\/es\/#\/schema\/logo\/image\/"},"sameAs":["https:\/\/www.facebook.com\/Joguines-Bagu\u00e9-112374270472618","https:\/\/www.instagram.com\/joguinesbague"]}]}},"brands":[{"id":250,"name":"Spin Master","slug":"spin-master-es"}],"_links":{"self":[{"href":"https:\/\/www.joguinesbague.com\/es\/wp-json\/wp\/v2\/product\/16957","targetHints":{"allow":["GET"]}}],"collection":[{"href":"https:\/\/www.joguinesbague.com\/es\/wp-json\/wp\/v2\/product"}],"about":[{"href":"https:\/\/www.joguinesbague.com\/es\/wp-json\/wp\/v2\/types\/product"}],"wp:featuredmedia":[{"embeddable":true,"href":"https:\/\/www.joguinesbague.com\/es\/wp-json\/wp\/v2\/media\/16924"}],"wp:attachment":[{"href":"https:\/\/www.joguinesbague.com\/es\/wp-json\/wp\/v2\/media?parent=16957"}],"wp:term":[{"taxonomy":"pwb-brand","embeddable":true,"href":"https:\/\/www.joguinesbague.com\/es\/wp-json\/wp\/v2\/pwb-brand?post=16957"},{"taxonomy":"product_cat","embeddable":true,"href":"https:\/\/www.joguinesbague.com\/es\/wp-json\/wp\/v2\/product_cat?post=16957"},{"taxonomy":"product_tag","embeddable":true,"href":"https:\/\/www.joguinesbague.com\/es\/wp-json\/wp\/v2\/product_tag?post=16957"}],"curies":[{"name":"wp","href":"https:\/\/api.w.org\/{rel}","templated":true}]}}