{"id":16520,"date":"2023-09-05T09:47:02","date_gmt":"2023-09-05T07:47:02","guid":{"rendered":"https:\/\/www.joguinesbague.com\/sin%20categor\u00eda\/camion-lanzador-de-pizzas-de-tortugas-ninja\/"},"modified":"2023-09-05T09:50:52","modified_gmt":"2023-09-05T07:50:52","slug":"camion-lanzador-de-pizzas-de-tortugas-ninja","status":"publish","type":"product","link":"https:\/\/www.joguinesbague.com\/es\/vehiculos\/camion-lanzador-de-pizzas-de-tortugas-ninja\/","title":{"rendered":"Cami\u00f3n lanzador de pizzas de tortugas ninja"},"content":{"rendered":"","protected":false},"excerpt":{"rendered":"<p>Conduce el veh\u00edculo m\u00e1s emblem\u00e1tico de la famosa serie de las tortugas ninja (TMNT).<br \/>\nPodr\u00e1s dirigir este radiocontrol hacia cualquier direcci\u00f3n, mediante su mando en forma de trozo de pizza. Incluso podr\u00e1s dar la orden de disparar pizzas de espuma desde el techo de la furgoneta a cualquier persona que se acerque.<\/p>\n","protected":false},"featured_media":16506,"template":"","meta":{"_acf_changed":false},"pwb-brand":[199],"product_cat":[145],"product_tag":[],"class_list":{"0":"post-16520","1":"product","2":"type-product","3":"status-publish","4":"has-post-thumbnail","6":"pwb-brand-funrise-iberia-es","7":"product_cat-vehiculos","9":"first","10":"outofstock","11":"shipping-taxable","12":"purchasable","13":"product-type-simple"},"acf":[],"yoast_head":"<!-- This site is optimized with the Yoast SEO plugin v27.2 - https:\/\/yoast.com\/product\/yoast-seo-wordpress\/ -->\n<title>Cami\u00f3n lanzador de pizzas de tortugas ninja - Joguines Bagu\u00e9<\/title>\n<meta name=\"robots\" content=\"index, follow, max-snippet:-1, max-image-preview:large, max-video-preview:-1\" \/>\n<link rel=\"canonical\" href=\"https:\/\/www.joguinesbague.com\/es\/vehiculos\/camion-lanzador-de-pizzas-de-tortugas-ninja\/\" \/>\n<meta property=\"og:locale\" content=\"es_ES\" \/>\n<meta property=\"og:type\" content=\"article\" \/>\n<meta property=\"og:title\" content=\"Cami\u00f3n lanzador de pizzas de tortugas ninja - Joguines Bagu\u00e9\" \/>\n<meta property=\"og:description\" content=\"Conduce el veh\u00edculo m\u00e1s emblem\u00e1tico de la famosa serie de las tortugas ninja (TMNT). Podr\u00e1s dirigir este radiocontrol hacia cualquier direcci\u00f3n, mediante su mando en forma de trozo de pizza. Incluso podr\u00e1s dar la orden de disparar pizzas de espuma desde el techo de la furgoneta a cualquier persona que se acerque.\" \/>\n<meta property=\"og:url\" content=\"https:\/\/www.joguinesbague.com\/es\/vehiculos\/camion-lanzador-de-pizzas-de-tortugas-ninja\/\" \/>\n<meta property=\"og:site_name\" content=\"Joguines Bagu\u00e9\" \/>\n<meta property=\"article:publisher\" content=\"https:\/\/www.facebook.com\/Joguines-Bagu%c3%a9-112374270472618\" \/>\n<meta property=\"article:modified_time\" content=\"2023-09-05T07:50:52+00:00\" \/>\n<meta property=\"og:image\" content=\"https:\/\/www.joguinesbague.com\/wp-content\/uploads\/2023\/09\/87571038_camiopizza_0.jpg\" \/>\n\t<meta property=\"og:image:width\" content=\"1080\" \/>\n\t<meta property=\"og:image:height\" content=\"1080\" \/>\n\t<meta property=\"og:image:type\" content=\"image\/jpeg\" \/>\n<meta name=\"twitter:card\" content=\"summary_large_image\" \/>\n<script type=\"application\/ld+json\" class=\"yoast-schema-graph\">{\"@context\":\"https:\/\/schema.org\",\"@graph\":[{\"@type\":[\"WebPage\",\"ItemPage\"],\"@id\":\"https:\/\/www.joguinesbague.com\/es\/vehiculos\/camion-lanzador-de-pizzas-de-tortugas-ninja\/\",\"url\":\"https:\/\/www.joguinesbague.com\/es\/vehiculos\/camion-lanzador-de-pizzas-de-tortugas-ninja\/\",\"name\":\"Cami\u00f3n lanzador de pizzas de tortugas ninja - Joguines Bagu\u00e9\",\"isPartOf\":{\"@id\":\"https:\/\/www.joguinesbague.com\/es\/#website\"},\"primaryImageOfPage\":{\"@id\":\"https:\/\/www.joguinesbague.com\/es\/vehiculos\/camion-lanzador-de-pizzas-de-tortugas-ninja\/#primaryimage\"},\"image\":{\"@id\":\"https:\/\/www.joguinesbague.com\/es\/vehiculos\/camion-lanzador-de-pizzas-de-tortugas-ninja\/#primaryimage\"},\"thumbnailUrl\":\"https:\/\/www.joguinesbague.com\/wp-content\/uploads\/2023\/09\/87571038_camiopizza_0.jpg\",\"datePublished\":\"2023-09-05T07:47:02+00:00\",\"dateModified\":\"2023-09-05T07:50:52+00:00\",\"breadcrumb\":{\"@id\":\"https:\/\/www.joguinesbague.com\/es\/vehiculos\/camion-lanzador-de-pizzas-de-tortugas-ninja\/#breadcrumb\"},\"inLanguage\":\"es\",\"potentialAction\":[{\"@type\":\"ReadAction\",\"target\":[\"https:\/\/www.joguinesbague.com\/es\/vehiculos\/camion-lanzador-de-pizzas-de-tortugas-ninja\/\"]}]},{\"@type\":\"ImageObject\",\"inLanguage\":\"es\",\"@id\":\"https:\/\/www.joguinesbague.com\/es\/vehiculos\/camion-lanzador-de-pizzas-de-tortugas-ninja\/#primaryimage\",\"url\":\"https:\/\/www.joguinesbague.com\/wp-content\/uploads\/2023\/09\/87571038_camiopizza_0.jpg\",\"contentUrl\":\"https:\/\/www.joguinesbague.com\/wp-content\/uploads\/2023\/09\/87571038_camiopizza_0.jpg\",\"width\":1080,\"height\":1080},{\"@type\":\"BreadcrumbList\",\"@id\":\"https:\/\/www.joguinesbague.com\/es\/vehiculos\/camion-lanzador-de-pizzas-de-tortugas-ninja\/#breadcrumb\",\"itemListElement\":[{\"@type\":\"ListItem\",\"position\":1,\"name\":\"Inicio\",\"item\":\"https:\/\/www.joguinesbague.com\/es\/\"},{\"@type\":\"ListItem\",\"position\":2,\"name\":\"Juguetes\",\"item\":\"https:\/\/www.joguinesbague.com\/joguines\/\"},{\"@type\":\"ListItem\",\"position\":3,\"name\":\"Veh\u00edculos\",\"item\":\"https:\/\/www.joguinesbague.com\/es\/vehiculos\/\"},{\"@type\":\"ListItem\",\"position\":4,\"name\":\"Cami\u00f3n lanzador de pizzas de tortugas ninja\"}]},{\"@type\":\"WebSite\",\"@id\":\"https:\/\/www.joguinesbague.com\/es\/#website\",\"url\":\"https:\/\/www.joguinesbague.com\/es\/\",\"name\":\"Joguines Bagu\u00e9\",\"description\":\"Tienda de juguetes en la Bisbal d'Empord\u00e0\",\"publisher\":{\"@id\":\"https:\/\/www.joguinesbague.com\/es\/#organization\"},\"potentialAction\":[{\"@type\":\"SearchAction\",\"target\":{\"@type\":\"EntryPoint\",\"urlTemplate\":\"https:\/\/www.joguinesbague.com\/es\/?s={search_term_string}\"},\"query-input\":{\"@type\":\"PropertyValueSpecification\",\"valueRequired\":true,\"valueName\":\"search_term_string\"}}],\"inLanguage\":\"es\"},{\"@type\":\"Organization\",\"@id\":\"https:\/\/www.joguinesbague.com\/es\/#organization\",\"name\":\"Joguines Bagu\u00e9\",\"url\":\"https:\/\/www.joguinesbague.com\/es\/\",\"logo\":{\"@type\":\"ImageObject\",\"inLanguage\":\"es\",\"@id\":\"https:\/\/www.joguinesbague.com\/es\/#\/schema\/logo\/image\/\",\"url\":\"https:\/\/www.joguinesbague.com\/wp-content\/uploads\/2020\/09\/AF-logotip-bague-02-e1599126400733.png\",\"contentUrl\":\"https:\/\/www.joguinesbague.com\/wp-content\/uploads\/2020\/09\/AF-logotip-bague-02-e1599126400733.png\",\"width\":1024,\"height\":419,\"caption\":\"Joguines Bagu\u00e9\"},\"image\":{\"@id\":\"https:\/\/www.joguinesbague.com\/es\/#\/schema\/logo\/image\/\"},\"sameAs\":[\"https:\/\/www.facebook.com\/Joguines-Bagu\u00e9-112374270472618\",\"https:\/\/www.instagram.com\/joguinesbague\"]}]}<\/script>\n<!-- \/ Yoast SEO plugin. -->","yoast_head_json":{"title":"Cami\u00f3n lanzador de pizzas de tortugas ninja - Joguines Bagu\u00e9","robots":{"index":"index","follow":"follow","max-snippet":"max-snippet:-1","max-image-preview":"max-image-preview:large","max-video-preview":"max-video-preview:-1"},"canonical":"https:\/\/www.joguinesbague.com\/es\/vehiculos\/camion-lanzador-de-pizzas-de-tortugas-ninja\/","og_locale":"es_ES","og_type":"article","og_title":"Cami\u00f3n lanzador de pizzas de tortugas ninja - Joguines Bagu\u00e9","og_description":"Conduce el veh\u00edculo m\u00e1s emblem\u00e1tico de la famosa serie de las tortugas ninja (TMNT). Podr\u00e1s dirigir este radiocontrol hacia cualquier direcci\u00f3n, mediante su mando en forma de trozo de pizza. Incluso podr\u00e1s dar la orden de disparar pizzas de espuma desde el techo de la furgoneta a cualquier persona que se acerque.","og_url":"https:\/\/www.joguinesbague.com\/es\/vehiculos\/camion-lanzador-de-pizzas-de-tortugas-ninja\/","og_site_name":"Joguines Bagu\u00e9","article_publisher":"https:\/\/www.facebook.com\/Joguines-Bagu%c3%a9-112374270472618","article_modified_time":"2023-09-05T07:50:52+00:00","og_image":[{"width":1080,"height":1080,"url":"https:\/\/www.joguinesbague.com\/wp-content\/uploads\/2023\/09\/87571038_camiopizza_0.jpg","type":"image\/jpeg"}],"twitter_card":"summary_large_image","schema":{"@context":"https:\/\/schema.org","@graph":[{"@type":["WebPage","ItemPage"],"@id":"https:\/\/www.joguinesbague.com\/es\/vehiculos\/camion-lanzador-de-pizzas-de-tortugas-ninja\/","url":"https:\/\/www.joguinesbague.com\/es\/vehiculos\/camion-lanzador-de-pizzas-de-tortugas-ninja\/","name":"Cami\u00f3n lanzador de pizzas de tortugas ninja - Joguines Bagu\u00e9","isPartOf":{"@id":"https:\/\/www.joguinesbague.com\/es\/#website"},"primaryImageOfPage":{"@id":"https:\/\/www.joguinesbague.com\/es\/vehiculos\/camion-lanzador-de-pizzas-de-tortugas-ninja\/#primaryimage"},"image":{"@id":"https:\/\/www.joguinesbague.com\/es\/vehiculos\/camion-lanzador-de-pizzas-de-tortugas-ninja\/#primaryimage"},"thumbnailUrl":"https:\/\/www.joguinesbague.com\/wp-content\/uploads\/2023\/09\/87571038_camiopizza_0.jpg","datePublished":"2023-09-05T07:47:02+00:00","dateModified":"2023-09-05T07:50:52+00:00","breadcrumb":{"@id":"https:\/\/www.joguinesbague.com\/es\/vehiculos\/camion-lanzador-de-pizzas-de-tortugas-ninja\/#breadcrumb"},"inLanguage":"es","potentialAction":[{"@type":"ReadAction","target":["https:\/\/www.joguinesbague.com\/es\/vehiculos\/camion-lanzador-de-pizzas-de-tortugas-ninja\/"]}]},{"@type":"ImageObject","inLanguage":"es","@id":"https:\/\/www.joguinesbague.com\/es\/vehiculos\/camion-lanzador-de-pizzas-de-tortugas-ninja\/#primaryimage","url":"https:\/\/www.joguinesbague.com\/wp-content\/uploads\/2023\/09\/87571038_camiopizza_0.jpg","contentUrl":"https:\/\/www.joguinesbague.com\/wp-content\/uploads\/2023\/09\/87571038_camiopizza_0.jpg","width":1080,"height":1080},{"@type":"BreadcrumbList","@id":"https:\/\/www.joguinesbague.com\/es\/vehiculos\/camion-lanzador-de-pizzas-de-tortugas-ninja\/#breadcrumb","itemListElement":[{"@type":"ListItem","position":1,"name":"Inicio","item":"https:\/\/www.joguinesbague.com\/es\/"},{"@type":"ListItem","position":2,"name":"Juguetes","item":"https:\/\/www.joguinesbague.com\/joguines\/"},{"@type":"ListItem","position":3,"name":"Veh\u00edculos","item":"https:\/\/www.joguinesbague.com\/es\/vehiculos\/"},{"@type":"ListItem","position":4,"name":"Cami\u00f3n lanzador de pizzas de tortugas ninja"}]},{"@type":"WebSite","@id":"https:\/\/www.joguinesbague.com\/es\/#website","url":"https:\/\/www.joguinesbague.com\/es\/","name":"Joguines Bagu\u00e9","description":"Tienda de juguetes en la Bisbal d'Empord\u00e0","publisher":{"@id":"https:\/\/www.joguinesbague.com\/es\/#organization"},"potentialAction":[{"@type":"SearchAction","target":{"@type":"EntryPoint","urlTemplate":"https:\/\/www.joguinesbague.com\/es\/?s={search_term_string}"},"query-input":{"@type":"PropertyValueSpecification","valueRequired":true,"valueName":"search_term_string"}}],"inLanguage":"es"},{"@type":"Organization","@id":"https:\/\/www.joguinesbague.com\/es\/#organization","name":"Joguines Bagu\u00e9","url":"https:\/\/www.joguinesbague.com\/es\/","logo":{"@type":"ImageObject","inLanguage":"es","@id":"https:\/\/www.joguinesbague.com\/es\/#\/schema\/logo\/image\/","url":"https:\/\/www.joguinesbague.com\/wp-content\/uploads\/2020\/09\/AF-logotip-bague-02-e1599126400733.png","contentUrl":"https:\/\/www.joguinesbague.com\/wp-content\/uploads\/2020\/09\/AF-logotip-bague-02-e1599126400733.png","width":1024,"height":419,"caption":"Joguines Bagu\u00e9"},"image":{"@id":"https:\/\/www.joguinesbague.com\/es\/#\/schema\/logo\/image\/"},"sameAs":["https:\/\/www.facebook.com\/Joguines-Bagu\u00e9-112374270472618","https:\/\/www.instagram.com\/joguinesbague"]}]}},"brands":[{"id":199,"name":"Funrise Iberia","slug":"funrise-iberia-es"}],"_links":{"self":[{"href":"https:\/\/www.joguinesbague.com\/es\/wp-json\/wp\/v2\/product\/16520","targetHints":{"allow":["GET"]}}],"collection":[{"href":"https:\/\/www.joguinesbague.com\/es\/wp-json\/wp\/v2\/product"}],"about":[{"href":"https:\/\/www.joguinesbague.com\/es\/wp-json\/wp\/v2\/types\/product"}],"wp:featuredmedia":[{"embeddable":true,"href":"https:\/\/www.joguinesbague.com\/es\/wp-json\/wp\/v2\/media\/16506"}],"wp:attachment":[{"href":"https:\/\/www.joguinesbague.com\/es\/wp-json\/wp\/v2\/media?parent=16520"}],"wp:term":[{"taxonomy":"pwb-brand","embeddable":true,"href":"https:\/\/www.joguinesbague.com\/es\/wp-json\/wp\/v2\/pwb-brand?post=16520"},{"taxonomy":"product_cat","embeddable":true,"href":"https:\/\/www.joguinesbague.com\/es\/wp-json\/wp\/v2\/product_cat?post=16520"},{"taxonomy":"product_tag","embeddable":true,"href":"https:\/\/www.joguinesbague.com\/es\/wp-json\/wp\/v2\/product_tag?post=16520"}],"curies":[{"name":"wp","href":"https:\/\/api.w.org\/{rel}","templated":true}]}}