{"id":16462,"date":"2023-09-01T17:21:38","date_gmt":"2023-09-01T15:21:38","guid":{"rendered":"https:\/\/www.joguinesbague.com\/sin%20categor\u00eda\/casa-del-arbol-de-hadigata\/"},"modified":"2023-09-01T17:25:02","modified_gmt":"2023-09-01T15:25:02","slug":"casa-del-arbol-de-hadigata","status":"publish","type":"product","link":"https:\/\/www.joguinesbague.com\/es\/munecas\/casa-del-arbol-de-hadigata\/","title":{"rendered":"Casa del \u00e1rbol de Hadigata"},"content":{"rendered":"","protected":false},"excerpt":{"rendered":"<p>Esta hermosa casa del \u00e1rbol est\u00e1 inspirada en el \u00e1rbol de algod\u00f3n de az\u00facar encantado de la serie de Netflix La Casa de Mu\u00f1ecas de Gabby.<br \/>\nTiene luces, una habitaci\u00f3n secreta dentro del \u00e1rbol, una tirolina echa con lianas, un columpio, figuras, accesorios y muebles para vivir aventuras apasionantes. Explora los dos pisos de la casa del \u00e1rbol con Kitty Fairy y una mu\u00f1eca Gabby \u00fanica de 8,9 cm.<br \/>\nDentro de la cajita rosa hay un accesorio sorpresa.<\/p>\n","protected":false},"featured_media":16348,"template":"","meta":{"_acf_changed":false},"pwb-brand":[250],"product_cat":[152],"product_tag":[],"class_list":{"0":"post-16462","1":"product","2":"type-product","3":"status-publish","4":"has-post-thumbnail","6":"pwb-brand-spin-master-es","7":"product_cat-munecas","9":"first","10":"outofstock","11":"shipping-taxable","12":"purchasable","13":"product-type-simple"},"acf":[],"yoast_head":"<!-- This site is optimized with the Yoast SEO plugin v27.2 - https:\/\/yoast.com\/product\/yoast-seo-wordpress\/ -->\n<title>Casa del \u00e1rbol de Hadigata - Joguines Bagu\u00e9<\/title>\n<meta name=\"robots\" content=\"index, follow, max-snippet:-1, max-image-preview:large, max-video-preview:-1\" \/>\n<link rel=\"canonical\" href=\"https:\/\/www.joguinesbague.com\/es\/munecas\/casa-del-arbol-de-hadigata\/\" \/>\n<meta property=\"og:locale\" content=\"es_ES\" \/>\n<meta property=\"og:type\" content=\"article\" \/>\n<meta property=\"og:title\" content=\"Casa del \u00e1rbol de Hadigata - Joguines Bagu\u00e9\" \/>\n<meta property=\"og:description\" content=\"Esta hermosa casa del \u00e1rbol est\u00e1 inspirada en el \u00e1rbol de algod\u00f3n de az\u00facar encantado de la serie de Netflix La Casa de Mu\u00f1ecas de Gabby. Tiene luces, una habitaci\u00f3n secreta dentro del \u00e1rbol, una tirolina echa con lianas, un columpio, figuras, accesorios y muebles para vivir aventuras apasionantes. Explora los dos pisos de la casa del \u00e1rbol con Kitty Fairy y una mu\u00f1eca Gabby \u00fanica de 8,9 cm. Dentro de la cajita rosa hay un accesorio sorpresa.\" \/>\n<meta property=\"og:url\" content=\"https:\/\/www.joguinesbague.com\/es\/munecas\/casa-del-arbol-de-hadigata\/\" \/>\n<meta property=\"og:site_name\" content=\"Joguines Bagu\u00e9\" \/>\n<meta property=\"article:publisher\" content=\"https:\/\/www.facebook.com\/Joguines-Bagu%c3%a9-112374270472618\" \/>\n<meta property=\"article:modified_time\" content=\"2023-09-01T15:25:02+00:00\" \/>\n<meta property=\"og:image\" content=\"https:\/\/www.joguinesbague.com\/wp-content\/uploads\/2023\/08\/62737112_casaarbol_0.jpg\" \/>\n\t<meta property=\"og:image:width\" content=\"800\" \/>\n\t<meta property=\"og:image:height\" content=\"800\" \/>\n\t<meta property=\"og:image:type\" content=\"image\/jpeg\" \/>\n<meta name=\"twitter:card\" content=\"summary_large_image\" \/>\n<script type=\"application\/ld+json\" class=\"yoast-schema-graph\">{\"@context\":\"https:\/\/schema.org\",\"@graph\":[{\"@type\":[\"WebPage\",\"ItemPage\"],\"@id\":\"https:\/\/www.joguinesbague.com\/es\/munecas\/casa-del-arbol-de-hadigata\/\",\"url\":\"https:\/\/www.joguinesbague.com\/es\/munecas\/casa-del-arbol-de-hadigata\/\",\"name\":\"Casa del \u00e1rbol de Hadigata - Joguines Bagu\u00e9\",\"isPartOf\":{\"@id\":\"https:\/\/www.joguinesbague.com\/es\/#website\"},\"primaryImageOfPage\":{\"@id\":\"https:\/\/www.joguinesbague.com\/es\/munecas\/casa-del-arbol-de-hadigata\/#primaryimage\"},\"image\":{\"@id\":\"https:\/\/www.joguinesbague.com\/es\/munecas\/casa-del-arbol-de-hadigata\/#primaryimage\"},\"thumbnailUrl\":\"https:\/\/www.joguinesbague.com\/wp-content\/uploads\/2023\/08\/62737112_casaarbol_0.jpg\",\"datePublished\":\"2023-09-01T15:21:38+00:00\",\"dateModified\":\"2023-09-01T15:25:02+00:00\",\"breadcrumb\":{\"@id\":\"https:\/\/www.joguinesbague.com\/es\/munecas\/casa-del-arbol-de-hadigata\/#breadcrumb\"},\"inLanguage\":\"es\",\"potentialAction\":[{\"@type\":\"ReadAction\",\"target\":[\"https:\/\/www.joguinesbague.com\/es\/munecas\/casa-del-arbol-de-hadigata\/\"]}]},{\"@type\":\"ImageObject\",\"inLanguage\":\"es\",\"@id\":\"https:\/\/www.joguinesbague.com\/es\/munecas\/casa-del-arbol-de-hadigata\/#primaryimage\",\"url\":\"https:\/\/www.joguinesbague.com\/wp-content\/uploads\/2023\/08\/62737112_casaarbol_0.jpg\",\"contentUrl\":\"https:\/\/www.joguinesbague.com\/wp-content\/uploads\/2023\/08\/62737112_casaarbol_0.jpg\",\"width\":800,\"height\":800},{\"@type\":\"BreadcrumbList\",\"@id\":\"https:\/\/www.joguinesbague.com\/es\/munecas\/casa-del-arbol-de-hadigata\/#breadcrumb\",\"itemListElement\":[{\"@type\":\"ListItem\",\"position\":1,\"name\":\"Inicio\",\"item\":\"https:\/\/www.joguinesbague.com\/es\/\"},{\"@type\":\"ListItem\",\"position\":2,\"name\":\"Juguetes\",\"item\":\"https:\/\/www.joguinesbague.com\/joguines\/\"},{\"@type\":\"ListItem\",\"position\":3,\"name\":\"Mu\u00f1ecas\",\"item\":\"https:\/\/www.joguinesbague.com\/es\/munecas\/\"},{\"@type\":\"ListItem\",\"position\":4,\"name\":\"Casa del \u00e1rbol de Hadigata\"}]},{\"@type\":\"WebSite\",\"@id\":\"https:\/\/www.joguinesbague.com\/es\/#website\",\"url\":\"https:\/\/www.joguinesbague.com\/es\/\",\"name\":\"Joguines Bagu\u00e9\",\"description\":\"Tienda de juguetes en la Bisbal d'Empord\u00e0\",\"publisher\":{\"@id\":\"https:\/\/www.joguinesbague.com\/es\/#organization\"},\"potentialAction\":[{\"@type\":\"SearchAction\",\"target\":{\"@type\":\"EntryPoint\",\"urlTemplate\":\"https:\/\/www.joguinesbague.com\/es\/?s={search_term_string}\"},\"query-input\":{\"@type\":\"PropertyValueSpecification\",\"valueRequired\":true,\"valueName\":\"search_term_string\"}}],\"inLanguage\":\"es\"},{\"@type\":\"Organization\",\"@id\":\"https:\/\/www.joguinesbague.com\/es\/#organization\",\"name\":\"Joguines Bagu\u00e9\",\"url\":\"https:\/\/www.joguinesbague.com\/es\/\",\"logo\":{\"@type\":\"ImageObject\",\"inLanguage\":\"es\",\"@id\":\"https:\/\/www.joguinesbague.com\/es\/#\/schema\/logo\/image\/\",\"url\":\"https:\/\/www.joguinesbague.com\/wp-content\/uploads\/2020\/09\/AF-logotip-bague-02-e1599126400733.png\",\"contentUrl\":\"https:\/\/www.joguinesbague.com\/wp-content\/uploads\/2020\/09\/AF-logotip-bague-02-e1599126400733.png\",\"width\":1024,\"height\":419,\"caption\":\"Joguines Bagu\u00e9\"},\"image\":{\"@id\":\"https:\/\/www.joguinesbague.com\/es\/#\/schema\/logo\/image\/\"},\"sameAs\":[\"https:\/\/www.facebook.com\/Joguines-Bagu\u00e9-112374270472618\",\"https:\/\/www.instagram.com\/joguinesbague\"]}]}<\/script>\n<!-- \/ Yoast SEO plugin. -->","yoast_head_json":{"title":"Casa del \u00e1rbol de Hadigata - Joguines Bagu\u00e9","robots":{"index":"index","follow":"follow","max-snippet":"max-snippet:-1","max-image-preview":"max-image-preview:large","max-video-preview":"max-video-preview:-1"},"canonical":"https:\/\/www.joguinesbague.com\/es\/munecas\/casa-del-arbol-de-hadigata\/","og_locale":"es_ES","og_type":"article","og_title":"Casa del \u00e1rbol de Hadigata - Joguines Bagu\u00e9","og_description":"Esta hermosa casa del \u00e1rbol est\u00e1 inspirada en el \u00e1rbol de algod\u00f3n de az\u00facar encantado de la serie de Netflix La Casa de Mu\u00f1ecas de Gabby. Tiene luces, una habitaci\u00f3n secreta dentro del \u00e1rbol, una tirolina echa con lianas, un columpio, figuras, accesorios y muebles para vivir aventuras apasionantes. Explora los dos pisos de la casa del \u00e1rbol con Kitty Fairy y una mu\u00f1eca Gabby \u00fanica de 8,9 cm. Dentro de la cajita rosa hay un accesorio sorpresa.","og_url":"https:\/\/www.joguinesbague.com\/es\/munecas\/casa-del-arbol-de-hadigata\/","og_site_name":"Joguines Bagu\u00e9","article_publisher":"https:\/\/www.facebook.com\/Joguines-Bagu%c3%a9-112374270472618","article_modified_time":"2023-09-01T15:25:02+00:00","og_image":[{"width":800,"height":800,"url":"https:\/\/www.joguinesbague.com\/wp-content\/uploads\/2023\/08\/62737112_casaarbol_0.jpg","type":"image\/jpeg"}],"twitter_card":"summary_large_image","schema":{"@context":"https:\/\/schema.org","@graph":[{"@type":["WebPage","ItemPage"],"@id":"https:\/\/www.joguinesbague.com\/es\/munecas\/casa-del-arbol-de-hadigata\/","url":"https:\/\/www.joguinesbague.com\/es\/munecas\/casa-del-arbol-de-hadigata\/","name":"Casa del \u00e1rbol de Hadigata - Joguines Bagu\u00e9","isPartOf":{"@id":"https:\/\/www.joguinesbague.com\/es\/#website"},"primaryImageOfPage":{"@id":"https:\/\/www.joguinesbague.com\/es\/munecas\/casa-del-arbol-de-hadigata\/#primaryimage"},"image":{"@id":"https:\/\/www.joguinesbague.com\/es\/munecas\/casa-del-arbol-de-hadigata\/#primaryimage"},"thumbnailUrl":"https:\/\/www.joguinesbague.com\/wp-content\/uploads\/2023\/08\/62737112_casaarbol_0.jpg","datePublished":"2023-09-01T15:21:38+00:00","dateModified":"2023-09-01T15:25:02+00:00","breadcrumb":{"@id":"https:\/\/www.joguinesbague.com\/es\/munecas\/casa-del-arbol-de-hadigata\/#breadcrumb"},"inLanguage":"es","potentialAction":[{"@type":"ReadAction","target":["https:\/\/www.joguinesbague.com\/es\/munecas\/casa-del-arbol-de-hadigata\/"]}]},{"@type":"ImageObject","inLanguage":"es","@id":"https:\/\/www.joguinesbague.com\/es\/munecas\/casa-del-arbol-de-hadigata\/#primaryimage","url":"https:\/\/www.joguinesbague.com\/wp-content\/uploads\/2023\/08\/62737112_casaarbol_0.jpg","contentUrl":"https:\/\/www.joguinesbague.com\/wp-content\/uploads\/2023\/08\/62737112_casaarbol_0.jpg","width":800,"height":800},{"@type":"BreadcrumbList","@id":"https:\/\/www.joguinesbague.com\/es\/munecas\/casa-del-arbol-de-hadigata\/#breadcrumb","itemListElement":[{"@type":"ListItem","position":1,"name":"Inicio","item":"https:\/\/www.joguinesbague.com\/es\/"},{"@type":"ListItem","position":2,"name":"Juguetes","item":"https:\/\/www.joguinesbague.com\/joguines\/"},{"@type":"ListItem","position":3,"name":"Mu\u00f1ecas","item":"https:\/\/www.joguinesbague.com\/es\/munecas\/"},{"@type":"ListItem","position":4,"name":"Casa del \u00e1rbol de Hadigata"}]},{"@type":"WebSite","@id":"https:\/\/www.joguinesbague.com\/es\/#website","url":"https:\/\/www.joguinesbague.com\/es\/","name":"Joguines Bagu\u00e9","description":"Tienda de juguetes en la Bisbal d'Empord\u00e0","publisher":{"@id":"https:\/\/www.joguinesbague.com\/es\/#organization"},"potentialAction":[{"@type":"SearchAction","target":{"@type":"EntryPoint","urlTemplate":"https:\/\/www.joguinesbague.com\/es\/?s={search_term_string}"},"query-input":{"@type":"PropertyValueSpecification","valueRequired":true,"valueName":"search_term_string"}}],"inLanguage":"es"},{"@type":"Organization","@id":"https:\/\/www.joguinesbague.com\/es\/#organization","name":"Joguines Bagu\u00e9","url":"https:\/\/www.joguinesbague.com\/es\/","logo":{"@type":"ImageObject","inLanguage":"es","@id":"https:\/\/www.joguinesbague.com\/es\/#\/schema\/logo\/image\/","url":"https:\/\/www.joguinesbague.com\/wp-content\/uploads\/2020\/09\/AF-logotip-bague-02-e1599126400733.png","contentUrl":"https:\/\/www.joguinesbague.com\/wp-content\/uploads\/2020\/09\/AF-logotip-bague-02-e1599126400733.png","width":1024,"height":419,"caption":"Joguines Bagu\u00e9"},"image":{"@id":"https:\/\/www.joguinesbague.com\/es\/#\/schema\/logo\/image\/"},"sameAs":["https:\/\/www.facebook.com\/Joguines-Bagu\u00e9-112374270472618","https:\/\/www.instagram.com\/joguinesbague"]}]}},"brands":[{"id":250,"name":"Spin Master","slug":"spin-master-es"}],"_links":{"self":[{"href":"https:\/\/www.joguinesbague.com\/es\/wp-json\/wp\/v2\/product\/16462","targetHints":{"allow":["GET"]}}],"collection":[{"href":"https:\/\/www.joguinesbague.com\/es\/wp-json\/wp\/v2\/product"}],"about":[{"href":"https:\/\/www.joguinesbague.com\/es\/wp-json\/wp\/v2\/types\/product"}],"wp:featuredmedia":[{"embeddable":true,"href":"https:\/\/www.joguinesbague.com\/es\/wp-json\/wp\/v2\/media\/16348"}],"wp:attachment":[{"href":"https:\/\/www.joguinesbague.com\/es\/wp-json\/wp\/v2\/media?parent=16462"}],"wp:term":[{"taxonomy":"pwb-brand","embeddable":true,"href":"https:\/\/www.joguinesbague.com\/es\/wp-json\/wp\/v2\/pwb-brand?post=16462"},{"taxonomy":"product_cat","embeddable":true,"href":"https:\/\/www.joguinesbague.com\/es\/wp-json\/wp\/v2\/product_cat?post=16462"},{"taxonomy":"product_tag","embeddable":true,"href":"https:\/\/www.joguinesbague.com\/es\/wp-json\/wp\/v2\/product_tag?post=16462"}],"curies":[{"name":"wp","href":"https:\/\/api.w.org\/{rel}","templated":true}]}}