{"id":16458,"date":"2023-08-31T17:39:16","date_gmt":"2023-08-31T15:39:16","guid":{"rendered":"https:\/\/www.joguinesbague.com\/sin categor\u00eda\/cool-maker-go-glam-salon-de-manicura\/"},"modified":"2023-12-25T00:01:15","modified_gmt":"2023-12-24T23:01:15","slug":"cool-maker-go-glam-salon-de-manicura","status":"publish","type":"product","link":"https:\/\/www.joguinesbague.com\/es\/maquillajes-y-cosmeticos-es\/cool-maker-go-glam-salon-de-manicura\/","title":{"rendered":"Cool Maker Go Glam sal\u00f3n de manicura"},"content":{"rendered":"","protected":false},"excerpt":{"rendered":"<p>\u00a1Personaliza tus u\u00f1as con iconos y colores.!<br \/>\nCoge uno de los esmaltes, pinta la u\u00f1a y gira hasta encontrar el dise\u00f1o que m\u00e1s te guste para tu nuevo look, una vez aplicado te podr\u00e1s secar las u\u00f1as con el secador incorporado.<br \/>\nCon el sal\u00f3n de manicura GO GLAM te podr\u00e1s hacer la manicura y la pedicura desde la comodidad de tu casa, adem\u00e1s, lo puedes hacer con cualquier tama\u00f1o de u\u00f1a tanto del pie como de la mano.<br \/>\nFunciona con 4 pilas AAA NO incluidas.<\/p>\n","protected":false},"featured_media":16362,"template":"","meta":{"_acf_changed":false},"pwb-brand":[250],"product_cat":[318],"product_tag":[],"class_list":{"0":"post-16458","1":"product","2":"type-product","3":"status-publish","4":"has-post-thumbnail","6":"pwb-brand-spin-master-es","7":"product_cat-maquillajes-y-cosmeticos-es","9":"first","10":"outofstock","11":"shipping-taxable","12":"purchasable","13":"product-type-simple"},"acf":[],"yoast_head":"<!-- This site is optimized with the Yoast SEO plugin v27.2 - https:\/\/yoast.com\/product\/yoast-seo-wordpress\/ -->\n<title>Cool Maker Go Glam sal\u00f3n de manicura - Joguines Bagu\u00e9<\/title>\n<meta name=\"robots\" content=\"index, follow, max-snippet:-1, max-image-preview:large, max-video-preview:-1\" \/>\n<link rel=\"canonical\" href=\"https:\/\/www.joguinesbague.com\/es\/maquillajes-y-cosmeticos-es\/cool-maker-go-glam-salon-de-manicura\/\" \/>\n<meta property=\"og:locale\" content=\"es_ES\" \/>\n<meta property=\"og:type\" content=\"article\" \/>\n<meta property=\"og:title\" content=\"Cool Maker Go Glam sal\u00f3n de manicura - Joguines Bagu\u00e9\" \/>\n<meta property=\"og:description\" content=\"\u00a1Personaliza tus u\u00f1as con iconos y colores.! Coge uno de los esmaltes, pinta la u\u00f1a y gira hasta encontrar el dise\u00f1o que m\u00e1s te guste para tu nuevo look, una vez aplicado te podr\u00e1s secar las u\u00f1as con el secador incorporado. Con el sal\u00f3n de manicura GO GLAM te podr\u00e1s hacer la manicura y la pedicura desde la comodidad de tu casa, adem\u00e1s, lo puedes hacer con cualquier tama\u00f1o de u\u00f1a tanto del pie como de la mano. Funciona con 4 pilas AAA NO incluidas.\" \/>\n<meta property=\"og:url\" content=\"https:\/\/www.joguinesbague.com\/es\/maquillajes-y-cosmeticos-es\/cool-maker-go-glam-salon-de-manicura\/\" \/>\n<meta property=\"og:site_name\" content=\"Joguines Bagu\u00e9\" \/>\n<meta property=\"article:publisher\" content=\"https:\/\/www.facebook.com\/Joguines-Bagu%c3%a9-112374270472618\" \/>\n<meta property=\"article:modified_time\" content=\"2023-12-24T23:01:15+00:00\" \/>\n<meta property=\"og:image\" content=\"https:\/\/www.joguinesbague.com\/wp-content\/uploads\/2023\/08\/62739151_goglam_0.jpg\" \/>\n\t<meta property=\"og:image:width\" content=\"800\" \/>\n\t<meta property=\"og:image:height\" content=\"800\" \/>\n\t<meta property=\"og:image:type\" content=\"image\/jpeg\" \/>\n<meta name=\"twitter:card\" content=\"summary_large_image\" \/>\n<script type=\"application\/ld+json\" class=\"yoast-schema-graph\">{\"@context\":\"https:\/\/schema.org\",\"@graph\":[{\"@type\":[\"WebPage\",\"ItemPage\"],\"@id\":\"https:\/\/www.joguinesbague.com\/es\/maquillajes-y-cosmeticos-es\/cool-maker-go-glam-salon-de-manicura\/\",\"url\":\"https:\/\/www.joguinesbague.com\/es\/maquillajes-y-cosmeticos-es\/cool-maker-go-glam-salon-de-manicura\/\",\"name\":\"Cool Maker Go Glam sal\u00f3n de manicura - Joguines Bagu\u00e9\",\"isPartOf\":{\"@id\":\"https:\/\/www.joguinesbague.com\/es\/#website\"},\"primaryImageOfPage\":{\"@id\":\"https:\/\/www.joguinesbague.com\/es\/maquillajes-y-cosmeticos-es\/cool-maker-go-glam-salon-de-manicura\/#primaryimage\"},\"image\":{\"@id\":\"https:\/\/www.joguinesbague.com\/es\/maquillajes-y-cosmeticos-es\/cool-maker-go-glam-salon-de-manicura\/#primaryimage\"},\"thumbnailUrl\":\"https:\/\/www.joguinesbague.com\/wp-content\/uploads\/2023\/08\/62739151_goglam_0.jpg\",\"datePublished\":\"2023-08-31T15:39:16+00:00\",\"dateModified\":\"2023-12-24T23:01:15+00:00\",\"breadcrumb\":{\"@id\":\"https:\/\/www.joguinesbague.com\/es\/maquillajes-y-cosmeticos-es\/cool-maker-go-glam-salon-de-manicura\/#breadcrumb\"},\"inLanguage\":\"es\",\"potentialAction\":[{\"@type\":\"ReadAction\",\"target\":[\"https:\/\/www.joguinesbague.com\/es\/maquillajes-y-cosmeticos-es\/cool-maker-go-glam-salon-de-manicura\/\"]}]},{\"@type\":\"ImageObject\",\"inLanguage\":\"es\",\"@id\":\"https:\/\/www.joguinesbague.com\/es\/maquillajes-y-cosmeticos-es\/cool-maker-go-glam-salon-de-manicura\/#primaryimage\",\"url\":\"https:\/\/www.joguinesbague.com\/wp-content\/uploads\/2023\/08\/62739151_goglam_0.jpg\",\"contentUrl\":\"https:\/\/www.joguinesbague.com\/wp-content\/uploads\/2023\/08\/62739151_goglam_0.jpg\",\"width\":800,\"height\":800},{\"@type\":\"BreadcrumbList\",\"@id\":\"https:\/\/www.joguinesbague.com\/es\/maquillajes-y-cosmeticos-es\/cool-maker-go-glam-salon-de-manicura\/#breadcrumb\",\"itemListElement\":[{\"@type\":\"ListItem\",\"position\":1,\"name\":\"Inicio\",\"item\":\"https:\/\/www.joguinesbague.com\/es\/\"},{\"@type\":\"ListItem\",\"position\":2,\"name\":\"Juguetes\",\"item\":\"https:\/\/www.joguinesbague.com\/joguines\/\"},{\"@type\":\"ListItem\",\"position\":3,\"name\":\"Maquillajes y cosm\u00e9ticos\",\"item\":\"https:\/\/www.joguinesbague.com\/es\/maquillajes-y-cosmeticos-es\/\"},{\"@type\":\"ListItem\",\"position\":4,\"name\":\"Cool Maker Go Glam sal\u00f3n de manicura\"}]},{\"@type\":\"WebSite\",\"@id\":\"https:\/\/www.joguinesbague.com\/es\/#website\",\"url\":\"https:\/\/www.joguinesbague.com\/es\/\",\"name\":\"Joguines Bagu\u00e9\",\"description\":\"Tienda de juguetes en la Bisbal d'Empord\u00e0\",\"publisher\":{\"@id\":\"https:\/\/www.joguinesbague.com\/es\/#organization\"},\"potentialAction\":[{\"@type\":\"SearchAction\",\"target\":{\"@type\":\"EntryPoint\",\"urlTemplate\":\"https:\/\/www.joguinesbague.com\/es\/?s={search_term_string}\"},\"query-input\":{\"@type\":\"PropertyValueSpecification\",\"valueRequired\":true,\"valueName\":\"search_term_string\"}}],\"inLanguage\":\"es\"},{\"@type\":\"Organization\",\"@id\":\"https:\/\/www.joguinesbague.com\/es\/#organization\",\"name\":\"Joguines Bagu\u00e9\",\"url\":\"https:\/\/www.joguinesbague.com\/es\/\",\"logo\":{\"@type\":\"ImageObject\",\"inLanguage\":\"es\",\"@id\":\"https:\/\/www.joguinesbague.com\/es\/#\/schema\/logo\/image\/\",\"url\":\"https:\/\/www.joguinesbague.com\/wp-content\/uploads\/2020\/09\/AF-logotip-bague-02-e1599126400733.png\",\"contentUrl\":\"https:\/\/www.joguinesbague.com\/wp-content\/uploads\/2020\/09\/AF-logotip-bague-02-e1599126400733.png\",\"width\":1024,\"height\":419,\"caption\":\"Joguines Bagu\u00e9\"},\"image\":{\"@id\":\"https:\/\/www.joguinesbague.com\/es\/#\/schema\/logo\/image\/\"},\"sameAs\":[\"https:\/\/www.facebook.com\/Joguines-Bagu\u00e9-112374270472618\",\"https:\/\/www.instagram.com\/joguinesbague\"]}]}<\/script>\n<!-- \/ Yoast SEO plugin. -->","yoast_head_json":{"title":"Cool Maker Go Glam sal\u00f3n de manicura - Joguines Bagu\u00e9","robots":{"index":"index","follow":"follow","max-snippet":"max-snippet:-1","max-image-preview":"max-image-preview:large","max-video-preview":"max-video-preview:-1"},"canonical":"https:\/\/www.joguinesbague.com\/es\/maquillajes-y-cosmeticos-es\/cool-maker-go-glam-salon-de-manicura\/","og_locale":"es_ES","og_type":"article","og_title":"Cool Maker Go Glam sal\u00f3n de manicura - Joguines Bagu\u00e9","og_description":"\u00a1Personaliza tus u\u00f1as con iconos y colores.! Coge uno de los esmaltes, pinta la u\u00f1a y gira hasta encontrar el dise\u00f1o que m\u00e1s te guste para tu nuevo look, una vez aplicado te podr\u00e1s secar las u\u00f1as con el secador incorporado. Con el sal\u00f3n de manicura GO GLAM te podr\u00e1s hacer la manicura y la pedicura desde la comodidad de tu casa, adem\u00e1s, lo puedes hacer con cualquier tama\u00f1o de u\u00f1a tanto del pie como de la mano. Funciona con 4 pilas AAA NO incluidas.","og_url":"https:\/\/www.joguinesbague.com\/es\/maquillajes-y-cosmeticos-es\/cool-maker-go-glam-salon-de-manicura\/","og_site_name":"Joguines Bagu\u00e9","article_publisher":"https:\/\/www.facebook.com\/Joguines-Bagu%c3%a9-112374270472618","article_modified_time":"2023-12-24T23:01:15+00:00","og_image":[{"width":800,"height":800,"url":"https:\/\/www.joguinesbague.com\/wp-content\/uploads\/2023\/08\/62739151_goglam_0.jpg","type":"image\/jpeg"}],"twitter_card":"summary_large_image","schema":{"@context":"https:\/\/schema.org","@graph":[{"@type":["WebPage","ItemPage"],"@id":"https:\/\/www.joguinesbague.com\/es\/maquillajes-y-cosmeticos-es\/cool-maker-go-glam-salon-de-manicura\/","url":"https:\/\/www.joguinesbague.com\/es\/maquillajes-y-cosmeticos-es\/cool-maker-go-glam-salon-de-manicura\/","name":"Cool Maker Go Glam sal\u00f3n de manicura - Joguines Bagu\u00e9","isPartOf":{"@id":"https:\/\/www.joguinesbague.com\/es\/#website"},"primaryImageOfPage":{"@id":"https:\/\/www.joguinesbague.com\/es\/maquillajes-y-cosmeticos-es\/cool-maker-go-glam-salon-de-manicura\/#primaryimage"},"image":{"@id":"https:\/\/www.joguinesbague.com\/es\/maquillajes-y-cosmeticos-es\/cool-maker-go-glam-salon-de-manicura\/#primaryimage"},"thumbnailUrl":"https:\/\/www.joguinesbague.com\/wp-content\/uploads\/2023\/08\/62739151_goglam_0.jpg","datePublished":"2023-08-31T15:39:16+00:00","dateModified":"2023-12-24T23:01:15+00:00","breadcrumb":{"@id":"https:\/\/www.joguinesbague.com\/es\/maquillajes-y-cosmeticos-es\/cool-maker-go-glam-salon-de-manicura\/#breadcrumb"},"inLanguage":"es","potentialAction":[{"@type":"ReadAction","target":["https:\/\/www.joguinesbague.com\/es\/maquillajes-y-cosmeticos-es\/cool-maker-go-glam-salon-de-manicura\/"]}]},{"@type":"ImageObject","inLanguage":"es","@id":"https:\/\/www.joguinesbague.com\/es\/maquillajes-y-cosmeticos-es\/cool-maker-go-glam-salon-de-manicura\/#primaryimage","url":"https:\/\/www.joguinesbague.com\/wp-content\/uploads\/2023\/08\/62739151_goglam_0.jpg","contentUrl":"https:\/\/www.joguinesbague.com\/wp-content\/uploads\/2023\/08\/62739151_goglam_0.jpg","width":800,"height":800},{"@type":"BreadcrumbList","@id":"https:\/\/www.joguinesbague.com\/es\/maquillajes-y-cosmeticos-es\/cool-maker-go-glam-salon-de-manicura\/#breadcrumb","itemListElement":[{"@type":"ListItem","position":1,"name":"Inicio","item":"https:\/\/www.joguinesbague.com\/es\/"},{"@type":"ListItem","position":2,"name":"Juguetes","item":"https:\/\/www.joguinesbague.com\/joguines\/"},{"@type":"ListItem","position":3,"name":"Maquillajes y cosm\u00e9ticos","item":"https:\/\/www.joguinesbague.com\/es\/maquillajes-y-cosmeticos-es\/"},{"@type":"ListItem","position":4,"name":"Cool Maker Go Glam sal\u00f3n de manicura"}]},{"@type":"WebSite","@id":"https:\/\/www.joguinesbague.com\/es\/#website","url":"https:\/\/www.joguinesbague.com\/es\/","name":"Joguines Bagu\u00e9","description":"Tienda de juguetes en la Bisbal d'Empord\u00e0","publisher":{"@id":"https:\/\/www.joguinesbague.com\/es\/#organization"},"potentialAction":[{"@type":"SearchAction","target":{"@type":"EntryPoint","urlTemplate":"https:\/\/www.joguinesbague.com\/es\/?s={search_term_string}"},"query-input":{"@type":"PropertyValueSpecification","valueRequired":true,"valueName":"search_term_string"}}],"inLanguage":"es"},{"@type":"Organization","@id":"https:\/\/www.joguinesbague.com\/es\/#organization","name":"Joguines Bagu\u00e9","url":"https:\/\/www.joguinesbague.com\/es\/","logo":{"@type":"ImageObject","inLanguage":"es","@id":"https:\/\/www.joguinesbague.com\/es\/#\/schema\/logo\/image\/","url":"https:\/\/www.joguinesbague.com\/wp-content\/uploads\/2020\/09\/AF-logotip-bague-02-e1599126400733.png","contentUrl":"https:\/\/www.joguinesbague.com\/wp-content\/uploads\/2020\/09\/AF-logotip-bague-02-e1599126400733.png","width":1024,"height":419,"caption":"Joguines Bagu\u00e9"},"image":{"@id":"https:\/\/www.joguinesbague.com\/es\/#\/schema\/logo\/image\/"},"sameAs":["https:\/\/www.facebook.com\/Joguines-Bagu\u00e9-112374270472618","https:\/\/www.instagram.com\/joguinesbague"]}]}},"brands":[{"id":250,"name":"Spin Master","slug":"spin-master-es"}],"_links":{"self":[{"href":"https:\/\/www.joguinesbague.com\/es\/wp-json\/wp\/v2\/product\/16458","targetHints":{"allow":["GET"]}}],"collection":[{"href":"https:\/\/www.joguinesbague.com\/es\/wp-json\/wp\/v2\/product"}],"about":[{"href":"https:\/\/www.joguinesbague.com\/es\/wp-json\/wp\/v2\/types\/product"}],"wp:featuredmedia":[{"embeddable":true,"href":"https:\/\/www.joguinesbague.com\/es\/wp-json\/wp\/v2\/media\/16362"}],"wp:attachment":[{"href":"https:\/\/www.joguinesbague.com\/es\/wp-json\/wp\/v2\/media?parent=16458"}],"wp:term":[{"taxonomy":"pwb-brand","embeddable":true,"href":"https:\/\/www.joguinesbague.com\/es\/wp-json\/wp\/v2\/pwb-brand?post=16458"},{"taxonomy":"product_cat","embeddable":true,"href":"https:\/\/www.joguinesbague.com\/es\/wp-json\/wp\/v2\/product_cat?post=16458"},{"taxonomy":"product_tag","embeddable":true,"href":"https:\/\/www.joguinesbague.com\/es\/wp-json\/wp\/v2\/product_tag?post=16458"}],"curies":[{"name":"wp","href":"https:\/\/api.w.org\/{rel}","templated":true}]}}