{"id":16271,"date":"2023-08-23T10:16:12","date_gmt":"2023-08-23T08:16:12","guid":{"rendered":"https:\/\/www.joguinesbague.com\/sin%20categor\u00eda\/twister-air\/"},"modified":"2026-01-08T00:37:18","modified_gmt":"2026-01-07T23:37:18","slug":"twister-air","status":"publish","type":"product","link":"https:\/\/www.joguinesbague.com\/es\/juegos-de-mesa\/twister-air\/","title":{"rendered":"Twister Air"},"content":{"rendered":"","protected":false},"excerpt":{"rendered":"<p>\u00a1Lleva tus movimientos del tapete a la pantalla con el nuevo juego Twister Air!<br \/>\nPara empezar, descarga la App gratuita Twister Air y coloca un dispositivo inteligente en el soporte incluido. \u00a1Luego los jugadores se colocan las bandas de colores en las mu\u00f1ecas y tobillos para estar preparados para la acci\u00f3n! Con la m\u00fasica sonando, los jugadores mueven el cuerpo para intentar hacer coincidir sus bandas con la posici\u00f3n de los c\u00edrculos de colores en la pantalla.<br \/>\nSin duda un juego que te har\u00e1 re\u00edr y pasarlo bien.<\/p>\n","protected":false},"featured_media":16075,"template":"","meta":{"_acf_changed":false},"pwb-brand":[175],"product_cat":[415,305,149,311],"product_tag":[],"class_list":{"0":"post-16271","1":"product","2":"type-product","3":"status-publish","4":"has-post-thumbnail","6":"pwb-brand-hasbro-es","7":"product_cat-7-8-anos","8":"product_cat-juegos-de-habilidad","9":"product_cat-juegos-de-mesa","10":"product_cat-juegos-en-familia","12":"first","13":"instock","14":"shipping-taxable","15":"purchasable","16":"product-type-simple"},"acf":[],"yoast_head":"<!-- This site is optimized with the Yoast SEO plugin v27.2 - https:\/\/yoast.com\/product\/yoast-seo-wordpress\/ -->\n<title>Twister Air - Joguines Bagu\u00e9<\/title>\n<meta name=\"robots\" content=\"index, follow, max-snippet:-1, max-image-preview:large, max-video-preview:-1\" \/>\n<link rel=\"canonical\" href=\"https:\/\/www.joguinesbague.com\/es\/juegos-de-mesa\/twister-air\/\" \/>\n<meta property=\"og:locale\" content=\"es_ES\" \/>\n<meta property=\"og:type\" content=\"article\" \/>\n<meta property=\"og:title\" content=\"Twister Air - Joguines Bagu\u00e9\" \/>\n<meta property=\"og:description\" content=\"\u00a1Lleva tus movimientos del tapete a la pantalla con el nuevo juego Twister Air! Para empezar, descarga la App gratuita Twister Air y coloca un dispositivo inteligente en el soporte incluido. \u00a1Luego los jugadores se colocan las bandas de colores en las mu\u00f1ecas y tobillos para estar preparados para la acci\u00f3n! Con la m\u00fasica sonando, los jugadores mueven el cuerpo para intentar hacer coincidir sus bandas con la posici\u00f3n de los c\u00edrculos de colores en la pantalla. Sin duda un juego que te har\u00e1 re\u00edr y pasarlo bien.\" \/>\n<meta property=\"og:url\" content=\"https:\/\/www.joguinesbague.com\/es\/juegos-de-mesa\/twister-air\/\" \/>\n<meta property=\"og:site_name\" content=\"Joguines Bagu\u00e9\" \/>\n<meta property=\"article:publisher\" content=\"https:\/\/www.facebook.com\/Joguines-Bagu%c3%a9-112374270472618\" \/>\n<meta property=\"article:modified_time\" content=\"2026-01-07T23:37:18+00:00\" \/>\n<meta property=\"og:image\" content=\"https:\/\/www.joguinesbague.com\/wp-content\/uploads\/2023\/08\/25514934_twisterair_0.jpg\" \/>\n\t<meta property=\"og:image:width\" content=\"800\" \/>\n\t<meta property=\"og:image:height\" content=\"800\" \/>\n\t<meta property=\"og:image:type\" content=\"image\/jpeg\" \/>\n<meta name=\"twitter:card\" content=\"summary_large_image\" \/>\n<script type=\"application\/ld+json\" class=\"yoast-schema-graph\">{\"@context\":\"https:\/\/schema.org\",\"@graph\":[{\"@type\":[\"WebPage\",\"ItemPage\"],\"@id\":\"https:\/\/www.joguinesbague.com\/es\/juegos-de-mesa\/twister-air\/\",\"url\":\"https:\/\/www.joguinesbague.com\/es\/juegos-de-mesa\/twister-air\/\",\"name\":\"Twister Air - Joguines Bagu\u00e9\",\"isPartOf\":{\"@id\":\"https:\/\/www.joguinesbague.com\/es\/#website\"},\"primaryImageOfPage\":{\"@id\":\"https:\/\/www.joguinesbague.com\/es\/juegos-de-mesa\/twister-air\/#primaryimage\"},\"image\":{\"@id\":\"https:\/\/www.joguinesbague.com\/es\/juegos-de-mesa\/twister-air\/#primaryimage\"},\"thumbnailUrl\":\"https:\/\/www.joguinesbague.com\/wp-content\/uploads\/2023\/08\/25514934_twisterair_0.jpg\",\"datePublished\":\"2023-08-23T08:16:12+00:00\",\"dateModified\":\"2026-01-07T23:37:18+00:00\",\"breadcrumb\":{\"@id\":\"https:\/\/www.joguinesbague.com\/es\/juegos-de-mesa\/twister-air\/#breadcrumb\"},\"inLanguage\":\"es\",\"potentialAction\":[{\"@type\":\"ReadAction\",\"target\":[\"https:\/\/www.joguinesbague.com\/es\/juegos-de-mesa\/twister-air\/\"]}]},{\"@type\":\"ImageObject\",\"inLanguage\":\"es\",\"@id\":\"https:\/\/www.joguinesbague.com\/es\/juegos-de-mesa\/twister-air\/#primaryimage\",\"url\":\"https:\/\/www.joguinesbague.com\/wp-content\/uploads\/2023\/08\/25514934_twisterair_0.jpg\",\"contentUrl\":\"https:\/\/www.joguinesbague.com\/wp-content\/uploads\/2023\/08\/25514934_twisterair_0.jpg\",\"width\":800,\"height\":800},{\"@type\":\"BreadcrumbList\",\"@id\":\"https:\/\/www.joguinesbague.com\/es\/juegos-de-mesa\/twister-air\/#breadcrumb\",\"itemListElement\":[{\"@type\":\"ListItem\",\"position\":1,\"name\":\"Inicio\",\"item\":\"https:\/\/www.joguinesbague.com\/es\/\"},{\"@type\":\"ListItem\",\"position\":2,\"name\":\"Juguetes\",\"item\":\"https:\/\/www.joguinesbague.com\/joguines\/\"},{\"@type\":\"ListItem\",\"position\":3,\"name\":\"Juegos de mesa\",\"item\":\"https:\/\/www.joguinesbague.com\/es\/juegos-de-mesa\/\"},{\"@type\":\"ListItem\",\"position\":4,\"name\":\"Twister Air\"}]},{\"@type\":\"WebSite\",\"@id\":\"https:\/\/www.joguinesbague.com\/es\/#website\",\"url\":\"https:\/\/www.joguinesbague.com\/es\/\",\"name\":\"Joguines Bagu\u00e9\",\"description\":\"Tienda de juguetes en la Bisbal d'Empord\u00e0\",\"publisher\":{\"@id\":\"https:\/\/www.joguinesbague.com\/es\/#organization\"},\"potentialAction\":[{\"@type\":\"SearchAction\",\"target\":{\"@type\":\"EntryPoint\",\"urlTemplate\":\"https:\/\/www.joguinesbague.com\/es\/?s={search_term_string}\"},\"query-input\":{\"@type\":\"PropertyValueSpecification\",\"valueRequired\":true,\"valueName\":\"search_term_string\"}}],\"inLanguage\":\"es\"},{\"@type\":\"Organization\",\"@id\":\"https:\/\/www.joguinesbague.com\/es\/#organization\",\"name\":\"Joguines Bagu\u00e9\",\"url\":\"https:\/\/www.joguinesbague.com\/es\/\",\"logo\":{\"@type\":\"ImageObject\",\"inLanguage\":\"es\",\"@id\":\"https:\/\/www.joguinesbague.com\/es\/#\/schema\/logo\/image\/\",\"url\":\"https:\/\/www.joguinesbague.com\/wp-content\/uploads\/2020\/09\/AF-logotip-bague-02-e1599126400733.png\",\"contentUrl\":\"https:\/\/www.joguinesbague.com\/wp-content\/uploads\/2020\/09\/AF-logotip-bague-02-e1599126400733.png\",\"width\":1024,\"height\":419,\"caption\":\"Joguines Bagu\u00e9\"},\"image\":{\"@id\":\"https:\/\/www.joguinesbague.com\/es\/#\/schema\/logo\/image\/\"},\"sameAs\":[\"https:\/\/www.facebook.com\/Joguines-Bagu\u00e9-112374270472618\",\"https:\/\/www.instagram.com\/joguinesbague\"]}]}<\/script>\n<!-- \/ Yoast SEO plugin. -->","yoast_head_json":{"title":"Twister Air - Joguines Bagu\u00e9","robots":{"index":"index","follow":"follow","max-snippet":"max-snippet:-1","max-image-preview":"max-image-preview:large","max-video-preview":"max-video-preview:-1"},"canonical":"https:\/\/www.joguinesbague.com\/es\/juegos-de-mesa\/twister-air\/","og_locale":"es_ES","og_type":"article","og_title":"Twister Air - Joguines Bagu\u00e9","og_description":"\u00a1Lleva tus movimientos del tapete a la pantalla con el nuevo juego Twister Air! Para empezar, descarga la App gratuita Twister Air y coloca un dispositivo inteligente en el soporte incluido. \u00a1Luego los jugadores se colocan las bandas de colores en las mu\u00f1ecas y tobillos para estar preparados para la acci\u00f3n! Con la m\u00fasica sonando, los jugadores mueven el cuerpo para intentar hacer coincidir sus bandas con la posici\u00f3n de los c\u00edrculos de colores en la pantalla. Sin duda un juego que te har\u00e1 re\u00edr y pasarlo bien.","og_url":"https:\/\/www.joguinesbague.com\/es\/juegos-de-mesa\/twister-air\/","og_site_name":"Joguines Bagu\u00e9","article_publisher":"https:\/\/www.facebook.com\/Joguines-Bagu%c3%a9-112374270472618","article_modified_time":"2026-01-07T23:37:18+00:00","og_image":[{"width":800,"height":800,"url":"https:\/\/www.joguinesbague.com\/wp-content\/uploads\/2023\/08\/25514934_twisterair_0.jpg","type":"image\/jpeg"}],"twitter_card":"summary_large_image","schema":{"@context":"https:\/\/schema.org","@graph":[{"@type":["WebPage","ItemPage"],"@id":"https:\/\/www.joguinesbague.com\/es\/juegos-de-mesa\/twister-air\/","url":"https:\/\/www.joguinesbague.com\/es\/juegos-de-mesa\/twister-air\/","name":"Twister Air - Joguines Bagu\u00e9","isPartOf":{"@id":"https:\/\/www.joguinesbague.com\/es\/#website"},"primaryImageOfPage":{"@id":"https:\/\/www.joguinesbague.com\/es\/juegos-de-mesa\/twister-air\/#primaryimage"},"image":{"@id":"https:\/\/www.joguinesbague.com\/es\/juegos-de-mesa\/twister-air\/#primaryimage"},"thumbnailUrl":"https:\/\/www.joguinesbague.com\/wp-content\/uploads\/2023\/08\/25514934_twisterair_0.jpg","datePublished":"2023-08-23T08:16:12+00:00","dateModified":"2026-01-07T23:37:18+00:00","breadcrumb":{"@id":"https:\/\/www.joguinesbague.com\/es\/juegos-de-mesa\/twister-air\/#breadcrumb"},"inLanguage":"es","potentialAction":[{"@type":"ReadAction","target":["https:\/\/www.joguinesbague.com\/es\/juegos-de-mesa\/twister-air\/"]}]},{"@type":"ImageObject","inLanguage":"es","@id":"https:\/\/www.joguinesbague.com\/es\/juegos-de-mesa\/twister-air\/#primaryimage","url":"https:\/\/www.joguinesbague.com\/wp-content\/uploads\/2023\/08\/25514934_twisterair_0.jpg","contentUrl":"https:\/\/www.joguinesbague.com\/wp-content\/uploads\/2023\/08\/25514934_twisterair_0.jpg","width":800,"height":800},{"@type":"BreadcrumbList","@id":"https:\/\/www.joguinesbague.com\/es\/juegos-de-mesa\/twister-air\/#breadcrumb","itemListElement":[{"@type":"ListItem","position":1,"name":"Inicio","item":"https:\/\/www.joguinesbague.com\/es\/"},{"@type":"ListItem","position":2,"name":"Juguetes","item":"https:\/\/www.joguinesbague.com\/joguines\/"},{"@type":"ListItem","position":3,"name":"Juegos de mesa","item":"https:\/\/www.joguinesbague.com\/es\/juegos-de-mesa\/"},{"@type":"ListItem","position":4,"name":"Twister Air"}]},{"@type":"WebSite","@id":"https:\/\/www.joguinesbague.com\/es\/#website","url":"https:\/\/www.joguinesbague.com\/es\/","name":"Joguines Bagu\u00e9","description":"Tienda de juguetes en la Bisbal d'Empord\u00e0","publisher":{"@id":"https:\/\/www.joguinesbague.com\/es\/#organization"},"potentialAction":[{"@type":"SearchAction","target":{"@type":"EntryPoint","urlTemplate":"https:\/\/www.joguinesbague.com\/es\/?s={search_term_string}"},"query-input":{"@type":"PropertyValueSpecification","valueRequired":true,"valueName":"search_term_string"}}],"inLanguage":"es"},{"@type":"Organization","@id":"https:\/\/www.joguinesbague.com\/es\/#organization","name":"Joguines Bagu\u00e9","url":"https:\/\/www.joguinesbague.com\/es\/","logo":{"@type":"ImageObject","inLanguage":"es","@id":"https:\/\/www.joguinesbague.com\/es\/#\/schema\/logo\/image\/","url":"https:\/\/www.joguinesbague.com\/wp-content\/uploads\/2020\/09\/AF-logotip-bague-02-e1599126400733.png","contentUrl":"https:\/\/www.joguinesbague.com\/wp-content\/uploads\/2020\/09\/AF-logotip-bague-02-e1599126400733.png","width":1024,"height":419,"caption":"Joguines Bagu\u00e9"},"image":{"@id":"https:\/\/www.joguinesbague.com\/es\/#\/schema\/logo\/image\/"},"sameAs":["https:\/\/www.facebook.com\/Joguines-Bagu\u00e9-112374270472618","https:\/\/www.instagram.com\/joguinesbague"]}]}},"brands":[{"id":175,"name":"Hasbro","slug":"hasbro-es"}],"_links":{"self":[{"href":"https:\/\/www.joguinesbague.com\/es\/wp-json\/wp\/v2\/product\/16271","targetHints":{"allow":["GET"]}}],"collection":[{"href":"https:\/\/www.joguinesbague.com\/es\/wp-json\/wp\/v2\/product"}],"about":[{"href":"https:\/\/www.joguinesbague.com\/es\/wp-json\/wp\/v2\/types\/product"}],"wp:featuredmedia":[{"embeddable":true,"href":"https:\/\/www.joguinesbague.com\/es\/wp-json\/wp\/v2\/media\/16075"}],"wp:attachment":[{"href":"https:\/\/www.joguinesbague.com\/es\/wp-json\/wp\/v2\/media?parent=16271"}],"wp:term":[{"taxonomy":"pwb-brand","embeddable":true,"href":"https:\/\/www.joguinesbague.com\/es\/wp-json\/wp\/v2\/pwb-brand?post=16271"},{"taxonomy":"product_cat","embeddable":true,"href":"https:\/\/www.joguinesbague.com\/es\/wp-json\/wp\/v2\/product_cat?post=16271"},{"taxonomy":"product_tag","embeddable":true,"href":"https:\/\/www.joguinesbague.com\/es\/wp-json\/wp\/v2\/product_tag?post=16271"}],"curies":[{"name":"wp","href":"https:\/\/api.w.org\/{rel}","templated":true}]}}