{"id":16073,"date":"2023-08-22T09:27:40","date_gmt":"2023-08-22T07:27:40","guid":{"rendered":"https:\/\/www.joguinesbague.com\/sin%20categor\u00eda\/16073\/"},"modified":"2023-08-22T09:30:04","modified_gmt":"2023-08-22T07:30:04","slug":"little-unicorn-estuche-maquillaje-3-niveles","status":"publish","type":"product","link":"https:\/\/www.joguinesbague.com\/es\/maquillajes-y-cosmeticos-es\/little-unicorn-estuche-maquillaje-3-niveles\/","title":{"rendered":"Little Unicorn &#8211; Estuche maquillaje 3 niveles"},"content":{"rendered":"","protected":false},"excerpt":{"rendered":"<p>Estuche met\u00e1lico de tres niveles lleno de maquillaje y complementos para el pelo. Incluye once sombras de ojos, once brillos labiales, tres colas de pelo, dos pinzas, dos aplicadores y pegatinas para decorar.<br \/>\nLos productos Martinelia est\u00e1n especialmente dise\u00f1ados para ni\u00f1os y ni\u00f1as, no contienen qu\u00edmicos ni parabenos y pueden limpiarse con agua tibia.<\/p>\n","protected":false},"featured_media":16037,"template":"","meta":{"_acf_changed":false},"pwb-brand":[315],"product_cat":[318],"product_tag":[],"class_list":{"0":"post-16073","1":"product","2":"type-product","3":"status-publish","4":"has-post-thumbnail","6":"pwb-brand-martinelia-es","7":"product_cat-maquillajes-y-cosmeticos-es","9":"first","10":"outofstock","11":"shipping-taxable","12":"purchasable","13":"product-type-simple"},"acf":[],"yoast_head":"<!-- This site is optimized with the Yoast SEO plugin v27.2 - https:\/\/yoast.com\/product\/yoast-seo-wordpress\/ -->\n<title>Little Unicorn - Estuche maquillaje 3 niveles - Joguines Bagu\u00e9<\/title>\n<meta name=\"robots\" content=\"index, follow, max-snippet:-1, max-image-preview:large, max-video-preview:-1\" \/>\n<link rel=\"canonical\" href=\"https:\/\/www.joguinesbague.com\/es\/maquillajes-y-cosmeticos-es\/little-unicorn-estuche-maquillaje-3-niveles\/\" \/>\n<meta property=\"og:locale\" content=\"es_ES\" \/>\n<meta property=\"og:type\" content=\"article\" \/>\n<meta property=\"og:title\" content=\"Little Unicorn - Estuche maquillaje 3 niveles - Joguines Bagu\u00e9\" \/>\n<meta property=\"og:description\" content=\"Estuche met\u00e1lico de tres niveles lleno de maquillaje y complementos para el pelo. Incluye once sombras de ojos, once brillos labiales, tres colas de pelo, dos pinzas, dos aplicadores y pegatinas para decorar. Los productos Martinelia est\u00e1n especialmente dise\u00f1ados para ni\u00f1os y ni\u00f1as, no contienen qu\u00edmicos ni parabenos y pueden limpiarse con agua tibia.\" \/>\n<meta property=\"og:url\" content=\"https:\/\/www.joguinesbague.com\/es\/maquillajes-y-cosmeticos-es\/little-unicorn-estuche-maquillaje-3-niveles\/\" \/>\n<meta property=\"og:site_name\" content=\"Joguines Bagu\u00e9\" \/>\n<meta property=\"article:publisher\" content=\"https:\/\/www.facebook.com\/Joguines-Bagu%c3%a9-112374270472618\" \/>\n<meta property=\"article:modified_time\" content=\"2023-08-22T07:30:04+00:00\" \/>\n<meta property=\"og:image\" content=\"https:\/\/www.joguinesbague.com\/wp-content\/uploads\/2023\/08\/74939023_estoigmaquillatge_1.jpg\" \/>\n\t<meta property=\"og:image:width\" content=\"800\" \/>\n\t<meta property=\"og:image:height\" content=\"800\" \/>\n\t<meta property=\"og:image:type\" content=\"image\/jpeg\" \/>\n<meta name=\"twitter:card\" content=\"summary_large_image\" \/>\n<script type=\"application\/ld+json\" class=\"yoast-schema-graph\">{\"@context\":\"https:\/\/schema.org\",\"@graph\":[{\"@type\":[\"WebPage\",\"ItemPage\"],\"@id\":\"https:\/\/www.joguinesbague.com\/es\/maquillajes-y-cosmeticos-es\/little-unicorn-estuche-maquillaje-3-niveles\/\",\"url\":\"https:\/\/www.joguinesbague.com\/es\/maquillajes-y-cosmeticos-es\/little-unicorn-estuche-maquillaje-3-niveles\/\",\"name\":\"Little Unicorn - Estuche maquillaje 3 niveles - Joguines Bagu\u00e9\",\"isPartOf\":{\"@id\":\"https:\/\/www.joguinesbague.com\/es\/#website\"},\"primaryImageOfPage\":{\"@id\":\"https:\/\/www.joguinesbague.com\/es\/maquillajes-y-cosmeticos-es\/little-unicorn-estuche-maquillaje-3-niveles\/#primaryimage\"},\"image\":{\"@id\":\"https:\/\/www.joguinesbague.com\/es\/maquillajes-y-cosmeticos-es\/little-unicorn-estuche-maquillaje-3-niveles\/#primaryimage\"},\"thumbnailUrl\":\"https:\/\/www.joguinesbague.com\/wp-content\/uploads\/2023\/08\/74939023_estoigmaquillatge_1.jpg\",\"datePublished\":\"2023-08-22T07:27:40+00:00\",\"dateModified\":\"2023-08-22T07:30:04+00:00\",\"breadcrumb\":{\"@id\":\"https:\/\/www.joguinesbague.com\/es\/maquillajes-y-cosmeticos-es\/little-unicorn-estuche-maquillaje-3-niveles\/#breadcrumb\"},\"inLanguage\":\"es\",\"potentialAction\":[{\"@type\":\"ReadAction\",\"target\":[\"https:\/\/www.joguinesbague.com\/es\/maquillajes-y-cosmeticos-es\/little-unicorn-estuche-maquillaje-3-niveles\/\"]}]},{\"@type\":\"ImageObject\",\"inLanguage\":\"es\",\"@id\":\"https:\/\/www.joguinesbague.com\/es\/maquillajes-y-cosmeticos-es\/little-unicorn-estuche-maquillaje-3-niveles\/#primaryimage\",\"url\":\"https:\/\/www.joguinesbague.com\/wp-content\/uploads\/2023\/08\/74939023_estoigmaquillatge_1.jpg\",\"contentUrl\":\"https:\/\/www.joguinesbague.com\/wp-content\/uploads\/2023\/08\/74939023_estoigmaquillatge_1.jpg\",\"width\":800,\"height\":800},{\"@type\":\"BreadcrumbList\",\"@id\":\"https:\/\/www.joguinesbague.com\/es\/maquillajes-y-cosmeticos-es\/little-unicorn-estuche-maquillaje-3-niveles\/#breadcrumb\",\"itemListElement\":[{\"@type\":\"ListItem\",\"position\":1,\"name\":\"Inicio\",\"item\":\"https:\/\/www.joguinesbague.com\/es\/\"},{\"@type\":\"ListItem\",\"position\":2,\"name\":\"Juguetes\",\"item\":\"https:\/\/www.joguinesbague.com\/joguines\/\"},{\"@type\":\"ListItem\",\"position\":3,\"name\":\"Maquillajes y cosm\u00e9ticos\",\"item\":\"https:\/\/www.joguinesbague.com\/es\/maquillajes-y-cosmeticos-es\/\"},{\"@type\":\"ListItem\",\"position\":4,\"name\":\"Little Unicorn &#8211; Estuche maquillaje 3 niveles\"}]},{\"@type\":\"WebSite\",\"@id\":\"https:\/\/www.joguinesbague.com\/es\/#website\",\"url\":\"https:\/\/www.joguinesbague.com\/es\/\",\"name\":\"Joguines Bagu\u00e9\",\"description\":\"Tienda de juguetes en la Bisbal d'Empord\u00e0\",\"publisher\":{\"@id\":\"https:\/\/www.joguinesbague.com\/es\/#organization\"},\"potentialAction\":[{\"@type\":\"SearchAction\",\"target\":{\"@type\":\"EntryPoint\",\"urlTemplate\":\"https:\/\/www.joguinesbague.com\/es\/?s={search_term_string}\"},\"query-input\":{\"@type\":\"PropertyValueSpecification\",\"valueRequired\":true,\"valueName\":\"search_term_string\"}}],\"inLanguage\":\"es\"},{\"@type\":\"Organization\",\"@id\":\"https:\/\/www.joguinesbague.com\/es\/#organization\",\"name\":\"Joguines Bagu\u00e9\",\"url\":\"https:\/\/www.joguinesbague.com\/es\/\",\"logo\":{\"@type\":\"ImageObject\",\"inLanguage\":\"es\",\"@id\":\"https:\/\/www.joguinesbague.com\/es\/#\/schema\/logo\/image\/\",\"url\":\"https:\/\/www.joguinesbague.com\/wp-content\/uploads\/2020\/09\/AF-logotip-bague-02-e1599126400733.png\",\"contentUrl\":\"https:\/\/www.joguinesbague.com\/wp-content\/uploads\/2020\/09\/AF-logotip-bague-02-e1599126400733.png\",\"width\":1024,\"height\":419,\"caption\":\"Joguines Bagu\u00e9\"},\"image\":{\"@id\":\"https:\/\/www.joguinesbague.com\/es\/#\/schema\/logo\/image\/\"},\"sameAs\":[\"https:\/\/www.facebook.com\/Joguines-Bagu\u00e9-112374270472618\",\"https:\/\/www.instagram.com\/joguinesbague\"]}]}<\/script>\n<!-- \/ Yoast SEO plugin. -->","yoast_head_json":{"title":"Little Unicorn - Estuche maquillaje 3 niveles - Joguines Bagu\u00e9","robots":{"index":"index","follow":"follow","max-snippet":"max-snippet:-1","max-image-preview":"max-image-preview:large","max-video-preview":"max-video-preview:-1"},"canonical":"https:\/\/www.joguinesbague.com\/es\/maquillajes-y-cosmeticos-es\/little-unicorn-estuche-maquillaje-3-niveles\/","og_locale":"es_ES","og_type":"article","og_title":"Little Unicorn - Estuche maquillaje 3 niveles - Joguines Bagu\u00e9","og_description":"Estuche met\u00e1lico de tres niveles lleno de maquillaje y complementos para el pelo. Incluye once sombras de ojos, once brillos labiales, tres colas de pelo, dos pinzas, dos aplicadores y pegatinas para decorar. Los productos Martinelia est\u00e1n especialmente dise\u00f1ados para ni\u00f1os y ni\u00f1as, no contienen qu\u00edmicos ni parabenos y pueden limpiarse con agua tibia.","og_url":"https:\/\/www.joguinesbague.com\/es\/maquillajes-y-cosmeticos-es\/little-unicorn-estuche-maquillaje-3-niveles\/","og_site_name":"Joguines Bagu\u00e9","article_publisher":"https:\/\/www.facebook.com\/Joguines-Bagu%c3%a9-112374270472618","article_modified_time":"2023-08-22T07:30:04+00:00","og_image":[{"width":800,"height":800,"url":"https:\/\/www.joguinesbague.com\/wp-content\/uploads\/2023\/08\/74939023_estoigmaquillatge_1.jpg","type":"image\/jpeg"}],"twitter_card":"summary_large_image","schema":{"@context":"https:\/\/schema.org","@graph":[{"@type":["WebPage","ItemPage"],"@id":"https:\/\/www.joguinesbague.com\/es\/maquillajes-y-cosmeticos-es\/little-unicorn-estuche-maquillaje-3-niveles\/","url":"https:\/\/www.joguinesbague.com\/es\/maquillajes-y-cosmeticos-es\/little-unicorn-estuche-maquillaje-3-niveles\/","name":"Little Unicorn - Estuche maquillaje 3 niveles - Joguines Bagu\u00e9","isPartOf":{"@id":"https:\/\/www.joguinesbague.com\/es\/#website"},"primaryImageOfPage":{"@id":"https:\/\/www.joguinesbague.com\/es\/maquillajes-y-cosmeticos-es\/little-unicorn-estuche-maquillaje-3-niveles\/#primaryimage"},"image":{"@id":"https:\/\/www.joguinesbague.com\/es\/maquillajes-y-cosmeticos-es\/little-unicorn-estuche-maquillaje-3-niveles\/#primaryimage"},"thumbnailUrl":"https:\/\/www.joguinesbague.com\/wp-content\/uploads\/2023\/08\/74939023_estoigmaquillatge_1.jpg","datePublished":"2023-08-22T07:27:40+00:00","dateModified":"2023-08-22T07:30:04+00:00","breadcrumb":{"@id":"https:\/\/www.joguinesbague.com\/es\/maquillajes-y-cosmeticos-es\/little-unicorn-estuche-maquillaje-3-niveles\/#breadcrumb"},"inLanguage":"es","potentialAction":[{"@type":"ReadAction","target":["https:\/\/www.joguinesbague.com\/es\/maquillajes-y-cosmeticos-es\/little-unicorn-estuche-maquillaje-3-niveles\/"]}]},{"@type":"ImageObject","inLanguage":"es","@id":"https:\/\/www.joguinesbague.com\/es\/maquillajes-y-cosmeticos-es\/little-unicorn-estuche-maquillaje-3-niveles\/#primaryimage","url":"https:\/\/www.joguinesbague.com\/wp-content\/uploads\/2023\/08\/74939023_estoigmaquillatge_1.jpg","contentUrl":"https:\/\/www.joguinesbague.com\/wp-content\/uploads\/2023\/08\/74939023_estoigmaquillatge_1.jpg","width":800,"height":800},{"@type":"BreadcrumbList","@id":"https:\/\/www.joguinesbague.com\/es\/maquillajes-y-cosmeticos-es\/little-unicorn-estuche-maquillaje-3-niveles\/#breadcrumb","itemListElement":[{"@type":"ListItem","position":1,"name":"Inicio","item":"https:\/\/www.joguinesbague.com\/es\/"},{"@type":"ListItem","position":2,"name":"Juguetes","item":"https:\/\/www.joguinesbague.com\/joguines\/"},{"@type":"ListItem","position":3,"name":"Maquillajes y cosm\u00e9ticos","item":"https:\/\/www.joguinesbague.com\/es\/maquillajes-y-cosmeticos-es\/"},{"@type":"ListItem","position":4,"name":"Little Unicorn &#8211; Estuche maquillaje 3 niveles"}]},{"@type":"WebSite","@id":"https:\/\/www.joguinesbague.com\/es\/#website","url":"https:\/\/www.joguinesbague.com\/es\/","name":"Joguines Bagu\u00e9","description":"Tienda de juguetes en la Bisbal d'Empord\u00e0","publisher":{"@id":"https:\/\/www.joguinesbague.com\/es\/#organization"},"potentialAction":[{"@type":"SearchAction","target":{"@type":"EntryPoint","urlTemplate":"https:\/\/www.joguinesbague.com\/es\/?s={search_term_string}"},"query-input":{"@type":"PropertyValueSpecification","valueRequired":true,"valueName":"search_term_string"}}],"inLanguage":"es"},{"@type":"Organization","@id":"https:\/\/www.joguinesbague.com\/es\/#organization","name":"Joguines Bagu\u00e9","url":"https:\/\/www.joguinesbague.com\/es\/","logo":{"@type":"ImageObject","inLanguage":"es","@id":"https:\/\/www.joguinesbague.com\/es\/#\/schema\/logo\/image\/","url":"https:\/\/www.joguinesbague.com\/wp-content\/uploads\/2020\/09\/AF-logotip-bague-02-e1599126400733.png","contentUrl":"https:\/\/www.joguinesbague.com\/wp-content\/uploads\/2020\/09\/AF-logotip-bague-02-e1599126400733.png","width":1024,"height":419,"caption":"Joguines Bagu\u00e9"},"image":{"@id":"https:\/\/www.joguinesbague.com\/es\/#\/schema\/logo\/image\/"},"sameAs":["https:\/\/www.facebook.com\/Joguines-Bagu\u00e9-112374270472618","https:\/\/www.instagram.com\/joguinesbague"]}]}},"brands":[{"id":315,"name":"Martinelia","slug":"martinelia-es"}],"_links":{"self":[{"href":"https:\/\/www.joguinesbague.com\/es\/wp-json\/wp\/v2\/product\/16073","targetHints":{"allow":["GET"]}}],"collection":[{"href":"https:\/\/www.joguinesbague.com\/es\/wp-json\/wp\/v2\/product"}],"about":[{"href":"https:\/\/www.joguinesbague.com\/es\/wp-json\/wp\/v2\/types\/product"}],"wp:featuredmedia":[{"embeddable":true,"href":"https:\/\/www.joguinesbague.com\/es\/wp-json\/wp\/v2\/media\/16037"}],"wp:attachment":[{"href":"https:\/\/www.joguinesbague.com\/es\/wp-json\/wp\/v2\/media?parent=16073"}],"wp:term":[{"taxonomy":"pwb-brand","embeddable":true,"href":"https:\/\/www.joguinesbague.com\/es\/wp-json\/wp\/v2\/pwb-brand?post=16073"},{"taxonomy":"product_cat","embeddable":true,"href":"https:\/\/www.joguinesbague.com\/es\/wp-json\/wp\/v2\/product_cat?post=16073"},{"taxonomy":"product_tag","embeddable":true,"href":"https:\/\/www.joguinesbague.com\/es\/wp-json\/wp\/v2\/product_tag?post=16073"}],"curies":[{"name":"wp","href":"https:\/\/api.w.org\/{rel}","templated":true}]}}